{"id":7204,"date":"2025-12-02T07:01:30","date_gmt":"2025-12-02T07:01:30","guid":{"rendered":"https:\/\/vozolvapen.de\/?page_id=7204"},"modified":"2025-12-02T07:02:11","modified_gmt":"2025-12-02T07:02:11","slug":"shipping-and-tracking","status":"publish","type":"page","link":"http:\/\/vozolvapen.de\/pl\/shipping-and-tracking\/","title":{"rendered":"Wysy\u0142ka i \u015bledzenie"},"content":{"rendered":"<h3 class=\"wp-block-heading\"><strong>Wysy\u0142ka na ca\u0142y \u015bwiat<\/strong><\/h3>\n\n\n\n<p>Oferujemy <strong>Szybka i niezawodna wysy\u0142ka na ca\u0142y \u015bwiat<\/strong>, obejmuj\u0105cy Europ\u0119, Ameryk\u0119 P\u00f3\u0142nocn\u0105 i nie tylko, w tym Stany Zjednoczone, Wielk\u0105 Brytani\u0119, Niemcy, Francj\u0119, W\u0142ochy, Hiszpani\u0119, Holandi\u0119, Belgi\u0119, Portugali\u0119, Szwecj\u0119, Polsk\u0119 i nie tylko.<\/p>\n\n\n\n<ul class=\"wp-block-list\">\n<li><strong>Z magazynu UE:<\/strong> 1-3 dni robocze<\/li>\n\n\n\n<li><strong>Od China Warehouse:<\/strong> 10-15 dni roboczych<\/li>\n<\/ul>\n\n\n\n<p>Wszystkie zam\u00f3wienia wykorzystuj\u0105 <strong>DDP (Delivered Duty Paid)<\/strong> wysy\u0142ka, znaczenie <strong>Brak dodatkowych op\u0142at celnych lub podatk\u00f3w importowych<\/strong>.<\/p>\n\n\n\n<hr class=\"wp-block-separator has-alpha-channel-opacity\"\/>\n\n\n\n<h3 class=\"wp-block-heading\"><strong>\u015aledzenie zam\u00f3wie\u0144<\/strong><\/h3>\n\n\n\n<p>Gdy zam\u00f3wienie zostanie wys\u0142ane, otrzymasz wiadomo\u015b\u0107 <strong>numer \u015bledzenia za po\u015brednictwem wiadomo\u015bci e-mail lub wiadomo\u015bci<\/strong>. Za pomoc\u0105 tego numeru mo\u017cna monitorowa\u0107 przesy\u0142k\u0119 bezpo\u015brednio na stronie internetowej kuriera.<\/p>\n\n\n\n<p><strong>Uwaga:<\/strong> Aktualizacje \u015bledzenia mog\u0105 pojawi\u0107 si\u0119 po 1-2 dniach roboczych od wysy\u0142ki.<\/p>\n\n\n\n<p>Je\u015bli wyst\u0105pi\u0105 jakiekolwiek problemy ze \u015bledzeniem, skontaktuj si\u0119 z nami <strong>zesp\u00f3\u0142 obs\u0142ugi klienta<\/strong> przez e-mail lub WhatsApp - ch\u0119tnie pomo\u017cemy.<\/p>\n\n\n\n<hr class=\"wp-block-separator has-alpha-channel-opacity\"\/>\n\n\n\n<h3 class=\"wp-block-heading\"><strong>Wiele pakiet\u00f3w<\/strong><\/h3>\n\n\n\n<p>O ile to mo\u017cliwe, wszystkie produkty wysy\u0142amy w <strong>jeden pakiet<\/strong> dla szybszej dostawy.<br>Je\u015bli zam\u00f3wienie obejmuje produkty z <strong>r\u00f3\u017cne magazyny<\/strong>, mog\u0105 zosta\u0107 dostarczone oddzielnie, ka\u017cdy z w\u0142asnym numerem przesy\u0142ki.<\/p>\n\n\n\n<hr class=\"wp-block-separator has-alpha-channel-opacity\"\/>\n\n\n\n<h3 class=\"wp-block-heading\"><strong>Potrzebujesz pomocy?<\/strong><\/h3>\n\n\n\n<p>W przypadku pyta\u0144 dotycz\u0105cych wysy\u0142ki lub \u015bledzenia, skontaktuj si\u0119 z nami pod adresem:<\/p>\n\n\n\n<ul class=\"wp-block-list\">\n<li><strong>E-mail:<\/strong> <a>support@vozolvapen.com<\/a><\/li>\n\n\n\n<li><strong>WhatsApp:<\/strong> +86 18024174651<\/li>\n<\/ul>\n\n\n\n<p><\/p>","protected":false},"excerpt":{"rendered":"<p>Worldwide Shipping We offer fast and reliable shipping worldwide, covering Europe, North America, and beyond, including the US, UK, Germany, France, Italy, Spain, Netherlands, Belgium, Portugal, Sweden, Poland, and more. All orders use DDP (Delivered Duty Paid) shipping, meaning no extra customs fees or import taxes. Order Tracking Once your order has been shipped, you\u2019ll [&hellip;]<\/p>\n","protected":false},"author":1,"featured_media":0,"parent":0,"menu_order":0,"comment_status":"closed","ping_status":"closed","template":"","meta":{"_acf_changed":false,"footnotes":""},"class_list":["post-7204","page","type-page","status-publish","hentry"],"acf":[],"yoast_head":"<!-- This site is optimized with the Yoast SEO Premium plugin v26.1 (Yoast SEO v27.5) - https:\/\/yoast.com\/product\/yoast-seo-premium-wordpress\/ -->\n<title>Shipping and Tracking - vozolvapen<\/title>\n<meta name=\"robots\" content=\"index, follow, max-snippet:-1, max-image-preview:large, max-video-preview:-1\" \/>\n<link rel=\"canonical\" href=\"https:\/\/vozolvapen.de\/pl\/shipping-and-tracking\/\" \/>\n<meta property=\"og:locale\" content=\"pl_PL\" \/>\n<meta property=\"og:type\" content=\"article\" \/>\n<meta property=\"og:title\" content=\"Shipping and Tracking\" \/>\n<meta property=\"og:description\" content=\"Worldwide Shipping We offer fast and reliable shipping worldwide, covering Europe, North America, and beyond, including the US, UK, Germany, France, Italy, Spain, Netherlands, Belgium, Portugal, Sweden, Poland, and more. All orders use DDP (Delivered Duty Paid) shipping, meaning no extra customs fees or import taxes. Order Tracking Once your order has been shipped, you\u2019ll [&hellip;]\" \/>\n<meta property=\"og:url\" content=\"https:\/\/vozolvapen.de\/pl\/shipping-and-tracking\/\" \/>\n<meta property=\"og:site_name\" content=\"vozolvapen\" \/>\n<meta property=\"article:modified_time\" content=\"2025-12-02T07:02:11+00:00\" \/>\n<meta name=\"twitter:card\" content=\"summary_large_image\" \/>\n<meta name=\"twitter:label1\" content=\"Szacowany czas czytania\" \/>\n\t<meta name=\"twitter:data1\" content=\"1 minuta\" \/>\n<script type=\"application\/ld+json\" class=\"yoast-schema-graph\">{\"@context\":\"https:\\\/\\\/schema.org\",\"@graph\":[{\"@type\":\"WebPage\",\"@id\":\"https:\\\/\\\/vozolvapen.de\\\/shipping-and-tracking\\\/\",\"url\":\"https:\\\/\\\/vozolvapen.de\\\/shipping-and-tracking\\\/\",\"name\":\"Shipping and Tracking - vozolvapen\",\"isPartOf\":{\"@id\":\"https:\\\/\\\/vozolvapen.de\\\/#website\"},\"datePublished\":\"2025-12-02T07:01:30+00:00\",\"dateModified\":\"2025-12-02T07:02:11+00:00\",\"breadcrumb\":{\"@id\":\"https:\\\/\\\/vozolvapen.de\\\/shipping-and-tracking\\\/#breadcrumb\"},\"inLanguage\":\"pl-PL\",\"potentialAction\":[{\"@type\":\"ReadAction\",\"target\":[\"https:\\\/\\\/vozolvapen.de\\\/shipping-and-tracking\\\/\"]}]},{\"@type\":\"BreadcrumbList\",\"@id\":\"https:\\\/\\\/vozolvapen.de\\\/shipping-and-tracking\\\/#breadcrumb\",\"itemListElement\":[{\"@type\":\"ListItem\",\"position\":1,\"name\":\"Home\",\"item\":\"https:\\\/\\\/vozolvapen.de\\\/de\\\/\"},{\"@type\":\"ListItem\",\"position\":2,\"name\":\"Shipping and Tracking\"}]},{\"@type\":\"WebSite\",\"@id\":\"https:\\\/\\\/vozolvapen.de\\\/#website\",\"url\":\"https:\\\/\\\/vozolvapen.de\\\/\",\"name\":\"vozolvapen\",\"description\":\"vozolvapen\",\"publisher\":{\"@id\":\"https:\\\/\\\/vozolvapen.de\\\/#organization\"},\"potentialAction\":[{\"@type\":\"SearchAction\",\"target\":{\"@type\":\"EntryPoint\",\"urlTemplate\":\"https:\\\/\\\/vozolvapen.de\\\/?s={search_term_string}\"},\"query-input\":{\"@type\":\"PropertyValueSpecification\",\"valueRequired\":true,\"valueName\":\"search_term_string\"}}],\"inLanguage\":\"pl-PL\"},{\"@type\":\"Organization\",\"@id\":\"https:\\\/\\\/vozolvapen.de\\\/#organization\",\"name\":\"vozolvapen\",\"url\":\"https:\\\/\\\/vozolvapen.de\\\/\",\"logo\":{\"@type\":\"ImageObject\",\"inLanguage\":\"pl-PL\",\"@id\":\"https:\\\/\\\/vozolvapen.de\\\/#\\\/schema\\\/logo\\\/image\\\/\",\"url\":\"https:\\\/\\\/vozolvapen.de\\\/wp-content\\\/uploads\\\/2025\\\/12\\\/cropped-vozovapen-logo.webp\",\"contentUrl\":\"https:\\\/\\\/vozolvapen.de\\\/wp-content\\\/uploads\\\/2025\\\/12\\\/cropped-vozovapen-logo.webp\",\"width\":470,\"height\":110,\"caption\":\"vozolvapen\"},\"image\":{\"@id\":\"https:\\\/\\\/vozolvapen.de\\\/#\\\/schema\\\/logo\\\/image\\\/\"}}]}<\/script>\n<!-- \/ Yoast SEO Premium plugin. -->","yoast_head_json":{"title":"Wysy\u0142ka i \u015bledzenie - vozolvapen","robots":{"index":"index","follow":"follow","max-snippet":"max-snippet:-1","max-image-preview":"max-image-preview:large","max-video-preview":"max-video-preview:-1"},"canonical":"https:\/\/vozolvapen.de\/pl\/shipping-and-tracking\/","og_locale":"pl_PL","og_type":"article","og_title":"Shipping and Tracking","og_description":"Worldwide Shipping We offer fast and reliable shipping worldwide, covering Europe, North America, and beyond, including the US, UK, Germany, France, Italy, Spain, Netherlands, Belgium, Portugal, Sweden, Poland, and more. All orders use DDP (Delivered Duty Paid) shipping, meaning no extra customs fees or import taxes. Order Tracking Once your order has been shipped, you\u2019ll [&hellip;]","og_url":"https:\/\/vozolvapen.de\/pl\/shipping-and-tracking\/","og_site_name":"vozolvapen","article_modified_time":"2025-12-02T07:02:11+00:00","twitter_card":"summary_large_image","twitter_misc":{"Szacowany czas czytania":"1 minuta"},"schema":{"@context":"https:\/\/schema.org","@graph":[{"@type":"WebPage","@id":"https:\/\/vozolvapen.de\/shipping-and-tracking\/","url":"https:\/\/vozolvapen.de\/shipping-and-tracking\/","name":"Wysy\u0142ka i \u015bledzenie - vozolvapen","isPartOf":{"@id":"https:\/\/vozolvapen.de\/#website"},"datePublished":"2025-12-02T07:01:30+00:00","dateModified":"2025-12-02T07:02:11+00:00","breadcrumb":{"@id":"https:\/\/vozolvapen.de\/shipping-and-tracking\/#breadcrumb"},"inLanguage":"pl-PL","potentialAction":[{"@type":"ReadAction","target":["https:\/\/vozolvapen.de\/shipping-and-tracking\/"]}]},{"@type":"BreadcrumbList","@id":"https:\/\/vozolvapen.de\/shipping-and-tracking\/#breadcrumb","itemListElement":[{"@type":"ListItem","position":1,"name":"Home","item":"https:\/\/vozolvapen.de\/de\/"},{"@type":"ListItem","position":2,"name":"Shipping and Tracking"}]},{"@type":"WebSite","@id":"https:\/\/vozolvapen.de\/#website","url":"https:\/\/vozolvapen.de\/","name":"vozolvapen","description":"vozolvapen","publisher":{"@id":"https:\/\/vozolvapen.de\/#organization"},"potentialAction":[{"@type":"SearchAction","target":{"@type":"EntryPoint","urlTemplate":"https:\/\/vozolvapen.de\/?s={search_term_string}"},"query-input":{"@type":"PropertyValueSpecification","valueRequired":true,"valueName":"search_term_string"}}],"inLanguage":"pl-PL"},{"@type":"Organization","@id":"https:\/\/vozolvapen.de\/#organization","name":"vozolvapen","url":"https:\/\/vozolvapen.de\/","logo":{"@type":"ImageObject","inLanguage":"pl-PL","@id":"https:\/\/vozolvapen.de\/#\/schema\/logo\/image\/","url":"https:\/\/vozolvapen.de\/wp-content\/uploads\/2025\/12\/cropped-vozovapen-logo.webp","contentUrl":"https:\/\/vozolvapen.de\/wp-content\/uploads\/2025\/12\/cropped-vozovapen-logo.webp","width":470,"height":110,"caption":"vozolvapen"},"image":{"@id":"https:\/\/vozolvapen.de\/#\/schema\/logo\/image\/"}}]}},"_links":{"self":[{"href":"http:\/\/vozolvapen.de\/pl\/wp-json\/wp\/v2\/pages\/7204","targetHints":{"allow":["GET"]}}],"collection":[{"href":"http:\/\/vozolvapen.de\/pl\/wp-json\/wp\/v2\/pages"}],"about":[{"href":"http:\/\/vozolvapen.de\/pl\/wp-json\/wp\/v2\/types\/page"}],"author":[{"embeddable":true,"href":"http:\/\/vozolvapen.de\/pl\/wp-json\/wp\/v2\/users\/1"}],"replies":[{"embeddable":true,"href":"http:\/\/vozolvapen.de\/pl\/wp-json\/wp\/v2\/comments?post=7204"}],"version-history":[{"count":2,"href":"http:\/\/vozolvapen.de\/pl\/wp-json\/wp\/v2\/pages\/7204\/revisions"}],"predecessor-version":[{"id":7208,"href":"http:\/\/vozolvapen.de\/pl\/wp-json\/wp\/v2\/pages\/7204\/revisions\/7208"}],"wp:attachment":[{"href":"http:\/\/vozolvapen.de\/pl\/wp-json\/wp\/v2\/media?parent=7204"}],"curies":[{"name":"wp","href":"https:\/\/api.w.org\/{rel}","templated":true}]}}