{"id":18699,"date":"2025-12-08T10:17:23","date_gmt":"2025-12-08T10:17:23","guid":{"rendered":"https:\/\/vozolvapen.de\/?post_type=product&#038;p=18699"},"modified":"2026-02-10T12:34:29","modified_gmt":"2026-02-10T12:34:29","slug":"vozol-star-40000-grape-ice","status":"publish","type":"product","link":"http:\/\/vozolvapen.de\/pl\/product\/vozol-star-40000-grape-ice\/","title":{"rendered":"Vozol Star 40000 - Grape Ice"},"content":{"rendered":"<h1 data-path-to-node=\"8,2,0\">VOZOL Star 40000 Puffs - Grape Ice<\/h1>\n<p data-path-to-node=\"8,3,0\"><b>Odwa\u017cny wybuch fioletowego winogrona<\/b> Do\u015bwiadcz intensywnego bogactwa <b>VOZOL Star 40000 Grape Ice<\/b>. Ten profil smakowy jest przeznaczony dla waper\u00f3w, kt\u00f3rzy kochaj\u0105 g\u0142\u0119bokie, ciemne nuty owocowe. Doskonale na\u015bladuje smak \u015bwie\u017co wyci\u015bni\u0119tych winogron concord, oferuj\u0105c d\u017cemow\u0105 s\u0142odycz, kt\u00f3ra jest natychmiast rozpoznawalna. Dodatek ch\u0142odz\u0105cej warstwy lodu zapewnia, \u017ce smak pozostaje jasny i nigdy nie jest zbyt ci\u0119\u017cki.<\/p>\n<h2 data-path-to-node=\"8,3,1\"><b>Sta\u0142a wydajno\u015b\u0107<\/b><\/h2>\n<p data-path-to-node=\"8,3,1\">The <b>VOZOL Star 40000<\/b> Sprz\u0119t zosta\u0142 zbudowany z my\u015bl\u0105 o odwa\u017cnych smakach, takich jak Grape Ice, bez wyciszania smaku w miar\u0119 up\u0142ywu czasu. Podw\u00f3jne cewki siatkowe szybko si\u0119 nagrzewaj\u0105, uwalniaj\u0105c z\u0142o\u017cone estry aromatu winogronowego, zapewniaj\u0105c g\u0142adk\u0105, aromatyczn\u0105 chmur\u0119. Niezale\u017cnie od tego, czy jeste\u015b w domu, czy w podr\u00f3\u017cy, akumulator zapewnia, \u017ce mo\u017cesz cieszy\u0107 si\u0119 ka\u017cd\u0105 kropl\u0105 z 20 ml wst\u0119pnie nape\u0142nionego zbiornika.<\/p>\n<h3 data-path-to-node=\"8,4,0\"><b>Specyfikacja<\/b><\/h3>\n<ul>\n<li data-path-to-node=\"8,4,1,0,0\"><b>Puffy:<\/b> Do 40 000<\/li>\n<li data-path-to-node=\"8,4,1,1,0\"><b>Smak:<\/b> Fioletowe winogrona, mentol<\/li>\n<li data-path-to-node=\"8,4,1,2,0\"><b>E-liquid:<\/b> 20 ml<\/li>\n<li data-path-to-node=\"8,4,1,3,0\"><b>Cewka:<\/b> Podw\u00f3jna siatka 0,65\u03a9*2<\/li>\n<\/ul>\n<h3 dir=\"auto\">Oto dalsze zalecenia dla Ciebie:<\/h3>\n<p dir=\"auto\">Odkryj jeszcze wi\u0119cej niesamowitych smak\u00f3w dzi\u0119ki Vozol Star 40000 Puff Vape!<\/p>\n<p dir=\"auto\"><a href=\"https:\/\/vozolvapen.de\/pl\/product-category\/vozol-vape\/vozol-star-40000-puffs-vape\/\" target=\"_blank\" rel=\"noopener noreferrer nofollow\">Zobacz wszystkie odmiany tutaj \u2192<\/a><\/p>\n<p dir=\"auto\">Zapoznaj si\u0119 z nasz\u0105 pe\u0142n\u0105 kolekcj\u0105 i kupuj produkty najlepszych marek vape, kt\u00f3re pokochasz.<\/p>\n<p dir=\"auto\"><a href=\"https:\/\/vozolvapen.de\/pl\/\" target=\"_blank\" rel=\"noopener noreferrer nofollow\">Przegl\u0105daj teraz wszystkie marki \u2192<\/a><\/p>\n<p dir=\"auto\">Sprawd\u017a ca\u0142\u0105 seri\u0119 VOZOL Vape - ka\u017cdy smak, ka\u017cdy styl!<\/p>\n<p dir=\"auto\"><a href=\"https:\/\/vozolvapen.de\/pl\/product-category\/vozol-vape\/\" target=\"_blank\" rel=\"noopener noreferrer nofollow\">Zobacz pe\u0142n\u0105 kolekcj\u0119 VOZOL Vape \u2192<\/a><\/p>","protected":false},"excerpt":{"rendered":"<p><span data-path-to-node=\"4,2,2,0\"><b>Bogaty, wyrazisty fioletowy kolor winogron<\/b> smak z doskonale zbalansowanym, orze\u017awiaj\u0105cym ch\u0142odnym wydechem. Klasyczny faworyt.<\/span><\/p>","protected":false},"featured_media":19300,"comment_status":"open","ping_status":"closed","template":"","meta":{"_acf_changed":false},"product_brand":[],"product_cat":[15,134,69],"product_tag":[],"class_list":{"0":"post-18699","1":"product","2":"type-product","3":"status-publish","4":"has-post-thumbnail","6":"product_cat-uncategorized","7":"product_cat-eu-warehouse-in-stock","8":"product_cat-vozol-star-40000-puffs-vape","10":"first","11":"instock","12":"shipping-taxable","13":"purchasable","14":"product-type-variable"},"acf":[],"yoast_head":"<!-- This site is optimized with the Yoast SEO Premium plugin v26.1 (Yoast SEO v27.5) - https:\/\/yoast.com\/product\/yoast-seo-premium-wordpress\/ -->\n<title>VOZOL Star 40000 Grape Ice | Rich Grape Flavor 40k Vape - vozolvapen<\/title>\n<meta name=\"description\" content=\"Shop VOZOL Star 40000 Grape Ice. A bold fusion of deep purple grapes and refreshing menthol. Long-lasting 40,000 puffs disposable device. European Stock.\" \/>\n<meta name=\"robots\" content=\"index, follow, max-snippet:-1, max-image-preview:large, max-video-preview:-1\" \/>\n<link rel=\"canonical\" href=\"https:\/\/vozolvapen.de\/pl\/product\/vozol-star-40000-grape-ice\/\" \/>\n<meta property=\"og:locale\" content=\"pl_PL\" \/>\n<meta property=\"og:type\" content=\"article\" \/>\n<meta property=\"og:title\" content=\"Vozol Star 40000 - Grape Ice\" \/>\n<meta property=\"og:description\" content=\"Shop VOZOL Star 40000 Grape Ice. A bold fusion of deep purple grapes and refreshing menthol. Long-lasting 40,000 puffs disposable device. European Stock.\" \/>\n<meta property=\"og:url\" content=\"https:\/\/vozolvapen.de\/pl\/product\/vozol-star-40000-grape-ice\/\" \/>\n<meta property=\"og:site_name\" content=\"vozolvapen\" \/>\n<meta property=\"article:modified_time\" content=\"2026-02-10T12:34:29+00:00\" \/>\n<meta property=\"og:image\" content=\"https:\/\/vozolvapen.de\/wp-content\/uploads\/2025\/12\/Vozol-Star-40000-Grape-Ice-1.webp\" \/>\n\t<meta property=\"og:image:width\" content=\"1200\" \/>\n\t<meta property=\"og:image:height\" content=\"1200\" \/>\n\t<meta property=\"og:image:type\" content=\"image\/webp\" \/>\n<meta name=\"twitter:card\" content=\"summary_large_image\" \/>\n<meta name=\"twitter:label1\" content=\"Szacowany czas czytania\" \/>\n\t<meta name=\"twitter:data1\" content=\"2 minuty\" \/>\n<script type=\"application\/ld+json\" class=\"yoast-schema-graph\">{\"@context\":\"https:\\\/\\\/schema.org\",\"@graph\":[{\"@type\":\"WebPage\",\"@id\":\"https:\\\/\\\/vozolvapen.de\\\/product\\\/vozol-star-40000-grape-ice\\\/\",\"url\":\"https:\\\/\\\/vozolvapen.de\\\/product\\\/vozol-star-40000-grape-ice\\\/\",\"name\":\"VOZOL Star 40000 Grape Ice | Rich Grape Flavor 40k Vape - vozolvapen\",\"isPartOf\":{\"@id\":\"https:\\\/\\\/vozolvapen.de\\\/#website\"},\"primaryImageOfPage\":{\"@id\":\"https:\\\/\\\/vozolvapen.de\\\/product\\\/vozol-star-40000-grape-ice\\\/#primaryimage\"},\"image\":{\"@id\":\"https:\\\/\\\/vozolvapen.de\\\/product\\\/vozol-star-40000-grape-ice\\\/#primaryimage\"},\"thumbnailUrl\":\"https:\\\/\\\/vozolvapen.de\\\/wp-content\\\/uploads\\\/2025\\\/12\\\/Vozol-Star-40000-Grape-Ice-1.webp\",\"datePublished\":\"2025-12-08T10:17:23+00:00\",\"dateModified\":\"2026-02-10T12:34:29+00:00\",\"description\":\"Shop VOZOL Star 40000 Grape Ice. A bold fusion of deep purple grapes and refreshing menthol. Long-lasting 40,000 puffs disposable device. European Stock.\",\"breadcrumb\":{\"@id\":\"https:\\\/\\\/vozolvapen.de\\\/product\\\/vozol-star-40000-grape-ice\\\/#breadcrumb\"},\"inLanguage\":\"pl-PL\",\"potentialAction\":[{\"@type\":\"ReadAction\",\"target\":[\"https:\\\/\\\/vozolvapen.de\\\/product\\\/vozol-star-40000-grape-ice\\\/\"]}]},{\"@type\":\"ImageObject\",\"inLanguage\":\"pl-PL\",\"@id\":\"https:\\\/\\\/vozolvapen.de\\\/product\\\/vozol-star-40000-grape-ice\\\/#primaryimage\",\"url\":\"https:\\\/\\\/vozolvapen.de\\\/wp-content\\\/uploads\\\/2025\\\/12\\\/Vozol-Star-40000-Grape-Ice-1.webp\",\"contentUrl\":\"https:\\\/\\\/vozolvapen.de\\\/wp-content\\\/uploads\\\/2025\\\/12\\\/Vozol-Star-40000-Grape-Ice-1.webp\",\"width\":1200,\"height\":1200,\"caption\":\"Vozol Star 40000 - Grape Ice\"},{\"@type\":\"BreadcrumbList\",\"@id\":\"https:\\\/\\\/vozolvapen.de\\\/product\\\/vozol-star-40000-grape-ice\\\/#breadcrumb\",\"itemListElement\":[{\"@type\":\"ListItem\",\"position\":1,\"name\":\"Home\",\"item\":\"https:\\\/\\\/vozolvapen.de\\\/de\\\/\"},{\"@type\":\"ListItem\",\"position\":2,\"name\":\"Shop\",\"item\":\"https:\\\/\\\/vozolvapen.de\\\/shop\\\/\"},{\"@type\":\"ListItem\",\"position\":3,\"name\":\"Vozol Star 40000 &#8211; Grape Ice\"}]},{\"@type\":\"WebSite\",\"@id\":\"https:\\\/\\\/vozolvapen.de\\\/#website\",\"url\":\"https:\\\/\\\/vozolvapen.de\\\/\",\"name\":\"vozolvapen\",\"description\":\"vozolvapen\",\"publisher\":{\"@id\":\"https:\\\/\\\/vozolvapen.de\\\/#organization\"},\"potentialAction\":[{\"@type\":\"SearchAction\",\"target\":{\"@type\":\"EntryPoint\",\"urlTemplate\":\"https:\\\/\\\/vozolvapen.de\\\/?s={search_term_string}\"},\"query-input\":{\"@type\":\"PropertyValueSpecification\",\"valueRequired\":true,\"valueName\":\"search_term_string\"}}],\"inLanguage\":\"pl-PL\"},{\"@type\":\"Organization\",\"@id\":\"https:\\\/\\\/vozolvapen.de\\\/#organization\",\"name\":\"vozolvapen\",\"url\":\"https:\\\/\\\/vozolvapen.de\\\/\",\"logo\":{\"@type\":\"ImageObject\",\"inLanguage\":\"pl-PL\",\"@id\":\"https:\\\/\\\/vozolvapen.de\\\/#\\\/schema\\\/logo\\\/image\\\/\",\"url\":\"https:\\\/\\\/vozolvapen.de\\\/wp-content\\\/uploads\\\/2025\\\/12\\\/cropped-vozovapen-logo.webp\",\"contentUrl\":\"https:\\\/\\\/vozolvapen.de\\\/wp-content\\\/uploads\\\/2025\\\/12\\\/cropped-vozovapen-logo.webp\",\"width\":470,\"height\":110,\"caption\":\"vozolvapen\"},\"image\":{\"@id\":\"https:\\\/\\\/vozolvapen.de\\\/#\\\/schema\\\/logo\\\/image\\\/\"}}]}<\/script>\n<!-- \/ Yoast SEO Premium plugin. -->","yoast_head_json":{"title":"VOZOL Star 40000 Grape Ice | Rich Grape Flavor 40k Vape - vozolvapen","description":"Sklep VOZOL Star 40000 Grape Ice. Odwa\u017cne po\u0142\u0105czenie g\u0142\u0119boko fioletowych winogron i orze\u017awiaj\u0105cego mentolu. Jednorazowe urz\u0105dzenie o d\u0142ugiej \u017cywotno\u015bci 40 000 zaci\u0105gni\u0119\u0107. Dost\u0119pno\u015b\u0107 w Europie.","robots":{"index":"index","follow":"follow","max-snippet":"max-snippet:-1","max-image-preview":"max-image-preview:large","max-video-preview":"max-video-preview:-1"},"canonical":"https:\/\/vozolvapen.de\/pl\/product\/vozol-star-40000-grape-ice\/","og_locale":"pl_PL","og_type":"article","og_title":"Vozol Star 40000 - Grape Ice","og_description":"Shop VOZOL Star 40000 Grape Ice. A bold fusion of deep purple grapes and refreshing menthol. Long-lasting 40,000 puffs disposable device. European Stock.","og_url":"https:\/\/vozolvapen.de\/pl\/product\/vozol-star-40000-grape-ice\/","og_site_name":"vozolvapen","article_modified_time":"2026-02-10T12:34:29+00:00","og_image":[{"width":1200,"height":1200,"url":"https:\/\/vozolvapen.de\/wp-content\/uploads\/2025\/12\/Vozol-Star-40000-Grape-Ice-1.webp","type":"image\/webp"}],"twitter_card":"summary_large_image","twitter_misc":{"Szacowany czas czytania":"2 minuty"},"schema":{"@context":"https:\/\/schema.org","@graph":[{"@type":"WebPage","@id":"https:\/\/vozolvapen.de\/product\/vozol-star-40000-grape-ice\/","url":"https:\/\/vozolvapen.de\/product\/vozol-star-40000-grape-ice\/","name":"VOZOL Star 40000 Grape Ice | Rich Grape Flavor 40k Vape - vozolvapen","isPartOf":{"@id":"https:\/\/vozolvapen.de\/#website"},"primaryImageOfPage":{"@id":"https:\/\/vozolvapen.de\/product\/vozol-star-40000-grape-ice\/#primaryimage"},"image":{"@id":"https:\/\/vozolvapen.de\/product\/vozol-star-40000-grape-ice\/#primaryimage"},"thumbnailUrl":"https:\/\/vozolvapen.de\/wp-content\/uploads\/2025\/12\/Vozol-Star-40000-Grape-Ice-1.webp","datePublished":"2025-12-08T10:17:23+00:00","dateModified":"2026-02-10T12:34:29+00:00","description":"Sklep VOZOL Star 40000 Grape Ice. Odwa\u017cne po\u0142\u0105czenie g\u0142\u0119boko fioletowych winogron i orze\u017awiaj\u0105cego mentolu. Jednorazowe urz\u0105dzenie o d\u0142ugiej \u017cywotno\u015bci 40 000 zaci\u0105gni\u0119\u0107. Dost\u0119pno\u015b\u0107 w Europie.","breadcrumb":{"@id":"https:\/\/vozolvapen.de\/product\/vozol-star-40000-grape-ice\/#breadcrumb"},"inLanguage":"pl-PL","potentialAction":[{"@type":"ReadAction","target":["https:\/\/vozolvapen.de\/product\/vozol-star-40000-grape-ice\/"]}]},{"@type":"ImageObject","inLanguage":"pl-PL","@id":"https:\/\/vozolvapen.de\/product\/vozol-star-40000-grape-ice\/#primaryimage","url":"https:\/\/vozolvapen.de\/wp-content\/uploads\/2025\/12\/Vozol-Star-40000-Grape-Ice-1.webp","contentUrl":"https:\/\/vozolvapen.de\/wp-content\/uploads\/2025\/12\/Vozol-Star-40000-Grape-Ice-1.webp","width":1200,"height":1200,"caption":"Vozol Star 40000 - Grape Ice"},{"@type":"BreadcrumbList","@id":"https:\/\/vozolvapen.de\/product\/vozol-star-40000-grape-ice\/#breadcrumb","itemListElement":[{"@type":"ListItem","position":1,"name":"Home","item":"https:\/\/vozolvapen.de\/de\/"},{"@type":"ListItem","position":2,"name":"Shop","item":"https:\/\/vozolvapen.de\/shop\/"},{"@type":"ListItem","position":3,"name":"Vozol Star 40000 &#8211; Grape Ice"}]},{"@type":"WebSite","@id":"https:\/\/vozolvapen.de\/#website","url":"https:\/\/vozolvapen.de\/","name":"vozolvapen","description":"vozolvapen","publisher":{"@id":"https:\/\/vozolvapen.de\/#organization"},"potentialAction":[{"@type":"SearchAction","target":{"@type":"EntryPoint","urlTemplate":"https:\/\/vozolvapen.de\/?s={search_term_string}"},"query-input":{"@type":"PropertyValueSpecification","valueRequired":true,"valueName":"search_term_string"}}],"inLanguage":"pl-PL"},{"@type":"Organization","@id":"https:\/\/vozolvapen.de\/#organization","name":"vozolvapen","url":"https:\/\/vozolvapen.de\/","logo":{"@type":"ImageObject","inLanguage":"pl-PL","@id":"https:\/\/vozolvapen.de\/#\/schema\/logo\/image\/","url":"https:\/\/vozolvapen.de\/wp-content\/uploads\/2025\/12\/cropped-vozovapen-logo.webp","contentUrl":"https:\/\/vozolvapen.de\/wp-content\/uploads\/2025\/12\/cropped-vozovapen-logo.webp","width":470,"height":110,"caption":"vozolvapen"},"image":{"@id":"https:\/\/vozolvapen.de\/#\/schema\/logo\/image\/"}}]}},"tiered_pricing_type":"fixed","tiered_pricing_fixed_rules":{"30":"12.98","50":"11.48","100":"10.98","200":"10.48"},"tiered_pricing_product_settings":{"layout":"default","base_unit_name":{"singular":null,"plural":null},"default_variation":{}},"tiered_pricing_minimum_quantity":10,"tiered_pricing_roles_data":[],"tiered_pricing_percentage_rules":[],"tiered_pricing_maximum_quantity":null,"tiered_pricing_quantity_step":"10","_links":{"self":[{"href":"http:\/\/vozolvapen.de\/pl\/wp-json\/wp\/v2\/product\/18699","targetHints":{"allow":["GET"]}}],"collection":[{"href":"http:\/\/vozolvapen.de\/pl\/wp-json\/wp\/v2\/product"}],"about":[{"href":"http:\/\/vozolvapen.de\/pl\/wp-json\/wp\/v2\/types\/product"}],"replies":[{"embeddable":true,"href":"http:\/\/vozolvapen.de\/pl\/wp-json\/wp\/v2\/comments?post=18699"}],"wp:featuredmedia":[{"embeddable":true,"href":"http:\/\/vozolvapen.de\/pl\/wp-json\/wp\/v2\/media\/19300"}],"wp:attachment":[{"href":"http:\/\/vozolvapen.de\/pl\/wp-json\/wp\/v2\/media?parent=18699"}],"wp:term":[{"taxonomy":"product_brand","embeddable":true,"href":"http:\/\/vozolvapen.de\/pl\/wp-json\/wp\/v2\/product_brand?post=18699"},{"taxonomy":"product_cat","embeddable":true,"href":"http:\/\/vozolvapen.de\/pl\/wp-json\/wp\/v2\/product_cat?post=18699"},{"taxonomy":"product_tag","embeddable":true,"href":"http:\/\/vozolvapen.de\/pl\/wp-json\/wp\/v2\/product_tag?post=18699"}],"curies":[{"name":"wp","href":"https:\/\/api.w.org\/{rel}","templated":true}]}}