{"id":18751,"date":"2025-12-08T10:17:27","date_gmt":"2025-12-08T10:17:27","guid":{"rendered":"https:\/\/vozolvapen.de\/?post_type=product&#038;p=18751"},"modified":"2026-02-10T12:34:25","modified_gmt":"2026-02-10T12:34:25","slug":"vozol-star-40000-peach-ice","status":"publish","type":"product","link":"http:\/\/vozolvapen.de\/pl\/product\/vozol-star-40000-peach-ice\/","title":{"rendered":"Vozol Star 40000 - Peach Ice"},"content":{"rendered":"<h1 data-path-to-node=\"14,2,0\">VOZOL Star 40000 Puffs - Peach Ice<\/h1>\n<p data-path-to-node=\"14,3,0\"><b>Soczysty, s\u0142odki i ch\u0142odny<\/b> <b>VOZOL Star 40000 Peach Ice<\/b> oferuje delikatny, ale wyra\u017any profil smakowy. Wyobra\u017a sobie, \u017ce wgryzasz si\u0119 w mi\u0119kk\u0105, rozmyt\u0105 brzoskwini\u0119; ten pocz\u0105tkowy przyp\u0142yw kwiatowej s\u0142odyczy jest dok\u0142adnie tym, co zapewnia ten waporyzator. Naturalne nuty cukru s\u0105 doskonale zr\u00f3wnowa\u017cone przez lodowaty nurt, dzi\u0119ki czemu smak nie staje si\u0119 md\u0142y. Jest lekki, aromatyczny i niezwykle orze\u017awiaj\u0105cy.<\/p>\n<h2 data-path-to-node=\"14,3,1\"><b>Zaprojektowany do ca\u0142odziennego u\u017cytku<\/b><\/h2>\n<p data-path-to-node=\"14,3,1\">Ergonomiczna konstrukcja <b>VOZOL Star 40000<\/b> sprawia, \u017ce wygodnie trzyma si\u0119 go w d\u0142oni, a masywny zbiornik o pojemno\u015bci 20 ml gwarantuje, \u017ce w najbli\u017cszym czasie nie zabraknie ci ulubionego brzoskwiniowego smaku. Inteligentny wy\u015bwietlacz (je\u015bli ma zastosowanie do okre\u015blonych funkcji podmodelu, w przeciwnym razie skup si\u0119 na baterii) pozwala waporyzowa\u0107 z pewno\u015bci\u0105, wiedz\u0105c, \u017ce akumulator zapewnia wyd\u0142u\u017con\u0105 \u017cywotno\u015b\u0107 urz\u0105dzenia.<\/p>\n<h2 data-path-to-node=\"14,4,0\"><b>Specyfikacja<\/b><\/h2>\n<ul>\n<li data-path-to-node=\"14,4,1,0,0\"><b>Puffy:<\/b> Do 40 000<\/li>\n<li data-path-to-node=\"14,4,1,1,0\"><b>Smak:<\/b> Brzoskwinia, mentol<\/li>\n<li data-path-to-node=\"14,4,1,2,0\"><b>E-liquid:<\/b> 20 ml<\/li>\n<li data-path-to-node=\"14,4,1,3,0\"><b>Cewka:<\/b> Podw\u00f3jna siatka 0,65\u03a9*2<\/li>\n<\/ul>\n<h3 dir=\"auto\">Oto dalsze zalecenia dla Ciebie:<\/h3>\n<p dir=\"auto\">Odkryj jeszcze wi\u0119cej niesamowitych smak\u00f3w dzi\u0119ki Vozol Star 40000 Puff Vape!<\/p>\n<p dir=\"auto\"><a href=\"https:\/\/vozolvapen.de\/pl\/product-category\/vozol-vape\/vozol-star-40000-puffs-vape\/\" target=\"_blank\" rel=\"noopener noreferrer nofollow\">Zobacz wszystkie odmiany tutaj \u2192<\/a><\/p>\n<p dir=\"auto\">Zapoznaj si\u0119 z nasz\u0105 pe\u0142n\u0105 kolekcj\u0105 i kupuj produkty najlepszych marek vape, kt\u00f3re pokochasz.<\/p>\n<p dir=\"auto\"><a href=\"https:\/\/vozolvapen.de\/pl\/\" target=\"_blank\" rel=\"noopener noreferrer nofollow\">Przegl\u0105daj teraz wszystkie marki \u2192<\/a><\/p>\n<p dir=\"auto\">Sprawd\u017a ca\u0142\u0105 seri\u0119 VOZOL Vape - ka\u017cdy smak, ka\u017cdy styl!<\/p>\n<p dir=\"auto\"><a href=\"https:\/\/vozolvapen.de\/pl\/product-category\/vozol-vape\/\" target=\"_blank\" rel=\"noopener noreferrer nofollow\">Zobacz pe\u0142n\u0105 kolekcj\u0119 VOZOL Vape \u2192<\/a><\/p>","protected":false},"excerpt":{"rendered":"<p><span data-path-to-node=\"4,4,2,0\"><b>Aksamitne, mi\u0119kkie brzoskwinie<\/b> orze\u017awiaj\u0105cy mi\u0119towy finisz. S\u0142odki i subtelnie ch\u0142odny.<\/span><\/p>","protected":false},"featured_media":19303,"comment_status":"open","ping_status":"closed","template":"","meta":{"_acf_changed":false},"product_brand":[],"product_cat":[134,69],"product_tag":[],"class_list":{"0":"post-18751","1":"product","2":"type-product","3":"status-publish","4":"has-post-thumbnail","6":"product_cat-eu-warehouse-in-stock","7":"product_cat-vozol-star-40000-puffs-vape","9":"first","10":"instock","11":"shipping-taxable","12":"purchasable","13":"product-type-variable"},"acf":[],"yoast_head":"<!-- This site is optimized with the Yoast SEO Premium plugin v26.1 (Yoast SEO v27.5) - https:\/\/yoast.com\/product\/yoast-seo-premium-wordpress\/ -->\n<title>VOZOL Star 40000 Peach Ice | Sweet Peach &amp; Menthol Vape - vozolvapen<\/title>\n<meta name=\"description\" content=\"Buy VOZOL Star 40000 Peach Ice. Juicy Georgia peaches with a frosty finish. 40k puffs, dual mesh technology. Best price in Europe.\" \/>\n<meta name=\"robots\" content=\"index, follow, max-snippet:-1, max-image-preview:large, max-video-preview:-1\" \/>\n<link rel=\"canonical\" href=\"https:\/\/vozolvapen.de\/pl\/product\/vozol-star-40000-peach-ice\/\" \/>\n<meta property=\"og:locale\" content=\"pl_PL\" \/>\n<meta property=\"og:type\" content=\"article\" \/>\n<meta property=\"og:title\" content=\"Vozol Star 40000 - Peach Ice\" \/>\n<meta property=\"og:description\" content=\"Buy VOZOL Star 40000 Peach Ice. Juicy Georgia peaches with a frosty finish. 40k puffs, dual mesh technology. Best price in Europe.\" \/>\n<meta property=\"og:url\" content=\"https:\/\/vozolvapen.de\/pl\/product\/vozol-star-40000-peach-ice\/\" \/>\n<meta property=\"og:site_name\" content=\"vozolvapen\" \/>\n<meta property=\"article:modified_time\" content=\"2026-02-10T12:34:25+00:00\" \/>\n<meta property=\"og:image\" content=\"https:\/\/vozolvapen.de\/wp-content\/uploads\/2025\/12\/Vozol-Star-40000-Peach-Ice.webp\" \/>\n\t<meta property=\"og:image:width\" content=\"1200\" \/>\n\t<meta property=\"og:image:height\" content=\"1200\" \/>\n\t<meta property=\"og:image:type\" content=\"image\/webp\" \/>\n<meta name=\"twitter:card\" content=\"summary_large_image\" \/>\n<meta name=\"twitter:label1\" content=\"Szacowany czas czytania\" \/>\n\t<meta name=\"twitter:data1\" content=\"2 minuty\" \/>\n<script type=\"application\/ld+json\" class=\"yoast-schema-graph\">{\"@context\":\"https:\\\/\\\/schema.org\",\"@graph\":[{\"@type\":\"WebPage\",\"@id\":\"https:\\\/\\\/vozolvapen.de\\\/product\\\/vozol-star-40000-peach-ice\\\/\",\"url\":\"https:\\\/\\\/vozolvapen.de\\\/product\\\/vozol-star-40000-peach-ice\\\/\",\"name\":\"VOZOL Star 40000 Peach Ice | Sweet Peach & Menthol Vape - vozolvapen\",\"isPartOf\":{\"@id\":\"https:\\\/\\\/vozolvapen.de\\\/#website\"},\"primaryImageOfPage\":{\"@id\":\"https:\\\/\\\/vozolvapen.de\\\/product\\\/vozol-star-40000-peach-ice\\\/#primaryimage\"},\"image\":{\"@id\":\"https:\\\/\\\/vozolvapen.de\\\/product\\\/vozol-star-40000-peach-ice\\\/#primaryimage\"},\"thumbnailUrl\":\"https:\\\/\\\/vozolvapen.de\\\/wp-content\\\/uploads\\\/2025\\\/12\\\/Vozol-Star-40000-Peach-Ice.webp\",\"datePublished\":\"2025-12-08T10:17:27+00:00\",\"dateModified\":\"2026-02-10T12:34:25+00:00\",\"description\":\"Buy VOZOL Star 40000 Peach Ice. Juicy Georgia peaches with a frosty finish. 40k puffs, dual mesh technology. Best price in Europe.\",\"breadcrumb\":{\"@id\":\"https:\\\/\\\/vozolvapen.de\\\/product\\\/vozol-star-40000-peach-ice\\\/#breadcrumb\"},\"inLanguage\":\"pl-PL\",\"potentialAction\":[{\"@type\":\"ReadAction\",\"target\":[\"https:\\\/\\\/vozolvapen.de\\\/product\\\/vozol-star-40000-peach-ice\\\/\"]}]},{\"@type\":\"ImageObject\",\"inLanguage\":\"pl-PL\",\"@id\":\"https:\\\/\\\/vozolvapen.de\\\/product\\\/vozol-star-40000-peach-ice\\\/#primaryimage\",\"url\":\"https:\\\/\\\/vozolvapen.de\\\/wp-content\\\/uploads\\\/2025\\\/12\\\/Vozol-Star-40000-Peach-Ice.webp\",\"contentUrl\":\"https:\\\/\\\/vozolvapen.de\\\/wp-content\\\/uploads\\\/2025\\\/12\\\/Vozol-Star-40000-Peach-Ice.webp\",\"width\":1200,\"height\":1200,\"caption\":\"Vozol Star 40000 - Peach Ice\"},{\"@type\":\"BreadcrumbList\",\"@id\":\"https:\\\/\\\/vozolvapen.de\\\/product\\\/vozol-star-40000-peach-ice\\\/#breadcrumb\",\"itemListElement\":[{\"@type\":\"ListItem\",\"position\":1,\"name\":\"Home\",\"item\":\"https:\\\/\\\/vozolvapen.de\\\/de\\\/\"},{\"@type\":\"ListItem\",\"position\":2,\"name\":\"Shop\",\"item\":\"https:\\\/\\\/vozolvapen.de\\\/shop\\\/\"},{\"@type\":\"ListItem\",\"position\":3,\"name\":\"Vozol Star 40000 &#8211; Peach Ice\"}]},{\"@type\":\"WebSite\",\"@id\":\"https:\\\/\\\/vozolvapen.de\\\/#website\",\"url\":\"https:\\\/\\\/vozolvapen.de\\\/\",\"name\":\"vozolvapen\",\"description\":\"vozolvapen\",\"publisher\":{\"@id\":\"https:\\\/\\\/vozolvapen.de\\\/#organization\"},\"potentialAction\":[{\"@type\":\"SearchAction\",\"target\":{\"@type\":\"EntryPoint\",\"urlTemplate\":\"https:\\\/\\\/vozolvapen.de\\\/?s={search_term_string}\"},\"query-input\":{\"@type\":\"PropertyValueSpecification\",\"valueRequired\":true,\"valueName\":\"search_term_string\"}}],\"inLanguage\":\"pl-PL\"},{\"@type\":\"Organization\",\"@id\":\"https:\\\/\\\/vozolvapen.de\\\/#organization\",\"name\":\"vozolvapen\",\"url\":\"https:\\\/\\\/vozolvapen.de\\\/\",\"logo\":{\"@type\":\"ImageObject\",\"inLanguage\":\"pl-PL\",\"@id\":\"https:\\\/\\\/vozolvapen.de\\\/#\\\/schema\\\/logo\\\/image\\\/\",\"url\":\"https:\\\/\\\/vozolvapen.de\\\/wp-content\\\/uploads\\\/2025\\\/12\\\/cropped-vozovapen-logo.webp\",\"contentUrl\":\"https:\\\/\\\/vozolvapen.de\\\/wp-content\\\/uploads\\\/2025\\\/12\\\/cropped-vozovapen-logo.webp\",\"width\":470,\"height\":110,\"caption\":\"vozolvapen\"},\"image\":{\"@id\":\"https:\\\/\\\/vozolvapen.de\\\/#\\\/schema\\\/logo\\\/image\\\/\"}}]}<\/script>\n<!-- \/ Yoast SEO Premium plugin. -->","yoast_head_json":{"title":"VOZOL Star 40000 Peach Ice | Sweet Peach &amp; Menthol Vape - vozolvapen","description":"Kup VOZOL Star 40000 Peach Ice. Soczyste brzoskwinie Georgia z mro\u017anym wyko\u0144czeniem. 40 tys. zaci\u0105gni\u0119\u0107, technologia podw\u00f3jnej siatki. Najlepsza cena w Europie.","robots":{"index":"index","follow":"follow","max-snippet":"max-snippet:-1","max-image-preview":"max-image-preview:large","max-video-preview":"max-video-preview:-1"},"canonical":"https:\/\/vozolvapen.de\/pl\/product\/vozol-star-40000-peach-ice\/","og_locale":"pl_PL","og_type":"article","og_title":"Vozol Star 40000 - Peach Ice","og_description":"Buy VOZOL Star 40000 Peach Ice. Juicy Georgia peaches with a frosty finish. 40k puffs, dual mesh technology. Best price in Europe.","og_url":"https:\/\/vozolvapen.de\/pl\/product\/vozol-star-40000-peach-ice\/","og_site_name":"vozolvapen","article_modified_time":"2026-02-10T12:34:25+00:00","og_image":[{"width":1200,"height":1200,"url":"https:\/\/vozolvapen.de\/wp-content\/uploads\/2025\/12\/Vozol-Star-40000-Peach-Ice.webp","type":"image\/webp"}],"twitter_card":"summary_large_image","twitter_misc":{"Szacowany czas czytania":"2 minuty"},"schema":{"@context":"https:\/\/schema.org","@graph":[{"@type":"WebPage","@id":"https:\/\/vozolvapen.de\/product\/vozol-star-40000-peach-ice\/","url":"https:\/\/vozolvapen.de\/product\/vozol-star-40000-peach-ice\/","name":"VOZOL Star 40000 Peach Ice | Sweet Peach &amp; Menthol Vape - vozolvapen","isPartOf":{"@id":"https:\/\/vozolvapen.de\/#website"},"primaryImageOfPage":{"@id":"https:\/\/vozolvapen.de\/product\/vozol-star-40000-peach-ice\/#primaryimage"},"image":{"@id":"https:\/\/vozolvapen.de\/product\/vozol-star-40000-peach-ice\/#primaryimage"},"thumbnailUrl":"https:\/\/vozolvapen.de\/wp-content\/uploads\/2025\/12\/Vozol-Star-40000-Peach-Ice.webp","datePublished":"2025-12-08T10:17:27+00:00","dateModified":"2026-02-10T12:34:25+00:00","description":"Kup VOZOL Star 40000 Peach Ice. Soczyste brzoskwinie Georgia z mro\u017anym wyko\u0144czeniem. 40 tys. zaci\u0105gni\u0119\u0107, technologia podw\u00f3jnej siatki. Najlepsza cena w Europie.","breadcrumb":{"@id":"https:\/\/vozolvapen.de\/product\/vozol-star-40000-peach-ice\/#breadcrumb"},"inLanguage":"pl-PL","potentialAction":[{"@type":"ReadAction","target":["https:\/\/vozolvapen.de\/product\/vozol-star-40000-peach-ice\/"]}]},{"@type":"ImageObject","inLanguage":"pl-PL","@id":"https:\/\/vozolvapen.de\/product\/vozol-star-40000-peach-ice\/#primaryimage","url":"https:\/\/vozolvapen.de\/wp-content\/uploads\/2025\/12\/Vozol-Star-40000-Peach-Ice.webp","contentUrl":"https:\/\/vozolvapen.de\/wp-content\/uploads\/2025\/12\/Vozol-Star-40000-Peach-Ice.webp","width":1200,"height":1200,"caption":"Vozol Star 40000 - Peach Ice"},{"@type":"BreadcrumbList","@id":"https:\/\/vozolvapen.de\/product\/vozol-star-40000-peach-ice\/#breadcrumb","itemListElement":[{"@type":"ListItem","position":1,"name":"Home","item":"https:\/\/vozolvapen.de\/de\/"},{"@type":"ListItem","position":2,"name":"Shop","item":"https:\/\/vozolvapen.de\/shop\/"},{"@type":"ListItem","position":3,"name":"Vozol Star 40000 &#8211; Peach Ice"}]},{"@type":"WebSite","@id":"https:\/\/vozolvapen.de\/#website","url":"https:\/\/vozolvapen.de\/","name":"vozolvapen","description":"vozolvapen","publisher":{"@id":"https:\/\/vozolvapen.de\/#organization"},"potentialAction":[{"@type":"SearchAction","target":{"@type":"EntryPoint","urlTemplate":"https:\/\/vozolvapen.de\/?s={search_term_string}"},"query-input":{"@type":"PropertyValueSpecification","valueRequired":true,"valueName":"search_term_string"}}],"inLanguage":"pl-PL"},{"@type":"Organization","@id":"https:\/\/vozolvapen.de\/#organization","name":"vozolvapen","url":"https:\/\/vozolvapen.de\/","logo":{"@type":"ImageObject","inLanguage":"pl-PL","@id":"https:\/\/vozolvapen.de\/#\/schema\/logo\/image\/","url":"https:\/\/vozolvapen.de\/wp-content\/uploads\/2025\/12\/cropped-vozovapen-logo.webp","contentUrl":"https:\/\/vozolvapen.de\/wp-content\/uploads\/2025\/12\/cropped-vozovapen-logo.webp","width":470,"height":110,"caption":"vozolvapen"},"image":{"@id":"https:\/\/vozolvapen.de\/#\/schema\/logo\/image\/"}}]}},"tiered_pricing_type":"fixed","tiered_pricing_fixed_rules":{"30":"12.98","50":"11.48","100":"10.98","200":"10.48"},"tiered_pricing_product_settings":{"layout":"default","base_unit_name":{"singular":null,"plural":null},"default_variation":{}},"tiered_pricing_minimum_quantity":10,"tiered_pricing_roles_data":[],"tiered_pricing_percentage_rules":[],"tiered_pricing_maximum_quantity":null,"tiered_pricing_quantity_step":"10","_links":{"self":[{"href":"http:\/\/vozolvapen.de\/pl\/wp-json\/wp\/v2\/product\/18751","targetHints":{"allow":["GET"]}}],"collection":[{"href":"http:\/\/vozolvapen.de\/pl\/wp-json\/wp\/v2\/product"}],"about":[{"href":"http:\/\/vozolvapen.de\/pl\/wp-json\/wp\/v2\/types\/product"}],"replies":[{"embeddable":true,"href":"http:\/\/vozolvapen.de\/pl\/wp-json\/wp\/v2\/comments?post=18751"}],"wp:featuredmedia":[{"embeddable":true,"href":"http:\/\/vozolvapen.de\/pl\/wp-json\/wp\/v2\/media\/19303"}],"wp:attachment":[{"href":"http:\/\/vozolvapen.de\/pl\/wp-json\/wp\/v2\/media?parent=18751"}],"wp:term":[{"taxonomy":"product_brand","embeddable":true,"href":"http:\/\/vozolvapen.de\/pl\/wp-json\/wp\/v2\/product_brand?post=18751"},{"taxonomy":"product_cat","embeddable":true,"href":"http:\/\/vozolvapen.de\/pl\/wp-json\/wp\/v2\/product_cat?post=18751"},{"taxonomy":"product_tag","embeddable":true,"href":"http:\/\/vozolvapen.de\/pl\/wp-json\/wp\/v2\/product_tag?post=18751"}],"curies":[{"name":"wp","href":"https:\/\/api.w.org\/{rel}","templated":true}]}}