{"id":19115,"date":"2025-12-08T10:23:52","date_gmt":"2025-12-08T10:23:52","guid":{"rendered":"https:\/\/vozolvapen.de\/?post_type=product&#038;p=19115"},"modified":"2026-02-10T12:33:53","modified_gmt":"2026-02-10T12:33:53","slug":"vozol-star-40000-melon-gum","status":"publish","type":"product","link":"http:\/\/vozolvapen.de\/pl\/product\/vozol-star-40000-melon-gum\/","title":{"rendered":"Vozol Star 40000 - Guma melonowa"},"content":{"rendered":"<h1 data-path-to-node=\"56,2,0\">VOZOL Star 40000 Puffs - Guma Melonowa<\/h1>\n<p data-path-to-node=\"56,3,0\"><b>S\u0142odka, kremowa konsystencja<\/b> <b>VOZOL Star 40000 Guma Melonowa<\/b> czerpie z soczystego smaku dojrza\u0142ej spadzi lub kantalupy i \u0142\u0105czy go ze s\u0142odk\u0105 baz\u0105 gumy balonowej. Jest to smak inspirowany cukierkami, kt\u00f3ry wydobywa kremow\u0105 stron\u0119 melona. Je\u015bli lubisz s\u0142odycze, ten smak zapewnia nostalgiczne i satysfakcjonuj\u0105ce doznania podczas waporyzacji, przypominaj\u0105ce ulubione melonowe cukierki do \u017cucia.<\/p>\n<h2 data-path-to-node=\"56,3,1\"><b>G\u0142adkie chmury<\/b><\/h2>\n<p data-path-to-node=\"56,3,1\">Kremowa konsystencja melona doskonale wsp\u00f3\u0142gra z <b>Podw\u00f3jne cewki siatkowe<\/b>, wytwarzaj\u0105c g\u0119ste, bia\u0142e chmury pary. S\u0142odycz jest wyra\u017ana, ale \u0142agodna, co sprawia, \u017ce waporyzacja jest przyjemno\u015bci\u0105 przez ca\u0142y dzie\u0144, bez szorstko\u015bci, kt\u00f3r\u0105 czasami mo\u017cna znale\u017a\u0107 w smakach cytrusowych lub kwa\u015bnych.<\/p>\n<h2 data-path-to-node=\"56,4,0\"><b>Specyfikacja<\/b><\/h2>\n<ul>\n<li data-path-to-node=\"56,4,1,0,0\"><b>Puffy:<\/b> Do 40 000<\/li>\n<li data-path-to-node=\"56,4,1,1,0\"><b>Smak:<\/b> Melon spadziowy, guma balonowa<\/li>\n<li data-path-to-node=\"56,4,1,2,0\"><b>E-liquid:<\/b> 20 ml<\/li>\n<li data-path-to-node=\"56,4,1,3,0\"><b>Cewka:<\/b> Podw\u00f3jna siatka 0,65\u03a9*2<\/li>\n<\/ul>\n<h3 dir=\"auto\">Oto dalsze zalecenia dla Ciebie:<\/h3>\n<p dir=\"auto\">Odkryj jeszcze wi\u0119cej niesamowitych smak\u00f3w dzi\u0119ki Vozol Star 40000 Puff Vape!<\/p>\n<p dir=\"auto\"><a href=\"https:\/\/vozolvapen.de\/pl\/product-category\/vozol-vape\/vozol-star-40000-puffs-vape\/\" target=\"_blank\" rel=\"noopener noreferrer nofollow\">Zobacz wszystkie odmiany tutaj \u2192<\/a><\/p>\n<p dir=\"auto\">Zapoznaj si\u0119 z nasz\u0105 pe\u0142n\u0105 kolekcj\u0105 i kupuj produkty najlepszych marek vape, kt\u00f3re pokochasz.<\/p>\n<p dir=\"auto\"><a href=\"https:\/\/vozolvapen.de\/pl\/\" target=\"_blank\" rel=\"noopener noreferrer nofollow\">Przegl\u0105daj teraz wszystkie marki \u2192<\/a><\/p>\n<p dir=\"auto\">Sprawd\u017a ca\u0142\u0105 seri\u0119 VOZOL Vape - ka\u017cdy smak, ka\u017cdy styl!<\/p>\n<p dir=\"auto\"><a href=\"https:\/\/vozolvapen.de\/pl\/product-category\/vozol-vape\/\" target=\"_blank\" rel=\"noopener noreferrer nofollow\">Zobacz pe\u0142n\u0105 kolekcj\u0119 VOZOL Vape \u2192<\/a><\/p>","protected":false},"excerpt":{"rendered":"<p><span data-path-to-node=\"4,18,2,0\"><b>Kremowy melon spadziowy<\/b> owini\u0119ty s\u0142odkim, cukrowym finiszem z gumy balonowej.<\/span><\/p>","protected":false},"featured_media":19335,"comment_status":"open","ping_status":"closed","template":"","meta":{"_acf_changed":false},"product_brand":[],"product_cat":[134,69],"product_tag":[],"class_list":{"0":"post-19115","1":"product","2":"type-product","3":"status-publish","4":"has-post-thumbnail","6":"product_cat-eu-warehouse-in-stock","7":"product_cat-vozol-star-40000-puffs-vape","9":"first","10":"instock","11":"shipping-taxable","12":"purchasable","13":"product-type-variable"},"acf":[],"yoast_head":"<!-- This site is optimized with the Yoast SEO Premium plugin v26.1 (Yoast SEO v27.5) - https:\/\/yoast.com\/product\/yoast-seo-premium-wordpress\/ -->\n<title>VOZOL Star 40000 Melon Gum | Honeydew Bubblegum Vape - vozolvapen<\/title>\n<meta name=\"description\" content=\"VOZOL Star 40000 Melon Gum. Sweet honeydew melon wrapped in a classic bubblegum taste. 40k puffs disposable. 5% Nicotine.\" \/>\n<meta name=\"robots\" content=\"index, follow, max-snippet:-1, max-image-preview:large, max-video-preview:-1\" \/>\n<link rel=\"canonical\" href=\"https:\/\/vozolvapen.de\/pl\/product\/vozol-star-40000-melon-gum\/\" \/>\n<meta property=\"og:locale\" content=\"pl_PL\" \/>\n<meta property=\"og:type\" content=\"article\" \/>\n<meta property=\"og:title\" content=\"Vozol Star 40000 - Melon Gum\" \/>\n<meta property=\"og:description\" content=\"VOZOL Star 40000 Melon Gum. Sweet honeydew melon wrapped in a classic bubblegum taste. 40k puffs disposable. 5% Nicotine.\" \/>\n<meta property=\"og:url\" content=\"https:\/\/vozolvapen.de\/pl\/product\/vozol-star-40000-melon-gum\/\" \/>\n<meta property=\"og:site_name\" content=\"vozolvapen\" \/>\n<meta property=\"article:modified_time\" content=\"2026-02-10T12:33:53+00:00\" \/>\n<meta property=\"og:image\" content=\"https:\/\/vozolvapen.de\/wp-content\/uploads\/2025\/12\/Vozol-Star-40000-Melon-Gum.webp\" \/>\n\t<meta property=\"og:image:width\" content=\"1200\" \/>\n\t<meta property=\"og:image:height\" content=\"1200\" \/>\n\t<meta property=\"og:image:type\" content=\"image\/webp\" \/>\n<meta name=\"twitter:card\" content=\"summary_large_image\" \/>\n<meta name=\"twitter:label1\" content=\"Szacowany czas czytania\" \/>\n\t<meta name=\"twitter:data1\" content=\"2 minuty\" \/>\n<script type=\"application\/ld+json\" class=\"yoast-schema-graph\">{\"@context\":\"https:\\\/\\\/schema.org\",\"@graph\":[{\"@type\":\"WebPage\",\"@id\":\"https:\\\/\\\/vozolvapen.de\\\/product\\\/vozol-star-40000-melon-gum\\\/\",\"url\":\"https:\\\/\\\/vozolvapen.de\\\/product\\\/vozol-star-40000-melon-gum\\\/\",\"name\":\"VOZOL Star 40000 Melon Gum | Honeydew Bubblegum Vape - vozolvapen\",\"isPartOf\":{\"@id\":\"https:\\\/\\\/vozolvapen.de\\\/#website\"},\"primaryImageOfPage\":{\"@id\":\"https:\\\/\\\/vozolvapen.de\\\/product\\\/vozol-star-40000-melon-gum\\\/#primaryimage\"},\"image\":{\"@id\":\"https:\\\/\\\/vozolvapen.de\\\/product\\\/vozol-star-40000-melon-gum\\\/#primaryimage\"},\"thumbnailUrl\":\"https:\\\/\\\/vozolvapen.de\\\/wp-content\\\/uploads\\\/2025\\\/12\\\/Vozol-Star-40000-Melon-Gum.webp\",\"datePublished\":\"2025-12-08T10:23:52+00:00\",\"dateModified\":\"2026-02-10T12:33:53+00:00\",\"description\":\"VOZOL Star 40000 Melon Gum. Sweet honeydew melon wrapped in a classic bubblegum taste. 40k puffs disposable. 5% Nicotine.\",\"breadcrumb\":{\"@id\":\"https:\\\/\\\/vozolvapen.de\\\/product\\\/vozol-star-40000-melon-gum\\\/#breadcrumb\"},\"inLanguage\":\"pl-PL\",\"potentialAction\":[{\"@type\":\"ReadAction\",\"target\":[\"https:\\\/\\\/vozolvapen.de\\\/product\\\/vozol-star-40000-melon-gum\\\/\"]}]},{\"@type\":\"ImageObject\",\"inLanguage\":\"pl-PL\",\"@id\":\"https:\\\/\\\/vozolvapen.de\\\/product\\\/vozol-star-40000-melon-gum\\\/#primaryimage\",\"url\":\"https:\\\/\\\/vozolvapen.de\\\/wp-content\\\/uploads\\\/2025\\\/12\\\/Vozol-Star-40000-Melon-Gum.webp\",\"contentUrl\":\"https:\\\/\\\/vozolvapen.de\\\/wp-content\\\/uploads\\\/2025\\\/12\\\/Vozol-Star-40000-Melon-Gum.webp\",\"width\":1200,\"height\":1200,\"caption\":\"Vozol Star 40000 - Melon Gum\"},{\"@type\":\"BreadcrumbList\",\"@id\":\"https:\\\/\\\/vozolvapen.de\\\/product\\\/vozol-star-40000-melon-gum\\\/#breadcrumb\",\"itemListElement\":[{\"@type\":\"ListItem\",\"position\":1,\"name\":\"Home\",\"item\":\"https:\\\/\\\/vozolvapen.de\\\/de\\\/\"},{\"@type\":\"ListItem\",\"position\":2,\"name\":\"Shop\",\"item\":\"https:\\\/\\\/vozolvapen.de\\\/shop\\\/\"},{\"@type\":\"ListItem\",\"position\":3,\"name\":\"Vozol Star 40000 &#8211; Melon Gum\"}]},{\"@type\":\"WebSite\",\"@id\":\"https:\\\/\\\/vozolvapen.de\\\/#website\",\"url\":\"https:\\\/\\\/vozolvapen.de\\\/\",\"name\":\"vozolvapen\",\"description\":\"vozolvapen\",\"publisher\":{\"@id\":\"https:\\\/\\\/vozolvapen.de\\\/#organization\"},\"potentialAction\":[{\"@type\":\"SearchAction\",\"target\":{\"@type\":\"EntryPoint\",\"urlTemplate\":\"https:\\\/\\\/vozolvapen.de\\\/?s={search_term_string}\"},\"query-input\":{\"@type\":\"PropertyValueSpecification\",\"valueRequired\":true,\"valueName\":\"search_term_string\"}}],\"inLanguage\":\"pl-PL\"},{\"@type\":\"Organization\",\"@id\":\"https:\\\/\\\/vozolvapen.de\\\/#organization\",\"name\":\"vozolvapen\",\"url\":\"https:\\\/\\\/vozolvapen.de\\\/\",\"logo\":{\"@type\":\"ImageObject\",\"inLanguage\":\"pl-PL\",\"@id\":\"https:\\\/\\\/vozolvapen.de\\\/#\\\/schema\\\/logo\\\/image\\\/\",\"url\":\"https:\\\/\\\/vozolvapen.de\\\/wp-content\\\/uploads\\\/2025\\\/12\\\/cropped-vozovapen-logo.webp\",\"contentUrl\":\"https:\\\/\\\/vozolvapen.de\\\/wp-content\\\/uploads\\\/2025\\\/12\\\/cropped-vozovapen-logo.webp\",\"width\":470,\"height\":110,\"caption\":\"vozolvapen\"},\"image\":{\"@id\":\"https:\\\/\\\/vozolvapen.de\\\/#\\\/schema\\\/logo\\\/image\\\/\"}}]}<\/script>\n<!-- \/ Yoast SEO Premium plugin. -->","yoast_head_json":{"title":"VOZOL Star 40000 Melon Gum | Honeydew Bubblegum Vape - vozolvapen","description":"VOZOL Star 40000 Melon Gum. S\u0142odki melon spadziowy w klasycznym smaku gumy balonowej. Jednorazowe 40 tys. zaci\u0105gni\u0119\u0107. Nikotyna 5%.","robots":{"index":"index","follow":"follow","max-snippet":"max-snippet:-1","max-image-preview":"max-image-preview:large","max-video-preview":"max-video-preview:-1"},"canonical":"https:\/\/vozolvapen.de\/pl\/product\/vozol-star-40000-melon-gum\/","og_locale":"pl_PL","og_type":"article","og_title":"Vozol Star 40000 - Melon Gum","og_description":"VOZOL Star 40000 Melon Gum. Sweet honeydew melon wrapped in a classic bubblegum taste. 40k puffs disposable. 5% Nicotine.","og_url":"https:\/\/vozolvapen.de\/pl\/product\/vozol-star-40000-melon-gum\/","og_site_name":"vozolvapen","article_modified_time":"2026-02-10T12:33:53+00:00","og_image":[{"width":1200,"height":1200,"url":"https:\/\/vozolvapen.de\/wp-content\/uploads\/2025\/12\/Vozol-Star-40000-Melon-Gum.webp","type":"image\/webp"}],"twitter_card":"summary_large_image","twitter_misc":{"Szacowany czas czytania":"2 minuty"},"schema":{"@context":"https:\/\/schema.org","@graph":[{"@type":"WebPage","@id":"https:\/\/vozolvapen.de\/product\/vozol-star-40000-melon-gum\/","url":"https:\/\/vozolvapen.de\/product\/vozol-star-40000-melon-gum\/","name":"VOZOL Star 40000 Melon Gum | Honeydew Bubblegum Vape - vozolvapen","isPartOf":{"@id":"https:\/\/vozolvapen.de\/#website"},"primaryImageOfPage":{"@id":"https:\/\/vozolvapen.de\/product\/vozol-star-40000-melon-gum\/#primaryimage"},"image":{"@id":"https:\/\/vozolvapen.de\/product\/vozol-star-40000-melon-gum\/#primaryimage"},"thumbnailUrl":"https:\/\/vozolvapen.de\/wp-content\/uploads\/2025\/12\/Vozol-Star-40000-Melon-Gum.webp","datePublished":"2025-12-08T10:23:52+00:00","dateModified":"2026-02-10T12:33:53+00:00","description":"VOZOL Star 40000 Melon Gum. S\u0142odki melon spadziowy w klasycznym smaku gumy balonowej. Jednorazowe 40 tys. zaci\u0105gni\u0119\u0107. Nikotyna 5%.","breadcrumb":{"@id":"https:\/\/vozolvapen.de\/product\/vozol-star-40000-melon-gum\/#breadcrumb"},"inLanguage":"pl-PL","potentialAction":[{"@type":"ReadAction","target":["https:\/\/vozolvapen.de\/product\/vozol-star-40000-melon-gum\/"]}]},{"@type":"ImageObject","inLanguage":"pl-PL","@id":"https:\/\/vozolvapen.de\/product\/vozol-star-40000-melon-gum\/#primaryimage","url":"https:\/\/vozolvapen.de\/wp-content\/uploads\/2025\/12\/Vozol-Star-40000-Melon-Gum.webp","contentUrl":"https:\/\/vozolvapen.de\/wp-content\/uploads\/2025\/12\/Vozol-Star-40000-Melon-Gum.webp","width":1200,"height":1200,"caption":"Vozol Star 40000 - Melon Gum"},{"@type":"BreadcrumbList","@id":"https:\/\/vozolvapen.de\/product\/vozol-star-40000-melon-gum\/#breadcrumb","itemListElement":[{"@type":"ListItem","position":1,"name":"Home","item":"https:\/\/vozolvapen.de\/de\/"},{"@type":"ListItem","position":2,"name":"Shop","item":"https:\/\/vozolvapen.de\/shop\/"},{"@type":"ListItem","position":3,"name":"Vozol Star 40000 &#8211; Melon Gum"}]},{"@type":"WebSite","@id":"https:\/\/vozolvapen.de\/#website","url":"https:\/\/vozolvapen.de\/","name":"vozolvapen","description":"vozolvapen","publisher":{"@id":"https:\/\/vozolvapen.de\/#organization"},"potentialAction":[{"@type":"SearchAction","target":{"@type":"EntryPoint","urlTemplate":"https:\/\/vozolvapen.de\/?s={search_term_string}"},"query-input":{"@type":"PropertyValueSpecification","valueRequired":true,"valueName":"search_term_string"}}],"inLanguage":"pl-PL"},{"@type":"Organization","@id":"https:\/\/vozolvapen.de\/#organization","name":"vozolvapen","url":"https:\/\/vozolvapen.de\/","logo":{"@type":"ImageObject","inLanguage":"pl-PL","@id":"https:\/\/vozolvapen.de\/#\/schema\/logo\/image\/","url":"https:\/\/vozolvapen.de\/wp-content\/uploads\/2025\/12\/cropped-vozovapen-logo.webp","contentUrl":"https:\/\/vozolvapen.de\/wp-content\/uploads\/2025\/12\/cropped-vozovapen-logo.webp","width":470,"height":110,"caption":"vozolvapen"},"image":{"@id":"https:\/\/vozolvapen.de\/#\/schema\/logo\/image\/"}}]}},"tiered_pricing_type":"fixed","tiered_pricing_fixed_rules":{"30":"12.98","50":"11.48","100":"10.98","200":"10.48"},"tiered_pricing_product_settings":{"layout":"default","base_unit_name":{"singular":null,"plural":null},"default_variation":{}},"tiered_pricing_minimum_quantity":10,"tiered_pricing_roles_data":[],"tiered_pricing_percentage_rules":[],"tiered_pricing_maximum_quantity":null,"tiered_pricing_quantity_step":"10","_links":{"self":[{"href":"http:\/\/vozolvapen.de\/pl\/wp-json\/wp\/v2\/product\/19115","targetHints":{"allow":["GET"]}}],"collection":[{"href":"http:\/\/vozolvapen.de\/pl\/wp-json\/wp\/v2\/product"}],"about":[{"href":"http:\/\/vozolvapen.de\/pl\/wp-json\/wp\/v2\/types\/product"}],"replies":[{"embeddable":true,"href":"http:\/\/vozolvapen.de\/pl\/wp-json\/wp\/v2\/comments?post=19115"}],"wp:featuredmedia":[{"embeddable":true,"href":"http:\/\/vozolvapen.de\/pl\/wp-json\/wp\/v2\/media\/19335"}],"wp:attachment":[{"href":"http:\/\/vozolvapen.de\/pl\/wp-json\/wp\/v2\/media?parent=19115"}],"wp:term":[{"taxonomy":"product_brand","embeddable":true,"href":"http:\/\/vozolvapen.de\/pl\/wp-json\/wp\/v2\/product_brand?post=19115"},{"taxonomy":"product_cat","embeddable":true,"href":"http:\/\/vozolvapen.de\/pl\/wp-json\/wp\/v2\/product_cat?post=19115"},{"taxonomy":"product_tag","embeddable":true,"href":"http:\/\/vozolvapen.de\/pl\/wp-json\/wp\/v2\/product_tag?post=19115"}],"curies":[{"name":"wp","href":"https:\/\/api.w.org\/{rel}","templated":true}]}}