{"id":19141,"date":"2025-12-08T10:23:54","date_gmt":"2025-12-08T10:23:54","guid":{"rendered":"https:\/\/vozolvapen.de\/?post_type=product&#038;p=19141"},"modified":"2026-02-10T12:33:50","modified_gmt":"2026-02-10T12:33:50","slug":"vozol-star-40000-watermelon-bubble-gum","status":"publish","type":"product","link":"http:\/\/vozolvapen.de\/pl\/product\/vozol-star-40000-watermelon-bubble-gum\/","title":{"rendered":"Vozol Star 40000 - arbuzowa guma balonowa"},"content":{"rendered":"<h1 data-path-to-node=\"59,2,0\">VOZOL Star 40000 Puffs - arbuzowa guma balonowa<\/h1>\n<p data-path-to-node=\"59,3,0\"><b>Pop zabawnego smaku<\/b> Pami\u0119tasz swoje ulubione s\u0142odycze z dzieci\u0144stwa? <b>VOZOL Star 40000 Arbuzowa guma balonowa<\/b> dok\u0142adnie odwzorowuje ten smak. Pocz\u0105tkowe uderzenie to soczysty, sztuczny arbuz (w najlepszy spos\u00f3b), po kt\u00f3rym szybko nast\u0119puje wyra\u017any, s\u0142odki smak r\u00f3\u017cowej gumy balonowej. Jest zabawny, figlarny i wytwarza aromatyczne chmury, kt\u00f3re pachn\u0105 tak dobrze, jak smakuj\u0105.<\/p>\n<h2 data-path-to-node=\"59,3,1\"><b>D\u0142ugotrwa\u0142a s\u0142odycz<\/b><\/h2>\n<p data-path-to-node=\"59,3,1\">Smaki cukierk\u00f3w s\u0105 najlepsze, gdy s\u0105 trwa\u0142e, a z <b>40 000 zaci\u0105gni\u0119\u0107<\/b>, ten z pewno\u015bci\u0105 to robi. Zbiornik o pojemno\u015bci 20 ml zawiera wystarczaj\u0105c\u0105 ilo\u015b\u0107 e-liquidu, aby utrzyma\u0107 intensywny smak przez wiele tygodni. To najlepsza uczta bez poczucia winy dla doros\u0142ych waper\u00f3w.<b>Specyfikacja<\/b><\/p>\n<ul>\n<li data-path-to-node=\"59,4,1,0,0\"><b>Puffy:<\/b> Do 40 000<\/li>\n<li data-path-to-node=\"59,4,1,1,0\"><b>Smak:<\/b> Arbuz, guma balonowa<\/li>\n<li data-path-to-node=\"59,4,1,2,0\"><b>E-liquid:<\/b> 20 ml<\/li>\n<li data-path-to-node=\"59,4,1,3,0\"><b>Cewka:<\/b> Podw\u00f3jna siatka 0,65\u03a9*2<\/li>\n<\/ul>\n<h3 dir=\"auto\">Oto dalsze zalecenia dla Ciebie:<\/h3>\n<p dir=\"auto\">Odkryj jeszcze wi\u0119cej niesamowitych smak\u00f3w dzi\u0119ki Vozol Star 40000 Puff Vape!<\/p>\n<p dir=\"auto\"><a href=\"https:\/\/vozolvapen.de\/pl\/product-category\/vozol-vape\/vozol-star-40000-puffs-vape\/\" target=\"_blank\" rel=\"noopener noreferrer nofollow\">Zobacz wszystkie odmiany tutaj \u2192<\/a><\/p>\n<p dir=\"auto\">Zapoznaj si\u0119 z nasz\u0105 pe\u0142n\u0105 kolekcj\u0105 i kupuj produkty najlepszych marek vape, kt\u00f3re pokochasz.<\/p>\n<p dir=\"auto\"><a href=\"https:\/\/vozolvapen.de\/pl\/\" target=\"_blank\" rel=\"noopener noreferrer nofollow\">Przegl\u0105daj teraz wszystkie marki \u2192<\/a><\/p>\n<p dir=\"auto\">Sprawd\u017a ca\u0142\u0105 seri\u0119 VOZOL Vape - ka\u017cdy smak, ka\u017cdy styl!<\/p>\n<p dir=\"auto\"><a href=\"https:\/\/vozolvapen.de\/pl\/product-category\/vozol-vape\/\" target=\"_blank\" rel=\"noopener noreferrer nofollow\">Zobacz pe\u0142n\u0105 kolekcj\u0119 VOZOL Vape \u2192<\/a><\/p>","protected":false},"excerpt":{"rendered":"<p><span data-path-to-node=\"4,19,2,0\"><b>Zabawne i nostalgiczne.<\/b> Soczysty arbuzowy smak cukierk\u00f3w z wyra\u017an\u0105 r\u00f3\u017cow\u0105 baz\u0105 gumy balonowej.<\/span><\/p>","protected":false},"featured_media":19337,"comment_status":"open","ping_status":"closed","template":"","meta":{"_acf_changed":false},"product_brand":[],"product_cat":[134,69],"product_tag":[],"class_list":{"0":"post-19141","1":"product","2":"type-product","3":"status-publish","4":"has-post-thumbnail","6":"product_cat-eu-warehouse-in-stock","7":"product_cat-vozol-star-40000-puffs-vape","9":"first","10":"instock","11":"shipping-taxable","12":"purchasable","13":"product-type-variable"},"acf":[],"yoast_head":"<!-- This site is optimized with the Yoast SEO Premium plugin v26.1 (Yoast SEO v27.5) - https:\/\/yoast.com\/product\/yoast-seo-premium-wordpress\/ -->\n<title>VOZOL Star 40000 Watermelon Bubble Gum | Candy Flavor - vozolvapen<\/title>\n<meta name=\"description\" content=\"VOZOL Star 40000 Watermelon Bubble Gum. Juicy watermelon meets sweet pink gum. A fun, sugary vape for sweet tooths. 40,000 Puffs.\" \/>\n<meta name=\"robots\" content=\"index, follow, max-snippet:-1, max-image-preview:large, max-video-preview:-1\" \/>\n<link rel=\"canonical\" href=\"https:\/\/vozolvapen.de\/pl\/product\/vozol-star-40000-watermelon-bubble-gum\/\" \/>\n<meta property=\"og:locale\" content=\"pl_PL\" \/>\n<meta property=\"og:type\" content=\"article\" \/>\n<meta property=\"og:title\" content=\"Vozol Star 40000 - Watermelon Bubble Gum\" \/>\n<meta property=\"og:description\" content=\"VOZOL Star 40000 Watermelon Bubble Gum. Juicy watermelon meets sweet pink gum. A fun, sugary vape for sweet tooths. 40,000 Puffs.\" \/>\n<meta property=\"og:url\" content=\"https:\/\/vozolvapen.de\/pl\/product\/vozol-star-40000-watermelon-bubble-gum\/\" \/>\n<meta property=\"og:site_name\" content=\"vozolvapen\" \/>\n<meta property=\"article:modified_time\" content=\"2026-02-10T12:33:50+00:00\" \/>\n<meta property=\"og:image\" content=\"https:\/\/vozolvapen.de\/wp-content\/uploads\/2025\/12\/Watermelon-Bubble-Gum.webp\" \/>\n\t<meta property=\"og:image:width\" content=\"1200\" \/>\n\t<meta property=\"og:image:height\" content=\"1200\" \/>\n\t<meta property=\"og:image:type\" content=\"image\/webp\" \/>\n<meta name=\"twitter:card\" content=\"summary_large_image\" \/>\n<meta name=\"twitter:label1\" content=\"Szacowany czas czytania\" \/>\n\t<meta name=\"twitter:data1\" content=\"1 minuta\" \/>\n<script type=\"application\/ld+json\" class=\"yoast-schema-graph\">{\"@context\":\"https:\\\/\\\/schema.org\",\"@graph\":[{\"@type\":\"WebPage\",\"@id\":\"https:\\\/\\\/vozolvapen.de\\\/product\\\/vozol-star-40000-watermelon-bubble-gum\\\/\",\"url\":\"https:\\\/\\\/vozolvapen.de\\\/product\\\/vozol-star-40000-watermelon-bubble-gum\\\/\",\"name\":\"VOZOL Star 40000 Watermelon Bubble Gum | Candy Flavor - vozolvapen\",\"isPartOf\":{\"@id\":\"https:\\\/\\\/vozolvapen.de\\\/#website\"},\"primaryImageOfPage\":{\"@id\":\"https:\\\/\\\/vozolvapen.de\\\/product\\\/vozol-star-40000-watermelon-bubble-gum\\\/#primaryimage\"},\"image\":{\"@id\":\"https:\\\/\\\/vozolvapen.de\\\/product\\\/vozol-star-40000-watermelon-bubble-gum\\\/#primaryimage\"},\"thumbnailUrl\":\"https:\\\/\\\/vozolvapen.de\\\/wp-content\\\/uploads\\\/2025\\\/12\\\/Watermelon-Bubble-Gum.webp\",\"datePublished\":\"2025-12-08T10:23:54+00:00\",\"dateModified\":\"2026-02-10T12:33:50+00:00\",\"description\":\"VOZOL Star 40000 Watermelon Bubble Gum. Juicy watermelon meets sweet pink gum. A fun, sugary vape for sweet tooths. 40,000 Puffs.\",\"breadcrumb\":{\"@id\":\"https:\\\/\\\/vozolvapen.de\\\/product\\\/vozol-star-40000-watermelon-bubble-gum\\\/#breadcrumb\"},\"inLanguage\":\"pl-PL\",\"potentialAction\":[{\"@type\":\"ReadAction\",\"target\":[\"https:\\\/\\\/vozolvapen.de\\\/product\\\/vozol-star-40000-watermelon-bubble-gum\\\/\"]}]},{\"@type\":\"ImageObject\",\"inLanguage\":\"pl-PL\",\"@id\":\"https:\\\/\\\/vozolvapen.de\\\/product\\\/vozol-star-40000-watermelon-bubble-gum\\\/#primaryimage\",\"url\":\"https:\\\/\\\/vozolvapen.de\\\/wp-content\\\/uploads\\\/2025\\\/12\\\/Watermelon-Bubble-Gum.webp\",\"contentUrl\":\"https:\\\/\\\/vozolvapen.de\\\/wp-content\\\/uploads\\\/2025\\\/12\\\/Watermelon-Bubble-Gum.webp\",\"width\":1200,\"height\":1200,\"caption\":\"Watermelon Bubble Gum\"},{\"@type\":\"BreadcrumbList\",\"@id\":\"https:\\\/\\\/vozolvapen.de\\\/product\\\/vozol-star-40000-watermelon-bubble-gum\\\/#breadcrumb\",\"itemListElement\":[{\"@type\":\"ListItem\",\"position\":1,\"name\":\"Home\",\"item\":\"https:\\\/\\\/vozolvapen.de\\\/de\\\/\"},{\"@type\":\"ListItem\",\"position\":2,\"name\":\"Shop\",\"item\":\"https:\\\/\\\/vozolvapen.de\\\/shop\\\/\"},{\"@type\":\"ListItem\",\"position\":3,\"name\":\"Vozol Star 40000 &#8211; Watermelon Bubble Gum\"}]},{\"@type\":\"WebSite\",\"@id\":\"https:\\\/\\\/vozolvapen.de\\\/#website\",\"url\":\"https:\\\/\\\/vozolvapen.de\\\/\",\"name\":\"vozolvapen\",\"description\":\"vozolvapen\",\"publisher\":{\"@id\":\"https:\\\/\\\/vozolvapen.de\\\/#organization\"},\"potentialAction\":[{\"@type\":\"SearchAction\",\"target\":{\"@type\":\"EntryPoint\",\"urlTemplate\":\"https:\\\/\\\/vozolvapen.de\\\/?s={search_term_string}\"},\"query-input\":{\"@type\":\"PropertyValueSpecification\",\"valueRequired\":true,\"valueName\":\"search_term_string\"}}],\"inLanguage\":\"pl-PL\"},{\"@type\":\"Organization\",\"@id\":\"https:\\\/\\\/vozolvapen.de\\\/#organization\",\"name\":\"vozolvapen\",\"url\":\"https:\\\/\\\/vozolvapen.de\\\/\",\"logo\":{\"@type\":\"ImageObject\",\"inLanguage\":\"pl-PL\",\"@id\":\"https:\\\/\\\/vozolvapen.de\\\/#\\\/schema\\\/logo\\\/image\\\/\",\"url\":\"https:\\\/\\\/vozolvapen.de\\\/wp-content\\\/uploads\\\/2025\\\/12\\\/cropped-vozovapen-logo.webp\",\"contentUrl\":\"https:\\\/\\\/vozolvapen.de\\\/wp-content\\\/uploads\\\/2025\\\/12\\\/cropped-vozovapen-logo.webp\",\"width\":470,\"height\":110,\"caption\":\"vozolvapen\"},\"image\":{\"@id\":\"https:\\\/\\\/vozolvapen.de\\\/#\\\/schema\\\/logo\\\/image\\\/\"}}]}<\/script>\n<!-- \/ Yoast SEO Premium plugin. -->","yoast_head_json":{"title":"VOZOL Star 40000 Watermelon Bubble Gum | Cukierkowy smak - vozolvapen","description":"Guma balonowa VOZOL Star 40000 Watermelon. Soczysty arbuz \u0142\u0105czy si\u0119 ze s\u0142odk\u0105 r\u00f3\u017cow\u0105 gum\u0105. Zabawny, s\u0142odki vape dla mi\u0142o\u015bnik\u00f3w s\u0142odyczy. 40 000 zaci\u0105gni\u0119\u0107.","robots":{"index":"index","follow":"follow","max-snippet":"max-snippet:-1","max-image-preview":"max-image-preview:large","max-video-preview":"max-video-preview:-1"},"canonical":"https:\/\/vozolvapen.de\/pl\/product\/vozol-star-40000-watermelon-bubble-gum\/","og_locale":"pl_PL","og_type":"article","og_title":"Vozol Star 40000 - Watermelon Bubble Gum","og_description":"VOZOL Star 40000 Watermelon Bubble Gum. Juicy watermelon meets sweet pink gum. A fun, sugary vape for sweet tooths. 40,000 Puffs.","og_url":"https:\/\/vozolvapen.de\/pl\/product\/vozol-star-40000-watermelon-bubble-gum\/","og_site_name":"vozolvapen","article_modified_time":"2026-02-10T12:33:50+00:00","og_image":[{"width":1200,"height":1200,"url":"https:\/\/vozolvapen.de\/wp-content\/uploads\/2025\/12\/Watermelon-Bubble-Gum.webp","type":"image\/webp"}],"twitter_card":"summary_large_image","twitter_misc":{"Szacowany czas czytania":"1 minuta"},"schema":{"@context":"https:\/\/schema.org","@graph":[{"@type":"WebPage","@id":"https:\/\/vozolvapen.de\/product\/vozol-star-40000-watermelon-bubble-gum\/","url":"https:\/\/vozolvapen.de\/product\/vozol-star-40000-watermelon-bubble-gum\/","name":"VOZOL Star 40000 Watermelon Bubble Gum | Cukierkowy smak - vozolvapen","isPartOf":{"@id":"https:\/\/vozolvapen.de\/#website"},"primaryImageOfPage":{"@id":"https:\/\/vozolvapen.de\/product\/vozol-star-40000-watermelon-bubble-gum\/#primaryimage"},"image":{"@id":"https:\/\/vozolvapen.de\/product\/vozol-star-40000-watermelon-bubble-gum\/#primaryimage"},"thumbnailUrl":"https:\/\/vozolvapen.de\/wp-content\/uploads\/2025\/12\/Watermelon-Bubble-Gum.webp","datePublished":"2025-12-08T10:23:54+00:00","dateModified":"2026-02-10T12:33:50+00:00","description":"Guma balonowa VOZOL Star 40000 Watermelon. Soczysty arbuz \u0142\u0105czy si\u0119 ze s\u0142odk\u0105 r\u00f3\u017cow\u0105 gum\u0105. Zabawny, s\u0142odki vape dla mi\u0142o\u015bnik\u00f3w s\u0142odyczy. 40 000 zaci\u0105gni\u0119\u0107.","breadcrumb":{"@id":"https:\/\/vozolvapen.de\/product\/vozol-star-40000-watermelon-bubble-gum\/#breadcrumb"},"inLanguage":"pl-PL","potentialAction":[{"@type":"ReadAction","target":["https:\/\/vozolvapen.de\/product\/vozol-star-40000-watermelon-bubble-gum\/"]}]},{"@type":"ImageObject","inLanguage":"pl-PL","@id":"https:\/\/vozolvapen.de\/product\/vozol-star-40000-watermelon-bubble-gum\/#primaryimage","url":"https:\/\/vozolvapen.de\/wp-content\/uploads\/2025\/12\/Watermelon-Bubble-Gum.webp","contentUrl":"https:\/\/vozolvapen.de\/wp-content\/uploads\/2025\/12\/Watermelon-Bubble-Gum.webp","width":1200,"height":1200,"caption":"Watermelon Bubble Gum"},{"@type":"BreadcrumbList","@id":"https:\/\/vozolvapen.de\/product\/vozol-star-40000-watermelon-bubble-gum\/#breadcrumb","itemListElement":[{"@type":"ListItem","position":1,"name":"Home","item":"https:\/\/vozolvapen.de\/de\/"},{"@type":"ListItem","position":2,"name":"Shop","item":"https:\/\/vozolvapen.de\/shop\/"},{"@type":"ListItem","position":3,"name":"Vozol Star 40000 &#8211; Watermelon Bubble Gum"}]},{"@type":"WebSite","@id":"https:\/\/vozolvapen.de\/#website","url":"https:\/\/vozolvapen.de\/","name":"vozolvapen","description":"vozolvapen","publisher":{"@id":"https:\/\/vozolvapen.de\/#organization"},"potentialAction":[{"@type":"SearchAction","target":{"@type":"EntryPoint","urlTemplate":"https:\/\/vozolvapen.de\/?s={search_term_string}"},"query-input":{"@type":"PropertyValueSpecification","valueRequired":true,"valueName":"search_term_string"}}],"inLanguage":"pl-PL"},{"@type":"Organization","@id":"https:\/\/vozolvapen.de\/#organization","name":"vozolvapen","url":"https:\/\/vozolvapen.de\/","logo":{"@type":"ImageObject","inLanguage":"pl-PL","@id":"https:\/\/vozolvapen.de\/#\/schema\/logo\/image\/","url":"https:\/\/vozolvapen.de\/wp-content\/uploads\/2025\/12\/cropped-vozovapen-logo.webp","contentUrl":"https:\/\/vozolvapen.de\/wp-content\/uploads\/2025\/12\/cropped-vozovapen-logo.webp","width":470,"height":110,"caption":"vozolvapen"},"image":{"@id":"https:\/\/vozolvapen.de\/#\/schema\/logo\/image\/"}}]}},"tiered_pricing_type":"fixed","tiered_pricing_fixed_rules":{"30":"12.98","50":"11.48","100":"10.98","200":"10.48"},"tiered_pricing_product_settings":{"layout":"default","base_unit_name":{"singular":null,"plural":null},"default_variation":{}},"tiered_pricing_minimum_quantity":10,"tiered_pricing_roles_data":[],"tiered_pricing_percentage_rules":[],"tiered_pricing_maximum_quantity":null,"tiered_pricing_quantity_step":"10","_links":{"self":[{"href":"http:\/\/vozolvapen.de\/pl\/wp-json\/wp\/v2\/product\/19141","targetHints":{"allow":["GET"]}}],"collection":[{"href":"http:\/\/vozolvapen.de\/pl\/wp-json\/wp\/v2\/product"}],"about":[{"href":"http:\/\/vozolvapen.de\/pl\/wp-json\/wp\/v2\/types\/product"}],"replies":[{"embeddable":true,"href":"http:\/\/vozolvapen.de\/pl\/wp-json\/wp\/v2\/comments?post=19141"}],"wp:featuredmedia":[{"embeddable":true,"href":"http:\/\/vozolvapen.de\/pl\/wp-json\/wp\/v2\/media\/19337"}],"wp:attachment":[{"href":"http:\/\/vozolvapen.de\/pl\/wp-json\/wp\/v2\/media?parent=19141"}],"wp:term":[{"taxonomy":"product_brand","embeddable":true,"href":"http:\/\/vozolvapen.de\/pl\/wp-json\/wp\/v2\/product_brand?post=19141"},{"taxonomy":"product_cat","embeddable":true,"href":"http:\/\/vozolvapen.de\/pl\/wp-json\/wp\/v2\/product_cat?post=19141"},{"taxonomy":"product_tag","embeddable":true,"href":"http:\/\/vozolvapen.de\/pl\/wp-json\/wp\/v2\/product_tag?post=19141"}],"curies":[{"name":"wp","href":"https:\/\/api.w.org\/{rel}","templated":true}]}}