{"id":19508,"date":"2025-12-09T08:38:56","date_gmt":"2025-12-09T08:38:56","guid":{"rendered":"https:\/\/vozolvapen.de\/?post_type=product&#038;p=19508"},"modified":"2026-02-10T12:33:30","modified_gmt":"2026-02-10T12:33:30","slug":"puff-20k-bang-leader-20000-mango-peach","status":"publish","type":"product","link":"http:\/\/vozolvapen.de\/pl\/product\/puff-20k-bang-leader-20000-mango-peach\/","title":{"rendered":"Puff 20k Bang Leader 20000 - Mango Peach"},"content":{"rendered":"<h1 data-path-to-node=\"31\"><b>Puff 20k Bang Leader 20000 - Mango Peach Flavor (Ultimate 20k Vape Experience)<\/b><\/h1>\n<p data-path-to-node=\"32\">Smak brzoskwiniowy z mango w <b>Puff 20k Bang Leader 20000<\/b> to soczysta, tropikalna mieszanka idealna dla waper\u00f3w, kt\u00f3rzy preferuj\u0105 bogate, g\u0142adkie profile owocowe. Jako najwy\u017cszej klasy <b>20k vape<\/b>, Urz\u0105dzenie to oferuje niezr\u00f3wnan\u0105 trwa\u0142o\u015b\u0107, gwarantuj\u0105c do <b>20000 Puff\u00f3w<\/b> tego egzotycznego po\u0142\u0105czenia. Zaufaj jako\u015bci i sp\u00f3jno\u015bci <b>Bang Vape<\/b>.<\/p>\n<h2 data-path-to-node=\"33\"><b>Profil smakowy mango-brzoskwinia: Bujny i tropikalny<\/b><\/h2>\n<p data-path-to-node=\"34\">Mango Peach tworzy kremow\u0105, g\u0119st\u0105 par\u0119 zdominowan\u0105 przez s\u0142odki, autentyczny smak soczystego mango i \u0142agodny, delikatny smak dojrza\u0142ych brzoskwi\u0144. Po\u0142\u0105czenie to jest p\u0142ynnie mieszane, co skutkuje g\u0142adkim, wysoce aromatycznym i intensywnie satysfakcjonuj\u0105cym tropikalnym doznaniem. Sk\u0142ad <b>Puff 20000<\/b> Technologia cewki siatkowej zapewnia solidne dostarczanie smaku przez ca\u0142y okres u\u017cytkowania urz\u0105dzenia.<\/p>\n<h2 data-path-to-node=\"35\"><b>G\u0142\u00f3wna technologia Puff 20k Bang Leader 20000<\/b><\/h2>\n<p data-path-to-node=\"36\">The <b>Puff 20k<\/b> zosta\u0142a stworzona z my\u015bl\u0105 o wysokiej wydajno\u015bci i wygodzie:<\/p>\n<ul>\n<li data-path-to-node=\"37,0,0\"><b>Pojemno\u015b\u0107:<\/b> Do <b>20000 Puff\u00f3w<\/b> z <b>20 ml<\/b> wst\u0119pnie nape\u0142niony zbiornik.<\/li>\n<li data-path-to-node=\"37,1,0\"><b>System cewek:<\/b> Wysoka wydajno\u015b\u0107 <b>Siatkowa cewka 0,8\u03a9<\/b> dla zoptymalizowanego dostarczania smaku.<\/li>\n<li data-path-to-node=\"37,2,0\"><b>Akumulator:<\/b> Zintegrowana bateria o pojemno\u015bci 650 mAh gwarantuje, \u017ce urz\u0105dzenie wytrzyma do ostatniej kropli e-liquidu.<\/li>\n<li data-path-to-node=\"37,3,0\"><b>Opcje nikotyny:<\/b> Wybierz poziom nikotyny 0 mg, 20 mg, 30 mg lub 50 mg.<\/li>\n<\/ul>\n<h2 data-path-to-node=\"38\"><b>Specyfikacje: Bang Leader 20000 Mango Peach<\/b><\/h2>\n<table data-path-to-node=\"39\">\n<thead>\n<tr>\n<td><strong>Parametr<\/strong><\/td>\n<td><strong>Szczeg\u00f3\u0142y<\/strong><\/td>\n<\/tr>\n<\/thead>\n<tbody>\n<tr>\n<td><span data-path-to-node=\"39,1,0,0\"><b>Numer modelu<\/b><\/span><\/td>\n<td><span data-path-to-node=\"39,1,1,0\"><b>Bang Leader 20000<\/b><\/span><\/td>\n<\/tr>\n<tr>\n<td><span data-path-to-node=\"39,2,0,0\"><b>Max Puffs<\/b><\/span><\/td>\n<td><span data-path-to-node=\"39,2,1,0\">UP do <b>20000 Puff\u00f3w<\/b><\/span><\/td>\n<\/tr>\n<tr>\n<td><span data-path-to-node=\"39,3,0,0\"><b>Pojemno\u015b\u0107 E-Liquid<\/b><\/span><\/td>\n<td><span data-path-to-node=\"39,3,1,0\"><b>20 ml<\/b> (wst\u0119pnie wype\u0142niony)<\/span><\/td>\n<\/tr>\n<tr>\n<td><span data-path-to-node=\"39,4,0,0\"><b>Typ cewki<\/b><\/span><\/td>\n<td><span data-path-to-node=\"39,4,1,0\">Siatkowa cewka 0,8\u03a9<\/span><\/td>\n<\/tr>\n<tr>\n<td><span data-path-to-node=\"39,5,0,0\"><b>Pojemno\u015b\u0107 akumulatora<\/b><\/span><\/td>\n<td><span data-path-to-node=\"39,5,1,0\">650 mAh (akumulator)<\/span><\/td>\n<\/tr>\n<tr>\n<td><span data-path-to-node=\"39,6,0,0\"><b>Poziom nikotyny<\/b><\/span><\/td>\n<td><span data-path-to-node=\"39,6,1,0\">0% \/ 2% \/ 3% \/ 5%<\/span><\/td>\n<\/tr>\n<tr>\n<td><span data-path-to-node=\"39,7,0,0\"><b>Wysy\u0142ka<\/b><\/span><\/td>\n<td><span data-path-to-node=\"39,7,1,0\">Magazyn europejski (dostawa w ci\u0105gu 1-3 dni)<\/span><\/td>\n<\/tr>\n<\/tbody>\n<\/table>\n<h3 dir=\"auto\">Oto dalsze zalecenia dla Ciebie:<\/h3>\n<p dir=\"auto\">Odkryj jeszcze wi\u0119cej niesamowitych smak\u00f3w dzi\u0119ki Puff 20k Bang Leader 20000 Vape!<\/p>\n<p dir=\"auto\"><a href=\"https:\/\/vozolvapen.de\/pl\/product-category\/bang-vape\/puff-20k-bang-leader-20000-puffs-vape\/\" target=\"_blank\" rel=\"noopener noreferrer nofollow\">Zobacz wszystkie odmiany tutaj \u2192<\/a><\/p>\n<p dir=\"auto\">Zapoznaj si\u0119 z nasz\u0105 pe\u0142n\u0105 kolekcj\u0105 i kupuj produkty najlepszych marek vape, kt\u00f3re pokochasz.<\/p>\n<p dir=\"auto\"><a href=\"https:\/\/vozolvapen.de\/pl\/\" target=\"_blank\" rel=\"noopener noreferrer nofollow\">Przegl\u0105daj teraz wszystkie marki \u2192<\/a><\/p>\n<p dir=\"auto\">Sprawd\u017a ca\u0142\u0105 seri\u0119 Bang Vape - ka\u017cdy smak, ka\u017cdy styl!<\/p>\n<p dir=\"auto\"><a href=\"https:\/\/vozolvapen.de\/pl\/product-category\/bang-vape\/\" target=\"_blank\" rel=\"noopener noreferrer nofollow\">Zobacz pe\u0142n\u0105 kolekcj\u0119 Bang Vape \u2192<\/a><\/p>","protected":false},"excerpt":{"rendered":"<p>Kremowa, soczysta mieszanka egzotycznego mango i g\u0142adkiej, s\u0142odkiej brzoskwini. Bogaty, aromatyczny i g\u0142\u0119boko satysfakcjonuj\u0105cy bez lodu.<\/p>","protected":false},"featured_media":19988,"comment_status":"open","ping_status":"closed","template":"","meta":{"_acf_changed":false},"product_brand":[],"product_cat":[134,70],"product_tag":[],"class_list":{"0":"post-19508","1":"product","2":"type-product","3":"status-publish","4":"has-post-thumbnail","6":"product_cat-eu-warehouse-in-stock","7":"product_cat-puff-20k-bang-leader-20000-puffs-vape","9":"first","10":"instock","11":"shipping-taxable","12":"purchasable","13":"product-type-variable"},"acf":[],"yoast_head":"<!-- This site is optimized with the Yoast SEO Premium plugin v26.1 (Yoast SEO v27.5) - https:\/\/yoast.com\/product\/yoast-seo-premium-wordpress\/ -->\n<title>Mango Peach \ud83e\udd6d\ud83c\udf51 - Official Puff 20k Bang Leader 20000 Disposable - vozolvapen<\/title>\n<meta name=\"description\" content=\"Experience the smooth Mango Peach Puff 20k Bang Leader 20000. Max 20000 Puffs, 20mL e-liquid, 0.8\u03a9 mesh coil. Shop this tropical Bang Vape Puff 20k with fast EU delivery.\" \/>\n<meta name=\"robots\" content=\"index, follow, max-snippet:-1, max-image-preview:large, max-video-preview:-1\" \/>\n<link rel=\"canonical\" href=\"https:\/\/vozolvapen.de\/pl\/product\/puff-20k-bang-leader-20000-mango-peach\/\" \/>\n<meta property=\"og:locale\" content=\"pl_PL\" \/>\n<meta property=\"og:type\" content=\"article\" \/>\n<meta property=\"og:title\" content=\"Puff 20k Bang Leader 20000 - Mango Peach\" \/>\n<meta property=\"og:description\" content=\"Experience the smooth Mango Peach Puff 20k Bang Leader 20000. Max 20000 Puffs, 20mL e-liquid, 0.8\u03a9 mesh coil. Shop this tropical Bang Vape Puff 20k with fast EU delivery.\" \/>\n<meta property=\"og:url\" content=\"https:\/\/vozolvapen.de\/pl\/product\/puff-20k-bang-leader-20000-mango-peach\/\" \/>\n<meta property=\"og:site_name\" content=\"vozolvapen\" \/>\n<meta property=\"article:modified_time\" content=\"2026-02-10T12:33:30+00:00\" \/>\n<meta property=\"og:image\" content=\"https:\/\/vozolvapen.de\/wp-content\/uploads\/2025\/12\/Puff-20k-Bang-Leader-20000-mango-peach-.jpg.webp\" \/>\n\t<meta property=\"og:image:width\" content=\"1000\" \/>\n\t<meta property=\"og:image:height\" content=\"1000\" \/>\n\t<meta property=\"og:image:type\" content=\"image\/webp\" \/>\n<meta name=\"twitter:card\" content=\"summary_large_image\" \/>\n<meta name=\"twitter:label1\" content=\"Szacowany czas czytania\" \/>\n\t<meta name=\"twitter:data1\" content=\"2 minuty\" \/>\n<script type=\"application\/ld+json\" class=\"yoast-schema-graph\">{\"@context\":\"https:\\\/\\\/schema.org\",\"@graph\":[{\"@type\":\"WebPage\",\"@id\":\"https:\\\/\\\/vozolvapen.de\\\/product\\\/puff-20k-bang-leader-20000-mango-peach\\\/\",\"url\":\"https:\\\/\\\/vozolvapen.de\\\/product\\\/puff-20k-bang-leader-20000-mango-peach\\\/\",\"name\":\"Mango Peach \ud83e\udd6d\ud83c\udf51 - Official Puff 20k Bang Leader 20000 Disposable - vozolvapen\",\"isPartOf\":{\"@id\":\"https:\\\/\\\/vozolvapen.de\\\/#website\"},\"primaryImageOfPage\":{\"@id\":\"https:\\\/\\\/vozolvapen.de\\\/product\\\/puff-20k-bang-leader-20000-mango-peach\\\/#primaryimage\"},\"image\":{\"@id\":\"https:\\\/\\\/vozolvapen.de\\\/product\\\/puff-20k-bang-leader-20000-mango-peach\\\/#primaryimage\"},\"thumbnailUrl\":\"https:\\\/\\\/vozolvapen.de\\\/wp-content\\\/uploads\\\/2025\\\/12\\\/Puff-20k-Bang-Leader-20000-mango-peach-.jpg.webp\",\"datePublished\":\"2025-12-09T08:38:56+00:00\",\"dateModified\":\"2026-02-10T12:33:30+00:00\",\"description\":\"Experience the smooth Mango Peach Puff 20k Bang Leader 20000. Max 20000 Puffs, 20mL e-liquid, 0.8\u03a9 mesh coil. Shop this tropical Bang Vape Puff 20k with fast EU delivery.\",\"breadcrumb\":{\"@id\":\"https:\\\/\\\/vozolvapen.de\\\/product\\\/puff-20k-bang-leader-20000-mango-peach\\\/#breadcrumb\"},\"inLanguage\":\"pl-PL\",\"potentialAction\":[{\"@type\":\"ReadAction\",\"target\":[\"https:\\\/\\\/vozolvapen.de\\\/product\\\/puff-20k-bang-leader-20000-mango-peach\\\/\"]}]},{\"@type\":\"ImageObject\",\"inLanguage\":\"pl-PL\",\"@id\":\"https:\\\/\\\/vozolvapen.de\\\/product\\\/puff-20k-bang-leader-20000-mango-peach\\\/#primaryimage\",\"url\":\"https:\\\/\\\/vozolvapen.de\\\/wp-content\\\/uploads\\\/2025\\\/12\\\/Puff-20k-Bang-Leader-20000-mango-peach-.jpg.webp\",\"contentUrl\":\"https:\\\/\\\/vozolvapen.de\\\/wp-content\\\/uploads\\\/2025\\\/12\\\/Puff-20k-Bang-Leader-20000-mango-peach-.jpg.webp\",\"width\":1000,\"height\":1000,\"caption\":\"Puff 20k Bang Leader 20000-mango-peach-.jpg\"},{\"@type\":\"BreadcrumbList\",\"@id\":\"https:\\\/\\\/vozolvapen.de\\\/product\\\/puff-20k-bang-leader-20000-mango-peach\\\/#breadcrumb\",\"itemListElement\":[{\"@type\":\"ListItem\",\"position\":1,\"name\":\"Home\",\"item\":\"https:\\\/\\\/vozolvapen.de\\\/de\\\/\"},{\"@type\":\"ListItem\",\"position\":2,\"name\":\"Shop\",\"item\":\"https:\\\/\\\/vozolvapen.de\\\/shop\\\/\"},{\"@type\":\"ListItem\",\"position\":3,\"name\":\"Puff 20k Bang Leader 20000 &#8211; Mango Peach\"}]},{\"@type\":\"WebSite\",\"@id\":\"https:\\\/\\\/vozolvapen.de\\\/#website\",\"url\":\"https:\\\/\\\/vozolvapen.de\\\/\",\"name\":\"vozolvapen\",\"description\":\"vozolvapen\",\"publisher\":{\"@id\":\"https:\\\/\\\/vozolvapen.de\\\/#organization\"},\"potentialAction\":[{\"@type\":\"SearchAction\",\"target\":{\"@type\":\"EntryPoint\",\"urlTemplate\":\"https:\\\/\\\/vozolvapen.de\\\/?s={search_term_string}\"},\"query-input\":{\"@type\":\"PropertyValueSpecification\",\"valueRequired\":true,\"valueName\":\"search_term_string\"}}],\"inLanguage\":\"pl-PL\"},{\"@type\":\"Organization\",\"@id\":\"https:\\\/\\\/vozolvapen.de\\\/#organization\",\"name\":\"vozolvapen\",\"url\":\"https:\\\/\\\/vozolvapen.de\\\/\",\"logo\":{\"@type\":\"ImageObject\",\"inLanguage\":\"pl-PL\",\"@id\":\"https:\\\/\\\/vozolvapen.de\\\/#\\\/schema\\\/logo\\\/image\\\/\",\"url\":\"https:\\\/\\\/vozolvapen.de\\\/wp-content\\\/uploads\\\/2025\\\/12\\\/cropped-vozovapen-logo.webp\",\"contentUrl\":\"https:\\\/\\\/vozolvapen.de\\\/wp-content\\\/uploads\\\/2025\\\/12\\\/cropped-vozovapen-logo.webp\",\"width\":470,\"height\":110,\"caption\":\"vozolvapen\"},\"image\":{\"@id\":\"https:\\\/\\\/vozolvapen.de\\\/#\\\/schema\\\/logo\\\/image\\\/\"}}]}<\/script>\n<!-- \/ Yoast SEO Premium plugin. -->","yoast_head_json":{"title":"Mango Peach \ud83e\udd6d\ud83c\udf51 - Oficjalny Puff 20k Bang Leader 20000 Jednorazowy - vozolvapen","description":"Do\u015bwiadcz g\u0142adkiego Mango Peach Puff 20k Bang Leader 20000. Maks. 20000 zaci\u0105gni\u0119\u0107, 20 ml e-liquidu, cewka siatkowa 0,8\u03a9. Kup ten tropikalny Bang Vape Puff 20k z szybk\u0105 dostaw\u0105 do UE.","robots":{"index":"index","follow":"follow","max-snippet":"max-snippet:-1","max-image-preview":"max-image-preview:large","max-video-preview":"max-video-preview:-1"},"canonical":"https:\/\/vozolvapen.de\/pl\/product\/puff-20k-bang-leader-20000-mango-peach\/","og_locale":"pl_PL","og_type":"article","og_title":"Puff 20k Bang Leader 20000 - Mango Peach","og_description":"Experience the smooth Mango Peach Puff 20k Bang Leader 20000. Max 20000 Puffs, 20mL e-liquid, 0.8\u03a9 mesh coil. Shop this tropical Bang Vape Puff 20k with fast EU delivery.","og_url":"https:\/\/vozolvapen.de\/pl\/product\/puff-20k-bang-leader-20000-mango-peach\/","og_site_name":"vozolvapen","article_modified_time":"2026-02-10T12:33:30+00:00","og_image":[{"width":1000,"height":1000,"url":"https:\/\/vozolvapen.de\/wp-content\/uploads\/2025\/12\/Puff-20k-Bang-Leader-20000-mango-peach-.jpg.webp","type":"image\/webp"}],"twitter_card":"summary_large_image","twitter_misc":{"Szacowany czas czytania":"2 minuty"},"schema":{"@context":"https:\/\/schema.org","@graph":[{"@type":"WebPage","@id":"https:\/\/vozolvapen.de\/product\/puff-20k-bang-leader-20000-mango-peach\/","url":"https:\/\/vozolvapen.de\/product\/puff-20k-bang-leader-20000-mango-peach\/","name":"Mango Peach \ud83e\udd6d\ud83c\udf51 - Oficjalny Puff 20k Bang Leader 20000 Jednorazowy - vozolvapen","isPartOf":{"@id":"https:\/\/vozolvapen.de\/#website"},"primaryImageOfPage":{"@id":"https:\/\/vozolvapen.de\/product\/puff-20k-bang-leader-20000-mango-peach\/#primaryimage"},"image":{"@id":"https:\/\/vozolvapen.de\/product\/puff-20k-bang-leader-20000-mango-peach\/#primaryimage"},"thumbnailUrl":"https:\/\/vozolvapen.de\/wp-content\/uploads\/2025\/12\/Puff-20k-Bang-Leader-20000-mango-peach-.jpg.webp","datePublished":"2025-12-09T08:38:56+00:00","dateModified":"2026-02-10T12:33:30+00:00","description":"Do\u015bwiadcz g\u0142adkiego Mango Peach Puff 20k Bang Leader 20000. Maks. 20000 zaci\u0105gni\u0119\u0107, 20 ml e-liquidu, cewka siatkowa 0,8\u03a9. Kup ten tropikalny Bang Vape Puff 20k z szybk\u0105 dostaw\u0105 do UE.","breadcrumb":{"@id":"https:\/\/vozolvapen.de\/product\/puff-20k-bang-leader-20000-mango-peach\/#breadcrumb"},"inLanguage":"pl-PL","potentialAction":[{"@type":"ReadAction","target":["https:\/\/vozolvapen.de\/product\/puff-20k-bang-leader-20000-mango-peach\/"]}]},{"@type":"ImageObject","inLanguage":"pl-PL","@id":"https:\/\/vozolvapen.de\/product\/puff-20k-bang-leader-20000-mango-peach\/#primaryimage","url":"https:\/\/vozolvapen.de\/wp-content\/uploads\/2025\/12\/Puff-20k-Bang-Leader-20000-mango-peach-.jpg.webp","contentUrl":"https:\/\/vozolvapen.de\/wp-content\/uploads\/2025\/12\/Puff-20k-Bang-Leader-20000-mango-peach-.jpg.webp","width":1000,"height":1000,"caption":"Puff 20k Bang Leader 20000-mango-peach-.jpg"},{"@type":"BreadcrumbList","@id":"https:\/\/vozolvapen.de\/product\/puff-20k-bang-leader-20000-mango-peach\/#breadcrumb","itemListElement":[{"@type":"ListItem","position":1,"name":"Home","item":"https:\/\/vozolvapen.de\/de\/"},{"@type":"ListItem","position":2,"name":"Shop","item":"https:\/\/vozolvapen.de\/shop\/"},{"@type":"ListItem","position":3,"name":"Puff 20k Bang Leader 20000 &#8211; Mango Peach"}]},{"@type":"WebSite","@id":"https:\/\/vozolvapen.de\/#website","url":"https:\/\/vozolvapen.de\/","name":"vozolvapen","description":"vozolvapen","publisher":{"@id":"https:\/\/vozolvapen.de\/#organization"},"potentialAction":[{"@type":"SearchAction","target":{"@type":"EntryPoint","urlTemplate":"https:\/\/vozolvapen.de\/?s={search_term_string}"},"query-input":{"@type":"PropertyValueSpecification","valueRequired":true,"valueName":"search_term_string"}}],"inLanguage":"pl-PL"},{"@type":"Organization","@id":"https:\/\/vozolvapen.de\/#organization","name":"vozolvapen","url":"https:\/\/vozolvapen.de\/","logo":{"@type":"ImageObject","inLanguage":"pl-PL","@id":"https:\/\/vozolvapen.de\/#\/schema\/logo\/image\/","url":"https:\/\/vozolvapen.de\/wp-content\/uploads\/2025\/12\/cropped-vozovapen-logo.webp","contentUrl":"https:\/\/vozolvapen.de\/wp-content\/uploads\/2025\/12\/cropped-vozovapen-logo.webp","width":470,"height":110,"caption":"vozolvapen"},"image":{"@id":"https:\/\/vozolvapen.de\/#\/schema\/logo\/image\/"}}]}},"tiered_pricing_type":"fixed","tiered_pricing_fixed_rules":{"30":"8.55","50":"6.55","100":"6.05","200":"5.05"},"tiered_pricing_product_settings":{"layout":"default","base_unit_name":{"singular":null,"plural":null},"default_variation":{}},"tiered_pricing_minimum_quantity":10,"tiered_pricing_roles_data":[],"tiered_pricing_percentage_rules":[],"tiered_pricing_maximum_quantity":null,"tiered_pricing_quantity_step":"10","_links":{"self":[{"href":"http:\/\/vozolvapen.de\/pl\/wp-json\/wp\/v2\/product\/19508","targetHints":{"allow":["GET"]}}],"collection":[{"href":"http:\/\/vozolvapen.de\/pl\/wp-json\/wp\/v2\/product"}],"about":[{"href":"http:\/\/vozolvapen.de\/pl\/wp-json\/wp\/v2\/types\/product"}],"replies":[{"embeddable":true,"href":"http:\/\/vozolvapen.de\/pl\/wp-json\/wp\/v2\/comments?post=19508"}],"wp:featuredmedia":[{"embeddable":true,"href":"http:\/\/vozolvapen.de\/pl\/wp-json\/wp\/v2\/media\/19988"}],"wp:attachment":[{"href":"http:\/\/vozolvapen.de\/pl\/wp-json\/wp\/v2\/media?parent=19508"}],"wp:term":[{"taxonomy":"product_brand","embeddable":true,"href":"http:\/\/vozolvapen.de\/pl\/wp-json\/wp\/v2\/product_brand?post=19508"},{"taxonomy":"product_cat","embeddable":true,"href":"http:\/\/vozolvapen.de\/pl\/wp-json\/wp\/v2\/product_cat?post=19508"},{"taxonomy":"product_tag","embeddable":true,"href":"http:\/\/vozolvapen.de\/pl\/wp-json\/wp\/v2\/product_tag?post=19508"}],"curies":[{"name":"wp","href":"https:\/\/api.w.org\/{rel}","templated":true}]}}