{"id":19561,"date":"2025-12-09T08:38:59","date_gmt":"2025-12-09T08:38:59","guid":{"rendered":"https:\/\/vozolvapen.de\/?post_type=product&#038;p=19561"},"modified":"2026-02-10T12:33:27","modified_gmt":"2026-02-10T12:33:27","slug":"puff-20k-bang-leader-20000-blueberry-raspberry","status":"publish","type":"product","link":"http:\/\/vozolvapen.de\/pl\/product\/puff-20k-bang-leader-20000-blueberry-raspberry\/","title":{"rendered":"Puff 20k Bang Leader 20000 - Blueberry Raspberry"},"content":{"rendered":"<h1 data-path-to-node=\"44\"><b>Puff 20k Bang Leader 20000 - Blueberry Raspberry Flavor (Puff 20000 Longevity)<\/b><\/h1>\n<p data-path-to-node=\"45\">Smak jagodowo-malinowy dla <b>Puff 20k Bang Leader 20000<\/b> to podstawowa mieszanka jag\u00f3d, kt\u00f3ra doskonale r\u00f3wnowa\u017cy s\u0142odycz i cierpko\u015b\u0107. Zaprojektowany, aby zmaksymalizowa\u0107 czas waporyzacji, ten <b>Bang Vape<\/b> urz\u0105dzenie zapewnia do <b>20000 Puff\u00f3w<\/b> tego ekscytuj\u0105cego, z\u0142o\u017conego smaku.<\/p>\n<h2 data-path-to-node=\"46\"><b>Profil smakowy jagoda-malina: Balanced Berry<\/b><\/h2>\n<p data-path-to-node=\"47\">Ten smak osi\u0105ga zachwycaj\u0105cy kontrast. Pocz\u0105tkowe zaci\u0105gni\u0119cie zapewnia g\u0142\u0119bok\u0105, \u0142agodn\u0105 s\u0142odycz dojrza\u0142ych jag\u00f3d, po kt\u00f3rej szybko nast\u0119puje jasny, ostry posmak \u015bwie\u017cych malin na wydechu. Rezultatem jest wielowarstwowe, bardzo orze\u017awiaj\u0105ce doznanie jagodowe, kt\u00f3re pozostaje \u017cywe przez ca\u0142y okres palenia. <b>Puff 20k<\/b>.<\/p>\n<h2 data-path-to-node=\"48\"><b>G\u0142\u00f3wna technologia Puff 20k Bang Leader 20000<\/b><\/h2>\n<p data-path-to-node=\"49\">The <b>Puff 20k<\/b> zosta\u0142a stworzona z my\u015bl\u0105 o wysokiej wydajno\u015bci i wygodzie:<\/p>\n<ul>\n<li data-path-to-node=\"50,0,0\"><b>Pojemno\u015b\u0107:<\/b> Do <b>20000 Puff\u00f3w<\/b> z <b>20 ml<\/b> wst\u0119pnie nape\u0142niony zbiornik.<\/li>\n<li data-path-to-node=\"50,1,0\"><b>System cewek:<\/b> Wysoka wydajno\u015b\u0107 <b>Siatkowa cewka 0,8\u03a9<\/b> dla zoptymalizowanego dostarczania smaku.<\/li>\n<li data-path-to-node=\"50,2,0\"><b>Akumulator:<\/b> Zintegrowana bateria o pojemno\u015bci 650 mAh gwarantuje, \u017ce urz\u0105dzenie wytrzyma do ostatniej kropli e-liquidu.<\/li>\n<li data-path-to-node=\"50,3,0\"><b>Opcje nikotyny:<\/b> Wybierz poziom nikotyny 0 mg, 20 mg, 30 mg lub 50 mg.<\/li>\n<\/ul>\n<h2 data-path-to-node=\"51\"><b>Specyfikacje: Bang Leader 20000 Blueberry Raspberry<\/b><\/h2>\n<table data-path-to-node=\"52\">\n<thead>\n<tr>\n<td><strong>Parametr<\/strong><\/td>\n<td><strong>Szczeg\u00f3\u0142y<\/strong><\/td>\n<\/tr>\n<\/thead>\n<tbody>\n<tr>\n<td><span data-path-to-node=\"52,1,0,0\"><b>Numer modelu<\/b><\/span><\/td>\n<td><span data-path-to-node=\"52,1,1,0\"><b>Bang Leader 20000<\/b><\/span><\/td>\n<\/tr>\n<tr>\n<td><span data-path-to-node=\"52,2,0,0\"><b>Max Puffs<\/b><\/span><\/td>\n<td><span data-path-to-node=\"52,2,1,0\">UP do <b>20000 Puff\u00f3w<\/b><\/span><\/td>\n<\/tr>\n<tr>\n<td><span data-path-to-node=\"52,3,0,0\"><b>Pojemno\u015b\u0107 E-Liquid<\/b><\/span><\/td>\n<td><span data-path-to-node=\"52,3,1,0\"><b>20 ml<\/b> (wst\u0119pnie wype\u0142niony)<\/span><\/td>\n<\/tr>\n<tr>\n<td><span data-path-to-node=\"52,4,0,0\"><b>Typ cewki<\/b><\/span><\/td>\n<td><span data-path-to-node=\"52,4,1,0\">Siatkowa cewka 0,8\u03a9<\/span><\/td>\n<\/tr>\n<tr>\n<td><span data-path-to-node=\"52,5,0,0\"><b>Pojemno\u015b\u0107 akumulatora<\/b><\/span><\/td>\n<td><span data-path-to-node=\"52,5,1,0\">650 mAh (akumulator)<\/span><\/td>\n<\/tr>\n<tr>\n<td><span data-path-to-node=\"52,6,0,0\"><b>Poziom nikotyny<\/b><\/span><\/td>\n<td><span data-path-to-node=\"52,6,1,0\">0% \/ 2% \/ 3% \/ 5%<\/span><\/td>\n<\/tr>\n<tr>\n<td><span data-path-to-node=\"52,7,0,0\"><b>Wysy\u0142ka<\/b><\/span><\/td>\n<td><span data-path-to-node=\"52,7,1,0\">Magazyn europejski (dostawa w ci\u0105gu 1-3 dni)<\/span><\/td>\n<\/tr>\n<\/tbody>\n<\/table>\n<h3 dir=\"auto\">Oto dalsze zalecenia dla Ciebie:<\/h3>\n<p dir=\"auto\">Odkryj jeszcze wi\u0119cej niesamowitych smak\u00f3w dzi\u0119ki Puff 20k Bang Leader 20000 Vape!<\/p>\n<p dir=\"auto\"><a href=\"https:\/\/vozolvapen.de\/pl\/product-category\/bang-vape\/puff-20k-bang-leader-20000-puffs-vape\/\" target=\"_blank\" rel=\"noopener noreferrer nofollow\">Zobacz wszystkie odmiany tutaj \u2192<\/a><\/p>\n<p dir=\"auto\">Zapoznaj si\u0119 z nasz\u0105 pe\u0142n\u0105 kolekcj\u0105 i kupuj produkty najlepszych marek vape, kt\u00f3re pokochasz.<\/p>\n<p dir=\"auto\"><a href=\"https:\/\/vozolvapen.de\/pl\/\" target=\"_blank\" rel=\"noopener noreferrer nofollow\">Przegl\u0105daj teraz wszystkie marki \u2192<\/a><\/p>\n<p dir=\"auto\">Sprawd\u017a ca\u0142\u0105 seri\u0119 Bang Vape - ka\u017cdy smak, ka\u017cdy styl!<\/p>\n<p dir=\"auto\"><a href=\"https:\/\/vozolvapen.de\/pl\/product-category\/bang-vape\/\" target=\"_blank\" rel=\"noopener noreferrer nofollow\">Zobacz pe\u0142n\u0105 kolekcj\u0119 Bang Vape \u2192<\/a><\/p>","protected":false},"excerpt":{"rendered":"<p>Zr\u00f3wnowa\u017cone po\u0142\u0105czenie g\u0142\u0119bokiej, s\u0142odkiej jagody i ostrej, pikantnej maliny. Z\u0142o\u017cony i orze\u017awiaj\u0105cy.<\/p>","protected":false},"featured_media":19989,"comment_status":"open","ping_status":"closed","template":"","meta":{"_acf_changed":false},"product_brand":[],"product_cat":[134,70],"product_tag":[],"class_list":{"0":"post-19561","1":"product","2":"type-product","3":"status-publish","4":"has-post-thumbnail","6":"product_cat-eu-warehouse-in-stock","7":"product_cat-puff-20k-bang-leader-20000-puffs-vape","9":"first","10":"instock","11":"featured","12":"shipping-taxable","13":"purchasable","14":"product-type-variable"},"acf":[],"yoast_head":"<!-- This site is optimized with the Yoast SEO Premium plugin v26.1 (Yoast SEO v27.5) - https:\/\/yoast.com\/product\/yoast-seo-premium-wordpress\/ -->\n<title>Blueberry Raspberry - Puff 20k Bang Leader 20000 Disposable Puff 20000 - vozolvapen<\/title>\n<meta name=\"description\" content=\"Get the balanced Blueberry Raspberry Puff 20k Bang Leader 20000. Max 20000 Puffs, 20mL e-liquid, 0.8\u03a9 mesh coil. Shop the long-lasting 20k vape with fast EU shipping.\" \/>\n<meta name=\"robots\" content=\"index, follow, max-snippet:-1, max-image-preview:large, max-video-preview:-1\" \/>\n<link rel=\"canonical\" href=\"https:\/\/vozolvapen.de\/pl\/product\/puff-20k-bang-leader-20000-blueberry-raspberry\/\" \/>\n<meta property=\"og:locale\" content=\"pl_PL\" \/>\n<meta property=\"og:type\" content=\"article\" \/>\n<meta property=\"og:title\" content=\"Puff 20k Bang Leader 20000 - Blueberry Raspberry\" \/>\n<meta property=\"og:description\" content=\"Get the balanced Blueberry Raspberry Puff 20k Bang Leader 20000. Max 20000 Puffs, 20mL e-liquid, 0.8\u03a9 mesh coil. Shop the long-lasting 20k vape with fast EU shipping.\" \/>\n<meta property=\"og:url\" content=\"https:\/\/vozolvapen.de\/pl\/product\/puff-20k-bang-leader-20000-blueberry-raspberry\/\" \/>\n<meta property=\"og:site_name\" content=\"vozolvapen\" \/>\n<meta property=\"article:modified_time\" content=\"2026-02-10T12:33:27+00:00\" \/>\n<meta property=\"og:image\" content=\"https:\/\/vozolvapen.de\/wp-content\/uploads\/2025\/12\/Puff-20k-Bang-Leader-20000-blueberry-raspberry-.jpg.webp\" \/>\n\t<meta property=\"og:image:width\" content=\"1000\" \/>\n\t<meta property=\"og:image:height\" content=\"1000\" \/>\n\t<meta property=\"og:image:type\" content=\"image\/webp\" \/>\n<meta name=\"twitter:card\" content=\"summary_large_image\" \/>\n<meta name=\"twitter:label1\" content=\"Szacowany czas czytania\" \/>\n\t<meta name=\"twitter:data1\" content=\"2 minuty\" \/>\n<script type=\"application\/ld+json\" class=\"yoast-schema-graph\">{\"@context\":\"https:\\\/\\\/schema.org\",\"@graph\":[{\"@type\":\"WebPage\",\"@id\":\"https:\\\/\\\/vozolvapen.de\\\/product\\\/puff-20k-bang-leader-20000-blueberry-raspberry\\\/\",\"url\":\"https:\\\/\\\/vozolvapen.de\\\/product\\\/puff-20k-bang-leader-20000-blueberry-raspberry\\\/\",\"name\":\"Blueberry Raspberry - Puff 20k Bang Leader 20000 Disposable Puff 20000 - vozolvapen\",\"isPartOf\":{\"@id\":\"https:\\\/\\\/vozolvapen.de\\\/#website\"},\"primaryImageOfPage\":{\"@id\":\"https:\\\/\\\/vozolvapen.de\\\/product\\\/puff-20k-bang-leader-20000-blueberry-raspberry\\\/#primaryimage\"},\"image\":{\"@id\":\"https:\\\/\\\/vozolvapen.de\\\/product\\\/puff-20k-bang-leader-20000-blueberry-raspberry\\\/#primaryimage\"},\"thumbnailUrl\":\"https:\\\/\\\/vozolvapen.de\\\/wp-content\\\/uploads\\\/2025\\\/12\\\/Puff-20k-Bang-Leader-20000-blueberry-raspberry-.jpg.webp\",\"datePublished\":\"2025-12-09T08:38:59+00:00\",\"dateModified\":\"2026-02-10T12:33:27+00:00\",\"description\":\"Get the balanced Blueberry Raspberry Puff 20k Bang Leader 20000. Max 20000 Puffs, 20mL e-liquid, 0.8\u03a9 mesh coil. Shop the long-lasting 20k vape with fast EU shipping.\",\"breadcrumb\":{\"@id\":\"https:\\\/\\\/vozolvapen.de\\\/product\\\/puff-20k-bang-leader-20000-blueberry-raspberry\\\/#breadcrumb\"},\"inLanguage\":\"pl-PL\",\"potentialAction\":[{\"@type\":\"ReadAction\",\"target\":[\"https:\\\/\\\/vozolvapen.de\\\/product\\\/puff-20k-bang-leader-20000-blueberry-raspberry\\\/\"]}]},{\"@type\":\"ImageObject\",\"inLanguage\":\"pl-PL\",\"@id\":\"https:\\\/\\\/vozolvapen.de\\\/product\\\/puff-20k-bang-leader-20000-blueberry-raspberry\\\/#primaryimage\",\"url\":\"https:\\\/\\\/vozolvapen.de\\\/wp-content\\\/uploads\\\/2025\\\/12\\\/Puff-20k-Bang-Leader-20000-blueberry-raspberry-.jpg.webp\",\"contentUrl\":\"https:\\\/\\\/vozolvapen.de\\\/wp-content\\\/uploads\\\/2025\\\/12\\\/Puff-20k-Bang-Leader-20000-blueberry-raspberry-.jpg.webp\",\"width\":1000,\"height\":1000,\"caption\":\"Puff 20k Bang Leader 20000-blueberry-raspberry-.jpg\"},{\"@type\":\"BreadcrumbList\",\"@id\":\"https:\\\/\\\/vozolvapen.de\\\/product\\\/puff-20k-bang-leader-20000-blueberry-raspberry\\\/#breadcrumb\",\"itemListElement\":[{\"@type\":\"ListItem\",\"position\":1,\"name\":\"Home\",\"item\":\"https:\\\/\\\/vozolvapen.de\\\/de\\\/\"},{\"@type\":\"ListItem\",\"position\":2,\"name\":\"Shop\",\"item\":\"https:\\\/\\\/vozolvapen.de\\\/shop\\\/\"},{\"@type\":\"ListItem\",\"position\":3,\"name\":\"Puff 20k Bang Leader 20000 &#8211; Blueberry Raspberry\"}]},{\"@type\":\"WebSite\",\"@id\":\"https:\\\/\\\/vozolvapen.de\\\/#website\",\"url\":\"https:\\\/\\\/vozolvapen.de\\\/\",\"name\":\"vozolvapen\",\"description\":\"vozolvapen\",\"publisher\":{\"@id\":\"https:\\\/\\\/vozolvapen.de\\\/#organization\"},\"potentialAction\":[{\"@type\":\"SearchAction\",\"target\":{\"@type\":\"EntryPoint\",\"urlTemplate\":\"https:\\\/\\\/vozolvapen.de\\\/?s={search_term_string}\"},\"query-input\":{\"@type\":\"PropertyValueSpecification\",\"valueRequired\":true,\"valueName\":\"search_term_string\"}}],\"inLanguage\":\"pl-PL\"},{\"@type\":\"Organization\",\"@id\":\"https:\\\/\\\/vozolvapen.de\\\/#organization\",\"name\":\"vozolvapen\",\"url\":\"https:\\\/\\\/vozolvapen.de\\\/\",\"logo\":{\"@type\":\"ImageObject\",\"inLanguage\":\"pl-PL\",\"@id\":\"https:\\\/\\\/vozolvapen.de\\\/#\\\/schema\\\/logo\\\/image\\\/\",\"url\":\"https:\\\/\\\/vozolvapen.de\\\/wp-content\\\/uploads\\\/2025\\\/12\\\/cropped-vozovapen-logo.webp\",\"contentUrl\":\"https:\\\/\\\/vozolvapen.de\\\/wp-content\\\/uploads\\\/2025\\\/12\\\/cropped-vozovapen-logo.webp\",\"width\":470,\"height\":110,\"caption\":\"vozolvapen\"},\"image\":{\"@id\":\"https:\\\/\\\/vozolvapen.de\\\/#\\\/schema\\\/logo\\\/image\\\/\"}}]}<\/script>\n<!-- \/ Yoast SEO Premium plugin. -->","yoast_head_json":{"title":"Blueberry Raspberry - Puff 20k Bang Leader 20000 Puff jednorazowy 20000 - vozolvapen","description":"Zdob\u0105d\u017a zr\u00f3wnowa\u017cony Blueberry Raspberry Puff 20k Bang Leader 20000. Maks. 20000 zaci\u0105gni\u0119\u0107, 20 ml e-liquidu, cewka siatkowa 0,8\u03a9. Kup d\u0142ugotrwa\u0142e waporyzatory 20k z szybk\u0105 wysy\u0142k\u0105 na terenie UE.","robots":{"index":"index","follow":"follow","max-snippet":"max-snippet:-1","max-image-preview":"max-image-preview:large","max-video-preview":"max-video-preview:-1"},"canonical":"https:\/\/vozolvapen.de\/pl\/product\/puff-20k-bang-leader-20000-blueberry-raspberry\/","og_locale":"pl_PL","og_type":"article","og_title":"Puff 20k Bang Leader 20000 - Blueberry Raspberry","og_description":"Get the balanced Blueberry Raspberry Puff 20k Bang Leader 20000. Max 20000 Puffs, 20mL e-liquid, 0.8\u03a9 mesh coil. Shop the long-lasting 20k vape with fast EU shipping.","og_url":"https:\/\/vozolvapen.de\/pl\/product\/puff-20k-bang-leader-20000-blueberry-raspberry\/","og_site_name":"vozolvapen","article_modified_time":"2026-02-10T12:33:27+00:00","og_image":[{"width":1000,"height":1000,"url":"https:\/\/vozolvapen.de\/wp-content\/uploads\/2025\/12\/Puff-20k-Bang-Leader-20000-blueberry-raspberry-.jpg.webp","type":"image\/webp"}],"twitter_card":"summary_large_image","twitter_misc":{"Szacowany czas czytania":"2 minuty"},"schema":{"@context":"https:\/\/schema.org","@graph":[{"@type":"WebPage","@id":"https:\/\/vozolvapen.de\/product\/puff-20k-bang-leader-20000-blueberry-raspberry\/","url":"https:\/\/vozolvapen.de\/product\/puff-20k-bang-leader-20000-blueberry-raspberry\/","name":"Blueberry Raspberry - Puff 20k Bang Leader 20000 Puff jednorazowy 20000 - vozolvapen","isPartOf":{"@id":"https:\/\/vozolvapen.de\/#website"},"primaryImageOfPage":{"@id":"https:\/\/vozolvapen.de\/product\/puff-20k-bang-leader-20000-blueberry-raspberry\/#primaryimage"},"image":{"@id":"https:\/\/vozolvapen.de\/product\/puff-20k-bang-leader-20000-blueberry-raspberry\/#primaryimage"},"thumbnailUrl":"https:\/\/vozolvapen.de\/wp-content\/uploads\/2025\/12\/Puff-20k-Bang-Leader-20000-blueberry-raspberry-.jpg.webp","datePublished":"2025-12-09T08:38:59+00:00","dateModified":"2026-02-10T12:33:27+00:00","description":"Zdob\u0105d\u017a zr\u00f3wnowa\u017cony Blueberry Raspberry Puff 20k Bang Leader 20000. Maks. 20000 zaci\u0105gni\u0119\u0107, 20 ml e-liquidu, cewka siatkowa 0,8\u03a9. Kup d\u0142ugotrwa\u0142e waporyzatory 20k z szybk\u0105 wysy\u0142k\u0105 na terenie UE.","breadcrumb":{"@id":"https:\/\/vozolvapen.de\/product\/puff-20k-bang-leader-20000-blueberry-raspberry\/#breadcrumb"},"inLanguage":"pl-PL","potentialAction":[{"@type":"ReadAction","target":["https:\/\/vozolvapen.de\/product\/puff-20k-bang-leader-20000-blueberry-raspberry\/"]}]},{"@type":"ImageObject","inLanguage":"pl-PL","@id":"https:\/\/vozolvapen.de\/product\/puff-20k-bang-leader-20000-blueberry-raspberry\/#primaryimage","url":"https:\/\/vozolvapen.de\/wp-content\/uploads\/2025\/12\/Puff-20k-Bang-Leader-20000-blueberry-raspberry-.jpg.webp","contentUrl":"https:\/\/vozolvapen.de\/wp-content\/uploads\/2025\/12\/Puff-20k-Bang-Leader-20000-blueberry-raspberry-.jpg.webp","width":1000,"height":1000,"caption":"Puff 20k Bang Leader 20000-blueberry-raspberry-.jpg"},{"@type":"BreadcrumbList","@id":"https:\/\/vozolvapen.de\/product\/puff-20k-bang-leader-20000-blueberry-raspberry\/#breadcrumb","itemListElement":[{"@type":"ListItem","position":1,"name":"Home","item":"https:\/\/vozolvapen.de\/de\/"},{"@type":"ListItem","position":2,"name":"Shop","item":"https:\/\/vozolvapen.de\/shop\/"},{"@type":"ListItem","position":3,"name":"Puff 20k Bang Leader 20000 &#8211; Blueberry Raspberry"}]},{"@type":"WebSite","@id":"https:\/\/vozolvapen.de\/#website","url":"https:\/\/vozolvapen.de\/","name":"vozolvapen","description":"vozolvapen","publisher":{"@id":"https:\/\/vozolvapen.de\/#organization"},"potentialAction":[{"@type":"SearchAction","target":{"@type":"EntryPoint","urlTemplate":"https:\/\/vozolvapen.de\/?s={search_term_string}"},"query-input":{"@type":"PropertyValueSpecification","valueRequired":true,"valueName":"search_term_string"}}],"inLanguage":"pl-PL"},{"@type":"Organization","@id":"https:\/\/vozolvapen.de\/#organization","name":"vozolvapen","url":"https:\/\/vozolvapen.de\/","logo":{"@type":"ImageObject","inLanguage":"pl-PL","@id":"https:\/\/vozolvapen.de\/#\/schema\/logo\/image\/","url":"https:\/\/vozolvapen.de\/wp-content\/uploads\/2025\/12\/cropped-vozovapen-logo.webp","contentUrl":"https:\/\/vozolvapen.de\/wp-content\/uploads\/2025\/12\/cropped-vozovapen-logo.webp","width":470,"height":110,"caption":"vozolvapen"},"image":{"@id":"https:\/\/vozolvapen.de\/#\/schema\/logo\/image\/"}}]}},"tiered_pricing_type":"fixed","tiered_pricing_fixed_rules":{"30":"8.55","50":"6.55","100":"6.05","200":"5.05"},"tiered_pricing_product_settings":{"layout":"default","base_unit_name":{"singular":null,"plural":null},"default_variation":{}},"tiered_pricing_minimum_quantity":10,"tiered_pricing_roles_data":[],"tiered_pricing_percentage_rules":[],"tiered_pricing_maximum_quantity":null,"tiered_pricing_quantity_step":"10","_links":{"self":[{"href":"http:\/\/vozolvapen.de\/pl\/wp-json\/wp\/v2\/product\/19561","targetHints":{"allow":["GET"]}}],"collection":[{"href":"http:\/\/vozolvapen.de\/pl\/wp-json\/wp\/v2\/product"}],"about":[{"href":"http:\/\/vozolvapen.de\/pl\/wp-json\/wp\/v2\/types\/product"}],"replies":[{"embeddable":true,"href":"http:\/\/vozolvapen.de\/pl\/wp-json\/wp\/v2\/comments?post=19561"}],"wp:featuredmedia":[{"embeddable":true,"href":"http:\/\/vozolvapen.de\/pl\/wp-json\/wp\/v2\/media\/19989"}],"wp:attachment":[{"href":"http:\/\/vozolvapen.de\/pl\/wp-json\/wp\/v2\/media?parent=19561"}],"wp:term":[{"taxonomy":"product_brand","embeddable":true,"href":"http:\/\/vozolvapen.de\/pl\/wp-json\/wp\/v2\/product_brand?post=19561"},{"taxonomy":"product_cat","embeddable":true,"href":"http:\/\/vozolvapen.de\/pl\/wp-json\/wp\/v2\/product_cat?post=19561"},{"taxonomy":"product_tag","embeddable":true,"href":"http:\/\/vozolvapen.de\/pl\/wp-json\/wp\/v2\/product_tag?post=19561"}],"curies":[{"name":"wp","href":"https:\/\/api.w.org\/{rel}","templated":true}]}}