{"id":19770,"date":"2025-12-09T08:39:08","date_gmt":"2025-12-09T08:39:08","guid":{"rendered":"https:\/\/vozolvapen.de\/?post_type=product&#038;p=19770"},"modified":"2026-02-10T12:33:14","modified_gmt":"2026-02-10T12:33:14","slug":"puff-20k-bang-leader-20000-blueberry-ice","status":"publish","type":"product","link":"http:\/\/vozolvapen.de\/pl\/product\/puff-20k-bang-leader-20000-blueberry-ice\/","title":{"rendered":"Puff 20k Bang Leader 20000 - Blueberry Ice"},"content":{"rendered":"<h1 data-path-to-node=\"122\"><b>Puff 20k Bang Leader 20000 - Blueberry Ice Flavor (The Ultimate 20k Vape Coolness)<\/b><\/h1>\n<p data-path-to-node=\"123\">Smak Blueberry Ice dla <b>Puff 20k Bang Leader 20000<\/b> to niezb\u0119dny ch\u0142odny vape jagodowy, zapewniaj\u0105cy g\u0142\u0119bok\u0105, satysfakcjonuj\u0105c\u0105 s\u0142odycz w po\u0142\u0105czeniu z pot\u0119\u017cnym arktycznym ch\u0142odem. Ten najwy\u017cszej klasy <b>20k vape<\/b> z <b>Bang Vape<\/b> zapewnia pe\u0142ne doznania smakowe w ca\u0142ym swoim ogromie <b>20000 Puff\u00f3w<\/b> pojemno\u015b\u0107.<\/p>\n<h2 data-path-to-node=\"124\"><b>Profil smakowy Blueberry Ice: Deep Berry &amp; Arctic Chill<\/b><\/h2>\n<p data-path-to-node=\"125\">Blueberry Ice charakteryzuje si\u0119 bogat\u0105, lekko ziemist\u0105 s\u0142odycz\u0105 ciemnych jag\u00f3d na wdechu. Wydech jest zdominowany przez natychmiastowe, silne uczucie mentolu, tworz\u0105c mro\u017ane, czyste wyko\u0144czenie. Smak ten jest przeznaczony dla waper\u00f3w, kt\u00f3rzy uwielbiaj\u0105 intensywne efekty ch\u0142odzenia w po\u0142\u0105czeniu z g\u0142\u0119bi\u0105 ciemnych owoc\u00f3w.<\/p>\n<h2 data-path-to-node=\"126\"><b>G\u0142\u00f3wna technologia Puff 20k Bang Leader 20000<\/b><\/h2>\n<p data-path-to-node=\"127\">The <b>Puff 20k<\/b> zosta\u0142a stworzona z my\u015bl\u0105 o wysokiej wydajno\u015bci i wygodzie:<\/p>\n<ul>\n<li data-path-to-node=\"128,0,0\"><b>Pojemno\u015b\u0107:<\/b> Do <b>20000 Puff\u00f3w<\/b> z <b>20 ml<\/b> wst\u0119pnie nape\u0142niony zbiornik.<\/li>\n<li data-path-to-node=\"128,1,0\"><b>System cewek:<\/b> Wysoka wydajno\u015b\u0107 <b>Siatkowa cewka 0,8\u03a9<\/b> dla zoptymalizowanego dostarczania smaku.<\/li>\n<li data-path-to-node=\"128,2,0\"><b>Akumulator:<\/b> Zintegrowana bateria o pojemno\u015bci 650 mAh gwarantuje, \u017ce urz\u0105dzenie wytrzyma do ostatniej kropli e-liquidu.<\/li>\n<li data-path-to-node=\"128,3,0\"><b>Opcje nikotyny:<\/b> Wybierz poziom nikotyny 0 mg, 20 mg, 30 mg lub 50 mg.<\/li>\n<\/ul>\n<h2 data-path-to-node=\"129\"><b>Specyfikacje: Bang Leader 20000 Blueberry Ice<\/b><\/h2>\n<table data-path-to-node=\"130\">\n<thead>\n<tr>\n<td><strong>Parametr<\/strong><\/td>\n<td><strong>Szczeg\u00f3\u0142y<\/strong><\/td>\n<\/tr>\n<\/thead>\n<tbody>\n<tr>\n<td><span data-path-to-node=\"130,1,0,0\"><b>Numer modelu<\/b><\/span><\/td>\n<td><span data-path-to-node=\"130,1,1,0\"><b>Bang Leader 20000<\/b><\/span><\/td>\n<\/tr>\n<tr>\n<td><span data-path-to-node=\"130,2,0,0\"><b>Max Puffs<\/b><\/span><\/td>\n<td><span data-path-to-node=\"130,2,1,0\">UP do <b>20000 Puff\u00f3w<\/b><\/span><\/td>\n<\/tr>\n<tr>\n<td><span data-path-to-node=\"130,3,0,0\"><b>Pojemno\u015b\u0107 E-Liquid<\/b><\/span><\/td>\n<td><span data-path-to-node=\"130,3,1,0\"><b>20 ml<\/b> (wst\u0119pnie wype\u0142niony)<\/span><\/td>\n<\/tr>\n<tr>\n<td><span data-path-to-node=\"130,4,0,0\"><b>Typ cewki<\/b><\/span><\/td>\n<td><span data-path-to-node=\"130,4,1,0\">Siatkowa cewka 0,8\u03a9<\/span><\/td>\n<\/tr>\n<tr>\n<td><span data-path-to-node=\"130,5,0,0\"><b>Pojemno\u015b\u0107 akumulatora<\/b><\/span><\/td>\n<td><span data-path-to-node=\"130,5,1,0\">650 mAh (akumulator)<\/span><\/td>\n<\/tr>\n<tr>\n<td><span data-path-to-node=\"130,6,0,0\"><b>Poziom nikotyny<\/b><\/span><\/td>\n<td><span data-path-to-node=\"130,6,1,0\">0% \/ 2% \/ 3% \/ 5%<\/span><\/td>\n<\/tr>\n<tr>\n<td><span data-path-to-node=\"130,7,0,0\"><b>Wysy\u0142ka<\/b><\/span><\/td>\n<td><span data-path-to-node=\"130,7,1,0\">Magazyn europejski (dostawa w ci\u0105gu 1-3 dni)<\/span><\/td>\n<\/tr>\n<\/tbody>\n<\/table>\n<h3 dir=\"auto\">Oto dalsze zalecenia dla Ciebie:<\/h3>\n<p dir=\"auto\">Odkryj jeszcze wi\u0119cej niesamowitych smak\u00f3w dzi\u0119ki Puff 20k Bang Leader 20000 Vape!<\/p>\n<p dir=\"auto\"><a href=\"https:\/\/vozolvapen.de\/pl\/product-category\/bang-vape\/puff-20k-bang-leader-20000-puffs-vape\/\" target=\"_blank\" rel=\"noopener noreferrer nofollow\">Zobacz wszystkie odmiany tutaj \u2192<\/a><\/p>\n<p dir=\"auto\">Zapoznaj si\u0119 z nasz\u0105 pe\u0142n\u0105 kolekcj\u0105 i kupuj produkty najlepszych marek vape, kt\u00f3re pokochasz.<\/p>\n<p dir=\"auto\"><a href=\"https:\/\/vozolvapen.de\/pl\/\" target=\"_blank\" rel=\"noopener noreferrer nofollow\">Przegl\u0105daj teraz wszystkie marki \u2192<\/a><\/p>\n<p dir=\"auto\">Sprawd\u017a ca\u0142\u0105 seri\u0119 Bang Vape - ka\u017cdy smak, ka\u017cdy styl!<\/p>\n<p dir=\"auto\"><a href=\"https:\/\/vozolvapen.de\/pl\/product-category\/bang-vape\/\" target=\"_blank\" rel=\"noopener noreferrer nofollow\">Zobacz pe\u0142n\u0105 kolekcj\u0119 Bang Vape \u2192<\/a><\/p>","protected":false},"excerpt":{"rendered":"<p>G\u0142\u0119boki, ciemny smak jag\u00f3d w po\u0142\u0105czeniu z silnym, arktycznym mentolowym ch\u0142odem. Pot\u0119\u017cny, mro\u017any jagodowy vape.<\/p>","protected":false},"featured_media":19995,"comment_status":"open","ping_status":"closed","template":"","meta":{"_acf_changed":false},"product_brand":[],"product_cat":[134,70],"product_tag":[],"class_list":{"0":"post-19770","1":"product","2":"type-product","3":"status-publish","4":"has-post-thumbnail","6":"product_cat-eu-warehouse-in-stock","7":"product_cat-puff-20k-bang-leader-20000-puffs-vape","9":"first","10":"instock","11":"shipping-taxable","12":"purchasable","13":"product-type-variable"},"acf":[],"yoast_head":"<!-- This site is optimized with the Yoast SEO Premium plugin v26.1 (Yoast SEO v27.5) - https:\/\/yoast.com\/product\/yoast-seo-premium-wordpress\/ -->\n<title>Blueberry Ice - Puff 20k Bang Leader 20000 Disposable 20k Vape - vozolvapen<\/title>\n<meta name=\"description\" content=\"Experience the icy Blueberry Ice Puff 20k Bang Leader 20000. Max 20000 Puffs, 20mL e-liquid, 0.8\u03a9 mesh coil. Shop this cold Bang Vape Puff 20k with fast EU shipping.\" \/>\n<meta name=\"robots\" content=\"index, follow, max-snippet:-1, max-image-preview:large, max-video-preview:-1\" \/>\n<link rel=\"canonical\" href=\"https:\/\/vozolvapen.de\/pl\/product\/puff-20k-bang-leader-20000-blueberry-ice\/\" \/>\n<meta property=\"og:locale\" content=\"pl_PL\" \/>\n<meta property=\"og:type\" content=\"article\" \/>\n<meta property=\"og:title\" content=\"Puff 20k Bang Leader 20000 - Blueberry Ice\" \/>\n<meta property=\"og:description\" content=\"Experience the icy Blueberry Ice Puff 20k Bang Leader 20000. Max 20000 Puffs, 20mL e-liquid, 0.8\u03a9 mesh coil. Shop this cold Bang Vape Puff 20k with fast EU shipping.\" \/>\n<meta property=\"og:url\" content=\"https:\/\/vozolvapen.de\/pl\/product\/puff-20k-bang-leader-20000-blueberry-ice\/\" \/>\n<meta property=\"og:site_name\" content=\"vozolvapen\" \/>\n<meta property=\"article:modified_time\" content=\"2026-02-10T12:33:14+00:00\" \/>\n<meta property=\"og:image\" content=\"https:\/\/vozolvapen.de\/wp-content\/uploads\/2025\/12\/Puff-20k-Bang-Leader-20000-blueberry-ice-.jpg.webp\" \/>\n\t<meta property=\"og:image:width\" content=\"1000\" \/>\n\t<meta property=\"og:image:height\" content=\"1000\" \/>\n\t<meta property=\"og:image:type\" content=\"image\/webp\" \/>\n<meta name=\"twitter:card\" content=\"summary_large_image\" \/>\n<meta name=\"twitter:label1\" content=\"Szacowany czas czytania\" \/>\n\t<meta name=\"twitter:data1\" content=\"2 minuty\" \/>\n<script type=\"application\/ld+json\" class=\"yoast-schema-graph\">{\"@context\":\"https:\\\/\\\/schema.org\",\"@graph\":[{\"@type\":\"WebPage\",\"@id\":\"https:\\\/\\\/vozolvapen.de\\\/product\\\/puff-20k-bang-leader-20000-blueberry-ice\\\/\",\"url\":\"https:\\\/\\\/vozolvapen.de\\\/product\\\/puff-20k-bang-leader-20000-blueberry-ice\\\/\",\"name\":\"Blueberry Ice - Puff 20k Bang Leader 20000 Disposable 20k Vape - vozolvapen\",\"isPartOf\":{\"@id\":\"https:\\\/\\\/vozolvapen.de\\\/#website\"},\"primaryImageOfPage\":{\"@id\":\"https:\\\/\\\/vozolvapen.de\\\/product\\\/puff-20k-bang-leader-20000-blueberry-ice\\\/#primaryimage\"},\"image\":{\"@id\":\"https:\\\/\\\/vozolvapen.de\\\/product\\\/puff-20k-bang-leader-20000-blueberry-ice\\\/#primaryimage\"},\"thumbnailUrl\":\"https:\\\/\\\/vozolvapen.de\\\/wp-content\\\/uploads\\\/2025\\\/12\\\/Puff-20k-Bang-Leader-20000-blueberry-ice-.jpg.webp\",\"datePublished\":\"2025-12-09T08:39:08+00:00\",\"dateModified\":\"2026-02-10T12:33:14+00:00\",\"description\":\"Experience the icy Blueberry Ice Puff 20k Bang Leader 20000. Max 20000 Puffs, 20mL e-liquid, 0.8\u03a9 mesh coil. Shop this cold Bang Vape Puff 20k with fast EU shipping.\",\"breadcrumb\":{\"@id\":\"https:\\\/\\\/vozolvapen.de\\\/product\\\/puff-20k-bang-leader-20000-blueberry-ice\\\/#breadcrumb\"},\"inLanguage\":\"pl-PL\",\"potentialAction\":[{\"@type\":\"ReadAction\",\"target\":[\"https:\\\/\\\/vozolvapen.de\\\/product\\\/puff-20k-bang-leader-20000-blueberry-ice\\\/\"]}]},{\"@type\":\"ImageObject\",\"inLanguage\":\"pl-PL\",\"@id\":\"https:\\\/\\\/vozolvapen.de\\\/product\\\/puff-20k-bang-leader-20000-blueberry-ice\\\/#primaryimage\",\"url\":\"https:\\\/\\\/vozolvapen.de\\\/wp-content\\\/uploads\\\/2025\\\/12\\\/Puff-20k-Bang-Leader-20000-blueberry-ice-.jpg.webp\",\"contentUrl\":\"https:\\\/\\\/vozolvapen.de\\\/wp-content\\\/uploads\\\/2025\\\/12\\\/Puff-20k-Bang-Leader-20000-blueberry-ice-.jpg.webp\",\"width\":1000,\"height\":1000,\"caption\":\"Puff 20k Bang Leader 20000-blueberry-ice-.jpg\"},{\"@type\":\"BreadcrumbList\",\"@id\":\"https:\\\/\\\/vozolvapen.de\\\/product\\\/puff-20k-bang-leader-20000-blueberry-ice\\\/#breadcrumb\",\"itemListElement\":[{\"@type\":\"ListItem\",\"position\":1,\"name\":\"Home\",\"item\":\"https:\\\/\\\/vozolvapen.de\\\/de\\\/\"},{\"@type\":\"ListItem\",\"position\":2,\"name\":\"Shop\",\"item\":\"https:\\\/\\\/vozolvapen.de\\\/shop\\\/\"},{\"@type\":\"ListItem\",\"position\":3,\"name\":\"Puff 20k Bang Leader 20000 &#8211; Blueberry Ice\"}]},{\"@type\":\"WebSite\",\"@id\":\"https:\\\/\\\/vozolvapen.de\\\/#website\",\"url\":\"https:\\\/\\\/vozolvapen.de\\\/\",\"name\":\"vozolvapen\",\"description\":\"vozolvapen\",\"publisher\":{\"@id\":\"https:\\\/\\\/vozolvapen.de\\\/#organization\"},\"potentialAction\":[{\"@type\":\"SearchAction\",\"target\":{\"@type\":\"EntryPoint\",\"urlTemplate\":\"https:\\\/\\\/vozolvapen.de\\\/?s={search_term_string}\"},\"query-input\":{\"@type\":\"PropertyValueSpecification\",\"valueRequired\":true,\"valueName\":\"search_term_string\"}}],\"inLanguage\":\"pl-PL\"},{\"@type\":\"Organization\",\"@id\":\"https:\\\/\\\/vozolvapen.de\\\/#organization\",\"name\":\"vozolvapen\",\"url\":\"https:\\\/\\\/vozolvapen.de\\\/\",\"logo\":{\"@type\":\"ImageObject\",\"inLanguage\":\"pl-PL\",\"@id\":\"https:\\\/\\\/vozolvapen.de\\\/#\\\/schema\\\/logo\\\/image\\\/\",\"url\":\"https:\\\/\\\/vozolvapen.de\\\/wp-content\\\/uploads\\\/2025\\\/12\\\/cropped-vozovapen-logo.webp\",\"contentUrl\":\"https:\\\/\\\/vozolvapen.de\\\/wp-content\\\/uploads\\\/2025\\\/12\\\/cropped-vozovapen-logo.webp\",\"width\":470,\"height\":110,\"caption\":\"vozolvapen\"},\"image\":{\"@id\":\"https:\\\/\\\/vozolvapen.de\\\/#\\\/schema\\\/logo\\\/image\\\/\"}}]}<\/script>\n<!-- \/ Yoast SEO Premium plugin. -->","yoast_head_json":{"title":"Blueberry Ice - Puff 20k Bang Leader 20000 Vape jednorazowy 20k - vozolvapen","description":"Do\u015bwiadcz lodowatego Blueberry Ice Puff 20k Bang Leader 20000. Maks. 20000 zaci\u0105gni\u0119\u0107, 20 ml e-liquidu, cewka siatkowa 0,8\u03a9. Kup ten zimny Bang Vape Puff 20k z szybk\u0105 wysy\u0142k\u0105 do UE.","robots":{"index":"index","follow":"follow","max-snippet":"max-snippet:-1","max-image-preview":"max-image-preview:large","max-video-preview":"max-video-preview:-1"},"canonical":"https:\/\/vozolvapen.de\/pl\/product\/puff-20k-bang-leader-20000-blueberry-ice\/","og_locale":"pl_PL","og_type":"article","og_title":"Puff 20k Bang Leader 20000 - Blueberry Ice","og_description":"Experience the icy Blueberry Ice Puff 20k Bang Leader 20000. Max 20000 Puffs, 20mL e-liquid, 0.8\u03a9 mesh coil. Shop this cold Bang Vape Puff 20k with fast EU shipping.","og_url":"https:\/\/vozolvapen.de\/pl\/product\/puff-20k-bang-leader-20000-blueberry-ice\/","og_site_name":"vozolvapen","article_modified_time":"2026-02-10T12:33:14+00:00","og_image":[{"width":1000,"height":1000,"url":"https:\/\/vozolvapen.de\/wp-content\/uploads\/2025\/12\/Puff-20k-Bang-Leader-20000-blueberry-ice-.jpg.webp","type":"image\/webp"}],"twitter_card":"summary_large_image","twitter_misc":{"Szacowany czas czytania":"2 minuty"},"schema":{"@context":"https:\/\/schema.org","@graph":[{"@type":"WebPage","@id":"https:\/\/vozolvapen.de\/product\/puff-20k-bang-leader-20000-blueberry-ice\/","url":"https:\/\/vozolvapen.de\/product\/puff-20k-bang-leader-20000-blueberry-ice\/","name":"Blueberry Ice - Puff 20k Bang Leader 20000 Vape jednorazowy 20k - vozolvapen","isPartOf":{"@id":"https:\/\/vozolvapen.de\/#website"},"primaryImageOfPage":{"@id":"https:\/\/vozolvapen.de\/product\/puff-20k-bang-leader-20000-blueberry-ice\/#primaryimage"},"image":{"@id":"https:\/\/vozolvapen.de\/product\/puff-20k-bang-leader-20000-blueberry-ice\/#primaryimage"},"thumbnailUrl":"https:\/\/vozolvapen.de\/wp-content\/uploads\/2025\/12\/Puff-20k-Bang-Leader-20000-blueberry-ice-.jpg.webp","datePublished":"2025-12-09T08:39:08+00:00","dateModified":"2026-02-10T12:33:14+00:00","description":"Do\u015bwiadcz lodowatego Blueberry Ice Puff 20k Bang Leader 20000. Maks. 20000 zaci\u0105gni\u0119\u0107, 20 ml e-liquidu, cewka siatkowa 0,8\u03a9. Kup ten zimny Bang Vape Puff 20k z szybk\u0105 wysy\u0142k\u0105 do UE.","breadcrumb":{"@id":"https:\/\/vozolvapen.de\/product\/puff-20k-bang-leader-20000-blueberry-ice\/#breadcrumb"},"inLanguage":"pl-PL","potentialAction":[{"@type":"ReadAction","target":["https:\/\/vozolvapen.de\/product\/puff-20k-bang-leader-20000-blueberry-ice\/"]}]},{"@type":"ImageObject","inLanguage":"pl-PL","@id":"https:\/\/vozolvapen.de\/product\/puff-20k-bang-leader-20000-blueberry-ice\/#primaryimage","url":"https:\/\/vozolvapen.de\/wp-content\/uploads\/2025\/12\/Puff-20k-Bang-Leader-20000-blueberry-ice-.jpg.webp","contentUrl":"https:\/\/vozolvapen.de\/wp-content\/uploads\/2025\/12\/Puff-20k-Bang-Leader-20000-blueberry-ice-.jpg.webp","width":1000,"height":1000,"caption":"Puff 20k Bang Leader 20000-blueberry-ice-.jpg"},{"@type":"BreadcrumbList","@id":"https:\/\/vozolvapen.de\/product\/puff-20k-bang-leader-20000-blueberry-ice\/#breadcrumb","itemListElement":[{"@type":"ListItem","position":1,"name":"Home","item":"https:\/\/vozolvapen.de\/de\/"},{"@type":"ListItem","position":2,"name":"Shop","item":"https:\/\/vozolvapen.de\/shop\/"},{"@type":"ListItem","position":3,"name":"Puff 20k Bang Leader 20000 &#8211; Blueberry Ice"}]},{"@type":"WebSite","@id":"https:\/\/vozolvapen.de\/#website","url":"https:\/\/vozolvapen.de\/","name":"vozolvapen","description":"vozolvapen","publisher":{"@id":"https:\/\/vozolvapen.de\/#organization"},"potentialAction":[{"@type":"SearchAction","target":{"@type":"EntryPoint","urlTemplate":"https:\/\/vozolvapen.de\/?s={search_term_string}"},"query-input":{"@type":"PropertyValueSpecification","valueRequired":true,"valueName":"search_term_string"}}],"inLanguage":"pl-PL"},{"@type":"Organization","@id":"https:\/\/vozolvapen.de\/#organization","name":"vozolvapen","url":"https:\/\/vozolvapen.de\/","logo":{"@type":"ImageObject","inLanguage":"pl-PL","@id":"https:\/\/vozolvapen.de\/#\/schema\/logo\/image\/","url":"https:\/\/vozolvapen.de\/wp-content\/uploads\/2025\/12\/cropped-vozovapen-logo.webp","contentUrl":"https:\/\/vozolvapen.de\/wp-content\/uploads\/2025\/12\/cropped-vozovapen-logo.webp","width":470,"height":110,"caption":"vozolvapen"},"image":{"@id":"https:\/\/vozolvapen.de\/#\/schema\/logo\/image\/"}}]}},"tiered_pricing_type":"fixed","tiered_pricing_fixed_rules":{"30":"8.55","50":"6.55","100":"6.05","200":"5.05"},"tiered_pricing_product_settings":{"layout":"default","base_unit_name":{"singular":null,"plural":null},"default_variation":{}},"tiered_pricing_minimum_quantity":10,"tiered_pricing_roles_data":[],"tiered_pricing_percentage_rules":[],"tiered_pricing_maximum_quantity":null,"tiered_pricing_quantity_step":"10","_links":{"self":[{"href":"http:\/\/vozolvapen.de\/pl\/wp-json\/wp\/v2\/product\/19770","targetHints":{"allow":["GET"]}}],"collection":[{"href":"http:\/\/vozolvapen.de\/pl\/wp-json\/wp\/v2\/product"}],"about":[{"href":"http:\/\/vozolvapen.de\/pl\/wp-json\/wp\/v2\/types\/product"}],"replies":[{"embeddable":true,"href":"http:\/\/vozolvapen.de\/pl\/wp-json\/wp\/v2\/comments?post=19770"}],"wp:featuredmedia":[{"embeddable":true,"href":"http:\/\/vozolvapen.de\/pl\/wp-json\/wp\/v2\/media\/19995"}],"wp:attachment":[{"href":"http:\/\/vozolvapen.de\/pl\/wp-json\/wp\/v2\/media?parent=19770"}],"wp:term":[{"taxonomy":"product_brand","embeddable":true,"href":"http:\/\/vozolvapen.de\/pl\/wp-json\/wp\/v2\/product_brand?post=19770"},{"taxonomy":"product_cat","embeddable":true,"href":"http:\/\/vozolvapen.de\/pl\/wp-json\/wp\/v2\/product_cat?post=19770"},{"taxonomy":"product_tag","embeddable":true,"href":"http:\/\/vozolvapen.de\/pl\/wp-json\/wp\/v2\/product_tag?post=19770"}],"curies":[{"name":"wp","href":"https:\/\/api.w.org\/{rel}","templated":true}]}}