{"id":20161,"date":"2025-12-10T07:29:16","date_gmt":"2025-12-10T07:29:16","guid":{"rendered":"https:\/\/vozolvapen.de\/?post_type=product&#038;p=20161"},"modified":"2025-12-30T05:28:01","modified_gmt":"2025-12-30T05:28:01","slug":"jnr-mediamax-40000-fucking-fab","status":"publish","type":"product","link":"http:\/\/vozolvapen.de\/pl\/product\/jnr-mediamax-40000-fucking-fab\/","title":{"rendered":"JNR Mediamax 40000 - Fucking Fab"},"content":{"rendered":"<h1>JNR Mediamax 40000 Puffs - Fucking Fab Flavor<\/h1>\n<p data-path-to-node=\"22,3,0\"><b>\u015amia\u0142o\u015b\u0107, kt\u00f3ra zas\u0142uguje na swoj\u0105 nazw\u0119<\/b> <b>Fucking Fab<\/b> jest przeznaczony dla waper\u00f3w, kt\u00f3rzy wymagaj\u0105 intensywnych, bogatych profili smakowych. Ta zastrze\u017cona mieszanka to z\u0142o\u017cona, tajemnicza mieszanka s\u0142odkich i pikantnych owoc\u00f3w, zapewniaj\u0105ca ekscytuj\u0105c\u0105 eksplozj\u0119 smaku, kt\u00f3ra nie pozwala podniebieniu zgadywa\u0107. Spodziewaj si\u0119 nut r\u00f3\u017cnych jag\u00f3d i by\u0107 mo\u017ce odrobiny egzotycznej tropikalnej s\u0142odyczy.<\/p>\n<h2 data-path-to-node=\"22,3,0\"><b>Wytrzyma\u0142o\u015b\u0107 smaku<\/b><\/h2>\n<p data-path-to-node=\"22,3,0\">The <b>JNR Mediamax 40000<\/b> zosta\u0142 stworzony z my\u015bl\u0105 o ekstremalnych profilach smakowych. The <b>Cewka z podw\u00f3jn\u0105 siatk\u0105<\/b> zapewnia, \u017ce pe\u0142ny smak <b>Fucking Fab<\/b> pozostaje silny i satysfakcjonuj\u0105cy dla wszystkich <b>40,000 Puffs<\/b>. Nigdy wi\u0119cej nie zadowalaj si\u0119 stonowanym smakiem.<\/p>\n<h2 data-path-to-node=\"22,3,0\"><b>Zaawansowana technologia, doskona\u0142y smak<\/b><\/h2>\n<p data-path-to-node=\"22,3,0\">Po\u0142\u0105czenie ogromnej pojemno\u015bci 21 ml i zintegrowanej inteligentnej technologii sprawia, \u017ce jest to najbardziej zaawansowany <b>Puff JNR 40K<\/b> urz\u0105dzenie jednorazowego u\u017cytku na rynku.<\/p>\n<h3 data-path-to-node=\"4,3,0\">Odpowiedni smak<\/h3>\n<table data-path-to-node=\"17\">\n<thead>\n<tr>\n<td><strong>Sekcja<\/strong><\/td>\n<td><strong>Tre\u015b\u0107<\/strong><\/td>\n<\/tr>\n<\/thead>\n<tbody>\n<tr>\n<td><span data-path-to-node=\"17,1,0,0\"><b>Idealny dla<\/b><\/span><\/td>\n<td><span data-path-to-node=\"17,1,1,0\">Vaperzy szukaj\u0105cy <b>Odwa\u017cna, pe\u0142na, zastrze\u017cona mieszanka<\/b> kt\u00f3r\u0105 trudno sklasyfikowa\u0107. Spodziewaj si\u0119 silnej, nasyconej produkcji pary.<\/span><\/td>\n<\/tr>\n<tr>\n<td><span data-path-to-node=\"17,2,0,0\"><b>Spodoba ci si\u0119 to, je\u015bli...<\/b><\/span><\/td>\n<td><span data-path-to-node=\"17,2,1,0\">Jeste\u015b <b>znudzony smakami pojedynczych owoc\u00f3w<\/b> i chc\u0105 mieszanki \u201csekretnego sosu\u201d, kt\u00f3ra jest intensywnie s\u0142odka, pikantna i niezapomniana.<\/span><\/td>\n<\/tr>\n<tr>\n<td><span data-path-to-node=\"17,3,0,0\"><b>Wynik profilu smakowego<\/b><\/span><\/td>\n<td><span data-path-to-node=\"17,3,1,0\">S\u0142odycz: \u2b50\u2b50\u2b50\u2b50\u2b50 \/ Ch\u0142\u00f3d: \u2b50\u2b50\u2b50 \/ Z\u0142o\u017cono\u015b\u0107: \u2b50\u2b50\u2b50\u2b50\u2b50<\/span><\/td>\n<\/tr>\n<\/tbody>\n<\/table>\n<h3 data-path-to-node=\"4,3,0\"><b>Specyfikacja JNR Mediamax 40000<\/b><\/h3>\n<table data-path-to-node=\"12\">\n<thead>\n<tr>\n<td><strong>Cecha<\/strong><\/td>\n<td><strong>Szczeg\u00f3\u0142y<\/strong><\/td>\n<\/tr>\n<\/thead>\n<tbody>\n<tr>\n<td><span data-path-to-node=\"12,1,0,0\"><b>Model<\/b><\/span><\/td>\n<td><span data-path-to-node=\"12,1,1,0\">JNR Mediamax 40000<\/span><\/td>\n<\/tr>\n<tr>\n<td><span data-path-to-node=\"12,2,0,0\"><b>Puff Count<\/b><\/span><\/td>\n<td><span data-path-to-node=\"12,2,1,0\">Do 40 000 zaci\u0105gni\u0119\u0107<\/span><\/td>\n<\/tr>\n<tr>\n<td><span data-path-to-node=\"12,3,0,0\"><b>Pojemno\u015b\u0107 E-Liquid<\/b><\/span><\/td>\n<td><span data-path-to-node=\"12,3,1,0\">21ML nape\u0142niony p\u0142ynem<\/span><\/td>\n<\/tr>\n<tr>\n<td><span data-path-to-node=\"12,4,0,0\"><b>Poziom nikotyny<\/b><\/span><\/td>\n<td><span data-path-to-node=\"12,4,1,0\">Opcje soli nikotynowej 2% i 5%<\/span><\/td>\n<\/tr>\n<tr>\n<td><span data-path-to-node=\"12,5,0,0\"><b>Bateria<\/b><\/span><\/td>\n<td><span data-path-to-node=\"12,5,1,0\">Akumulator 1000 mAh<\/span><\/td>\n<\/tr>\n<tr>\n<td><span data-path-to-node=\"12,6,0,0\"><b>Cewka<\/b><\/span><\/td>\n<td><span data-path-to-node=\"12,6,1,0\">Cewka z podw\u00f3jn\u0105 siatk\u0105<\/span><\/td>\n<\/tr>\n<tr>\n<td><span data-path-to-node=\"12,7,0,0\"><b>\u0141adowanie<\/b><\/span><\/td>\n<td><span data-path-to-node=\"12,7,1,0\">Szybkie \u0142adowanie typu C<\/span><\/td>\n<\/tr>\n<tr>\n<td><span data-path-to-node=\"12,8,0,0\"><b>Inteligentna funkcja<\/b><\/span><\/td>\n<td><span data-path-to-node=\"12,8,1,0\">Po\u0142\u0105czenia, tekst, zdalna kamera, funkcja wyszukiwania<\/span><\/td>\n<\/tr>\n<tr>\n<td><span data-path-to-node=\"12,9,0,0\"><b>Wy\u015bwietlacz<\/b><\/span><\/td>\n<td><span data-path-to-node=\"12,9,1,0\">Du\u017cy wy\u015bwietlacz HD o przek\u0105tnej 2,4 cala<\/span><\/td>\n<\/tr>\n<tr>\n<td><span data-path-to-node=\"12,10,0,0\"><b>Wysy\u0142ka<\/b><\/span><\/td>\n<td><span data-path-to-node=\"12,10,1,0\">Magazyn europejski (dostawa w ci\u0105gu 1-3 dni)<\/span><\/td>\n<\/tr>\n<tr>\n<td><span data-path-to-node=\"12,11,0,0\"><b>Wymiary<\/b><\/span><\/td>\n<td><span data-path-to-node=\"12,11,1,0\">69*32*116mm<\/span><\/td>\n<\/tr>\n<\/tbody>\n<\/table>\n<h2><strong>JNR Mediamax 40000 <\/strong><strong>Wideo\uff1a<\/strong><\/h2>\n<p><iframe src=\"https:\/\/player.vimeo.com\/video\/1150263548?badge=0&amp;autopause=0&amp;player_id=0&amp;app_id=58479\" width=\"800\" height=\"450\" frameborder=\"0\" allow=\"autoplay; fullscreen; picture-in-picture; clipboard-write; encrypted-media; web-share\" referrerpolicy=\"strict-origin-when-cross-origin\" title=\"JNR Mediamax 40000: przysz\u0142o\u015b\u0107 inteligentnego wapowania\"><\/iframe><\/p>\n<h3 dir=\"auto\">Oto dalsze zalecenia dla Ciebie:<\/h3>\n<p dir=\"auto\">Odkryj jeszcze wi\u0119cej niesamowitych smak\u00f3w dzi\u0119ki JNR Mediamax 40000 Puff Vape!<\/p>\n<p dir=\"auto\"><a href=\"https:\/\/vozolvapen.de\/pl\/produktkategorie\/jnr-vape\/jnr-mediamax-40000-puff-vape\/\" target=\"_blank\" rel=\"noopener noreferrer nofollow\">Zobacz wszystkie odmiany tutaj \u2192<\/a><\/p>\n<p dir=\"auto\">Zapoznaj si\u0119 z nasz\u0105 pe\u0142n\u0105 kolekcj\u0105 i kupuj produkty najlepszych marek vape, kt\u00f3re pokochasz.<\/p>\n<p dir=\"auto\"><a href=\"https:\/\/vozolvapen.de\/pl\/\" target=\"_blank\" rel=\"noopener noreferrer nofollow\">Przegl\u0105daj teraz wszystkie marki \u2192<\/a><\/p>\n<p dir=\"auto\">Sprawd\u017a ca\u0142\u0105 seri\u0119 JNR Vape - ka\u017cdy smak, ka\u017cdy styl!<\/p>\n<p dir=\"auto\"><a href=\"https:\/\/vozolvapen.de\/pl\/product-category\/jnr-vape\/\" target=\"_blank\" rel=\"noopener noreferrer nofollow\">Zobacz pe\u0142n\u0105 kolekcj\u0119 JNR Vape \u2192<\/a><\/p>","protected":false},"excerpt":{"rendered":"<p><b>Odwa\u017cny, bogaty i niezapomniany.<\/b> Opatentowana mieszanka s\u0142odkich, pikantnych i z\u0142o\u017conych owoc\u00f3w mieszanych. Do\u015bwiadcz mocy <b>Cewka z podw\u00f3jn\u0105 siatk\u0105<\/b>.<\/p>","protected":false},"featured_media":20269,"comment_status":"open","ping_status":"closed","template":"","meta":{"_acf_changed":false},"product_brand":[],"product_cat":[71],"product_tag":[],"class_list":{"0":"post-20161","1":"product","2":"type-product","3":"status-publish","4":"has-post-thumbnail","6":"product_cat-jnr-mediamax-40000-puff-vape","8":"first","9":"instock","10":"shipping-taxable","11":"purchasable","12":"product-type-variable"},"acf":[],"yoast_head":"<!-- This site is optimized with the Yoast SEO Premium plugin v26.1 (Yoast SEO v27.5) - https:\/\/yoast.com\/product\/yoast-seo-premium-wordpress\/ -->\n<title>JNR Mediamax 40000 Fucking Fab | Extreme Mixed Fruit 40K Vape - vozolvapen<\/title>\n<meta name=\"description\" content=\"Experience the unforgettable JNR Mediamax 40000 Fucking Fab. A powerful blend of tropical and mixed berries. 40,000 puffs, Dual Mesh Coil, and Smart Features. JNR Mediamax Vape EU Stock.\" \/>\n<meta name=\"robots\" content=\"index, follow, max-snippet:-1, max-image-preview:large, max-video-preview:-1\" \/>\n<link rel=\"canonical\" href=\"https:\/\/vozolvapen.de\/pl\/product\/jnr-mediamax-40000-fucking-fab\/\" \/>\n<meta property=\"og:locale\" content=\"pl_PL\" \/>\n<meta property=\"og:type\" content=\"article\" \/>\n<meta property=\"og:title\" content=\"JNR Mediamax 40000 - Fucking Fab\" \/>\n<meta property=\"og:description\" content=\"Experience the unforgettable JNR Mediamax 40000 Fucking Fab. A powerful blend of tropical and mixed berries. 40,000 puffs, Dual Mesh Coil, and Smart Features. JNR Mediamax Vape EU Stock.\" \/>\n<meta property=\"og:url\" content=\"https:\/\/vozolvapen.de\/pl\/product\/jnr-mediamax-40000-fucking-fab\/\" \/>\n<meta property=\"og:site_name\" content=\"vozolvapen\" \/>\n<meta property=\"article:modified_time\" content=\"2025-12-30T05:28:01+00:00\" \/>\n<meta property=\"og:image\" content=\"https:\/\/vozolvapen.de\/wp-content\/uploads\/2025\/12\/JNR-Mediamax-40000-Puff-Vape-Fucking-Fab-1.webp\" \/>\n\t<meta property=\"og:image:width\" content=\"606\" \/>\n\t<meta property=\"og:image:height\" content=\"1200\" \/>\n\t<meta property=\"og:image:type\" content=\"image\/webp\" \/>\n<meta name=\"twitter:card\" content=\"summary_large_image\" \/>\n<meta name=\"twitter:label1\" content=\"Szacowany czas czytania\" \/>\n\t<meta name=\"twitter:data1\" content=\"2 minuty\" \/>\n<script type=\"application\/ld+json\" class=\"yoast-schema-graph\">{\"@context\":\"https:\\\/\\\/schema.org\",\"@graph\":[{\"@type\":\"WebPage\",\"@id\":\"https:\\\/\\\/vozolvapen.de\\\/product\\\/jnr-mediamax-40000-fucking-fab\\\/\",\"url\":\"https:\\\/\\\/vozolvapen.de\\\/product\\\/jnr-mediamax-40000-fucking-fab\\\/\",\"name\":\"JNR Mediamax 40000 Fucking Fab | Extreme Mixed Fruit 40K Vape - vozolvapen\",\"isPartOf\":{\"@id\":\"https:\\\/\\\/vozolvapen.de\\\/#website\"},\"primaryImageOfPage\":{\"@id\":\"https:\\\/\\\/vozolvapen.de\\\/product\\\/jnr-mediamax-40000-fucking-fab\\\/#primaryimage\"},\"image\":{\"@id\":\"https:\\\/\\\/vozolvapen.de\\\/product\\\/jnr-mediamax-40000-fucking-fab\\\/#primaryimage\"},\"thumbnailUrl\":\"https:\\\/\\\/vozolvapen.de\\\/wp-content\\\/uploads\\\/2025\\\/12\\\/JNR-Mediamax-40000-Puff-Vape-Fucking-Fab-1.webp\",\"datePublished\":\"2025-12-10T07:29:16+00:00\",\"dateModified\":\"2025-12-30T05:28:01+00:00\",\"description\":\"Experience the unforgettable JNR Mediamax 40000 Fucking Fab. A powerful blend of tropical and mixed berries. 40,000 puffs, Dual Mesh Coil, and Smart Features. JNR Mediamax Vape EU Stock.\",\"breadcrumb\":{\"@id\":\"https:\\\/\\\/vozolvapen.de\\\/product\\\/jnr-mediamax-40000-fucking-fab\\\/#breadcrumb\"},\"inLanguage\":\"pl-PL\",\"potentialAction\":[{\"@type\":\"ReadAction\",\"target\":[\"https:\\\/\\\/vozolvapen.de\\\/product\\\/jnr-mediamax-40000-fucking-fab\\\/\"]}]},{\"@type\":\"ImageObject\",\"inLanguage\":\"pl-PL\",\"@id\":\"https:\\\/\\\/vozolvapen.de\\\/product\\\/jnr-mediamax-40000-fucking-fab\\\/#primaryimage\",\"url\":\"https:\\\/\\\/vozolvapen.de\\\/wp-content\\\/uploads\\\/2025\\\/12\\\/JNR-Mediamax-40000-Puff-Vape-Fucking-Fab-1.webp\",\"contentUrl\":\"https:\\\/\\\/vozolvapen.de\\\/wp-content\\\/uploads\\\/2025\\\/12\\\/JNR-Mediamax-40000-Puff-Vape-Fucking-Fab-1.webp\",\"width\":606,\"height\":1200,\"caption\":\"JNR Mediamax 40000 Puff Vape - Fucking Fab (1)\"},{\"@type\":\"BreadcrumbList\",\"@id\":\"https:\\\/\\\/vozolvapen.de\\\/product\\\/jnr-mediamax-40000-fucking-fab\\\/#breadcrumb\",\"itemListElement\":[{\"@type\":\"ListItem\",\"position\":1,\"name\":\"Home\",\"item\":\"https:\\\/\\\/vozolvapen.de\\\/de\\\/\"},{\"@type\":\"ListItem\",\"position\":2,\"name\":\"Shop\",\"item\":\"https:\\\/\\\/vozolvapen.de\\\/shop\\\/\"},{\"@type\":\"ListItem\",\"position\":3,\"name\":\"JNR Mediamax 40000 &#8211; Fucking Fab\"}]},{\"@type\":\"WebSite\",\"@id\":\"https:\\\/\\\/vozolvapen.de\\\/#website\",\"url\":\"https:\\\/\\\/vozolvapen.de\\\/\",\"name\":\"vozolvapen\",\"description\":\"vozolvapen\",\"publisher\":{\"@id\":\"https:\\\/\\\/vozolvapen.de\\\/#organization\"},\"potentialAction\":[{\"@type\":\"SearchAction\",\"target\":{\"@type\":\"EntryPoint\",\"urlTemplate\":\"https:\\\/\\\/vozolvapen.de\\\/?s={search_term_string}\"},\"query-input\":{\"@type\":\"PropertyValueSpecification\",\"valueRequired\":true,\"valueName\":\"search_term_string\"}}],\"inLanguage\":\"pl-PL\"},{\"@type\":\"Organization\",\"@id\":\"https:\\\/\\\/vozolvapen.de\\\/#organization\",\"name\":\"vozolvapen\",\"url\":\"https:\\\/\\\/vozolvapen.de\\\/\",\"logo\":{\"@type\":\"ImageObject\",\"inLanguage\":\"pl-PL\",\"@id\":\"https:\\\/\\\/vozolvapen.de\\\/#\\\/schema\\\/logo\\\/image\\\/\",\"url\":\"https:\\\/\\\/vozolvapen.de\\\/wp-content\\\/uploads\\\/2025\\\/12\\\/cropped-vozovapen-logo.webp\",\"contentUrl\":\"https:\\\/\\\/vozolvapen.de\\\/wp-content\\\/uploads\\\/2025\\\/12\\\/cropped-vozovapen-logo.webp\",\"width\":470,\"height\":110,\"caption\":\"vozolvapen\"},\"image\":{\"@id\":\"https:\\\/\\\/vozolvapen.de\\\/#\\\/schema\\\/logo\\\/image\\\/\"}}]}<\/script>\n<!-- \/ Yoast SEO Premium plugin. -->","yoast_head_json":{"title":"JNR Mediamax 40000 Fucking Fab | Extreme Mixed Fruit 40K Vape - vozolvapen","description":"Do\u015bwiadcz niezapomnianego JNR Mediamax 40000 Fucking Fab. Pot\u0119\u017cna mieszanka tropikalnych i mieszanych jag\u00f3d. 40 000 zaci\u0105gni\u0119\u0107, podw\u00f3jna cewka siatkowa i inteligentne funkcje. JNR Mediamax Vape EU Stock.","robots":{"index":"index","follow":"follow","max-snippet":"max-snippet:-1","max-image-preview":"max-image-preview:large","max-video-preview":"max-video-preview:-1"},"canonical":"https:\/\/vozolvapen.de\/pl\/product\/jnr-mediamax-40000-fucking-fab\/","og_locale":"pl_PL","og_type":"article","og_title":"JNR Mediamax 40000 - Fucking Fab","og_description":"Experience the unforgettable JNR Mediamax 40000 Fucking Fab. A powerful blend of tropical and mixed berries. 40,000 puffs, Dual Mesh Coil, and Smart Features. JNR Mediamax Vape EU Stock.","og_url":"https:\/\/vozolvapen.de\/pl\/product\/jnr-mediamax-40000-fucking-fab\/","og_site_name":"vozolvapen","article_modified_time":"2025-12-30T05:28:01+00:00","og_image":[{"width":606,"height":1200,"url":"https:\/\/vozolvapen.de\/wp-content\/uploads\/2025\/12\/JNR-Mediamax-40000-Puff-Vape-Fucking-Fab-1.webp","type":"image\/webp"}],"twitter_card":"summary_large_image","twitter_misc":{"Szacowany czas czytania":"2 minuty"},"schema":{"@context":"https:\/\/schema.org","@graph":[{"@type":"WebPage","@id":"https:\/\/vozolvapen.de\/product\/jnr-mediamax-40000-fucking-fab\/","url":"https:\/\/vozolvapen.de\/product\/jnr-mediamax-40000-fucking-fab\/","name":"JNR Mediamax 40000 Fucking Fab | Extreme Mixed Fruit 40K Vape - vozolvapen","isPartOf":{"@id":"https:\/\/vozolvapen.de\/#website"},"primaryImageOfPage":{"@id":"https:\/\/vozolvapen.de\/product\/jnr-mediamax-40000-fucking-fab\/#primaryimage"},"image":{"@id":"https:\/\/vozolvapen.de\/product\/jnr-mediamax-40000-fucking-fab\/#primaryimage"},"thumbnailUrl":"https:\/\/vozolvapen.de\/wp-content\/uploads\/2025\/12\/JNR-Mediamax-40000-Puff-Vape-Fucking-Fab-1.webp","datePublished":"2025-12-10T07:29:16+00:00","dateModified":"2025-12-30T05:28:01+00:00","description":"Do\u015bwiadcz niezapomnianego JNR Mediamax 40000 Fucking Fab. Pot\u0119\u017cna mieszanka tropikalnych i mieszanych jag\u00f3d. 40 000 zaci\u0105gni\u0119\u0107, podw\u00f3jna cewka siatkowa i inteligentne funkcje. JNR Mediamax Vape EU Stock.","breadcrumb":{"@id":"https:\/\/vozolvapen.de\/product\/jnr-mediamax-40000-fucking-fab\/#breadcrumb"},"inLanguage":"pl-PL","potentialAction":[{"@type":"ReadAction","target":["https:\/\/vozolvapen.de\/product\/jnr-mediamax-40000-fucking-fab\/"]}]},{"@type":"ImageObject","inLanguage":"pl-PL","@id":"https:\/\/vozolvapen.de\/product\/jnr-mediamax-40000-fucking-fab\/#primaryimage","url":"https:\/\/vozolvapen.de\/wp-content\/uploads\/2025\/12\/JNR-Mediamax-40000-Puff-Vape-Fucking-Fab-1.webp","contentUrl":"https:\/\/vozolvapen.de\/wp-content\/uploads\/2025\/12\/JNR-Mediamax-40000-Puff-Vape-Fucking-Fab-1.webp","width":606,"height":1200,"caption":"JNR Mediamax 40000 Puff Vape - Fucking Fab (1)"},{"@type":"BreadcrumbList","@id":"https:\/\/vozolvapen.de\/product\/jnr-mediamax-40000-fucking-fab\/#breadcrumb","itemListElement":[{"@type":"ListItem","position":1,"name":"Home","item":"https:\/\/vozolvapen.de\/de\/"},{"@type":"ListItem","position":2,"name":"Shop","item":"https:\/\/vozolvapen.de\/shop\/"},{"@type":"ListItem","position":3,"name":"JNR Mediamax 40000 &#8211; Fucking Fab"}]},{"@type":"WebSite","@id":"https:\/\/vozolvapen.de\/#website","url":"https:\/\/vozolvapen.de\/","name":"vozolvapen","description":"vozolvapen","publisher":{"@id":"https:\/\/vozolvapen.de\/#organization"},"potentialAction":[{"@type":"SearchAction","target":{"@type":"EntryPoint","urlTemplate":"https:\/\/vozolvapen.de\/?s={search_term_string}"},"query-input":{"@type":"PropertyValueSpecification","valueRequired":true,"valueName":"search_term_string"}}],"inLanguage":"pl-PL"},{"@type":"Organization","@id":"https:\/\/vozolvapen.de\/#organization","name":"vozolvapen","url":"https:\/\/vozolvapen.de\/","logo":{"@type":"ImageObject","inLanguage":"pl-PL","@id":"https:\/\/vozolvapen.de\/#\/schema\/logo\/image\/","url":"https:\/\/vozolvapen.de\/wp-content\/uploads\/2025\/12\/cropped-vozovapen-logo.webp","contentUrl":"https:\/\/vozolvapen.de\/wp-content\/uploads\/2025\/12\/cropped-vozovapen-logo.webp","width":470,"height":110,"caption":"vozolvapen"},"image":{"@id":"https:\/\/vozolvapen.de\/#\/schema\/logo\/image\/"}}]}},"tiered_pricing_type":"fixed","tiered_pricing_fixed_rules":{"30":"14.38","50":"11.88","100":"11.38","200":"10.38"},"tiered_pricing_product_settings":{"layout":"default","base_unit_name":{"singular":null,"plural":null},"default_variation":null},"tiered_pricing_minimum_quantity":10,"tiered_pricing_roles_data":[],"tiered_pricing_percentage_rules":[],"tiered_pricing_maximum_quantity":null,"tiered_pricing_quantity_step":"10","_links":{"self":[{"href":"http:\/\/vozolvapen.de\/pl\/wp-json\/wp\/v2\/product\/20161","targetHints":{"allow":["GET"]}}],"collection":[{"href":"http:\/\/vozolvapen.de\/pl\/wp-json\/wp\/v2\/product"}],"about":[{"href":"http:\/\/vozolvapen.de\/pl\/wp-json\/wp\/v2\/types\/product"}],"replies":[{"embeddable":true,"href":"http:\/\/vozolvapen.de\/pl\/wp-json\/wp\/v2\/comments?post=20161"}],"wp:featuredmedia":[{"embeddable":true,"href":"http:\/\/vozolvapen.de\/pl\/wp-json\/wp\/v2\/media\/20269"}],"wp:attachment":[{"href":"http:\/\/vozolvapen.de\/pl\/wp-json\/wp\/v2\/media?parent=20161"}],"wp:term":[{"taxonomy":"product_brand","embeddable":true,"href":"http:\/\/vozolvapen.de\/pl\/wp-json\/wp\/v2\/product_brand?post=20161"},{"taxonomy":"product_cat","embeddable":true,"href":"http:\/\/vozolvapen.de\/pl\/wp-json\/wp\/v2\/product_cat?post=20161"},{"taxonomy":"product_tag","embeddable":true,"href":"http:\/\/vozolvapen.de\/pl\/wp-json\/wp\/v2\/product_tag?post=20161"}],"curies":[{"name":"wp","href":"https:\/\/api.w.org\/{rel}","templated":true}]}}