{"id":20207,"date":"2025-12-10T07:29:19","date_gmt":"2025-12-10T07:29:19","guid":{"rendered":"https:\/\/vozolvapen.de\/?post_type=product&#038;p=20207"},"modified":"2025-12-30T05:27:51","modified_gmt":"2025-12-30T05:27:51","slug":"jnr-mediamax-40000-peach-mango-watermelon","status":"publish","type":"product","link":"http:\/\/vozolvapen.de\/pl\/product\/jnr-mediamax-40000-peach-mango-watermelon\/","title":{"rendered":"JNR Mediamax 40000 - Brzoskwinia Mango Arbuz"},"content":{"rendered":"<h1><b><\/b> JNR Mediamax 40000 Puffs - smak brzoskwinia mango arbuz<\/h1>\n<p data-path-to-node=\"28,3,0\"><b>Szczeg\u00f3\u0142owy opis produktu:<\/b> <b>Liquid Sunshine: P\u0142ynna, tropikalna ucieczka<\/b> <b>Brzoskwinia Mango Arbuz<\/b> to mistrzowskie tropikalne trio. Smak ten jest niesamowicie g\u0142adki, \u0142\u0105cz\u0105c kwiatow\u0105 s\u0142odycz dojrza\u0142ej brzoskwini, kremowe bogactwo mango i rze\u015bkie, czyste wyko\u0144czenie arbuza. Jest to g\u0119sty, pe\u0142ny owocowy vape, kt\u00f3ry zapewnia sp\u00f3jne tropikalne wibracje bez nadmiernego lodu.<\/p>\n<h2 data-path-to-node=\"28,3,0\"><b>Du\u017ca pojemno\u015b\u0107, \u0142agodny smak<\/b><\/h2>\n<p data-path-to-node=\"28,3,0\">Z <b>21 ml e-cieczy<\/b>, w <b>JNR Mediamax 40000<\/b> gwarantuje, \u017ce mo\u017cesz cieszy\u0107 si\u0119 tym z\u0142o\u017conym, \u0142agodnym smakiem przez wiele tygodni. The <b>Cewka z podw\u00f3jn\u0105 siatk\u0105<\/b> zapewnia, \u017ce subtelne nuty brzoskwini i mango s\u0105 wyra\u017ane, zapewniaj\u0105c najwy\u017cszej jako\u015bci doznania smakowe.<\/p>\n<h2 data-path-to-node=\"28,3,0\"><b>Inteligentny i przeno\u015bny<\/b><\/h2>\n<p data-path-to-node=\"28,3,0\">Pomimo ogromnej liczby puff\u00f3w <b>JNR Mediamax vape<\/b> pozostaje przeno\u015bny (69*32*116mm) i posiada zaawansowane funkcje <b>Wy\u015bwietlacz HD 2,4\u201d<\/b> dla wszystkich potrzeb zwi\u0105zanych z monitorowaniem.<\/p>\n<h3 data-path-to-node=\"4,3,0\">Odpowiedni smak<\/h3>\n<table data-path-to-node=\"21\">\n<thead>\n<tr>\n<td><strong>Sekcja<\/strong><\/td>\n<td><strong>Tre\u015b\u0107<\/strong><\/td>\n<\/tr>\n<\/thead>\n<tbody>\n<tr>\n<td><span data-path-to-node=\"21,1,0,0\"><b>Idealny dla<\/b><\/span><\/td>\n<td><span data-path-to-node=\"21,1,1,0\">Vaperzy, kt\u00f3rzy kochaj\u0105 <b>G\u0142adkie, tropikalne, niekwa\u015bne mieszanki owocowe<\/b>. Idealny dla luksusowego, ciep\u0142ego doznania pary.<\/span><\/td>\n<\/tr>\n<tr>\n<td><span data-path-to-node=\"21,2,0,0\"><b>Spodoba ci si\u0119 to, je\u015bli...<\/b><\/span><\/td>\n<td><span data-path-to-node=\"21,2,1,0\">Ustalasz priorytety <b>kremowa konsystencja<\/b> i zr\u00f3wnowa\u017cone po\u0142\u0105czenie nut kwiatowych (brzoskwinia), bogatych (mango) i czystych (arbuz).<\/span><\/td>\n<\/tr>\n<tr>\n<td><span data-path-to-node=\"21,3,0,0\"><b>Wynik profilu smakowego<\/b><\/span><\/td>\n<td><span data-path-to-node=\"21,3,1,0\">S\u0142odycz: \u2b50\u2b50\u2b50\u2b50\u2b50 \/ Ch\u0142\u00f3d: \u2b50 \/ Z\u0142o\u017cono\u015b\u0107: \u2b50\u2b50\u2b50\u2b50<\/span><\/td>\n<\/tr>\n<\/tbody>\n<\/table>\n<h3 data-path-to-node=\"4,3,0\"><b>Specyfikacja JNR Mediamax 40000<\/b><\/h3>\n<table data-path-to-node=\"12\">\n<thead>\n<tr>\n<td><strong>Cecha<\/strong><\/td>\n<td><strong>Szczeg\u00f3\u0142y<\/strong><\/td>\n<\/tr>\n<\/thead>\n<tbody>\n<tr>\n<td><span data-path-to-node=\"12,1,0,0\"><b>Model<\/b><\/span><\/td>\n<td><span data-path-to-node=\"12,1,1,0\">JNR Mediamax 40000<\/span><\/td>\n<\/tr>\n<tr>\n<td><span data-path-to-node=\"12,2,0,0\"><b>Puff Count<\/b><\/span><\/td>\n<td><span data-path-to-node=\"12,2,1,0\">Do 40 000 zaci\u0105gni\u0119\u0107<\/span><\/td>\n<\/tr>\n<tr>\n<td><span data-path-to-node=\"12,3,0,0\"><b>Pojemno\u015b\u0107 E-Liquid<\/b><\/span><\/td>\n<td><span data-path-to-node=\"12,3,1,0\">21ML nape\u0142niony p\u0142ynem<\/span><\/td>\n<\/tr>\n<tr>\n<td><span data-path-to-node=\"12,4,0,0\"><b>Poziom nikotyny<\/b><\/span><\/td>\n<td><span data-path-to-node=\"12,4,1,0\">Opcje soli nikotynowej 2% i 5%<\/span><\/td>\n<\/tr>\n<tr>\n<td><span data-path-to-node=\"12,5,0,0\"><b>Bateria<\/b><\/span><\/td>\n<td><span data-path-to-node=\"12,5,1,0\">Akumulator 1000 mAh<\/span><\/td>\n<\/tr>\n<tr>\n<td><span data-path-to-node=\"12,6,0,0\"><b>Cewka<\/b><\/span><\/td>\n<td><span data-path-to-node=\"12,6,1,0\">Cewka z podw\u00f3jn\u0105 siatk\u0105<\/span><\/td>\n<\/tr>\n<tr>\n<td><span data-path-to-node=\"12,7,0,0\"><b>\u0141adowanie<\/b><\/span><\/td>\n<td><span data-path-to-node=\"12,7,1,0\">Szybkie \u0142adowanie typu C<\/span><\/td>\n<\/tr>\n<tr>\n<td><span data-path-to-node=\"12,8,0,0\"><b>Inteligentna funkcja<\/b><\/span><\/td>\n<td><span data-path-to-node=\"12,8,1,0\">Po\u0142\u0105czenia, tekst, zdalna kamera, funkcja wyszukiwania<\/span><\/td>\n<\/tr>\n<tr>\n<td><span data-path-to-node=\"12,9,0,0\"><b>Wy\u015bwietlacz<\/b><\/span><\/td>\n<td><span data-path-to-node=\"12,9,1,0\">Du\u017cy wy\u015bwietlacz HD o przek\u0105tnej 2,4 cala<\/span><\/td>\n<\/tr>\n<tr>\n<td><span data-path-to-node=\"12,10,0,0\"><b>Wysy\u0142ka<\/b><\/span><\/td>\n<td><span data-path-to-node=\"12,10,1,0\">Magazyn europejski (dostawa w ci\u0105gu 1-3 dni)<\/span><\/td>\n<\/tr>\n<tr>\n<td><span data-path-to-node=\"12,11,0,0\"><b>Wymiary<\/b><\/span><\/td>\n<td><span data-path-to-node=\"12,11,1,0\">69*32*116mm<\/span><\/td>\n<\/tr>\n<\/tbody>\n<\/table>\n<h2><strong>JNR Mediamax 40000 <\/strong><strong>Wideo\uff1a<\/strong><\/h2>\n<p><iframe src=\"https:\/\/player.vimeo.com\/video\/1150263548?badge=0&amp;autopause=0&amp;player_id=0&amp;app_id=58479\" width=\"800\" height=\"450\" frameborder=\"0\" allow=\"autoplay; fullscreen; picture-in-picture; clipboard-write; encrypted-media; web-share\" referrerpolicy=\"strict-origin-when-cross-origin\" title=\"JNR Mediamax 40000: przysz\u0142o\u015b\u0107 inteligentnego wapowania\"><\/iframe><\/p>\n<h3 dir=\"auto\">Oto dalsze zalecenia dla Ciebie:<\/h3>\n<p dir=\"auto\">Odkryj jeszcze wi\u0119cej niesamowitych smak\u00f3w dzi\u0119ki JNR Mediamax 40000 Puff Vape!<\/p>\n<p dir=\"auto\"><a href=\"https:\/\/vozolvapen.de\/pl\/produktkategorie\/jnr-vape\/jnr-mediamax-40000-puff-vape\/\" target=\"_blank\" rel=\"noopener noreferrer nofollow\">Zobacz wszystkie odmiany tutaj \u2192<\/a><\/p>\n<p dir=\"auto\">Zapoznaj si\u0119 z nasz\u0105 pe\u0142n\u0105 kolekcj\u0105 i kupuj produkty najlepszych marek vape, kt\u00f3re pokochasz.<\/p>\n<p dir=\"auto\"><a href=\"https:\/\/vozolvapen.de\/pl\/\" target=\"_blank\" rel=\"noopener noreferrer nofollow\">Przegl\u0105daj teraz wszystkie marki \u2192<\/a><\/p>\n<p dir=\"auto\">Sprawd\u017a ca\u0142\u0105 seri\u0119 JNR Vape - ka\u017cdy smak, ka\u017cdy styl!<\/p>\n<p dir=\"auto\"><a href=\"https:\/\/vozolvapen.de\/pl\/product-category\/jnr-vape\/\" target=\"_blank\" rel=\"noopener noreferrer nofollow\">Zobacz pe\u0142n\u0105 kolekcj\u0119 JNR Vape \u2192<\/a><\/p>","protected":false},"excerpt":{"rendered":"<p><b>G\u0142adkie trio owoc\u00f3w tropikalnych.<\/b> Bujna brzoskwinia, kremowe mango i chrupi\u0105cy arbuz po\u0142\u0105czone w bogat\u0105, nie lodowat\u0105 mieszank\u0119. <b>Smart Find<\/b> funkcja w zestawie.<\/p>","protected":false},"featured_media":20273,"comment_status":"open","ping_status":"closed","template":"","meta":{"_acf_changed":false},"product_brand":[],"product_cat":[71],"product_tag":[],"class_list":{"0":"post-20207","1":"product","2":"type-product","3":"status-publish","4":"has-post-thumbnail","6":"product_cat-jnr-mediamax-40000-puff-vape","8":"first","9":"instock","10":"shipping-taxable","11":"purchasable","12":"product-type-variable"},"acf":[],"yoast_head":"<!-- This site is optimized with the Yoast SEO Premium plugin v26.1 (Yoast SEO v27.5) - https:\/\/yoast.com\/product\/yoast-seo-premium-wordpress\/ -->\n<title>JNR Mediamax 40000 Peach Mango Watermelon | Tropical Trio 40K Vape - vozolvapen<\/title>\n<meta name=\"description\" content=\"Shop JNR Mediamax 40000 Peach Mango Watermelon. A lush, smooth blend of peach, mango, and watermelon. 21ML JNR liquid, 40,000 puffs, and smart tech.\" \/>\n<meta name=\"robots\" content=\"index, follow, max-snippet:-1, max-image-preview:large, max-video-preview:-1\" \/>\n<link rel=\"canonical\" href=\"https:\/\/vozolvapen.de\/pl\/product\/jnr-mediamax-40000-peach-mango-watermelon\/\" \/>\n<meta property=\"og:locale\" content=\"pl_PL\" \/>\n<meta property=\"og:type\" content=\"article\" \/>\n<meta property=\"og:title\" content=\"JNR Mediamax 40000 - Peach Mango Watermelon\" \/>\n<meta property=\"og:description\" content=\"Shop JNR Mediamax 40000 Peach Mango Watermelon. A lush, smooth blend of peach, mango, and watermelon. 21ML JNR liquid, 40,000 puffs, and smart tech.\" \/>\n<meta property=\"og:url\" content=\"https:\/\/vozolvapen.de\/pl\/product\/jnr-mediamax-40000-peach-mango-watermelon\/\" \/>\n<meta property=\"og:site_name\" content=\"vozolvapen\" \/>\n<meta property=\"article:modified_time\" content=\"2025-12-30T05:27:51+00:00\" \/>\n<meta property=\"og:image\" content=\"https:\/\/vozolvapen.de\/wp-content\/uploads\/2025\/12\/JNR-Mediamax-40000-Puff-Vape-Peach-Mango-Watermelon.webp\" \/>\n\t<meta property=\"og:image:width\" content=\"800\" \/>\n\t<meta property=\"og:image:height\" content=\"800\" \/>\n\t<meta property=\"og:image:type\" content=\"image\/webp\" \/>\n<meta name=\"twitter:card\" content=\"summary_large_image\" \/>\n<meta name=\"twitter:label1\" content=\"Szacowany czas czytania\" \/>\n\t<meta name=\"twitter:data1\" content=\"2 minuty\" \/>\n<script type=\"application\/ld+json\" class=\"yoast-schema-graph\">{\"@context\":\"https:\\\/\\\/schema.org\",\"@graph\":[{\"@type\":\"WebPage\",\"@id\":\"https:\\\/\\\/vozolvapen.de\\\/product\\\/jnr-mediamax-40000-peach-mango-watermelon\\\/\",\"url\":\"https:\\\/\\\/vozolvapen.de\\\/product\\\/jnr-mediamax-40000-peach-mango-watermelon\\\/\",\"name\":\"JNR Mediamax 40000 Peach Mango Watermelon | Tropical Trio 40K Vape - vozolvapen\",\"isPartOf\":{\"@id\":\"https:\\\/\\\/vozolvapen.de\\\/#website\"},\"primaryImageOfPage\":{\"@id\":\"https:\\\/\\\/vozolvapen.de\\\/product\\\/jnr-mediamax-40000-peach-mango-watermelon\\\/#primaryimage\"},\"image\":{\"@id\":\"https:\\\/\\\/vozolvapen.de\\\/product\\\/jnr-mediamax-40000-peach-mango-watermelon\\\/#primaryimage\"},\"thumbnailUrl\":\"https:\\\/\\\/vozolvapen.de\\\/wp-content\\\/uploads\\\/2025\\\/12\\\/JNR-Mediamax-40000-Puff-Vape-Peach-Mango-Watermelon.webp\",\"datePublished\":\"2025-12-10T07:29:19+00:00\",\"dateModified\":\"2025-12-30T05:27:51+00:00\",\"description\":\"Shop JNR Mediamax 40000 Peach Mango Watermelon. A lush, smooth blend of peach, mango, and watermelon. 21ML JNR liquid, 40,000 puffs, and smart tech.\",\"breadcrumb\":{\"@id\":\"https:\\\/\\\/vozolvapen.de\\\/product\\\/jnr-mediamax-40000-peach-mango-watermelon\\\/#breadcrumb\"},\"inLanguage\":\"pl-PL\",\"potentialAction\":[{\"@type\":\"ReadAction\",\"target\":[\"https:\\\/\\\/vozolvapen.de\\\/product\\\/jnr-mediamax-40000-peach-mango-watermelon\\\/\"]}]},{\"@type\":\"ImageObject\",\"inLanguage\":\"pl-PL\",\"@id\":\"https:\\\/\\\/vozolvapen.de\\\/product\\\/jnr-mediamax-40000-peach-mango-watermelon\\\/#primaryimage\",\"url\":\"https:\\\/\\\/vozolvapen.de\\\/wp-content\\\/uploads\\\/2025\\\/12\\\/JNR-Mediamax-40000-Puff-Vape-Peach-Mango-Watermelon.webp\",\"contentUrl\":\"https:\\\/\\\/vozolvapen.de\\\/wp-content\\\/uploads\\\/2025\\\/12\\\/JNR-Mediamax-40000-Puff-Vape-Peach-Mango-Watermelon.webp\",\"width\":800,\"height\":800,\"caption\":\"JNR Mediamax 40000 Puff Vape - Peach Mango Watermelon\"},{\"@type\":\"BreadcrumbList\",\"@id\":\"https:\\\/\\\/vozolvapen.de\\\/product\\\/jnr-mediamax-40000-peach-mango-watermelon\\\/#breadcrumb\",\"itemListElement\":[{\"@type\":\"ListItem\",\"position\":1,\"name\":\"Home\",\"item\":\"https:\\\/\\\/vozolvapen.de\\\/de\\\/\"},{\"@type\":\"ListItem\",\"position\":2,\"name\":\"Shop\",\"item\":\"https:\\\/\\\/vozolvapen.de\\\/shop\\\/\"},{\"@type\":\"ListItem\",\"position\":3,\"name\":\"JNR Mediamax 40000 &#8211; Peach Mango Watermelon\"}]},{\"@type\":\"WebSite\",\"@id\":\"https:\\\/\\\/vozolvapen.de\\\/#website\",\"url\":\"https:\\\/\\\/vozolvapen.de\\\/\",\"name\":\"vozolvapen\",\"description\":\"vozolvapen\",\"publisher\":{\"@id\":\"https:\\\/\\\/vozolvapen.de\\\/#organization\"},\"potentialAction\":[{\"@type\":\"SearchAction\",\"target\":{\"@type\":\"EntryPoint\",\"urlTemplate\":\"https:\\\/\\\/vozolvapen.de\\\/?s={search_term_string}\"},\"query-input\":{\"@type\":\"PropertyValueSpecification\",\"valueRequired\":true,\"valueName\":\"search_term_string\"}}],\"inLanguage\":\"pl-PL\"},{\"@type\":\"Organization\",\"@id\":\"https:\\\/\\\/vozolvapen.de\\\/#organization\",\"name\":\"vozolvapen\",\"url\":\"https:\\\/\\\/vozolvapen.de\\\/\",\"logo\":{\"@type\":\"ImageObject\",\"inLanguage\":\"pl-PL\",\"@id\":\"https:\\\/\\\/vozolvapen.de\\\/#\\\/schema\\\/logo\\\/image\\\/\",\"url\":\"https:\\\/\\\/vozolvapen.de\\\/wp-content\\\/uploads\\\/2025\\\/12\\\/cropped-vozovapen-logo.webp\",\"contentUrl\":\"https:\\\/\\\/vozolvapen.de\\\/wp-content\\\/uploads\\\/2025\\\/12\\\/cropped-vozovapen-logo.webp\",\"width\":470,\"height\":110,\"caption\":\"vozolvapen\"},\"image\":{\"@id\":\"https:\\\/\\\/vozolvapen.de\\\/#\\\/schema\\\/logo\\\/image\\\/\"}}]}<\/script>\n<!-- \/ Yoast SEO Premium plugin. -->","yoast_head_json":{"title":"JNR Mediamax 40000 Peach Mango Watermelon | Tropical Trio 40K Vape - vozolvapen","description":"Sklep JNR Mediamax 40000 Peach Mango Watermelon. Bujna, g\u0142adka mieszanka brzoskwini, mango i arbuza. 21 ml p\u0142ynu JNR, 40 000 zaci\u0105gni\u0119\u0107 i inteligentna technologia.","robots":{"index":"index","follow":"follow","max-snippet":"max-snippet:-1","max-image-preview":"max-image-preview:large","max-video-preview":"max-video-preview:-1"},"canonical":"https:\/\/vozolvapen.de\/pl\/product\/jnr-mediamax-40000-peach-mango-watermelon\/","og_locale":"pl_PL","og_type":"article","og_title":"JNR Mediamax 40000 - Peach Mango Watermelon","og_description":"Shop JNR Mediamax 40000 Peach Mango Watermelon. A lush, smooth blend of peach, mango, and watermelon. 21ML JNR liquid, 40,000 puffs, and smart tech.","og_url":"https:\/\/vozolvapen.de\/pl\/product\/jnr-mediamax-40000-peach-mango-watermelon\/","og_site_name":"vozolvapen","article_modified_time":"2025-12-30T05:27:51+00:00","og_image":[{"width":800,"height":800,"url":"https:\/\/vozolvapen.de\/wp-content\/uploads\/2025\/12\/JNR-Mediamax-40000-Puff-Vape-Peach-Mango-Watermelon.webp","type":"image\/webp"}],"twitter_card":"summary_large_image","twitter_misc":{"Szacowany czas czytania":"2 minuty"},"schema":{"@context":"https:\/\/schema.org","@graph":[{"@type":"WebPage","@id":"https:\/\/vozolvapen.de\/product\/jnr-mediamax-40000-peach-mango-watermelon\/","url":"https:\/\/vozolvapen.de\/product\/jnr-mediamax-40000-peach-mango-watermelon\/","name":"JNR Mediamax 40000 Peach Mango Watermelon | Tropical Trio 40K Vape - vozolvapen","isPartOf":{"@id":"https:\/\/vozolvapen.de\/#website"},"primaryImageOfPage":{"@id":"https:\/\/vozolvapen.de\/product\/jnr-mediamax-40000-peach-mango-watermelon\/#primaryimage"},"image":{"@id":"https:\/\/vozolvapen.de\/product\/jnr-mediamax-40000-peach-mango-watermelon\/#primaryimage"},"thumbnailUrl":"https:\/\/vozolvapen.de\/wp-content\/uploads\/2025\/12\/JNR-Mediamax-40000-Puff-Vape-Peach-Mango-Watermelon.webp","datePublished":"2025-12-10T07:29:19+00:00","dateModified":"2025-12-30T05:27:51+00:00","description":"Sklep JNR Mediamax 40000 Peach Mango Watermelon. Bujna, g\u0142adka mieszanka brzoskwini, mango i arbuza. 21 ml p\u0142ynu JNR, 40 000 zaci\u0105gni\u0119\u0107 i inteligentna technologia.","breadcrumb":{"@id":"https:\/\/vozolvapen.de\/product\/jnr-mediamax-40000-peach-mango-watermelon\/#breadcrumb"},"inLanguage":"pl-PL","potentialAction":[{"@type":"ReadAction","target":["https:\/\/vozolvapen.de\/product\/jnr-mediamax-40000-peach-mango-watermelon\/"]}]},{"@type":"ImageObject","inLanguage":"pl-PL","@id":"https:\/\/vozolvapen.de\/product\/jnr-mediamax-40000-peach-mango-watermelon\/#primaryimage","url":"https:\/\/vozolvapen.de\/wp-content\/uploads\/2025\/12\/JNR-Mediamax-40000-Puff-Vape-Peach-Mango-Watermelon.webp","contentUrl":"https:\/\/vozolvapen.de\/wp-content\/uploads\/2025\/12\/JNR-Mediamax-40000-Puff-Vape-Peach-Mango-Watermelon.webp","width":800,"height":800,"caption":"JNR Mediamax 40000 Puff Vape - Peach Mango Watermelon"},{"@type":"BreadcrumbList","@id":"https:\/\/vozolvapen.de\/product\/jnr-mediamax-40000-peach-mango-watermelon\/#breadcrumb","itemListElement":[{"@type":"ListItem","position":1,"name":"Home","item":"https:\/\/vozolvapen.de\/de\/"},{"@type":"ListItem","position":2,"name":"Shop","item":"https:\/\/vozolvapen.de\/shop\/"},{"@type":"ListItem","position":3,"name":"JNR Mediamax 40000 &#8211; Peach Mango Watermelon"}]},{"@type":"WebSite","@id":"https:\/\/vozolvapen.de\/#website","url":"https:\/\/vozolvapen.de\/","name":"vozolvapen","description":"vozolvapen","publisher":{"@id":"https:\/\/vozolvapen.de\/#organization"},"potentialAction":[{"@type":"SearchAction","target":{"@type":"EntryPoint","urlTemplate":"https:\/\/vozolvapen.de\/?s={search_term_string}"},"query-input":{"@type":"PropertyValueSpecification","valueRequired":true,"valueName":"search_term_string"}}],"inLanguage":"pl-PL"},{"@type":"Organization","@id":"https:\/\/vozolvapen.de\/#organization","name":"vozolvapen","url":"https:\/\/vozolvapen.de\/","logo":{"@type":"ImageObject","inLanguage":"pl-PL","@id":"https:\/\/vozolvapen.de\/#\/schema\/logo\/image\/","url":"https:\/\/vozolvapen.de\/wp-content\/uploads\/2025\/12\/cropped-vozovapen-logo.webp","contentUrl":"https:\/\/vozolvapen.de\/wp-content\/uploads\/2025\/12\/cropped-vozovapen-logo.webp","width":470,"height":110,"caption":"vozolvapen"},"image":{"@id":"https:\/\/vozolvapen.de\/#\/schema\/logo\/image\/"}}]}},"tiered_pricing_type":"fixed","tiered_pricing_fixed_rules":{"30":"14.38","50":"11.88","100":"11.38","200":"10.38"},"tiered_pricing_product_settings":{"layout":"default","base_unit_name":{"singular":null,"plural":null},"default_variation":null},"tiered_pricing_minimum_quantity":10,"tiered_pricing_roles_data":[],"tiered_pricing_percentage_rules":[],"tiered_pricing_maximum_quantity":null,"tiered_pricing_quantity_step":"10","_links":{"self":[{"href":"http:\/\/vozolvapen.de\/pl\/wp-json\/wp\/v2\/product\/20207","targetHints":{"allow":["GET"]}}],"collection":[{"href":"http:\/\/vozolvapen.de\/pl\/wp-json\/wp\/v2\/product"}],"about":[{"href":"http:\/\/vozolvapen.de\/pl\/wp-json\/wp\/v2\/types\/product"}],"replies":[{"embeddable":true,"href":"http:\/\/vozolvapen.de\/pl\/wp-json\/wp\/v2\/comments?post=20207"}],"wp:featuredmedia":[{"embeddable":true,"href":"http:\/\/vozolvapen.de\/pl\/wp-json\/wp\/v2\/media\/20273"}],"wp:attachment":[{"href":"http:\/\/vozolvapen.de\/pl\/wp-json\/wp\/v2\/media?parent=20207"}],"wp:term":[{"taxonomy":"product_brand","embeddable":true,"href":"http:\/\/vozolvapen.de\/pl\/wp-json\/wp\/v2\/product_brand?post=20207"},{"taxonomy":"product_cat","embeddable":true,"href":"http:\/\/vozolvapen.de\/pl\/wp-json\/wp\/v2\/product_cat?post=20207"},{"taxonomy":"product_tag","embeddable":true,"href":"http:\/\/vozolvapen.de\/pl\/wp-json\/wp\/v2\/product_tag?post=20207"}],"curies":[{"name":"wp","href":"https:\/\/api.w.org\/{rel}","templated":true}]}}