{"id":21529,"date":"2025-12-11T06:46:37","date_gmt":"2025-12-11T06:46:37","guid":{"rendered":"https:\/\/vozolvapen.de\/?post_type=product&#038;p=21529"},"modified":"2026-02-10T12:39:55","modified_gmt":"2026-02-10T12:39:55","slug":"puff-30k-bang-king-30000-dual-flavor-blueberry-ice-black-dragon-ice","status":"publish","type":"product","link":"http:\/\/vozolvapen.de\/pl\/product\/puff-30k-bang-king-30000-dual-flavor-blueberry-ice-black-dragon-ice\/","title":{"rendered":"Puff 30k Bang King 30000 Dual Flavor - Blueberry Ice &amp; Black Dragon Ice"},"content":{"rendered":"<h1 data-path-to-node=\"50\">Blueberry Ice &amp; Black Dragon Ice \u2013 Puff 30k Bang King 30000 Dual Flavor<\/h1>\n<p><strong>For the Lovers of the Chill<\/strong><\/p>\n<p>Prepare for an arctic adventure with the Blueberry Ice &amp; Black Dragon Ice Bang King 30000. This edition is tailored for those who crave a strong throat hit and cooling sensations. With a massive 550mAh battery and quick Type-C charging, your device is always ready to deliver.<\/p>\n<h2 data-path-to-node=\"52\">A Symphony of Two Flavors<\/h2>\n<ul data-path-to-node=\"53\">\n<li>Flavor A: Blueberry IceA classic done right. Plump, sweet blueberries are blended with crushed ice to create a smooth, frosty vape that never gets old.<\/li>\n<li>Flavor B: Black Dragon IceAn exotic mystery. Black Dragon Ice combines the unique, slightly creamy taste of dragon fruit with a powerful menthol kick. It is unique, bold, and invigorating.<\/li>\n<li>The Icy Experience:Both flavors in this device focus on a cooling finish, making it the ideal choice for menthol lovers who want variety in their fruit base.<\/li>\n<\/ul>\n<h2 data-path-to-node=\"54\">Product Specifications<\/h2>\n<table data-path-to-node=\"55\">\n<thead>\n<tr>\n<td><strong>Cecha<\/strong><\/td>\n<td><strong>Szczeg\u00f3\u0142y<\/strong><\/td>\n<\/tr>\n<\/thead>\n<tbody>\n<tr>\n<td><span data-path-to-node=\"55,1,0,0\"><b>Model<\/b><\/span><\/td>\n<td><span data-path-to-node=\"55,1,1,0\">Bang King 30000<\/span><\/td>\n<\/tr>\n<tr>\n<td><span data-path-to-node=\"55,2,0,0\"><b>Puffy<\/b><\/span><\/td>\n<td><span data-path-to-node=\"55,2,1,0\">Do 30 000 zaci\u0105gni\u0119\u0107<\/span><\/td>\n<\/tr>\n<tr>\n<td><span data-path-to-node=\"55,3,0,0\"><b>Flavor Combo<\/b><\/span><\/td>\n<td><span data-path-to-node=\"55,3,1,0\"><b>Blueberry Ice i Black Dragon Ice<\/b><\/span><\/td>\n<\/tr>\n<tr>\n<td><span data-path-to-node=\"55,4,0,0\"><b>E-Liquid<\/b><\/span><\/td>\n<td><span data-path-to-node=\"55,4,1,0\">36mL (Dual 18mL Tanks)<\/span><\/td>\n<\/tr>\n<tr>\n<td><span data-path-to-node=\"55,5,0,0\"><b>Nikotyna<\/b><\/span><\/td>\n<td><span data-path-to-node=\"55,5,1,0\">0% \/ 2% \/ 3% \/ 5%<\/span><\/td>\n<\/tr>\n<tr>\n<td><span data-path-to-node=\"55,6,0,0\"><b>Bateria<\/b><\/span><\/td>\n<td><span data-path-to-node=\"55,6,1,0\">Akumulator 550 mAh (typ C)<\/span><\/td>\n<\/tr>\n<tr>\n<td><span data-path-to-node=\"55,7,0,0\"><b>Cewka<\/b><\/span><\/td>\n<td><span data-path-to-node=\"55,7,1,0\">Siatkowa cewka 1,0\u03a9<\/span><\/td>\n<\/tr>\n<tr>\n<td><span data-path-to-node=\"55,8,0,0\"><b>Wy\u015bwietlacz<\/b><\/span><\/td>\n<td><span data-path-to-node=\"55,8,1,0\">LCD Digital Screen<\/span><\/td>\n<\/tr>\n<\/tbody>\n<\/table>\n<h2><strong>Bang King 30000 Puffs <\/strong><strong>Wideo\uff1a<\/strong><\/h2>\n<p><iframe src=\"https:\/\/player.vimeo.com\/video\/1150260479?badge=0&amp;autopause=0&amp;player_id=0&amp;app_id=58479&amp;autoplay=1\" width=\"400\" height=\"711\" frameborder=\"0\" allow=\"autoplay; fullscreen; picture-in-picture; clipboard-write; encrypted-media; web-share\" referrerpolicy=\"strict-origin-when-cross-origin\" title=\"Bang 30k puff 30000 Puffs Disposable Vape Bang King 2 in 1 EU Warehouse 24 Flavor Double Taste LCD DisplayE Cigarette Vaper pen\"><\/iframe><\/p>\n<p data-path-to-node=\"56\"><b>Cool down with the ultimate ice combo. Buy the Blueberry Ice &amp; Black Dragon Ice Bang King 30000 now!<\/b><\/p>\n<h3 dir=\"auto\">Oto dalsze zalecenia dla Ciebie:<\/h3>\n<p dir=\"auto\">Discover even more incredible flavors with the Puff 30k Bang King 30000 Vape!<\/p>\n<p dir=\"auto\"><a href=\"https:\/\/vozolvapen.de\/pl\/product-category\/bang-vape\/puff-30k-bang-king-30000-dual-flavor\/\" target=\"_blank\" rel=\"noopener noreferrer nofollow\">Zobacz wszystkie odmiany tutaj \u2192<\/a><\/p>\n<p dir=\"auto\">Zapoznaj si\u0119 z nasz\u0105 pe\u0142n\u0105 kolekcj\u0105 i kupuj produkty najlepszych marek vape, kt\u00f3re pokochasz.<\/p>\n<p dir=\"auto\"><a href=\"https:\/\/vozolvapen.de\/pl\/\" target=\"_blank\" rel=\"noopener noreferrer nofollow\">Przegl\u0105daj teraz wszystkie marki \u2192<\/a><\/p>\n<p dir=\"auto\">Sprawd\u017a ca\u0142\u0105 seri\u0119 Bang Vape - ka\u017cdy smak, ka\u017cdy styl!<\/p>\n<p dir=\"auto\"><a href=\"https:\/\/vozolvapen.de\/pl\/product-category\/bang-vape\/\" target=\"_blank\" rel=\"noopener noreferrer nofollow\">Zobacz pe\u0142n\u0105 kolekcj\u0119 Bang Vape \u2192<\/a><\/p>","protected":false},"excerpt":{"rendered":"<p><b>Double the Chill:<\/b> Designed for menthol lovers, this combination pairs refreshing Blueberry Ice with the exotic punch of Black Dragon Ice. The <b>Bang King 30000<\/b> brings 30,000 icy puffs.<\/p>","protected":false},"featured_media":21957,"comment_status":"open","ping_status":"closed","template":"","meta":{"_acf_changed":false},"product_brand":[],"product_cat":[134,73],"product_tag":[],"class_list":{"0":"post-21529","1":"product","2":"type-product","3":"status-publish","4":"has-post-thumbnail","6":"product_cat-eu-warehouse-in-stock","7":"product_cat-puff-30k-bang-king-30000-dual-flavor","9":"first","10":"instock","11":"shipping-taxable","12":"purchasable","13":"product-type-variable"},"acf":[],"yoast_head":"<!-- This site is optimized with the Yoast SEO Premium plugin v26.1 (Yoast SEO v27.5) - https:\/\/yoast.com\/product\/yoast-seo-premium-wordpress\/ -->\n<title>Blueberry Ice &amp; Black Dragon Ice - Puff 30k Bang King 30000 - vozolvapen<\/title>\n<meta name=\"description\" content=\"Intense cooling flavors: Blueberry Ice &amp; Black Dragon Ice Bang King 30000. 30,000 puffs of premium vapor. Dual tank system for extended use.\" \/>\n<meta name=\"robots\" content=\"index, follow, max-snippet:-1, max-image-preview:large, max-video-preview:-1\" \/>\n<link rel=\"canonical\" href=\"https:\/\/vozolvapen.de\/pl\/product\/puff-30k-bang-king-30000-dual-flavor-blueberry-ice-black-dragon-ice\/\" \/>\n<meta property=\"og:locale\" content=\"pl_PL\" \/>\n<meta property=\"og:type\" content=\"article\" \/>\n<meta property=\"og:title\" content=\"Puff 30k Bang King 30000 Dual Flavor - Blueberry Ice &amp; Black Dragon Ice\" \/>\n<meta property=\"og:description\" content=\"Intense cooling flavors: Blueberry Ice &amp; Black Dragon Ice Bang King 30000. 30,000 puffs of premium vapor. Dual tank system for extended use.\" \/>\n<meta property=\"og:url\" content=\"https:\/\/vozolvapen.de\/pl\/product\/puff-30k-bang-king-30000-dual-flavor-blueberry-ice-black-dragon-ice\/\" \/>\n<meta property=\"og:site_name\" content=\"vozolvapen\" \/>\n<meta property=\"article:modified_time\" content=\"2026-02-10T12:39:55+00:00\" \/>\n<meta property=\"og:image\" content=\"https:\/\/vozolvapen.de\/wp-content\/uploads\/2025\/12\/Puff-30k-Bang-King-30000-blueberry-ice-black-dragon-ice.png.webp\" \/>\n\t<meta property=\"og:image:width\" content=\"1000\" \/>\n\t<meta property=\"og:image:height\" content=\"1000\" \/>\n\t<meta property=\"og:image:type\" content=\"image\/webp\" \/>\n<meta name=\"twitter:card\" content=\"summary_large_image\" \/>\n<meta name=\"twitter:label1\" content=\"Szacowany czas czytania\" \/>\n\t<meta name=\"twitter:data1\" content=\"2 minuty\" \/>\n<script type=\"application\/ld+json\" class=\"yoast-schema-graph\">{\"@context\":\"https:\\\/\\\/schema.org\",\"@graph\":[{\"@type\":\"WebPage\",\"@id\":\"https:\\\/\\\/vozolvapen.de\\\/product\\\/puff-30k-bang-king-30000-dual-flavor-blueberry-ice-black-dragon-ice\\\/\",\"url\":\"https:\\\/\\\/vozolvapen.de\\\/product\\\/puff-30k-bang-king-30000-dual-flavor-blueberry-ice-black-dragon-ice\\\/\",\"name\":\"Blueberry Ice & Black Dragon Ice - Puff 30k Bang King 30000 - vozolvapen\",\"isPartOf\":{\"@id\":\"https:\\\/\\\/vozolvapen.de\\\/#website\"},\"primaryImageOfPage\":{\"@id\":\"https:\\\/\\\/vozolvapen.de\\\/product\\\/puff-30k-bang-king-30000-dual-flavor-blueberry-ice-black-dragon-ice\\\/#primaryimage\"},\"image\":{\"@id\":\"https:\\\/\\\/vozolvapen.de\\\/product\\\/puff-30k-bang-king-30000-dual-flavor-blueberry-ice-black-dragon-ice\\\/#primaryimage\"},\"thumbnailUrl\":\"https:\\\/\\\/vozolvapen.de\\\/wp-content\\\/uploads\\\/2025\\\/12\\\/Puff-30k-Bang-King-30000-blueberry-ice-black-dragon-ice.png.webp\",\"datePublished\":\"2025-12-11T06:46:37+00:00\",\"dateModified\":\"2026-02-10T12:39:55+00:00\",\"description\":\"Intense cooling flavors: Blueberry Ice & Black Dragon Ice Bang King 30000. 30,000 puffs of premium vapor. Dual tank system for extended use.\",\"breadcrumb\":{\"@id\":\"https:\\\/\\\/vozolvapen.de\\\/product\\\/puff-30k-bang-king-30000-dual-flavor-blueberry-ice-black-dragon-ice\\\/#breadcrumb\"},\"inLanguage\":\"pl-PL\",\"potentialAction\":[{\"@type\":\"ReadAction\",\"target\":[\"https:\\\/\\\/vozolvapen.de\\\/product\\\/puff-30k-bang-king-30000-dual-flavor-blueberry-ice-black-dragon-ice\\\/\"]}]},{\"@type\":\"ImageObject\",\"inLanguage\":\"pl-PL\",\"@id\":\"https:\\\/\\\/vozolvapen.de\\\/product\\\/puff-30k-bang-king-30000-dual-flavor-blueberry-ice-black-dragon-ice\\\/#primaryimage\",\"url\":\"https:\\\/\\\/vozolvapen.de\\\/wp-content\\\/uploads\\\/2025\\\/12\\\/Puff-30k-Bang-King-30000-blueberry-ice-black-dragon-ice.png.webp\",\"contentUrl\":\"https:\\\/\\\/vozolvapen.de\\\/wp-content\\\/uploads\\\/2025\\\/12\\\/Puff-30k-Bang-King-30000-blueberry-ice-black-dragon-ice.png.webp\",\"width\":1000,\"height\":1000,\"caption\":\"Puff 30k Bang King 30000-blueberry-ice-black-dragon-ice.png\"},{\"@type\":\"BreadcrumbList\",\"@id\":\"https:\\\/\\\/vozolvapen.de\\\/product\\\/puff-30k-bang-king-30000-dual-flavor-blueberry-ice-black-dragon-ice\\\/#breadcrumb\",\"itemListElement\":[{\"@type\":\"ListItem\",\"position\":1,\"name\":\"Home\",\"item\":\"https:\\\/\\\/vozolvapen.de\\\/de\\\/\"},{\"@type\":\"ListItem\",\"position\":2,\"name\":\"Shop\",\"item\":\"https:\\\/\\\/vozolvapen.de\\\/shop\\\/\"},{\"@type\":\"ListItem\",\"position\":3,\"name\":\"Puff 30k Bang King 30000 Dual Flavor &#8211; Blueberry Ice &#038; Black Dragon Ice\"}]},{\"@type\":\"WebSite\",\"@id\":\"https:\\\/\\\/vozolvapen.de\\\/#website\",\"url\":\"https:\\\/\\\/vozolvapen.de\\\/\",\"name\":\"vozolvapen\",\"description\":\"vozolvapen\",\"publisher\":{\"@id\":\"https:\\\/\\\/vozolvapen.de\\\/#organization\"},\"potentialAction\":[{\"@type\":\"SearchAction\",\"target\":{\"@type\":\"EntryPoint\",\"urlTemplate\":\"https:\\\/\\\/vozolvapen.de\\\/?s={search_term_string}\"},\"query-input\":{\"@type\":\"PropertyValueSpecification\",\"valueRequired\":true,\"valueName\":\"search_term_string\"}}],\"inLanguage\":\"pl-PL\"},{\"@type\":\"Organization\",\"@id\":\"https:\\\/\\\/vozolvapen.de\\\/#organization\",\"name\":\"vozolvapen\",\"url\":\"https:\\\/\\\/vozolvapen.de\\\/\",\"logo\":{\"@type\":\"ImageObject\",\"inLanguage\":\"pl-PL\",\"@id\":\"https:\\\/\\\/vozolvapen.de\\\/#\\\/schema\\\/logo\\\/image\\\/\",\"url\":\"https:\\\/\\\/vozolvapen.de\\\/wp-content\\\/uploads\\\/2025\\\/12\\\/cropped-vozovapen-logo.webp\",\"contentUrl\":\"https:\\\/\\\/vozolvapen.de\\\/wp-content\\\/uploads\\\/2025\\\/12\\\/cropped-vozovapen-logo.webp\",\"width\":470,\"height\":110,\"caption\":\"vozolvapen\"},\"image\":{\"@id\":\"https:\\\/\\\/vozolvapen.de\\\/#\\\/schema\\\/logo\\\/image\\\/\"}}]}<\/script>\n<!-- \/ Yoast SEO Premium plugin. -->","yoast_head_json":{"title":"Blueberry Ice & Black Dragon Ice - Puff 30k Bang King 30000 - vozolvapen","description":"Intense cooling flavors: Blueberry Ice & Black Dragon Ice Bang King 30000. 30,000 puffs of premium vapor. Dual tank system for extended use.","robots":{"index":"index","follow":"follow","max-snippet":"max-snippet:-1","max-image-preview":"max-image-preview:large","max-video-preview":"max-video-preview:-1"},"canonical":"https:\/\/vozolvapen.de\/pl\/product\/puff-30k-bang-king-30000-dual-flavor-blueberry-ice-black-dragon-ice\/","og_locale":"pl_PL","og_type":"article","og_title":"Puff 30k Bang King 30000 Dual Flavor - Blueberry Ice & Black Dragon Ice","og_description":"Intense cooling flavors: Blueberry Ice & Black Dragon Ice Bang King 30000. 30,000 puffs of premium vapor. Dual tank system for extended use.","og_url":"https:\/\/vozolvapen.de\/pl\/product\/puff-30k-bang-king-30000-dual-flavor-blueberry-ice-black-dragon-ice\/","og_site_name":"vozolvapen","article_modified_time":"2026-02-10T12:39:55+00:00","og_image":[{"width":1000,"height":1000,"url":"https:\/\/vozolvapen.de\/wp-content\/uploads\/2025\/12\/Puff-30k-Bang-King-30000-blueberry-ice-black-dragon-ice.png.webp","type":"image\/webp"}],"twitter_card":"summary_large_image","twitter_misc":{"Szacowany czas czytania":"2 minuty"},"schema":{"@context":"https:\/\/schema.org","@graph":[{"@type":"WebPage","@id":"https:\/\/vozolvapen.de\/product\/puff-30k-bang-king-30000-dual-flavor-blueberry-ice-black-dragon-ice\/","url":"https:\/\/vozolvapen.de\/product\/puff-30k-bang-king-30000-dual-flavor-blueberry-ice-black-dragon-ice\/","name":"Blueberry Ice & Black Dragon Ice - Puff 30k Bang King 30000 - vozolvapen","isPartOf":{"@id":"https:\/\/vozolvapen.de\/#website"},"primaryImageOfPage":{"@id":"https:\/\/vozolvapen.de\/product\/puff-30k-bang-king-30000-dual-flavor-blueberry-ice-black-dragon-ice\/#primaryimage"},"image":{"@id":"https:\/\/vozolvapen.de\/product\/puff-30k-bang-king-30000-dual-flavor-blueberry-ice-black-dragon-ice\/#primaryimage"},"thumbnailUrl":"https:\/\/vozolvapen.de\/wp-content\/uploads\/2025\/12\/Puff-30k-Bang-King-30000-blueberry-ice-black-dragon-ice.png.webp","datePublished":"2025-12-11T06:46:37+00:00","dateModified":"2026-02-10T12:39:55+00:00","description":"Intense cooling flavors: Blueberry Ice & Black Dragon Ice Bang King 30000. 30,000 puffs of premium vapor. Dual tank system for extended use.","breadcrumb":{"@id":"https:\/\/vozolvapen.de\/product\/puff-30k-bang-king-30000-dual-flavor-blueberry-ice-black-dragon-ice\/#breadcrumb"},"inLanguage":"pl-PL","potentialAction":[{"@type":"ReadAction","target":["https:\/\/vozolvapen.de\/product\/puff-30k-bang-king-30000-dual-flavor-blueberry-ice-black-dragon-ice\/"]}]},{"@type":"ImageObject","inLanguage":"pl-PL","@id":"https:\/\/vozolvapen.de\/product\/puff-30k-bang-king-30000-dual-flavor-blueberry-ice-black-dragon-ice\/#primaryimage","url":"https:\/\/vozolvapen.de\/wp-content\/uploads\/2025\/12\/Puff-30k-Bang-King-30000-blueberry-ice-black-dragon-ice.png.webp","contentUrl":"https:\/\/vozolvapen.de\/wp-content\/uploads\/2025\/12\/Puff-30k-Bang-King-30000-blueberry-ice-black-dragon-ice.png.webp","width":1000,"height":1000,"caption":"Puff 30k Bang King 30000-blueberry-ice-black-dragon-ice.png"},{"@type":"BreadcrumbList","@id":"https:\/\/vozolvapen.de\/product\/puff-30k-bang-king-30000-dual-flavor-blueberry-ice-black-dragon-ice\/#breadcrumb","itemListElement":[{"@type":"ListItem","position":1,"name":"Home","item":"https:\/\/vozolvapen.de\/de\/"},{"@type":"ListItem","position":2,"name":"Shop","item":"https:\/\/vozolvapen.de\/shop\/"},{"@type":"ListItem","position":3,"name":"Puff 30k Bang King 30000 Dual Flavor &#8211; Blueberry Ice &#038; Black Dragon Ice"}]},{"@type":"WebSite","@id":"https:\/\/vozolvapen.de\/#website","url":"https:\/\/vozolvapen.de\/","name":"vozolvapen","description":"vozolvapen","publisher":{"@id":"https:\/\/vozolvapen.de\/#organization"},"potentialAction":[{"@type":"SearchAction","target":{"@type":"EntryPoint","urlTemplate":"https:\/\/vozolvapen.de\/?s={search_term_string}"},"query-input":{"@type":"PropertyValueSpecification","valueRequired":true,"valueName":"search_term_string"}}],"inLanguage":"pl-PL"},{"@type":"Organization","@id":"https:\/\/vozolvapen.de\/#organization","name":"vozolvapen","url":"https:\/\/vozolvapen.de\/","logo":{"@type":"ImageObject","inLanguage":"pl-PL","@id":"https:\/\/vozolvapen.de\/#\/schema\/logo\/image\/","url":"https:\/\/vozolvapen.de\/wp-content\/uploads\/2025\/12\/cropped-vozovapen-logo.webp","contentUrl":"https:\/\/vozolvapen.de\/wp-content\/uploads\/2025\/12\/cropped-vozovapen-logo.webp","width":470,"height":110,"caption":"vozolvapen"},"image":{"@id":"https:\/\/vozolvapen.de\/#\/schema\/logo\/image\/"}}]}},"tiered_pricing_type":"fixed","tiered_pricing_fixed_rules":{"30":"11.07","50":"9.07","100":"8.07","200":"7.57"},"tiered_pricing_product_settings":{"layout":"default","base_unit_name":{"singular":null,"plural":null},"default_variation":null},"tiered_pricing_minimum_quantity":10,"tiered_pricing_roles_data":[],"tiered_pricing_percentage_rules":[],"tiered_pricing_maximum_quantity":null,"tiered_pricing_quantity_step":"10","_links":{"self":[{"href":"http:\/\/vozolvapen.de\/pl\/wp-json\/wp\/v2\/product\/21529","targetHints":{"allow":["GET"]}}],"collection":[{"href":"http:\/\/vozolvapen.de\/pl\/wp-json\/wp\/v2\/product"}],"about":[{"href":"http:\/\/vozolvapen.de\/pl\/wp-json\/wp\/v2\/types\/product"}],"replies":[{"embeddable":true,"href":"http:\/\/vozolvapen.de\/pl\/wp-json\/wp\/v2\/comments?post=21529"}],"wp:featuredmedia":[{"embeddable":true,"href":"http:\/\/vozolvapen.de\/pl\/wp-json\/wp\/v2\/media\/21957"}],"wp:attachment":[{"href":"http:\/\/vozolvapen.de\/pl\/wp-json\/wp\/v2\/media?parent=21529"}],"wp:term":[{"taxonomy":"product_brand","embeddable":true,"href":"http:\/\/vozolvapen.de\/pl\/wp-json\/wp\/v2\/product_brand?post=21529"},{"taxonomy":"product_cat","embeddable":true,"href":"http:\/\/vozolvapen.de\/pl\/wp-json\/wp\/v2\/product_cat?post=21529"},{"taxonomy":"product_tag","embeddable":true,"href":"http:\/\/vozolvapen.de\/pl\/wp-json\/wp\/v2\/product_tag?post=21529"}],"curies":[{"name":"wp","href":"https:\/\/api.w.org\/{rel}","templated":true}]}}