{"id":21635,"date":"2025-12-11T06:46:42","date_gmt":"2025-12-11T06:46:42","guid":{"rendered":"https:\/\/vozolvapen.de\/?post_type=product&#038;p=21635"},"modified":"2026-02-10T12:39:51","modified_gmt":"2026-02-10T12:39:51","slug":"puff-30k-bang-king-30000-dual-flavor-red-bull-blueberry-watermelon","status":"publish","type":"product","link":"http:\/\/vozolvapen.de\/pl\/product\/puff-30k-bang-king-30000-dual-flavor-red-bull-blueberry-watermelon\/","title":{"rendered":"Puff 30k Bang King 30000 Dual Flavor - Red Bull &amp; Blueberry Watermelon"},"content":{"rendered":"<h1 data-path-to-node=\"72\">Red Bull &amp; Blueberry Watermelon \u2013 Puff 30k Bang King 30000 Dual Flavor<\/h1>\n<p><strong>Energizing Flavors for Active Vapers<\/strong><\/p>\n<p>Power through your day with the Red Bull &amp; Blueberry Watermelon Bang King 30000. This device combines the familiar kick of your favorite energy drink with a refreshing fruit blend. With 36mL of e-liquid, it is built to keep up with your busy lifestyle.<\/p>\n<h2 data-path-to-node=\"74\">A Symphony of Two Flavors<\/h2>\n<ul data-path-to-node=\"75\">\n<li>Flavor A: Red BullThe unmistakable taste of the world\u2019s famous energy drink. Sweet, tangy, and slightly fizzy, it delivers that spark you need to keep going.<\/li>\n<li>Flavor B: Blueberry WatermelonA mellow and hydrating mix. The deep notes of blueberry soften the lightness of watermelon, creating a balanced fruit vape that is perfect for relaxing.<\/li>\n<li>The Perfect Duo:Go from &#8220;Energy Mode&#8221; to &#8220;Relax Mode&#8221; with a simple switch. The LCD Digital Display ensures you always know how much power you have left.<\/li>\n<\/ul>\n<h2 data-path-to-node=\"76\">Product Specifications<\/h2>\n<table data-path-to-node=\"77\">\n<thead>\n<tr>\n<td><strong>Cecha<\/strong><\/td>\n<td><strong>Szczeg\u00f3\u0142y<\/strong><\/td>\n<\/tr>\n<\/thead>\n<tbody>\n<tr>\n<td><span data-path-to-node=\"77,1,0,0\"><b>Model<\/b><\/span><\/td>\n<td><span data-path-to-node=\"77,1,1,0\">Bang King 30000<\/span><\/td>\n<\/tr>\n<tr>\n<td><span data-path-to-node=\"77,2,0,0\"><b>Puffy<\/b><\/span><\/td>\n<td><span data-path-to-node=\"77,2,1,0\">Do 30 000 zaci\u0105gni\u0119\u0107<\/span><\/td>\n<\/tr>\n<tr>\n<td><span data-path-to-node=\"77,3,0,0\"><b>Flavor Combo<\/b><\/span><\/td>\n<td><span data-path-to-node=\"77,3,1,0\"><b>Red Bull &amp; Blueberry Watermelon<\/b><\/span><\/td>\n<\/tr>\n<tr>\n<td><span data-path-to-node=\"77,4,0,0\"><b>E-Liquid<\/b><\/span><\/td>\n<td><span data-path-to-node=\"77,4,1,0\">36mL (Dual 18mL Tanks)<\/span><\/td>\n<\/tr>\n<tr>\n<td><span data-path-to-node=\"77,5,0,0\"><b>Nikotyna<\/b><\/span><\/td>\n<td><span data-path-to-node=\"77,5,1,0\">0% \/ 2% \/ 3% \/ 5%<\/span><\/td>\n<\/tr>\n<tr>\n<td><span data-path-to-node=\"77,6,0,0\"><b>Bateria<\/b><\/span><\/td>\n<td><span data-path-to-node=\"77,6,1,0\">Akumulator 550 mAh (typ C)<\/span><\/td>\n<\/tr>\n<tr>\n<td><span data-path-to-node=\"77,7,0,0\"><b>Cewka<\/b><\/span><\/td>\n<td><span data-path-to-node=\"77,7,1,0\">Siatkowa cewka 1,0\u03a9<\/span><\/td>\n<\/tr>\n<tr>\n<td><span data-path-to-node=\"77,8,0,0\"><b>Wy\u015bwietlacz<\/b><\/span><\/td>\n<td><span data-path-to-node=\"77,8,1,0\">LCD Digital Screen<\/span><\/td>\n<\/tr>\n<\/tbody>\n<\/table>\n<h2><strong>Bang King 30000 Puffs <\/strong><strong>Wideo\uff1a<\/strong><\/h2>\n<p><iframe src=\"https:\/\/player.vimeo.com\/video\/1150260479?badge=0&amp;autopause=0&amp;player_id=0&amp;app_id=58479&amp;autoplay=1\" width=\"400\" height=\"711\" frameborder=\"0\" allow=\"autoplay; fullscreen; picture-in-picture; clipboard-write; encrypted-media; web-share\" referrerpolicy=\"strict-origin-when-cross-origin\" title=\"Bang 30k puff 30000 Puffs Disposable Vape Bang King 2 in 1 EU Warehouse 24 Flavor Double Taste LCD DisplayE Cigarette Vaper pen\"><\/iframe><\/p>\n<p data-path-to-node=\"78\"><b>Fuel your day with flavor. Buy the Red Bull &amp; Blueberry Watermelon Bang King 30000 now!<\/b><\/p>\n<h3 dir=\"auto\">Oto dalsze zalecenia dla Ciebie:<\/h3>\n<p dir=\"auto\">Discover even more incredible flavors with the Puff 30k Bang King 30000 Vape!<\/p>\n<p dir=\"auto\"><a href=\"https:\/\/vozolvapen.de\/pl\/product-category\/bang-vape\/puff-30k-bang-king-30000-dual-flavor\/\" target=\"_blank\" rel=\"noopener noreferrer nofollow\">Zobacz wszystkie odmiany tutaj \u2192<\/a><\/p>\n<p dir=\"auto\">Zapoznaj si\u0119 z nasz\u0105 pe\u0142n\u0105 kolekcj\u0105 i kupuj produkty najlepszych marek vape, kt\u00f3re pokochasz.<\/p>\n<p dir=\"auto\"><a href=\"https:\/\/vozolvapen.de\/pl\/\" target=\"_blank\" rel=\"noopener noreferrer nofollow\">Przegl\u0105daj teraz wszystkie marki \u2192<\/a><\/p>\n<p dir=\"auto\">Sprawd\u017a ca\u0142\u0105 seri\u0119 Bang Vape - ka\u017cdy smak, ka\u017cdy styl!<\/p>\n<p dir=\"auto\"><a href=\"https:\/\/vozolvapen.de\/pl\/product-category\/bang-vape\/\" target=\"_blank\" rel=\"noopener noreferrer nofollow\">Zobacz pe\u0142n\u0105 kolekcj\u0119 Bang Vape \u2192<\/a><\/p>","protected":false},"excerpt":{"rendered":"<p><b>Energy &amp; Fruit:<\/b> Switch between the distinct, zesty flavor of Red Bull and the mellow sweetness of Blueberry Watermelon. Fuel your day with the powerful <b>Bang King 30000<\/b>.<\/p>","protected":false},"featured_media":21959,"comment_status":"open","ping_status":"closed","template":"","meta":{"_acf_changed":false},"product_brand":[],"product_cat":[134,73],"product_tag":[],"class_list":{"0":"post-21635","1":"product","2":"type-product","3":"status-publish","4":"has-post-thumbnail","6":"product_cat-eu-warehouse-in-stock","7":"product_cat-puff-30k-bang-king-30000-dual-flavor","9":"first","10":"instock","11":"shipping-taxable","12":"purchasable","13":"product-type-variable"},"acf":[],"yoast_head":"<!-- This site is optimized with the Yoast SEO Premium plugin v26.1 (Yoast SEO v27.5) - https:\/\/yoast.com\/product\/yoast-seo-premium-wordpress\/ -->\n<title>Red Bull &amp; Blueberry Watermelon - Puff 30k Bang King 30000 - vozolvapen<\/title>\n<meta name=\"description\" content=\"Energize your day with Red Bull &amp; Blueberry Watermelon Bang King 30000. Dual flavor disposable vape with 30,000 puffs. Wholesale prices available.\" \/>\n<meta name=\"robots\" content=\"index, follow, max-snippet:-1, max-image-preview:large, max-video-preview:-1\" \/>\n<link rel=\"canonical\" href=\"https:\/\/vozolvapen.de\/pl\/product\/puff-30k-bang-king-30000-dual-flavor-red-bull-blueberry-watermelon\/\" \/>\n<meta property=\"og:locale\" content=\"pl_PL\" \/>\n<meta property=\"og:type\" content=\"article\" \/>\n<meta property=\"og:title\" content=\"Puff 30k Bang King 30000 Dual Flavor - Red Bull &amp; Blueberry Watermelon\" \/>\n<meta property=\"og:description\" content=\"Energize your day with Red Bull &amp; Blueberry Watermelon Bang King 30000. Dual flavor disposable vape with 30,000 puffs. Wholesale prices available.\" \/>\n<meta property=\"og:url\" content=\"https:\/\/vozolvapen.de\/pl\/product\/puff-30k-bang-king-30000-dual-flavor-red-bull-blueberry-watermelon\/\" \/>\n<meta property=\"og:site_name\" content=\"vozolvapen\" \/>\n<meta property=\"article:modified_time\" content=\"2026-02-10T12:39:51+00:00\" \/>\n<meta property=\"og:image\" content=\"https:\/\/vozolvapen.de\/wp-content\/uploads\/2025\/12\/Puff-30k-Bang-King-30000-red-bull-blueberry-watermelon-.png.webp\" \/>\n\t<meta property=\"og:image:width\" content=\"1000\" \/>\n\t<meta property=\"og:image:height\" content=\"1000\" \/>\n\t<meta property=\"og:image:type\" content=\"image\/webp\" \/>\n<meta name=\"twitter:card\" content=\"summary_large_image\" \/>\n<meta name=\"twitter:label1\" content=\"Szacowany czas czytania\" \/>\n\t<meta name=\"twitter:data1\" content=\"2 minuty\" \/>\n<script type=\"application\/ld+json\" class=\"yoast-schema-graph\">{\"@context\":\"https:\\\/\\\/schema.org\",\"@graph\":[{\"@type\":\"WebPage\",\"@id\":\"https:\\\/\\\/vozolvapen.de\\\/product\\\/puff-30k-bang-king-30000-dual-flavor-red-bull-blueberry-watermelon\\\/\",\"url\":\"https:\\\/\\\/vozolvapen.de\\\/product\\\/puff-30k-bang-king-30000-dual-flavor-red-bull-blueberry-watermelon\\\/\",\"name\":\"Red Bull & Blueberry Watermelon - Puff 30k Bang King 30000 - vozolvapen\",\"isPartOf\":{\"@id\":\"https:\\\/\\\/vozolvapen.de\\\/#website\"},\"primaryImageOfPage\":{\"@id\":\"https:\\\/\\\/vozolvapen.de\\\/product\\\/puff-30k-bang-king-30000-dual-flavor-red-bull-blueberry-watermelon\\\/#primaryimage\"},\"image\":{\"@id\":\"https:\\\/\\\/vozolvapen.de\\\/product\\\/puff-30k-bang-king-30000-dual-flavor-red-bull-blueberry-watermelon\\\/#primaryimage\"},\"thumbnailUrl\":\"https:\\\/\\\/vozolvapen.de\\\/wp-content\\\/uploads\\\/2025\\\/12\\\/Puff-30k-Bang-King-30000-red-bull-blueberry-watermelon-.png.webp\",\"datePublished\":\"2025-12-11T06:46:42+00:00\",\"dateModified\":\"2026-02-10T12:39:51+00:00\",\"description\":\"Energize your day with Red Bull & Blueberry Watermelon Bang King 30000. Dual flavor disposable vape with 30,000 puffs. Wholesale prices available.\",\"breadcrumb\":{\"@id\":\"https:\\\/\\\/vozolvapen.de\\\/product\\\/puff-30k-bang-king-30000-dual-flavor-red-bull-blueberry-watermelon\\\/#breadcrumb\"},\"inLanguage\":\"pl-PL\",\"potentialAction\":[{\"@type\":\"ReadAction\",\"target\":[\"https:\\\/\\\/vozolvapen.de\\\/product\\\/puff-30k-bang-king-30000-dual-flavor-red-bull-blueberry-watermelon\\\/\"]}]},{\"@type\":\"ImageObject\",\"inLanguage\":\"pl-PL\",\"@id\":\"https:\\\/\\\/vozolvapen.de\\\/product\\\/puff-30k-bang-king-30000-dual-flavor-red-bull-blueberry-watermelon\\\/#primaryimage\",\"url\":\"https:\\\/\\\/vozolvapen.de\\\/wp-content\\\/uploads\\\/2025\\\/12\\\/Puff-30k-Bang-King-30000-red-bull-blueberry-watermelon-.png.webp\",\"contentUrl\":\"https:\\\/\\\/vozolvapen.de\\\/wp-content\\\/uploads\\\/2025\\\/12\\\/Puff-30k-Bang-King-30000-red-bull-blueberry-watermelon-.png.webp\",\"width\":1000,\"height\":1000,\"caption\":\"Puff 30k Bang King 30000-red-bull-blueberry-watermelon-.png\"},{\"@type\":\"BreadcrumbList\",\"@id\":\"https:\\\/\\\/vozolvapen.de\\\/product\\\/puff-30k-bang-king-30000-dual-flavor-red-bull-blueberry-watermelon\\\/#breadcrumb\",\"itemListElement\":[{\"@type\":\"ListItem\",\"position\":1,\"name\":\"Home\",\"item\":\"https:\\\/\\\/vozolvapen.de\\\/de\\\/\"},{\"@type\":\"ListItem\",\"position\":2,\"name\":\"Shop\",\"item\":\"https:\\\/\\\/vozolvapen.de\\\/shop\\\/\"},{\"@type\":\"ListItem\",\"position\":3,\"name\":\"Puff 30k Bang King 30000 Dual Flavor &#8211; Red Bull &#038; Blueberry Watermelon\"}]},{\"@type\":\"WebSite\",\"@id\":\"https:\\\/\\\/vozolvapen.de\\\/#website\",\"url\":\"https:\\\/\\\/vozolvapen.de\\\/\",\"name\":\"vozolvapen\",\"description\":\"vozolvapen\",\"publisher\":{\"@id\":\"https:\\\/\\\/vozolvapen.de\\\/#organization\"},\"potentialAction\":[{\"@type\":\"SearchAction\",\"target\":{\"@type\":\"EntryPoint\",\"urlTemplate\":\"https:\\\/\\\/vozolvapen.de\\\/?s={search_term_string}\"},\"query-input\":{\"@type\":\"PropertyValueSpecification\",\"valueRequired\":true,\"valueName\":\"search_term_string\"}}],\"inLanguage\":\"pl-PL\"},{\"@type\":\"Organization\",\"@id\":\"https:\\\/\\\/vozolvapen.de\\\/#organization\",\"name\":\"vozolvapen\",\"url\":\"https:\\\/\\\/vozolvapen.de\\\/\",\"logo\":{\"@type\":\"ImageObject\",\"inLanguage\":\"pl-PL\",\"@id\":\"https:\\\/\\\/vozolvapen.de\\\/#\\\/schema\\\/logo\\\/image\\\/\",\"url\":\"https:\\\/\\\/vozolvapen.de\\\/wp-content\\\/uploads\\\/2025\\\/12\\\/cropped-vozovapen-logo.webp\",\"contentUrl\":\"https:\\\/\\\/vozolvapen.de\\\/wp-content\\\/uploads\\\/2025\\\/12\\\/cropped-vozovapen-logo.webp\",\"width\":470,\"height\":110,\"caption\":\"vozolvapen\"},\"image\":{\"@id\":\"https:\\\/\\\/vozolvapen.de\\\/#\\\/schema\\\/logo\\\/image\\\/\"}}]}<\/script>\n<!-- \/ Yoast SEO Premium plugin. -->","yoast_head_json":{"title":"Red Bull & Blueberry Watermelon - Puff 30k Bang King 30000 - vozolvapen","description":"Energize your day with Red Bull & Blueberry Watermelon Bang King 30000. Dual flavor disposable vape with 30,000 puffs. Wholesale prices available.","robots":{"index":"index","follow":"follow","max-snippet":"max-snippet:-1","max-image-preview":"max-image-preview:large","max-video-preview":"max-video-preview:-1"},"canonical":"https:\/\/vozolvapen.de\/pl\/product\/puff-30k-bang-king-30000-dual-flavor-red-bull-blueberry-watermelon\/","og_locale":"pl_PL","og_type":"article","og_title":"Puff 30k Bang King 30000 Dual Flavor - Red Bull & Blueberry Watermelon","og_description":"Energize your day with Red Bull & Blueberry Watermelon Bang King 30000. Dual flavor disposable vape with 30,000 puffs. Wholesale prices available.","og_url":"https:\/\/vozolvapen.de\/pl\/product\/puff-30k-bang-king-30000-dual-flavor-red-bull-blueberry-watermelon\/","og_site_name":"vozolvapen","article_modified_time":"2026-02-10T12:39:51+00:00","og_image":[{"width":1000,"height":1000,"url":"https:\/\/vozolvapen.de\/wp-content\/uploads\/2025\/12\/Puff-30k-Bang-King-30000-red-bull-blueberry-watermelon-.png.webp","type":"image\/webp"}],"twitter_card":"summary_large_image","twitter_misc":{"Szacowany czas czytania":"2 minuty"},"schema":{"@context":"https:\/\/schema.org","@graph":[{"@type":"WebPage","@id":"https:\/\/vozolvapen.de\/product\/puff-30k-bang-king-30000-dual-flavor-red-bull-blueberry-watermelon\/","url":"https:\/\/vozolvapen.de\/product\/puff-30k-bang-king-30000-dual-flavor-red-bull-blueberry-watermelon\/","name":"Red Bull & Blueberry Watermelon - Puff 30k Bang King 30000 - vozolvapen","isPartOf":{"@id":"https:\/\/vozolvapen.de\/#website"},"primaryImageOfPage":{"@id":"https:\/\/vozolvapen.de\/product\/puff-30k-bang-king-30000-dual-flavor-red-bull-blueberry-watermelon\/#primaryimage"},"image":{"@id":"https:\/\/vozolvapen.de\/product\/puff-30k-bang-king-30000-dual-flavor-red-bull-blueberry-watermelon\/#primaryimage"},"thumbnailUrl":"https:\/\/vozolvapen.de\/wp-content\/uploads\/2025\/12\/Puff-30k-Bang-King-30000-red-bull-blueberry-watermelon-.png.webp","datePublished":"2025-12-11T06:46:42+00:00","dateModified":"2026-02-10T12:39:51+00:00","description":"Energize your day with Red Bull & Blueberry Watermelon Bang King 30000. Dual flavor disposable vape with 30,000 puffs. Wholesale prices available.","breadcrumb":{"@id":"https:\/\/vozolvapen.de\/product\/puff-30k-bang-king-30000-dual-flavor-red-bull-blueberry-watermelon\/#breadcrumb"},"inLanguage":"pl-PL","potentialAction":[{"@type":"ReadAction","target":["https:\/\/vozolvapen.de\/product\/puff-30k-bang-king-30000-dual-flavor-red-bull-blueberry-watermelon\/"]}]},{"@type":"ImageObject","inLanguage":"pl-PL","@id":"https:\/\/vozolvapen.de\/product\/puff-30k-bang-king-30000-dual-flavor-red-bull-blueberry-watermelon\/#primaryimage","url":"https:\/\/vozolvapen.de\/wp-content\/uploads\/2025\/12\/Puff-30k-Bang-King-30000-red-bull-blueberry-watermelon-.png.webp","contentUrl":"https:\/\/vozolvapen.de\/wp-content\/uploads\/2025\/12\/Puff-30k-Bang-King-30000-red-bull-blueberry-watermelon-.png.webp","width":1000,"height":1000,"caption":"Puff 30k Bang King 30000-red-bull-blueberry-watermelon-.png"},{"@type":"BreadcrumbList","@id":"https:\/\/vozolvapen.de\/product\/puff-30k-bang-king-30000-dual-flavor-red-bull-blueberry-watermelon\/#breadcrumb","itemListElement":[{"@type":"ListItem","position":1,"name":"Home","item":"https:\/\/vozolvapen.de\/de\/"},{"@type":"ListItem","position":2,"name":"Shop","item":"https:\/\/vozolvapen.de\/shop\/"},{"@type":"ListItem","position":3,"name":"Puff 30k Bang King 30000 Dual Flavor &#8211; Red Bull &#038; Blueberry Watermelon"}]},{"@type":"WebSite","@id":"https:\/\/vozolvapen.de\/#website","url":"https:\/\/vozolvapen.de\/","name":"vozolvapen","description":"vozolvapen","publisher":{"@id":"https:\/\/vozolvapen.de\/#organization"},"potentialAction":[{"@type":"SearchAction","target":{"@type":"EntryPoint","urlTemplate":"https:\/\/vozolvapen.de\/?s={search_term_string}"},"query-input":{"@type":"PropertyValueSpecification","valueRequired":true,"valueName":"search_term_string"}}],"inLanguage":"pl-PL"},{"@type":"Organization","@id":"https:\/\/vozolvapen.de\/#organization","name":"vozolvapen","url":"https:\/\/vozolvapen.de\/","logo":{"@type":"ImageObject","inLanguage":"pl-PL","@id":"https:\/\/vozolvapen.de\/#\/schema\/logo\/image\/","url":"https:\/\/vozolvapen.de\/wp-content\/uploads\/2025\/12\/cropped-vozovapen-logo.webp","contentUrl":"https:\/\/vozolvapen.de\/wp-content\/uploads\/2025\/12\/cropped-vozovapen-logo.webp","width":470,"height":110,"caption":"vozolvapen"},"image":{"@id":"https:\/\/vozolvapen.de\/#\/schema\/logo\/image\/"}}]}},"tiered_pricing_type":"fixed","tiered_pricing_fixed_rules":{"30":"11.07","50":"9.07","100":"8.07","200":"7.57"},"tiered_pricing_product_settings":{"layout":"default","base_unit_name":{"singular":null,"plural":null},"default_variation":null},"tiered_pricing_minimum_quantity":10,"tiered_pricing_roles_data":[],"tiered_pricing_percentage_rules":[],"tiered_pricing_maximum_quantity":null,"tiered_pricing_quantity_step":"10","_links":{"self":[{"href":"http:\/\/vozolvapen.de\/pl\/wp-json\/wp\/v2\/product\/21635","targetHints":{"allow":["GET"]}}],"collection":[{"href":"http:\/\/vozolvapen.de\/pl\/wp-json\/wp\/v2\/product"}],"about":[{"href":"http:\/\/vozolvapen.de\/pl\/wp-json\/wp\/v2\/types\/product"}],"replies":[{"embeddable":true,"href":"http:\/\/vozolvapen.de\/pl\/wp-json\/wp\/v2\/comments?post=21635"}],"wp:featuredmedia":[{"embeddable":true,"href":"http:\/\/vozolvapen.de\/pl\/wp-json\/wp\/v2\/media\/21959"}],"wp:attachment":[{"href":"http:\/\/vozolvapen.de\/pl\/wp-json\/wp\/v2\/media?parent=21635"}],"wp:term":[{"taxonomy":"product_brand","embeddable":true,"href":"http:\/\/vozolvapen.de\/pl\/wp-json\/wp\/v2\/product_brand?post=21635"},{"taxonomy":"product_cat","embeddable":true,"href":"http:\/\/vozolvapen.de\/pl\/wp-json\/wp\/v2\/product_cat?post=21635"},{"taxonomy":"product_tag","embeddable":true,"href":"http:\/\/vozolvapen.de\/pl\/wp-json\/wp\/v2\/product_tag?post=21635"}],"curies":[{"name":"wp","href":"https:\/\/api.w.org\/{rel}","templated":true}]}}