{"id":23261,"date":"2025-12-12T06:48:51","date_gmt":"2025-12-12T06:48:51","guid":{"rendered":"https:\/\/vozolvapen.de\/?post_type=product&#038;p=23261"},"modified":"2025-12-12T07:24:28","modified_gmt":"2025-12-12T07:24:28","slug":"fumot-leopard-40000-mixed-berries","status":"publish","type":"product","link":"http:\/\/vozolvapen.de\/pl\/product\/fumot-leopard-40000-mixed-berries\/","title":{"rendered":"Fumot Leopard 40000 - Mieszane jagody"},"content":{"rendered":"<h1 data-path-to-node=\"5\"><b>Fumot Leopard 40000 Puffs - Mieszane jagody<\/b><\/h1>\n<p data-path-to-node=\"6\"><b>Opis produktu:<\/b> Zanurz si\u0119 w lesie smak\u00f3w dzi\u0119ki <b>Fumot Leopard 40000<\/b> Edycja Mixed Berries. To urz\u0105dzenie oferuje wyrafinowan\u0105 mieszank\u0119 s\u0142odkich truskawek, cierpkich malin i soczystych jag\u00f3d, tworz\u0105c doskonale zbalansowan\u0105 eksplozj\u0119 owoc\u00f3w. Zaprojektowany z my\u015bl\u0105 o d\u0142ugowieczno\u015bci, ten <b>fumot vape<\/b> zapewnia <b>Do 40000 zaci\u0105gni\u0119\u0107<\/b>, Dzi\u0119ki temu ulubiona mieszanka jag\u00f3d wystarcza na d\u0142u\u017cej ni\u017c kiedykolwiek wcze\u015bniej.<\/p>\n<p data-path-to-node=\"7\">Urz\u0105dzenie jest wyposa\u017cone w ogromny zbiornik o pojemno\u015bci 20 ml z wst\u0119pnie nape\u0142nionym <b>p\u0142yn fumot<\/b>, ogrzewany przez zaawansowane <b>Cewki z podw\u00f3jn\u0105 siatk\u0105<\/b> dla sp\u00f3jnego, intensywnego smaku. Dzi\u0119ki stylowemu <b>Dynamiczne \u015bwiat\u0142o obrotowe RGB<\/b> oraz czytelny wy\u015bwietlacz cyfrowy do monitorowania poziomu na\u0142adowania akumulatora i oleju. <b>fumot 40000<\/b> to najlepszy wyb\u00f3r dla mi\u0142o\u015bnik\u00f3w owoc\u00f3w.<\/p>\n<h2 data-path-to-node=\"8\"><b>Kluczowe specyfikacje<\/b><\/h2>\n<ul>\n<li data-path-to-node=\"9,0,0\"><b>Model:<\/b> <b>Fumot Leopard 40000<\/b><\/li>\n<li data-path-to-node=\"9,1,0\"><b>Profil smakowy:<\/b> Jagody mieszane (truskawka, malina, jagoda)<\/li>\n<li data-path-to-node=\"9,2,0\"><b>Liczba zaci\u0105gni\u0119\u0107:<\/b> <b>Fumot 40k<\/b> (40,000 Puffs)<\/li>\n<li data-path-to-node=\"9,3,0\"><b>Pojemno\u015b\u0107 E-Liquid:<\/b> 20ML<\/li>\n<li data-path-to-node=\"9,4,0\"><b>Bateria:<\/b> Akumulator 750 mAh (typ C)<\/li>\n<li data-path-to-node=\"9,5,0\"><b>Cewka:<\/b> Cewka z podw\u00f3jn\u0105 siatk\u0105<\/li>\n<li data-path-to-node=\"9,6,0\"><b>Wy\u015bwietlacz:<\/b> Cyfrowa tuba na baterie i e-juice<\/li>\n<li data-path-to-node=\"9,7,0\"><b>Wysy\u0142ka:<\/b> Magazyn europejski (1-3 dni)<\/li>\n<\/ul>\n<h3>Przewodnik po smakach Fumot Leopard 40000 - Mieszane jagody<\/h3>\n<table data-path-to-node=\"5\">\n<thead>\n<tr>\n<td><strong>Metryka smaku<\/strong><\/td>\n<td><strong>Ocena gwiazdkowa<\/strong><\/td>\n<td><strong>Opis<\/strong><\/td>\n<\/tr>\n<\/thead>\n<tbody>\n<tr>\n<td><span data-path-to-node=\"5,1,0,0\"><b>S\u0142odycz<\/b><\/span><\/td>\n<td><span data-path-to-node=\"5,1,1,0\">\u2605\u2605\u2605\u2605\u2606<\/span><\/td>\n<td><span data-path-to-node=\"5,1,2,0\">Bogato s\u0142odki, nap\u0119dzany naturalnymi cukrami z r\u00f3\u017cnych jag\u00f3d.<\/span><\/td>\n<\/tr>\n<tr>\n<td><span data-path-to-node=\"5,2,0,0\"><b>L\u00f3d\/ch\u0142odzenie<\/b><\/span><\/td>\n<td><span data-path-to-node=\"5,2,1,0\">\u2605\u2606\u2606\u2606\u2606<\/span><\/td>\n<td><span data-path-to-node=\"5,2,2,0\">Brak uczucia mentolu lub lodu (bez ch\u0142odzenia).<\/span><\/td>\n<\/tr>\n<tr>\n<td><span data-path-to-node=\"5,3,0,0\"><b>Intensywno\u015b\u0107 smaku<\/b><\/span><\/td>\n<td><span data-path-to-node=\"5,3,1,0\">\u2605\u2605\u2605\u2605\u2606<\/span><\/td>\n<td><span data-path-to-node=\"5,3,2,0\">Wysoka intensywno\u015b\u0107, zapewniaj\u0105ca pe\u0142n\u0105, dobrze zaokr\u0105glon\u0105 mieszank\u0119 owoc\u00f3w le\u015bnych.<\/span><\/td>\n<\/tr>\n<tr>\n<td><span data-path-to-node=\"5,4,0,0\"><b>Podsumowanie profilu<\/b><\/span><\/td>\n<td><\/td>\n<td><span data-path-to-node=\"5,4,2,0\">Z\u0142o\u017cona mieszanka truskawek, malin i jag\u00f3d skupiaj\u0105ca si\u0119 na czystej, bezmentolowej esencji owocowej.<\/span><\/td>\n<\/tr>\n<\/tbody>\n<\/table>\n<h3 dir=\"auto\">Oto dalsze zalecenia dla Ciebie:<\/h3>\n<p dir=\"auto\">Odkryj jeszcze wi\u0119cej niesamowitych smak\u00f3w dzi\u0119ki Fumot Leopard 40000 Puff Vape!<\/p>\n<p dir=\"auto\"><a href=\"https:\/\/vozolvapen.de\/pl\/product-category\/fumot-vape\/fumot-leopard-40000-puffs\/\" target=\"_blank\" rel=\"noopener noreferrer nofollow\">Zobacz wszystkie odmiany tutaj \u2192<\/a><\/p>\n<p dir=\"auto\">Zapoznaj si\u0119 z nasz\u0105 pe\u0142n\u0105 kolekcj\u0105 i kupuj produkty najlepszych marek vape, kt\u00f3re pokochasz.<\/p>\n<p dir=\"auto\"><a href=\"https:\/\/vozolvapen.de\/pl\/product-category\/fumot-vape\/\" target=\"_blank\" rel=\"noopener noreferrer nofollow\">Przegl\u0105daj teraz wszystkie marki \u2192<\/a><\/p>\n<p dir=\"auto\">Sprawd\u017a ca\u0142\u0105 seri\u0119 Fumot Vape - ka\u017cdy smak, ka\u017cdy styl!<\/p>\n<p dir=\"auto\"><a href=\"https:\/\/vozolvapen.de\/pl\/product-category\/fumot-vape\/\" target=\"_blank\" rel=\"noopener noreferrer nofollow\">Zobacz pe\u0142n\u0105 kolekcj\u0119 Fumot Vape \u2192<\/a><\/p>","protected":false},"excerpt":{"rendered":"<p>Doskonale zbalansowana, pozbawiona s\u0142odyczy mieszanka s\u0142odkich truskawek, cierpkich malin i \u015bwie\u017cych jag\u00f3d. Czysta harmonia owoc\u00f3w le\u015bnych.<\/p>","protected":false},"featured_media":23827,"comment_status":"open","ping_status":"closed","template":"","meta":{"_acf_changed":false},"product_brand":[],"product_cat":[75],"product_tag":[],"class_list":{"0":"post-23261","1":"product","2":"type-product","3":"status-publish","4":"has-post-thumbnail","6":"product_cat-fumot-leopard-40000-puffs","8":"first","9":"instock","10":"shipping-taxable","11":"purchasable","12":"product-type-variable"},"acf":[],"yoast_head":"<!-- This site is optimized with the Yoast SEO Premium plugin v26.1 (Yoast SEO v27.5) - https:\/\/yoast.com\/product\/yoast-seo-premium-wordpress\/ -->\n<title>Fumot Leopard 40000 Mixed Berries | 40k Puffs Disposable Vape - vozolvapen<\/title>\n<meta name=\"description\" content=\"Buy Fumot Leopard 40000 Mixed Berries. Enjoy a rich blend of forest fruits with fumot 40k puffs, Dual Mesh Coil, and RGB lights. Fast EU shipping for fumot vape.\" \/>\n<meta name=\"robots\" content=\"index, follow, max-snippet:-1, max-image-preview:large, max-video-preview:-1\" \/>\n<link rel=\"canonical\" href=\"https:\/\/vozolvapen.de\/pl\/product\/fumot-leopard-40000-mixed-berries\/\" \/>\n<meta property=\"og:locale\" content=\"pl_PL\" \/>\n<meta property=\"og:type\" content=\"article\" \/>\n<meta property=\"og:title\" content=\"Fumot Leopard 40000 - Mixed Berries\" \/>\n<meta property=\"og:description\" content=\"Buy Fumot Leopard 40000 Mixed Berries. Enjoy a rich blend of forest fruits with fumot 40k puffs, Dual Mesh Coil, and RGB lights. Fast EU shipping for fumot vape.\" \/>\n<meta property=\"og:url\" content=\"https:\/\/vozolvapen.de\/pl\/product\/fumot-leopard-40000-mixed-berries\/\" \/>\n<meta property=\"og:site_name\" content=\"vozolvapen\" \/>\n<meta property=\"article:modified_time\" content=\"2025-12-12T07:24:28+00:00\" \/>\n<meta property=\"og:image\" content=\"https:\/\/vozolvapen.de\/wp-content\/uploads\/2025\/12\/Fumot-Leopard-40000-Mixed-Berries-3.webp\" \/>\n\t<meta property=\"og:image:width\" content=\"1200\" \/>\n\t<meta property=\"og:image:height\" content=\"1200\" \/>\n\t<meta property=\"og:image:type\" content=\"image\/webp\" \/>\n<meta name=\"twitter:card\" content=\"summary_large_image\" \/>\n<meta name=\"twitter:label1\" content=\"Szacowany czas czytania\" \/>\n\t<meta name=\"twitter:data1\" content=\"2 minuty\" \/>\n<script type=\"application\/ld+json\" class=\"yoast-schema-graph\">{\"@context\":\"https:\\\/\\\/schema.org\",\"@graph\":[{\"@type\":\"WebPage\",\"@id\":\"https:\\\/\\\/vozolvapen.de\\\/product\\\/fumot-leopard-40000-mixed-berries\\\/\",\"url\":\"https:\\\/\\\/vozolvapen.de\\\/product\\\/fumot-leopard-40000-mixed-berries\\\/\",\"name\":\"Fumot Leopard 40000 Mixed Berries | 40k Puffs Disposable Vape - vozolvapen\",\"isPartOf\":{\"@id\":\"https:\\\/\\\/vozolvapen.de\\\/#website\"},\"primaryImageOfPage\":{\"@id\":\"https:\\\/\\\/vozolvapen.de\\\/product\\\/fumot-leopard-40000-mixed-berries\\\/#primaryimage\"},\"image\":{\"@id\":\"https:\\\/\\\/vozolvapen.de\\\/product\\\/fumot-leopard-40000-mixed-berries\\\/#primaryimage\"},\"thumbnailUrl\":\"https:\\\/\\\/vozolvapen.de\\\/wp-content\\\/uploads\\\/2025\\\/12\\\/Fumot-Leopard-40000-Mixed-Berries-3.webp\",\"datePublished\":\"2025-12-12T06:48:51+00:00\",\"dateModified\":\"2025-12-12T07:24:28+00:00\",\"description\":\"Buy Fumot Leopard 40000 Mixed Berries. Enjoy a rich blend of forest fruits with fumot 40k puffs, Dual Mesh Coil, and RGB lights. Fast EU shipping for fumot vape.\",\"breadcrumb\":{\"@id\":\"https:\\\/\\\/vozolvapen.de\\\/product\\\/fumot-leopard-40000-mixed-berries\\\/#breadcrumb\"},\"inLanguage\":\"pl-PL\",\"potentialAction\":[{\"@type\":\"ReadAction\",\"target\":[\"https:\\\/\\\/vozolvapen.de\\\/product\\\/fumot-leopard-40000-mixed-berries\\\/\"]}]},{\"@type\":\"ImageObject\",\"inLanguage\":\"pl-PL\",\"@id\":\"https:\\\/\\\/vozolvapen.de\\\/product\\\/fumot-leopard-40000-mixed-berries\\\/#primaryimage\",\"url\":\"https:\\\/\\\/vozolvapen.de\\\/wp-content\\\/uploads\\\/2025\\\/12\\\/Fumot-Leopard-40000-Mixed-Berries-3.webp\",\"contentUrl\":\"https:\\\/\\\/vozolvapen.de\\\/wp-content\\\/uploads\\\/2025\\\/12\\\/Fumot-Leopard-40000-Mixed-Berries-3.webp\",\"width\":1200,\"height\":1200,\"caption\":\"Fumot Leopard 40000 - Mixed Berries #3\"},{\"@type\":\"BreadcrumbList\",\"@id\":\"https:\\\/\\\/vozolvapen.de\\\/product\\\/fumot-leopard-40000-mixed-berries\\\/#breadcrumb\",\"itemListElement\":[{\"@type\":\"ListItem\",\"position\":1,\"name\":\"Home\",\"item\":\"https:\\\/\\\/vozolvapen.de\\\/de\\\/\"},{\"@type\":\"ListItem\",\"position\":2,\"name\":\"Shop\",\"item\":\"https:\\\/\\\/vozolvapen.de\\\/shop\\\/\"},{\"@type\":\"ListItem\",\"position\":3,\"name\":\"Fumot Leopard 40000 &#8211; Mixed Berries\"}]},{\"@type\":\"WebSite\",\"@id\":\"https:\\\/\\\/vozolvapen.de\\\/#website\",\"url\":\"https:\\\/\\\/vozolvapen.de\\\/\",\"name\":\"vozolvapen\",\"description\":\"vozolvapen\",\"publisher\":{\"@id\":\"https:\\\/\\\/vozolvapen.de\\\/#organization\"},\"potentialAction\":[{\"@type\":\"SearchAction\",\"target\":{\"@type\":\"EntryPoint\",\"urlTemplate\":\"https:\\\/\\\/vozolvapen.de\\\/?s={search_term_string}\"},\"query-input\":{\"@type\":\"PropertyValueSpecification\",\"valueRequired\":true,\"valueName\":\"search_term_string\"}}],\"inLanguage\":\"pl-PL\"},{\"@type\":\"Organization\",\"@id\":\"https:\\\/\\\/vozolvapen.de\\\/#organization\",\"name\":\"vozolvapen\",\"url\":\"https:\\\/\\\/vozolvapen.de\\\/\",\"logo\":{\"@type\":\"ImageObject\",\"inLanguage\":\"pl-PL\",\"@id\":\"https:\\\/\\\/vozolvapen.de\\\/#\\\/schema\\\/logo\\\/image\\\/\",\"url\":\"https:\\\/\\\/vozolvapen.de\\\/wp-content\\\/uploads\\\/2025\\\/12\\\/cropped-vozovapen-logo.webp\",\"contentUrl\":\"https:\\\/\\\/vozolvapen.de\\\/wp-content\\\/uploads\\\/2025\\\/12\\\/cropped-vozovapen-logo.webp\",\"width\":470,\"height\":110,\"caption\":\"vozolvapen\"},\"image\":{\"@id\":\"https:\\\/\\\/vozolvapen.de\\\/#\\\/schema\\\/logo\\\/image\\\/\"}}]}<\/script>\n<!-- \/ Yoast SEO Premium plugin. -->","yoast_head_json":{"title":"Fumot Leopard 40000 Mixed Berries | 40k Puffs jednorazowy Vape - vozolvapen","description":"Kup Fumot Leopard 40000 Mixed Berries. Ciesz si\u0119 bogat\u0105 mieszank\u0105 owoc\u00f3w le\u015bnych z puffami fumot 40k, podw\u00f3jn\u0105 cewk\u0105 siatkow\u0105 i \u015bwiat\u0142ami RGB. Szybka wysy\u0142ka do UE dla fumot vape.","robots":{"index":"index","follow":"follow","max-snippet":"max-snippet:-1","max-image-preview":"max-image-preview:large","max-video-preview":"max-video-preview:-1"},"canonical":"https:\/\/vozolvapen.de\/pl\/product\/fumot-leopard-40000-mixed-berries\/","og_locale":"pl_PL","og_type":"article","og_title":"Fumot Leopard 40000 - Mixed Berries","og_description":"Buy Fumot Leopard 40000 Mixed Berries. Enjoy a rich blend of forest fruits with fumot 40k puffs, Dual Mesh Coil, and RGB lights. Fast EU shipping for fumot vape.","og_url":"https:\/\/vozolvapen.de\/pl\/product\/fumot-leopard-40000-mixed-berries\/","og_site_name":"vozolvapen","article_modified_time":"2025-12-12T07:24:28+00:00","og_image":[{"width":1200,"height":1200,"url":"https:\/\/vozolvapen.de\/wp-content\/uploads\/2025\/12\/Fumot-Leopard-40000-Mixed-Berries-3.webp","type":"image\/webp"}],"twitter_card":"summary_large_image","twitter_misc":{"Szacowany czas czytania":"2 minuty"},"schema":{"@context":"https:\/\/schema.org","@graph":[{"@type":"WebPage","@id":"https:\/\/vozolvapen.de\/product\/fumot-leopard-40000-mixed-berries\/","url":"https:\/\/vozolvapen.de\/product\/fumot-leopard-40000-mixed-berries\/","name":"Fumot Leopard 40000 Mixed Berries | 40k Puffs jednorazowy Vape - vozolvapen","isPartOf":{"@id":"https:\/\/vozolvapen.de\/#website"},"primaryImageOfPage":{"@id":"https:\/\/vozolvapen.de\/product\/fumot-leopard-40000-mixed-berries\/#primaryimage"},"image":{"@id":"https:\/\/vozolvapen.de\/product\/fumot-leopard-40000-mixed-berries\/#primaryimage"},"thumbnailUrl":"https:\/\/vozolvapen.de\/wp-content\/uploads\/2025\/12\/Fumot-Leopard-40000-Mixed-Berries-3.webp","datePublished":"2025-12-12T06:48:51+00:00","dateModified":"2025-12-12T07:24:28+00:00","description":"Kup Fumot Leopard 40000 Mixed Berries. Ciesz si\u0119 bogat\u0105 mieszank\u0105 owoc\u00f3w le\u015bnych z puffami fumot 40k, podw\u00f3jn\u0105 cewk\u0105 siatkow\u0105 i \u015bwiat\u0142ami RGB. Szybka wysy\u0142ka do UE dla fumot vape.","breadcrumb":{"@id":"https:\/\/vozolvapen.de\/product\/fumot-leopard-40000-mixed-berries\/#breadcrumb"},"inLanguage":"pl-PL","potentialAction":[{"@type":"ReadAction","target":["https:\/\/vozolvapen.de\/product\/fumot-leopard-40000-mixed-berries\/"]}]},{"@type":"ImageObject","inLanguage":"pl-PL","@id":"https:\/\/vozolvapen.de\/product\/fumot-leopard-40000-mixed-berries\/#primaryimage","url":"https:\/\/vozolvapen.de\/wp-content\/uploads\/2025\/12\/Fumot-Leopard-40000-Mixed-Berries-3.webp","contentUrl":"https:\/\/vozolvapen.de\/wp-content\/uploads\/2025\/12\/Fumot-Leopard-40000-Mixed-Berries-3.webp","width":1200,"height":1200,"caption":"Fumot Leopard 40000 - Mixed Berries #3"},{"@type":"BreadcrumbList","@id":"https:\/\/vozolvapen.de\/product\/fumot-leopard-40000-mixed-berries\/#breadcrumb","itemListElement":[{"@type":"ListItem","position":1,"name":"Home","item":"https:\/\/vozolvapen.de\/de\/"},{"@type":"ListItem","position":2,"name":"Shop","item":"https:\/\/vozolvapen.de\/shop\/"},{"@type":"ListItem","position":3,"name":"Fumot Leopard 40000 &#8211; Mixed Berries"}]},{"@type":"WebSite","@id":"https:\/\/vozolvapen.de\/#website","url":"https:\/\/vozolvapen.de\/","name":"vozolvapen","description":"vozolvapen","publisher":{"@id":"https:\/\/vozolvapen.de\/#organization"},"potentialAction":[{"@type":"SearchAction","target":{"@type":"EntryPoint","urlTemplate":"https:\/\/vozolvapen.de\/?s={search_term_string}"},"query-input":{"@type":"PropertyValueSpecification","valueRequired":true,"valueName":"search_term_string"}}],"inLanguage":"pl-PL"},{"@type":"Organization","@id":"https:\/\/vozolvapen.de\/#organization","name":"vozolvapen","url":"https:\/\/vozolvapen.de\/","logo":{"@type":"ImageObject","inLanguage":"pl-PL","@id":"https:\/\/vozolvapen.de\/#\/schema\/logo\/image\/","url":"https:\/\/vozolvapen.de\/wp-content\/uploads\/2025\/12\/cropped-vozovapen-logo.webp","contentUrl":"https:\/\/vozolvapen.de\/wp-content\/uploads\/2025\/12\/cropped-vozovapen-logo.webp","width":470,"height":110,"caption":"vozolvapen"},"image":{"@id":"https:\/\/vozolvapen.de\/#\/schema\/logo\/image\/"}}]}},"tiered_pricing_type":"fixed","tiered_pricing_fixed_rules":{"30":"14.4","50":"11.4","100":"10.4","200":"9.4"},"tiered_pricing_product_settings":{"layout":"default","base_unit_name":{"singular":null,"plural":null},"default_variation":null},"tiered_pricing_minimum_quantity":10,"tiered_pricing_roles_data":[],"tiered_pricing_percentage_rules":[],"tiered_pricing_maximum_quantity":null,"tiered_pricing_quantity_step":"10","_links":{"self":[{"href":"http:\/\/vozolvapen.de\/pl\/wp-json\/wp\/v2\/product\/23261","targetHints":{"allow":["GET"]}}],"collection":[{"href":"http:\/\/vozolvapen.de\/pl\/wp-json\/wp\/v2\/product"}],"about":[{"href":"http:\/\/vozolvapen.de\/pl\/wp-json\/wp\/v2\/types\/product"}],"replies":[{"embeddable":true,"href":"http:\/\/vozolvapen.de\/pl\/wp-json\/wp\/v2\/comments?post=23261"}],"wp:featuredmedia":[{"embeddable":true,"href":"http:\/\/vozolvapen.de\/pl\/wp-json\/wp\/v2\/media\/23827"}],"wp:attachment":[{"href":"http:\/\/vozolvapen.de\/pl\/wp-json\/wp\/v2\/media?parent=23261"}],"wp:term":[{"taxonomy":"product_brand","embeddable":true,"href":"http:\/\/vozolvapen.de\/pl\/wp-json\/wp\/v2\/product_brand?post=23261"},{"taxonomy":"product_cat","embeddable":true,"href":"http:\/\/vozolvapen.de\/pl\/wp-json\/wp\/v2\/product_cat?post=23261"},{"taxonomy":"product_tag","embeddable":true,"href":"http:\/\/vozolvapen.de\/pl\/wp-json\/wp\/v2\/product_tag?post=23261"}],"curies":[{"name":"wp","href":"https:\/\/api.w.org\/{rel}","templated":true}]}}