{"id":23296,"date":"2025-12-12T06:48:53","date_gmt":"2025-12-12T06:48:53","guid":{"rendered":"https:\/\/vozolvapen.de\/?post_type=product&#038;p=23296"},"modified":"2025-12-12T07:24:34","modified_gmt":"2025-12-12T07:24:34","slug":"fumot-leopard-40000-blueberry-raspberry","status":"publish","type":"product","link":"http:\/\/vozolvapen.de\/pl\/product\/fumot-leopard-40000-blueberry-raspberry\/","title":{"rendered":"Fumot Leopard 40000 - Blueberry Raspberry"},"content":{"rendered":"<h1 data-path-to-node=\"13\"><b>Fumot Leopard 40000 Puff - jagoda malina<\/b><\/h1>\n<p data-path-to-node=\"14\"><b>Opis produktu:<\/b> Poznaj klasyczny duet zdefiniowany na nowo dzi\u0119ki <b>Fumot Leopard 40000<\/b> Blueberry Raspberry. Smak ten \u0142\u0105czy w sobie g\u0142\u0119bok\u0105, ziemist\u0105 s\u0142odycz \u015bwie\u017cych jag\u00f3d z ostr\u0105, pikantn\u0105 nut\u0105 malin. Jest to \u017cywy i orze\u017awiaj\u0105cy vape przeznaczony do ca\u0142odziennej przyjemno\u015bci. Jako pierwszorz\u0119dny <b>fumot vape<\/b>, Urz\u0105dzenie to gwarantuje satysfakcj\u0119 z ka\u017cdego losowania.<\/p>\n<p data-path-to-node=\"15\">Z pojemno\u015bci\u0105 <b>Do 40000 zaci\u0105gni\u0119\u0107<\/b>, w <b>fumot 40k<\/b> jest liderem na rynku pod wzgl\u0119dem wytrzyma\u0142o\u015bci. Akumulator o pojemno\u015bci 750 mAh pozwala wykorzysta\u0107 ka\u017cd\u0105 kropl\u0119 20 ml wody. <b>p\u0142yn fumot<\/b>. Ponadto dynamiczne o\u015bwietlenie RGB dodaje nowoczesnego akcentu do wra\u017ce\u0144 z waporyzacji.<\/p>\n<h2 data-path-to-node=\"16\"><b>Kluczowe specyfikacje<\/b><\/h2>\n<ul>\n<li data-path-to-node=\"17,0,0\"><b>Model:<\/b> <b>Fumot Leopard 40000<\/b><\/li>\n<li data-path-to-node=\"17,1,0\"><b>Profil smakowy:<\/b> Bor\u00f3wka Malina<\/li>\n<li data-path-to-node=\"17,2,0\"><b>Liczba zaci\u0105gni\u0119\u0107:<\/b> 40,000 Puffs<\/li>\n<li data-path-to-node=\"17,3,0\"><b>E-Liquid:<\/b> 20ML <b>Fumot Liquid<\/b><\/li>\n<li data-path-to-node=\"17,4,0\"><b>Technologia:<\/b> Podw\u00f3jna cewka siatkowa i \u015bwiat\u0142o RGB<\/li>\n<li data-path-to-node=\"17,5,0\"><b>Nikotyna:<\/b> 2% \/ 5% Opcje<\/li>\n<li data-path-to-node=\"17,6,0\"><b>Wysy\u0142ka:<\/b> Szybka dostawa z magazynu w UE<\/li>\n<\/ul>\n<h3>Przewodnik po smakach Fumot Leopard 40000 - Blueberry Raspberry<\/h3>\n<table data-path-to-node=\"8\">\n<thead>\n<tr>\n<td><strong>Metryka smaku<\/strong><\/td>\n<td><strong>Ocena gwiazdkowa<\/strong><\/td>\n<td><strong>Opis<\/strong><\/td>\n<\/tr>\n<\/thead>\n<tbody>\n<tr>\n<td><span data-path-to-node=\"8,1,0,0\"><b>S\u0142odycz<\/b><\/span><\/td>\n<td><span data-path-to-node=\"8,1,1,0\">\u2605\u2605\u2605\u2605\u2606<\/span><\/td>\n<td><span data-path-to-node=\"8,1,2,0\">Wysoka s\u0142odycz, doskonale r\u00f3wnowa\u017c\u0105ca dwa rodzaje jag\u00f3d.<\/span><\/td>\n<\/tr>\n<tr>\n<td><span data-path-to-node=\"8,2,0,0\"><b>L\u00f3d\/ch\u0142odzenie<\/b><\/span><\/td>\n<td><span data-path-to-node=\"8,2,1,0\">\u2605\u2606\u2606\u2606\u2606<\/span><\/td>\n<td><span data-path-to-node=\"8,2,2,0\">Brak uczucia mentolu lub lodu (bez ch\u0142odzenia).<\/span><\/td>\n<\/tr>\n<tr>\n<td><span data-path-to-node=\"8,3,0,0\"><b>Intensywno\u015b\u0107 smaku<\/b><\/span><\/td>\n<td><span data-path-to-node=\"8,3,1,0\">\u2605\u2605\u2605\u2605\u2605<\/span><\/td>\n<td><span data-path-to-node=\"8,3,2,0\">Niezwykle intensywny i \u017cywy, oddaj\u0105cy esencj\u0119 zar\u00f3wno s\u0142odkich, jak i pikantnych nut.<\/span><\/td>\n<\/tr>\n<tr>\n<td><span data-path-to-node=\"8,4,0,0\"><b>Podsumowanie profilu<\/b><\/span><\/td>\n<td><\/td>\n<td><span data-path-to-node=\"8,4,2,0\">Intensywny, \u017cywy smak \u0142\u0105cz\u0105cy s\u0142odkie nuty jag\u00f3d z ostrym, pikantnym malinowym finiszem. Czysty, klasyczny poncz owocowy.<\/span><\/td>\n<\/tr>\n<\/tbody>\n<\/table>\n<h3 dir=\"auto\">Oto dalsze zalecenia dla Ciebie:<\/h3>\n<p dir=\"auto\">Odkryj jeszcze wi\u0119cej niesamowitych smak\u00f3w dzi\u0119ki Fumot Leopard 40000 Puff Vape!<\/p>\n<p dir=\"auto\"><a href=\"https:\/\/vozolvapen.de\/pl\/product-category\/fumot-vape\/fumot-leopard-40000-puffs\/\" target=\"_blank\" rel=\"noopener noreferrer nofollow\">Zobacz wszystkie odmiany tutaj \u2192<\/a><\/p>\n<p dir=\"auto\">Zapoznaj si\u0119 z nasz\u0105 pe\u0142n\u0105 kolekcj\u0105 i kupuj produkty najlepszych marek vape, kt\u00f3re pokochasz.<\/p>\n<p dir=\"auto\"><a href=\"https:\/\/vozolvapen.de\/pl\/product-category\/fumot-vape\/\" target=\"_blank\" rel=\"noopener noreferrer nofollow\">Przegl\u0105daj teraz wszystkie marki \u2192<\/a><\/p>\n<p dir=\"auto\">Sprawd\u017a ca\u0142\u0105 seri\u0119 Fumot Vape - ka\u017cdy smak, ka\u017cdy styl!<\/p>\n<p dir=\"auto\"><a href=\"https:\/\/vozolvapen.de\/pl\/product-category\/fumot-vape\/\" target=\"_blank\" rel=\"noopener noreferrer nofollow\">Zobacz pe\u0142n\u0105 kolekcj\u0119 Fumot Vape \u2192<\/a><\/p>","protected":false},"excerpt":{"rendered":"<p>\u017bywe, pikantne po\u0142\u0105czenie s\u0142odkich jag\u00f3d i ostrych malin. Intensywny, klasyczny s\u0142odko-kwa\u015bny poncz owocowy.<\/p>","protected":false},"featured_media":23829,"comment_status":"open","ping_status":"closed","template":"","meta":{"_acf_changed":false},"product_brand":[],"product_cat":[75],"product_tag":[],"class_list":{"0":"post-23296","1":"product","2":"type-product","3":"status-publish","4":"has-post-thumbnail","6":"product_cat-fumot-leopard-40000-puffs","8":"first","9":"instock","10":"shipping-taxable","11":"purchasable","12":"product-type-variable"},"acf":[],"yoast_head":"<!-- This site is optimized with the Yoast SEO Premium plugin v26.1 (Yoast SEO v27.5) - https:\/\/yoast.com\/product\/yoast-seo-premium-wordpress\/ -->\n<title>Fumot Leopard 40000 Blueberry Raspberry | Best Fumot 40k Vape - vozolvapen<\/title>\n<meta name=\"description\" content=\"Order Fumot Leopard 40000 Blueberry Raspberry. A sweet and tart masterpiece with fumot 40000 puffs. Features 20ML fumot liquid and digital display.\" \/>\n<meta name=\"robots\" content=\"index, follow, max-snippet:-1, max-image-preview:large, max-video-preview:-1\" \/>\n<link rel=\"canonical\" href=\"https:\/\/vozolvapen.de\/pl\/product\/fumot-leopard-40000-blueberry-raspberry\/\" \/>\n<meta property=\"og:locale\" content=\"pl_PL\" \/>\n<meta property=\"og:type\" content=\"article\" \/>\n<meta property=\"og:title\" content=\"Fumot Leopard 40000 - Blueberry Raspberry\" \/>\n<meta property=\"og:description\" content=\"Order Fumot Leopard 40000 Blueberry Raspberry. A sweet and tart masterpiece with fumot 40000 puffs. Features 20ML fumot liquid and digital display.\" \/>\n<meta property=\"og:url\" content=\"https:\/\/vozolvapen.de\/pl\/product\/fumot-leopard-40000-blueberry-raspberry\/\" \/>\n<meta property=\"og:site_name\" content=\"vozolvapen\" \/>\n<meta property=\"article:modified_time\" content=\"2025-12-12T07:24:34+00:00\" \/>\n<meta property=\"og:image\" content=\"https:\/\/vozolvapen.de\/wp-content\/uploads\/2025\/12\/Fumot-Leopard-40000-Blueberry-Raspberry-2.webp\" \/>\n\t<meta property=\"og:image:width\" content=\"1200\" \/>\n\t<meta property=\"og:image:height\" content=\"1200\" \/>\n\t<meta property=\"og:image:type\" content=\"image\/webp\" \/>\n<meta name=\"twitter:card\" content=\"summary_large_image\" \/>\n<meta name=\"twitter:label1\" content=\"Szacowany czas czytania\" \/>\n\t<meta name=\"twitter:data1\" content=\"2 minuty\" \/>\n<script type=\"application\/ld+json\" class=\"yoast-schema-graph\">{\"@context\":\"https:\\\/\\\/schema.org\",\"@graph\":[{\"@type\":\"WebPage\",\"@id\":\"https:\\\/\\\/vozolvapen.de\\\/product\\\/fumot-leopard-40000-blueberry-raspberry\\\/\",\"url\":\"https:\\\/\\\/vozolvapen.de\\\/product\\\/fumot-leopard-40000-blueberry-raspberry\\\/\",\"name\":\"Fumot Leopard 40000 Blueberry Raspberry | Best Fumot 40k Vape - vozolvapen\",\"isPartOf\":{\"@id\":\"https:\\\/\\\/vozolvapen.de\\\/#website\"},\"primaryImageOfPage\":{\"@id\":\"https:\\\/\\\/vozolvapen.de\\\/product\\\/fumot-leopard-40000-blueberry-raspberry\\\/#primaryimage\"},\"image\":{\"@id\":\"https:\\\/\\\/vozolvapen.de\\\/product\\\/fumot-leopard-40000-blueberry-raspberry\\\/#primaryimage\"},\"thumbnailUrl\":\"https:\\\/\\\/vozolvapen.de\\\/wp-content\\\/uploads\\\/2025\\\/12\\\/Fumot-Leopard-40000-Blueberry-Raspberry-2.webp\",\"datePublished\":\"2025-12-12T06:48:53+00:00\",\"dateModified\":\"2025-12-12T07:24:34+00:00\",\"description\":\"Order Fumot Leopard 40000 Blueberry Raspberry. A sweet and tart masterpiece with fumot 40000 puffs. Features 20ML fumot liquid and digital display.\",\"breadcrumb\":{\"@id\":\"https:\\\/\\\/vozolvapen.de\\\/product\\\/fumot-leopard-40000-blueberry-raspberry\\\/#breadcrumb\"},\"inLanguage\":\"pl-PL\",\"potentialAction\":[{\"@type\":\"ReadAction\",\"target\":[\"https:\\\/\\\/vozolvapen.de\\\/product\\\/fumot-leopard-40000-blueberry-raspberry\\\/\"]}]},{\"@type\":\"ImageObject\",\"inLanguage\":\"pl-PL\",\"@id\":\"https:\\\/\\\/vozolvapen.de\\\/product\\\/fumot-leopard-40000-blueberry-raspberry\\\/#primaryimage\",\"url\":\"https:\\\/\\\/vozolvapen.de\\\/wp-content\\\/uploads\\\/2025\\\/12\\\/Fumot-Leopard-40000-Blueberry-Raspberry-2.webp\",\"contentUrl\":\"https:\\\/\\\/vozolvapen.de\\\/wp-content\\\/uploads\\\/2025\\\/12\\\/Fumot-Leopard-40000-Blueberry-Raspberry-2.webp\",\"width\":1200,\"height\":1200,\"caption\":\"Fumot Leopard 40000 - Blueberry Raspberry (2)\"},{\"@type\":\"BreadcrumbList\",\"@id\":\"https:\\\/\\\/vozolvapen.de\\\/product\\\/fumot-leopard-40000-blueberry-raspberry\\\/#breadcrumb\",\"itemListElement\":[{\"@type\":\"ListItem\",\"position\":1,\"name\":\"Home\",\"item\":\"https:\\\/\\\/vozolvapen.de\\\/de\\\/\"},{\"@type\":\"ListItem\",\"position\":2,\"name\":\"Shop\",\"item\":\"https:\\\/\\\/vozolvapen.de\\\/shop\\\/\"},{\"@type\":\"ListItem\",\"position\":3,\"name\":\"Fumot Leopard 40000 &#8211; Blueberry Raspberry\"}]},{\"@type\":\"WebSite\",\"@id\":\"https:\\\/\\\/vozolvapen.de\\\/#website\",\"url\":\"https:\\\/\\\/vozolvapen.de\\\/\",\"name\":\"vozolvapen\",\"description\":\"vozolvapen\",\"publisher\":{\"@id\":\"https:\\\/\\\/vozolvapen.de\\\/#organization\"},\"potentialAction\":[{\"@type\":\"SearchAction\",\"target\":{\"@type\":\"EntryPoint\",\"urlTemplate\":\"https:\\\/\\\/vozolvapen.de\\\/?s={search_term_string}\"},\"query-input\":{\"@type\":\"PropertyValueSpecification\",\"valueRequired\":true,\"valueName\":\"search_term_string\"}}],\"inLanguage\":\"pl-PL\"},{\"@type\":\"Organization\",\"@id\":\"https:\\\/\\\/vozolvapen.de\\\/#organization\",\"name\":\"vozolvapen\",\"url\":\"https:\\\/\\\/vozolvapen.de\\\/\",\"logo\":{\"@type\":\"ImageObject\",\"inLanguage\":\"pl-PL\",\"@id\":\"https:\\\/\\\/vozolvapen.de\\\/#\\\/schema\\\/logo\\\/image\\\/\",\"url\":\"https:\\\/\\\/vozolvapen.de\\\/wp-content\\\/uploads\\\/2025\\\/12\\\/cropped-vozovapen-logo.webp\",\"contentUrl\":\"https:\\\/\\\/vozolvapen.de\\\/wp-content\\\/uploads\\\/2025\\\/12\\\/cropped-vozovapen-logo.webp\",\"width\":470,\"height\":110,\"caption\":\"vozolvapen\"},\"image\":{\"@id\":\"https:\\\/\\\/vozolvapen.de\\\/#\\\/schema\\\/logo\\\/image\\\/\"}}]}<\/script>\n<!-- \/ Yoast SEO Premium plugin. -->","yoast_head_json":{"title":"Fumot Leopard 40000 Blueberry Raspberry | Najlepszy Fumot 40k Vape - vozolvapen","description":"Zam\u00f3w Fumot Leopard 40000 Blueberry Raspberry. S\u0142odkie i cierpkie arcydzie\u0142o z 40000 puffami fumot. Zawiera 20 ml p\u0142ynu fumot i cyfrowy wy\u015bwietlacz.","robots":{"index":"index","follow":"follow","max-snippet":"max-snippet:-1","max-image-preview":"max-image-preview:large","max-video-preview":"max-video-preview:-1"},"canonical":"https:\/\/vozolvapen.de\/pl\/product\/fumot-leopard-40000-blueberry-raspberry\/","og_locale":"pl_PL","og_type":"article","og_title":"Fumot Leopard 40000 - Blueberry Raspberry","og_description":"Order Fumot Leopard 40000 Blueberry Raspberry. A sweet and tart masterpiece with fumot 40000 puffs. Features 20ML fumot liquid and digital display.","og_url":"https:\/\/vozolvapen.de\/pl\/product\/fumot-leopard-40000-blueberry-raspberry\/","og_site_name":"vozolvapen","article_modified_time":"2025-12-12T07:24:34+00:00","og_image":[{"width":1200,"height":1200,"url":"https:\/\/vozolvapen.de\/wp-content\/uploads\/2025\/12\/Fumot-Leopard-40000-Blueberry-Raspberry-2.webp","type":"image\/webp"}],"twitter_card":"summary_large_image","twitter_misc":{"Szacowany czas czytania":"2 minuty"},"schema":{"@context":"https:\/\/schema.org","@graph":[{"@type":"WebPage","@id":"https:\/\/vozolvapen.de\/product\/fumot-leopard-40000-blueberry-raspberry\/","url":"https:\/\/vozolvapen.de\/product\/fumot-leopard-40000-blueberry-raspberry\/","name":"Fumot Leopard 40000 Blueberry Raspberry | Najlepszy Fumot 40k Vape - vozolvapen","isPartOf":{"@id":"https:\/\/vozolvapen.de\/#website"},"primaryImageOfPage":{"@id":"https:\/\/vozolvapen.de\/product\/fumot-leopard-40000-blueberry-raspberry\/#primaryimage"},"image":{"@id":"https:\/\/vozolvapen.de\/product\/fumot-leopard-40000-blueberry-raspberry\/#primaryimage"},"thumbnailUrl":"https:\/\/vozolvapen.de\/wp-content\/uploads\/2025\/12\/Fumot-Leopard-40000-Blueberry-Raspberry-2.webp","datePublished":"2025-12-12T06:48:53+00:00","dateModified":"2025-12-12T07:24:34+00:00","description":"Zam\u00f3w Fumot Leopard 40000 Blueberry Raspberry. S\u0142odkie i cierpkie arcydzie\u0142o z 40000 puffami fumot. Zawiera 20 ml p\u0142ynu fumot i cyfrowy wy\u015bwietlacz.","breadcrumb":{"@id":"https:\/\/vozolvapen.de\/product\/fumot-leopard-40000-blueberry-raspberry\/#breadcrumb"},"inLanguage":"pl-PL","potentialAction":[{"@type":"ReadAction","target":["https:\/\/vozolvapen.de\/product\/fumot-leopard-40000-blueberry-raspberry\/"]}]},{"@type":"ImageObject","inLanguage":"pl-PL","@id":"https:\/\/vozolvapen.de\/product\/fumot-leopard-40000-blueberry-raspberry\/#primaryimage","url":"https:\/\/vozolvapen.de\/wp-content\/uploads\/2025\/12\/Fumot-Leopard-40000-Blueberry-Raspberry-2.webp","contentUrl":"https:\/\/vozolvapen.de\/wp-content\/uploads\/2025\/12\/Fumot-Leopard-40000-Blueberry-Raspberry-2.webp","width":1200,"height":1200,"caption":"Fumot Leopard 40000 - Blueberry Raspberry (2)"},{"@type":"BreadcrumbList","@id":"https:\/\/vozolvapen.de\/product\/fumot-leopard-40000-blueberry-raspberry\/#breadcrumb","itemListElement":[{"@type":"ListItem","position":1,"name":"Home","item":"https:\/\/vozolvapen.de\/de\/"},{"@type":"ListItem","position":2,"name":"Shop","item":"https:\/\/vozolvapen.de\/shop\/"},{"@type":"ListItem","position":3,"name":"Fumot Leopard 40000 &#8211; Blueberry Raspberry"}]},{"@type":"WebSite","@id":"https:\/\/vozolvapen.de\/#website","url":"https:\/\/vozolvapen.de\/","name":"vozolvapen","description":"vozolvapen","publisher":{"@id":"https:\/\/vozolvapen.de\/#organization"},"potentialAction":[{"@type":"SearchAction","target":{"@type":"EntryPoint","urlTemplate":"https:\/\/vozolvapen.de\/?s={search_term_string}"},"query-input":{"@type":"PropertyValueSpecification","valueRequired":true,"valueName":"search_term_string"}}],"inLanguage":"pl-PL"},{"@type":"Organization","@id":"https:\/\/vozolvapen.de\/#organization","name":"vozolvapen","url":"https:\/\/vozolvapen.de\/","logo":{"@type":"ImageObject","inLanguage":"pl-PL","@id":"https:\/\/vozolvapen.de\/#\/schema\/logo\/image\/","url":"https:\/\/vozolvapen.de\/wp-content\/uploads\/2025\/12\/cropped-vozovapen-logo.webp","contentUrl":"https:\/\/vozolvapen.de\/wp-content\/uploads\/2025\/12\/cropped-vozovapen-logo.webp","width":470,"height":110,"caption":"vozolvapen"},"image":{"@id":"https:\/\/vozolvapen.de\/#\/schema\/logo\/image\/"}}]}},"tiered_pricing_type":"fixed","tiered_pricing_fixed_rules":{"30":"14.4","50":"11.4","100":"10.4","200":"9.4"},"tiered_pricing_product_settings":{"layout":"default","base_unit_name":{"singular":null,"plural":null},"default_variation":null},"tiered_pricing_minimum_quantity":10,"tiered_pricing_roles_data":[],"tiered_pricing_percentage_rules":[],"tiered_pricing_maximum_quantity":null,"tiered_pricing_quantity_step":"10","_links":{"self":[{"href":"http:\/\/vozolvapen.de\/pl\/wp-json\/wp\/v2\/product\/23296","targetHints":{"allow":["GET"]}}],"collection":[{"href":"http:\/\/vozolvapen.de\/pl\/wp-json\/wp\/v2\/product"}],"about":[{"href":"http:\/\/vozolvapen.de\/pl\/wp-json\/wp\/v2\/types\/product"}],"replies":[{"embeddable":true,"href":"http:\/\/vozolvapen.de\/pl\/wp-json\/wp\/v2\/comments?post=23296"}],"wp:featuredmedia":[{"embeddable":true,"href":"http:\/\/vozolvapen.de\/pl\/wp-json\/wp\/v2\/media\/23829"}],"wp:attachment":[{"href":"http:\/\/vozolvapen.de\/pl\/wp-json\/wp\/v2\/media?parent=23296"}],"wp:term":[{"taxonomy":"product_brand","embeddable":true,"href":"http:\/\/vozolvapen.de\/pl\/wp-json\/wp\/v2\/product_brand?post=23296"},{"taxonomy":"product_cat","embeddable":true,"href":"http:\/\/vozolvapen.de\/pl\/wp-json\/wp\/v2\/product_cat?post=23296"},{"taxonomy":"product_tag","embeddable":true,"href":"http:\/\/vozolvapen.de\/pl\/wp-json\/wp\/v2\/product_tag?post=23296"}],"curies":[{"name":"wp","href":"https:\/\/api.w.org\/{rel}","templated":true}]}}