{"id":23401,"date":"2025-12-12T06:48:59","date_gmt":"2025-12-12T06:48:59","guid":{"rendered":"https:\/\/vozolvapen.de\/?post_type=product&#038;p=23401"},"modified":"2025-12-12T07:24:52","modified_gmt":"2025-12-12T07:24:52","slug":"fumot-leopard-40000-cherry-ice","status":"publish","type":"product","link":"http:\/\/vozolvapen.de\/pl\/product\/fumot-leopard-40000-cherry-ice\/","title":{"rendered":"Fumot Leopard 40000 - Cherry Ice"},"content":{"rendered":"<h1 data-path-to-node=\"37\"><b>Fumot Leopard 40000 Puffs - Cherry Ice<\/b><\/h1>\n<p data-path-to-node=\"38\"><b>Opis produktu:<\/b> Zanurz si\u0119 w odwa\u017cnym bogactwie <b>Fumot Leopard 40000<\/b> Cherry Ice. Smak ten oddaje g\u0142\u0119bok\u0105, ciemn\u0105 s\u0142odycz dojrza\u0142ych wi\u015bni i ko\u0144czy si\u0119 rze\u015bkim, ch\u0142odz\u0105cym doznaniem. To solidny profil dla waper\u00f3w, kt\u00f3rzy oczekuj\u0105 intensywno\u015bci od swoich papieros\u00f3w. <b>fumot vape<\/b>.<\/p>\n<p data-path-to-node=\"39\">Wyposa\u017cony w <b>Cewki z podw\u00f3jn\u0105 siatk\u0105<\/b>, w <b>fumot 40000<\/b> zapewnia, \u017ce nuty wi\u015bni pozostaj\u0105 \u017cywe przez ca\u0142y okres u\u017cytkowania urz\u0105dzenia. Dzi\u0119ki ogromnemu zbiornikowi 20 ml i <b>fumot 40k<\/b> Jest to urz\u0105dzenie stworzone z my\u015bl\u0105 o d\u0142ugim okresie u\u017cytkowania.<\/p>\n<h2 data-path-to-node=\"40\"><b>Kluczowe specyfikacje<\/b><\/h2>\n<ul>\n<li data-path-to-node=\"41,0,0\"><b>Model:<\/b> <b>Fumot Leopard 40000<\/b><\/li>\n<li data-path-to-node=\"41,1,0\"><b>Profil smakowy:<\/b> Cherry Ice<\/li>\n<li data-path-to-node=\"41,2,0\"><b>Liczba zaci\u0105gni\u0119\u0107:<\/b> 40,000 Puffs<\/li>\n<li data-path-to-node=\"41,3,0\"><b>Bateria:<\/b> 750 mAh (akumulator)<\/li>\n<li data-path-to-node=\"41,4,0\"><b>Cechy:<\/b> Pod\u015bwietlenie RGB, wy\u015bwietlacz cyfrowy<\/li>\n<li data-path-to-node=\"41,5,0\"><b>Nikotyna:<\/b> 2% \/ 5%<\/li>\n<\/ul>\n<h3>Przewodnik po smakach Fumot Leopard 40000 - Cherry Ice<\/h3>\n<table data-path-to-node=\"17\">\n<thead>\n<tr>\n<td><strong>Metryka smaku<\/strong><\/td>\n<td><strong>Ocena gwiazdkowa<\/strong><\/td>\n<td><strong>Opis<\/strong><\/td>\n<\/tr>\n<\/thead>\n<tbody>\n<tr>\n<td><span data-path-to-node=\"17,1,0,0\"><b>S\u0142odycz<\/b><\/span><\/td>\n<td><span data-path-to-node=\"17,1,1,0\">\u2605\u2605\u2605\u2606\u2606<\/span><\/td>\n<td><span data-path-to-node=\"17,1,2,0\">Umiarkowana s\u0142odycz, koncentruj\u0105ca si\u0119 na g\u0142\u0119bokim, naturalnym profilu ciemnych wi\u015bni.<\/span><\/td>\n<\/tr>\n<tr>\n<td><span data-path-to-node=\"17,2,0,0\"><b>L\u00f3d\/ch\u0142odzenie<\/b><\/span><\/td>\n<td><span data-path-to-node=\"17,2,1,0\">\u2605\u2605\u2605\u2605\u2606<\/span><\/td>\n<td><span data-path-to-node=\"17,2,2,0\">Silna obecno\u015b\u0107 mentolu, zapewniaj\u0105ca mocny i rze\u015bki ch\u0142\u00f3d.<\/span><\/td>\n<\/tr>\n<tr>\n<td><span data-path-to-node=\"17,3,0,0\"><b>Intensywno\u015b\u0107 smaku<\/b><\/span><\/td>\n<td><span data-path-to-node=\"17,3,1,0\">\u2605\u2605\u2605\u2605\u2606<\/span><\/td>\n<td><span data-path-to-node=\"17,3,2,0\">Mocny i odwa\u017cny, dzi\u0119ki czemu nuty ciemnej wi\u015bni przebijaj\u0105 si\u0119 przez ch\u0142\u00f3d.<\/span><\/td>\n<\/tr>\n<tr>\n<td><span data-path-to-node=\"17,4,0,0\"><b>Podsumowanie profilu<\/b><\/span><\/td>\n<td><\/td>\n<td><span data-path-to-node=\"17,4,2,0\">Odwa\u017cny, ciemnowi\u015bniowy smak natychmiast sch\u0142odzony silnym, rze\u015bkim podmuchem mentolu. Zapewnia mocny owocowy smak ze znacznym och\u0142odzeniem.<\/span><\/td>\n<\/tr>\n<\/tbody>\n<\/table>\n<h3 dir=\"auto\">Oto dalsze zalecenia dla Ciebie:<\/h3>\n<p dir=\"auto\">Odkryj jeszcze wi\u0119cej niesamowitych smak\u00f3w dzi\u0119ki Fumot Leopard 40000 Puff Vape!<\/p>\n<p dir=\"auto\"><a href=\"https:\/\/vozolvapen.de\/pl\/product-category\/fumot-vape\/fumot-leopard-40000-puffs\/\" target=\"_blank\" rel=\"noopener noreferrer nofollow\">Zobacz wszystkie odmiany tutaj \u2192<\/a><\/p>\n<p dir=\"auto\">Zapoznaj si\u0119 z nasz\u0105 pe\u0142n\u0105 kolekcj\u0105 i kupuj produkty najlepszych marek vape, kt\u00f3re pokochasz.<\/p>\n<p dir=\"auto\"><a href=\"https:\/\/vozolvapen.de\/pl\/product-category\/fumot-vape\/\" target=\"_blank\" rel=\"noopener noreferrer nofollow\">Przegl\u0105daj teraz wszystkie marki \u2192<\/a><\/p>\n<p dir=\"auto\">Sprawd\u017a ca\u0142\u0105 seri\u0119 Fumot Vape - ka\u017cdy smak, ka\u017cdy styl!<\/p>\n<p dir=\"auto\"><a href=\"https:\/\/vozolvapen.de\/pl\/product-category\/fumot-vape\/\" target=\"_blank\" rel=\"noopener noreferrer nofollow\">Zobacz pe\u0142n\u0105 kolekcj\u0119 Fumot Vape \u2192<\/a><\/p>","protected":false},"excerpt":{"rendered":"<p>Odwa\u017cny, bogaty smak ciemnej wi\u015bni z natychmiastowym i mocnym podmuchem rze\u015bkiego mentolu. Intensywny i ch\u0142odz\u0105cy.<\/p>","protected":false},"featured_media":23847,"comment_status":"open","ping_status":"closed","template":"","meta":{"_acf_changed":false},"product_brand":[],"product_cat":[75],"product_tag":[],"class_list":{"0":"post-23401","1":"product","2":"type-product","3":"status-publish","4":"has-post-thumbnail","6":"product_cat-fumot-leopard-40000-puffs","8":"first","9":"instock","10":"shipping-taxable","11":"purchasable","12":"product-type-variable"},"acf":[],"yoast_head":"<!-- This site is optimized with the Yoast SEO Premium plugin v26.1 (Yoast SEO v27.5) - https:\/\/yoast.com\/product\/yoast-seo-premium-wordpress\/ -->\n<title>Fumot Leopard 40000 Cherry Ice | Fumot 40000 Disposable - vozolvapen<\/title>\n<meta name=\"description\" content=\"Fumot Leopard 40000 Cherry Ice. Bold cherry flavor with a menthol kick. 20ML fumot liquid, Dual Mesh Coil, and RGB Light. Best fumot vape deal.\" \/>\n<meta name=\"robots\" content=\"index, follow, max-snippet:-1, max-image-preview:large, max-video-preview:-1\" \/>\n<link rel=\"canonical\" href=\"https:\/\/vozolvapen.de\/pl\/product\/fumot-leopard-40000-cherry-ice\/\" \/>\n<meta property=\"og:locale\" content=\"pl_PL\" \/>\n<meta property=\"og:type\" content=\"article\" \/>\n<meta property=\"og:title\" content=\"Fumot Leopard 40000 - Cherry Ice\" \/>\n<meta property=\"og:description\" content=\"Fumot Leopard 40000 Cherry Ice. Bold cherry flavor with a menthol kick. 20ML fumot liquid, Dual Mesh Coil, and RGB Light. Best fumot vape deal.\" \/>\n<meta property=\"og:url\" content=\"https:\/\/vozolvapen.de\/pl\/product\/fumot-leopard-40000-cherry-ice\/\" \/>\n<meta property=\"og:site_name\" content=\"vozolvapen\" \/>\n<meta property=\"article:modified_time\" content=\"2025-12-12T07:24:52+00:00\" \/>\n<meta property=\"og:image\" content=\"https:\/\/vozolvapen.de\/wp-content\/uploads\/2025\/12\/Fumot-Leopard-40000-Cherry-Ice.webp\" \/>\n\t<meta property=\"og:image:width\" content=\"1200\" \/>\n\t<meta property=\"og:image:height\" content=\"1200\" \/>\n\t<meta property=\"og:image:type\" content=\"image\/webp\" \/>\n<meta name=\"twitter:card\" content=\"summary_large_image\" \/>\n<meta name=\"twitter:label1\" content=\"Szacowany czas czytania\" \/>\n\t<meta name=\"twitter:data1\" content=\"2 minuty\" \/>\n<script type=\"application\/ld+json\" class=\"yoast-schema-graph\">{\"@context\":\"https:\\\/\\\/schema.org\",\"@graph\":[{\"@type\":\"WebPage\",\"@id\":\"https:\\\/\\\/vozolvapen.de\\\/product\\\/fumot-leopard-40000-cherry-ice\\\/\",\"url\":\"https:\\\/\\\/vozolvapen.de\\\/product\\\/fumot-leopard-40000-cherry-ice\\\/\",\"name\":\"Fumot Leopard 40000 Cherry Ice | Fumot 40000 Disposable - vozolvapen\",\"isPartOf\":{\"@id\":\"https:\\\/\\\/vozolvapen.de\\\/#website\"},\"primaryImageOfPage\":{\"@id\":\"https:\\\/\\\/vozolvapen.de\\\/product\\\/fumot-leopard-40000-cherry-ice\\\/#primaryimage\"},\"image\":{\"@id\":\"https:\\\/\\\/vozolvapen.de\\\/product\\\/fumot-leopard-40000-cherry-ice\\\/#primaryimage\"},\"thumbnailUrl\":\"https:\\\/\\\/vozolvapen.de\\\/wp-content\\\/uploads\\\/2025\\\/12\\\/Fumot-Leopard-40000-Cherry-Ice.webp\",\"datePublished\":\"2025-12-12T06:48:59+00:00\",\"dateModified\":\"2025-12-12T07:24:52+00:00\",\"description\":\"Fumot Leopard 40000 Cherry Ice. Bold cherry flavor with a menthol kick. 20ML fumot liquid, Dual Mesh Coil, and RGB Light. Best fumot vape deal.\",\"breadcrumb\":{\"@id\":\"https:\\\/\\\/vozolvapen.de\\\/product\\\/fumot-leopard-40000-cherry-ice\\\/#breadcrumb\"},\"inLanguage\":\"pl-PL\",\"potentialAction\":[{\"@type\":\"ReadAction\",\"target\":[\"https:\\\/\\\/vozolvapen.de\\\/product\\\/fumot-leopard-40000-cherry-ice\\\/\"]}]},{\"@type\":\"ImageObject\",\"inLanguage\":\"pl-PL\",\"@id\":\"https:\\\/\\\/vozolvapen.de\\\/product\\\/fumot-leopard-40000-cherry-ice\\\/#primaryimage\",\"url\":\"https:\\\/\\\/vozolvapen.de\\\/wp-content\\\/uploads\\\/2025\\\/12\\\/Fumot-Leopard-40000-Cherry-Ice.webp\",\"contentUrl\":\"https:\\\/\\\/vozolvapen.de\\\/wp-content\\\/uploads\\\/2025\\\/12\\\/Fumot-Leopard-40000-Cherry-Ice.webp\",\"width\":1200,\"height\":1200,\"caption\":\"Fumot Leopard 40000 - Cherry Ice\"},{\"@type\":\"BreadcrumbList\",\"@id\":\"https:\\\/\\\/vozolvapen.de\\\/product\\\/fumot-leopard-40000-cherry-ice\\\/#breadcrumb\",\"itemListElement\":[{\"@type\":\"ListItem\",\"position\":1,\"name\":\"Home\",\"item\":\"https:\\\/\\\/vozolvapen.de\\\/de\\\/\"},{\"@type\":\"ListItem\",\"position\":2,\"name\":\"Shop\",\"item\":\"https:\\\/\\\/vozolvapen.de\\\/shop\\\/\"},{\"@type\":\"ListItem\",\"position\":3,\"name\":\"Fumot Leopard 40000 &#8211; Cherry Ice\"}]},{\"@type\":\"WebSite\",\"@id\":\"https:\\\/\\\/vozolvapen.de\\\/#website\",\"url\":\"https:\\\/\\\/vozolvapen.de\\\/\",\"name\":\"vozolvapen\",\"description\":\"vozolvapen\",\"publisher\":{\"@id\":\"https:\\\/\\\/vozolvapen.de\\\/#organization\"},\"potentialAction\":[{\"@type\":\"SearchAction\",\"target\":{\"@type\":\"EntryPoint\",\"urlTemplate\":\"https:\\\/\\\/vozolvapen.de\\\/?s={search_term_string}\"},\"query-input\":{\"@type\":\"PropertyValueSpecification\",\"valueRequired\":true,\"valueName\":\"search_term_string\"}}],\"inLanguage\":\"pl-PL\"},{\"@type\":\"Organization\",\"@id\":\"https:\\\/\\\/vozolvapen.de\\\/#organization\",\"name\":\"vozolvapen\",\"url\":\"https:\\\/\\\/vozolvapen.de\\\/\",\"logo\":{\"@type\":\"ImageObject\",\"inLanguage\":\"pl-PL\",\"@id\":\"https:\\\/\\\/vozolvapen.de\\\/#\\\/schema\\\/logo\\\/image\\\/\",\"url\":\"https:\\\/\\\/vozolvapen.de\\\/wp-content\\\/uploads\\\/2025\\\/12\\\/cropped-vozovapen-logo.webp\",\"contentUrl\":\"https:\\\/\\\/vozolvapen.de\\\/wp-content\\\/uploads\\\/2025\\\/12\\\/cropped-vozovapen-logo.webp\",\"width\":470,\"height\":110,\"caption\":\"vozolvapen\"},\"image\":{\"@id\":\"https:\\\/\\\/vozolvapen.de\\\/#\\\/schema\\\/logo\\\/image\\\/\"}}]}<\/script>\n<!-- \/ Yoast SEO Premium plugin. -->","yoast_head_json":{"title":"Fumot Leopard 40000 Cherry Ice | Fumot 40000 Jednorazowy - vozolvapen","description":"Fumot Leopard 40000 Cherry Ice. Odwa\u017cny wi\u015bniowy smak z mentolow\u0105 nut\u0105. 20 ml p\u0142ynu fumot, podw\u00f3jna cewka siatkowa i o\u015bwietlenie RGB. Najlepsza oferta fumot vape.","robots":{"index":"index","follow":"follow","max-snippet":"max-snippet:-1","max-image-preview":"max-image-preview:large","max-video-preview":"max-video-preview:-1"},"canonical":"https:\/\/vozolvapen.de\/pl\/product\/fumot-leopard-40000-cherry-ice\/","og_locale":"pl_PL","og_type":"article","og_title":"Fumot Leopard 40000 - Cherry Ice","og_description":"Fumot Leopard 40000 Cherry Ice. Bold cherry flavor with a menthol kick. 20ML fumot liquid, Dual Mesh Coil, and RGB Light. Best fumot vape deal.","og_url":"https:\/\/vozolvapen.de\/pl\/product\/fumot-leopard-40000-cherry-ice\/","og_site_name":"vozolvapen","article_modified_time":"2025-12-12T07:24:52+00:00","og_image":[{"width":1200,"height":1200,"url":"https:\/\/vozolvapen.de\/wp-content\/uploads\/2025\/12\/Fumot-Leopard-40000-Cherry-Ice.webp","type":"image\/webp"}],"twitter_card":"summary_large_image","twitter_misc":{"Szacowany czas czytania":"2 minuty"},"schema":{"@context":"https:\/\/schema.org","@graph":[{"@type":"WebPage","@id":"https:\/\/vozolvapen.de\/product\/fumot-leopard-40000-cherry-ice\/","url":"https:\/\/vozolvapen.de\/product\/fumot-leopard-40000-cherry-ice\/","name":"Fumot Leopard 40000 Cherry Ice | Fumot 40000 Jednorazowy - vozolvapen","isPartOf":{"@id":"https:\/\/vozolvapen.de\/#website"},"primaryImageOfPage":{"@id":"https:\/\/vozolvapen.de\/product\/fumot-leopard-40000-cherry-ice\/#primaryimage"},"image":{"@id":"https:\/\/vozolvapen.de\/product\/fumot-leopard-40000-cherry-ice\/#primaryimage"},"thumbnailUrl":"https:\/\/vozolvapen.de\/wp-content\/uploads\/2025\/12\/Fumot-Leopard-40000-Cherry-Ice.webp","datePublished":"2025-12-12T06:48:59+00:00","dateModified":"2025-12-12T07:24:52+00:00","description":"Fumot Leopard 40000 Cherry Ice. Odwa\u017cny wi\u015bniowy smak z mentolow\u0105 nut\u0105. 20 ml p\u0142ynu fumot, podw\u00f3jna cewka siatkowa i o\u015bwietlenie RGB. Najlepsza oferta fumot vape.","breadcrumb":{"@id":"https:\/\/vozolvapen.de\/product\/fumot-leopard-40000-cherry-ice\/#breadcrumb"},"inLanguage":"pl-PL","potentialAction":[{"@type":"ReadAction","target":["https:\/\/vozolvapen.de\/product\/fumot-leopard-40000-cherry-ice\/"]}]},{"@type":"ImageObject","inLanguage":"pl-PL","@id":"https:\/\/vozolvapen.de\/product\/fumot-leopard-40000-cherry-ice\/#primaryimage","url":"https:\/\/vozolvapen.de\/wp-content\/uploads\/2025\/12\/Fumot-Leopard-40000-Cherry-Ice.webp","contentUrl":"https:\/\/vozolvapen.de\/wp-content\/uploads\/2025\/12\/Fumot-Leopard-40000-Cherry-Ice.webp","width":1200,"height":1200,"caption":"Fumot Leopard 40000 - Cherry Ice"},{"@type":"BreadcrumbList","@id":"https:\/\/vozolvapen.de\/product\/fumot-leopard-40000-cherry-ice\/#breadcrumb","itemListElement":[{"@type":"ListItem","position":1,"name":"Home","item":"https:\/\/vozolvapen.de\/de\/"},{"@type":"ListItem","position":2,"name":"Shop","item":"https:\/\/vozolvapen.de\/shop\/"},{"@type":"ListItem","position":3,"name":"Fumot Leopard 40000 &#8211; Cherry Ice"}]},{"@type":"WebSite","@id":"https:\/\/vozolvapen.de\/#website","url":"https:\/\/vozolvapen.de\/","name":"vozolvapen","description":"vozolvapen","publisher":{"@id":"https:\/\/vozolvapen.de\/#organization"},"potentialAction":[{"@type":"SearchAction","target":{"@type":"EntryPoint","urlTemplate":"https:\/\/vozolvapen.de\/?s={search_term_string}"},"query-input":{"@type":"PropertyValueSpecification","valueRequired":true,"valueName":"search_term_string"}}],"inLanguage":"pl-PL"},{"@type":"Organization","@id":"https:\/\/vozolvapen.de\/#organization","name":"vozolvapen","url":"https:\/\/vozolvapen.de\/","logo":{"@type":"ImageObject","inLanguage":"pl-PL","@id":"https:\/\/vozolvapen.de\/#\/schema\/logo\/image\/","url":"https:\/\/vozolvapen.de\/wp-content\/uploads\/2025\/12\/cropped-vozovapen-logo.webp","contentUrl":"https:\/\/vozolvapen.de\/wp-content\/uploads\/2025\/12\/cropped-vozovapen-logo.webp","width":470,"height":110,"caption":"vozolvapen"},"image":{"@id":"https:\/\/vozolvapen.de\/#\/schema\/logo\/image\/"}}]}},"tiered_pricing_type":"fixed","tiered_pricing_fixed_rules":{"30":"14.4","50":"11.4","100":"10.4","200":"9.4"},"tiered_pricing_product_settings":{"layout":"default","base_unit_name":{"singular":null,"plural":null},"default_variation":null},"tiered_pricing_minimum_quantity":10,"tiered_pricing_roles_data":[],"tiered_pricing_percentage_rules":[],"tiered_pricing_maximum_quantity":null,"tiered_pricing_quantity_step":"10","_links":{"self":[{"href":"http:\/\/vozolvapen.de\/pl\/wp-json\/wp\/v2\/product\/23401","targetHints":{"allow":["GET"]}}],"collection":[{"href":"http:\/\/vozolvapen.de\/pl\/wp-json\/wp\/v2\/product"}],"about":[{"href":"http:\/\/vozolvapen.de\/pl\/wp-json\/wp\/v2\/types\/product"}],"replies":[{"embeddable":true,"href":"http:\/\/vozolvapen.de\/pl\/wp-json\/wp\/v2\/comments?post=23401"}],"wp:featuredmedia":[{"embeddable":true,"href":"http:\/\/vozolvapen.de\/pl\/wp-json\/wp\/v2\/media\/23847"}],"wp:attachment":[{"href":"http:\/\/vozolvapen.de\/pl\/wp-json\/wp\/v2\/media?parent=23401"}],"wp:term":[{"taxonomy":"product_brand","embeddable":true,"href":"http:\/\/vozolvapen.de\/pl\/wp-json\/wp\/v2\/product_brand?post=23401"},{"taxonomy":"product_cat","embeddable":true,"href":"http:\/\/vozolvapen.de\/pl\/wp-json\/wp\/v2\/product_cat?post=23401"},{"taxonomy":"product_tag","embeddable":true,"href":"http:\/\/vozolvapen.de\/pl\/wp-json\/wp\/v2\/product_tag?post=23401"}],"curies":[{"name":"wp","href":"https:\/\/api.w.org\/{rel}","templated":true}]}}