{"id":23611,"date":"2025-12-12T06:49:12","date_gmt":"2025-12-12T06:49:12","guid":{"rendered":"https:\/\/vozolvapen.de\/?post_type=product&#038;p=23611"},"modified":"2025-12-12T07:25:24","modified_gmt":"2025-12-12T07:25:24","slug":"fumot-leopard-40000-pink-lemonade","status":"publish","type":"product","link":"http:\/\/vozolvapen.de\/pl\/product\/fumot-leopard-40000-pink-lemonade\/","title":{"rendered":"Fumot Leopard 40000 - r\u00f3\u017cowa lemoniada"},"content":{"rendered":"<h1 data-path-to-node=\"85\"><b>Fumot Leopard 40000 Puff - R\u00f3\u017cowa Lemoniada<\/b><\/h1>\n<p data-path-to-node=\"86\"><b>Opis produktu:<\/b> Ugasi\u0107 pragnienie za pomoc\u0105 <b>Fumot Leopard 40000<\/b> Pink Lemonade. Ten gazowany i orze\u017awiaj\u0105cy smak \u0142\u0105czy w sobie pikantne cytryny z odrobin\u0105 czerwonych jag\u00f3d i cukru. Oddaje musuj\u0105ce doznania ulubionego letniego napoju w postaci <b>p\u0142yn fumot<\/b> format.<\/p>\n<p data-path-to-node=\"87\">The <b>fumot 40000<\/b> Urz\u0105dzenie jest wyposa\u017cone w stylowe, dynamiczne, obrotowe pod\u015bwietlenie RGB i czytelny wy\u015bwietlacz cyfrowy. Z 20 ml soku i <b>fumot 40k<\/b> puff\u00f3w, oferuje bezkonkurencyjn\u0105 warto\u015b\u0107 i trwa\u0142o\u015b\u0107.<\/p>\n<h2 data-path-to-node=\"88\"><b>Kluczowe specyfikacje<\/b><\/h2>\n<ul>\n<li data-path-to-node=\"89,0,0\"><b>Model:<\/b> <b>Fumot Leopard 40000<\/b><\/li>\n<li data-path-to-node=\"89,1,0\"><b>Profil smakowy:<\/b> R\u00f3\u017cowa Lemoniada<\/li>\n<li data-path-to-node=\"89,2,0\"><b>Puffy:<\/b> 40,000<\/li>\n<li data-path-to-node=\"89,3,0\"><b>Bateria:<\/b> Akumulator 750 mAh<\/li>\n<li data-path-to-node=\"89,4,0\"><b>Cechy:<\/b> Pod\u015bwietlenie RGB, wy\u015bwietlacz oleju\/zasilania<\/li>\n<li data-path-to-node=\"89,5,0\"><b>Nikotyna:<\/b> 2% \/ 5%<\/li>\n<\/ul>\n<h3>Przewodnik po smakach Fumot Leopard 40000 - r\u00f3\u017cowa lemoniada<\/h3>\n<table data-path-to-node=\"35\">\n<thead>\n<tr>\n<td><strong>Metryka smaku<\/strong><\/td>\n<td><strong>Ocena gwiazdkowa<\/strong><\/td>\n<td><strong>Opis<\/strong><\/td>\n<\/tr>\n<\/thead>\n<tbody>\n<tr>\n<td><span data-path-to-node=\"35,1,0,0\"><b>S\u0142odycz<\/b><\/span><\/td>\n<td><span data-path-to-node=\"35,1,1,0\">\u2605\u2605\u2605\u2605\u2606<\/span><\/td>\n<td><span data-path-to-node=\"35,1,2,0\">Wystarczaj\u0105co s\u0142odki, aby zr\u00f3wnowa\u017cy\u0107 cierpko\u015b\u0107 charakterystyczn\u0105 dla s\u0142odkiej lemoniady.<\/span><\/td>\n<\/tr>\n<tr>\n<td><span data-path-to-node=\"35,2,0,0\"><b>L\u00f3d\/ch\u0142odzenie<\/b><\/span><\/td>\n<td><span data-path-to-node=\"35,2,1,0\">\u2605\u2605\u2606\u2606\u2606<\/span><\/td>\n<td><span data-path-to-node=\"35,2,2,0\">S\u0142abo ch\u0142odz\u0105cy, sugeruj\u0105cy raczej orze\u017awiaj\u0105cy ch\u0142\u00f3d zimnego napoju ni\u017c ci\u0119\u017cki mentol.<\/span><\/td>\n<\/tr>\n<tr>\n<td><span data-path-to-node=\"35,3,0,0\"><b>Intensywno\u015b\u0107 smaku<\/b><\/span><\/td>\n<td><span data-path-to-node=\"35,3,1,0\">\u2605\u2605\u2605\u2605\u2605<\/span><\/td>\n<td><span data-path-to-node=\"35,3,2,0\">Bardzo wysoka i \u017cywa intensywno\u015b\u0107, zdominowana przez ostre cytrusy i jasne nuty jagodowe.<\/span><\/td>\n<\/tr>\n<tr>\n<td><span data-path-to-node=\"35,4,0,0\"><b>Podsumowanie profilu<\/b><\/span><\/td>\n<td><\/td>\n<td><span data-path-to-node=\"35,4,2,0\">Niezwykle ostry i pikantny cytrynowy smak prze\u0142amany czerwonymi jagodami i orze\u017awiaj\u0105cym lekkim ch\u0142odem. \u017bywy, ostry i intensywny profil napoju.<\/span><\/td>\n<\/tr>\n<\/tbody>\n<\/table>\n<h3 dir=\"auto\">Oto dalsze zalecenia dla Ciebie:<\/h3>\n<p dir=\"auto\">Odkryj jeszcze wi\u0119cej niesamowitych smak\u00f3w dzi\u0119ki Fumot Leopard 40000 Puff Vape!<\/p>\n<p dir=\"auto\"><a href=\"https:\/\/vozolvapen.de\/pl\/product-category\/fumot-vape\/fumot-leopard-40000-puffs\/\" target=\"_blank\" rel=\"noopener noreferrer nofollow\">Zobacz wszystkie odmiany tutaj \u2192<\/a><\/p>\n<p dir=\"auto\">Zapoznaj si\u0119 z nasz\u0105 pe\u0142n\u0105 kolekcj\u0105 i kupuj produkty najlepszych marek vape, kt\u00f3re pokochasz.<\/p>\n<p dir=\"auto\"><a href=\"https:\/\/vozolvapen.de\/pl\/product-category\/fumot-vape\/\" target=\"_blank\" rel=\"noopener noreferrer nofollow\">Przegl\u0105daj teraz wszystkie marki \u2192<\/a><\/p>\n<p dir=\"auto\">Sprawd\u017a ca\u0142\u0105 seri\u0119 Fumot Vape - ka\u017cdy smak, ka\u017cdy styl!<\/p>\n<p dir=\"auto\"><a href=\"https:\/\/vozolvapen.de\/pl\/product-category\/fumot-vape\/\" target=\"_blank\" rel=\"noopener noreferrer nofollow\">Zobacz pe\u0142n\u0105 kolekcj\u0119 Fumot Vape \u2192<\/a><\/p>","protected":false},"excerpt":{"rendered":"<p><span data-path-to-node=\"3,11,2,0\">Ostra cytryna po\u0142\u0105czona ze s\u0142odk\u0105 cierpko\u015bci\u0105 czerwonych jag\u00f3d. Intensywny profil napoju z odrobin\u0105 ch\u0142odu.<\/span><\/p>","protected":false},"featured_media":23872,"comment_status":"open","ping_status":"closed","template":"","meta":{"_acf_changed":false},"product_brand":[],"product_cat":[75],"product_tag":[],"class_list":{"0":"post-23611","1":"product","2":"type-product","3":"status-publish","4":"has-post-thumbnail","6":"product_cat-fumot-leopard-40000-puffs","8":"first","9":"instock","10":"shipping-taxable","11":"purchasable","12":"product-type-variable"},"acf":[],"yoast_head":"<!-- This site is optimized with the Yoast SEO Premium plugin v26.1 (Yoast SEO v27.5) - https:\/\/yoast.com\/product\/yoast-seo-premium-wordpress\/ -->\n<title>Fumot Leopard 40000 Pink Lemonade | Fumot Vape - vozolvapen<\/title>\n<meta name=\"description\" content=\"Fumot Leopard 40000 Pink Lemonade. Zesty lemon and sweet red berries. Fumot 40000 puffs with digital display and dual mesh coil.\" \/>\n<meta name=\"robots\" content=\"index, follow, max-snippet:-1, max-image-preview:large, max-video-preview:-1\" \/>\n<link rel=\"canonical\" href=\"https:\/\/vozolvapen.de\/pl\/product\/fumot-leopard-40000-pink-lemonade\/\" \/>\n<meta property=\"og:locale\" content=\"pl_PL\" \/>\n<meta property=\"og:type\" content=\"article\" \/>\n<meta property=\"og:title\" content=\"Fumot Leopard 40000 - Pink Lemonade\" \/>\n<meta property=\"og:description\" content=\"Fumot Leopard 40000 Pink Lemonade. Zesty lemon and sweet red berries. Fumot 40000 puffs with digital display and dual mesh coil.\" \/>\n<meta property=\"og:url\" content=\"https:\/\/vozolvapen.de\/pl\/product\/fumot-leopard-40000-pink-lemonade\/\" \/>\n<meta property=\"og:site_name\" content=\"vozolvapen\" \/>\n<meta property=\"article:modified_time\" content=\"2025-12-12T07:25:24+00:00\" \/>\n<meta property=\"og:image\" content=\"https:\/\/vozolvapen.de\/wp-content\/uploads\/2025\/12\/Fumot-Leopard-40000-Pink-Lemonade.webp\" \/>\n\t<meta property=\"og:image:width\" content=\"1200\" \/>\n\t<meta property=\"og:image:height\" content=\"1200\" \/>\n\t<meta property=\"og:image:type\" content=\"image\/webp\" \/>\n<meta name=\"twitter:card\" content=\"summary_large_image\" \/>\n<meta name=\"twitter:label1\" content=\"Szacowany czas czytania\" \/>\n\t<meta name=\"twitter:data1\" content=\"2 minuty\" \/>\n<script type=\"application\/ld+json\" class=\"yoast-schema-graph\">{\"@context\":\"https:\\\/\\\/schema.org\",\"@graph\":[{\"@type\":\"WebPage\",\"@id\":\"https:\\\/\\\/vozolvapen.de\\\/product\\\/fumot-leopard-40000-pink-lemonade\\\/\",\"url\":\"https:\\\/\\\/vozolvapen.de\\\/product\\\/fumot-leopard-40000-pink-lemonade\\\/\",\"name\":\"Fumot Leopard 40000 Pink Lemonade | Fumot Vape - vozolvapen\",\"isPartOf\":{\"@id\":\"https:\\\/\\\/vozolvapen.de\\\/#website\"},\"primaryImageOfPage\":{\"@id\":\"https:\\\/\\\/vozolvapen.de\\\/product\\\/fumot-leopard-40000-pink-lemonade\\\/#primaryimage\"},\"image\":{\"@id\":\"https:\\\/\\\/vozolvapen.de\\\/product\\\/fumot-leopard-40000-pink-lemonade\\\/#primaryimage\"},\"thumbnailUrl\":\"https:\\\/\\\/vozolvapen.de\\\/wp-content\\\/uploads\\\/2025\\\/12\\\/Fumot-Leopard-40000-Pink-Lemonade.webp\",\"datePublished\":\"2025-12-12T06:49:12+00:00\",\"dateModified\":\"2025-12-12T07:25:24+00:00\",\"description\":\"Fumot Leopard 40000 Pink Lemonade. Zesty lemon and sweet red berries. Fumot 40000 puffs with digital display and dual mesh coil.\",\"breadcrumb\":{\"@id\":\"https:\\\/\\\/vozolvapen.de\\\/product\\\/fumot-leopard-40000-pink-lemonade\\\/#breadcrumb\"},\"inLanguage\":\"pl-PL\",\"potentialAction\":[{\"@type\":\"ReadAction\",\"target\":[\"https:\\\/\\\/vozolvapen.de\\\/product\\\/fumot-leopard-40000-pink-lemonade\\\/\"]}]},{\"@type\":\"ImageObject\",\"inLanguage\":\"pl-PL\",\"@id\":\"https:\\\/\\\/vozolvapen.de\\\/product\\\/fumot-leopard-40000-pink-lemonade\\\/#primaryimage\",\"url\":\"https:\\\/\\\/vozolvapen.de\\\/wp-content\\\/uploads\\\/2025\\\/12\\\/Fumot-Leopard-40000-Pink-Lemonade.webp\",\"contentUrl\":\"https:\\\/\\\/vozolvapen.de\\\/wp-content\\\/uploads\\\/2025\\\/12\\\/Fumot-Leopard-40000-Pink-Lemonade.webp\",\"width\":1200,\"height\":1200,\"caption\":\"Fumot Leopard 40000 - Pink Lemonade\"},{\"@type\":\"BreadcrumbList\",\"@id\":\"https:\\\/\\\/vozolvapen.de\\\/product\\\/fumot-leopard-40000-pink-lemonade\\\/#breadcrumb\",\"itemListElement\":[{\"@type\":\"ListItem\",\"position\":1,\"name\":\"Home\",\"item\":\"https:\\\/\\\/vozolvapen.de\\\/de\\\/\"},{\"@type\":\"ListItem\",\"position\":2,\"name\":\"Shop\",\"item\":\"https:\\\/\\\/vozolvapen.de\\\/shop\\\/\"},{\"@type\":\"ListItem\",\"position\":3,\"name\":\"Fumot Leopard 40000 &#8211; Pink Lemonade\"}]},{\"@type\":\"WebSite\",\"@id\":\"https:\\\/\\\/vozolvapen.de\\\/#website\",\"url\":\"https:\\\/\\\/vozolvapen.de\\\/\",\"name\":\"vozolvapen\",\"description\":\"vozolvapen\",\"publisher\":{\"@id\":\"https:\\\/\\\/vozolvapen.de\\\/#organization\"},\"potentialAction\":[{\"@type\":\"SearchAction\",\"target\":{\"@type\":\"EntryPoint\",\"urlTemplate\":\"https:\\\/\\\/vozolvapen.de\\\/?s={search_term_string}\"},\"query-input\":{\"@type\":\"PropertyValueSpecification\",\"valueRequired\":true,\"valueName\":\"search_term_string\"}}],\"inLanguage\":\"pl-PL\"},{\"@type\":\"Organization\",\"@id\":\"https:\\\/\\\/vozolvapen.de\\\/#organization\",\"name\":\"vozolvapen\",\"url\":\"https:\\\/\\\/vozolvapen.de\\\/\",\"logo\":{\"@type\":\"ImageObject\",\"inLanguage\":\"pl-PL\",\"@id\":\"https:\\\/\\\/vozolvapen.de\\\/#\\\/schema\\\/logo\\\/image\\\/\",\"url\":\"https:\\\/\\\/vozolvapen.de\\\/wp-content\\\/uploads\\\/2025\\\/12\\\/cropped-vozovapen-logo.webp\",\"contentUrl\":\"https:\\\/\\\/vozolvapen.de\\\/wp-content\\\/uploads\\\/2025\\\/12\\\/cropped-vozovapen-logo.webp\",\"width\":470,\"height\":110,\"caption\":\"vozolvapen\"},\"image\":{\"@id\":\"https:\\\/\\\/vozolvapen.de\\\/#\\\/schema\\\/logo\\\/image\\\/\"}}]}<\/script>\n<!-- \/ Yoast SEO Premium plugin. -->","yoast_head_json":{"title":"Fumot Leopard 40000 Pink Lemonade | Fumot Vape - vozolvapen","description":"Fumot Leopard 40000 Pink Lemonade. Pikantna cytryna i s\u0142odkie czerwone jagody. Fumot 40000 zaci\u0105gni\u0119\u0107 z cyfrowym wy\u015bwietlaczem i podw\u00f3jn\u0105 cewk\u0105 siatkow\u0105.","robots":{"index":"index","follow":"follow","max-snippet":"max-snippet:-1","max-image-preview":"max-image-preview:large","max-video-preview":"max-video-preview:-1"},"canonical":"https:\/\/vozolvapen.de\/pl\/product\/fumot-leopard-40000-pink-lemonade\/","og_locale":"pl_PL","og_type":"article","og_title":"Fumot Leopard 40000 - Pink Lemonade","og_description":"Fumot Leopard 40000 Pink Lemonade. Zesty lemon and sweet red berries. Fumot 40000 puffs with digital display and dual mesh coil.","og_url":"https:\/\/vozolvapen.de\/pl\/product\/fumot-leopard-40000-pink-lemonade\/","og_site_name":"vozolvapen","article_modified_time":"2025-12-12T07:25:24+00:00","og_image":[{"width":1200,"height":1200,"url":"https:\/\/vozolvapen.de\/wp-content\/uploads\/2025\/12\/Fumot-Leopard-40000-Pink-Lemonade.webp","type":"image\/webp"}],"twitter_card":"summary_large_image","twitter_misc":{"Szacowany czas czytania":"2 minuty"},"schema":{"@context":"https:\/\/schema.org","@graph":[{"@type":"WebPage","@id":"https:\/\/vozolvapen.de\/product\/fumot-leopard-40000-pink-lemonade\/","url":"https:\/\/vozolvapen.de\/product\/fumot-leopard-40000-pink-lemonade\/","name":"Fumot Leopard 40000 Pink Lemonade | Fumot Vape - vozolvapen","isPartOf":{"@id":"https:\/\/vozolvapen.de\/#website"},"primaryImageOfPage":{"@id":"https:\/\/vozolvapen.de\/product\/fumot-leopard-40000-pink-lemonade\/#primaryimage"},"image":{"@id":"https:\/\/vozolvapen.de\/product\/fumot-leopard-40000-pink-lemonade\/#primaryimage"},"thumbnailUrl":"https:\/\/vozolvapen.de\/wp-content\/uploads\/2025\/12\/Fumot-Leopard-40000-Pink-Lemonade.webp","datePublished":"2025-12-12T06:49:12+00:00","dateModified":"2025-12-12T07:25:24+00:00","description":"Fumot Leopard 40000 Pink Lemonade. Pikantna cytryna i s\u0142odkie czerwone jagody. Fumot 40000 zaci\u0105gni\u0119\u0107 z cyfrowym wy\u015bwietlaczem i podw\u00f3jn\u0105 cewk\u0105 siatkow\u0105.","breadcrumb":{"@id":"https:\/\/vozolvapen.de\/product\/fumot-leopard-40000-pink-lemonade\/#breadcrumb"},"inLanguage":"pl-PL","potentialAction":[{"@type":"ReadAction","target":["https:\/\/vozolvapen.de\/product\/fumot-leopard-40000-pink-lemonade\/"]}]},{"@type":"ImageObject","inLanguage":"pl-PL","@id":"https:\/\/vozolvapen.de\/product\/fumot-leopard-40000-pink-lemonade\/#primaryimage","url":"https:\/\/vozolvapen.de\/wp-content\/uploads\/2025\/12\/Fumot-Leopard-40000-Pink-Lemonade.webp","contentUrl":"https:\/\/vozolvapen.de\/wp-content\/uploads\/2025\/12\/Fumot-Leopard-40000-Pink-Lemonade.webp","width":1200,"height":1200,"caption":"Fumot Leopard 40000 - Pink Lemonade"},{"@type":"BreadcrumbList","@id":"https:\/\/vozolvapen.de\/product\/fumot-leopard-40000-pink-lemonade\/#breadcrumb","itemListElement":[{"@type":"ListItem","position":1,"name":"Home","item":"https:\/\/vozolvapen.de\/de\/"},{"@type":"ListItem","position":2,"name":"Shop","item":"https:\/\/vozolvapen.de\/shop\/"},{"@type":"ListItem","position":3,"name":"Fumot Leopard 40000 &#8211; Pink Lemonade"}]},{"@type":"WebSite","@id":"https:\/\/vozolvapen.de\/#website","url":"https:\/\/vozolvapen.de\/","name":"vozolvapen","description":"vozolvapen","publisher":{"@id":"https:\/\/vozolvapen.de\/#organization"},"potentialAction":[{"@type":"SearchAction","target":{"@type":"EntryPoint","urlTemplate":"https:\/\/vozolvapen.de\/?s={search_term_string}"},"query-input":{"@type":"PropertyValueSpecification","valueRequired":true,"valueName":"search_term_string"}}],"inLanguage":"pl-PL"},{"@type":"Organization","@id":"https:\/\/vozolvapen.de\/#organization","name":"vozolvapen","url":"https:\/\/vozolvapen.de\/","logo":{"@type":"ImageObject","inLanguage":"pl-PL","@id":"https:\/\/vozolvapen.de\/#\/schema\/logo\/image\/","url":"https:\/\/vozolvapen.de\/wp-content\/uploads\/2025\/12\/cropped-vozovapen-logo.webp","contentUrl":"https:\/\/vozolvapen.de\/wp-content\/uploads\/2025\/12\/cropped-vozovapen-logo.webp","width":470,"height":110,"caption":"vozolvapen"},"image":{"@id":"https:\/\/vozolvapen.de\/#\/schema\/logo\/image\/"}}]}},"tiered_pricing_type":"fixed","tiered_pricing_fixed_rules":{"30":"14.4","50":"11.4","100":"10.4","200":"9.4"},"tiered_pricing_product_settings":{"layout":"default","base_unit_name":{"singular":null,"plural":null},"default_variation":null},"tiered_pricing_minimum_quantity":10,"tiered_pricing_roles_data":[],"tiered_pricing_percentage_rules":[],"tiered_pricing_maximum_quantity":null,"tiered_pricing_quantity_step":"10","_links":{"self":[{"href":"http:\/\/vozolvapen.de\/pl\/wp-json\/wp\/v2\/product\/23611","targetHints":{"allow":["GET"]}}],"collection":[{"href":"http:\/\/vozolvapen.de\/pl\/wp-json\/wp\/v2\/product"}],"about":[{"href":"http:\/\/vozolvapen.de\/pl\/wp-json\/wp\/v2\/types\/product"}],"replies":[{"embeddable":true,"href":"http:\/\/vozolvapen.de\/pl\/wp-json\/wp\/v2\/comments?post=23611"}],"wp:featuredmedia":[{"embeddable":true,"href":"http:\/\/vozolvapen.de\/pl\/wp-json\/wp\/v2\/media\/23872"}],"wp:attachment":[{"href":"http:\/\/vozolvapen.de\/pl\/wp-json\/wp\/v2\/media?parent=23611"}],"wp:term":[{"taxonomy":"product_brand","embeddable":true,"href":"http:\/\/vozolvapen.de\/pl\/wp-json\/wp\/v2\/product_brand?post=23611"},{"taxonomy":"product_cat","embeddable":true,"href":"http:\/\/vozolvapen.de\/pl\/wp-json\/wp\/v2\/product_cat?post=23611"},{"taxonomy":"product_tag","embeddable":true,"href":"http:\/\/vozolvapen.de\/pl\/wp-json\/wp\/v2\/product_tag?post=23611"}],"curies":[{"name":"wp","href":"https:\/\/api.w.org\/{rel}","templated":true}]}}