{"id":23681,"date":"2025-12-12T06:49:16","date_gmt":"2025-12-12T06:49:16","guid":{"rendered":"https:\/\/vozolvapen.de\/?post_type=product&#038;p=23681"},"modified":"2025-12-12T07:25:34","modified_gmt":"2025-12-12T07:25:34","slug":"fumot-leopard-40000-watermelon-bubblegum","status":"publish","type":"product","link":"http:\/\/vozolvapen.de\/pl\/product\/fumot-leopard-40000-watermelon-bubblegum\/","title":{"rendered":"Fumot Leopard 40000 - Watermelon Bubblegum"},"content":{"rendered":"<h1 data-path-to-node=\"101\"><b>Fumot Leopard 40000 Puffs - Watermelon Bubblegum<\/b><\/h1>\n<p data-path-to-node=\"102\"><b>Opis produktu:<\/b> Podaruj sobie nostalgiczny smak <b>Fumot Leopard 40000<\/b> Watermelon Bubblegum. Smak ten \u0142\u0105czy soczysty smak arbuza ze s\u0142odk\u0105 baz\u0105 gumy balonowej. Jest to zabawny, s\u0142odki vape, kt\u00f3ry nigdy si\u0119 nie starzeje.<\/p>\n<p data-path-to-node=\"103\">The <b>fumot 40000<\/b> zosta\u0142 zaprojektowany z my\u015bl\u0105 o wysokiej wydajno\u015bci, wyposa\u017cony w bateri\u0119 750 mAh i cyfrowy wy\u015bwietlacz Tube Display. Ciesz si\u0119 20 ml tego pysznego <b>p\u0142yn fumot<\/b> z zapewnieniem sta\u0142ej jako\u015bci.<\/p>\n<h2 data-path-to-node=\"104\"><b>Kluczowe specyfikacje<\/b><\/h2>\n<ul>\n<li data-path-to-node=\"105,0,0\"><b>Model:<\/b> <b>Fumot Leopard 40000<\/b><\/li>\n<li data-path-to-node=\"105,1,0\"><b>Profil smakowy:<\/b> Cukierki arbuzowe<\/li>\n<li data-path-to-node=\"105,2,0\"><b>Puffy:<\/b> 40,000<\/li>\n<li data-path-to-node=\"105,3,0\"><b>Bateria:<\/b> 750mAh (Typ-C)<\/li>\n<li data-path-to-node=\"105,4,0\"><b>Cewka:<\/b> Podw\u00f3jna siatka<\/li>\n<li data-path-to-node=\"105,5,0\"><b>Wy\u015bwietlacz:<\/b> Poziom baterii i cieczy<\/li>\n<\/ul>\n<h3>Przewodnik po smakach Fumot Leopard 40000 - Watermelon Bubblegum<\/h3>\n<table data-path-to-node=\"41\">\n<thead>\n<tr>\n<td><strong>Metryka smaku<\/strong><\/td>\n<td><strong>Ocena gwiazdkowa<\/strong><\/td>\n<td><strong>Opis<\/strong><\/td>\n<\/tr>\n<\/thead>\n<tbody>\n<tr>\n<td><span data-path-to-node=\"41,1,0,0\"><b>S\u0142odycz<\/b><\/span><\/td>\n<td><span data-path-to-node=\"41,1,1,0\">\u2605\u2605\u2605\u2605\u2605<\/span><\/td>\n<td><span data-path-to-node=\"41,1,2,0\">S\u0142odycz na poziomie deserowym, odzwierciedlaj\u0105ca s\u0142odki profil cukierk\u00f3w b\u0105belkowych.<\/span><\/td>\n<\/tr>\n<tr>\n<td><span data-path-to-node=\"41,2,0,0\"><b>L\u00f3d\/ch\u0142odzenie<\/b><\/span><\/td>\n<td><span data-path-to-node=\"41,2,1,0\">\u2605\u2606\u2606\u2606\u2606<\/span><\/td>\n<td><span data-path-to-node=\"41,2,2,0\">Brak uczucia mentolu lub lodu (bez ch\u0142odzenia).<\/span><\/td>\n<\/tr>\n<tr>\n<td><span data-path-to-node=\"41,3,0,0\"><b>Intensywno\u015b\u0107 smaku<\/b><\/span><\/td>\n<td><span data-path-to-node=\"41,3,1,0\">\u2605\u2605\u2605\u2605\u2606<\/span><\/td>\n<td><span data-path-to-node=\"41,3,2,0\">Wysoka wydajno\u015b\u0107 smakowa, zapewniaj\u0105ca mocny, nostalgiczny, cukierniczy smak.<\/span><\/td>\n<\/tr>\n<tr>\n<td><span data-path-to-node=\"41,4,0,0\"><b>Podsumowanie profilu<\/b><\/span><\/td>\n<td><\/td>\n<td><span data-path-to-node=\"41,4,2,0\">S\u0142odycz na poziomie deseru, odwzorowuj\u0105ca soczysty smak arbuza po\u0142\u0105czony z klasycznymi cukierkami bubblegum. Zabawny, nostalgiczny i intensywnie s\u0142odki aromat.<\/span><\/td>\n<\/tr>\n<\/tbody>\n<\/table>\n<h3 dir=\"auto\">Oto dalsze zalecenia dla Ciebie:<\/h3>\n<p dir=\"auto\">Odkryj jeszcze wi\u0119cej niesamowitych smak\u00f3w dzi\u0119ki Fumot Leopard 40000 Puff Vape!<\/p>\n<p dir=\"auto\"><a href=\"https:\/\/vozolvapen.de\/pl\/product-category\/fumot-vape\/fumot-leopard-40000-puffs\/\" target=\"_blank\" rel=\"noopener noreferrer nofollow\">Zobacz wszystkie odmiany tutaj \u2192<\/a><\/p>\n<p dir=\"auto\">Zapoznaj si\u0119 z nasz\u0105 pe\u0142n\u0105 kolekcj\u0105 i kupuj produkty najlepszych marek vape, kt\u00f3re pokochasz.<\/p>\n<p dir=\"auto\"><a href=\"https:\/\/vozolvapen.de\/pl\/product-category\/fumot-vape\/\" target=\"_blank\" rel=\"noopener noreferrer nofollow\">Przegl\u0105daj teraz wszystkie marki \u2192<\/a><\/p>\n<p dir=\"auto\">Sprawd\u017a ca\u0142\u0105 seri\u0119 Fumot Vape - ka\u017cdy smak, ka\u017cdy styl!<\/p>\n<p dir=\"auto\"><a href=\"https:\/\/vozolvapen.de\/pl\/product-category\/fumot-vape\/\" target=\"_blank\" rel=\"noopener noreferrer nofollow\">Zobacz pe\u0142n\u0105 kolekcj\u0119 Fumot Vape \u2192<\/a><\/p>","protected":false},"excerpt":{"rendered":"<p>Nostalgiczna s\u0142odycz. Soczysty smak arbuza po\u0142\u0105czony z niepowtarzalnym, s\u0142odkim smakiem klasycznej r\u00f3\u017cowej gumy balonowej.<\/p>","protected":false},"featured_media":23880,"comment_status":"open","ping_status":"closed","template":"","meta":{"_acf_changed":false},"product_brand":[],"product_cat":[75],"product_tag":[],"class_list":{"0":"post-23681","1":"product","2":"type-product","3":"status-publish","4":"has-post-thumbnail","6":"product_cat-fumot-leopard-40000-puffs","8":"first","9":"instock","10":"shipping-taxable","11":"purchasable","12":"product-type-variable"},"acf":[],"yoast_head":"<!-- This site is optimized with the Yoast SEO Premium plugin v26.1 (Yoast SEO v27.5) - https:\/\/yoast.com\/product\/yoast-seo-premium-wordpress\/ -->\n<title>Fumot Leopard 40000 Watermelon Bubblegum | Fumot Vape - vozolvapen<\/title>\n<meta name=\"description\" content=\"Fumot Leopard 40000 Watermelon Bubblegum. Sweet candy flavor with fumot 40k puffs. Digital display and RGB light. Wholesale available.\" \/>\n<meta name=\"robots\" content=\"index, follow, max-snippet:-1, max-image-preview:large, max-video-preview:-1\" \/>\n<link rel=\"canonical\" href=\"https:\/\/vozolvapen.de\/pl\/product\/fumot-leopard-40000-watermelon-bubblegum\/\" \/>\n<meta property=\"og:locale\" content=\"pl_PL\" \/>\n<meta property=\"og:type\" content=\"article\" \/>\n<meta property=\"og:title\" content=\"Fumot Leopard 40000 - Watermelon Bubblegum\" \/>\n<meta property=\"og:description\" content=\"Fumot Leopard 40000 Watermelon Bubblegum. Sweet candy flavor with fumot 40k puffs. Digital display and RGB light. Wholesale available.\" \/>\n<meta property=\"og:url\" content=\"https:\/\/vozolvapen.de\/pl\/product\/fumot-leopard-40000-watermelon-bubblegum\/\" \/>\n<meta property=\"og:site_name\" content=\"vozolvapen\" \/>\n<meta property=\"article:modified_time\" content=\"2025-12-12T07:25:34+00:00\" \/>\n<meta property=\"og:image\" content=\"https:\/\/vozolvapen.de\/wp-content\/uploads\/2025\/12\/Fumot-Leopard-40000-Watermelon-Bubb-Legum.webp\" \/>\n\t<meta property=\"og:image:width\" content=\"1200\" \/>\n\t<meta property=\"og:image:height\" content=\"1200\" \/>\n\t<meta property=\"og:image:type\" content=\"image\/webp\" \/>\n<meta name=\"twitter:card\" content=\"summary_large_image\" \/>\n<meta name=\"twitter:label1\" content=\"Szacowany czas czytania\" \/>\n\t<meta name=\"twitter:data1\" content=\"2 minuty\" \/>\n<script type=\"application\/ld+json\" class=\"yoast-schema-graph\">{\"@context\":\"https:\\\/\\\/schema.org\",\"@graph\":[{\"@type\":\"WebPage\",\"@id\":\"https:\\\/\\\/vozolvapen.de\\\/product\\\/fumot-leopard-40000-watermelon-bubblegum\\\/\",\"url\":\"https:\\\/\\\/vozolvapen.de\\\/product\\\/fumot-leopard-40000-watermelon-bubblegum\\\/\",\"name\":\"Fumot Leopard 40000 Watermelon Bubblegum | Fumot Vape - vozolvapen\",\"isPartOf\":{\"@id\":\"https:\\\/\\\/vozolvapen.de\\\/#website\"},\"primaryImageOfPage\":{\"@id\":\"https:\\\/\\\/vozolvapen.de\\\/product\\\/fumot-leopard-40000-watermelon-bubblegum\\\/#primaryimage\"},\"image\":{\"@id\":\"https:\\\/\\\/vozolvapen.de\\\/product\\\/fumot-leopard-40000-watermelon-bubblegum\\\/#primaryimage\"},\"thumbnailUrl\":\"https:\\\/\\\/vozolvapen.de\\\/wp-content\\\/uploads\\\/2025\\\/12\\\/Fumot-Leopard-40000-Watermelon-Bubb-Legum.webp\",\"datePublished\":\"2025-12-12T06:49:16+00:00\",\"dateModified\":\"2025-12-12T07:25:34+00:00\",\"description\":\"Fumot Leopard 40000 Watermelon Bubblegum. Sweet candy flavor with fumot 40k puffs. Digital display and RGB light. Wholesale available.\",\"breadcrumb\":{\"@id\":\"https:\\\/\\\/vozolvapen.de\\\/product\\\/fumot-leopard-40000-watermelon-bubblegum\\\/#breadcrumb\"},\"inLanguage\":\"pl-PL\",\"potentialAction\":[{\"@type\":\"ReadAction\",\"target\":[\"https:\\\/\\\/vozolvapen.de\\\/product\\\/fumot-leopard-40000-watermelon-bubblegum\\\/\"]}]},{\"@type\":\"ImageObject\",\"inLanguage\":\"pl-PL\",\"@id\":\"https:\\\/\\\/vozolvapen.de\\\/product\\\/fumot-leopard-40000-watermelon-bubblegum\\\/#primaryimage\",\"url\":\"https:\\\/\\\/vozolvapen.de\\\/wp-content\\\/uploads\\\/2025\\\/12\\\/Fumot-Leopard-40000-Watermelon-Bubb-Legum.webp\",\"contentUrl\":\"https:\\\/\\\/vozolvapen.de\\\/wp-content\\\/uploads\\\/2025\\\/12\\\/Fumot-Leopard-40000-Watermelon-Bubb-Legum.webp\",\"width\":1200,\"height\":1200,\"caption\":\"Fumot Leopard 40000 - Watermelon Bubb Legum\"},{\"@type\":\"BreadcrumbList\",\"@id\":\"https:\\\/\\\/vozolvapen.de\\\/product\\\/fumot-leopard-40000-watermelon-bubblegum\\\/#breadcrumb\",\"itemListElement\":[{\"@type\":\"ListItem\",\"position\":1,\"name\":\"Home\",\"item\":\"https:\\\/\\\/vozolvapen.de\\\/de\\\/\"},{\"@type\":\"ListItem\",\"position\":2,\"name\":\"Shop\",\"item\":\"https:\\\/\\\/vozolvapen.de\\\/shop\\\/\"},{\"@type\":\"ListItem\",\"position\":3,\"name\":\"Fumot Leopard 40000 &#8211; Watermelon Bubblegum\"}]},{\"@type\":\"WebSite\",\"@id\":\"https:\\\/\\\/vozolvapen.de\\\/#website\",\"url\":\"https:\\\/\\\/vozolvapen.de\\\/\",\"name\":\"vozolvapen\",\"description\":\"vozolvapen\",\"publisher\":{\"@id\":\"https:\\\/\\\/vozolvapen.de\\\/#organization\"},\"potentialAction\":[{\"@type\":\"SearchAction\",\"target\":{\"@type\":\"EntryPoint\",\"urlTemplate\":\"https:\\\/\\\/vozolvapen.de\\\/?s={search_term_string}\"},\"query-input\":{\"@type\":\"PropertyValueSpecification\",\"valueRequired\":true,\"valueName\":\"search_term_string\"}}],\"inLanguage\":\"pl-PL\"},{\"@type\":\"Organization\",\"@id\":\"https:\\\/\\\/vozolvapen.de\\\/#organization\",\"name\":\"vozolvapen\",\"url\":\"https:\\\/\\\/vozolvapen.de\\\/\",\"logo\":{\"@type\":\"ImageObject\",\"inLanguage\":\"pl-PL\",\"@id\":\"https:\\\/\\\/vozolvapen.de\\\/#\\\/schema\\\/logo\\\/image\\\/\",\"url\":\"https:\\\/\\\/vozolvapen.de\\\/wp-content\\\/uploads\\\/2025\\\/12\\\/cropped-vozovapen-logo.webp\",\"contentUrl\":\"https:\\\/\\\/vozolvapen.de\\\/wp-content\\\/uploads\\\/2025\\\/12\\\/cropped-vozovapen-logo.webp\",\"width\":470,\"height\":110,\"caption\":\"vozolvapen\"},\"image\":{\"@id\":\"https:\\\/\\\/vozolvapen.de\\\/#\\\/schema\\\/logo\\\/image\\\/\"}}]}<\/script>\n<!-- \/ Yoast SEO Premium plugin. -->","yoast_head_json":{"title":"Fumot Leopard 40000 Watermelon Bubblegum | Fumot Vape - vozolvapen","description":"Fumot Leopard 40000 Watermelon Bubblegum. S\u0142odki smak cukierk\u00f3w z 40 tys. zaci\u0105gni\u0119\u0107. Cyfrowy wy\u015bwietlacz i pod\u015bwietlenie RGB. Dost\u0119pna w sprzeda\u017cy hurtowej.","robots":{"index":"index","follow":"follow","max-snippet":"max-snippet:-1","max-image-preview":"max-image-preview:large","max-video-preview":"max-video-preview:-1"},"canonical":"https:\/\/vozolvapen.de\/pl\/product\/fumot-leopard-40000-watermelon-bubblegum\/","og_locale":"pl_PL","og_type":"article","og_title":"Fumot Leopard 40000 - Watermelon Bubblegum","og_description":"Fumot Leopard 40000 Watermelon Bubblegum. Sweet candy flavor with fumot 40k puffs. Digital display and RGB light. Wholesale available.","og_url":"https:\/\/vozolvapen.de\/pl\/product\/fumot-leopard-40000-watermelon-bubblegum\/","og_site_name":"vozolvapen","article_modified_time":"2025-12-12T07:25:34+00:00","og_image":[{"width":1200,"height":1200,"url":"https:\/\/vozolvapen.de\/wp-content\/uploads\/2025\/12\/Fumot-Leopard-40000-Watermelon-Bubb-Legum.webp","type":"image\/webp"}],"twitter_card":"summary_large_image","twitter_misc":{"Szacowany czas czytania":"2 minuty"},"schema":{"@context":"https:\/\/schema.org","@graph":[{"@type":"WebPage","@id":"https:\/\/vozolvapen.de\/product\/fumot-leopard-40000-watermelon-bubblegum\/","url":"https:\/\/vozolvapen.de\/product\/fumot-leopard-40000-watermelon-bubblegum\/","name":"Fumot Leopard 40000 Watermelon Bubblegum | Fumot Vape - vozolvapen","isPartOf":{"@id":"https:\/\/vozolvapen.de\/#website"},"primaryImageOfPage":{"@id":"https:\/\/vozolvapen.de\/product\/fumot-leopard-40000-watermelon-bubblegum\/#primaryimage"},"image":{"@id":"https:\/\/vozolvapen.de\/product\/fumot-leopard-40000-watermelon-bubblegum\/#primaryimage"},"thumbnailUrl":"https:\/\/vozolvapen.de\/wp-content\/uploads\/2025\/12\/Fumot-Leopard-40000-Watermelon-Bubb-Legum.webp","datePublished":"2025-12-12T06:49:16+00:00","dateModified":"2025-12-12T07:25:34+00:00","description":"Fumot Leopard 40000 Watermelon Bubblegum. S\u0142odki smak cukierk\u00f3w z 40 tys. zaci\u0105gni\u0119\u0107. Cyfrowy wy\u015bwietlacz i pod\u015bwietlenie RGB. Dost\u0119pna w sprzeda\u017cy hurtowej.","breadcrumb":{"@id":"https:\/\/vozolvapen.de\/product\/fumot-leopard-40000-watermelon-bubblegum\/#breadcrumb"},"inLanguage":"pl-PL","potentialAction":[{"@type":"ReadAction","target":["https:\/\/vozolvapen.de\/product\/fumot-leopard-40000-watermelon-bubblegum\/"]}]},{"@type":"ImageObject","inLanguage":"pl-PL","@id":"https:\/\/vozolvapen.de\/product\/fumot-leopard-40000-watermelon-bubblegum\/#primaryimage","url":"https:\/\/vozolvapen.de\/wp-content\/uploads\/2025\/12\/Fumot-Leopard-40000-Watermelon-Bubb-Legum.webp","contentUrl":"https:\/\/vozolvapen.de\/wp-content\/uploads\/2025\/12\/Fumot-Leopard-40000-Watermelon-Bubb-Legum.webp","width":1200,"height":1200,"caption":"Fumot Leopard 40000 - Watermelon Bubb Legum"},{"@type":"BreadcrumbList","@id":"https:\/\/vozolvapen.de\/product\/fumot-leopard-40000-watermelon-bubblegum\/#breadcrumb","itemListElement":[{"@type":"ListItem","position":1,"name":"Home","item":"https:\/\/vozolvapen.de\/de\/"},{"@type":"ListItem","position":2,"name":"Shop","item":"https:\/\/vozolvapen.de\/shop\/"},{"@type":"ListItem","position":3,"name":"Fumot Leopard 40000 &#8211; Watermelon Bubblegum"}]},{"@type":"WebSite","@id":"https:\/\/vozolvapen.de\/#website","url":"https:\/\/vozolvapen.de\/","name":"vozolvapen","description":"vozolvapen","publisher":{"@id":"https:\/\/vozolvapen.de\/#organization"},"potentialAction":[{"@type":"SearchAction","target":{"@type":"EntryPoint","urlTemplate":"https:\/\/vozolvapen.de\/?s={search_term_string}"},"query-input":{"@type":"PropertyValueSpecification","valueRequired":true,"valueName":"search_term_string"}}],"inLanguage":"pl-PL"},{"@type":"Organization","@id":"https:\/\/vozolvapen.de\/#organization","name":"vozolvapen","url":"https:\/\/vozolvapen.de\/","logo":{"@type":"ImageObject","inLanguage":"pl-PL","@id":"https:\/\/vozolvapen.de\/#\/schema\/logo\/image\/","url":"https:\/\/vozolvapen.de\/wp-content\/uploads\/2025\/12\/cropped-vozovapen-logo.webp","contentUrl":"https:\/\/vozolvapen.de\/wp-content\/uploads\/2025\/12\/cropped-vozovapen-logo.webp","width":470,"height":110,"caption":"vozolvapen"},"image":{"@id":"https:\/\/vozolvapen.de\/#\/schema\/logo\/image\/"}}]}},"tiered_pricing_type":"fixed","tiered_pricing_fixed_rules":{"30":"14.4","50":"11.4","100":"10.4","200":"9.4"},"tiered_pricing_product_settings":{"layout":"default","base_unit_name":{"singular":null,"plural":null},"default_variation":null},"tiered_pricing_minimum_quantity":10,"tiered_pricing_roles_data":[],"tiered_pricing_percentage_rules":[],"tiered_pricing_maximum_quantity":null,"tiered_pricing_quantity_step":"10","_links":{"self":[{"href":"http:\/\/vozolvapen.de\/pl\/wp-json\/wp\/v2\/product\/23681","targetHints":{"allow":["GET"]}}],"collection":[{"href":"http:\/\/vozolvapen.de\/pl\/wp-json\/wp\/v2\/product"}],"about":[{"href":"http:\/\/vozolvapen.de\/pl\/wp-json\/wp\/v2\/types\/product"}],"replies":[{"embeddable":true,"href":"http:\/\/vozolvapen.de\/pl\/wp-json\/wp\/v2\/comments?post=23681"}],"wp:featuredmedia":[{"embeddable":true,"href":"http:\/\/vozolvapen.de\/pl\/wp-json\/wp\/v2\/media\/23880"}],"wp:attachment":[{"href":"http:\/\/vozolvapen.de\/pl\/wp-json\/wp\/v2\/media?parent=23681"}],"wp:term":[{"taxonomy":"product_brand","embeddable":true,"href":"http:\/\/vozolvapen.de\/pl\/wp-json\/wp\/v2\/product_brand?post=23681"},{"taxonomy":"product_cat","embeddable":true,"href":"http:\/\/vozolvapen.de\/pl\/wp-json\/wp\/v2\/product_cat?post=23681"},{"taxonomy":"product_tag","embeddable":true,"href":"http:\/\/vozolvapen.de\/pl\/wp-json\/wp\/v2\/product_tag?post=23681"}],"curies":[{"name":"wp","href":"https:\/\/api.w.org\/{rel}","templated":true}]}}