{"id":23716,"date":"2025-12-12T06:49:18","date_gmt":"2025-12-12T06:49:18","guid":{"rendered":"https:\/\/vozolvapen.de\/?post_type=product&#038;p=23716"},"modified":"2025-12-12T07:25:39","modified_gmt":"2025-12-12T07:25:39","slug":"fumot-leopard-40000-peachy-mango-pineapple","status":"publish","type":"product","link":"http:\/\/vozolvapen.de\/pl\/product\/fumot-leopard-40000-peachy-mango-pineapple\/","title":{"rendered":"Fumot Leopard 40000 - Peachy Mango Pineapple"},"content":{"rendered":"<h1 data-path-to-node=\"109\"><b>Fumot Leopard 40000 Puffs - Peachy Mango Pineapple<\/b><\/h1>\n<p data-path-to-node=\"110\"><b>Opis produktu:<\/b> Uwolnij burz\u0119 tropikaln\u0105 za pomoc\u0105 <b>Fumot Leopard 40000<\/b> Peachy Mango Pineapple. Ta wibruj\u0105ca mieszanka \u0142\u0105czy w sobie delikatno\u015b\u0107 brzoskwini, bogactwo mango i posmak ananasa. To wype\u0142niona s\u0142o\u0144cem mieszanka idealna dla mi\u0142o\u015bnik\u00f3w owoc\u00f3w.<\/p>\n<p data-path-to-node=\"111\">The <b>fumot vape<\/b> zosta\u0142 stworzony do obs\u0142ugi z\u0142o\u017conych profili smakowych. Cewka Dual Mesh Coil zapewnia, \u017ce ka\u017cda nuta owocowa jest wyra\u017ana. Z <b>Do 40000 zaci\u0105gni\u0119\u0107<\/b>, w <b>fumot 40000<\/b> to kr\u00f3l tropikalnych jednoraz\u00f3wek.<\/p>\n<h2 data-path-to-node=\"112\"><b>Kluczowe specyfikacje<\/b><\/h2>\n<ul>\n<li data-path-to-node=\"113,0,0\"><b>Model:<\/b> <b>Fumot Leopard 40000<\/b><\/li>\n<li data-path-to-node=\"113,1,0\"><b>Profil smakowy:<\/b> Brzoskwinia, mango, ananas<\/li>\n<li data-path-to-node=\"113,2,0\"><b>Liczba zaci\u0105gni\u0119\u0107:<\/b> 40,000<\/li>\n<li data-path-to-node=\"113,3,0\"><b>E-Liquid:<\/b> 20ML<\/li>\n<li data-path-to-node=\"113,4,0\"><b>Cechy:<\/b> Pod\u015bwietlenie RGB, wy\u015bwietlacz cyfrowy<\/li>\n<li data-path-to-node=\"113,5,0\"><b>Wysy\u0142ka:<\/b> Magazyn europejski<\/li>\n<\/ul>\n<h3>Przewodnik po smakach Fumot Leopard 40000 - Peachy Mango Pineapple<\/h3>\n<table data-path-to-node=\"44\">\n<thead>\n<tr>\n<td><strong>Metryka smaku<\/strong><\/td>\n<td><strong>Ocena gwiazdkowa<\/strong><\/td>\n<td><strong>Opis<\/strong><\/td>\n<\/tr>\n<\/thead>\n<tbody>\n<tr>\n<td><span data-path-to-node=\"44,1,0,0\"><b>S\u0142odycz<\/b><\/span><\/td>\n<td><span data-path-to-node=\"44,1,1,0\">\u2605\u2605\u2605\u2605\u2606<\/span><\/td>\n<td><span data-path-to-node=\"44,1,2,0\">Wysoka s\u0142odycz brzoskwini i mango, z ananasem dodaj\u0105cym wyrazisto\u015bci.<\/span><\/td>\n<\/tr>\n<tr>\n<td><span data-path-to-node=\"44,2,0,0\"><b>L\u00f3d\/ch\u0142odzenie<\/b><\/span><\/td>\n<td><span data-path-to-node=\"44,2,1,0\">\u2605\u2606\u2606\u2606\u2606<\/span><\/td>\n<td><span data-path-to-node=\"44,2,2,0\">Brak uczucia mentolu lub lodu (bez ch\u0142odzenia).<\/span><\/td>\n<\/tr>\n<tr>\n<td><span data-path-to-node=\"44,3,0,0\"><b>Intensywno\u015b\u0107 smaku<\/b><\/span><\/td>\n<td><span data-path-to-node=\"44,3,1,0\">\u2605\u2605\u2605\u2605\u2605<\/span><\/td>\n<td><span data-path-to-node=\"44,3,2,0\">Niezwykle wysoka, jasna i mocna tropikalna intensywno\u015b\u0107, w kt\u00f3rej b\u0142yszcz\u0105 wszystkie trzy owoce.<\/span><\/td>\n<\/tr>\n<tr>\n<td><span data-path-to-node=\"44,4,0,0\"><b>Podsumowanie profilu<\/b><\/span><\/td>\n<td><\/td>\n<td><span data-path-to-node=\"44,4,2,0\">Mocna, jasna tropikalna mieszanka, w kt\u00f3rej ostro\u015b\u0107 ananasa r\u00f3wnowa\u017cy s\u0142odycz brzoskwini i mango. Bogaty i intensywny smak.<\/span><\/td>\n<\/tr>\n<\/tbody>\n<\/table>\n<h3 dir=\"auto\">Oto dalsze zalecenia dla Ciebie:<\/h3>\n<p dir=\"auto\">Odkryj jeszcze wi\u0119cej niesamowitych smak\u00f3w dzi\u0119ki Fumot Leopard 40000 Puff Vape!<\/p>\n<p dir=\"auto\"><a href=\"https:\/\/vozolvapen.de\/pl\/product-category\/fumot-vape\/fumot-leopard-40000-puffs\/\" target=\"_blank\" rel=\"noopener noreferrer nofollow\">Zobacz wszystkie odmiany tutaj \u2192<\/a><\/p>\n<p dir=\"auto\">Zapoznaj si\u0119 z nasz\u0105 pe\u0142n\u0105 kolekcj\u0105 i kupuj produkty najlepszych marek vape, kt\u00f3re pokochasz.<\/p>\n<p dir=\"auto\"><a href=\"https:\/\/vozolvapen.de\/pl\/product-category\/fumot-vape\/\" target=\"_blank\" rel=\"noopener noreferrer nofollow\">Przegl\u0105daj teraz wszystkie marki \u2192<\/a><\/p>\n<p dir=\"auto\">Sprawd\u017a ca\u0142\u0105 seri\u0119 Fumot Vape - ka\u017cdy smak, ka\u017cdy styl!<\/p>\n<p dir=\"auto\"><a href=\"https:\/\/vozolvapen.de\/pl\/product-category\/fumot-vape\/\" target=\"_blank\" rel=\"noopener noreferrer nofollow\">Zobacz pe\u0142n\u0105 kolekcj\u0119 Fumot Vape \u2192<\/a><\/p>","protected":false},"excerpt":{"rendered":"<p>Pot\u0119\u017cne tropikalne trio. S\u0142odka brzoskwinia i mango zr\u00f3wnowa\u017cone jasn\u0105, pikantn\u0105 sk\u00f3rk\u0105 ananasa. Wysoki smak i brak s\u0142odyczy.<\/p>","protected":false},"featured_media":23884,"comment_status":"open","ping_status":"closed","template":"","meta":{"_acf_changed":false},"product_brand":[],"product_cat":[75],"product_tag":[],"class_list":{"0":"post-23716","1":"product","2":"type-product","3":"status-publish","4":"has-post-thumbnail","6":"product_cat-fumot-leopard-40000-puffs","8":"first","9":"instock","10":"shipping-taxable","11":"purchasable","12":"product-type-variable"},"acf":[],"yoast_head":"<!-- This site is optimized with the Yoast SEO Premium plugin v26.1 (Yoast SEO v27.5) - https:\/\/yoast.com\/product\/yoast-seo-premium-wordpress\/ -->\n<title>Fumot Leopard 40000 Peachy Mango Pineapple | Fumot Liquid - vozolvapen<\/title>\n<meta name=\"description\" content=\"Order Fumot Leopard 40000 Peachy Mango Pineapple. A tropical explosion with fumot 40k puffs. Dual Mesh Coil and 20ML capacity.\" \/>\n<meta name=\"robots\" content=\"index, follow, max-snippet:-1, max-image-preview:large, max-video-preview:-1\" \/>\n<link rel=\"canonical\" href=\"https:\/\/vozolvapen.de\/pl\/product\/fumot-leopard-40000-peachy-mango-pineapple\/\" \/>\n<meta property=\"og:locale\" content=\"pl_PL\" \/>\n<meta property=\"og:type\" content=\"article\" \/>\n<meta property=\"og:title\" content=\"Fumot Leopard 40000 - Peachy Mango Pineapple\" \/>\n<meta property=\"og:description\" content=\"Order Fumot Leopard 40000 Peachy Mango Pineapple. A tropical explosion with fumot 40k puffs. Dual Mesh Coil and 20ML capacity.\" \/>\n<meta property=\"og:url\" content=\"https:\/\/vozolvapen.de\/pl\/product\/fumot-leopard-40000-peachy-mango-pineapple\/\" \/>\n<meta property=\"og:site_name\" content=\"vozolvapen\" \/>\n<meta property=\"article:modified_time\" content=\"2025-12-12T07:25:39+00:00\" \/>\n<meta property=\"og:image\" content=\"https:\/\/vozolvapen.de\/wp-content\/uploads\/2025\/12\/Fumot-Leopard-40000-Peachy-Mango-Pineapple.webp\" \/>\n\t<meta property=\"og:image:width\" content=\"1200\" \/>\n\t<meta property=\"og:image:height\" content=\"1200\" \/>\n\t<meta property=\"og:image:type\" content=\"image\/webp\" \/>\n<meta name=\"twitter:card\" content=\"summary_large_image\" \/>\n<meta name=\"twitter:label1\" content=\"Szacowany czas czytania\" \/>\n\t<meta name=\"twitter:data1\" content=\"2 minuty\" \/>\n<script type=\"application\/ld+json\" class=\"yoast-schema-graph\">{\"@context\":\"https:\\\/\\\/schema.org\",\"@graph\":[{\"@type\":\"WebPage\",\"@id\":\"https:\\\/\\\/vozolvapen.de\\\/product\\\/fumot-leopard-40000-peachy-mango-pineapple\\\/\",\"url\":\"https:\\\/\\\/vozolvapen.de\\\/product\\\/fumot-leopard-40000-peachy-mango-pineapple\\\/\",\"name\":\"Fumot Leopard 40000 Peachy Mango Pineapple | Fumot Liquid - vozolvapen\",\"isPartOf\":{\"@id\":\"https:\\\/\\\/vozolvapen.de\\\/#website\"},\"primaryImageOfPage\":{\"@id\":\"https:\\\/\\\/vozolvapen.de\\\/product\\\/fumot-leopard-40000-peachy-mango-pineapple\\\/#primaryimage\"},\"image\":{\"@id\":\"https:\\\/\\\/vozolvapen.de\\\/product\\\/fumot-leopard-40000-peachy-mango-pineapple\\\/#primaryimage\"},\"thumbnailUrl\":\"https:\\\/\\\/vozolvapen.de\\\/wp-content\\\/uploads\\\/2025\\\/12\\\/Fumot-Leopard-40000-Peachy-Mango-Pineapple.webp\",\"datePublished\":\"2025-12-12T06:49:18+00:00\",\"dateModified\":\"2025-12-12T07:25:39+00:00\",\"description\":\"Order Fumot Leopard 40000 Peachy Mango Pineapple. A tropical explosion with fumot 40k puffs. Dual Mesh Coil and 20ML capacity.\",\"breadcrumb\":{\"@id\":\"https:\\\/\\\/vozolvapen.de\\\/product\\\/fumot-leopard-40000-peachy-mango-pineapple\\\/#breadcrumb\"},\"inLanguage\":\"pl-PL\",\"potentialAction\":[{\"@type\":\"ReadAction\",\"target\":[\"https:\\\/\\\/vozolvapen.de\\\/product\\\/fumot-leopard-40000-peachy-mango-pineapple\\\/\"]}]},{\"@type\":\"ImageObject\",\"inLanguage\":\"pl-PL\",\"@id\":\"https:\\\/\\\/vozolvapen.de\\\/product\\\/fumot-leopard-40000-peachy-mango-pineapple\\\/#primaryimage\",\"url\":\"https:\\\/\\\/vozolvapen.de\\\/wp-content\\\/uploads\\\/2025\\\/12\\\/Fumot-Leopard-40000-Peachy-Mango-Pineapple.webp\",\"contentUrl\":\"https:\\\/\\\/vozolvapen.de\\\/wp-content\\\/uploads\\\/2025\\\/12\\\/Fumot-Leopard-40000-Peachy-Mango-Pineapple.webp\",\"width\":1200,\"height\":1200,\"caption\":\"Fumot Leopard 40000 - Peachy Mango Pineapple\"},{\"@type\":\"BreadcrumbList\",\"@id\":\"https:\\\/\\\/vozolvapen.de\\\/product\\\/fumot-leopard-40000-peachy-mango-pineapple\\\/#breadcrumb\",\"itemListElement\":[{\"@type\":\"ListItem\",\"position\":1,\"name\":\"Home\",\"item\":\"https:\\\/\\\/vozolvapen.de\\\/de\\\/\"},{\"@type\":\"ListItem\",\"position\":2,\"name\":\"Shop\",\"item\":\"https:\\\/\\\/vozolvapen.de\\\/shop\\\/\"},{\"@type\":\"ListItem\",\"position\":3,\"name\":\"Fumot Leopard 40000 &#8211; Peachy Mango Pineapple\"}]},{\"@type\":\"WebSite\",\"@id\":\"https:\\\/\\\/vozolvapen.de\\\/#website\",\"url\":\"https:\\\/\\\/vozolvapen.de\\\/\",\"name\":\"vozolvapen\",\"description\":\"vozolvapen\",\"publisher\":{\"@id\":\"https:\\\/\\\/vozolvapen.de\\\/#organization\"},\"potentialAction\":[{\"@type\":\"SearchAction\",\"target\":{\"@type\":\"EntryPoint\",\"urlTemplate\":\"https:\\\/\\\/vozolvapen.de\\\/?s={search_term_string}\"},\"query-input\":{\"@type\":\"PropertyValueSpecification\",\"valueRequired\":true,\"valueName\":\"search_term_string\"}}],\"inLanguage\":\"pl-PL\"},{\"@type\":\"Organization\",\"@id\":\"https:\\\/\\\/vozolvapen.de\\\/#organization\",\"name\":\"vozolvapen\",\"url\":\"https:\\\/\\\/vozolvapen.de\\\/\",\"logo\":{\"@type\":\"ImageObject\",\"inLanguage\":\"pl-PL\",\"@id\":\"https:\\\/\\\/vozolvapen.de\\\/#\\\/schema\\\/logo\\\/image\\\/\",\"url\":\"https:\\\/\\\/vozolvapen.de\\\/wp-content\\\/uploads\\\/2025\\\/12\\\/cropped-vozovapen-logo.webp\",\"contentUrl\":\"https:\\\/\\\/vozolvapen.de\\\/wp-content\\\/uploads\\\/2025\\\/12\\\/cropped-vozovapen-logo.webp\",\"width\":470,\"height\":110,\"caption\":\"vozolvapen\"},\"image\":{\"@id\":\"https:\\\/\\\/vozolvapen.de\\\/#\\\/schema\\\/logo\\\/image\\\/\"}}]}<\/script>\n<!-- \/ Yoast SEO Premium plugin. -->","yoast_head_json":{"title":"Fumot Leopard 40000 Peachy Mango Pineapple | Fumot Liquid - vozolvapen","description":"Zam\u00f3w Fumot Leopard 40000 Peachy Mango Pineapple. Tropikalna eksplozja z 40 tysi\u0105cami zaci\u0105gni\u0119\u0107. Podw\u00f3jna cewka siatkowa i pojemno\u015b\u0107 20 ml.","robots":{"index":"index","follow":"follow","max-snippet":"max-snippet:-1","max-image-preview":"max-image-preview:large","max-video-preview":"max-video-preview:-1"},"canonical":"https:\/\/vozolvapen.de\/pl\/product\/fumot-leopard-40000-peachy-mango-pineapple\/","og_locale":"pl_PL","og_type":"article","og_title":"Fumot Leopard 40000 - Peachy Mango Pineapple","og_description":"Order Fumot Leopard 40000 Peachy Mango Pineapple. A tropical explosion with fumot 40k puffs. Dual Mesh Coil and 20ML capacity.","og_url":"https:\/\/vozolvapen.de\/pl\/product\/fumot-leopard-40000-peachy-mango-pineapple\/","og_site_name":"vozolvapen","article_modified_time":"2025-12-12T07:25:39+00:00","og_image":[{"width":1200,"height":1200,"url":"https:\/\/vozolvapen.de\/wp-content\/uploads\/2025\/12\/Fumot-Leopard-40000-Peachy-Mango-Pineapple.webp","type":"image\/webp"}],"twitter_card":"summary_large_image","twitter_misc":{"Szacowany czas czytania":"2 minuty"},"schema":{"@context":"https:\/\/schema.org","@graph":[{"@type":"WebPage","@id":"https:\/\/vozolvapen.de\/product\/fumot-leopard-40000-peachy-mango-pineapple\/","url":"https:\/\/vozolvapen.de\/product\/fumot-leopard-40000-peachy-mango-pineapple\/","name":"Fumot Leopard 40000 Peachy Mango Pineapple | Fumot Liquid - vozolvapen","isPartOf":{"@id":"https:\/\/vozolvapen.de\/#website"},"primaryImageOfPage":{"@id":"https:\/\/vozolvapen.de\/product\/fumot-leopard-40000-peachy-mango-pineapple\/#primaryimage"},"image":{"@id":"https:\/\/vozolvapen.de\/product\/fumot-leopard-40000-peachy-mango-pineapple\/#primaryimage"},"thumbnailUrl":"https:\/\/vozolvapen.de\/wp-content\/uploads\/2025\/12\/Fumot-Leopard-40000-Peachy-Mango-Pineapple.webp","datePublished":"2025-12-12T06:49:18+00:00","dateModified":"2025-12-12T07:25:39+00:00","description":"Zam\u00f3w Fumot Leopard 40000 Peachy Mango Pineapple. Tropikalna eksplozja z 40 tysi\u0105cami zaci\u0105gni\u0119\u0107. Podw\u00f3jna cewka siatkowa i pojemno\u015b\u0107 20 ml.","breadcrumb":{"@id":"https:\/\/vozolvapen.de\/product\/fumot-leopard-40000-peachy-mango-pineapple\/#breadcrumb"},"inLanguage":"pl-PL","potentialAction":[{"@type":"ReadAction","target":["https:\/\/vozolvapen.de\/product\/fumot-leopard-40000-peachy-mango-pineapple\/"]}]},{"@type":"ImageObject","inLanguage":"pl-PL","@id":"https:\/\/vozolvapen.de\/product\/fumot-leopard-40000-peachy-mango-pineapple\/#primaryimage","url":"https:\/\/vozolvapen.de\/wp-content\/uploads\/2025\/12\/Fumot-Leopard-40000-Peachy-Mango-Pineapple.webp","contentUrl":"https:\/\/vozolvapen.de\/wp-content\/uploads\/2025\/12\/Fumot-Leopard-40000-Peachy-Mango-Pineapple.webp","width":1200,"height":1200,"caption":"Fumot Leopard 40000 - Peachy Mango Pineapple"},{"@type":"BreadcrumbList","@id":"https:\/\/vozolvapen.de\/product\/fumot-leopard-40000-peachy-mango-pineapple\/#breadcrumb","itemListElement":[{"@type":"ListItem","position":1,"name":"Home","item":"https:\/\/vozolvapen.de\/de\/"},{"@type":"ListItem","position":2,"name":"Shop","item":"https:\/\/vozolvapen.de\/shop\/"},{"@type":"ListItem","position":3,"name":"Fumot Leopard 40000 &#8211; Peachy Mango Pineapple"}]},{"@type":"WebSite","@id":"https:\/\/vozolvapen.de\/#website","url":"https:\/\/vozolvapen.de\/","name":"vozolvapen","description":"vozolvapen","publisher":{"@id":"https:\/\/vozolvapen.de\/#organization"},"potentialAction":[{"@type":"SearchAction","target":{"@type":"EntryPoint","urlTemplate":"https:\/\/vozolvapen.de\/?s={search_term_string}"},"query-input":{"@type":"PropertyValueSpecification","valueRequired":true,"valueName":"search_term_string"}}],"inLanguage":"pl-PL"},{"@type":"Organization","@id":"https:\/\/vozolvapen.de\/#organization","name":"vozolvapen","url":"https:\/\/vozolvapen.de\/","logo":{"@type":"ImageObject","inLanguage":"pl-PL","@id":"https:\/\/vozolvapen.de\/#\/schema\/logo\/image\/","url":"https:\/\/vozolvapen.de\/wp-content\/uploads\/2025\/12\/cropped-vozovapen-logo.webp","contentUrl":"https:\/\/vozolvapen.de\/wp-content\/uploads\/2025\/12\/cropped-vozovapen-logo.webp","width":470,"height":110,"caption":"vozolvapen"},"image":{"@id":"https:\/\/vozolvapen.de\/#\/schema\/logo\/image\/"}}]}},"tiered_pricing_type":"fixed","tiered_pricing_fixed_rules":{"30":"14.4","50":"11.4","100":"10.4","200":"9.4"},"tiered_pricing_product_settings":{"layout":"default","base_unit_name":{"singular":null,"plural":null},"default_variation":null},"tiered_pricing_minimum_quantity":10,"tiered_pricing_roles_data":[],"tiered_pricing_percentage_rules":[],"tiered_pricing_maximum_quantity":null,"tiered_pricing_quantity_step":"10","_links":{"self":[{"href":"http:\/\/vozolvapen.de\/pl\/wp-json\/wp\/v2\/product\/23716","targetHints":{"allow":["GET"]}}],"collection":[{"href":"http:\/\/vozolvapen.de\/pl\/wp-json\/wp\/v2\/product"}],"about":[{"href":"http:\/\/vozolvapen.de\/pl\/wp-json\/wp\/v2\/types\/product"}],"replies":[{"embeddable":true,"href":"http:\/\/vozolvapen.de\/pl\/wp-json\/wp\/v2\/comments?post=23716"}],"wp:featuredmedia":[{"embeddable":true,"href":"http:\/\/vozolvapen.de\/pl\/wp-json\/wp\/v2\/media\/23884"}],"wp:attachment":[{"href":"http:\/\/vozolvapen.de\/pl\/wp-json\/wp\/v2\/media?parent=23716"}],"wp:term":[{"taxonomy":"product_brand","embeddable":true,"href":"http:\/\/vozolvapen.de\/pl\/wp-json\/wp\/v2\/product_brand?post=23716"},{"taxonomy":"product_cat","embeddable":true,"href":"http:\/\/vozolvapen.de\/pl\/wp-json\/wp\/v2\/product_cat?post=23716"},{"taxonomy":"product_tag","embeddable":true,"href":"http:\/\/vozolvapen.de\/pl\/wp-json\/wp\/v2\/product_tag?post=23716"}],"curies":[{"name":"wp","href":"https:\/\/api.w.org\/{rel}","templated":true}]}}