{"id":23786,"date":"2025-12-12T06:49:22","date_gmt":"2025-12-12T06:49:22","guid":{"rendered":"https:\/\/vozolvapen.de\/?post_type=product&#038;p=23786"},"modified":"2025-12-12T07:25:53","modified_gmt":"2025-12-12T07:25:53","slug":"fumot-leopard-40000-blueberry-cherry-cranberry","status":"publish","type":"product","link":"http:\/\/vozolvapen.de\/pl\/product\/fumot-leopard-40000-blueberry-cherry-cranberry\/","title":{"rendered":"Fumot Leopard 40000 - Blueberry Cherry Cranberry"},"content":{"rendered":"<h1 data-path-to-node=\"125\"><b>Fumot Leopard 40000 Puff - Jagoda Wi\u015bnia \u017burawina<\/b><\/h1>\n<p data-path-to-node=\"126\"><b>Opis produktu:<\/b> Do\u015bwiadcz wyrafinowanej mieszanki <b>Fumot Leopard 40000<\/b> Blueberry Cherry Cranberry. Ta potr\u00f3jna mieszanka jag\u00f3d r\u00f3wnowa\u017cy s\u0142odycz jag\u00f3d, bogactwo wi\u015bni i cierpko\u015b\u0107 \u017curawiny. Jest to z\u0142o\u017cona i satysfakcjonuj\u0105ca mieszanka.<\/p>\n<p data-path-to-node=\"127\">The <b>fumot vape<\/b> Technologia zapewnia, \u017ce te r\u00f3\u017cne smaki nie zostan\u0105 zmieszane. Z <b>Do 40000 zaci\u0105gni\u0119\u0107<\/b> i pojemno\u015bci 20 ml <b>Fumot Leopard 40000<\/b> oferuje najwy\u017cszej jako\u015bci, d\u0142ugotrwa\u0142e doznania dla entuzjast\u00f3w jag\u00f3d.<\/p>\n<h2 data-path-to-node=\"128\"><b>Kluczowe specyfikacje<\/b><\/h2>\n<ul>\n<li data-path-to-node=\"129,0,0\"><b>Model:<\/b> <b>Fumot Leopard 40000<\/b><\/li>\n<li data-path-to-node=\"129,1,0\"><b>Profil smakowy:<\/b> Jagoda, wi\u015bnia, \u017curawina<\/li>\n<li data-path-to-node=\"129,2,0\"><b>Liczba zaci\u0105gni\u0119\u0107:<\/b> <b>Fumot 40k<\/b><\/li>\n<li data-path-to-node=\"129,3,0\"><b>E-Liquid:<\/b> 20ML<\/li>\n<li data-path-to-node=\"129,4,0\"><b>Wy\u015bwietlacz:<\/b> Cyfrowa lampa olejowa i zasilanie<\/li>\n<li data-path-to-node=\"129,5,0\"><b>Wysy\u0142ka:<\/b> Dostawa w ci\u0105gu 1-3 dni<\/li>\n<\/ul>\n<h3>Przewodnik po smakach Fumot Leopard 40000 - Jagoda Wi\u015bnia \u017burawina<\/h3>\n<table data-path-to-node=\"50\">\n<thead>\n<tr>\n<td><strong>Metryka smaku<\/strong><\/td>\n<td><strong>Ocena gwiazdkowa<\/strong><\/td>\n<td><strong>Opis<\/strong><\/td>\n<\/tr>\n<\/thead>\n<tbody>\n<tr>\n<td><span data-path-to-node=\"50,1,0,0\"><b>S\u0142odycz<\/b><\/span><\/td>\n<td><span data-path-to-node=\"50,1,1,0\">\u2605\u2605\u2605\u2606\u2606<\/span><\/td>\n<td><span data-path-to-node=\"50,1,2,0\">Umiarkowana s\u0142odycz, doskonale zr\u00f3wnowa\u017cona naturaln\u0105 cierpko\u015bci\u0105 \u017curawiny.<\/span><\/td>\n<\/tr>\n<tr>\n<td><span data-path-to-node=\"50,2,0,0\"><b>L\u00f3d\/ch\u0142odzenie<\/b><\/span><\/td>\n<td><span data-path-to-node=\"50,2,1,0\">\u2605\u2606\u2606\u2606\u2606<\/span><\/td>\n<td><span data-path-to-node=\"50,2,2,0\">Brak uczucia mentolu lub lodu (bez ch\u0142odzenia).<\/span><\/td>\n<\/tr>\n<tr>\n<td><span data-path-to-node=\"50,3,0,0\"><b>Intensywno\u015b\u0107 smaku<\/b><\/span><\/td>\n<td><span data-path-to-node=\"50,3,1,0\">\u2605\u2605\u2605\u2605\u2605<\/span><\/td>\n<td><span data-path-to-node=\"50,3,2,0\">Niezwykle wysoka, wyrafinowana intensywno\u015b\u0107, podkre\u015blaj\u0105ca z\u0142o\u017con\u0105 mieszank\u0119 trzech r\u00f3\u017cnych owoc\u00f3w.<\/span><\/td>\n<\/tr>\n<tr>\n<td><span data-path-to-node=\"50,4,0,0\"><b>Podsumowanie profilu<\/b><\/span><\/td>\n<td><\/td>\n<td><span data-path-to-node=\"50,4,2,0\">Wyrafinowany, g\u0142\u0119boki profil smakowy r\u00f3wnowa\u017c\u0105cy cierpko\u015b\u0107 \u017curawiny ze s\u0142odycz\u0105 bor\u00f3wki i bogactwem wi\u015bni. Non-icy.<\/span><\/td>\n<\/tr>\n<\/tbody>\n<\/table>\n<h3 dir=\"auto\">Oto dalsze zalecenia dla Ciebie:<\/h3>\n<p dir=\"auto\">Odkryj jeszcze wi\u0119cej niesamowitych smak\u00f3w dzi\u0119ki Fumot Leopard 40000 Puff Vape!<\/p>\n<p dir=\"auto\"><a href=\"https:\/\/vozolvapen.de\/pl\/product-category\/fumot-vape\/fumot-leopard-40000-puffs\/\" target=\"_blank\" rel=\"noopener noreferrer nofollow\">Zobacz wszystkie odmiany tutaj \u2192<\/a><\/p>\n<p dir=\"auto\">Zapoznaj si\u0119 z nasz\u0105 pe\u0142n\u0105 kolekcj\u0105 i kupuj produkty najlepszych marek vape, kt\u00f3re pokochasz.<\/p>\n<p dir=\"auto\"><a href=\"https:\/\/vozolvapen.de\/pl\/product-category\/fumot-vape\/\" target=\"_blank\" rel=\"noopener noreferrer nofollow\">Przegl\u0105daj teraz wszystkie marki \u2192<\/a><\/p>\n<p dir=\"auto\">Sprawd\u017a ca\u0142\u0105 seri\u0119 Fumot Vape - ka\u017cdy smak, ka\u017cdy styl!<\/p>\n<p dir=\"auto\"><a href=\"https:\/\/vozolvapen.de\/pl\/product-category\/fumot-vape\/\" target=\"_blank\" rel=\"noopener noreferrer nofollow\">Zobacz pe\u0142n\u0105 kolekcj\u0119 Fumot Vape \u2192<\/a><\/p>","protected":false},"excerpt":{"rendered":"<p>Wyrafinowana, nie pikantna mieszanka, kt\u00f3ra r\u00f3wnowa\u017cy g\u0142\u0119bokie nuty wi\u015bni, s\u0142odkiej bor\u00f3wki i ostrej \u017curawiny. Wielowarstwowy profil owocowy.<\/p>","protected":false},"featured_media":23892,"comment_status":"open","ping_status":"closed","template":"","meta":{"_acf_changed":false},"product_brand":[],"product_cat":[75],"product_tag":[],"class_list":{"0":"post-23786","1":"product","2":"type-product","3":"status-publish","4":"has-post-thumbnail","6":"product_cat-fumot-leopard-40000-puffs","8":"first","9":"instock","10":"shipping-taxable","11":"purchasable","12":"product-type-variable"},"acf":[],"yoast_head":"<!-- This site is optimized with the Yoast SEO Premium plugin v26.1 (Yoast SEO v27.5) - https:\/\/yoast.com\/product\/yoast-seo-premium-wordpress\/ -->\n<title>Fumot Leopard 40000 Blueberry Cherry Cranberry | Fumot Vape - vozolvapen<\/title>\n<meta name=\"description\" content=\"Buy Fumot Leopard 40000 Blueberry Cherry Cranberry. A triple berry mix with fumot 40k puffs. 20ML fumot liquid and RGB light.\" \/>\n<meta name=\"robots\" content=\"index, follow, max-snippet:-1, max-image-preview:large, max-video-preview:-1\" \/>\n<link rel=\"canonical\" href=\"https:\/\/vozolvapen.de\/pl\/product\/fumot-leopard-40000-blueberry-cherry-cranberry\/\" \/>\n<meta property=\"og:locale\" content=\"pl_PL\" \/>\n<meta property=\"og:type\" content=\"article\" \/>\n<meta property=\"og:title\" content=\"Fumot Leopard 40000 - Blueberry Cherry Cranberry\" \/>\n<meta property=\"og:description\" content=\"Buy Fumot Leopard 40000 Blueberry Cherry Cranberry. A triple berry mix with fumot 40k puffs. 20ML fumot liquid and RGB light.\" \/>\n<meta property=\"og:url\" content=\"https:\/\/vozolvapen.de\/pl\/product\/fumot-leopard-40000-blueberry-cherry-cranberry\/\" \/>\n<meta property=\"og:site_name\" content=\"vozolvapen\" \/>\n<meta property=\"article:modified_time\" content=\"2025-12-12T07:25:53+00:00\" \/>\n<meta property=\"og:image\" content=\"https:\/\/vozolvapen.de\/wp-content\/uploads\/2025\/12\/Fumot-Leopard-40000-Blueberry-Cherry-Cranberry.webp\" \/>\n\t<meta property=\"og:image:width\" content=\"1200\" \/>\n\t<meta property=\"og:image:height\" content=\"1200\" \/>\n\t<meta property=\"og:image:type\" content=\"image\/webp\" \/>\n<meta name=\"twitter:card\" content=\"summary_large_image\" \/>\n<meta name=\"twitter:label1\" content=\"Szacowany czas czytania\" \/>\n\t<meta name=\"twitter:data1\" content=\"2 minuty\" \/>\n<script type=\"application\/ld+json\" class=\"yoast-schema-graph\">{\"@context\":\"https:\\\/\\\/schema.org\",\"@graph\":[{\"@type\":\"WebPage\",\"@id\":\"https:\\\/\\\/vozolvapen.de\\\/product\\\/fumot-leopard-40000-blueberry-cherry-cranberry\\\/\",\"url\":\"https:\\\/\\\/vozolvapen.de\\\/product\\\/fumot-leopard-40000-blueberry-cherry-cranberry\\\/\",\"name\":\"Fumot Leopard 40000 Blueberry Cherry Cranberry | Fumot Vape - vozolvapen\",\"isPartOf\":{\"@id\":\"https:\\\/\\\/vozolvapen.de\\\/#website\"},\"primaryImageOfPage\":{\"@id\":\"https:\\\/\\\/vozolvapen.de\\\/product\\\/fumot-leopard-40000-blueberry-cherry-cranberry\\\/#primaryimage\"},\"image\":{\"@id\":\"https:\\\/\\\/vozolvapen.de\\\/product\\\/fumot-leopard-40000-blueberry-cherry-cranberry\\\/#primaryimage\"},\"thumbnailUrl\":\"https:\\\/\\\/vozolvapen.de\\\/wp-content\\\/uploads\\\/2025\\\/12\\\/Fumot-Leopard-40000-Blueberry-Cherry-Cranberry.webp\",\"datePublished\":\"2025-12-12T06:49:22+00:00\",\"dateModified\":\"2025-12-12T07:25:53+00:00\",\"description\":\"Buy Fumot Leopard 40000 Blueberry Cherry Cranberry. A triple berry mix with fumot 40k puffs. 20ML fumot liquid and RGB light.\",\"breadcrumb\":{\"@id\":\"https:\\\/\\\/vozolvapen.de\\\/product\\\/fumot-leopard-40000-blueberry-cherry-cranberry\\\/#breadcrumb\"},\"inLanguage\":\"pl-PL\",\"potentialAction\":[{\"@type\":\"ReadAction\",\"target\":[\"https:\\\/\\\/vozolvapen.de\\\/product\\\/fumot-leopard-40000-blueberry-cherry-cranberry\\\/\"]}]},{\"@type\":\"ImageObject\",\"inLanguage\":\"pl-PL\",\"@id\":\"https:\\\/\\\/vozolvapen.de\\\/product\\\/fumot-leopard-40000-blueberry-cherry-cranberry\\\/#primaryimage\",\"url\":\"https:\\\/\\\/vozolvapen.de\\\/wp-content\\\/uploads\\\/2025\\\/12\\\/Fumot-Leopard-40000-Blueberry-Cherry-Cranberry.webp\",\"contentUrl\":\"https:\\\/\\\/vozolvapen.de\\\/wp-content\\\/uploads\\\/2025\\\/12\\\/Fumot-Leopard-40000-Blueberry-Cherry-Cranberry.webp\",\"width\":1200,\"height\":1200,\"caption\":\"Fumot Leopard 40000 - Blueberry Cherry Cranberry\"},{\"@type\":\"BreadcrumbList\",\"@id\":\"https:\\\/\\\/vozolvapen.de\\\/product\\\/fumot-leopard-40000-blueberry-cherry-cranberry\\\/#breadcrumb\",\"itemListElement\":[{\"@type\":\"ListItem\",\"position\":1,\"name\":\"Home\",\"item\":\"https:\\\/\\\/vozolvapen.de\\\/de\\\/\"},{\"@type\":\"ListItem\",\"position\":2,\"name\":\"Shop\",\"item\":\"https:\\\/\\\/vozolvapen.de\\\/shop\\\/\"},{\"@type\":\"ListItem\",\"position\":3,\"name\":\"Fumot Leopard 40000 &#8211; Blueberry Cherry Cranberry\"}]},{\"@type\":\"WebSite\",\"@id\":\"https:\\\/\\\/vozolvapen.de\\\/#website\",\"url\":\"https:\\\/\\\/vozolvapen.de\\\/\",\"name\":\"vozolvapen\",\"description\":\"vozolvapen\",\"publisher\":{\"@id\":\"https:\\\/\\\/vozolvapen.de\\\/#organization\"},\"potentialAction\":[{\"@type\":\"SearchAction\",\"target\":{\"@type\":\"EntryPoint\",\"urlTemplate\":\"https:\\\/\\\/vozolvapen.de\\\/?s={search_term_string}\"},\"query-input\":{\"@type\":\"PropertyValueSpecification\",\"valueRequired\":true,\"valueName\":\"search_term_string\"}}],\"inLanguage\":\"pl-PL\"},{\"@type\":\"Organization\",\"@id\":\"https:\\\/\\\/vozolvapen.de\\\/#organization\",\"name\":\"vozolvapen\",\"url\":\"https:\\\/\\\/vozolvapen.de\\\/\",\"logo\":{\"@type\":\"ImageObject\",\"inLanguage\":\"pl-PL\",\"@id\":\"https:\\\/\\\/vozolvapen.de\\\/#\\\/schema\\\/logo\\\/image\\\/\",\"url\":\"https:\\\/\\\/vozolvapen.de\\\/wp-content\\\/uploads\\\/2025\\\/12\\\/cropped-vozovapen-logo.webp\",\"contentUrl\":\"https:\\\/\\\/vozolvapen.de\\\/wp-content\\\/uploads\\\/2025\\\/12\\\/cropped-vozovapen-logo.webp\",\"width\":470,\"height\":110,\"caption\":\"vozolvapen\"},\"image\":{\"@id\":\"https:\\\/\\\/vozolvapen.de\\\/#\\\/schema\\\/logo\\\/image\\\/\"}}]}<\/script>\n<!-- \/ Yoast SEO Premium plugin. -->","yoast_head_json":{"title":"Fumot Leopard 40000 Blueberry Cherry Cranberry | Fumot Vape - vozolvapen","description":"Kup Fumot Leopard 40000 Blueberry Cherry Cranberry. Potr\u00f3jna mieszanka jag\u00f3d z puffami fumot 40k. 20 ml p\u0142ynu fumot i \u015bwiat\u0142o RGB.","robots":{"index":"index","follow":"follow","max-snippet":"max-snippet:-1","max-image-preview":"max-image-preview:large","max-video-preview":"max-video-preview:-1"},"canonical":"https:\/\/vozolvapen.de\/pl\/product\/fumot-leopard-40000-blueberry-cherry-cranberry\/","og_locale":"pl_PL","og_type":"article","og_title":"Fumot Leopard 40000 - Blueberry Cherry Cranberry","og_description":"Buy Fumot Leopard 40000 Blueberry Cherry Cranberry. A triple berry mix with fumot 40k puffs. 20ML fumot liquid and RGB light.","og_url":"https:\/\/vozolvapen.de\/pl\/product\/fumot-leopard-40000-blueberry-cherry-cranberry\/","og_site_name":"vozolvapen","article_modified_time":"2025-12-12T07:25:53+00:00","og_image":[{"width":1200,"height":1200,"url":"https:\/\/vozolvapen.de\/wp-content\/uploads\/2025\/12\/Fumot-Leopard-40000-Blueberry-Cherry-Cranberry.webp","type":"image\/webp"}],"twitter_card":"summary_large_image","twitter_misc":{"Szacowany czas czytania":"2 minuty"},"schema":{"@context":"https:\/\/schema.org","@graph":[{"@type":"WebPage","@id":"https:\/\/vozolvapen.de\/product\/fumot-leopard-40000-blueberry-cherry-cranberry\/","url":"https:\/\/vozolvapen.de\/product\/fumot-leopard-40000-blueberry-cherry-cranberry\/","name":"Fumot Leopard 40000 Blueberry Cherry Cranberry | Fumot Vape - vozolvapen","isPartOf":{"@id":"https:\/\/vozolvapen.de\/#website"},"primaryImageOfPage":{"@id":"https:\/\/vozolvapen.de\/product\/fumot-leopard-40000-blueberry-cherry-cranberry\/#primaryimage"},"image":{"@id":"https:\/\/vozolvapen.de\/product\/fumot-leopard-40000-blueberry-cherry-cranberry\/#primaryimage"},"thumbnailUrl":"https:\/\/vozolvapen.de\/wp-content\/uploads\/2025\/12\/Fumot-Leopard-40000-Blueberry-Cherry-Cranberry.webp","datePublished":"2025-12-12T06:49:22+00:00","dateModified":"2025-12-12T07:25:53+00:00","description":"Kup Fumot Leopard 40000 Blueberry Cherry Cranberry. Potr\u00f3jna mieszanka jag\u00f3d z puffami fumot 40k. 20 ml p\u0142ynu fumot i \u015bwiat\u0142o RGB.","breadcrumb":{"@id":"https:\/\/vozolvapen.de\/product\/fumot-leopard-40000-blueberry-cherry-cranberry\/#breadcrumb"},"inLanguage":"pl-PL","potentialAction":[{"@type":"ReadAction","target":["https:\/\/vozolvapen.de\/product\/fumot-leopard-40000-blueberry-cherry-cranberry\/"]}]},{"@type":"ImageObject","inLanguage":"pl-PL","@id":"https:\/\/vozolvapen.de\/product\/fumot-leopard-40000-blueberry-cherry-cranberry\/#primaryimage","url":"https:\/\/vozolvapen.de\/wp-content\/uploads\/2025\/12\/Fumot-Leopard-40000-Blueberry-Cherry-Cranberry.webp","contentUrl":"https:\/\/vozolvapen.de\/wp-content\/uploads\/2025\/12\/Fumot-Leopard-40000-Blueberry-Cherry-Cranberry.webp","width":1200,"height":1200,"caption":"Fumot Leopard 40000 - Blueberry Cherry Cranberry"},{"@type":"BreadcrumbList","@id":"https:\/\/vozolvapen.de\/product\/fumot-leopard-40000-blueberry-cherry-cranberry\/#breadcrumb","itemListElement":[{"@type":"ListItem","position":1,"name":"Home","item":"https:\/\/vozolvapen.de\/de\/"},{"@type":"ListItem","position":2,"name":"Shop","item":"https:\/\/vozolvapen.de\/shop\/"},{"@type":"ListItem","position":3,"name":"Fumot Leopard 40000 &#8211; Blueberry Cherry Cranberry"}]},{"@type":"WebSite","@id":"https:\/\/vozolvapen.de\/#website","url":"https:\/\/vozolvapen.de\/","name":"vozolvapen","description":"vozolvapen","publisher":{"@id":"https:\/\/vozolvapen.de\/#organization"},"potentialAction":[{"@type":"SearchAction","target":{"@type":"EntryPoint","urlTemplate":"https:\/\/vozolvapen.de\/?s={search_term_string}"},"query-input":{"@type":"PropertyValueSpecification","valueRequired":true,"valueName":"search_term_string"}}],"inLanguage":"pl-PL"},{"@type":"Organization","@id":"https:\/\/vozolvapen.de\/#organization","name":"vozolvapen","url":"https:\/\/vozolvapen.de\/","logo":{"@type":"ImageObject","inLanguage":"pl-PL","@id":"https:\/\/vozolvapen.de\/#\/schema\/logo\/image\/","url":"https:\/\/vozolvapen.de\/wp-content\/uploads\/2025\/12\/cropped-vozovapen-logo.webp","contentUrl":"https:\/\/vozolvapen.de\/wp-content\/uploads\/2025\/12\/cropped-vozovapen-logo.webp","width":470,"height":110,"caption":"vozolvapen"},"image":{"@id":"https:\/\/vozolvapen.de\/#\/schema\/logo\/image\/"}}]}},"tiered_pricing_type":"fixed","tiered_pricing_fixed_rules":{"30":"14.4","50":"11.4","100":"10.4","200":"9.4"},"tiered_pricing_product_settings":{"layout":"default","base_unit_name":{"singular":null,"plural":null},"default_variation":null},"tiered_pricing_minimum_quantity":10,"tiered_pricing_roles_data":[],"tiered_pricing_percentage_rules":[],"tiered_pricing_maximum_quantity":null,"tiered_pricing_quantity_step":"10","_links":{"self":[{"href":"http:\/\/vozolvapen.de\/pl\/wp-json\/wp\/v2\/product\/23786","targetHints":{"allow":["GET"]}}],"collection":[{"href":"http:\/\/vozolvapen.de\/pl\/wp-json\/wp\/v2\/product"}],"about":[{"href":"http:\/\/vozolvapen.de\/pl\/wp-json\/wp\/v2\/types\/product"}],"replies":[{"embeddable":true,"href":"http:\/\/vozolvapen.de\/pl\/wp-json\/wp\/v2\/comments?post=23786"}],"wp:featuredmedia":[{"embeddable":true,"href":"http:\/\/vozolvapen.de\/pl\/wp-json\/wp\/v2\/media\/23892"}],"wp:attachment":[{"href":"http:\/\/vozolvapen.de\/pl\/wp-json\/wp\/v2\/media?parent=23786"}],"wp:term":[{"taxonomy":"product_brand","embeddable":true,"href":"http:\/\/vozolvapen.de\/pl\/wp-json\/wp\/v2\/product_brand?post=23786"},{"taxonomy":"product_cat","embeddable":true,"href":"http:\/\/vozolvapen.de\/pl\/wp-json\/wp\/v2\/product_cat?post=23786"},{"taxonomy":"product_tag","embeddable":true,"href":"http:\/\/vozolvapen.de\/pl\/wp-json\/wp\/v2\/product_tag?post=23786"}],"curies":[{"name":"wp","href":"https:\/\/api.w.org\/{rel}","templated":true}]}}