{"id":24282,"date":"2025-12-12T08:14:19","date_gmt":"2025-12-12T08:14:19","guid":{"rendered":"https:\/\/vozolvapen.de\/?post_type=product&#038;p=24282"},"modified":"2025-12-12T08:59:44","modified_gmt":"2025-12-12T08:59:44","slug":"jnr-rage-grilla-55000-double-apple","status":"publish","type":"product","link":"http:\/\/vozolvapen.de\/pl\/product\/jnr-rage-grilla-55000-double-apple\/","title":{"rendered":"JNR Rage Grilla 55000 - Podw\u00f3jne jab\u0142ko"},"content":{"rendered":"<h1>Jnr Vape JNR Rage Grilla 55000 - Podw\u00f3jne jab\u0142ko<\/h1>\n<p><span data-path-to-node=\"29,3,1,0\">Do\u015bwiadcz ponadczasowego aromatu <b>JNR Rage Grilla 55000<\/b> Double Apple. Ten wyrafinowany smak \u0142\u0105czy w sobie chrupko\u015b\u0107 i cierpko\u015b\u0107 zielonych jab\u0142ek ze s\u0142odkim, \u0142agodnym smakiem czerwonych jab\u0142ek, przypominaj\u0105c klasyczn\u0105 shish\u0119. Smak <b>JNR Vape<\/b> Podw\u00f3jna cewka siatkowa zwi\u0119ksza walory aromatyczne tego tytoniu. Sprawd\u017a <b>puff jnr 55k<\/b> status z wygodnym wy\u015bwietlaczem Smart Screen<\/span><\/p>\n<h2 data-path-to-node=\"2\">\ud83d\udccb <b>JNR Rage Grilla 55000<\/b> Specyfikacja techniczna<\/h2>\n<table data-path-to-node=\"30\">\n<thead>\n<tr>\n<td><strong>Parametr<\/strong><\/td>\n<td><strong>Specyfikacja<\/strong><\/td>\n<\/tr>\n<\/thead>\n<tbody>\n<tr>\n<td><span data-path-to-node=\"30,1,0,0\"><b>Nazwa modelu<\/b><\/span><\/td>\n<td><span data-path-to-node=\"30,1,1,0\"><b>JNR Rage Grilla 55000<\/b><\/span><\/td>\n<\/tr>\n<tr>\n<td><span data-path-to-node=\"30,2,0,0\"><b>Nazwa smaku<\/b><\/span><\/td>\n<td><span data-path-to-node=\"30,2,1,0\">Podw\u00f3jne jab\u0142ko<\/span><\/td>\n<\/tr>\n<tr>\n<td><span data-path-to-node=\"30,3,0,0\"><b>Marka<\/b><\/span><\/td>\n<td><span data-path-to-node=\"30,3,1,0\"><b>JNR Vape<\/b><\/span><\/td>\n<\/tr>\n<tr>\n<td><span data-path-to-node=\"30,4,0,0\"><b>Puff Count<\/b><\/span><\/td>\n<td><span data-path-to-node=\"30,4,1,0\">UP do <b>55000 Puff\u00f3w<\/b> (<b>JNR 55k<\/b>)<\/span><\/td>\n<\/tr>\n<tr>\n<td><span data-path-to-node=\"30,5,0,0\"><b>Pojemno\u015b\u0107 E-Liquid<\/b><\/span><\/td>\n<td><span data-path-to-node=\"30,5,1,0\">Wst\u0119pnie nape\u0142niony 30 ml<\/span><\/td>\n<\/tr>\n<tr>\n<td><span data-path-to-node=\"30,6,0,0\"><b>Pojemno\u015b\u0107 akumulatora<\/b><\/span><\/td>\n<td><span data-path-to-node=\"30,6,1,0\">950 mAh (akumulator)<\/span><\/td>\n<\/tr>\n<tr>\n<td><span data-path-to-node=\"30,7,0,0\"><b>Typ cewki<\/b><\/span><\/td>\n<td><span data-path-to-node=\"30,7,1,0\">Cewka z podw\u00f3jn\u0105 siatk\u0105<\/span><\/td>\n<\/tr>\n<tr>\n<td><span data-path-to-node=\"30,8,0,0\"><b>Si\u0142a nikotyny<\/b><\/span><\/td>\n<td><span data-path-to-node=\"30,8,1,0\">2% \/ 5% Opcje<\/span><\/td>\n<\/tr>\n<tr>\n<td><span data-path-to-node=\"30,9,0,0\"><b>Wy\u015bwietlacz<\/b><\/span><\/td>\n<td><span data-path-to-node=\"30,9,1,0\">Inteligentny ekran (wska\u017anik baterii i e-cieczy)<\/span><\/td>\n<\/tr>\n<tr>\n<td><span data-path-to-node=\"30,10,0,0\"><b>\u0141adowanie<\/b><\/span><\/td>\n<td><span data-path-to-node=\"30,10,1,0\">Szybkie \u0142adowanie typu C<\/span><\/td>\n<\/tr>\n<tr>\n<td><\/td>\n<td><\/td>\n<\/tr>\n<\/tbody>\n<\/table>\n<h2>Dlaczego warto wybra\u0107 ten smak?<\/h2>\n<p><b>Podw\u00f3jne jab\u0142ko<\/b> oferuje klasyczne, aromatyczne doznania przypominaj\u0105ce tradycyjn\u0105 shish\u0119. Doskonale \u0142\u0105czy chrupi\u0105c\u0105 cierpko\u015b\u0107 zielonego jab\u0142ka ze s\u0142odk\u0105 s\u0142odycz\u0105 czerwonego jab\u0142ka, zapewniaj\u0105c bogaty, pozbawiony kwaskowato\u015bci i charakterystyczny smak.<\/p>\n<h3>Dla kogo to jest?<\/h3>\n<p>Idealny dla <b>Tradycjonali\u015bci i aromatyczni vaperzy<\/b> kt\u00f3rzy lubi\u0105 g\u0142\u0119bokie, ziemiste nuty owocowe i z\u0142o\u017cone profile, kt\u00f3rych zwykle nie mo\u017cna znale\u017a\u0107 w jednorazowych waporyzatorach.<\/p>\n<h3>\u2b50\ufe0f <b>JNR Rage Grilla 55000<\/b> Przewodnik po smakach - Podw\u00f3jne jab\u0142ko<\/h3>\n<table data-path-to-node=\"29\">\n<thead>\n<tr>\n<td><strong>Metryczny<\/strong><\/td>\n<td><strong>Ocena gwiazdkowa<\/strong><\/td>\n<td><strong>Opis profilu<\/strong><\/td>\n<\/tr>\n<\/thead>\n<tbody>\n<tr>\n<td><span data-path-to-node=\"29,1,0,0\"><b>S\u0142odycz<\/b><\/span><\/td>\n<td><span data-path-to-node=\"29,1,1,0\">\u2605\u2605\u2605\u2606\u2606<\/span><\/td>\n<td><span data-path-to-node=\"29,1,2,0\">Umiarkowana s\u0142odycz, zr\u00f3wnowa\u017cona cierpkim sk\u0142adnikiem zielonego jab\u0142ka.<\/span><\/td>\n<\/tr>\n<tr>\n<td><span data-path-to-node=\"29,2,0,0\"><b>L\u00f3d\/ch\u0142odzenie<\/b><\/span><\/td>\n<td><span data-path-to-node=\"29,2,1,0\">\u2605\u2606\u2606\u2606\u2606<\/span><\/td>\n<td><span data-path-to-node=\"29,2,2,0\">Brak uczucia mentolu lub lodu (bez ch\u0142odzenia).<\/span><\/td>\n<\/tr>\n<tr>\n<td><span data-path-to-node=\"29,3,0,0\"><b>Intensywno\u015b\u0107 smaku<\/b><\/span><\/td>\n<td><span data-path-to-node=\"29,3,1,0\">\u2605\u2605\u2605\u2605\u2605<\/span><\/td>\n<td><span data-path-to-node=\"29,3,2,0\">Niezwykle wysoka i aromatyczna intensywno\u015b\u0107; bogata, g\u0142\u0119boka i wyra\u017ana.<\/span><\/td>\n<\/tr>\n<tr>\n<td><span data-path-to-node=\"29,4,0,0\"><b>Uwagi smakowe<\/b><\/span><\/td>\n<td><\/td>\n<td><span data-path-to-node=\"29,4,2,0\">Klasyczna mieszanka s\u0142odkiego czerwonego jab\u0142ka i chrupi\u0105cego, cierpkiego zielonego jab\u0142ka.<\/span><\/td>\n<\/tr>\n<\/tbody>\n<\/table>\n<h3 data-path-to-node=\"54\">Oto dalsze zalecenia dla Ciebie:<\/h3>\n<p dir=\"auto\">Odkryj jeszcze wi\u0119cej niesamowitych smak\u00f3w dzi\u0119ki JNR Rage Grilla 55000 Puff Vape!<\/p>\n<p dir=\"auto\"><a href=\"https:\/\/vozolvapen.de\/pl\/product-category\/jnr-vape\/jnr-rage-grilla-55000-puff-vape\/\" target=\"_blank\" rel=\"noopener noreferrer nofollow\">Zobacz wszystkie odmiany tutaj \u2192<\/a><\/p>\n<p dir=\"auto\">Zapoznaj si\u0119 z nasz\u0105 pe\u0142n\u0105 kolekcj\u0105 i kupuj produkty najlepszych marek vape, kt\u00f3re pokochasz.<\/p>\n<p dir=\"auto\"><a href=\"https:\/\/vozolvapen.de\/pl\/\" target=\"_blank\" rel=\"noopener noreferrer nofollow\">Przegl\u0105daj teraz wszystkie marki \u2192<\/a><\/p>\n<p dir=\"auto\">Sprawd\u017a ca\u0142\u0105 seri\u0119 JNR Vape - ka\u017cdy smak, ka\u017cdy styl!<\/p>\n<p dir=\"auto\"><a href=\"https:\/\/vozolvapen.de\/pl\/product-category\/jnr-vape\/\" target=\"_blank\" rel=\"noopener noreferrer nofollow\">Zobacz pe\u0142n\u0105 kolekcj\u0119 JNR Vape \u2192<\/a><\/p>","protected":false},"excerpt":{"rendered":"<p>Aromatyczny klasyk. Chrupi\u0105ce zielone jab\u0142ko zmieszane ze s\u0142odkim czerwonym jab\u0142kiem zapewnia bogaty, tradycyjny smak shishy.<\/p>","protected":false},"featured_media":24819,"comment_status":"open","ping_status":"closed","template":"","meta":{"_acf_changed":false},"product_brand":[],"product_cat":[76],"product_tag":[],"class_list":{"0":"post-24282","1":"product","2":"type-product","3":"status-publish","4":"has-post-thumbnail","6":"product_cat-jnr-rage-grilla-55000-puff-vape","8":"first","9":"instock","10":"shipping-taxable","11":"purchasable","12":"product-type-variable"},"acf":[],"yoast_head":"<!-- This site is optimized with the Yoast SEO Premium plugin v26.1 (Yoast SEO v27.5) - https:\/\/yoast.com\/product\/yoast-seo-premium-wordpress\/ -->\n<title>JNR Rage Grilla 55000 Double Apple | Classic Shisha JNR Vape - vozolvapen<\/title>\n<meta name=\"description\" content=\"JNR Rage Grilla 55000 Double Apple flavor. Aromatic blend of sweet red and tart green apples. Enjoy 55000 puffs with the powerful JNR Rage Grilla.\" \/>\n<meta name=\"robots\" content=\"index, follow, max-snippet:-1, max-image-preview:large, max-video-preview:-1\" \/>\n<link rel=\"canonical\" href=\"https:\/\/vozolvapen.de\/pl\/product\/jnr-rage-grilla-55000-double-apple\/\" \/>\n<meta property=\"og:locale\" content=\"pl_PL\" \/>\n<meta property=\"og:type\" content=\"article\" \/>\n<meta property=\"og:title\" content=\"JNR Rage Grilla 55000 - Double Apple\" \/>\n<meta property=\"og:description\" content=\"JNR Rage Grilla 55000 Double Apple flavor. Aromatic blend of sweet red and tart green apples. Enjoy 55000 puffs with the powerful JNR Rage Grilla.\" \/>\n<meta property=\"og:url\" content=\"https:\/\/vozolvapen.de\/pl\/product\/jnr-rage-grilla-55000-double-apple\/\" \/>\n<meta property=\"og:site_name\" content=\"vozolvapen\" \/>\n<meta property=\"article:modified_time\" content=\"2025-12-12T08:59:44+00:00\" \/>\n<meta property=\"og:image\" content=\"https:\/\/vozolvapen.de\/wp-content\/uploads\/2025\/12\/JNR-Rage-Grilla-55000-Double-Apple-.webp\" \/>\n\t<meta property=\"og:image:width\" content=\"800\" \/>\n\t<meta property=\"og:image:height\" content=\"800\" \/>\n\t<meta property=\"og:image:type\" content=\"image\/webp\" \/>\n<meta name=\"twitter:card\" content=\"summary_large_image\" \/>\n<meta name=\"twitter:label1\" content=\"Szacowany czas czytania\" \/>\n\t<meta name=\"twitter:data1\" content=\"2 minuty\" \/>\n<script type=\"application\/ld+json\" class=\"yoast-schema-graph\">{\"@context\":\"https:\\\/\\\/schema.org\",\"@graph\":[{\"@type\":\"WebPage\",\"@id\":\"https:\\\/\\\/vozolvapen.de\\\/product\\\/jnr-rage-grilla-55000-double-apple\\\/\",\"url\":\"https:\\\/\\\/vozolvapen.de\\\/product\\\/jnr-rage-grilla-55000-double-apple\\\/\",\"name\":\"JNR Rage Grilla 55000 Double Apple | Classic Shisha JNR Vape - vozolvapen\",\"isPartOf\":{\"@id\":\"https:\\\/\\\/vozolvapen.de\\\/#website\"},\"primaryImageOfPage\":{\"@id\":\"https:\\\/\\\/vozolvapen.de\\\/product\\\/jnr-rage-grilla-55000-double-apple\\\/#primaryimage\"},\"image\":{\"@id\":\"https:\\\/\\\/vozolvapen.de\\\/product\\\/jnr-rage-grilla-55000-double-apple\\\/#primaryimage\"},\"thumbnailUrl\":\"https:\\\/\\\/vozolvapen.de\\\/wp-content\\\/uploads\\\/2025\\\/12\\\/JNR-Rage-Grilla-55000-Double-Apple-.webp\",\"datePublished\":\"2025-12-12T08:14:19+00:00\",\"dateModified\":\"2025-12-12T08:59:44+00:00\",\"description\":\"JNR Rage Grilla 55000 Double Apple flavor. Aromatic blend of sweet red and tart green apples. Enjoy 55000 puffs with the powerful JNR Rage Grilla.\",\"breadcrumb\":{\"@id\":\"https:\\\/\\\/vozolvapen.de\\\/product\\\/jnr-rage-grilla-55000-double-apple\\\/#breadcrumb\"},\"inLanguage\":\"pl-PL\",\"potentialAction\":[{\"@type\":\"ReadAction\",\"target\":[\"https:\\\/\\\/vozolvapen.de\\\/product\\\/jnr-rage-grilla-55000-double-apple\\\/\"]}]},{\"@type\":\"ImageObject\",\"inLanguage\":\"pl-PL\",\"@id\":\"https:\\\/\\\/vozolvapen.de\\\/product\\\/jnr-rage-grilla-55000-double-apple\\\/#primaryimage\",\"url\":\"https:\\\/\\\/vozolvapen.de\\\/wp-content\\\/uploads\\\/2025\\\/12\\\/JNR-Rage-Grilla-55000-Double-Apple-.webp\",\"contentUrl\":\"https:\\\/\\\/vozolvapen.de\\\/wp-content\\\/uploads\\\/2025\\\/12\\\/JNR-Rage-Grilla-55000-Double-Apple-.webp\",\"width\":800,\"height\":800,\"caption\":\"JNR Rage Grilla 55000 - Double Apple\"},{\"@type\":\"BreadcrumbList\",\"@id\":\"https:\\\/\\\/vozolvapen.de\\\/product\\\/jnr-rage-grilla-55000-double-apple\\\/#breadcrumb\",\"itemListElement\":[{\"@type\":\"ListItem\",\"position\":1,\"name\":\"Home\",\"item\":\"https:\\\/\\\/vozolvapen.de\\\/de\\\/\"},{\"@type\":\"ListItem\",\"position\":2,\"name\":\"Shop\",\"item\":\"https:\\\/\\\/vozolvapen.de\\\/shop\\\/\"},{\"@type\":\"ListItem\",\"position\":3,\"name\":\"JNR Rage Grilla 55000 &#8211; Double Apple\"}]},{\"@type\":\"WebSite\",\"@id\":\"https:\\\/\\\/vozolvapen.de\\\/#website\",\"url\":\"https:\\\/\\\/vozolvapen.de\\\/\",\"name\":\"vozolvapen\",\"description\":\"vozolvapen\",\"publisher\":{\"@id\":\"https:\\\/\\\/vozolvapen.de\\\/#organization\"},\"potentialAction\":[{\"@type\":\"SearchAction\",\"target\":{\"@type\":\"EntryPoint\",\"urlTemplate\":\"https:\\\/\\\/vozolvapen.de\\\/?s={search_term_string}\"},\"query-input\":{\"@type\":\"PropertyValueSpecification\",\"valueRequired\":true,\"valueName\":\"search_term_string\"}}],\"inLanguage\":\"pl-PL\"},{\"@type\":\"Organization\",\"@id\":\"https:\\\/\\\/vozolvapen.de\\\/#organization\",\"name\":\"vozolvapen\",\"url\":\"https:\\\/\\\/vozolvapen.de\\\/\",\"logo\":{\"@type\":\"ImageObject\",\"inLanguage\":\"pl-PL\",\"@id\":\"https:\\\/\\\/vozolvapen.de\\\/#\\\/schema\\\/logo\\\/image\\\/\",\"url\":\"https:\\\/\\\/vozolvapen.de\\\/wp-content\\\/uploads\\\/2025\\\/12\\\/cropped-vozovapen-logo.webp\",\"contentUrl\":\"https:\\\/\\\/vozolvapen.de\\\/wp-content\\\/uploads\\\/2025\\\/12\\\/cropped-vozovapen-logo.webp\",\"width\":470,\"height\":110,\"caption\":\"vozolvapen\"},\"image\":{\"@id\":\"https:\\\/\\\/vozolvapen.de\\\/#\\\/schema\\\/logo\\\/image\\\/\"}}]}<\/script>\n<!-- \/ Yoast SEO Premium plugin. -->","yoast_head_json":{"title":"JNR Rage Grilla 55000 Double Apple | Klasyczna shisha JNR Vape - vozolvapen","description":"JNR Rage Grilla 55000 o smaku podw\u00f3jnego jab\u0142ka. Aromatyczna mieszanka s\u0142odkich czerwonych i cierpkich zielonych jab\u0142ek. Ciesz si\u0119 55000 zaci\u0105gni\u0119\u0107 dzi\u0119ki pot\u0119\u017cnej JNR Rage Grilla.","robots":{"index":"index","follow":"follow","max-snippet":"max-snippet:-1","max-image-preview":"max-image-preview:large","max-video-preview":"max-video-preview:-1"},"canonical":"https:\/\/vozolvapen.de\/pl\/product\/jnr-rage-grilla-55000-double-apple\/","og_locale":"pl_PL","og_type":"article","og_title":"JNR Rage Grilla 55000 - Double Apple","og_description":"JNR Rage Grilla 55000 Double Apple flavor. Aromatic blend of sweet red and tart green apples. Enjoy 55000 puffs with the powerful JNR Rage Grilla.","og_url":"https:\/\/vozolvapen.de\/pl\/product\/jnr-rage-grilla-55000-double-apple\/","og_site_name":"vozolvapen","article_modified_time":"2025-12-12T08:59:44+00:00","og_image":[{"width":800,"height":800,"url":"https:\/\/vozolvapen.de\/wp-content\/uploads\/2025\/12\/JNR-Rage-Grilla-55000-Double-Apple-.webp","type":"image\/webp"}],"twitter_card":"summary_large_image","twitter_misc":{"Szacowany czas czytania":"2 minuty"},"schema":{"@context":"https:\/\/schema.org","@graph":[{"@type":"WebPage","@id":"https:\/\/vozolvapen.de\/product\/jnr-rage-grilla-55000-double-apple\/","url":"https:\/\/vozolvapen.de\/product\/jnr-rage-grilla-55000-double-apple\/","name":"JNR Rage Grilla 55000 Double Apple | Klasyczna shisha JNR Vape - vozolvapen","isPartOf":{"@id":"https:\/\/vozolvapen.de\/#website"},"primaryImageOfPage":{"@id":"https:\/\/vozolvapen.de\/product\/jnr-rage-grilla-55000-double-apple\/#primaryimage"},"image":{"@id":"https:\/\/vozolvapen.de\/product\/jnr-rage-grilla-55000-double-apple\/#primaryimage"},"thumbnailUrl":"https:\/\/vozolvapen.de\/wp-content\/uploads\/2025\/12\/JNR-Rage-Grilla-55000-Double-Apple-.webp","datePublished":"2025-12-12T08:14:19+00:00","dateModified":"2025-12-12T08:59:44+00:00","description":"JNR Rage Grilla 55000 o smaku podw\u00f3jnego jab\u0142ka. Aromatyczna mieszanka s\u0142odkich czerwonych i cierpkich zielonych jab\u0142ek. Ciesz si\u0119 55000 zaci\u0105gni\u0119\u0107 dzi\u0119ki pot\u0119\u017cnej JNR Rage Grilla.","breadcrumb":{"@id":"https:\/\/vozolvapen.de\/product\/jnr-rage-grilla-55000-double-apple\/#breadcrumb"},"inLanguage":"pl-PL","potentialAction":[{"@type":"ReadAction","target":["https:\/\/vozolvapen.de\/product\/jnr-rage-grilla-55000-double-apple\/"]}]},{"@type":"ImageObject","inLanguage":"pl-PL","@id":"https:\/\/vozolvapen.de\/product\/jnr-rage-grilla-55000-double-apple\/#primaryimage","url":"https:\/\/vozolvapen.de\/wp-content\/uploads\/2025\/12\/JNR-Rage-Grilla-55000-Double-Apple-.webp","contentUrl":"https:\/\/vozolvapen.de\/wp-content\/uploads\/2025\/12\/JNR-Rage-Grilla-55000-Double-Apple-.webp","width":800,"height":800,"caption":"JNR Rage Grilla 55000 - Double Apple"},{"@type":"BreadcrumbList","@id":"https:\/\/vozolvapen.de\/product\/jnr-rage-grilla-55000-double-apple\/#breadcrumb","itemListElement":[{"@type":"ListItem","position":1,"name":"Home","item":"https:\/\/vozolvapen.de\/de\/"},{"@type":"ListItem","position":2,"name":"Shop","item":"https:\/\/vozolvapen.de\/shop\/"},{"@type":"ListItem","position":3,"name":"JNR Rage Grilla 55000 &#8211; Double Apple"}]},{"@type":"WebSite","@id":"https:\/\/vozolvapen.de\/#website","url":"https:\/\/vozolvapen.de\/","name":"vozolvapen","description":"vozolvapen","publisher":{"@id":"https:\/\/vozolvapen.de\/#organization"},"potentialAction":[{"@type":"SearchAction","target":{"@type":"EntryPoint","urlTemplate":"https:\/\/vozolvapen.de\/?s={search_term_string}"},"query-input":{"@type":"PropertyValueSpecification","valueRequired":true,"valueName":"search_term_string"}}],"inLanguage":"pl-PL"},{"@type":"Organization","@id":"https:\/\/vozolvapen.de\/#organization","name":"vozolvapen","url":"https:\/\/vozolvapen.de\/","logo":{"@type":"ImageObject","inLanguage":"pl-PL","@id":"https:\/\/vozolvapen.de\/#\/schema\/logo\/image\/","url":"https:\/\/vozolvapen.de\/wp-content\/uploads\/2025\/12\/cropped-vozovapen-logo.webp","contentUrl":"https:\/\/vozolvapen.de\/wp-content\/uploads\/2025\/12\/cropped-vozovapen-logo.webp","width":470,"height":110,"caption":"vozolvapen"},"image":{"@id":"https:\/\/vozolvapen.de\/#\/schema\/logo\/image\/"}}]}},"tiered_pricing_type":"fixed","tiered_pricing_fixed_rules":{"30":"12.85","50":"10.85","100":"9.85","200":"8.85"},"tiered_pricing_product_settings":{"layout":"default","base_unit_name":{"singular":null,"plural":null},"default_variation":null},"tiered_pricing_minimum_quantity":10,"tiered_pricing_roles_data":[],"tiered_pricing_percentage_rules":[],"tiered_pricing_maximum_quantity":null,"tiered_pricing_quantity_step":"10","_links":{"self":[{"href":"http:\/\/vozolvapen.de\/pl\/wp-json\/wp\/v2\/product\/24282","targetHints":{"allow":["GET"]}}],"collection":[{"href":"http:\/\/vozolvapen.de\/pl\/wp-json\/wp\/v2\/product"}],"about":[{"href":"http:\/\/vozolvapen.de\/pl\/wp-json\/wp\/v2\/types\/product"}],"replies":[{"embeddable":true,"href":"http:\/\/vozolvapen.de\/pl\/wp-json\/wp\/v2\/comments?post=24282"}],"wp:featuredmedia":[{"embeddable":true,"href":"http:\/\/vozolvapen.de\/pl\/wp-json\/wp\/v2\/media\/24819"}],"wp:attachment":[{"href":"http:\/\/vozolvapen.de\/pl\/wp-json\/wp\/v2\/media?parent=24282"}],"wp:term":[{"taxonomy":"product_brand","embeddable":true,"href":"http:\/\/vozolvapen.de\/pl\/wp-json\/wp\/v2\/product_brand?post=24282"},{"taxonomy":"product_cat","embeddable":true,"href":"http:\/\/vozolvapen.de\/pl\/wp-json\/wp\/v2\/product_cat?post=24282"},{"taxonomy":"product_tag","embeddable":true,"href":"http:\/\/vozolvapen.de\/pl\/wp-json\/wp\/v2\/product_tag?post=24282"}],"curies":[{"name":"wp","href":"https:\/\/api.w.org\/{rel}","templated":true}]}}