{"id":24497,"date":"2025-12-12T08:14:31","date_gmt":"2025-12-12T08:14:31","guid":{"rendered":"https:\/\/vozolvapen.de\/?post_type=product&#038;p=24497"},"modified":"2025-12-12T09:00:09","modified_gmt":"2025-12-12T09:00:09","slug":"jnr-rage-grilla-55000-blueberry-sour-raspberry","status":"publish","type":"product","link":"http:\/\/vozolvapen.de\/pl\/product\/jnr-rage-grilla-55000-blueberry-sour-raspberry\/","title":{"rendered":"JNR Rage Grilla 55000 - kwa\u015bna malina z jagodami"},"content":{"rendered":"<h1>Jnr Vape JNR Rage Grilla 55000 - kwa\u015bna malina z jagodami<\/h1>\n<p>Je\u015bli masz ochot\u0119 na ostry kopniak, to <b>JNR Rage Grilla 55000<\/b> Blueberry Sour Raspberry jest dla Ciebie. Ten inspirowany cukierkami profil r\u00f3wnowa\u017cy g\u0142\u0119bok\u0105, znajom\u0105 s\u0142odycz bor\u00f3wki z elektryzuj\u0105c\u0105, kwa\u015bn\u0105 malin\u0105. Sk\u0142ad <b>JNR Vape<\/b> Podw\u00f3jna cewka siatkowa zapewnia idealny kwa\u015bny smak. Przygotuj si\u0119 na <b>Do 55000 zaci\u0105gni\u0119\u0107<\/b> pikantnej rozkoszy z niezawodnym <b>JNR Rage Grilla<\/b>.<\/p>\n<h2 data-path-to-node=\"2\">\ud83d\udccb <b>JNR Rage Grilla 55000<\/b> Specyfikacja techniczna<\/h2>\n<table data-path-to-node=\"45\">\n<thead>\n<tr>\n<td><strong>Parametr<\/strong><\/td>\n<td><strong>Specyfikacja<\/strong><\/td>\n<\/tr>\n<\/thead>\n<tbody>\n<tr>\n<td><span data-path-to-node=\"45,1,0,0\"><b>Nazwa modelu<\/b><\/span><\/td>\n<td><span data-path-to-node=\"45,1,1,0\"><b>JNR Rage Grilla 55000<\/b><\/span><\/td>\n<\/tr>\n<tr>\n<td><span data-path-to-node=\"45,2,0,0\"><b>Nazwa smaku<\/b><\/span><\/td>\n<td><span data-path-to-node=\"45,2,1,0\">Kwa\u015bna malina z jagodami<\/span><\/td>\n<\/tr>\n<tr>\n<td><span data-path-to-node=\"45,3,0,0\"><b>Marka<\/b><\/span><\/td>\n<td><span data-path-to-node=\"45,3,1,0\"><b>JNR Vape<\/b><\/span><\/td>\n<\/tr>\n<tr>\n<td><span data-path-to-node=\"45,4,0,0\"><b>Puff Count<\/b><\/span><\/td>\n<td><span data-path-to-node=\"45,4,1,0\">UP do <b>55000 Puff\u00f3w<\/b> (<b>JNR 55k<\/b>)<\/span><\/td>\n<\/tr>\n<tr>\n<td><span data-path-to-node=\"45,5,0,0\"><b>Pojemno\u015b\u0107 E-Liquid<\/b><\/span><\/td>\n<td><span data-path-to-node=\"45,5,1,0\">Wst\u0119pnie nape\u0142niony 30 ml<\/span><\/td>\n<\/tr>\n<tr>\n<td><span data-path-to-node=\"45,6,0,0\"><b>Pojemno\u015b\u0107 akumulatora<\/b><\/span><\/td>\n<td><span data-path-to-node=\"45,6,1,0\">950 mAh (akumulator)<\/span><\/td>\n<\/tr>\n<tr>\n<td><span data-path-to-node=\"45,7,0,0\"><b>Typ cewki<\/b><\/span><\/td>\n<td><span data-path-to-node=\"45,7,1,0\">Cewka z podw\u00f3jn\u0105 siatk\u0105<\/span><\/td>\n<\/tr>\n<tr>\n<td><span data-path-to-node=\"45,8,0,0\"><b>Si\u0142a nikotyny<\/b><\/span><\/td>\n<td><span data-path-to-node=\"45,8,1,0\">2% \/ 5% Opcje<\/span><\/td>\n<\/tr>\n<tr>\n<td><span data-path-to-node=\"45,9,0,0\"><b>Wy\u015bwietlacz<\/b><\/span><\/td>\n<td><span data-path-to-node=\"45,9,1,0\">Inteligentny ekran (wska\u017anik baterii i e-cieczy)<\/span><\/td>\n<\/tr>\n<tr>\n<td><span data-path-to-node=\"45,10,0,0\"><b>\u0141adowanie<\/b><\/span><\/td>\n<td><span data-path-to-node=\"45,10,1,0\">Szybkie \u0142adowanie typu C<\/span><\/td>\n<\/tr>\n<tr>\n<td><\/td>\n<td><\/td>\n<\/tr>\n<\/tbody>\n<\/table>\n<h2>Dlaczego warto wybra\u0107 ten smak?<\/h2>\n<p><b>Kwa\u015bna malina z jagodami<\/b> zapewnia ekscytuj\u0105ce, pikantne doznania. Doskonale oddaje pikantn\u0105, szczypi\u0105c\u0105 w usta jako\u015b\u0107 kwa\u015bnych cukierk\u00f3w malinowych, zr\u00f3wnowa\u017con\u0105 \u0142agodn\u0105 s\u0142odycz\u0105 \u015bwie\u017cych jag\u00f3d.<\/p>\n<h3>Dla kogo to jest?<\/h3>\n<p>Zalecane dla <b>Mi\u0142o\u015bnicy kwa\u015bnych cukierk\u00f3w<\/b> i waper\u00f3w, kt\u00f3rzy chc\u0105 ostrego, \u017cywego, nie lodowatego smaku, kt\u00f3ry pobudza zmys\u0142y i zapewnia pot\u0119\u017cny przyp\u0142yw rado\u015bci.<\/p>\n<h3>\u2b50\ufe0f <b>JNR Rage Grilla 55000<\/b> Przewodnik po smakach - Kwa\u015bna malina z jagodami<\/h3>\n<table data-path-to-node=\"44\">\n<thead>\n<tr>\n<td><strong>Metryczny<\/strong><\/td>\n<td><strong>Ocena gwiazdkowa<\/strong><\/td>\n<td><strong>Opis profilu<\/strong><\/td>\n<\/tr>\n<\/thead>\n<tbody>\n<tr>\n<td><span data-path-to-node=\"44,1,0,0\"><b>S\u0142odycz<\/b><\/span><\/td>\n<td><span data-path-to-node=\"44,1,1,0\">\u2605\u2605\u2605\u2606\u2606<\/span><\/td>\n<td><span data-path-to-node=\"44,1,2,0\">Umiarkowana s\u0142odycz, zr\u00f3wnowa\u017cona agresywn\u0105 kwaskowato\u015bci\u0105.<\/span><\/td>\n<\/tr>\n<tr>\n<td><span data-path-to-node=\"44,2,0,0\"><b>L\u00f3d\/ch\u0142odzenie<\/b><\/span><\/td>\n<td><span data-path-to-node=\"44,2,1,0\">\u2605\u2606\u2606\u2606\u2606<\/span><\/td>\n<td><span data-path-to-node=\"44,2,2,0\">Brak uczucia mentolu lub lodu (bez ch\u0142odzenia).<\/span><\/td>\n<\/tr>\n<tr>\n<td><span data-path-to-node=\"44,3,0,0\"><b>Intensywno\u015b\u0107 smaku<\/b><\/span><\/td>\n<td><span data-path-to-node=\"44,3,1,0\">\u2605\u2605\u2605\u2605\u2605<\/span><\/td>\n<td><span data-path-to-node=\"44,3,2,0\">Niezwykle wysoka intensywno\u015b\u0107; \u017cywy, pikantny i rozp\u0142ywaj\u0105cy si\u0119 w ustach.<\/span><\/td>\n<\/tr>\n<tr>\n<td><span data-path-to-node=\"44,4,0,0\"><b>Uwagi smakowe<\/b><\/span><\/td>\n<td><\/td>\n<td><span data-path-to-node=\"44,4,2,0\">Pikantny, kwa\u015bny smak malinowych cukierk\u00f3w kontrastuje z g\u0142adk\u0105, s\u0142odk\u0105 jagod\u0105.<\/span><\/td>\n<\/tr>\n<\/tbody>\n<\/table>\n<h3 data-path-to-node=\"54\">Oto dalsze zalecenia dla Ciebie:<\/h3>\n<p dir=\"auto\">Odkryj jeszcze wi\u0119cej niesamowitych smak\u00f3w dzi\u0119ki JNR Rage Grilla 55000 Puff Vape!<\/p>\n<p dir=\"auto\"><a href=\"https:\/\/vozolvapen.de\/pl\/product-category\/jnr-vape\/jnr-rage-grilla-55000-puff-vape\/\" target=\"_blank\" rel=\"noopener noreferrer nofollow\">Zobacz wszystkie odmiany tutaj \u2192<\/a><\/p>\n<p dir=\"auto\">Zapoznaj si\u0119 z nasz\u0105 pe\u0142n\u0105 kolekcj\u0105 i kupuj produkty najlepszych marek vape, kt\u00f3re pokochasz.<\/p>\n<p dir=\"auto\"><a href=\"https:\/\/vozolvapen.de\/pl\/\" target=\"_blank\" rel=\"noopener noreferrer nofollow\">Przegl\u0105daj teraz wszystkie marki \u2192<\/a><\/p>\n<p dir=\"auto\">Sprawd\u017a ca\u0142\u0105 seri\u0119 JNR Vape - ka\u017cdy smak, ka\u017cdy styl!<\/p>\n<p dir=\"auto\"><a href=\"https:\/\/vozolvapen.de\/pl\/product-category\/jnr-vape\/\" target=\"_blank\" rel=\"noopener noreferrer nofollow\">Zobacz pe\u0142n\u0105 kolekcj\u0119 JNR Vape \u2192<\/a><\/p>","protected":false},"excerpt":{"rendered":"<p>Ekscytuj\u0105cy, pikantny aromat. S\u0142odka bor\u00f3wka zr\u00f3wnowa\u017cona ostr\u0105, elektryzuj\u0105c\u0105, cukierkow\u0105 kwa\u015bn\u0105 malin\u0105.<\/p>","protected":false},"featured_media":24831,"comment_status":"open","ping_status":"closed","template":"","meta":{"_acf_changed":false},"product_brand":[],"product_cat":[76],"product_tag":[],"class_list":{"0":"post-24497","1":"product","2":"type-product","3":"status-publish","4":"has-post-thumbnail","6":"product_cat-jnr-rage-grilla-55000-puff-vape","8":"first","9":"instock","10":"shipping-taxable","11":"purchasable","12":"product-type-variable"},"acf":[],"yoast_head":"<!-- This site is optimized with the Yoast SEO Premium plugin v26.1 (Yoast SEO v27.5) - https:\/\/yoast.com\/product\/yoast-seo-premium-wordpress\/ -->\n<title>JNR Rage Grilla 55000 Blueberry Sour Raspberry | Zesty JNR 55k - vozolvapen<\/title>\n<meta name=\"description\" content=\"Pucker up for JNR Rage Grilla 55000 Blueberry Sour Raspberry. Sweet blueberry balanced by sharp, sour raspberry. JNR Rage Grilla for zesty flavor lovers.\" \/>\n<meta name=\"robots\" content=\"index, follow, max-snippet:-1, max-image-preview:large, max-video-preview:-1\" \/>\n<link rel=\"canonical\" href=\"https:\/\/vozolvapen.de\/pl\/product\/jnr-rage-grilla-55000-blueberry-sour-raspberry\/\" \/>\n<meta property=\"og:locale\" content=\"pl_PL\" \/>\n<meta property=\"og:type\" content=\"article\" \/>\n<meta property=\"og:title\" content=\"JNR Rage Grilla 55000 - Blueberry Sour Raspberry\" \/>\n<meta property=\"og:description\" content=\"Pucker up for JNR Rage Grilla 55000 Blueberry Sour Raspberry. Sweet blueberry balanced by sharp, sour raspberry. JNR Rage Grilla for zesty flavor lovers.\" \/>\n<meta property=\"og:url\" content=\"https:\/\/vozolvapen.de\/pl\/product\/jnr-rage-grilla-55000-blueberry-sour-raspberry\/\" \/>\n<meta property=\"og:site_name\" content=\"vozolvapen\" \/>\n<meta property=\"article:modified_time\" content=\"2025-12-12T09:00:09+00:00\" \/>\n<meta property=\"og:image\" content=\"https:\/\/vozolvapen.de\/wp-content\/uploads\/2025\/12\/JNR-Rage-Grilla-55000-Blueberry-Sour-Raspberry-.webp\" \/>\n\t<meta property=\"og:image:width\" content=\"800\" \/>\n\t<meta property=\"og:image:height\" content=\"800\" \/>\n\t<meta property=\"og:image:type\" content=\"image\/webp\" \/>\n<meta name=\"twitter:card\" content=\"summary_large_image\" \/>\n<meta name=\"twitter:label1\" content=\"Szacowany czas czytania\" \/>\n\t<meta name=\"twitter:data1\" content=\"2 minuty\" \/>\n<script type=\"application\/ld+json\" class=\"yoast-schema-graph\">{\"@context\":\"https:\\\/\\\/schema.org\",\"@graph\":[{\"@type\":\"WebPage\",\"@id\":\"https:\\\/\\\/vozolvapen.de\\\/product\\\/jnr-rage-grilla-55000-blueberry-sour-raspberry\\\/\",\"url\":\"https:\\\/\\\/vozolvapen.de\\\/product\\\/jnr-rage-grilla-55000-blueberry-sour-raspberry\\\/\",\"name\":\"JNR Rage Grilla 55000 Blueberry Sour Raspberry | Zesty JNR 55k - vozolvapen\",\"isPartOf\":{\"@id\":\"https:\\\/\\\/vozolvapen.de\\\/#website\"},\"primaryImageOfPage\":{\"@id\":\"https:\\\/\\\/vozolvapen.de\\\/product\\\/jnr-rage-grilla-55000-blueberry-sour-raspberry\\\/#primaryimage\"},\"image\":{\"@id\":\"https:\\\/\\\/vozolvapen.de\\\/product\\\/jnr-rage-grilla-55000-blueberry-sour-raspberry\\\/#primaryimage\"},\"thumbnailUrl\":\"https:\\\/\\\/vozolvapen.de\\\/wp-content\\\/uploads\\\/2025\\\/12\\\/JNR-Rage-Grilla-55000-Blueberry-Sour-Raspberry-.webp\",\"datePublished\":\"2025-12-12T08:14:31+00:00\",\"dateModified\":\"2025-12-12T09:00:09+00:00\",\"description\":\"Pucker up for JNR Rage Grilla 55000 Blueberry Sour Raspberry. Sweet blueberry balanced by sharp, sour raspberry. JNR Rage Grilla for zesty flavor lovers.\",\"breadcrumb\":{\"@id\":\"https:\\\/\\\/vozolvapen.de\\\/product\\\/jnr-rage-grilla-55000-blueberry-sour-raspberry\\\/#breadcrumb\"},\"inLanguage\":\"pl-PL\",\"potentialAction\":[{\"@type\":\"ReadAction\",\"target\":[\"https:\\\/\\\/vozolvapen.de\\\/product\\\/jnr-rage-grilla-55000-blueberry-sour-raspberry\\\/\"]}]},{\"@type\":\"ImageObject\",\"inLanguage\":\"pl-PL\",\"@id\":\"https:\\\/\\\/vozolvapen.de\\\/product\\\/jnr-rage-grilla-55000-blueberry-sour-raspberry\\\/#primaryimage\",\"url\":\"https:\\\/\\\/vozolvapen.de\\\/wp-content\\\/uploads\\\/2025\\\/12\\\/JNR-Rage-Grilla-55000-Blueberry-Sour-Raspberry-.webp\",\"contentUrl\":\"https:\\\/\\\/vozolvapen.de\\\/wp-content\\\/uploads\\\/2025\\\/12\\\/JNR-Rage-Grilla-55000-Blueberry-Sour-Raspberry-.webp\",\"width\":800,\"height\":800,\"caption\":\"JNR Rage Grilla 55000 - Blueberry Sour Raspberry\"},{\"@type\":\"BreadcrumbList\",\"@id\":\"https:\\\/\\\/vozolvapen.de\\\/product\\\/jnr-rage-grilla-55000-blueberry-sour-raspberry\\\/#breadcrumb\",\"itemListElement\":[{\"@type\":\"ListItem\",\"position\":1,\"name\":\"Home\",\"item\":\"https:\\\/\\\/vozolvapen.de\\\/de\\\/\"},{\"@type\":\"ListItem\",\"position\":2,\"name\":\"Shop\",\"item\":\"https:\\\/\\\/vozolvapen.de\\\/shop\\\/\"},{\"@type\":\"ListItem\",\"position\":3,\"name\":\"JNR Rage Grilla 55000 &#8211; Blueberry Sour Raspberry\"}]},{\"@type\":\"WebSite\",\"@id\":\"https:\\\/\\\/vozolvapen.de\\\/#website\",\"url\":\"https:\\\/\\\/vozolvapen.de\\\/\",\"name\":\"vozolvapen\",\"description\":\"vozolvapen\",\"publisher\":{\"@id\":\"https:\\\/\\\/vozolvapen.de\\\/#organization\"},\"potentialAction\":[{\"@type\":\"SearchAction\",\"target\":{\"@type\":\"EntryPoint\",\"urlTemplate\":\"https:\\\/\\\/vozolvapen.de\\\/?s={search_term_string}\"},\"query-input\":{\"@type\":\"PropertyValueSpecification\",\"valueRequired\":true,\"valueName\":\"search_term_string\"}}],\"inLanguage\":\"pl-PL\"},{\"@type\":\"Organization\",\"@id\":\"https:\\\/\\\/vozolvapen.de\\\/#organization\",\"name\":\"vozolvapen\",\"url\":\"https:\\\/\\\/vozolvapen.de\\\/\",\"logo\":{\"@type\":\"ImageObject\",\"inLanguage\":\"pl-PL\",\"@id\":\"https:\\\/\\\/vozolvapen.de\\\/#\\\/schema\\\/logo\\\/image\\\/\",\"url\":\"https:\\\/\\\/vozolvapen.de\\\/wp-content\\\/uploads\\\/2025\\\/12\\\/cropped-vozovapen-logo.webp\",\"contentUrl\":\"https:\\\/\\\/vozolvapen.de\\\/wp-content\\\/uploads\\\/2025\\\/12\\\/cropped-vozovapen-logo.webp\",\"width\":470,\"height\":110,\"caption\":\"vozolvapen\"},\"image\":{\"@id\":\"https:\\\/\\\/vozolvapen.de\\\/#\\\/schema\\\/logo\\\/image\\\/\"}}]}<\/script>\n<!-- \/ Yoast SEO Premium plugin. -->","yoast_head_json":{"title":"JNR Rage Grilla 55000 Blueberry Sour Raspberry | Zesty JNR 55k - vozolvapen","description":"Wci\u0105gnij JNR Rage Grilla 55000 Blueberry Sour Raspberry. S\u0142odka bor\u00f3wka zr\u00f3wnowa\u017cona ostr\u0105, kwa\u015bn\u0105 malin\u0105. JNR Rage Grilla dla mi\u0142o\u015bnik\u00f3w ostrych smak\u00f3w.","robots":{"index":"index","follow":"follow","max-snippet":"max-snippet:-1","max-image-preview":"max-image-preview:large","max-video-preview":"max-video-preview:-1"},"canonical":"https:\/\/vozolvapen.de\/pl\/product\/jnr-rage-grilla-55000-blueberry-sour-raspberry\/","og_locale":"pl_PL","og_type":"article","og_title":"JNR Rage Grilla 55000 - Blueberry Sour Raspberry","og_description":"Pucker up for JNR Rage Grilla 55000 Blueberry Sour Raspberry. Sweet blueberry balanced by sharp, sour raspberry. JNR Rage Grilla for zesty flavor lovers.","og_url":"https:\/\/vozolvapen.de\/pl\/product\/jnr-rage-grilla-55000-blueberry-sour-raspberry\/","og_site_name":"vozolvapen","article_modified_time":"2025-12-12T09:00:09+00:00","og_image":[{"width":800,"height":800,"url":"https:\/\/vozolvapen.de\/wp-content\/uploads\/2025\/12\/JNR-Rage-Grilla-55000-Blueberry-Sour-Raspberry-.webp","type":"image\/webp"}],"twitter_card":"summary_large_image","twitter_misc":{"Szacowany czas czytania":"2 minuty"},"schema":{"@context":"https:\/\/schema.org","@graph":[{"@type":"WebPage","@id":"https:\/\/vozolvapen.de\/product\/jnr-rage-grilla-55000-blueberry-sour-raspberry\/","url":"https:\/\/vozolvapen.de\/product\/jnr-rage-grilla-55000-blueberry-sour-raspberry\/","name":"JNR Rage Grilla 55000 Blueberry Sour Raspberry | Zesty JNR 55k - vozolvapen","isPartOf":{"@id":"https:\/\/vozolvapen.de\/#website"},"primaryImageOfPage":{"@id":"https:\/\/vozolvapen.de\/product\/jnr-rage-grilla-55000-blueberry-sour-raspberry\/#primaryimage"},"image":{"@id":"https:\/\/vozolvapen.de\/product\/jnr-rage-grilla-55000-blueberry-sour-raspberry\/#primaryimage"},"thumbnailUrl":"https:\/\/vozolvapen.de\/wp-content\/uploads\/2025\/12\/JNR-Rage-Grilla-55000-Blueberry-Sour-Raspberry-.webp","datePublished":"2025-12-12T08:14:31+00:00","dateModified":"2025-12-12T09:00:09+00:00","description":"Wci\u0105gnij JNR Rage Grilla 55000 Blueberry Sour Raspberry. S\u0142odka bor\u00f3wka zr\u00f3wnowa\u017cona ostr\u0105, kwa\u015bn\u0105 malin\u0105. JNR Rage Grilla dla mi\u0142o\u015bnik\u00f3w ostrych smak\u00f3w.","breadcrumb":{"@id":"https:\/\/vozolvapen.de\/product\/jnr-rage-grilla-55000-blueberry-sour-raspberry\/#breadcrumb"},"inLanguage":"pl-PL","potentialAction":[{"@type":"ReadAction","target":["https:\/\/vozolvapen.de\/product\/jnr-rage-grilla-55000-blueberry-sour-raspberry\/"]}]},{"@type":"ImageObject","inLanguage":"pl-PL","@id":"https:\/\/vozolvapen.de\/product\/jnr-rage-grilla-55000-blueberry-sour-raspberry\/#primaryimage","url":"https:\/\/vozolvapen.de\/wp-content\/uploads\/2025\/12\/JNR-Rage-Grilla-55000-Blueberry-Sour-Raspberry-.webp","contentUrl":"https:\/\/vozolvapen.de\/wp-content\/uploads\/2025\/12\/JNR-Rage-Grilla-55000-Blueberry-Sour-Raspberry-.webp","width":800,"height":800,"caption":"JNR Rage Grilla 55000 - Blueberry Sour Raspberry"},{"@type":"BreadcrumbList","@id":"https:\/\/vozolvapen.de\/product\/jnr-rage-grilla-55000-blueberry-sour-raspberry\/#breadcrumb","itemListElement":[{"@type":"ListItem","position":1,"name":"Home","item":"https:\/\/vozolvapen.de\/de\/"},{"@type":"ListItem","position":2,"name":"Shop","item":"https:\/\/vozolvapen.de\/shop\/"},{"@type":"ListItem","position":3,"name":"JNR Rage Grilla 55000 &#8211; Blueberry Sour Raspberry"}]},{"@type":"WebSite","@id":"https:\/\/vozolvapen.de\/#website","url":"https:\/\/vozolvapen.de\/","name":"vozolvapen","description":"vozolvapen","publisher":{"@id":"https:\/\/vozolvapen.de\/#organization"},"potentialAction":[{"@type":"SearchAction","target":{"@type":"EntryPoint","urlTemplate":"https:\/\/vozolvapen.de\/?s={search_term_string}"},"query-input":{"@type":"PropertyValueSpecification","valueRequired":true,"valueName":"search_term_string"}}],"inLanguage":"pl-PL"},{"@type":"Organization","@id":"https:\/\/vozolvapen.de\/#organization","name":"vozolvapen","url":"https:\/\/vozolvapen.de\/","logo":{"@type":"ImageObject","inLanguage":"pl-PL","@id":"https:\/\/vozolvapen.de\/#\/schema\/logo\/image\/","url":"https:\/\/vozolvapen.de\/wp-content\/uploads\/2025\/12\/cropped-vozovapen-logo.webp","contentUrl":"https:\/\/vozolvapen.de\/wp-content\/uploads\/2025\/12\/cropped-vozovapen-logo.webp","width":470,"height":110,"caption":"vozolvapen"},"image":{"@id":"https:\/\/vozolvapen.de\/#\/schema\/logo\/image\/"}}]}},"tiered_pricing_type":"fixed","tiered_pricing_fixed_rules":{"30":"12.85","50":"10.85","100":"9.85","200":"8.85"},"tiered_pricing_product_settings":{"layout":"default","base_unit_name":{"singular":null,"plural":null},"default_variation":null},"tiered_pricing_minimum_quantity":10,"tiered_pricing_roles_data":[],"tiered_pricing_percentage_rules":[],"tiered_pricing_maximum_quantity":null,"tiered_pricing_quantity_step":"10","_links":{"self":[{"href":"http:\/\/vozolvapen.de\/pl\/wp-json\/wp\/v2\/product\/24497","targetHints":{"allow":["GET"]}}],"collection":[{"href":"http:\/\/vozolvapen.de\/pl\/wp-json\/wp\/v2\/product"}],"about":[{"href":"http:\/\/vozolvapen.de\/pl\/wp-json\/wp\/v2\/types\/product"}],"replies":[{"embeddable":true,"href":"http:\/\/vozolvapen.de\/pl\/wp-json\/wp\/v2\/comments?post=24497"}],"wp:featuredmedia":[{"embeddable":true,"href":"http:\/\/vozolvapen.de\/pl\/wp-json\/wp\/v2\/media\/24831"}],"wp:attachment":[{"href":"http:\/\/vozolvapen.de\/pl\/wp-json\/wp\/v2\/media?parent=24497"}],"wp:term":[{"taxonomy":"product_brand","embeddable":true,"href":"http:\/\/vozolvapen.de\/pl\/wp-json\/wp\/v2\/product_brand?post=24497"},{"taxonomy":"product_cat","embeddable":true,"href":"http:\/\/vozolvapen.de\/pl\/wp-json\/wp\/v2\/product_cat?post=24497"},{"taxonomy":"product_tag","embeddable":true,"href":"http:\/\/vozolvapen.de\/pl\/wp-json\/wp\/v2\/product_tag?post=24497"}],"curies":[{"name":"wp","href":"https:\/\/api.w.org\/{rel}","templated":true}]}}