{"id":25768,"date":"2025-12-12T10:11:02","date_gmt":"2025-12-12T10:11:02","guid":{"rendered":"https:\/\/vozolvapen.de\/?post_type=product&#038;p=25768"},"modified":"2026-02-10T12:38:29","modified_gmt":"2026-02-10T12:38:29","slug":"puff-25k-bang-king-25000-watermelon-ice","status":"publish","type":"product","link":"http:\/\/vozolvapen.de\/pl\/product\/puff-25k-bang-king-25000-watermelon-ice\/","title":{"rendered":"Puff 25k Bang King 25000 - Watermelon Ice"},"content":{"rendered":"<h1 data-path-to-node=\"55\"><b>Puff 25k Bang King 25000 Puffs - Watermelon Ice<\/b><\/h1>\n<p data-path-to-node=\"56\">Och\u0142od\u017a si\u0119 dzi\u0119ki ostatecznemu smakowi Watermelon Ice w <b>Puff 25k Bang King 25000 Puffs<\/b>. Jako jeden z najpopularniejszych smak\u00f3w na \u015bwiecie, ta wersja jest ulepszona przez <b>Bang King Puff<\/b> Technologia wykorzystuj\u0105ca cewk\u0119 1,0ohm i podw\u00f3jne kapsu\u0142ki o pojemno\u015bci 23 ml zapewnia niezr\u00f3wnanie wyra\u017ane doznania.<\/p>\n<h2 data-path-to-node=\"57\"><b>Profil smakowy: Ostry i orze\u017awiaj\u0105cy<\/b><\/h2>\n<p data-path-to-node=\"58\">Watermelon Ice zapewnia czysty, nawil\u017caj\u0105cy smak pokrojonego arbuza z wyrazistym mentolowym wyko\u0144czeniem. Jest rze\u015bki, przewiewny i niesamowicie orze\u017awiaj\u0105cy. The <b>Puff 25k<\/b> Pojemno\u015b\u0107 zapewnia d\u0142ugotrwa\u0142y zapas tego niezb\u0119dnego letniego smaku.<\/p>\n<h2 data-path-to-node=\"59\"><b>Specyfikacje Bang King 25000<\/b><\/h2>\n<ul>\n<li data-path-to-node=\"60,0,0\"><b>Model:<\/b> <b>Bang King 25000<\/b> (<b>Puff 25k<\/b>)<\/li>\n<li data-path-to-node=\"60,1,0\"><b>Pojemno\u015b\u0107:<\/b> <b>46 ml<\/b> (2 kapsu\u0142ki 23 ml)<\/li>\n<li data-path-to-node=\"60,2,0\"><b>Bateria:<\/b> Akumulator 650 mAh<\/li>\n<li data-path-to-node=\"60,3,0\"><b>Wy\u015bwietlacz:<\/b> Inteligentny ekran LCD<\/li>\n<li data-path-to-node=\"60,4,0\"><b>Nikotyna:<\/b> 0%\/2%\/3%\/5%<\/li>\n<\/ul>\n<h2>Ocena smaku - Watermelon Ice<\/h2>\n<ul data-path-to-node=\"12\">\n<li>\n<p data-path-to-node=\"12,0,0\"><b>Poziom lodu:<\/b> \u2605\u2605\u2605\u2605\u2605 (Arctic Blast)<\/p>\n<\/li>\n<li>\n<p data-path-to-node=\"12,1,0\"><b>S\u0142odycz:<\/b> \u2605\u2605\u2605\u2605\u2606 (Crisp Sugar)<\/p>\n<\/li>\n<li>\n<p data-path-to-node=\"12,2,0\"><b>Aromat:<\/b> \u2605\u2605\u2605\u2606\u2606 (Light &amp; Airy)<\/p>\n<\/li>\n<\/ul>\n<blockquote data-path-to-node=\"13\">\n<p data-path-to-node=\"13,0\"><b>Werdykt:<\/b> Najlepszy wyb\u00f3r do ch\u0142odzenia. Wysoki poziom lodu w po\u0142\u0105czeniu z czystym, orze\u017awiaj\u0105cym arbuzem.<\/p>\n<\/blockquote>\n<h2><strong>Bang King 25000 Puffs <\/strong><strong>Wideo\uff1a<\/strong><\/h2>\n<div style=\"width: 720px;\" class=\"wp-video\"><video class=\"wp-video-shortcode\" id=\"video-25768-1\" width=\"720\" height=\"1280\" preload=\"metadata\" controls=\"controls\"><source type=\"video\/mp4\" src=\"https:\/\/vozolvapen.de\/wp-content\/uploads\/2025\/12\/bnag-king-25k.mp4?_=1\" \/><a href=\"https:\/\/vozolvapen.de\/wp-content\/uploads\/2025\/12\/bnag-king-25k.mp4\">https:\/\/vozolvapen.de\/wp-content\/uploads\/2025\/12\/bnag-king-25k.mp4<\/a><\/video><\/div>\n<h3 dir=\"auto\">Oto dalsze zalecenia dla Ciebie:<\/h3>\n<p dir=\"auto\">Odkryj jeszcze wi\u0119cej niesamowitych smak\u00f3w dzi\u0119ki Puff 25k Bang King 25000 Vape!<\/p>\n<p dir=\"auto\"><a href=\"https:\/\/vozolvapen.de\/pl\/product-category\/bang-vape\/puff-25k-bang-king-25000-vape\/\" target=\"_blank\" rel=\"noopener noreferrer nofollow\">Zobacz wszystkie odmiany tutaj \u2192<\/a><\/p>\n<p dir=\"auto\">Zapoznaj si\u0119 z nasz\u0105 pe\u0142n\u0105 kolekcj\u0105 i kupuj produkty najlepszych marek vape, kt\u00f3re pokochasz.<\/p>\n<p dir=\"auto\"><a href=\"https:\/\/vozolvapen.de\/pl\/\" target=\"_blank\" rel=\"noopener noreferrer nofollow\">Przegl\u0105daj teraz wszystkie marki \u2192<\/a><\/p>\n<p dir=\"auto\">Sprawd\u017a ca\u0142\u0105 seri\u0119 Bang Vape - ka\u017cdy smak, ka\u017cdy styl!<\/p>\n<p dir=\"auto\"><a href=\"https:\/\/vozolvapen.de\/pl\/product-category\/bang-vape\/\" target=\"_blank\" rel=\"noopener noreferrer nofollow\">Zobacz pe\u0142n\u0105 kolekcj\u0119 Bang Vape \u2192<\/a><\/p>","protected":false},"excerpt":{"rendered":"<p>Czysty, czysty smak arbuza wzmocniony silnym arktycznym efektem ch\u0142odzenia. Niezb\u0119dny orze\u017awiaj\u0105cy wyb\u00f3r dla d\u0142ugotrwa\u0142ej, lodowatej pary.<\/p>","protected":false},"featured_media":26248,"comment_status":"open","ping_status":"closed","template":"","meta":{"_acf_changed":false},"product_brand":[],"product_cat":[134,78],"product_tag":[],"class_list":{"0":"post-25768","1":"product","2":"type-product","3":"status-publish","4":"has-post-thumbnail","6":"product_cat-eu-warehouse-in-stock","7":"product_cat-puff-25k-bang-king-25000-vape","9":"first","10":"instock","11":"shipping-taxable","12":"purchasable","13":"product-type-variable"},"acf":[],"yoast_head":"<!-- This site is optimized with the Yoast SEO Premium plugin v26.1 (Yoast SEO v27.5) - https:\/\/yoast.com\/product\/yoast-seo-premium-wordpress\/ -->\n<title>Watermelon Ice \ud83c\udf49\ud83e\uddca - Bang King 25000 Puffs Disposable Puff 25k - vozolvapen<\/title>\n<meta name=\"description\" content=\"Shop Watermelon Ice Puff 25k Bang King 25000 Puffs. 46mL dual pods, Smart LCD, and 25000 Puffs capacity. Fast shipping for this top-tier bang king 25000.\" \/>\n<meta name=\"robots\" content=\"index, follow, max-snippet:-1, max-image-preview:large, max-video-preview:-1\" \/>\n<link rel=\"canonical\" href=\"https:\/\/vozolvapen.de\/pl\/product\/puff-25k-bang-king-25000-watermelon-ice\/\" \/>\n<meta property=\"og:locale\" content=\"pl_PL\" \/>\n<meta property=\"og:type\" content=\"article\" \/>\n<meta property=\"og:title\" content=\"Puff 25k Bang King 25000 - Watermelon Ice\" \/>\n<meta property=\"og:description\" content=\"Shop Watermelon Ice Puff 25k Bang King 25000 Puffs. 46mL dual pods, Smart LCD, and 25000 Puffs capacity. Fast shipping for this top-tier bang king 25000.\" \/>\n<meta property=\"og:url\" content=\"https:\/\/vozolvapen.de\/pl\/product\/puff-25k-bang-king-25000-watermelon-ice\/\" \/>\n<meta property=\"og:site_name\" content=\"vozolvapen\" \/>\n<meta property=\"article:modified_time\" content=\"2026-02-10T12:38:29+00:00\" \/>\n<meta property=\"og:image\" content=\"https:\/\/vozolvapen.de\/wp-content\/uploads\/2025\/12\/Puff-25k-Bang-King-25000-Puffs-Watermelon-Ice.webp\" \/>\n\t<meta property=\"og:image:width\" content=\"1200\" \/>\n\t<meta property=\"og:image:height\" content=\"817\" \/>\n\t<meta property=\"og:image:type\" content=\"image\/webp\" \/>\n<meta name=\"twitter:card\" content=\"summary_large_image\" \/>\n<meta name=\"twitter:label1\" content=\"Szacowany czas czytania\" \/>\n\t<meta name=\"twitter:data1\" content=\"2 minuty\" \/>\n<script type=\"application\/ld+json\" class=\"yoast-schema-graph\">{\"@context\":\"https:\\\/\\\/schema.org\",\"@graph\":[{\"@type\":\"WebPage\",\"@id\":\"https:\\\/\\\/vozolvapen.de\\\/product\\\/puff-25k-bang-king-25000-watermelon-ice\\\/\",\"url\":\"https:\\\/\\\/vozolvapen.de\\\/product\\\/puff-25k-bang-king-25000-watermelon-ice\\\/\",\"name\":\"Watermelon Ice \ud83c\udf49\ud83e\uddca - Bang King 25000 Puffs Disposable Puff 25k - vozolvapen\",\"isPartOf\":{\"@id\":\"https:\\\/\\\/vozolvapen.de\\\/#website\"},\"primaryImageOfPage\":{\"@id\":\"https:\\\/\\\/vozolvapen.de\\\/product\\\/puff-25k-bang-king-25000-watermelon-ice\\\/#primaryimage\"},\"image\":{\"@id\":\"https:\\\/\\\/vozolvapen.de\\\/product\\\/puff-25k-bang-king-25000-watermelon-ice\\\/#primaryimage\"},\"thumbnailUrl\":\"https:\\\/\\\/vozolvapen.de\\\/wp-content\\\/uploads\\\/2025\\\/12\\\/Puff-25k-Bang-King-25000-Puffs-Watermelon-Ice.webp\",\"datePublished\":\"2025-12-12T10:11:02+00:00\",\"dateModified\":\"2026-02-10T12:38:29+00:00\",\"description\":\"Shop Watermelon Ice Puff 25k Bang King 25000 Puffs. 46mL dual pods, Smart LCD, and 25000 Puffs capacity. Fast shipping for this top-tier bang king 25000.\",\"breadcrumb\":{\"@id\":\"https:\\\/\\\/vozolvapen.de\\\/product\\\/puff-25k-bang-king-25000-watermelon-ice\\\/#breadcrumb\"},\"inLanguage\":\"pl-PL\",\"potentialAction\":[{\"@type\":\"ReadAction\",\"target\":[\"https:\\\/\\\/vozolvapen.de\\\/product\\\/puff-25k-bang-king-25000-watermelon-ice\\\/\"]}]},{\"@type\":\"ImageObject\",\"inLanguage\":\"pl-PL\",\"@id\":\"https:\\\/\\\/vozolvapen.de\\\/product\\\/puff-25k-bang-king-25000-watermelon-ice\\\/#primaryimage\",\"url\":\"https:\\\/\\\/vozolvapen.de\\\/wp-content\\\/uploads\\\/2025\\\/12\\\/Puff-25k-Bang-King-25000-Puffs-Watermelon-Ice.webp\",\"contentUrl\":\"https:\\\/\\\/vozolvapen.de\\\/wp-content\\\/uploads\\\/2025\\\/12\\\/Puff-25k-Bang-King-25000-Puffs-Watermelon-Ice.webp\",\"width\":1200,\"height\":817,\"caption\":\"Puff 25k Bang King 25000 Puffs - Watermelon Ice\"},{\"@type\":\"BreadcrumbList\",\"@id\":\"https:\\\/\\\/vozolvapen.de\\\/product\\\/puff-25k-bang-king-25000-watermelon-ice\\\/#breadcrumb\",\"itemListElement\":[{\"@type\":\"ListItem\",\"position\":1,\"name\":\"Home\",\"item\":\"https:\\\/\\\/vozolvapen.de\\\/de\\\/\"},{\"@type\":\"ListItem\",\"position\":2,\"name\":\"Shop\",\"item\":\"https:\\\/\\\/vozolvapen.de\\\/shop\\\/\"},{\"@type\":\"ListItem\",\"position\":3,\"name\":\"Puff 25k Bang King 25000 &#8211; Watermelon Ice\"}]},{\"@type\":\"WebSite\",\"@id\":\"https:\\\/\\\/vozolvapen.de\\\/#website\",\"url\":\"https:\\\/\\\/vozolvapen.de\\\/\",\"name\":\"vozolvapen\",\"description\":\"vozolvapen\",\"publisher\":{\"@id\":\"https:\\\/\\\/vozolvapen.de\\\/#organization\"},\"potentialAction\":[{\"@type\":\"SearchAction\",\"target\":{\"@type\":\"EntryPoint\",\"urlTemplate\":\"https:\\\/\\\/vozolvapen.de\\\/?s={search_term_string}\"},\"query-input\":{\"@type\":\"PropertyValueSpecification\",\"valueRequired\":true,\"valueName\":\"search_term_string\"}}],\"inLanguage\":\"pl-PL\"},{\"@type\":\"Organization\",\"@id\":\"https:\\\/\\\/vozolvapen.de\\\/#organization\",\"name\":\"vozolvapen\",\"url\":\"https:\\\/\\\/vozolvapen.de\\\/\",\"logo\":{\"@type\":\"ImageObject\",\"inLanguage\":\"pl-PL\",\"@id\":\"https:\\\/\\\/vozolvapen.de\\\/#\\\/schema\\\/logo\\\/image\\\/\",\"url\":\"https:\\\/\\\/vozolvapen.de\\\/wp-content\\\/uploads\\\/2025\\\/12\\\/cropped-vozovapen-logo.webp\",\"contentUrl\":\"https:\\\/\\\/vozolvapen.de\\\/wp-content\\\/uploads\\\/2025\\\/12\\\/cropped-vozovapen-logo.webp\",\"width\":470,\"height\":110,\"caption\":\"vozolvapen\"},\"image\":{\"@id\":\"https:\\\/\\\/vozolvapen.de\\\/#\\\/schema\\\/logo\\\/image\\\/\"}}]}<\/script>\n<!-- \/ Yoast SEO Premium plugin. -->","yoast_head_json":{"title":"Watermelon Ice \ud83c\udf49\ud83e\uddca - Bang King 25000 Puff\u00f3w Jednorazowych 25k - vozolvapen","description":"Shop Watermelon Ice Puff 25k Bang King 25000 Puffs. Podw\u00f3jne kapsu\u0142ki 46 ml, inteligentny wy\u015bwietlacz LCD i pojemno\u015b\u0107 25000 puff\u00f3w. Szybka wysy\u0142ka tego najwy\u017cszej klasy bang king 25000.","robots":{"index":"index","follow":"follow","max-snippet":"max-snippet:-1","max-image-preview":"max-image-preview:large","max-video-preview":"max-video-preview:-1"},"canonical":"https:\/\/vozolvapen.de\/pl\/product\/puff-25k-bang-king-25000-watermelon-ice\/","og_locale":"pl_PL","og_type":"article","og_title":"Puff 25k Bang King 25000 - Watermelon Ice","og_description":"Shop Watermelon Ice Puff 25k Bang King 25000 Puffs. 46mL dual pods, Smart LCD, and 25000 Puffs capacity. Fast shipping for this top-tier bang king 25000.","og_url":"https:\/\/vozolvapen.de\/pl\/product\/puff-25k-bang-king-25000-watermelon-ice\/","og_site_name":"vozolvapen","article_modified_time":"2026-02-10T12:38:29+00:00","og_image":[{"width":1200,"height":817,"url":"https:\/\/vozolvapen.de\/wp-content\/uploads\/2025\/12\/Puff-25k-Bang-King-25000-Puffs-Watermelon-Ice.webp","type":"image\/webp"}],"twitter_card":"summary_large_image","twitter_misc":{"Szacowany czas czytania":"2 minuty"},"schema":{"@context":"https:\/\/schema.org","@graph":[{"@type":"WebPage","@id":"https:\/\/vozolvapen.de\/product\/puff-25k-bang-king-25000-watermelon-ice\/","url":"https:\/\/vozolvapen.de\/product\/puff-25k-bang-king-25000-watermelon-ice\/","name":"Watermelon Ice \ud83c\udf49\ud83e\uddca - Bang King 25000 Puff\u00f3w Jednorazowych 25k - vozolvapen","isPartOf":{"@id":"https:\/\/vozolvapen.de\/#website"},"primaryImageOfPage":{"@id":"https:\/\/vozolvapen.de\/product\/puff-25k-bang-king-25000-watermelon-ice\/#primaryimage"},"image":{"@id":"https:\/\/vozolvapen.de\/product\/puff-25k-bang-king-25000-watermelon-ice\/#primaryimage"},"thumbnailUrl":"https:\/\/vozolvapen.de\/wp-content\/uploads\/2025\/12\/Puff-25k-Bang-King-25000-Puffs-Watermelon-Ice.webp","datePublished":"2025-12-12T10:11:02+00:00","dateModified":"2026-02-10T12:38:29+00:00","description":"Shop Watermelon Ice Puff 25k Bang King 25000 Puffs. Podw\u00f3jne kapsu\u0142ki 46 ml, inteligentny wy\u015bwietlacz LCD i pojemno\u015b\u0107 25000 puff\u00f3w. Szybka wysy\u0142ka tego najwy\u017cszej klasy bang king 25000.","breadcrumb":{"@id":"https:\/\/vozolvapen.de\/product\/puff-25k-bang-king-25000-watermelon-ice\/#breadcrumb"},"inLanguage":"pl-PL","potentialAction":[{"@type":"ReadAction","target":["https:\/\/vozolvapen.de\/product\/puff-25k-bang-king-25000-watermelon-ice\/"]}]},{"@type":"ImageObject","inLanguage":"pl-PL","@id":"https:\/\/vozolvapen.de\/product\/puff-25k-bang-king-25000-watermelon-ice\/#primaryimage","url":"https:\/\/vozolvapen.de\/wp-content\/uploads\/2025\/12\/Puff-25k-Bang-King-25000-Puffs-Watermelon-Ice.webp","contentUrl":"https:\/\/vozolvapen.de\/wp-content\/uploads\/2025\/12\/Puff-25k-Bang-King-25000-Puffs-Watermelon-Ice.webp","width":1200,"height":817,"caption":"Puff 25k Bang King 25000 Puffs - Watermelon Ice"},{"@type":"BreadcrumbList","@id":"https:\/\/vozolvapen.de\/product\/puff-25k-bang-king-25000-watermelon-ice\/#breadcrumb","itemListElement":[{"@type":"ListItem","position":1,"name":"Home","item":"https:\/\/vozolvapen.de\/de\/"},{"@type":"ListItem","position":2,"name":"Shop","item":"https:\/\/vozolvapen.de\/shop\/"},{"@type":"ListItem","position":3,"name":"Puff 25k Bang King 25000 &#8211; Watermelon Ice"}]},{"@type":"WebSite","@id":"https:\/\/vozolvapen.de\/#website","url":"https:\/\/vozolvapen.de\/","name":"vozolvapen","description":"vozolvapen","publisher":{"@id":"https:\/\/vozolvapen.de\/#organization"},"potentialAction":[{"@type":"SearchAction","target":{"@type":"EntryPoint","urlTemplate":"https:\/\/vozolvapen.de\/?s={search_term_string}"},"query-input":{"@type":"PropertyValueSpecification","valueRequired":true,"valueName":"search_term_string"}}],"inLanguage":"pl-PL"},{"@type":"Organization","@id":"https:\/\/vozolvapen.de\/#organization","name":"vozolvapen","url":"https:\/\/vozolvapen.de\/","logo":{"@type":"ImageObject","inLanguage":"pl-PL","@id":"https:\/\/vozolvapen.de\/#\/schema\/logo\/image\/","url":"https:\/\/vozolvapen.de\/wp-content\/uploads\/2025\/12\/cropped-vozovapen-logo.webp","contentUrl":"https:\/\/vozolvapen.de\/wp-content\/uploads\/2025\/12\/cropped-vozovapen-logo.webp","width":470,"height":110,"caption":"vozolvapen"},"image":{"@id":"https:\/\/vozolvapen.de\/#\/schema\/logo\/image\/"}}]}},"tiered_pricing_type":"fixed","tiered_pricing_fixed_rules":{"30":"10.5","50":"8.5","100":"7.5","200":"6.8"},"tiered_pricing_product_settings":{"layout":"default","base_unit_name":{"singular":null,"plural":null},"default_variation":null},"tiered_pricing_minimum_quantity":10,"tiered_pricing_roles_data":[],"tiered_pricing_percentage_rules":[],"tiered_pricing_maximum_quantity":null,"tiered_pricing_quantity_step":"10","_links":{"self":[{"href":"http:\/\/vozolvapen.de\/pl\/wp-json\/wp\/v2\/product\/25768","targetHints":{"allow":["GET"]}}],"collection":[{"href":"http:\/\/vozolvapen.de\/pl\/wp-json\/wp\/v2\/product"}],"about":[{"href":"http:\/\/vozolvapen.de\/pl\/wp-json\/wp\/v2\/types\/product"}],"replies":[{"embeddable":true,"href":"http:\/\/vozolvapen.de\/pl\/wp-json\/wp\/v2\/comments?post=25768"}],"wp:featuredmedia":[{"embeddable":true,"href":"http:\/\/vozolvapen.de\/pl\/wp-json\/wp\/v2\/media\/26248"}],"wp:attachment":[{"href":"http:\/\/vozolvapen.de\/pl\/wp-json\/wp\/v2\/media?parent=25768"}],"wp:term":[{"taxonomy":"product_brand","embeddable":true,"href":"http:\/\/vozolvapen.de\/pl\/wp-json\/wp\/v2\/product_brand?post=25768"},{"taxonomy":"product_cat","embeddable":true,"href":"http:\/\/vozolvapen.de\/pl\/wp-json\/wp\/v2\/product_cat?post=25768"},{"taxonomy":"product_tag","embeddable":true,"href":"http:\/\/vozolvapen.de\/pl\/wp-json\/wp\/v2\/product_tag?post=25768"}],"curies":[{"name":"wp","href":"https:\/\/api.w.org\/{rel}","templated":true}]}}