{"id":26033,"date":"2025-12-12T10:11:15","date_gmt":"2025-12-12T10:11:15","guid":{"rendered":"https:\/\/vozolvapen.de\/?post_type=product&#038;p=26033"},"modified":"2026-02-10T11:16:44","modified_gmt":"2026-02-10T11:16:44","slug":"puff-25k-bang-king-25000-cherry-bomb","status":"publish","type":"product","link":"http:\/\/vozolvapen.de\/pl\/product\/puff-25k-bang-king-25000-cherry-bomb\/","title":{"rendered":"Puff 25k Bang King 25000 - Cherry Bomb"},"content":{"rendered":"<h1 data-path-to-node=\"105\"><b>Puff 25k Bang King 25000 Puffs - Cherry Bomb<\/b><\/h1>\n<p data-path-to-node=\"106\">Przygotuj si\u0119 na eksplozj\u0119 smaku z Cherry Bomb w <b>Puff 25k Bang King 25000 Puffs<\/b>. To urz\u0105dzenie zosta\u0142o stworzone z my\u015bl\u0105 o intensywno\u015bci, a smak Cherry Bomb w pe\u0142ni wykorzystuje jego mo\u017cliwo\u015bci. <b>Bang King Puff<\/b>\u2018wydajne dostarczanie mocy, aby zapewni\u0107 solidne, d\u0142ugotrwa\u0142e doznania smakowe.<\/p>\n<h2 data-path-to-node=\"107\"><b>Profil smakowy: Intensywny i s\u0142odki<\/b><\/h2>\n<p data-path-to-node=\"108\">Cherry Bomb nie jest dla os\u00f3b o s\u0142abym sercu. Zapewnia g\u0142\u0119boki, bogaty, kandyzowany smak wi\u015bni, kt\u00f3ry r\u00f3wnowa\u017cy ciemn\u0105 s\u0142odycz z nut\u0105 cierpko\u015bci. Jest to odwa\u017cny profil, kt\u00f3ry pozostaje sp\u00f3jny przez ca\u0142y czas palenia <b>46 ml<\/b> Zasilanie e-liquidem zapewnia, \u017ce ka\u017cde zaci\u0105gni\u0119cie si\u0119 jest tak samo efektowne jak pierwsze.<\/p>\n<h2 data-path-to-node=\"109\"><b>Specyfikacje Bang King 25000<\/b><\/h2>\n<ul>\n<li data-path-to-node=\"110,0,0\"><b>Model:<\/b> <b>Bang King 25000<\/b> (<b>Puff 25k<\/b>)<\/li>\n<li data-path-to-node=\"110,1,0\"><b>Pojemno\u015b\u0107:<\/b> <b>46 ml<\/b> (2 kapsu\u0142ki 23 ml)<\/li>\n<li data-path-to-node=\"110,2,0\"><b>Bateria:<\/b> Akumulator 650 mAh<\/li>\n<li data-path-to-node=\"110,3,0\"><b>Wy\u015bwietlacz:<\/b> Inteligentny ekran LCD<\/li>\n<li data-path-to-node=\"110,4,0\"><b>Nikotyna:<\/b> 0%\/2%\/3%\/5%<\/li>\n<\/ul>\n<h2>Ocena smaku - Wi\u015bniowa bomba<\/h2>\n<ul data-path-to-node=\"27\">\n<li>\n<p data-path-to-node=\"27,0,0\"><b>Poziom lodu:<\/b> \u2605\u2605\u2605\u2606\u2606 (zr\u00f3wnowa\u017cony)<\/p>\n<\/li>\n<li>\n<p data-path-to-node=\"27,1,0\"><b>S\u0142odycz:<\/b> \u2605\u2605\u2605\u2605\u2605 (Intense Candy)<\/p>\n<\/li>\n<li>\n<p data-path-to-node=\"27,2,0\"><b>Aromat:<\/b> \u2605\u2605\u2605\u2605\u2605 (Bold Cherry)<\/p>\n<\/li>\n<\/ul>\n<blockquote data-path-to-node=\"28\">\n<p data-path-to-node=\"28,0\"><b>Werdykt:<\/b> Pot\u0119\u017cny smak. Bardzo s\u0142odki i bardzo aromatyczny, na\u015bladuj\u0105cy bogate wi\u015bniowe twarde cukierki.<\/p>\n<\/blockquote>\n<h2><strong>Bang King 25000 Puffs <\/strong><strong>Wideo\uff1a<\/strong><\/h2>\n<div style=\"width: 720px;\" class=\"wp-video\"><video class=\"wp-video-shortcode\" id=\"video-26033-1\" width=\"720\" height=\"1280\" preload=\"metadata\" controls=\"controls\"><source type=\"video\/mp4\" src=\"https:\/\/vozolvapen.de\/wp-content\/uploads\/2025\/12\/bnag-king-25k.mp4?_=1\" \/><a href=\"https:\/\/vozolvapen.de\/wp-content\/uploads\/2025\/12\/bnag-king-25k.mp4\">https:\/\/vozolvapen.de\/wp-content\/uploads\/2025\/12\/bnag-king-25k.mp4<\/a><\/video><\/div>\n<h3 dir=\"auto\">Oto dalsze zalecenia dla Ciebie:<\/h3>\n<p dir=\"auto\">Odkryj jeszcze wi\u0119cej niesamowitych smak\u00f3w dzi\u0119ki Puff 25k Bang King 25000 Vape!<\/p>\n<p dir=\"auto\"><a href=\"https:\/\/vozolvapen.de\/pl\/product-category\/bang-vape\/puff-25k-bang-king-25000-vape\/\" target=\"_blank\" rel=\"noopener noreferrer nofollow\">Zobacz wszystkie odmiany tutaj \u2192<\/a><\/p>\n<p dir=\"auto\">Zapoznaj si\u0119 z nasz\u0105 pe\u0142n\u0105 kolekcj\u0105 i kupuj produkty najlepszych marek vape, kt\u00f3re pokochasz.<\/p>\n<p dir=\"auto\"><a href=\"https:\/\/vozolvapen.de\/pl\/\" target=\"_blank\" rel=\"noopener noreferrer nofollow\">Przegl\u0105daj teraz wszystkie marki \u2192<\/a><\/p>\n<p dir=\"auto\">Sprawd\u017a ca\u0142\u0105 seri\u0119 Bang Vape - ka\u017cdy smak, ka\u017cdy styl!<\/p>\n<p dir=\"auto\"><a href=\"https:\/\/vozolvapen.de\/pl\/product-category\/bang-vape\/\" target=\"_blank\" rel=\"noopener noreferrer nofollow\">Zobacz pe\u0142n\u0105 kolekcj\u0119 Bang Vape \u2192<\/a><\/p>","protected":false},"excerpt":{"rendered":"<p>Intensywny, odwa\u017cny smak kandyzowanych wi\u015bni. S\u0142odki, bogaty i niezapomniany - ten smak jest dla tych, kt\u00f3rzy pragn\u0105 maksymalnej intensywno\u015bci owoc\u00f3w.<\/p>","protected":false},"featured_media":26253,"comment_status":"open","ping_status":"closed","template":"","meta":{"_acf_changed":false},"product_brand":[],"product_cat":[134,78],"product_tag":[],"class_list":{"0":"post-26033","1":"product","2":"type-product","3":"status-publish","4":"has-post-thumbnail","6":"product_cat-eu-warehouse-in-stock","7":"product_cat-puff-25k-bang-king-25000-vape","9":"first","10":"instock","11":"shipping-taxable","12":"purchasable","13":"product-type-variable"},"acf":[],"yoast_head":"<!-- This site is optimized with the Yoast SEO Premium plugin v26.1 (Yoast SEO v27.5) - https:\/\/yoast.com\/product\/yoast-seo-premium-wordpress\/ -->\n<title>Cherry Bomb \ud83c\udf52\ud83d\udca3 - Puff 25k Bang King 25000 Puffs Disposable - vozolvapen<\/title>\n<meta name=\"description\" content=\"Ignite your taste buds with Cherry Bomb Puff 25k Bang King 25000 Puffs. 25000 Puffs, 46mL capacity. An intense flavor experience from bang king 25000.\" \/>\n<meta name=\"robots\" content=\"index, follow, max-snippet:-1, max-image-preview:large, max-video-preview:-1\" \/>\n<link rel=\"canonical\" href=\"https:\/\/vozolvapen.de\/pl\/product\/puff-25k-bang-king-25000-cherry-bomb\/\" \/>\n<meta property=\"og:locale\" content=\"pl_PL\" \/>\n<meta property=\"og:type\" content=\"article\" \/>\n<meta property=\"og:title\" content=\"Puff 25k Bang King 25000 - Cherry Bomb\" \/>\n<meta property=\"og:description\" content=\"Ignite your taste buds with Cherry Bomb Puff 25k Bang King 25000 Puffs. 25000 Puffs, 46mL capacity. An intense flavor experience from bang king 25000.\" \/>\n<meta property=\"og:url\" content=\"https:\/\/vozolvapen.de\/pl\/product\/puff-25k-bang-king-25000-cherry-bomb\/\" \/>\n<meta property=\"og:site_name\" content=\"vozolvapen\" \/>\n<meta property=\"article:modified_time\" content=\"2026-02-10T11:16:44+00:00\" \/>\n<meta property=\"og:image\" content=\"https:\/\/vozolvapen.de\/wp-content\/uploads\/2025\/12\/Puff-25k-Bang-King-25000-Puffs-Cherry-Bomb.webp\" \/>\n\t<meta property=\"og:image:width\" content=\"1200\" \/>\n\t<meta property=\"og:image:height\" content=\"817\" \/>\n\t<meta property=\"og:image:type\" content=\"image\/webp\" \/>\n<meta name=\"twitter:card\" content=\"summary_large_image\" \/>\n<meta name=\"twitter:label1\" content=\"Szacowany czas czytania\" \/>\n\t<meta name=\"twitter:data1\" content=\"2 minuty\" \/>\n<script type=\"application\/ld+json\" class=\"yoast-schema-graph\">{\"@context\":\"https:\\\/\\\/schema.org\",\"@graph\":[{\"@type\":\"WebPage\",\"@id\":\"https:\\\/\\\/vozolvapen.de\\\/product\\\/puff-25k-bang-king-25000-cherry-bomb\\\/\",\"url\":\"https:\\\/\\\/vozolvapen.de\\\/product\\\/puff-25k-bang-king-25000-cherry-bomb\\\/\",\"name\":\"Cherry Bomb \ud83c\udf52\ud83d\udca3 - Puff 25k Bang King 25000 Puffs Disposable - vozolvapen\",\"isPartOf\":{\"@id\":\"https:\\\/\\\/vozolvapen.de\\\/#website\"},\"primaryImageOfPage\":{\"@id\":\"https:\\\/\\\/vozolvapen.de\\\/product\\\/puff-25k-bang-king-25000-cherry-bomb\\\/#primaryimage\"},\"image\":{\"@id\":\"https:\\\/\\\/vozolvapen.de\\\/product\\\/puff-25k-bang-king-25000-cherry-bomb\\\/#primaryimage\"},\"thumbnailUrl\":\"https:\\\/\\\/vozolvapen.de\\\/wp-content\\\/uploads\\\/2025\\\/12\\\/Puff-25k-Bang-King-25000-Puffs-Cherry-Bomb.webp\",\"datePublished\":\"2025-12-12T10:11:15+00:00\",\"dateModified\":\"2026-02-10T11:16:44+00:00\",\"description\":\"Ignite your taste buds with Cherry Bomb Puff 25k Bang King 25000 Puffs. 25000 Puffs, 46mL capacity. An intense flavor experience from bang king 25000.\",\"breadcrumb\":{\"@id\":\"https:\\\/\\\/vozolvapen.de\\\/product\\\/puff-25k-bang-king-25000-cherry-bomb\\\/#breadcrumb\"},\"inLanguage\":\"pl-PL\",\"potentialAction\":[{\"@type\":\"ReadAction\",\"target\":[\"https:\\\/\\\/vozolvapen.de\\\/product\\\/puff-25k-bang-king-25000-cherry-bomb\\\/\"]}]},{\"@type\":\"ImageObject\",\"inLanguage\":\"pl-PL\",\"@id\":\"https:\\\/\\\/vozolvapen.de\\\/product\\\/puff-25k-bang-king-25000-cherry-bomb\\\/#primaryimage\",\"url\":\"https:\\\/\\\/vozolvapen.de\\\/wp-content\\\/uploads\\\/2025\\\/12\\\/Puff-25k-Bang-King-25000-Puffs-Cherry-Bomb.webp\",\"contentUrl\":\"https:\\\/\\\/vozolvapen.de\\\/wp-content\\\/uploads\\\/2025\\\/12\\\/Puff-25k-Bang-King-25000-Puffs-Cherry-Bomb.webp\",\"width\":1200,\"height\":817,\"caption\":\"Puff 25k Bang King 25000 Puffs - Cherry Bomb\"},{\"@type\":\"BreadcrumbList\",\"@id\":\"https:\\\/\\\/vozolvapen.de\\\/product\\\/puff-25k-bang-king-25000-cherry-bomb\\\/#breadcrumb\",\"itemListElement\":[{\"@type\":\"ListItem\",\"position\":1,\"name\":\"Home\",\"item\":\"https:\\\/\\\/vozolvapen.de\\\/de\\\/\"},{\"@type\":\"ListItem\",\"position\":2,\"name\":\"Shop\",\"item\":\"https:\\\/\\\/vozolvapen.de\\\/shop\\\/\"},{\"@type\":\"ListItem\",\"position\":3,\"name\":\"Puff 25k Bang King 25000 &#8211; Cherry Bomb\"}]},{\"@type\":\"WebSite\",\"@id\":\"https:\\\/\\\/vozolvapen.de\\\/#website\",\"url\":\"https:\\\/\\\/vozolvapen.de\\\/\",\"name\":\"vozolvapen\",\"description\":\"vozolvapen\",\"publisher\":{\"@id\":\"https:\\\/\\\/vozolvapen.de\\\/#organization\"},\"potentialAction\":[{\"@type\":\"SearchAction\",\"target\":{\"@type\":\"EntryPoint\",\"urlTemplate\":\"https:\\\/\\\/vozolvapen.de\\\/?s={search_term_string}\"},\"query-input\":{\"@type\":\"PropertyValueSpecification\",\"valueRequired\":true,\"valueName\":\"search_term_string\"}}],\"inLanguage\":\"pl-PL\"},{\"@type\":\"Organization\",\"@id\":\"https:\\\/\\\/vozolvapen.de\\\/#organization\",\"name\":\"vozolvapen\",\"url\":\"https:\\\/\\\/vozolvapen.de\\\/\",\"logo\":{\"@type\":\"ImageObject\",\"inLanguage\":\"pl-PL\",\"@id\":\"https:\\\/\\\/vozolvapen.de\\\/#\\\/schema\\\/logo\\\/image\\\/\",\"url\":\"https:\\\/\\\/vozolvapen.de\\\/wp-content\\\/uploads\\\/2025\\\/12\\\/cropped-vozovapen-logo.webp\",\"contentUrl\":\"https:\\\/\\\/vozolvapen.de\\\/wp-content\\\/uploads\\\/2025\\\/12\\\/cropped-vozovapen-logo.webp\",\"width\":470,\"height\":110,\"caption\":\"vozolvapen\"},\"image\":{\"@id\":\"https:\\\/\\\/vozolvapen.de\\\/#\\\/schema\\\/logo\\\/image\\\/\"}}]}<\/script>\n<!-- \/ Yoast SEO Premium plugin. -->","yoast_head_json":{"title":"Cherry Bomb \ud83c\udf52\ud83d\udca3 - Puff 25k Bang King 25000 Puff\u00f3w Jednorazowego u\u017cytku - vozolvapen","description":"Rozpal swoje kubki smakowe dzi\u0119ki Cherry Bomb Puff 25k Bang King 25000 Puffs. 25000 puff\u00f3w, pojemno\u015b\u0107 46 ml. Intensywne doznania smakowe z bang king 25000.","robots":{"index":"index","follow":"follow","max-snippet":"max-snippet:-1","max-image-preview":"max-image-preview:large","max-video-preview":"max-video-preview:-1"},"canonical":"https:\/\/vozolvapen.de\/pl\/product\/puff-25k-bang-king-25000-cherry-bomb\/","og_locale":"pl_PL","og_type":"article","og_title":"Puff 25k Bang King 25000 - Cherry Bomb","og_description":"Ignite your taste buds with Cherry Bomb Puff 25k Bang King 25000 Puffs. 25000 Puffs, 46mL capacity. An intense flavor experience from bang king 25000.","og_url":"https:\/\/vozolvapen.de\/pl\/product\/puff-25k-bang-king-25000-cherry-bomb\/","og_site_name":"vozolvapen","article_modified_time":"2026-02-10T11:16:44+00:00","og_image":[{"width":1200,"height":817,"url":"https:\/\/vozolvapen.de\/wp-content\/uploads\/2025\/12\/Puff-25k-Bang-King-25000-Puffs-Cherry-Bomb.webp","type":"image\/webp"}],"twitter_card":"summary_large_image","twitter_misc":{"Szacowany czas czytania":"2 minuty"},"schema":{"@context":"https:\/\/schema.org","@graph":[{"@type":"WebPage","@id":"https:\/\/vozolvapen.de\/product\/puff-25k-bang-king-25000-cherry-bomb\/","url":"https:\/\/vozolvapen.de\/product\/puff-25k-bang-king-25000-cherry-bomb\/","name":"Cherry Bomb \ud83c\udf52\ud83d\udca3 - Puff 25k Bang King 25000 Puff\u00f3w Jednorazowego u\u017cytku - vozolvapen","isPartOf":{"@id":"https:\/\/vozolvapen.de\/#website"},"primaryImageOfPage":{"@id":"https:\/\/vozolvapen.de\/product\/puff-25k-bang-king-25000-cherry-bomb\/#primaryimage"},"image":{"@id":"https:\/\/vozolvapen.de\/product\/puff-25k-bang-king-25000-cherry-bomb\/#primaryimage"},"thumbnailUrl":"https:\/\/vozolvapen.de\/wp-content\/uploads\/2025\/12\/Puff-25k-Bang-King-25000-Puffs-Cherry-Bomb.webp","datePublished":"2025-12-12T10:11:15+00:00","dateModified":"2026-02-10T11:16:44+00:00","description":"Rozpal swoje kubki smakowe dzi\u0119ki Cherry Bomb Puff 25k Bang King 25000 Puffs. 25000 puff\u00f3w, pojemno\u015b\u0107 46 ml. Intensywne doznania smakowe z bang king 25000.","breadcrumb":{"@id":"https:\/\/vozolvapen.de\/product\/puff-25k-bang-king-25000-cherry-bomb\/#breadcrumb"},"inLanguage":"pl-PL","potentialAction":[{"@type":"ReadAction","target":["https:\/\/vozolvapen.de\/product\/puff-25k-bang-king-25000-cherry-bomb\/"]}]},{"@type":"ImageObject","inLanguage":"pl-PL","@id":"https:\/\/vozolvapen.de\/product\/puff-25k-bang-king-25000-cherry-bomb\/#primaryimage","url":"https:\/\/vozolvapen.de\/wp-content\/uploads\/2025\/12\/Puff-25k-Bang-King-25000-Puffs-Cherry-Bomb.webp","contentUrl":"https:\/\/vozolvapen.de\/wp-content\/uploads\/2025\/12\/Puff-25k-Bang-King-25000-Puffs-Cherry-Bomb.webp","width":1200,"height":817,"caption":"Puff 25k Bang King 25000 Puffs - Cherry Bomb"},{"@type":"BreadcrumbList","@id":"https:\/\/vozolvapen.de\/product\/puff-25k-bang-king-25000-cherry-bomb\/#breadcrumb","itemListElement":[{"@type":"ListItem","position":1,"name":"Home","item":"https:\/\/vozolvapen.de\/de\/"},{"@type":"ListItem","position":2,"name":"Shop","item":"https:\/\/vozolvapen.de\/shop\/"},{"@type":"ListItem","position":3,"name":"Puff 25k Bang King 25000 &#8211; Cherry Bomb"}]},{"@type":"WebSite","@id":"https:\/\/vozolvapen.de\/#website","url":"https:\/\/vozolvapen.de\/","name":"vozolvapen","description":"vozolvapen","publisher":{"@id":"https:\/\/vozolvapen.de\/#organization"},"potentialAction":[{"@type":"SearchAction","target":{"@type":"EntryPoint","urlTemplate":"https:\/\/vozolvapen.de\/?s={search_term_string}"},"query-input":{"@type":"PropertyValueSpecification","valueRequired":true,"valueName":"search_term_string"}}],"inLanguage":"pl-PL"},{"@type":"Organization","@id":"https:\/\/vozolvapen.de\/#organization","name":"vozolvapen","url":"https:\/\/vozolvapen.de\/","logo":{"@type":"ImageObject","inLanguage":"pl-PL","@id":"https:\/\/vozolvapen.de\/#\/schema\/logo\/image\/","url":"https:\/\/vozolvapen.de\/wp-content\/uploads\/2025\/12\/cropped-vozovapen-logo.webp","contentUrl":"https:\/\/vozolvapen.de\/wp-content\/uploads\/2025\/12\/cropped-vozovapen-logo.webp","width":470,"height":110,"caption":"vozolvapen"},"image":{"@id":"https:\/\/vozolvapen.de\/#\/schema\/logo\/image\/"}}]}},"tiered_pricing_type":"fixed","tiered_pricing_fixed_rules":{"30":"10.5","50":"8.5","100":"7.5","200":"6.8"},"tiered_pricing_product_settings":{"layout":"default","base_unit_name":{"singular":null,"plural":null},"default_variation":null},"tiered_pricing_minimum_quantity":10,"tiered_pricing_roles_data":[],"tiered_pricing_percentage_rules":[],"tiered_pricing_maximum_quantity":null,"tiered_pricing_quantity_step":"10","_links":{"self":[{"href":"http:\/\/vozolvapen.de\/pl\/wp-json\/wp\/v2\/product\/26033","targetHints":{"allow":["GET"]}}],"collection":[{"href":"http:\/\/vozolvapen.de\/pl\/wp-json\/wp\/v2\/product"}],"about":[{"href":"http:\/\/vozolvapen.de\/pl\/wp-json\/wp\/v2\/types\/product"}],"replies":[{"embeddable":true,"href":"http:\/\/vozolvapen.de\/pl\/wp-json\/wp\/v2\/comments?post=26033"}],"wp:featuredmedia":[{"embeddable":true,"href":"http:\/\/vozolvapen.de\/pl\/wp-json\/wp\/v2\/media\/26253"}],"wp:attachment":[{"href":"http:\/\/vozolvapen.de\/pl\/wp-json\/wp\/v2\/media?parent=26033"}],"wp:term":[{"taxonomy":"product_brand","embeddable":true,"href":"http:\/\/vozolvapen.de\/pl\/wp-json\/wp\/v2\/product_brand?post=26033"},{"taxonomy":"product_cat","embeddable":true,"href":"http:\/\/vozolvapen.de\/pl\/wp-json\/wp\/v2\/product_cat?post=26033"},{"taxonomy":"product_tag","embeddable":true,"href":"http:\/\/vozolvapen.de\/pl\/wp-json\/wp\/v2\/product_tag?post=26033"}],"curies":[{"name":"wp","href":"https:\/\/api.w.org\/{rel}","templated":true}]}}