{"id":26193,"date":"2025-12-12T10:11:23","date_gmt":"2025-12-12T10:11:23","guid":{"rendered":"https:\/\/vozolvapen.de\/?post_type=product&#038;p=26193"},"modified":"2026-02-10T11:16:36","modified_gmt":"2026-02-10T11:16:36","slug":"puff-25k-bang-king-25000-strawberry-mango","status":"publish","type":"product","link":"http:\/\/vozolvapen.de\/pl\/product\/puff-25k-bang-king-25000-strawberry-mango\/","title":{"rendered":"Puff 25k Bang King 25000 - Strawberry Mango"},"content":{"rendered":"<h1 data-path-to-node=\"135\"><b>Puff 25k Bang King 25000 Puffs - Strawberry Mango<\/b><\/h1>\n<p data-path-to-node=\"136\">Odkryj idealn\u0105 harmoni\u0119 ogrodu i tropik\u00f3w dzi\u0119ki Strawberry Mango w kolekcji <b>Puff 25k Bang King 25000 Puffs<\/b>. Urz\u0105dzenie to oferuje niezr\u00f3wnane <b>25000 Puff\u00f3w<\/b>, zapewniaj\u0105c, \u017ce mo\u017cesz cieszy\u0107 si\u0119 tym wspania\u0142ym po\u0142\u0105czeniem przez d\u0142u\u017cszy czas dzi\u0119ki <b>Bang King Puff<\/b>\u2018architektura z dwoma podstawkami.<\/p>\n<h2 data-path-to-node=\"137\"><b>Profil smakowy: \u015awie\u017co\u015b\u0107 z ogrodu \u0142\u0105czy si\u0119 z egzotyk\u0105<\/b><\/h2>\n<p data-path-to-node=\"138\">Strawberry Mango \u0142\u0105czy w sobie znajom\u0105, czerwono-jagodow\u0105 s\u0142odycz truskawek ze z\u0142otym, tropikalnym bogactwem mango. Rezultatem jest wielowarstwowy owocowy vape, kt\u00f3ry zapewnia idealn\u0105 r\u00f3wnowag\u0119 mi\u0119dzy s\u0142odycz\u0105 a pikantno\u015bci\u0105. Sk\u0142ad <b>Inteligentny wy\u015bwietlacz LCD<\/b> wy\u015bwietlacz zapewnia, \u017ce zawsze wiesz, ile tego pysznego <b>46 ml<\/b> pozosta\u0142o\u015bci e-liquidu.<\/p>\n<h2 data-path-to-node=\"139\"><b>Specyfikacje Bang King 25000<\/b><\/h2>\n<ul>\n<li data-path-to-node=\"140,0,0\"><b>Model:<\/b> <b>Bang King 25000<\/b> (<b>Puff 25k<\/b>)<\/li>\n<li data-path-to-node=\"140,1,0\"><b>Pojemno\u015b\u0107:<\/b> <b>46 ml<\/b> (2 kapsu\u0142ki 23 ml)<\/li>\n<li data-path-to-node=\"140,2,0\"><b>Bateria:<\/b> Akumulator 650 mAh<\/li>\n<li data-path-to-node=\"140,3,0\"><b>Wy\u015bwietlacz:<\/b> Inteligentny ekran LCD<\/li>\n<li data-path-to-node=\"140,4,0\"><b>Nikotyna:<\/b> 0%\/2%\/3%\/5%<\/li>\n<\/ul>\n<h2>Ocena - Truskawka Mango<\/h2>\n<ul data-path-to-node=\"36\">\n<li>\n<p data-path-to-node=\"36,0,0\"><b>Poziom lodu:<\/b> \u2605\u2605\u2605\u2606\u2606 (Umiarkowany)<\/p>\n<\/li>\n<li>\n<p data-path-to-node=\"36,1,0\"><b>S\u0142odycz:<\/b> \u2605\u2605\u2605\u2605\u2606 (zr\u00f3wnowa\u017cona s\u0142odycz)<\/p>\n<\/li>\n<li>\n<p data-path-to-node=\"36,2,0\"><b>Aromat:<\/b> \u2605\u2605\u2605\u2605\u2606 (Sweet &amp; Tangy)<\/p>\n<\/li>\n<\/ul>\n<blockquote data-path-to-node=\"37\">\n<p data-path-to-node=\"37,0\"><b>Werdykt:<\/b> Przyci\u0105ga t\u0142umy, r\u00f3wnowa\u017c\u0105c nuty czerwonych jag\u00f3d z tropikaln\u0105 g\u0142\u0119bi\u0105. Nie za zimny, nie za s\u0142odki.<\/p>\n<\/blockquote>\n<h2><strong>Bang King 25000 Puffs <\/strong><strong>Wideo\uff1a<\/strong><\/h2>\n<div style=\"width: 720px;\" class=\"wp-video\"><video class=\"wp-video-shortcode\" id=\"video-26193-1\" width=\"720\" height=\"1280\" preload=\"metadata\" controls=\"controls\"><source type=\"video\/mp4\" src=\"https:\/\/vozolvapen.de\/wp-content\/uploads\/2025\/12\/bnag-king-25k.mp4?_=1\" \/><a href=\"https:\/\/vozolvapen.de\/wp-content\/uploads\/2025\/12\/bnag-king-25k.mp4\">https:\/\/vozolvapen.de\/wp-content\/uploads\/2025\/12\/bnag-king-25k.mp4<\/a><\/video><\/div>\n<h3 dir=\"auto\">Oto dalsze zalecenia dla Ciebie:<\/h3>\n<p dir=\"auto\">Odkryj jeszcze wi\u0119cej niesamowitych smak\u00f3w dzi\u0119ki Puff 25k Bang King 25000 Vape!<\/p>\n<p dir=\"auto\"><a href=\"https:\/\/vozolvapen.de\/pl\/product-category\/bang-vape\/puff-25k-bang-king-25000-vape\/\" target=\"_blank\" rel=\"noopener noreferrer nofollow\">Zobacz wszystkie odmiany tutaj \u2192<\/a><\/p>\n<p dir=\"auto\">Zapoznaj si\u0119 z nasz\u0105 pe\u0142n\u0105 kolekcj\u0105 i kupuj produkty najlepszych marek vape, kt\u00f3re pokochasz.<\/p>\n<p dir=\"auto\"><a href=\"https:\/\/vozolvapen.de\/pl\/\" target=\"_blank\" rel=\"noopener noreferrer nofollow\">Przegl\u0105daj teraz wszystkie marki \u2192<\/a><\/p>\n<p dir=\"auto\">Sprawd\u017a ca\u0142\u0105 seri\u0119 Bang Vape - ka\u017cdy smak, ka\u017cdy styl!<\/p>\n<p dir=\"auto\"><a href=\"https:\/\/vozolvapen.de\/pl\/product-category\/bang-vape\/\" target=\"_blank\" rel=\"noopener noreferrer nofollow\">Zobacz pe\u0142n\u0105 kolekcj\u0119 Bang Vape \u2192<\/a><\/p>","protected":false},"excerpt":{"rendered":"<p>Idealna tropikalna fuzja: znajoma s\u0142odycz truskawki po\u0142\u0105czona z egzotyczn\u0105, soczyst\u0105 g\u0142\u0119bi\u0105 mango. Dobrze zaokr\u0105glony, zachwycaj\u0105cy smak.<\/p>","protected":false},"featured_media":26256,"comment_status":"open","ping_status":"closed","template":"","meta":{"_acf_changed":false},"product_brand":[],"product_cat":[134,78],"product_tag":[],"class_list":{"0":"post-26193","1":"product","2":"type-product","3":"status-publish","4":"has-post-thumbnail","6":"product_cat-eu-warehouse-in-stock","7":"product_cat-puff-25k-bang-king-25000-vape","9":"first","10":"instock","11":"shipping-taxable","12":"purchasable","13":"product-type-variable"},"acf":[],"yoast_head":"<!-- This site is optimized with the Yoast SEO Premium plugin v26.1 (Yoast SEO v27.5) - https:\/\/yoast.com\/product\/yoast-seo-premium-wordpress\/ -->\n<title>Strawberry Mango \ud83c\udf53\ud83e\udd6d - Bang King 25000 Puffs Disposable Puff 25k - vozolvapen<\/title>\n<meta name=\"description\" content=\"Shop Strawberry Mango Puff 25k Bang King 25000 Puffs. 46mL dual pods, Smart LCD, 25000 Puffs. The perfect fruit fusion from bang king 25000.\" \/>\n<meta name=\"robots\" content=\"index, follow, max-snippet:-1, max-image-preview:large, max-video-preview:-1\" \/>\n<link rel=\"canonical\" href=\"https:\/\/vozolvapen.de\/pl\/product\/puff-25k-bang-king-25000-strawberry-mango\/\" \/>\n<meta property=\"og:locale\" content=\"pl_PL\" \/>\n<meta property=\"og:type\" content=\"article\" \/>\n<meta property=\"og:title\" content=\"Puff 25k Bang King 25000 - Strawberry Mango\" \/>\n<meta property=\"og:description\" content=\"Shop Strawberry Mango Puff 25k Bang King 25000 Puffs. 46mL dual pods, Smart LCD, 25000 Puffs. The perfect fruit fusion from bang king 25000.\" \/>\n<meta property=\"og:url\" content=\"https:\/\/vozolvapen.de\/pl\/product\/puff-25k-bang-king-25000-strawberry-mango\/\" \/>\n<meta property=\"og:site_name\" content=\"vozolvapen\" \/>\n<meta property=\"article:modified_time\" content=\"2026-02-10T11:16:36+00:00\" \/>\n<meta property=\"og:image\" content=\"https:\/\/vozolvapen.de\/wp-content\/uploads\/2025\/12\/Puff-25k-Bang-King-25000-Puffs-Triple-berry-ice-1.webp\" \/>\n\t<meta property=\"og:image:width\" content=\"1200\" \/>\n\t<meta property=\"og:image:height\" content=\"817\" \/>\n\t<meta property=\"og:image:type\" content=\"image\/webp\" \/>\n<meta name=\"twitter:card\" content=\"summary_large_image\" \/>\n<meta name=\"twitter:label1\" content=\"Szacowany czas czytania\" \/>\n\t<meta name=\"twitter:data1\" content=\"2 minuty\" \/>\n<script type=\"application\/ld+json\" class=\"yoast-schema-graph\">{\"@context\":\"https:\\\/\\\/schema.org\",\"@graph\":[{\"@type\":\"WebPage\",\"@id\":\"https:\\\/\\\/vozolvapen.de\\\/product\\\/puff-25k-bang-king-25000-strawberry-mango\\\/\",\"url\":\"https:\\\/\\\/vozolvapen.de\\\/product\\\/puff-25k-bang-king-25000-strawberry-mango\\\/\",\"name\":\"Strawberry Mango \ud83c\udf53\ud83e\udd6d - Bang King 25000 Puffs Disposable Puff 25k - vozolvapen\",\"isPartOf\":{\"@id\":\"https:\\\/\\\/vozolvapen.de\\\/#website\"},\"primaryImageOfPage\":{\"@id\":\"https:\\\/\\\/vozolvapen.de\\\/product\\\/puff-25k-bang-king-25000-strawberry-mango\\\/#primaryimage\"},\"image\":{\"@id\":\"https:\\\/\\\/vozolvapen.de\\\/product\\\/puff-25k-bang-king-25000-strawberry-mango\\\/#primaryimage\"},\"thumbnailUrl\":\"https:\\\/\\\/vozolvapen.de\\\/wp-content\\\/uploads\\\/2025\\\/12\\\/Puff-25k-Bang-King-25000-Puffs-Triple-berry-ice-1.webp\",\"datePublished\":\"2025-12-12T10:11:23+00:00\",\"dateModified\":\"2026-02-10T11:16:36+00:00\",\"description\":\"Shop Strawberry Mango Puff 25k Bang King 25000 Puffs. 46mL dual pods, Smart LCD, 25000 Puffs. The perfect fruit fusion from bang king 25000.\",\"breadcrumb\":{\"@id\":\"https:\\\/\\\/vozolvapen.de\\\/product\\\/puff-25k-bang-king-25000-strawberry-mango\\\/#breadcrumb\"},\"inLanguage\":\"pl-PL\",\"potentialAction\":[{\"@type\":\"ReadAction\",\"target\":[\"https:\\\/\\\/vozolvapen.de\\\/product\\\/puff-25k-bang-king-25000-strawberry-mango\\\/\"]}]},{\"@type\":\"ImageObject\",\"inLanguage\":\"pl-PL\",\"@id\":\"https:\\\/\\\/vozolvapen.de\\\/product\\\/puff-25k-bang-king-25000-strawberry-mango\\\/#primaryimage\",\"url\":\"https:\\\/\\\/vozolvapen.de\\\/wp-content\\\/uploads\\\/2025\\\/12\\\/Puff-25k-Bang-King-25000-Puffs-Triple-berry-ice-1.webp\",\"contentUrl\":\"https:\\\/\\\/vozolvapen.de\\\/wp-content\\\/uploads\\\/2025\\\/12\\\/Puff-25k-Bang-King-25000-Puffs-Triple-berry-ice-1.webp\",\"width\":1200,\"height\":817,\"caption\":\"Puff 25k Bang King 25000 Puffs - Triple berry ice\"},{\"@type\":\"BreadcrumbList\",\"@id\":\"https:\\\/\\\/vozolvapen.de\\\/product\\\/puff-25k-bang-king-25000-strawberry-mango\\\/#breadcrumb\",\"itemListElement\":[{\"@type\":\"ListItem\",\"position\":1,\"name\":\"Home\",\"item\":\"https:\\\/\\\/vozolvapen.de\\\/de\\\/\"},{\"@type\":\"ListItem\",\"position\":2,\"name\":\"Shop\",\"item\":\"https:\\\/\\\/vozolvapen.de\\\/shop\\\/\"},{\"@type\":\"ListItem\",\"position\":3,\"name\":\"Puff 25k Bang King 25000 &#8211; Strawberry Mango\"}]},{\"@type\":\"WebSite\",\"@id\":\"https:\\\/\\\/vozolvapen.de\\\/#website\",\"url\":\"https:\\\/\\\/vozolvapen.de\\\/\",\"name\":\"vozolvapen\",\"description\":\"vozolvapen\",\"publisher\":{\"@id\":\"https:\\\/\\\/vozolvapen.de\\\/#organization\"},\"potentialAction\":[{\"@type\":\"SearchAction\",\"target\":{\"@type\":\"EntryPoint\",\"urlTemplate\":\"https:\\\/\\\/vozolvapen.de\\\/?s={search_term_string}\"},\"query-input\":{\"@type\":\"PropertyValueSpecification\",\"valueRequired\":true,\"valueName\":\"search_term_string\"}}],\"inLanguage\":\"pl-PL\"},{\"@type\":\"Organization\",\"@id\":\"https:\\\/\\\/vozolvapen.de\\\/#organization\",\"name\":\"vozolvapen\",\"url\":\"https:\\\/\\\/vozolvapen.de\\\/\",\"logo\":{\"@type\":\"ImageObject\",\"inLanguage\":\"pl-PL\",\"@id\":\"https:\\\/\\\/vozolvapen.de\\\/#\\\/schema\\\/logo\\\/image\\\/\",\"url\":\"https:\\\/\\\/vozolvapen.de\\\/wp-content\\\/uploads\\\/2025\\\/12\\\/cropped-vozovapen-logo.webp\",\"contentUrl\":\"https:\\\/\\\/vozolvapen.de\\\/wp-content\\\/uploads\\\/2025\\\/12\\\/cropped-vozovapen-logo.webp\",\"width\":470,\"height\":110,\"caption\":\"vozolvapen\"},\"image\":{\"@id\":\"https:\\\/\\\/vozolvapen.de\\\/#\\\/schema\\\/logo\\\/image\\\/\"}}]}<\/script>\n<!-- \/ Yoast SEO Premium plugin. -->","yoast_head_json":{"title":"Strawberry Mango \ud83c\udf53\ud83e\udd6d - Bang King 25000 Puff\u00f3w Jednorazowych 25k - vozolvapen","description":"Sklep Strawberry Mango Puff 25k Bang King 25000 Puffs. Podw\u00f3jne kapsu\u0142ki 46 ml, inteligentny wy\u015bwietlacz LCD, 25000 puff\u00f3w. Idealna owocowa fuzja od bang king 25000.","robots":{"index":"index","follow":"follow","max-snippet":"max-snippet:-1","max-image-preview":"max-image-preview:large","max-video-preview":"max-video-preview:-1"},"canonical":"https:\/\/vozolvapen.de\/pl\/product\/puff-25k-bang-king-25000-strawberry-mango\/","og_locale":"pl_PL","og_type":"article","og_title":"Puff 25k Bang King 25000 - Strawberry Mango","og_description":"Shop Strawberry Mango Puff 25k Bang King 25000 Puffs. 46mL dual pods, Smart LCD, 25000 Puffs. The perfect fruit fusion from bang king 25000.","og_url":"https:\/\/vozolvapen.de\/pl\/product\/puff-25k-bang-king-25000-strawberry-mango\/","og_site_name":"vozolvapen","article_modified_time":"2026-02-10T11:16:36+00:00","og_image":[{"width":1200,"height":817,"url":"https:\/\/vozolvapen.de\/wp-content\/uploads\/2025\/12\/Puff-25k-Bang-King-25000-Puffs-Triple-berry-ice-1.webp","type":"image\/webp"}],"twitter_card":"summary_large_image","twitter_misc":{"Szacowany czas czytania":"2 minuty"},"schema":{"@context":"https:\/\/schema.org","@graph":[{"@type":"WebPage","@id":"https:\/\/vozolvapen.de\/product\/puff-25k-bang-king-25000-strawberry-mango\/","url":"https:\/\/vozolvapen.de\/product\/puff-25k-bang-king-25000-strawberry-mango\/","name":"Strawberry Mango \ud83c\udf53\ud83e\udd6d - Bang King 25000 Puff\u00f3w Jednorazowych 25k - vozolvapen","isPartOf":{"@id":"https:\/\/vozolvapen.de\/#website"},"primaryImageOfPage":{"@id":"https:\/\/vozolvapen.de\/product\/puff-25k-bang-king-25000-strawberry-mango\/#primaryimage"},"image":{"@id":"https:\/\/vozolvapen.de\/product\/puff-25k-bang-king-25000-strawberry-mango\/#primaryimage"},"thumbnailUrl":"https:\/\/vozolvapen.de\/wp-content\/uploads\/2025\/12\/Puff-25k-Bang-King-25000-Puffs-Triple-berry-ice-1.webp","datePublished":"2025-12-12T10:11:23+00:00","dateModified":"2026-02-10T11:16:36+00:00","description":"Sklep Strawberry Mango Puff 25k Bang King 25000 Puffs. Podw\u00f3jne kapsu\u0142ki 46 ml, inteligentny wy\u015bwietlacz LCD, 25000 puff\u00f3w. Idealna owocowa fuzja od bang king 25000.","breadcrumb":{"@id":"https:\/\/vozolvapen.de\/product\/puff-25k-bang-king-25000-strawberry-mango\/#breadcrumb"},"inLanguage":"pl-PL","potentialAction":[{"@type":"ReadAction","target":["https:\/\/vozolvapen.de\/product\/puff-25k-bang-king-25000-strawberry-mango\/"]}]},{"@type":"ImageObject","inLanguage":"pl-PL","@id":"https:\/\/vozolvapen.de\/product\/puff-25k-bang-king-25000-strawberry-mango\/#primaryimage","url":"https:\/\/vozolvapen.de\/wp-content\/uploads\/2025\/12\/Puff-25k-Bang-King-25000-Puffs-Triple-berry-ice-1.webp","contentUrl":"https:\/\/vozolvapen.de\/wp-content\/uploads\/2025\/12\/Puff-25k-Bang-King-25000-Puffs-Triple-berry-ice-1.webp","width":1200,"height":817,"caption":"Puff 25k Bang King 25000 Puffs - Triple berry ice"},{"@type":"BreadcrumbList","@id":"https:\/\/vozolvapen.de\/product\/puff-25k-bang-king-25000-strawberry-mango\/#breadcrumb","itemListElement":[{"@type":"ListItem","position":1,"name":"Home","item":"https:\/\/vozolvapen.de\/de\/"},{"@type":"ListItem","position":2,"name":"Shop","item":"https:\/\/vozolvapen.de\/shop\/"},{"@type":"ListItem","position":3,"name":"Puff 25k Bang King 25000 &#8211; Strawberry Mango"}]},{"@type":"WebSite","@id":"https:\/\/vozolvapen.de\/#website","url":"https:\/\/vozolvapen.de\/","name":"vozolvapen","description":"vozolvapen","publisher":{"@id":"https:\/\/vozolvapen.de\/#organization"},"potentialAction":[{"@type":"SearchAction","target":{"@type":"EntryPoint","urlTemplate":"https:\/\/vozolvapen.de\/?s={search_term_string}"},"query-input":{"@type":"PropertyValueSpecification","valueRequired":true,"valueName":"search_term_string"}}],"inLanguage":"pl-PL"},{"@type":"Organization","@id":"https:\/\/vozolvapen.de\/#organization","name":"vozolvapen","url":"https:\/\/vozolvapen.de\/","logo":{"@type":"ImageObject","inLanguage":"pl-PL","@id":"https:\/\/vozolvapen.de\/#\/schema\/logo\/image\/","url":"https:\/\/vozolvapen.de\/wp-content\/uploads\/2025\/12\/cropped-vozovapen-logo.webp","contentUrl":"https:\/\/vozolvapen.de\/wp-content\/uploads\/2025\/12\/cropped-vozovapen-logo.webp","width":470,"height":110,"caption":"vozolvapen"},"image":{"@id":"https:\/\/vozolvapen.de\/#\/schema\/logo\/image\/"}}]}},"tiered_pricing_type":"fixed","tiered_pricing_fixed_rules":{"30":"10.5","50":"8.5","100":"7.5","200":"6.8"},"tiered_pricing_product_settings":{"layout":"default","base_unit_name":{"singular":null,"plural":null},"default_variation":null},"tiered_pricing_minimum_quantity":10,"tiered_pricing_roles_data":[],"tiered_pricing_percentage_rules":[],"tiered_pricing_maximum_quantity":null,"tiered_pricing_quantity_step":"10","_links":{"self":[{"href":"http:\/\/vozolvapen.de\/pl\/wp-json\/wp\/v2\/product\/26193","targetHints":{"allow":["GET"]}}],"collection":[{"href":"http:\/\/vozolvapen.de\/pl\/wp-json\/wp\/v2\/product"}],"about":[{"href":"http:\/\/vozolvapen.de\/pl\/wp-json\/wp\/v2\/types\/product"}],"replies":[{"embeddable":true,"href":"http:\/\/vozolvapen.de\/pl\/wp-json\/wp\/v2\/comments?post=26193"}],"wp:featuredmedia":[{"embeddable":true,"href":"http:\/\/vozolvapen.de\/pl\/wp-json\/wp\/v2\/media\/26256"}],"wp:attachment":[{"href":"http:\/\/vozolvapen.de\/pl\/wp-json\/wp\/v2\/media?parent=26193"}],"wp:term":[{"taxonomy":"product_brand","embeddable":true,"href":"http:\/\/vozolvapen.de\/pl\/wp-json\/wp\/v2\/product_brand?post=26193"},{"taxonomy":"product_cat","embeddable":true,"href":"http:\/\/vozolvapen.de\/pl\/wp-json\/wp\/v2\/product_cat?post=26193"},{"taxonomy":"product_tag","embeddable":true,"href":"http:\/\/vozolvapen.de\/pl\/wp-json\/wp\/v2\/product_tag?post=26193"}],"curies":[{"name":"wp","href":"https:\/\/api.w.org\/{rel}","templated":true}]}}