{"id":26356,"date":"2025-12-15T08:33:25","date_gmt":"2025-12-15T08:33:25","guid":{"rendered":"https:\/\/vozolvapen.de\/?post_type=product&#038;p=26356"},"modified":"2026-02-10T11:16:33","modified_gmt":"2026-02-10T11:16:33","slug":"fumot-randm-digital-box-12000-peach-mango","status":"publish","type":"product","link":"http:\/\/vozolvapen.de\/pl\/product\/fumot-randm-digital-box-12000-peach-mango\/","title":{"rendered":"Fumot RandM Digital Box 12000 - Brzoskwiniowe mango"},"content":{"rendered":"<h1 data-path-to-node=\"25\"><b>Fumot RandM Digital Box 12000 - Peach Mango (20ML Fumot Liquid)<\/b><\/h1>\n<p data-path-to-node=\"26\">Rozkoszuj si\u0119 tropikaln\u0105 rozkosz\u0105 Peach Mango w <b>Fumot RandM Digital Box 12000 Puffs<\/b>. To <b>Skrzynka cyfrowa Fumot<\/b> urz\u0105dzenie wykorzystuje swoje zaawansowane <b>Siatkowa cewka 1,0\u03a9<\/b> aby doskonale dostarcza\u0107 s\u0142odkie, soczyste po\u0142\u0105czenie owoc\u00f3w pestkowych i egzotycznego mango we wszystkich wariantach. <b>12000 Puff\u00f3w<\/b>.<\/p>\n<h2 data-path-to-node=\"27\"><b>Profil smakowy: Bujny i aromatyczny<\/b><\/h2>\n<p data-path-to-node=\"28\">Peach Mango to bogata, kremowa mieszanka, kt\u00f3ra koncentruje si\u0119 na czystym owocowym smaku przy minimalnym ch\u0142odzeniu. S\u0142odycz dojrza\u0142ej brzoskwini zapewnia g\u0142adk\u0105 baz\u0119, doskonale uzupe\u0142nion\u0105 ostrymi, s\u0142onecznymi nutami \u015bwie\u017cego mango. Monitoruj sw\u00f3j <b>P\u0142yn Fumot<\/b> na wy\u015bwietlaczu cyfrowym, aby zawsze cieszy\u0107 si\u0119 tym najwy\u017cszej jako\u015bci smakiem.<\/p>\n<h2 data-path-to-node=\"29\"><b>Podstawowe specyfikacje: Fumot 12000 Puffs<\/b><\/h2>\n<ul data-path-to-node=\"30\">\n<li>\n<p data-path-to-node=\"30,0,0\"><b>Model:<\/b> <b>Fumot RandM Digital Box 12000<\/b><\/p>\n<\/li>\n<li>\n<p data-path-to-node=\"30,1,0\"><b>Puffy:<\/b> UP do <b>12000 Puff\u00f3w<\/b><\/p>\n<\/li>\n<li>\n<p data-path-to-node=\"30,2,0\"><b>E-Liquid:<\/b> <b>20 ml p\u0142ynu Fumot<\/b><\/p>\n<\/li>\n<li>\n<p data-path-to-node=\"30,3,0\"><b>Nikotyna:<\/b> 2% \/ 5%<\/p>\n<\/li>\n<li>\n<p data-path-to-node=\"30,4,0\"><b>Cewka:<\/b> Siatkowa cewka 1,0\u03a9<\/p>\n<\/li>\n<li>\n<p data-path-to-node=\"30,5,0\"><b>Wy\u015bwietlacz:<\/b> Wy\u015bwietlacz baterii i ejuice<\/p>\n<\/li>\n<\/ul>\n<h2 data-path-to-node=\"29\"><b>Fumot 12000 Puffs Ocena smaku - Brzoskwinia mango<\/b><\/h2>\n<ul data-path-to-node=\"3\">\n<li>\n<p data-path-to-node=\"3,0,0\"><b>S\u0142odycz:<\/b> \u2605\u2605\u2605\u2605\u2606 (Lush &amp; Fruity)<\/p>\n<\/li>\n<li>\n<p data-path-to-node=\"3,1,0\"><b>Poziom lodu:<\/b> \u2605\u2605\u2606\u2606\u2606 (\u0142agodny ch\u0142\u00f3d)<\/p>\n<\/li>\n<li>\n<p data-path-to-node=\"3,2,0\"><b>Aromat:<\/b> \u2605\u2605\u2605\u2605\u2605 (silny tropikalny zapach)<\/p>\n<\/li>\n<\/ul>\n<blockquote data-path-to-node=\"4\">\n<p data-path-to-node=\"4,0\"><b>Werdykt:<\/b> Ciep\u0142y, s\u0142oneczny smak koncentruj\u0105cy si\u0119 na bogatym nektarze brzoskwini i mango z odrobin\u0105 lodu.<\/p>\n<\/blockquote>\n<h3 dir=\"auto\">Oto dalsze zalecenia dla Ciebie:<\/h3>\n<p dir=\"auto\">Odkryj jeszcze wi\u0119cej niesamowitych smak\u00f3w dzi\u0119ki Fumot RandM Digital Box 12000 Puff Vape!<\/p>\n<p dir=\"auto\"><a href=\"https:\/\/vozolvapen.de\/pl\/product-category\/fumot-vape\/fumot-randm-digital-box-12000\/\" target=\"_blank\" rel=\"noopener noreferrer nofollow\">Zobacz wszystkie odmiany tutaj \u2192<\/a><\/p>\n<p dir=\"auto\">Zapoznaj si\u0119 z nasz\u0105 pe\u0142n\u0105 kolekcj\u0105 i kupuj produkty najlepszych marek vape, kt\u00f3re pokochasz.<\/p>\n<p dir=\"auto\"><a href=\"https:\/\/vozolvapen.de\/pl\/product-category\/fumot-vape\/\" target=\"_blank\" rel=\"noopener noreferrer nofollow\">Przegl\u0105daj teraz wszystkie marki \u2192<\/a><\/p>\n<p dir=\"auto\">Sprawd\u017a ca\u0142\u0105 seri\u0119 Fumot Vape - ka\u017cdy smak, ka\u017cdy styl!<\/p>\n<p dir=\"auto\"><a href=\"https:\/\/vozolvapen.de\/pl\/product-category\/fumot-vape\/\" target=\"_blank\" rel=\"noopener noreferrer nofollow\">Zobacz pe\u0142n\u0105 kolekcj\u0119 Fumot Vape \u2192<\/a><\/p>","protected":false},"excerpt":{"rendered":"<p>Bujny, tropikalny raj w aromacie. S\u0142odkie, dojrza\u0142e brzoskwinie p\u0142ynnie \u0142\u0105cz\u0105 si\u0119 z egzotycznym nektarem z mango, zapewniaj\u0105c s\u0142oneczne, g\u0142adkie doznania. <b>12000 Puff\u00f3w<\/b>.<\/p>","protected":false},"featured_media":28960,"comment_status":"open","ping_status":"closed","template":"","meta":{"_acf_changed":false},"product_brand":[],"product_cat":[134,62],"product_tag":[],"class_list":{"0":"post-26356","1":"product","2":"type-product","3":"status-publish","4":"has-post-thumbnail","6":"product_cat-eu-warehouse-in-stock","7":"product_cat-fumot-randm-digital-box-12000","9":"first","10":"instock","11":"shipping-taxable","12":"purchasable","13":"product-type-variable"},"acf":[],"yoast_head":"<!-- This site is optimized with the Yoast SEO Premium plugin v26.1 (Yoast SEO v27.5) - https:\/\/yoast.com\/product\/yoast-seo-premium-wordpress\/ -->\n<title>Peach Mango \ud83c\udf51\ud83e\udd6d - Fumot RandM Digital Box 12000 Puffs Disposable - vozolvapen<\/title>\n<meta name=\"description\" content=\"Buy Peach Mango Fumot 12000 Puffs. Features 20ML Fumot liquid, Digital Display, and 850mAh battery. The best 12k fumot flavor with fast EU shipping.\" \/>\n<meta name=\"robots\" content=\"index, follow, max-snippet:-1, max-image-preview:large, max-video-preview:-1\" \/>\n<link rel=\"canonical\" href=\"https:\/\/vozolvapen.de\/pl\/product\/fumot-randm-digital-box-12000-peach-mango\/\" \/>\n<meta property=\"og:locale\" content=\"pl_PL\" \/>\n<meta property=\"og:type\" content=\"article\" \/>\n<meta property=\"og:title\" content=\"Fumot RandM Digital Box 12000 - Peach mango\" \/>\n<meta property=\"og:description\" content=\"Buy Peach Mango Fumot 12000 Puffs. Features 20ML Fumot liquid, Digital Display, and 850mAh battery. The best 12k fumot flavor with fast EU shipping.\" \/>\n<meta property=\"og:url\" content=\"https:\/\/vozolvapen.de\/pl\/product\/fumot-randm-digital-box-12000-peach-mango\/\" \/>\n<meta property=\"og:site_name\" content=\"vozolvapen\" \/>\n<meta property=\"article:modified_time\" content=\"2026-02-10T11:16:33+00:00\" \/>\n<meta property=\"og:image\" content=\"https:\/\/vozolvapen.de\/wp-content\/uploads\/2025\/12\/Fumot-RandM-Digital-Box-12000-flavors.webp\" \/>\n\t<meta property=\"og:image:width\" content=\"1200\" \/>\n\t<meta property=\"og:image:height\" content=\"769\" \/>\n\t<meta property=\"og:image:type\" content=\"image\/webp\" \/>\n<meta name=\"twitter:card\" content=\"summary_large_image\" \/>\n<meta name=\"twitter:label1\" content=\"Szacowany czas czytania\" \/>\n\t<meta name=\"twitter:data1\" content=\"2 minuty\" \/>\n<script type=\"application\/ld+json\" class=\"yoast-schema-graph\">{\"@context\":\"https:\\\/\\\/schema.org\",\"@graph\":[{\"@type\":\"WebPage\",\"@id\":\"https:\\\/\\\/vozolvapen.de\\\/product\\\/fumot-randm-digital-box-12000-peach-mango\\\/\",\"url\":\"https:\\\/\\\/vozolvapen.de\\\/product\\\/fumot-randm-digital-box-12000-peach-mango\\\/\",\"name\":\"Peach Mango \ud83c\udf51\ud83e\udd6d - Fumot RandM Digital Box 12000 Puffs Disposable - vozolvapen\",\"isPartOf\":{\"@id\":\"https:\\\/\\\/vozolvapen.de\\\/#website\"},\"primaryImageOfPage\":{\"@id\":\"https:\\\/\\\/vozolvapen.de\\\/product\\\/fumot-randm-digital-box-12000-peach-mango\\\/#primaryimage\"},\"image\":{\"@id\":\"https:\\\/\\\/vozolvapen.de\\\/product\\\/fumot-randm-digital-box-12000-peach-mango\\\/#primaryimage\"},\"thumbnailUrl\":\"https:\\\/\\\/vozolvapen.de\\\/wp-content\\\/uploads\\\/2025\\\/12\\\/Fumot-RandM-Digital-Box-12000-flavors.webp\",\"datePublished\":\"2025-12-15T08:33:25+00:00\",\"dateModified\":\"2026-02-10T11:16:33+00:00\",\"description\":\"Buy Peach Mango Fumot 12000 Puffs. Features 20ML Fumot liquid, Digital Display, and 850mAh battery. The best 12k fumot flavor with fast EU shipping.\",\"breadcrumb\":{\"@id\":\"https:\\\/\\\/vozolvapen.de\\\/product\\\/fumot-randm-digital-box-12000-peach-mango\\\/#breadcrumb\"},\"inLanguage\":\"pl-PL\",\"potentialAction\":[{\"@type\":\"ReadAction\",\"target\":[\"https:\\\/\\\/vozolvapen.de\\\/product\\\/fumot-randm-digital-box-12000-peach-mango\\\/\"]}]},{\"@type\":\"ImageObject\",\"inLanguage\":\"pl-PL\",\"@id\":\"https:\\\/\\\/vozolvapen.de\\\/product\\\/fumot-randm-digital-box-12000-peach-mango\\\/#primaryimage\",\"url\":\"https:\\\/\\\/vozolvapen.de\\\/wp-content\\\/uploads\\\/2025\\\/12\\\/Fumot-RandM-Digital-Box-12000-flavors.webp\",\"contentUrl\":\"https:\\\/\\\/vozolvapen.de\\\/wp-content\\\/uploads\\\/2025\\\/12\\\/Fumot-RandM-Digital-Box-12000-flavors.webp\",\"width\":1200,\"height\":769,\"caption\":\"Fumot RandM Digital Box 12000 flavors\"},{\"@type\":\"BreadcrumbList\",\"@id\":\"https:\\\/\\\/vozolvapen.de\\\/product\\\/fumot-randm-digital-box-12000-peach-mango\\\/#breadcrumb\",\"itemListElement\":[{\"@type\":\"ListItem\",\"position\":1,\"name\":\"Home\",\"item\":\"https:\\\/\\\/vozolvapen.de\\\/de\\\/\"},{\"@type\":\"ListItem\",\"position\":2,\"name\":\"Shop\",\"item\":\"https:\\\/\\\/vozolvapen.de\\\/shop\\\/\"},{\"@type\":\"ListItem\",\"position\":3,\"name\":\"Fumot RandM Digital Box 12000 &#8211; Peach mango\"}]},{\"@type\":\"WebSite\",\"@id\":\"https:\\\/\\\/vozolvapen.de\\\/#website\",\"url\":\"https:\\\/\\\/vozolvapen.de\\\/\",\"name\":\"vozolvapen\",\"description\":\"vozolvapen\",\"publisher\":{\"@id\":\"https:\\\/\\\/vozolvapen.de\\\/#organization\"},\"potentialAction\":[{\"@type\":\"SearchAction\",\"target\":{\"@type\":\"EntryPoint\",\"urlTemplate\":\"https:\\\/\\\/vozolvapen.de\\\/?s={search_term_string}\"},\"query-input\":{\"@type\":\"PropertyValueSpecification\",\"valueRequired\":true,\"valueName\":\"search_term_string\"}}],\"inLanguage\":\"pl-PL\"},{\"@type\":\"Organization\",\"@id\":\"https:\\\/\\\/vozolvapen.de\\\/#organization\",\"name\":\"vozolvapen\",\"url\":\"https:\\\/\\\/vozolvapen.de\\\/\",\"logo\":{\"@type\":\"ImageObject\",\"inLanguage\":\"pl-PL\",\"@id\":\"https:\\\/\\\/vozolvapen.de\\\/#\\\/schema\\\/logo\\\/image\\\/\",\"url\":\"https:\\\/\\\/vozolvapen.de\\\/wp-content\\\/uploads\\\/2025\\\/12\\\/cropped-vozovapen-logo.webp\",\"contentUrl\":\"https:\\\/\\\/vozolvapen.de\\\/wp-content\\\/uploads\\\/2025\\\/12\\\/cropped-vozovapen-logo.webp\",\"width\":470,\"height\":110,\"caption\":\"vozolvapen\"},\"image\":{\"@id\":\"https:\\\/\\\/vozolvapen.de\\\/#\\\/schema\\\/logo\\\/image\\\/\"}}]}<\/script>\n<!-- \/ Yoast SEO Premium plugin. -->","yoast_head_json":{"title":"Peach Mango \ud83c\udf51\ud83e\udd6d - Fumot RandM Digital Box 12000 Puff\u00f3w Jednorazowego u\u017cytku - vozolvapen","description":"Kup Peach Mango Fumot 12000 Puffs. Posiada 20 ml p\u0142ynu Fumot, cyfrowy wy\u015bwietlacz i bateri\u0119 850 mAh. Najlepszy smak 12k fumot z szybk\u0105 wysy\u0142k\u0105 do UE.","robots":{"index":"index","follow":"follow","max-snippet":"max-snippet:-1","max-image-preview":"max-image-preview:large","max-video-preview":"max-video-preview:-1"},"canonical":"https:\/\/vozolvapen.de\/pl\/product\/fumot-randm-digital-box-12000-peach-mango\/","og_locale":"pl_PL","og_type":"article","og_title":"Fumot RandM Digital Box 12000 - Peach mango","og_description":"Buy Peach Mango Fumot 12000 Puffs. Features 20ML Fumot liquid, Digital Display, and 850mAh battery. The best 12k fumot flavor with fast EU shipping.","og_url":"https:\/\/vozolvapen.de\/pl\/product\/fumot-randm-digital-box-12000-peach-mango\/","og_site_name":"vozolvapen","article_modified_time":"2026-02-10T11:16:33+00:00","og_image":[{"width":1200,"height":769,"url":"https:\/\/vozolvapen.de\/wp-content\/uploads\/2025\/12\/Fumot-RandM-Digital-Box-12000-flavors.webp","type":"image\/webp"}],"twitter_card":"summary_large_image","twitter_misc":{"Szacowany czas czytania":"2 minuty"},"schema":{"@context":"https:\/\/schema.org","@graph":[{"@type":"WebPage","@id":"https:\/\/vozolvapen.de\/product\/fumot-randm-digital-box-12000-peach-mango\/","url":"https:\/\/vozolvapen.de\/product\/fumot-randm-digital-box-12000-peach-mango\/","name":"Peach Mango \ud83c\udf51\ud83e\udd6d - Fumot RandM Digital Box 12000 Puff\u00f3w Jednorazowego u\u017cytku - vozolvapen","isPartOf":{"@id":"https:\/\/vozolvapen.de\/#website"},"primaryImageOfPage":{"@id":"https:\/\/vozolvapen.de\/product\/fumot-randm-digital-box-12000-peach-mango\/#primaryimage"},"image":{"@id":"https:\/\/vozolvapen.de\/product\/fumot-randm-digital-box-12000-peach-mango\/#primaryimage"},"thumbnailUrl":"https:\/\/vozolvapen.de\/wp-content\/uploads\/2025\/12\/Fumot-RandM-Digital-Box-12000-flavors.webp","datePublished":"2025-12-15T08:33:25+00:00","dateModified":"2026-02-10T11:16:33+00:00","description":"Kup Peach Mango Fumot 12000 Puffs. Posiada 20 ml p\u0142ynu Fumot, cyfrowy wy\u015bwietlacz i bateri\u0119 850 mAh. Najlepszy smak 12k fumot z szybk\u0105 wysy\u0142k\u0105 do UE.","breadcrumb":{"@id":"https:\/\/vozolvapen.de\/product\/fumot-randm-digital-box-12000-peach-mango\/#breadcrumb"},"inLanguage":"pl-PL","potentialAction":[{"@type":"ReadAction","target":["https:\/\/vozolvapen.de\/product\/fumot-randm-digital-box-12000-peach-mango\/"]}]},{"@type":"ImageObject","inLanguage":"pl-PL","@id":"https:\/\/vozolvapen.de\/product\/fumot-randm-digital-box-12000-peach-mango\/#primaryimage","url":"https:\/\/vozolvapen.de\/wp-content\/uploads\/2025\/12\/Fumot-RandM-Digital-Box-12000-flavors.webp","contentUrl":"https:\/\/vozolvapen.de\/wp-content\/uploads\/2025\/12\/Fumot-RandM-Digital-Box-12000-flavors.webp","width":1200,"height":769,"caption":"Fumot RandM Digital Box 12000 flavors"},{"@type":"BreadcrumbList","@id":"https:\/\/vozolvapen.de\/product\/fumot-randm-digital-box-12000-peach-mango\/#breadcrumb","itemListElement":[{"@type":"ListItem","position":1,"name":"Home","item":"https:\/\/vozolvapen.de\/de\/"},{"@type":"ListItem","position":2,"name":"Shop","item":"https:\/\/vozolvapen.de\/shop\/"},{"@type":"ListItem","position":3,"name":"Fumot RandM Digital Box 12000 &#8211; Peach mango"}]},{"@type":"WebSite","@id":"https:\/\/vozolvapen.de\/#website","url":"https:\/\/vozolvapen.de\/","name":"vozolvapen","description":"vozolvapen","publisher":{"@id":"https:\/\/vozolvapen.de\/#organization"},"potentialAction":[{"@type":"SearchAction","target":{"@type":"EntryPoint","urlTemplate":"https:\/\/vozolvapen.de\/?s={search_term_string}"},"query-input":{"@type":"PropertyValueSpecification","valueRequired":true,"valueName":"search_term_string"}}],"inLanguage":"pl-PL"},{"@type":"Organization","@id":"https:\/\/vozolvapen.de\/#organization","name":"vozolvapen","url":"https:\/\/vozolvapen.de\/","logo":{"@type":"ImageObject","inLanguage":"pl-PL","@id":"https:\/\/vozolvapen.de\/#\/schema\/logo\/image\/","url":"https:\/\/vozolvapen.de\/wp-content\/uploads\/2025\/12\/cropped-vozovapen-logo.webp","contentUrl":"https:\/\/vozolvapen.de\/wp-content\/uploads\/2025\/12\/cropped-vozovapen-logo.webp","width":470,"height":110,"caption":"vozolvapen"},"image":{"@id":"https:\/\/vozolvapen.de\/#\/schema\/logo\/image\/"}}]}},"tiered_pricing_type":"fixed","tiered_pricing_fixed_rules":{"30":"12.4","50":"9.4","100":"8.4","200":"7.9"},"tiered_pricing_product_settings":{"layout":"default","base_unit_name":{"singular":null,"plural":null},"default_variation":{}},"tiered_pricing_minimum_quantity":10,"tiered_pricing_roles_data":[],"tiered_pricing_percentage_rules":[],"tiered_pricing_maximum_quantity":null,"tiered_pricing_quantity_step":"10","_links":{"self":[{"href":"http:\/\/vozolvapen.de\/pl\/wp-json\/wp\/v2\/product\/26356","targetHints":{"allow":["GET"]}}],"collection":[{"href":"http:\/\/vozolvapen.de\/pl\/wp-json\/wp\/v2\/product"}],"about":[{"href":"http:\/\/vozolvapen.de\/pl\/wp-json\/wp\/v2\/types\/product"}],"replies":[{"embeddable":true,"href":"http:\/\/vozolvapen.de\/pl\/wp-json\/wp\/v2\/comments?post=26356"}],"wp:featuredmedia":[{"embeddable":true,"href":"http:\/\/vozolvapen.de\/pl\/wp-json\/wp\/v2\/media\/28960"}],"wp:attachment":[{"href":"http:\/\/vozolvapen.de\/pl\/wp-json\/wp\/v2\/media?parent=26356"}],"wp:term":[{"taxonomy":"product_brand","embeddable":true,"href":"http:\/\/vozolvapen.de\/pl\/wp-json\/wp\/v2\/product_brand?post=26356"},{"taxonomy":"product_cat","embeddable":true,"href":"http:\/\/vozolvapen.de\/pl\/wp-json\/wp\/v2\/product_cat?post=26356"},{"taxonomy":"product_tag","embeddable":true,"href":"http:\/\/vozolvapen.de\/pl\/wp-json\/wp\/v2\/product_tag?post=26356"}],"curies":[{"name":"wp","href":"https:\/\/api.w.org\/{rel}","templated":true}]}}