{"id":26449,"date":"2025-12-15T08:33:29","date_gmt":"2025-12-15T08:33:29","guid":{"rendered":"https:\/\/vozolvapen.de\/?post_type=product&#038;p=26449"},"modified":"2026-02-10T11:16:31","modified_gmt":"2026-02-10T11:16:31","slug":"fumot-randm-digital-box-12000-peach-ice","status":"publish","type":"product","link":"http:\/\/vozolvapen.de\/pl\/product\/fumot-randm-digital-box-12000-peach-ice\/","title":{"rendered":"Fumot RandM Digital Box 12000 - L\u00f3d brzoskwiniowy"},"content":{"rendered":"<h1 class=\"\" data-path-to-node=\"16\"><b>Fumot RandM Digital Box 12000 - Peach Ice (12k Fumot)<\/b><\/h1>\n<p data-path-to-node=\"17\"><span class=\"\">Smak Peach Ice w <\/span><b class=\"\">Fumot RandM Digital Box 12000 Puffs<\/b><span class=\"\"> oferuje orze\u017awiaj\u0105c\u0105 odmian\u0119 klasycznego owocu.<\/span><span class=\"\"> To <\/span><b class=\"\">Skrzynka cyfrowa Fumot<\/b><span class=\"\"> \u0142\u0105czy nektarow\u0105 s\u0142odycz brzoskwini z ch\u0142odnym finiszem,<\/span><span class=\"\"> zasilany przez solidny <\/span><b class=\"\">850 mAh<\/b><span class=\"\"> akumulator.<\/span><\/p>\n<h2 class=\"\" data-path-to-node=\"18\"><b>Profil smakowy: S\u0142odki i ch\u0142odny<\/b><\/h2>\n<p data-path-to-node=\"19\"><span class=\"\">Peach Ice zapewnia autentyczno\u015b\u0107,<\/span><span class=\"\"> soczysty smak dojrza\u0142ych brzoskwi\u0144 na wdechu,<\/span><span class=\"\"> po kt\u00f3rym nast\u0119puje natychmiastowe czyszczenie,<\/span><span class=\"\"> lodowaty mentolowy wydech.<\/span><span class=\"\"> Jest doskonale wywa\u017cony,<\/span><span class=\"\"> orze\u017awiaj\u0105cy vape.<\/span><span class=\"\"> The <\/span><b class=\"\">Siatkowa cewka 1,0\u03a9<\/b><span class=\"\"> zapewnia <\/span><b class=\"\">P\u0142yn Fumot<\/b><span class=\"\"> jest skutecznie odparowywana, zapewniaj\u0105c maksymalny smak.<\/span><\/p>\n<h2 class=\"\" data-path-to-node=\"20\"><b>Podstawowe specyfikacje: Fumot 12000 Puffs<\/b><\/h2>\n<ul data-path-to-node=\"21\">\n<li>\n<p data-path-to-node=\"21,0,0\"><b class=\"\">Model:<\/b> <b class=\"\">Fumot RandM Digital Box 12000<\/b><\/p>\n<\/li>\n<li>\n<p data-path-to-node=\"21,1,0\"><b class=\"\">Puffy:<\/b><span class=\"\"> UP do <\/span><b class=\"\">12000 Puff\u00f3w<\/b><span class=\"\"> (<\/span><b class=\"\">12k Fumot<\/b><span class=\"\">)<\/span><\/p>\n<\/li>\n<li>\n<p data-path-to-node=\"21,2,0\"><b class=\"\">E-Liquid:<\/b> <b class=\"\">20 ml p\u0142ynu Fumot<\/b><\/p>\n<\/li>\n<li>\n<p data-path-to-node=\"21,3,0\"><b class=\"\">Cewka:<\/b><span class=\"\"> 1.<\/span><span class=\"\">Siatka 0\u03a9<\/span><\/p>\n<\/li>\n<\/ul>\n<h2 data-path-to-node=\"29\"><b>Fumot 12000 Puffs Ocena smaku - <\/b><b>L\u00f3d brzoskwiniowy<\/b><\/h2>\n<ul data-path-to-node=\"6\">\n<li>\n<p data-path-to-node=\"6,0,0\"><b>S\u0142odycz:<\/b> \u2605\u2605\u2605\u2605\u2606 (Dojrza\u0142a s\u0142odycz)<\/p>\n<\/li>\n<li>\n<p data-path-to-node=\"6,1,0\"><b>Poziom lodu:<\/b> \u2605\u2605\u2605\u2605\u2606 (Orze\u017awiaj\u0105cy ch\u0142\u00f3d)<\/p>\n<\/li>\n<li>\n<p data-path-to-node=\"6,2,0\"><b>Aromat:<\/b> \u2605\u2605\u2605\u2605\u2606 (\u015awie\u017ca brzoskwinia)<\/p>\n<\/li>\n<\/ul>\n<blockquote data-path-to-node=\"7\">\n<p data-path-to-node=\"7,0\"><b>Werdykt:<\/b> Idealna r\u00f3wnowaga s\u0142odkich owoc\u00f3w i czystego, zimnego mentolowego finiszu.<\/p>\n<\/blockquote>\n<h3 dir=\"auto\">Oto dalsze zalecenia dla Ciebie:<\/h3>\n<p dir=\"auto\">Odkryj jeszcze wi\u0119cej niesamowitych smak\u00f3w dzi\u0119ki Fumot RandM Digital Box 12000 Puff Vape!<\/p>\n<p dir=\"auto\"><a href=\"https:\/\/vozolvapen.de\/pl\/product-category\/fumot-vape\/fumot-randm-digital-box-12000\/\" target=\"_blank\" rel=\"noopener noreferrer nofollow\">Zobacz wszystkie odmiany tutaj \u2192<\/a><\/p>\n<p dir=\"auto\">Zapoznaj si\u0119 z nasz\u0105 pe\u0142n\u0105 kolekcj\u0105 i kupuj produkty najlepszych marek vape, kt\u00f3re pokochasz.<\/p>\n<p dir=\"auto\"><a href=\"https:\/\/vozolvapen.de\/pl\/product-category\/fumot-vape\/\" target=\"_blank\" rel=\"noopener noreferrer nofollow\">Przegl\u0105daj teraz wszystkie marki \u2192<\/a><\/p>\n<p dir=\"auto\">Sprawd\u017a ca\u0142\u0105 seri\u0119 Fumot Vape - ka\u017cdy smak, ka\u017cdy styl!<\/p>\n<p dir=\"auto\"><a href=\"https:\/\/vozolvapen.de\/pl\/product-category\/fumot-vape\/\" target=\"_blank\" rel=\"noopener noreferrer nofollow\">Zobacz pe\u0142n\u0105 kolekcj\u0119 Fumot Vape \u2192<\/a><\/p>","protected":false},"excerpt":{"rendered":"<p>Autentyczny smak dojrza\u0142ych w s\u0142o\u0144cu brzoskwi\u0144, po kt\u00f3rym nast\u0119puje rze\u015bki, ch\u0142odz\u0105cy powiew mentolu. Orze\u017awiaj\u0105cy i s\u0142odki wyb\u00f3r na ca\u0142y dzie\u0144.<\/p>","protected":false},"featured_media":28960,"comment_status":"open","ping_status":"closed","template":"","meta":{"_acf_changed":false},"product_brand":[],"product_cat":[134,62],"product_tag":[],"class_list":{"0":"post-26449","1":"product","2":"type-product","3":"status-publish","4":"has-post-thumbnail","6":"product_cat-eu-warehouse-in-stock","7":"product_cat-fumot-randm-digital-box-12000","9":"first","10":"instock","11":"shipping-taxable","12":"purchasable","13":"product-type-variable"},"acf":[],"yoast_head":"<!-- This site is optimized with the Yoast SEO Premium plugin v26.1 (Yoast SEO v27.5) - https:\/\/yoast.com\/product\/yoast-seo-premium-wordpress\/ -->\n<title>Peach Ice \ud83c\udf51\ud83e\uddca - Fumot RandM Digital Box 12000 Puffs - vozolvapen<\/title>\n<meta name=\"description\" content=\"Shop Peach Ice Fumot 12000 Puffs. Sweet peach with menthol. 20ML Fumot liquid, Digital Display. Enjoy 12000 Puffs of this refreshing Fumot vape.\" \/>\n<meta name=\"robots\" content=\"index, follow, max-snippet:-1, max-image-preview:large, max-video-preview:-1\" \/>\n<link rel=\"canonical\" href=\"https:\/\/vozolvapen.de\/pl\/product\/fumot-randm-digital-box-12000-peach-ice\/\" \/>\n<meta property=\"og:locale\" content=\"pl_PL\" \/>\n<meta property=\"og:type\" content=\"article\" \/>\n<meta property=\"og:title\" content=\"Fumot RandM Digital Box 12000 - Peach ice\" \/>\n<meta property=\"og:description\" content=\"Shop Peach Ice Fumot 12000 Puffs. Sweet peach with menthol. 20ML Fumot liquid, Digital Display. Enjoy 12000 Puffs of this refreshing Fumot vape.\" \/>\n<meta property=\"og:url\" content=\"https:\/\/vozolvapen.de\/pl\/product\/fumot-randm-digital-box-12000-peach-ice\/\" \/>\n<meta property=\"og:site_name\" content=\"vozolvapen\" \/>\n<meta property=\"article:modified_time\" content=\"2026-02-10T11:16:31+00:00\" \/>\n<meta property=\"og:image\" content=\"https:\/\/vozolvapen.de\/wp-content\/uploads\/2025\/12\/Fumot-RandM-Digital-Box-12000-flavors.webp\" \/>\n\t<meta property=\"og:image:width\" content=\"1200\" \/>\n\t<meta property=\"og:image:height\" content=\"769\" \/>\n\t<meta property=\"og:image:type\" content=\"image\/webp\" \/>\n<meta name=\"twitter:card\" content=\"summary_large_image\" \/>\n<meta name=\"twitter:label1\" content=\"Szacowany czas czytania\" \/>\n\t<meta name=\"twitter:data1\" content=\"2 minuty\" \/>\n<script type=\"application\/ld+json\" class=\"yoast-schema-graph\">{\"@context\":\"https:\\\/\\\/schema.org\",\"@graph\":[{\"@type\":\"WebPage\",\"@id\":\"https:\\\/\\\/vozolvapen.de\\\/product\\\/fumot-randm-digital-box-12000-peach-ice\\\/\",\"url\":\"https:\\\/\\\/vozolvapen.de\\\/product\\\/fumot-randm-digital-box-12000-peach-ice\\\/\",\"name\":\"Peach Ice \ud83c\udf51\ud83e\uddca - Fumot RandM Digital Box 12000 Puffs - vozolvapen\",\"isPartOf\":{\"@id\":\"https:\\\/\\\/vozolvapen.de\\\/#website\"},\"primaryImageOfPage\":{\"@id\":\"https:\\\/\\\/vozolvapen.de\\\/product\\\/fumot-randm-digital-box-12000-peach-ice\\\/#primaryimage\"},\"image\":{\"@id\":\"https:\\\/\\\/vozolvapen.de\\\/product\\\/fumot-randm-digital-box-12000-peach-ice\\\/#primaryimage\"},\"thumbnailUrl\":\"https:\\\/\\\/vozolvapen.de\\\/wp-content\\\/uploads\\\/2025\\\/12\\\/Fumot-RandM-Digital-Box-12000-flavors.webp\",\"datePublished\":\"2025-12-15T08:33:29+00:00\",\"dateModified\":\"2026-02-10T11:16:31+00:00\",\"description\":\"Shop Peach Ice Fumot 12000 Puffs. Sweet peach with menthol. 20ML Fumot liquid, Digital Display. Enjoy 12000 Puffs of this refreshing Fumot vape.\",\"breadcrumb\":{\"@id\":\"https:\\\/\\\/vozolvapen.de\\\/product\\\/fumot-randm-digital-box-12000-peach-ice\\\/#breadcrumb\"},\"inLanguage\":\"pl-PL\",\"potentialAction\":[{\"@type\":\"ReadAction\",\"target\":[\"https:\\\/\\\/vozolvapen.de\\\/product\\\/fumot-randm-digital-box-12000-peach-ice\\\/\"]}]},{\"@type\":\"ImageObject\",\"inLanguage\":\"pl-PL\",\"@id\":\"https:\\\/\\\/vozolvapen.de\\\/product\\\/fumot-randm-digital-box-12000-peach-ice\\\/#primaryimage\",\"url\":\"https:\\\/\\\/vozolvapen.de\\\/wp-content\\\/uploads\\\/2025\\\/12\\\/Fumot-RandM-Digital-Box-12000-flavors.webp\",\"contentUrl\":\"https:\\\/\\\/vozolvapen.de\\\/wp-content\\\/uploads\\\/2025\\\/12\\\/Fumot-RandM-Digital-Box-12000-flavors.webp\",\"width\":1200,\"height\":769,\"caption\":\"Fumot RandM Digital Box 12000 flavors\"},{\"@type\":\"BreadcrumbList\",\"@id\":\"https:\\\/\\\/vozolvapen.de\\\/product\\\/fumot-randm-digital-box-12000-peach-ice\\\/#breadcrumb\",\"itemListElement\":[{\"@type\":\"ListItem\",\"position\":1,\"name\":\"Home\",\"item\":\"https:\\\/\\\/vozolvapen.de\\\/de\\\/\"},{\"@type\":\"ListItem\",\"position\":2,\"name\":\"Shop\",\"item\":\"https:\\\/\\\/vozolvapen.de\\\/shop\\\/\"},{\"@type\":\"ListItem\",\"position\":3,\"name\":\"Fumot RandM Digital Box 12000 &#8211; Peach ice\"}]},{\"@type\":\"WebSite\",\"@id\":\"https:\\\/\\\/vozolvapen.de\\\/#website\",\"url\":\"https:\\\/\\\/vozolvapen.de\\\/\",\"name\":\"vozolvapen\",\"description\":\"vozolvapen\",\"publisher\":{\"@id\":\"https:\\\/\\\/vozolvapen.de\\\/#organization\"},\"potentialAction\":[{\"@type\":\"SearchAction\",\"target\":{\"@type\":\"EntryPoint\",\"urlTemplate\":\"https:\\\/\\\/vozolvapen.de\\\/?s={search_term_string}\"},\"query-input\":{\"@type\":\"PropertyValueSpecification\",\"valueRequired\":true,\"valueName\":\"search_term_string\"}}],\"inLanguage\":\"pl-PL\"},{\"@type\":\"Organization\",\"@id\":\"https:\\\/\\\/vozolvapen.de\\\/#organization\",\"name\":\"vozolvapen\",\"url\":\"https:\\\/\\\/vozolvapen.de\\\/\",\"logo\":{\"@type\":\"ImageObject\",\"inLanguage\":\"pl-PL\",\"@id\":\"https:\\\/\\\/vozolvapen.de\\\/#\\\/schema\\\/logo\\\/image\\\/\",\"url\":\"https:\\\/\\\/vozolvapen.de\\\/wp-content\\\/uploads\\\/2025\\\/12\\\/cropped-vozovapen-logo.webp\",\"contentUrl\":\"https:\\\/\\\/vozolvapen.de\\\/wp-content\\\/uploads\\\/2025\\\/12\\\/cropped-vozovapen-logo.webp\",\"width\":470,\"height\":110,\"caption\":\"vozolvapen\"},\"image\":{\"@id\":\"https:\\\/\\\/vozolvapen.de\\\/#\\\/schema\\\/logo\\\/image\\\/\"}}]}<\/script>\n<!-- \/ Yoast SEO Premium plugin. -->","yoast_head_json":{"title":"Peach Ice \ud83c\udf51\ud83e\uddca - Fumot RandM Digital Box 12000 Puffs - vozolvapen","description":"Sklep Peach Ice Fumot 12000 Puffs. S\u0142odka brzoskwinia z mentolem. 20 ml p\u0142ynu Fumot, wy\u015bwietlacz cyfrowy. Ciesz si\u0119 12000 zaci\u0105gni\u0119\u0107 tym orze\u017awiaj\u0105cym waporyzatorem Fumot.","robots":{"index":"index","follow":"follow","max-snippet":"max-snippet:-1","max-image-preview":"max-image-preview:large","max-video-preview":"max-video-preview:-1"},"canonical":"https:\/\/vozolvapen.de\/pl\/product\/fumot-randm-digital-box-12000-peach-ice\/","og_locale":"pl_PL","og_type":"article","og_title":"Fumot RandM Digital Box 12000 - Peach ice","og_description":"Shop Peach Ice Fumot 12000 Puffs. Sweet peach with menthol. 20ML Fumot liquid, Digital Display. Enjoy 12000 Puffs of this refreshing Fumot vape.","og_url":"https:\/\/vozolvapen.de\/pl\/product\/fumot-randm-digital-box-12000-peach-ice\/","og_site_name":"vozolvapen","article_modified_time":"2026-02-10T11:16:31+00:00","og_image":[{"width":1200,"height":769,"url":"https:\/\/vozolvapen.de\/wp-content\/uploads\/2025\/12\/Fumot-RandM-Digital-Box-12000-flavors.webp","type":"image\/webp"}],"twitter_card":"summary_large_image","twitter_misc":{"Szacowany czas czytania":"2 minuty"},"schema":{"@context":"https:\/\/schema.org","@graph":[{"@type":"WebPage","@id":"https:\/\/vozolvapen.de\/product\/fumot-randm-digital-box-12000-peach-ice\/","url":"https:\/\/vozolvapen.de\/product\/fumot-randm-digital-box-12000-peach-ice\/","name":"Peach Ice \ud83c\udf51\ud83e\uddca - Fumot RandM Digital Box 12000 Puffs - vozolvapen","isPartOf":{"@id":"https:\/\/vozolvapen.de\/#website"},"primaryImageOfPage":{"@id":"https:\/\/vozolvapen.de\/product\/fumot-randm-digital-box-12000-peach-ice\/#primaryimage"},"image":{"@id":"https:\/\/vozolvapen.de\/product\/fumot-randm-digital-box-12000-peach-ice\/#primaryimage"},"thumbnailUrl":"https:\/\/vozolvapen.de\/wp-content\/uploads\/2025\/12\/Fumot-RandM-Digital-Box-12000-flavors.webp","datePublished":"2025-12-15T08:33:29+00:00","dateModified":"2026-02-10T11:16:31+00:00","description":"Sklep Peach Ice Fumot 12000 Puffs. S\u0142odka brzoskwinia z mentolem. 20 ml p\u0142ynu Fumot, wy\u015bwietlacz cyfrowy. Ciesz si\u0119 12000 zaci\u0105gni\u0119\u0107 tym orze\u017awiaj\u0105cym waporyzatorem Fumot.","breadcrumb":{"@id":"https:\/\/vozolvapen.de\/product\/fumot-randm-digital-box-12000-peach-ice\/#breadcrumb"},"inLanguage":"pl-PL","potentialAction":[{"@type":"ReadAction","target":["https:\/\/vozolvapen.de\/product\/fumot-randm-digital-box-12000-peach-ice\/"]}]},{"@type":"ImageObject","inLanguage":"pl-PL","@id":"https:\/\/vozolvapen.de\/product\/fumot-randm-digital-box-12000-peach-ice\/#primaryimage","url":"https:\/\/vozolvapen.de\/wp-content\/uploads\/2025\/12\/Fumot-RandM-Digital-Box-12000-flavors.webp","contentUrl":"https:\/\/vozolvapen.de\/wp-content\/uploads\/2025\/12\/Fumot-RandM-Digital-Box-12000-flavors.webp","width":1200,"height":769,"caption":"Fumot RandM Digital Box 12000 flavors"},{"@type":"BreadcrumbList","@id":"https:\/\/vozolvapen.de\/product\/fumot-randm-digital-box-12000-peach-ice\/#breadcrumb","itemListElement":[{"@type":"ListItem","position":1,"name":"Home","item":"https:\/\/vozolvapen.de\/de\/"},{"@type":"ListItem","position":2,"name":"Shop","item":"https:\/\/vozolvapen.de\/shop\/"},{"@type":"ListItem","position":3,"name":"Fumot RandM Digital Box 12000 &#8211; Peach ice"}]},{"@type":"WebSite","@id":"https:\/\/vozolvapen.de\/#website","url":"https:\/\/vozolvapen.de\/","name":"vozolvapen","description":"vozolvapen","publisher":{"@id":"https:\/\/vozolvapen.de\/#organization"},"potentialAction":[{"@type":"SearchAction","target":{"@type":"EntryPoint","urlTemplate":"https:\/\/vozolvapen.de\/?s={search_term_string}"},"query-input":{"@type":"PropertyValueSpecification","valueRequired":true,"valueName":"search_term_string"}}],"inLanguage":"pl-PL"},{"@type":"Organization","@id":"https:\/\/vozolvapen.de\/#organization","name":"vozolvapen","url":"https:\/\/vozolvapen.de\/","logo":{"@type":"ImageObject","inLanguage":"pl-PL","@id":"https:\/\/vozolvapen.de\/#\/schema\/logo\/image\/","url":"https:\/\/vozolvapen.de\/wp-content\/uploads\/2025\/12\/cropped-vozovapen-logo.webp","contentUrl":"https:\/\/vozolvapen.de\/wp-content\/uploads\/2025\/12\/cropped-vozovapen-logo.webp","width":470,"height":110,"caption":"vozolvapen"},"image":{"@id":"https:\/\/vozolvapen.de\/#\/schema\/logo\/image\/"}}]}},"tiered_pricing_type":"fixed","tiered_pricing_fixed_rules":{"30":"12.4","50":"9.4","100":"8.4","200":"7.9"},"tiered_pricing_product_settings":{"layout":"default","base_unit_name":{"singular":null,"plural":null},"default_variation":{}},"tiered_pricing_minimum_quantity":10,"tiered_pricing_roles_data":[],"tiered_pricing_percentage_rules":[],"tiered_pricing_maximum_quantity":null,"tiered_pricing_quantity_step":"10","_links":{"self":[{"href":"http:\/\/vozolvapen.de\/pl\/wp-json\/wp\/v2\/product\/26449","targetHints":{"allow":["GET"]}}],"collection":[{"href":"http:\/\/vozolvapen.de\/pl\/wp-json\/wp\/v2\/product"}],"about":[{"href":"http:\/\/vozolvapen.de\/pl\/wp-json\/wp\/v2\/types\/product"}],"replies":[{"embeddable":true,"href":"http:\/\/vozolvapen.de\/pl\/wp-json\/wp\/v2\/comments?post=26449"}],"wp:featuredmedia":[{"embeddable":true,"href":"http:\/\/vozolvapen.de\/pl\/wp-json\/wp\/v2\/media\/28960"}],"wp:attachment":[{"href":"http:\/\/vozolvapen.de\/pl\/wp-json\/wp\/v2\/media?parent=26449"}],"wp:term":[{"taxonomy":"product_brand","embeddable":true,"href":"http:\/\/vozolvapen.de\/pl\/wp-json\/wp\/v2\/product_brand?post=26449"},{"taxonomy":"product_cat","embeddable":true,"href":"http:\/\/vozolvapen.de\/pl\/wp-json\/wp\/v2\/product_cat?post=26449"},{"taxonomy":"product_tag","embeddable":true,"href":"http:\/\/vozolvapen.de\/pl\/wp-json\/wp\/v2\/product_tag?post=26449"}],"curies":[{"name":"wp","href":"https:\/\/api.w.org\/{rel}","templated":true}]}}