{"id":27007,"date":"2025-12-15T08:33:51","date_gmt":"2025-12-15T08:33:51","guid":{"rendered":"https:\/\/vozolvapen.de\/?post_type=product&#038;p=27007"},"modified":"2026-02-10T11:16:15","modified_gmt":"2026-02-10T11:16:15","slug":"fumot-randm-digital-box-12000-strawberry-red-bull","status":"publish","type":"product","link":"http:\/\/vozolvapen.de\/pl\/product\/fumot-randm-digital-box-12000-strawberry-red-bull\/","title":{"rendered":"Fumot RandM Digital Box 12000 - Strawberry Red bull"},"content":{"rendered":"<h1 data-path-to-node=\"76\"><b>Fumot RandM Digital Box 12000 - Strawberry Red Bull (12k Fumot)<\/b><\/h1>\n<p data-path-to-node=\"77\">Dodaj energii swojemu waporyzatorowi z truskawkowym Red Bullem w zestawie <b>Fumot RandM Digital Box 12000 Puffs<\/b>. Ten wyj\u0105tkowy <b>Skrzynka cyfrowa Fumot<\/b> \u0142\u0105czy znajomy smak napoju energetycznego ze s\u0142odkimi owocami, zapewniaj\u0105c pot\u0119\u017cn\u0105 dawk\u0119 energii. <b>12000 Puff\u00f3w<\/b> do\u015bwiadczenie.<\/p>\n<h2 data-path-to-node=\"78\"><b>Profil smakowy: S\u0142odka energia<\/b><\/h2>\n<p data-path-to-node=\"79\">Ten smak na\u015bladuje unikalny, pikantny smak popularnego napoju energetycznego i dodaje do niego s\u0142odkie, \u0142agodz\u0105ce nuty dojrza\u0142ej truskawki. Jest \u017cywy i pobudzaj\u0105cy. Smak <b>Fumot vape<\/b> Siatkowa cewka zapewnia wyra\u017ane brzmienie z\u0142o\u017conych nut energetycznych.<\/p>\n<h2 data-path-to-node=\"80\"><b>Podstawowe specyfikacje: Fumot 12000 Puffs<\/b><\/h2>\n<ul data-path-to-node=\"81\">\n<li>\n<p data-path-to-node=\"81,0,0\"><b>Model:<\/b> <b>Fumot RandM Digital Box 12000<\/b><\/p>\n<\/li>\n<li>\n<p data-path-to-node=\"81,1,0\"><b>Puffy:<\/b> UP do <b>12000 Puff\u00f3w<\/b> (<b>12k Fumot<\/b>)<\/p>\n<\/li>\n<li>\n<p data-path-to-node=\"81,2,0\"><b>E-Liquid:<\/b> <b>20 ml p\u0142ynu Fumot<\/b><\/p>\n<\/li>\n<li>\n<p data-path-to-node=\"81,3,0\"><b>Cewka:<\/b> Siatkowa cewka 1,0\u03a9<\/p>\n<\/li>\n<li>\n<p data-path-to-node=\"81,4,0\"><b>Wy\u015bwietlacz:<\/b> Wy\u015bwietlacz baterii i ejuice<\/p>\n<\/li>\n<\/ul>\n<h2><b>Fumot 12000 Puffs Ocena smaku - <\/b><b style=\"font-size: 16px;\">Truskawkowy Red Bull<\/b><\/h2>\n<ul data-path-to-node=\"24\">\n<li>\n<p data-path-to-node=\"24,0,0\"><b>S\u0142odycz:<\/b> \u2605\u2605\u2605\u2605\u2606 (Syrupy)<\/p>\n<\/li>\n<li>\n<p data-path-to-node=\"24,1,0\"><b>Poziom lodu:<\/b> \u2605\u2605\u2605\u2606\u2606 (Fizzy Sensation)<\/p>\n<\/li>\n<li>\n<p data-path-to-node=\"24,2,0\"><b>Aromat:<\/b> \u2605\u2605\u2605\u2605\u2605 (Strong Energy Drink)<\/p>\n<\/li>\n<\/ul>\n<blockquote data-path-to-node=\"25\">\n<p data-path-to-node=\"25,0\"><b>Werdykt:<\/b> Unikalne po\u0142\u0105czenie, kt\u00f3re \u0142agodzi ostry smak napoju energetycznego s\u0142odycz\u0105 dojrza\u0142ych truskawek.<\/p>\n<\/blockquote>\n<h3 dir=\"auto\">Oto dalsze zalecenia dla Ciebie:<\/h3>\n<p dir=\"auto\">Odkryj jeszcze wi\u0119cej niesamowitych smak\u00f3w dzi\u0119ki Fumot RandM Digital Box 12000 Puff Vape!<\/p>\n<p dir=\"auto\"><a href=\"https:\/\/vozolvapen.de\/pl\/product-category\/fumot-vape\/fumot-randm-digital-box-12000\/\" target=\"_blank\" rel=\"noopener noreferrer nofollow\">Zobacz wszystkie odmiany tutaj \u2192<\/a><\/p>\n<p dir=\"auto\">Zapoznaj si\u0119 z nasz\u0105 pe\u0142n\u0105 kolekcj\u0105 i kupuj produkty najlepszych marek vape, kt\u00f3re pokochasz.<\/p>\n<p dir=\"auto\"><a href=\"https:\/\/vozolvapen.de\/pl\/product-category\/fumot-vape\/\" target=\"_blank\" rel=\"noopener noreferrer nofollow\">Przegl\u0105daj teraz wszystkie marki \u2192<\/a><\/p>\n<p dir=\"auto\">Sprawd\u017a ca\u0142\u0105 seri\u0119 Fumot Vape - ka\u017cdy smak, ka\u017cdy styl!<\/p>\n<p dir=\"auto\"><a href=\"https:\/\/vozolvapen.de\/pl\/product-category\/fumot-vape\/\" target=\"_blank\" rel=\"noopener noreferrer nofollow\">Zobacz pe\u0142n\u0105 kolekcj\u0119 Fumot Vape \u2192<\/a><\/p>","protected":false},"excerpt":{"rendered":"<p>Dodaj sobie energii dzi\u0119ki temu wyj\u0105tkowemu po\u0142\u0105czeniu. Charakterystyczny, pikantny smak klasycznego napoju energetycznego jest z\u0142agodzony s\u0142odkimi nutami \u015bwie\u017cych truskawek.<\/p>","protected":false},"featured_media":28960,"comment_status":"open","ping_status":"closed","template":"","meta":{"_acf_changed":false},"product_brand":[],"product_cat":[134,62],"product_tag":[],"class_list":{"0":"post-27007","1":"product","2":"type-product","3":"status-publish","4":"has-post-thumbnail","6":"product_cat-eu-warehouse-in-stock","7":"product_cat-fumot-randm-digital-box-12000","9":"first","10":"instock","11":"shipping-taxable","12":"purchasable","13":"product-type-variable"},"acf":[],"yoast_head":"<!-- This site is optimized with the Yoast SEO Premium plugin v26.1 (Yoast SEO v27.5) - https:\/\/yoast.com\/product\/yoast-seo-premium-wordpress\/ -->\n<title>Strawberry Red Bull - Fumot RandM Digital Box 12000 Puffs - vozolvapen<\/title>\n<meta name=\"description\" content=\"Get Strawberry Red Bull Fumot 12000 Puffs. Energy drink blend. 20ML Fumot liquid, Digital Display. Power up with this Fumot vape 12k fumot.\" \/>\n<meta name=\"robots\" content=\"index, follow, max-snippet:-1, max-image-preview:large, max-video-preview:-1\" \/>\n<link rel=\"canonical\" href=\"https:\/\/vozolvapen.de\/pl\/product\/fumot-randm-digital-box-12000-strawberry-red-bull\/\" \/>\n<meta property=\"og:locale\" content=\"pl_PL\" \/>\n<meta property=\"og:type\" content=\"article\" \/>\n<meta property=\"og:title\" content=\"Fumot RandM Digital Box 12000 - Strawberry Red bull\" \/>\n<meta property=\"og:description\" content=\"Get Strawberry Red Bull Fumot 12000 Puffs. Energy drink blend. 20ML Fumot liquid, Digital Display. Power up with this Fumot vape 12k fumot.\" \/>\n<meta property=\"og:url\" content=\"https:\/\/vozolvapen.de\/pl\/product\/fumot-randm-digital-box-12000-strawberry-red-bull\/\" \/>\n<meta property=\"og:site_name\" content=\"vozolvapen\" \/>\n<meta property=\"article:modified_time\" content=\"2026-02-10T11:16:15+00:00\" \/>\n<meta property=\"og:image\" content=\"https:\/\/vozolvapen.de\/wp-content\/uploads\/2025\/12\/Fumot-RandM-Digital-Box-12000-flavors.webp\" \/>\n\t<meta property=\"og:image:width\" content=\"1200\" \/>\n\t<meta property=\"og:image:height\" content=\"769\" \/>\n\t<meta property=\"og:image:type\" content=\"image\/webp\" \/>\n<meta name=\"twitter:card\" content=\"summary_large_image\" \/>\n<meta name=\"twitter:label1\" content=\"Szacowany czas czytania\" \/>\n\t<meta name=\"twitter:data1\" content=\"2 minuty\" \/>\n<script type=\"application\/ld+json\" class=\"yoast-schema-graph\">{\"@context\":\"https:\\\/\\\/schema.org\",\"@graph\":[{\"@type\":\"WebPage\",\"@id\":\"https:\\\/\\\/vozolvapen.de\\\/product\\\/fumot-randm-digital-box-12000-strawberry-red-bull\\\/\",\"url\":\"https:\\\/\\\/vozolvapen.de\\\/product\\\/fumot-randm-digital-box-12000-strawberry-red-bull\\\/\",\"name\":\"Strawberry Red Bull - Fumot RandM Digital Box 12000 Puffs - vozolvapen\",\"isPartOf\":{\"@id\":\"https:\\\/\\\/vozolvapen.de\\\/#website\"},\"primaryImageOfPage\":{\"@id\":\"https:\\\/\\\/vozolvapen.de\\\/product\\\/fumot-randm-digital-box-12000-strawberry-red-bull\\\/#primaryimage\"},\"image\":{\"@id\":\"https:\\\/\\\/vozolvapen.de\\\/product\\\/fumot-randm-digital-box-12000-strawberry-red-bull\\\/#primaryimage\"},\"thumbnailUrl\":\"https:\\\/\\\/vozolvapen.de\\\/wp-content\\\/uploads\\\/2025\\\/12\\\/Fumot-RandM-Digital-Box-12000-flavors.webp\",\"datePublished\":\"2025-12-15T08:33:51+00:00\",\"dateModified\":\"2026-02-10T11:16:15+00:00\",\"description\":\"Get Strawberry Red Bull Fumot 12000 Puffs. Energy drink blend. 20ML Fumot liquid, Digital Display. Power up with this Fumot vape 12k fumot.\",\"breadcrumb\":{\"@id\":\"https:\\\/\\\/vozolvapen.de\\\/product\\\/fumot-randm-digital-box-12000-strawberry-red-bull\\\/#breadcrumb\"},\"inLanguage\":\"pl-PL\",\"potentialAction\":[{\"@type\":\"ReadAction\",\"target\":[\"https:\\\/\\\/vozolvapen.de\\\/product\\\/fumot-randm-digital-box-12000-strawberry-red-bull\\\/\"]}]},{\"@type\":\"ImageObject\",\"inLanguage\":\"pl-PL\",\"@id\":\"https:\\\/\\\/vozolvapen.de\\\/product\\\/fumot-randm-digital-box-12000-strawberry-red-bull\\\/#primaryimage\",\"url\":\"https:\\\/\\\/vozolvapen.de\\\/wp-content\\\/uploads\\\/2025\\\/12\\\/Fumot-RandM-Digital-Box-12000-flavors.webp\",\"contentUrl\":\"https:\\\/\\\/vozolvapen.de\\\/wp-content\\\/uploads\\\/2025\\\/12\\\/Fumot-RandM-Digital-Box-12000-flavors.webp\",\"width\":1200,\"height\":769,\"caption\":\"Fumot RandM Digital Box 12000 flavors\"},{\"@type\":\"BreadcrumbList\",\"@id\":\"https:\\\/\\\/vozolvapen.de\\\/product\\\/fumot-randm-digital-box-12000-strawberry-red-bull\\\/#breadcrumb\",\"itemListElement\":[{\"@type\":\"ListItem\",\"position\":1,\"name\":\"Home\",\"item\":\"https:\\\/\\\/vozolvapen.de\\\/de\\\/\"},{\"@type\":\"ListItem\",\"position\":2,\"name\":\"Shop\",\"item\":\"https:\\\/\\\/vozolvapen.de\\\/shop\\\/\"},{\"@type\":\"ListItem\",\"position\":3,\"name\":\"Fumot RandM Digital Box 12000 &#8211; Strawberry Red bull\"}]},{\"@type\":\"WebSite\",\"@id\":\"https:\\\/\\\/vozolvapen.de\\\/#website\",\"url\":\"https:\\\/\\\/vozolvapen.de\\\/\",\"name\":\"vozolvapen\",\"description\":\"vozolvapen\",\"publisher\":{\"@id\":\"https:\\\/\\\/vozolvapen.de\\\/#organization\"},\"potentialAction\":[{\"@type\":\"SearchAction\",\"target\":{\"@type\":\"EntryPoint\",\"urlTemplate\":\"https:\\\/\\\/vozolvapen.de\\\/?s={search_term_string}\"},\"query-input\":{\"@type\":\"PropertyValueSpecification\",\"valueRequired\":true,\"valueName\":\"search_term_string\"}}],\"inLanguage\":\"pl-PL\"},{\"@type\":\"Organization\",\"@id\":\"https:\\\/\\\/vozolvapen.de\\\/#organization\",\"name\":\"vozolvapen\",\"url\":\"https:\\\/\\\/vozolvapen.de\\\/\",\"logo\":{\"@type\":\"ImageObject\",\"inLanguage\":\"pl-PL\",\"@id\":\"https:\\\/\\\/vozolvapen.de\\\/#\\\/schema\\\/logo\\\/image\\\/\",\"url\":\"https:\\\/\\\/vozolvapen.de\\\/wp-content\\\/uploads\\\/2025\\\/12\\\/cropped-vozovapen-logo.webp\",\"contentUrl\":\"https:\\\/\\\/vozolvapen.de\\\/wp-content\\\/uploads\\\/2025\\\/12\\\/cropped-vozovapen-logo.webp\",\"width\":470,\"height\":110,\"caption\":\"vozolvapen\"},\"image\":{\"@id\":\"https:\\\/\\\/vozolvapen.de\\\/#\\\/schema\\\/logo\\\/image\\\/\"}}]}<\/script>\n<!-- \/ Yoast SEO Premium plugin. -->","yoast_head_json":{"title":"Strawberry Red Bull - Fumot RandM Digital Box 12000 Puff\u00f3w - vozolvapen","description":"Kup Truskawkowy Red Bull Fumot 12000 Puff. Mieszanka napoj\u00f3w energetycznych. 20 ml p\u0142ynu Fumot, wy\u015bwietlacz cyfrowy. Wzmocnij si\u0119 dzi\u0119ki temu Fumot vape 12k fumot.","robots":{"index":"index","follow":"follow","max-snippet":"max-snippet:-1","max-image-preview":"max-image-preview:large","max-video-preview":"max-video-preview:-1"},"canonical":"https:\/\/vozolvapen.de\/pl\/product\/fumot-randm-digital-box-12000-strawberry-red-bull\/","og_locale":"pl_PL","og_type":"article","og_title":"Fumot RandM Digital Box 12000 - Strawberry Red bull","og_description":"Get Strawberry Red Bull Fumot 12000 Puffs. Energy drink blend. 20ML Fumot liquid, Digital Display. Power up with this Fumot vape 12k fumot.","og_url":"https:\/\/vozolvapen.de\/pl\/product\/fumot-randm-digital-box-12000-strawberry-red-bull\/","og_site_name":"vozolvapen","article_modified_time":"2026-02-10T11:16:15+00:00","og_image":[{"width":1200,"height":769,"url":"https:\/\/vozolvapen.de\/wp-content\/uploads\/2025\/12\/Fumot-RandM-Digital-Box-12000-flavors.webp","type":"image\/webp"}],"twitter_card":"summary_large_image","twitter_misc":{"Szacowany czas czytania":"2 minuty"},"schema":{"@context":"https:\/\/schema.org","@graph":[{"@type":"WebPage","@id":"https:\/\/vozolvapen.de\/product\/fumot-randm-digital-box-12000-strawberry-red-bull\/","url":"https:\/\/vozolvapen.de\/product\/fumot-randm-digital-box-12000-strawberry-red-bull\/","name":"Strawberry Red Bull - Fumot RandM Digital Box 12000 Puff\u00f3w - vozolvapen","isPartOf":{"@id":"https:\/\/vozolvapen.de\/#website"},"primaryImageOfPage":{"@id":"https:\/\/vozolvapen.de\/product\/fumot-randm-digital-box-12000-strawberry-red-bull\/#primaryimage"},"image":{"@id":"https:\/\/vozolvapen.de\/product\/fumot-randm-digital-box-12000-strawberry-red-bull\/#primaryimage"},"thumbnailUrl":"https:\/\/vozolvapen.de\/wp-content\/uploads\/2025\/12\/Fumot-RandM-Digital-Box-12000-flavors.webp","datePublished":"2025-12-15T08:33:51+00:00","dateModified":"2026-02-10T11:16:15+00:00","description":"Kup Truskawkowy Red Bull Fumot 12000 Puff. Mieszanka napoj\u00f3w energetycznych. 20 ml p\u0142ynu Fumot, wy\u015bwietlacz cyfrowy. Wzmocnij si\u0119 dzi\u0119ki temu Fumot vape 12k fumot.","breadcrumb":{"@id":"https:\/\/vozolvapen.de\/product\/fumot-randm-digital-box-12000-strawberry-red-bull\/#breadcrumb"},"inLanguage":"pl-PL","potentialAction":[{"@type":"ReadAction","target":["https:\/\/vozolvapen.de\/product\/fumot-randm-digital-box-12000-strawberry-red-bull\/"]}]},{"@type":"ImageObject","inLanguage":"pl-PL","@id":"https:\/\/vozolvapen.de\/product\/fumot-randm-digital-box-12000-strawberry-red-bull\/#primaryimage","url":"https:\/\/vozolvapen.de\/wp-content\/uploads\/2025\/12\/Fumot-RandM-Digital-Box-12000-flavors.webp","contentUrl":"https:\/\/vozolvapen.de\/wp-content\/uploads\/2025\/12\/Fumot-RandM-Digital-Box-12000-flavors.webp","width":1200,"height":769,"caption":"Fumot RandM Digital Box 12000 flavors"},{"@type":"BreadcrumbList","@id":"https:\/\/vozolvapen.de\/product\/fumot-randm-digital-box-12000-strawberry-red-bull\/#breadcrumb","itemListElement":[{"@type":"ListItem","position":1,"name":"Home","item":"https:\/\/vozolvapen.de\/de\/"},{"@type":"ListItem","position":2,"name":"Shop","item":"https:\/\/vozolvapen.de\/shop\/"},{"@type":"ListItem","position":3,"name":"Fumot RandM Digital Box 12000 &#8211; Strawberry Red bull"}]},{"@type":"WebSite","@id":"https:\/\/vozolvapen.de\/#website","url":"https:\/\/vozolvapen.de\/","name":"vozolvapen","description":"vozolvapen","publisher":{"@id":"https:\/\/vozolvapen.de\/#organization"},"potentialAction":[{"@type":"SearchAction","target":{"@type":"EntryPoint","urlTemplate":"https:\/\/vozolvapen.de\/?s={search_term_string}"},"query-input":{"@type":"PropertyValueSpecification","valueRequired":true,"valueName":"search_term_string"}}],"inLanguage":"pl-PL"},{"@type":"Organization","@id":"https:\/\/vozolvapen.de\/#organization","name":"vozolvapen","url":"https:\/\/vozolvapen.de\/","logo":{"@type":"ImageObject","inLanguage":"pl-PL","@id":"https:\/\/vozolvapen.de\/#\/schema\/logo\/image\/","url":"https:\/\/vozolvapen.de\/wp-content\/uploads\/2025\/12\/cropped-vozovapen-logo.webp","contentUrl":"https:\/\/vozolvapen.de\/wp-content\/uploads\/2025\/12\/cropped-vozovapen-logo.webp","width":470,"height":110,"caption":"vozolvapen"},"image":{"@id":"https:\/\/vozolvapen.de\/#\/schema\/logo\/image\/"}}]}},"tiered_pricing_type":"fixed","tiered_pricing_fixed_rules":{"30":"12.4","50":"9.4","100":"8.4","200":"7.9"},"tiered_pricing_product_settings":{"layout":"default","base_unit_name":{"singular":null,"plural":null},"default_variation":{}},"tiered_pricing_minimum_quantity":10,"tiered_pricing_roles_data":[],"tiered_pricing_percentage_rules":[],"tiered_pricing_maximum_quantity":null,"tiered_pricing_quantity_step":"10","_links":{"self":[{"href":"http:\/\/vozolvapen.de\/pl\/wp-json\/wp\/v2\/product\/27007","targetHints":{"allow":["GET"]}}],"collection":[{"href":"http:\/\/vozolvapen.de\/pl\/wp-json\/wp\/v2\/product"}],"about":[{"href":"http:\/\/vozolvapen.de\/pl\/wp-json\/wp\/v2\/types\/product"}],"replies":[{"embeddable":true,"href":"http:\/\/vozolvapen.de\/pl\/wp-json\/wp\/v2\/comments?post=27007"}],"wp:featuredmedia":[{"embeddable":true,"href":"http:\/\/vozolvapen.de\/pl\/wp-json\/wp\/v2\/media\/28960"}],"wp:attachment":[{"href":"http:\/\/vozolvapen.de\/pl\/wp-json\/wp\/v2\/media?parent=27007"}],"wp:term":[{"taxonomy":"product_brand","embeddable":true,"href":"http:\/\/vozolvapen.de\/pl\/wp-json\/wp\/v2\/product_brand?post=27007"},{"taxonomy":"product_cat","embeddable":true,"href":"http:\/\/vozolvapen.de\/pl\/wp-json\/wp\/v2\/product_cat?post=27007"},{"taxonomy":"product_tag","embeddable":true,"href":"http:\/\/vozolvapen.de\/pl\/wp-json\/wp\/v2\/product_tag?post=27007"}],"curies":[{"name":"wp","href":"https:\/\/api.w.org\/{rel}","templated":true}]}}