{"id":29407,"date":"2025-12-15T10:25:29","date_gmt":"2025-12-15T10:25:29","guid":{"rendered":"https:\/\/vozolvapen.de\/?post_type=product&#038;p=29407"},"modified":"2025-12-15T11:09:30","modified_gmt":"2025-12-15T11:09:30","slug":"jnr-alien-10000-blueberry-cherry-cranberry","status":"publish","type":"product","link":"http:\/\/vozolvapen.de\/pl\/product\/jnr-alien-10000-blueberry-cherry-cranberry\/","title":{"rendered":"JNR Alien 10000 - Blueberry Cherry Cranberry"},"content":{"rendered":"<h1 data-path-to-node=\"66\"><b>JNR Alien 10000 - Blueberry Cherry Cranberry | 10k JNR Power, smak Dual Mesh<\/b><\/h1>\n<p data-path-to-node=\"67\">Do\u015bwiadcz niesamowitego smaku Blueberry Cherry Cranberry dzi\u0119ki zaawansowanej technologii <b>JNR Alien 10000 Puffs<\/b> urz\u0105dzenie. To flagowe urz\u0105dzenie <b>puff jnr<\/b> Model \u0142\u0105czy w sobie ogromn\u0105 pojemno\u015b\u0107 (<b>10000 Puff\u00f3w<\/b>) z zaawansowanym systemem dwurdzeniowym i pot\u0119\u017cnym <b>Akumulator o pojemno\u015bci 850 mAh<\/b>, co czyni go najlepszym <b>akumulator puff jnr<\/b> wyb\u00f3r.<\/p>\n<h2 data-path-to-node=\"68\"><b>Profil smakowy: Z\u0142o\u017cony i wielowarstwowy<\/b><\/h2>\n<p data-path-to-node=\"69\">Blueberry Cherry Cranberry oferuje z\u0142o\u017con\u0105 podr\u00f3\u017c smakow\u0105, r\u00f3wnowa\u017c\u0105c g\u0142\u0119bok\u0105 s\u0142odycz bor\u00f3wki, bogactwo wi\u015bni i ostr\u0105 cierpko\u015b\u0107 \u017curawiny. Smak <b>JNR Alien 10000<\/b>\u2018s <b>Cewka z podw\u00f3jn\u0105 siatk\u0105<\/b> zapewnia, \u017ce ka\u017cdy puff jest intensywnie aromatyczny.<\/p>\n<h2 data-path-to-node=\"29\"><b>Dlaczego warto wybra\u0107 JNR Alien 10000?<\/b><\/h2>\n<ul data-path-to-node=\"30\">\n<li>\n<p data-path-to-node=\"30,0,0\"><b>D\u0142ugotrwa\u0142y:<\/b> Gwarancje do <b>10000 Puff\u00f3w<\/b> najwy\u017cszej jako\u015bci smaku jagodowo-wi\u015bniowo-\u017curawinowego.<\/p>\n<\/li>\n<li>\n<p data-path-to-node=\"30,1,0\"><b>Zoptymalizowana wydajno\u015b\u0107:<\/b> <b>Cewka z podw\u00f3jn\u0105 siatk\u0105<\/b> i technologia Dual Core zapewniaj\u0105 sp\u00f3jn\u0105 par\u0119 i czysty smak.<\/p>\n<\/li>\n<li>\n<p data-path-to-node=\"30,2,0\"><b>Kontrola u\u017cytkownika:<\/b> Cechy <b>Wy\u015bwietlacz cyfrowy<\/b> do monitorowania poziomu baterii i p\u0142yn\u00f3w oraz <b>Regulowany przep\u0142yw powietrza<\/b> kontrola.<\/p>\n<\/li>\n<li>\n<p data-path-to-node=\"30,3,0\"><b>Wygoda:<\/b> <b>Szybkie \u0142adowanie typu C<\/b> czyni to <b>puff 10k jnr<\/b> urz\u0105dzenie gotowe do pracy.<\/p>\n<\/li>\n<\/ul>\n<h2 data-path-to-node=\"31\"><b>Specyfikacja JNR Alien 10000<\/b><\/h2>\n<table data-path-to-node=\"32\">\n<thead>\n<tr>\n<td><strong>Parametr<\/strong><\/td>\n<td><strong>Szczeg\u00f3\u0142y<\/strong><\/td>\n<\/tr>\n<\/thead>\n<tbody>\n<tr>\n<td><span data-path-to-node=\"32,1,0,0\"><b>Model<\/b><\/span><\/td>\n<td><span data-path-to-node=\"32,1,1,0\"><b>JNR Alien 10000<\/b><\/span><\/td>\n<\/tr>\n<tr>\n<td><span data-path-to-node=\"32,2,0,0\"><b>Puffy<\/b><\/span><\/td>\n<td><span data-path-to-node=\"32,2,1,0\">UP do <b>10000 Puff\u00f3w<\/b> (<b>10k JNR<\/b>)<\/span><\/td>\n<\/tr>\n<tr>\n<td><span data-path-to-node=\"32,3,0,0\"><b>Typ cewki<\/b><\/span><\/td>\n<td><span data-path-to-node=\"32,3,1,0\">Podw\u00f3jna cewka siatkowa (1,2\u03a9)<\/span><\/td>\n<\/tr>\n<tr>\n<td><span data-path-to-node=\"32,4,0,0\"><b>Bateria<\/b><\/span><\/td>\n<td><span data-path-to-node=\"32,4,1,0\">850 mAh (<b>Akumulator Puff JNR<\/b>)<\/span><\/td>\n<\/tr>\n<tr>\n<td><span data-path-to-node=\"32,5,0,0\"><b>Cechy<\/b><\/span><\/td>\n<td><span data-path-to-node=\"32,5,1,0\">Cyfrowy wy\u015bwietlacz, regulowany przep\u0142yw powietrza<\/span><\/td>\n<\/tr>\n<tr>\n<td><span data-path-to-node=\"32,6,0,0\"><b>Nikotyna<\/b><\/span><\/td>\n<td><span data-path-to-node=\"32,6,1,0\">2% \/ 5%<\/span><\/td>\n<\/tr>\n<\/tbody>\n<\/table>\n<h2>Jagoda Wi\u015bnia \u017burawina - \ud83c\udfaf <b>Dla kogo przeznaczony jest ten JNR Alien 10000 Flavor?\u00a0<\/b><\/h2>\n<p data-path-to-node=\"24\">To <b>Jagoda Wi\u015bnia \u017burawina<\/b> smak w <b>JNR Alien 10000<\/b> zosta\u0142a stworzona specjalnie dla vaper\u00f3w, kt\u00f3rzy ceni\u0105 sobie <b>Z\u0142o\u017cona, wielowarstwowa mieszanka jag\u00f3d z wywa\u017conymi s\u0142odkimi i cierpkimi nutami<\/b> profil.<\/p>\n<table data-path-to-node=\"25\">\n<thead>\n<tr>\n<td><strong>Preferencje<\/strong><\/td>\n<td><strong>Zalecenie<\/strong><\/td>\n<\/tr>\n<\/thead>\n<tbody>\n<tr>\n<td><span data-path-to-node=\"25,1,0,0\"><b>Styl wapowania<\/b><\/span><\/td>\n<td><span data-path-to-node=\"25,1,1,0\">Idealny dla <b>MTL<\/b> waper\u00f3w, kt\u00f3rzy lubi\u0105 wyrafinowane, mieszane profile owocowe.<\/span><\/td>\n<\/tr>\n<tr>\n<td><span data-path-to-node=\"25,2,0,0\"><b>Profil smakowy<\/b><\/span><\/td>\n<td><span data-path-to-node=\"25,2,1,0\">Spodoba ci si\u0119 to, je\u015bli lubisz <b>jagodowe mieszanki, subtelna cierpko\u015b\u0107 \u017curawiny i bogaty, pe\u0142ny smak<\/b>.<\/span><\/td>\n<\/tr>\n<tr>\n<td><span data-path-to-node=\"25,3,0,0\"><b>Najlepsze dla<\/b><\/span><\/td>\n<td><span data-path-to-node=\"25,3,1,0\">Idealny jako <b>All-Day Vape (ADV)<\/b> ze wzgl\u0119du na jego <b>zr\u00f3wnowa\u017cona z\u0142o\u017cono\u015b\u0107, kt\u00f3ra chroni j\u0119zyk wapera<\/b>.<\/span><\/td>\n<\/tr>\n<tr>\n<td><span data-path-to-node=\"25,4,0,0\"><b>Niezalecane, je\u015bli<\/b><\/span><\/td>\n<td><span data-path-to-node=\"25,4,1,0\">Unikaj tego, je\u015bli nie lubisz <b>cierpki smak \u017curawiny<\/b> lub preferuj\u0105 bardzo proste, jednoowocowe smaki.<\/span><\/td>\n<\/tr>\n<\/tbody>\n<\/table>\n<h3 dir=\"auto\">Oto dalsze zalecenia dla Ciebie:<\/h3>\n<p dir=\"auto\">Odkryj jeszcze wi\u0119cej niesamowitych smak\u00f3w dzi\u0119ki JNR Alien 10000 Puff Vape!<\/p>\n<p dir=\"auto\"><a href=\"https:\/\/vozolvapen.de\/pl\/product-category\/jnr-vape\/jnr-alien-10000-puff-vape\/\" target=\"_blank\" rel=\"noopener noreferrer nofollow\">Zobacz wszystkie odmiany tutaj \u2192<\/a><\/p>\n<p dir=\"auto\">Zapoznaj si\u0119 z nasz\u0105 pe\u0142n\u0105 kolekcj\u0105 i kupuj produkty najlepszych marek vape, kt\u00f3re pokochasz.<\/p>\n<p dir=\"auto\"><a href=\"https:\/\/vozolvapen.de\/pl\/\" target=\"_blank\" rel=\"noopener noreferrer nofollow\">Przegl\u0105daj teraz wszystkie marki \u2192<\/a><\/p>\n<p dir=\"auto\">Sprawd\u017a ca\u0142\u0105 seri\u0119 JNR Vape - ka\u017cdy smak, ka\u017cdy styl!<\/p>\n<p dir=\"auto\"><a href=\"https:\/\/vozolvapen.de\/pl\/product-category\/jnr-vape\/\" target=\"_blank\" rel=\"noopener noreferrer nofollow\">Zobacz pe\u0142n\u0105 kolekcj\u0119 JNR Vape \u2192<\/a><\/p>","protected":false},"excerpt":{"rendered":"<p>Wyrafinowana mieszanka jag\u00f3d, harmonizuj\u0105ca s\u0142odycz jag\u00f3d, bogactwo wi\u015bni i ostry posmak \u017curawiny.<\/p>","protected":false},"featured_media":30835,"comment_status":"open","ping_status":"closed","template":"","meta":{"_acf_changed":false},"product_brand":[],"product_cat":[79],"product_tag":[],"class_list":{"0":"post-29407","1":"product","2":"type-product","3":"status-publish","4":"has-post-thumbnail","6":"product_cat-jnr-alien-10000-puff-vape","8":"first","9":"instock","10":"shipping-taxable","11":"purchasable","12":"product-type-variable"},"acf":[],"yoast_head":"<!-- This site is optimized with the Yoast SEO Premium plugin v26.1 (Yoast SEO v27.5) - https:\/\/yoast.com\/product\/yoast-seo-premium-wordpress\/ -->\n<title>Blueberry Cherry Cranberry - JNR Alien 10000 Puffs Disposable - vozolvapen<\/title>\n<meta name=\"description\" content=\"Buy B\/C\/C JNR Alien 10000. Complex berry mix. 10k JNR quality, Dual Mesh Coil, puff rechargeable jnr.\" \/>\n<meta name=\"robots\" content=\"index, follow, max-snippet:-1, max-image-preview:large, max-video-preview:-1\" \/>\n<link rel=\"canonical\" href=\"https:\/\/vozolvapen.de\/pl\/product\/jnr-alien-10000-blueberry-cherry-cranberry\/\" \/>\n<meta property=\"og:locale\" content=\"pl_PL\" \/>\n<meta property=\"og:type\" content=\"article\" \/>\n<meta property=\"og:title\" content=\"JNR Alien 10000 - Blueberry Cherry Cranberry\" \/>\n<meta property=\"og:description\" content=\"Buy B\/C\/C JNR Alien 10000. Complex berry mix. 10k JNR quality, Dual Mesh Coil, puff rechargeable jnr.\" \/>\n<meta property=\"og:url\" content=\"https:\/\/vozolvapen.de\/pl\/product\/jnr-alien-10000-blueberry-cherry-cranberry\/\" \/>\n<meta property=\"og:site_name\" content=\"vozolvapen\" \/>\n<meta property=\"article:modified_time\" content=\"2025-12-15T11:09:30+00:00\" \/>\n<meta property=\"og:image\" content=\"https:\/\/vozolvapen.de\/wp-content\/uploads\/2025\/12\/JNR-Alien-10000-Fruit-Salad-Soda-.webp\" \/>\n\t<meta property=\"og:image:width\" content=\"793\" \/>\n\t<meta property=\"og:image:height\" content=\"796\" \/>\n\t<meta property=\"og:image:type\" content=\"image\/webp\" \/>\n<meta name=\"twitter:card\" content=\"summary_large_image\" \/>\n<meta name=\"twitter:label1\" content=\"Szacowany czas czytania\" \/>\n\t<meta name=\"twitter:data1\" content=\"2 minuty\" \/>\n<script type=\"application\/ld+json\" class=\"yoast-schema-graph\">{\"@context\":\"https:\\\/\\\/schema.org\",\"@graph\":[{\"@type\":\"WebPage\",\"@id\":\"https:\\\/\\\/vozolvapen.de\\\/product\\\/jnr-alien-10000-blueberry-cherry-cranberry\\\/\",\"url\":\"https:\\\/\\\/vozolvapen.de\\\/product\\\/jnr-alien-10000-blueberry-cherry-cranberry\\\/\",\"name\":\"Blueberry Cherry Cranberry - JNR Alien 10000 Puffs Disposable - vozolvapen\",\"isPartOf\":{\"@id\":\"https:\\\/\\\/vozolvapen.de\\\/#website\"},\"primaryImageOfPage\":{\"@id\":\"https:\\\/\\\/vozolvapen.de\\\/product\\\/jnr-alien-10000-blueberry-cherry-cranberry\\\/#primaryimage\"},\"image\":{\"@id\":\"https:\\\/\\\/vozolvapen.de\\\/product\\\/jnr-alien-10000-blueberry-cherry-cranberry\\\/#primaryimage\"},\"thumbnailUrl\":\"https:\\\/\\\/vozolvapen.de\\\/wp-content\\\/uploads\\\/2025\\\/12\\\/JNR-Alien-10000-Fruit-Salad-Soda-.webp\",\"datePublished\":\"2025-12-15T10:25:29+00:00\",\"dateModified\":\"2025-12-15T11:09:30+00:00\",\"description\":\"Buy B\\\/C\\\/C JNR Alien 10000. Complex berry mix. 10k JNR quality, Dual Mesh Coil, puff rechargeable jnr.\",\"breadcrumb\":{\"@id\":\"https:\\\/\\\/vozolvapen.de\\\/product\\\/jnr-alien-10000-blueberry-cherry-cranberry\\\/#breadcrumb\"},\"inLanguage\":\"pl-PL\",\"potentialAction\":[{\"@type\":\"ReadAction\",\"target\":[\"https:\\\/\\\/vozolvapen.de\\\/product\\\/jnr-alien-10000-blueberry-cherry-cranberry\\\/\"]}]},{\"@type\":\"ImageObject\",\"inLanguage\":\"pl-PL\",\"@id\":\"https:\\\/\\\/vozolvapen.de\\\/product\\\/jnr-alien-10000-blueberry-cherry-cranberry\\\/#primaryimage\",\"url\":\"https:\\\/\\\/vozolvapen.de\\\/wp-content\\\/uploads\\\/2025\\\/12\\\/JNR-Alien-10000-Fruit-Salad-Soda-.webp\",\"contentUrl\":\"https:\\\/\\\/vozolvapen.de\\\/wp-content\\\/uploads\\\/2025\\\/12\\\/JNR-Alien-10000-Fruit-Salad-Soda-.webp\",\"width\":793,\"height\":796,\"caption\":\"JNR Alien 10000 - Fruit Salad Soda\"},{\"@type\":\"BreadcrumbList\",\"@id\":\"https:\\\/\\\/vozolvapen.de\\\/product\\\/jnr-alien-10000-blueberry-cherry-cranberry\\\/#breadcrumb\",\"itemListElement\":[{\"@type\":\"ListItem\",\"position\":1,\"name\":\"Home\",\"item\":\"https:\\\/\\\/vozolvapen.de\\\/de\\\/\"},{\"@type\":\"ListItem\",\"position\":2,\"name\":\"Shop\",\"item\":\"https:\\\/\\\/vozolvapen.de\\\/shop\\\/\"},{\"@type\":\"ListItem\",\"position\":3,\"name\":\"JNR Alien 10000 &#8211; Blueberry Cherry Cranberry\"}]},{\"@type\":\"WebSite\",\"@id\":\"https:\\\/\\\/vozolvapen.de\\\/#website\",\"url\":\"https:\\\/\\\/vozolvapen.de\\\/\",\"name\":\"vozolvapen\",\"description\":\"vozolvapen\",\"publisher\":{\"@id\":\"https:\\\/\\\/vozolvapen.de\\\/#organization\"},\"potentialAction\":[{\"@type\":\"SearchAction\",\"target\":{\"@type\":\"EntryPoint\",\"urlTemplate\":\"https:\\\/\\\/vozolvapen.de\\\/?s={search_term_string}\"},\"query-input\":{\"@type\":\"PropertyValueSpecification\",\"valueRequired\":true,\"valueName\":\"search_term_string\"}}],\"inLanguage\":\"pl-PL\"},{\"@type\":\"Organization\",\"@id\":\"https:\\\/\\\/vozolvapen.de\\\/#organization\",\"name\":\"vozolvapen\",\"url\":\"https:\\\/\\\/vozolvapen.de\\\/\",\"logo\":{\"@type\":\"ImageObject\",\"inLanguage\":\"pl-PL\",\"@id\":\"https:\\\/\\\/vozolvapen.de\\\/#\\\/schema\\\/logo\\\/image\\\/\",\"url\":\"https:\\\/\\\/vozolvapen.de\\\/wp-content\\\/uploads\\\/2025\\\/12\\\/cropped-vozovapen-logo.webp\",\"contentUrl\":\"https:\\\/\\\/vozolvapen.de\\\/wp-content\\\/uploads\\\/2025\\\/12\\\/cropped-vozovapen-logo.webp\",\"width\":470,\"height\":110,\"caption\":\"vozolvapen\"},\"image\":{\"@id\":\"https:\\\/\\\/vozolvapen.de\\\/#\\\/schema\\\/logo\\\/image\\\/\"}}]}<\/script>\n<!-- \/ Yoast SEO Premium plugin. -->","yoast_head_json":{"title":"Blueberry Cherry Cranberry - JNR Alien 10000 puff\u00f3w jednorazowych - vozolvapen","description":"Kup B\/C\/C JNR Alien 10000. Z\u0142o\u017cona mieszanka jag\u00f3d. Jako\u015b\u0107 10k JNR, podw\u00f3jna cewka siatkowa, akumulator puff jnr.","robots":{"index":"index","follow":"follow","max-snippet":"max-snippet:-1","max-image-preview":"max-image-preview:large","max-video-preview":"max-video-preview:-1"},"canonical":"https:\/\/vozolvapen.de\/pl\/product\/jnr-alien-10000-blueberry-cherry-cranberry\/","og_locale":"pl_PL","og_type":"article","og_title":"JNR Alien 10000 - Blueberry Cherry Cranberry","og_description":"Buy B\/C\/C JNR Alien 10000. Complex berry mix. 10k JNR quality, Dual Mesh Coil, puff rechargeable jnr.","og_url":"https:\/\/vozolvapen.de\/pl\/product\/jnr-alien-10000-blueberry-cherry-cranberry\/","og_site_name":"vozolvapen","article_modified_time":"2025-12-15T11:09:30+00:00","og_image":[{"width":793,"height":796,"url":"https:\/\/vozolvapen.de\/wp-content\/uploads\/2025\/12\/JNR-Alien-10000-Fruit-Salad-Soda-.webp","type":"image\/webp"}],"twitter_card":"summary_large_image","twitter_misc":{"Szacowany czas czytania":"2 minuty"},"schema":{"@context":"https:\/\/schema.org","@graph":[{"@type":"WebPage","@id":"https:\/\/vozolvapen.de\/product\/jnr-alien-10000-blueberry-cherry-cranberry\/","url":"https:\/\/vozolvapen.de\/product\/jnr-alien-10000-blueberry-cherry-cranberry\/","name":"Blueberry Cherry Cranberry - JNR Alien 10000 puff\u00f3w jednorazowych - vozolvapen","isPartOf":{"@id":"https:\/\/vozolvapen.de\/#website"},"primaryImageOfPage":{"@id":"https:\/\/vozolvapen.de\/product\/jnr-alien-10000-blueberry-cherry-cranberry\/#primaryimage"},"image":{"@id":"https:\/\/vozolvapen.de\/product\/jnr-alien-10000-blueberry-cherry-cranberry\/#primaryimage"},"thumbnailUrl":"https:\/\/vozolvapen.de\/wp-content\/uploads\/2025\/12\/JNR-Alien-10000-Fruit-Salad-Soda-.webp","datePublished":"2025-12-15T10:25:29+00:00","dateModified":"2025-12-15T11:09:30+00:00","description":"Kup B\/C\/C JNR Alien 10000. Z\u0142o\u017cona mieszanka jag\u00f3d. Jako\u015b\u0107 10k JNR, podw\u00f3jna cewka siatkowa, akumulator puff jnr.","breadcrumb":{"@id":"https:\/\/vozolvapen.de\/product\/jnr-alien-10000-blueberry-cherry-cranberry\/#breadcrumb"},"inLanguage":"pl-PL","potentialAction":[{"@type":"ReadAction","target":["https:\/\/vozolvapen.de\/product\/jnr-alien-10000-blueberry-cherry-cranberry\/"]}]},{"@type":"ImageObject","inLanguage":"pl-PL","@id":"https:\/\/vozolvapen.de\/product\/jnr-alien-10000-blueberry-cherry-cranberry\/#primaryimage","url":"https:\/\/vozolvapen.de\/wp-content\/uploads\/2025\/12\/JNR-Alien-10000-Fruit-Salad-Soda-.webp","contentUrl":"https:\/\/vozolvapen.de\/wp-content\/uploads\/2025\/12\/JNR-Alien-10000-Fruit-Salad-Soda-.webp","width":793,"height":796,"caption":"JNR Alien 10000 - Fruit Salad Soda"},{"@type":"BreadcrumbList","@id":"https:\/\/vozolvapen.de\/product\/jnr-alien-10000-blueberry-cherry-cranberry\/#breadcrumb","itemListElement":[{"@type":"ListItem","position":1,"name":"Home","item":"https:\/\/vozolvapen.de\/de\/"},{"@type":"ListItem","position":2,"name":"Shop","item":"https:\/\/vozolvapen.de\/shop\/"},{"@type":"ListItem","position":3,"name":"JNR Alien 10000 &#8211; Blueberry Cherry Cranberry"}]},{"@type":"WebSite","@id":"https:\/\/vozolvapen.de\/#website","url":"https:\/\/vozolvapen.de\/","name":"vozolvapen","description":"vozolvapen","publisher":{"@id":"https:\/\/vozolvapen.de\/#organization"},"potentialAction":[{"@type":"SearchAction","target":{"@type":"EntryPoint","urlTemplate":"https:\/\/vozolvapen.de\/?s={search_term_string}"},"query-input":{"@type":"PropertyValueSpecification","valueRequired":true,"valueName":"search_term_string"}}],"inLanguage":"pl-PL"},{"@type":"Organization","@id":"https:\/\/vozolvapen.de\/#organization","name":"vozolvapen","url":"https:\/\/vozolvapen.de\/","logo":{"@type":"ImageObject","inLanguage":"pl-PL","@id":"https:\/\/vozolvapen.de\/#\/schema\/logo\/image\/","url":"https:\/\/vozolvapen.de\/wp-content\/uploads\/2025\/12\/cropped-vozovapen-logo.webp","contentUrl":"https:\/\/vozolvapen.de\/wp-content\/uploads\/2025\/12\/cropped-vozovapen-logo.webp","width":470,"height":110,"caption":"vozolvapen"},"image":{"@id":"https:\/\/vozolvapen.de\/#\/schema\/logo\/image\/"}}]}},"tiered_pricing_type":"fixed","tiered_pricing_fixed_rules":{"30":"11","50":"9","100":"8","200":"7.5"},"tiered_pricing_product_settings":{"layout":"default","base_unit_name":{"singular":null,"plural":null},"default_variation":{}},"tiered_pricing_minimum_quantity":10,"tiered_pricing_roles_data":[],"tiered_pricing_percentage_rules":[],"tiered_pricing_maximum_quantity":null,"tiered_pricing_quantity_step":"10","_links":{"self":[{"href":"http:\/\/vozolvapen.de\/pl\/wp-json\/wp\/v2\/product\/29407","targetHints":{"allow":["GET"]}}],"collection":[{"href":"http:\/\/vozolvapen.de\/pl\/wp-json\/wp\/v2\/product"}],"about":[{"href":"http:\/\/vozolvapen.de\/pl\/wp-json\/wp\/v2\/types\/product"}],"replies":[{"embeddable":true,"href":"http:\/\/vozolvapen.de\/pl\/wp-json\/wp\/v2\/comments?post=29407"}],"wp:featuredmedia":[{"embeddable":true,"href":"http:\/\/vozolvapen.de\/pl\/wp-json\/wp\/v2\/media\/30835"}],"wp:attachment":[{"href":"http:\/\/vozolvapen.de\/pl\/wp-json\/wp\/v2\/media?parent=29407"}],"wp:term":[{"taxonomy":"product_brand","embeddable":true,"href":"http:\/\/vozolvapen.de\/pl\/wp-json\/wp\/v2\/product_brand?post=29407"},{"taxonomy":"product_cat","embeddable":true,"href":"http:\/\/vozolvapen.de\/pl\/wp-json\/wp\/v2\/product_cat?post=29407"},{"taxonomy":"product_tag","embeddable":true,"href":"http:\/\/vozolvapen.de\/pl\/wp-json\/wp\/v2\/product_tag?post=29407"}],"curies":[{"name":"wp","href":"https:\/\/api.w.org\/{rel}","templated":true}]}}