{"id":30961,"date":"2025-12-16T06:35:54","date_gmt":"2025-12-16T06:35:54","guid":{"rendered":"https:\/\/vozolvapen.de\/?post_type=product&#038;p=30961"},"modified":"2026-02-10T11:15:18","modified_gmt":"2026-02-10T11:15:18","slug":"vozol-gear-power-20000-lemon-mint","status":"publish","type":"product","link":"http:\/\/vozolvapen.de\/pl\/product\/vozol-gear-power-20000-lemon-mint\/","title":{"rendered":"Vozol Gear Power 20000 - Lemon Mint"},"content":{"rendered":"<h2><b>Vozol Gear Power 20000<\/b> Puffy - Mi\u0119ta cytrynowa: Pikantne i czyste<\/h2>\n<p>Najlepszy \u015brodek do czyszczenia podniebienia<\/p>\n<p><b>Mi\u0119ta cytrynowa<\/b> to intensywnie orze\u017awiaj\u0105cy i czysty smak, idealny do ca\u0142odziennej waporyzacji. Smak <b>Vozol Gear Power 20000<\/b> doskonale oddaje jasn\u0105, ostr\u0105 sk\u00f3rk\u0119 cytryny w po\u0142\u0105czeniu z fal\u0105 ch\u0142odnej, rze\u015bkiej mi\u0119ty. Nie ma tu ci\u0119\u017ckiej s\u0142odyczy, tylko czysty, orze\u017awiaj\u0105cy smak.<\/p>\n<h2>Zalecenie dotycz\u0105ce trybu<\/h2>\n<p>Ze wzgl\u0119du na silny charakter cytryny i mi\u0119ty, stosowanie tego smaku w <b>Tryb ECO<\/b> jest wysoce zalecane. Dzi\u0119ki temu p\u0142yn o pojemno\u015bci 20 ml mo\u017ce w pe\u0142ni zaspokoi\u0107 swoje potrzeby. <b>vozol 20000<\/b> \u017cywotno\u015b\u0107 przy jednoczesnym zachowaniu doskona\u0142ej konsystencji smaku, dzi\u0119ki <b>sprz\u0119t vozol<\/b> system cewek przemiennych.<\/p>\n<h2>Kluczowe specyfikacje<\/h2>\n<ul>\n<li data-path-to-node=\"4,5,1,0\"><b>Puffy:<\/b> Do 20000<\/li>\n<li data-path-to-node=\"4,5,1,2\"><b>Pojemno\u015b\u0107:<\/b> 20ML<\/li>\n<li data-path-to-node=\"4,5,1,4\"><b>Nikotyna:<\/b> 5%<\/li>\n<li data-path-to-node=\"4,5,1,6\"><b>Tryb:<\/b> Podw\u00f3jny tryb ECO\/POWER<\/li>\n<\/ul>\n<h3>Dlaczego warto wybra\u0107 ten smak?<\/h3>\n<p><b>Najlepszy \u015brodek do czyszczenia podniebienia:<\/b> Idealny do ca\u0142odziennej waporyzacji, ten czysty, pikantny smak zapewnia czyst\u0105 cytryn\u0119 i rze\u015bk\u0105 mi\u0119t\u0119. Jest ostry, jasny i niezbyt s\u0142odki. Polecamy <b>Tryb ECO<\/b> aby zapewni\u0107, \u017ce ten orze\u017awiaj\u0105cy smak b\u0119dzie trwa\u0142 maksymalnie d\u0142ugo. <b>vozol 20000<\/b> liczba zaci\u0105gni\u0119\u0107.<\/p>\n<h3 dir=\"auto\">Oto dalsze zalecenia dla Ciebie:<\/h3>\n<p dir=\"auto\">Odkryj jeszcze wi\u0119cej niesamowitych smak\u00f3w dzi\u0119ki Vozol Gear Power 20000 Puff Vape!<\/p>\n<p dir=\"auto\"><a href=\"https:\/\/vozolvapen.de\/pl\/product-category\/vozol-vape\/vozol-gear-power-20000-puffs-vape\/\" target=\"_blank\" rel=\"noopener noreferrer nofollow\">Zobacz wszystkie odmiany tutaj \u2192<\/a><\/p>\n<p dir=\"auto\">Zapoznaj si\u0119 z nasz\u0105 pe\u0142n\u0105 kolekcj\u0105 i kupuj produkty najlepszych marek vape, kt\u00f3re pokochasz.<\/p>\n<p dir=\"auto\"><a href=\"https:\/\/vozolvapen.de\/pl\/\" target=\"_blank\" rel=\"noopener noreferrer nofollow\">Przegl\u0105daj teraz wszystkie marki \u2192<\/a><\/p>\n<p dir=\"auto\">Sprawd\u017a ca\u0142\u0105 seri\u0119 VOZOL Vape - ka\u017cdy smak, ka\u017cdy styl!<\/p>\n<p dir=\"auto\"><a href=\"https:\/\/vozolvapen.de\/pl\/product-category\/vozol-vape\/\" target=\"_blank\" rel=\"noopener noreferrer nofollow\">Zobacz pe\u0142n\u0105 kolekcj\u0119 VOZOL Vape \u2192<\/a><\/p>","protected":false},"excerpt":{"rendered":"<p>Czysta sk\u00f3rka i orze\u017awienie. Czysta, jasna cytryna w po\u0142\u0105czeniu z ch\u0142odz\u0105c\u0105 mi\u0119t\u0105. Idealny dla <b>Tryb ECO<\/b> trwa\u0142o\u015b\u0107 do <b>20,000 Puffs<\/b>.<\/p>","protected":false},"featured_media":31335,"comment_status":"open","ping_status":"closed","template":"","meta":{"_acf_changed":false},"product_brand":[],"product_cat":[134,80],"product_tag":[],"class_list":{"0":"post-30961","1":"product","2":"type-product","3":"status-publish","4":"has-post-thumbnail","6":"product_cat-eu-warehouse-in-stock","7":"product_cat-vozol-gear-power-20000-puffs-vape","9":"first","10":"instock","11":"shipping-taxable","12":"purchasable","13":"product-type-variable"},"acf":[],"yoast_head":"<!-- This site is optimized with the Yoast SEO Premium plugin v26.1 (Yoast SEO v27.5) - https:\/\/yoast.com\/product\/yoast-seo-premium-wordpress\/ -->\n<title>Vozol Gear Power 20000 - Zesty Lemon Mint Flavor - vozolvapen<\/title>\n<meta name=\"description\" content=\"Buy Vozol Gear Power 20000 Lemon Mint. Zesty lemon and cool mint, perfect for a refreshing vape. Dual-mode vozol 20k device with Smart Display.\" \/>\n<meta name=\"robots\" content=\"index, follow, max-snippet:-1, max-image-preview:large, max-video-preview:-1\" \/>\n<link rel=\"canonical\" href=\"https:\/\/vozolvapen.de\/pl\/product\/vozol-gear-power-20000-lemon-mint\/\" \/>\n<meta property=\"og:locale\" content=\"pl_PL\" \/>\n<meta property=\"og:type\" content=\"article\" \/>\n<meta property=\"og:title\" content=\"Vozol Gear Power 20000 - Lemon Mint\" \/>\n<meta property=\"og:description\" content=\"Buy Vozol Gear Power 20000 Lemon Mint. Zesty lemon and cool mint, perfect for a refreshing vape. Dual-mode vozol 20k device with Smart Display.\" \/>\n<meta property=\"og:url\" content=\"https:\/\/vozolvapen.de\/pl\/product\/vozol-gear-power-20000-lemon-mint\/\" \/>\n<meta property=\"og:site_name\" content=\"vozolvapen\" \/>\n<meta property=\"article:modified_time\" content=\"2026-02-10T11:15:18+00:00\" \/>\n<meta property=\"og:image\" content=\"https:\/\/vozolvapen.de\/wp-content\/uploads\/2025\/12\/Vozol-Gear-Power-20000-Lemon-Mint-2.webp\" \/>\n\t<meta property=\"og:image:width\" content=\"1200\" \/>\n\t<meta property=\"og:image:height\" content=\"1200\" \/>\n\t<meta property=\"og:image:type\" content=\"image\/webp\" \/>\n<meta name=\"twitter:card\" content=\"summary_large_image\" \/>\n<meta name=\"twitter:label1\" content=\"Szacowany czas czytania\" \/>\n\t<meta name=\"twitter:data1\" content=\"2 minuty\" \/>\n<script type=\"application\/ld+json\" class=\"yoast-schema-graph\">{\"@context\":\"https:\\\/\\\/schema.org\",\"@graph\":[{\"@type\":\"WebPage\",\"@id\":\"https:\\\/\\\/vozolvapen.de\\\/product\\\/vozol-gear-power-20000-lemon-mint\\\/\",\"url\":\"https:\\\/\\\/vozolvapen.de\\\/product\\\/vozol-gear-power-20000-lemon-mint\\\/\",\"name\":\"Vozol Gear Power 20000 - Zesty Lemon Mint Flavor - vozolvapen\",\"isPartOf\":{\"@id\":\"https:\\\/\\\/vozolvapen.de\\\/#website\"},\"primaryImageOfPage\":{\"@id\":\"https:\\\/\\\/vozolvapen.de\\\/product\\\/vozol-gear-power-20000-lemon-mint\\\/#primaryimage\"},\"image\":{\"@id\":\"https:\\\/\\\/vozolvapen.de\\\/product\\\/vozol-gear-power-20000-lemon-mint\\\/#primaryimage\"},\"thumbnailUrl\":\"https:\\\/\\\/vozolvapen.de\\\/wp-content\\\/uploads\\\/2025\\\/12\\\/Vozol-Gear-Power-20000-Lemon-Mint-2.webp\",\"datePublished\":\"2025-12-16T06:35:54+00:00\",\"dateModified\":\"2026-02-10T11:15:18+00:00\",\"description\":\"Buy Vozol Gear Power 20000 Lemon Mint. Zesty lemon and cool mint, perfect for a refreshing vape. Dual-mode vozol 20k device with Smart Display.\",\"breadcrumb\":{\"@id\":\"https:\\\/\\\/vozolvapen.de\\\/product\\\/vozol-gear-power-20000-lemon-mint\\\/#breadcrumb\"},\"inLanguage\":\"pl-PL\",\"potentialAction\":[{\"@type\":\"ReadAction\",\"target\":[\"https:\\\/\\\/vozolvapen.de\\\/product\\\/vozol-gear-power-20000-lemon-mint\\\/\"]}]},{\"@type\":\"ImageObject\",\"inLanguage\":\"pl-PL\",\"@id\":\"https:\\\/\\\/vozolvapen.de\\\/product\\\/vozol-gear-power-20000-lemon-mint\\\/#primaryimage\",\"url\":\"https:\\\/\\\/vozolvapen.de\\\/wp-content\\\/uploads\\\/2025\\\/12\\\/Vozol-Gear-Power-20000-Lemon-Mint-2.webp\",\"contentUrl\":\"https:\\\/\\\/vozolvapen.de\\\/wp-content\\\/uploads\\\/2025\\\/12\\\/Vozol-Gear-Power-20000-Lemon-Mint-2.webp\",\"width\":1200,\"height\":1200,\"caption\":\"Vozol Gear Power 20000 - Lemon Mint\"},{\"@type\":\"BreadcrumbList\",\"@id\":\"https:\\\/\\\/vozolvapen.de\\\/product\\\/vozol-gear-power-20000-lemon-mint\\\/#breadcrumb\",\"itemListElement\":[{\"@type\":\"ListItem\",\"position\":1,\"name\":\"Home\",\"item\":\"https:\\\/\\\/vozolvapen.de\\\/de\\\/\"},{\"@type\":\"ListItem\",\"position\":2,\"name\":\"Shop\",\"item\":\"https:\\\/\\\/vozolvapen.de\\\/shop\\\/\"},{\"@type\":\"ListItem\",\"position\":3,\"name\":\"Vozol Gear Power 20000 &#8211; Lemon Mint\"}]},{\"@type\":\"WebSite\",\"@id\":\"https:\\\/\\\/vozolvapen.de\\\/#website\",\"url\":\"https:\\\/\\\/vozolvapen.de\\\/\",\"name\":\"vozolvapen\",\"description\":\"vozolvapen\",\"publisher\":{\"@id\":\"https:\\\/\\\/vozolvapen.de\\\/#organization\"},\"potentialAction\":[{\"@type\":\"SearchAction\",\"target\":{\"@type\":\"EntryPoint\",\"urlTemplate\":\"https:\\\/\\\/vozolvapen.de\\\/?s={search_term_string}\"},\"query-input\":{\"@type\":\"PropertyValueSpecification\",\"valueRequired\":true,\"valueName\":\"search_term_string\"}}],\"inLanguage\":\"pl-PL\"},{\"@type\":\"Organization\",\"@id\":\"https:\\\/\\\/vozolvapen.de\\\/#organization\",\"name\":\"vozolvapen\",\"url\":\"https:\\\/\\\/vozolvapen.de\\\/\",\"logo\":{\"@type\":\"ImageObject\",\"inLanguage\":\"pl-PL\",\"@id\":\"https:\\\/\\\/vozolvapen.de\\\/#\\\/schema\\\/logo\\\/image\\\/\",\"url\":\"https:\\\/\\\/vozolvapen.de\\\/wp-content\\\/uploads\\\/2025\\\/12\\\/cropped-vozovapen-logo.webp\",\"contentUrl\":\"https:\\\/\\\/vozolvapen.de\\\/wp-content\\\/uploads\\\/2025\\\/12\\\/cropped-vozovapen-logo.webp\",\"width\":470,\"height\":110,\"caption\":\"vozolvapen\"},\"image\":{\"@id\":\"https:\\\/\\\/vozolvapen.de\\\/#\\\/schema\\\/logo\\\/image\\\/\"}}]}<\/script>\n<!-- \/ Yoast SEO Premium plugin. -->","yoast_head_json":{"title":"Vozol Gear Power 20000 - smak cytrynowo-mi\u0119towy - vozolvapen","description":"Kup Vozol Gear Power 20000 Lemon Mint. Pikantna cytryna i ch\u0142odna mi\u0119ta, idealne do orze\u017awiaj\u0105cej waporyzacji. Dwutrybowe urz\u0105dzenie Vozol 20k z inteligentnym wy\u015bwietlaczem.","robots":{"index":"index","follow":"follow","max-snippet":"max-snippet:-1","max-image-preview":"max-image-preview:large","max-video-preview":"max-video-preview:-1"},"canonical":"https:\/\/vozolvapen.de\/pl\/product\/vozol-gear-power-20000-lemon-mint\/","og_locale":"pl_PL","og_type":"article","og_title":"Vozol Gear Power 20000 - Lemon Mint","og_description":"Buy Vozol Gear Power 20000 Lemon Mint. Zesty lemon and cool mint, perfect for a refreshing vape. Dual-mode vozol 20k device with Smart Display.","og_url":"https:\/\/vozolvapen.de\/pl\/product\/vozol-gear-power-20000-lemon-mint\/","og_site_name":"vozolvapen","article_modified_time":"2026-02-10T11:15:18+00:00","og_image":[{"width":1200,"height":1200,"url":"https:\/\/vozolvapen.de\/wp-content\/uploads\/2025\/12\/Vozol-Gear-Power-20000-Lemon-Mint-2.webp","type":"image\/webp"}],"twitter_card":"summary_large_image","twitter_misc":{"Szacowany czas czytania":"2 minuty"},"schema":{"@context":"https:\/\/schema.org","@graph":[{"@type":"WebPage","@id":"https:\/\/vozolvapen.de\/product\/vozol-gear-power-20000-lemon-mint\/","url":"https:\/\/vozolvapen.de\/product\/vozol-gear-power-20000-lemon-mint\/","name":"Vozol Gear Power 20000 - smak cytrynowo-mi\u0119towy - vozolvapen","isPartOf":{"@id":"https:\/\/vozolvapen.de\/#website"},"primaryImageOfPage":{"@id":"https:\/\/vozolvapen.de\/product\/vozol-gear-power-20000-lemon-mint\/#primaryimage"},"image":{"@id":"https:\/\/vozolvapen.de\/product\/vozol-gear-power-20000-lemon-mint\/#primaryimage"},"thumbnailUrl":"https:\/\/vozolvapen.de\/wp-content\/uploads\/2025\/12\/Vozol-Gear-Power-20000-Lemon-Mint-2.webp","datePublished":"2025-12-16T06:35:54+00:00","dateModified":"2026-02-10T11:15:18+00:00","description":"Kup Vozol Gear Power 20000 Lemon Mint. Pikantna cytryna i ch\u0142odna mi\u0119ta, idealne do orze\u017awiaj\u0105cej waporyzacji. Dwutrybowe urz\u0105dzenie Vozol 20k z inteligentnym wy\u015bwietlaczem.","breadcrumb":{"@id":"https:\/\/vozolvapen.de\/product\/vozol-gear-power-20000-lemon-mint\/#breadcrumb"},"inLanguage":"pl-PL","potentialAction":[{"@type":"ReadAction","target":["https:\/\/vozolvapen.de\/product\/vozol-gear-power-20000-lemon-mint\/"]}]},{"@type":"ImageObject","inLanguage":"pl-PL","@id":"https:\/\/vozolvapen.de\/product\/vozol-gear-power-20000-lemon-mint\/#primaryimage","url":"https:\/\/vozolvapen.de\/wp-content\/uploads\/2025\/12\/Vozol-Gear-Power-20000-Lemon-Mint-2.webp","contentUrl":"https:\/\/vozolvapen.de\/wp-content\/uploads\/2025\/12\/Vozol-Gear-Power-20000-Lemon-Mint-2.webp","width":1200,"height":1200,"caption":"Vozol Gear Power 20000 - Lemon Mint"},{"@type":"BreadcrumbList","@id":"https:\/\/vozolvapen.de\/product\/vozol-gear-power-20000-lemon-mint\/#breadcrumb","itemListElement":[{"@type":"ListItem","position":1,"name":"Home","item":"https:\/\/vozolvapen.de\/de\/"},{"@type":"ListItem","position":2,"name":"Shop","item":"https:\/\/vozolvapen.de\/shop\/"},{"@type":"ListItem","position":3,"name":"Vozol Gear Power 20000 &#8211; Lemon Mint"}]},{"@type":"WebSite","@id":"https:\/\/vozolvapen.de\/#website","url":"https:\/\/vozolvapen.de\/","name":"vozolvapen","description":"vozolvapen","publisher":{"@id":"https:\/\/vozolvapen.de\/#organization"},"potentialAction":[{"@type":"SearchAction","target":{"@type":"EntryPoint","urlTemplate":"https:\/\/vozolvapen.de\/?s={search_term_string}"},"query-input":{"@type":"PropertyValueSpecification","valueRequired":true,"valueName":"search_term_string"}}],"inLanguage":"pl-PL"},{"@type":"Organization","@id":"https:\/\/vozolvapen.de\/#organization","name":"vozolvapen","url":"https:\/\/vozolvapen.de\/","logo":{"@type":"ImageObject","inLanguage":"pl-PL","@id":"https:\/\/vozolvapen.de\/#\/schema\/logo\/image\/","url":"https:\/\/vozolvapen.de\/wp-content\/uploads\/2025\/12\/cropped-vozovapen-logo.webp","contentUrl":"https:\/\/vozolvapen.de\/wp-content\/uploads\/2025\/12\/cropped-vozovapen-logo.webp","width":470,"height":110,"caption":"vozolvapen"},"image":{"@id":"https:\/\/vozolvapen.de\/#\/schema\/logo\/image\/"}}]}},"tiered_pricing_type":"fixed","tiered_pricing_fixed_rules":{"30":"13.04","50":"11.02","100":"10.52","200":"9.52"},"tiered_pricing_product_settings":{"layout":"default","base_unit_name":{"singular":null,"plural":null},"default_variation":{}},"tiered_pricing_minimum_quantity":10,"tiered_pricing_roles_data":[],"tiered_pricing_percentage_rules":[],"tiered_pricing_maximum_quantity":null,"tiered_pricing_quantity_step":"10","_links":{"self":[{"href":"http:\/\/vozolvapen.de\/pl\/wp-json\/wp\/v2\/product\/30961","targetHints":{"allow":["GET"]}}],"collection":[{"href":"http:\/\/vozolvapen.de\/pl\/wp-json\/wp\/v2\/product"}],"about":[{"href":"http:\/\/vozolvapen.de\/pl\/wp-json\/wp\/v2\/types\/product"}],"replies":[{"embeddable":true,"href":"http:\/\/vozolvapen.de\/pl\/wp-json\/wp\/v2\/comments?post=30961"}],"wp:featuredmedia":[{"embeddable":true,"href":"http:\/\/vozolvapen.de\/pl\/wp-json\/wp\/v2\/media\/31335"}],"wp:attachment":[{"href":"http:\/\/vozolvapen.de\/pl\/wp-json\/wp\/v2\/media?parent=30961"}],"wp:term":[{"taxonomy":"product_brand","embeddable":true,"href":"http:\/\/vozolvapen.de\/pl\/wp-json\/wp\/v2\/product_brand?post=30961"},{"taxonomy":"product_cat","embeddable":true,"href":"http:\/\/vozolvapen.de\/pl\/wp-json\/wp\/v2\/product_cat?post=30961"},{"taxonomy":"product_tag","embeddable":true,"href":"http:\/\/vozolvapen.de\/pl\/wp-json\/wp\/v2\/product_tag?post=30961"}],"curies":[{"name":"wp","href":"https:\/\/api.w.org\/{rel}","templated":true}]}}