{"id":31115,"date":"2025-12-16T06:36:05","date_gmt":"2025-12-16T06:36:05","guid":{"rendered":"https:\/\/vozolvapen.de\/?post_type=product&#038;p=31115"},"modified":"2026-02-10T11:15:01","modified_gmt":"2026-02-10T11:15:01","slug":"vozol-gear-power-20000-strawberry-mango","status":"publish","type":"product","link":"http:\/\/vozolvapen.de\/pl\/product\/vozol-gear-power-20000-strawberry-mango\/","title":{"rendered":"Vozol Gear Power 20000 - Strawberry Mango"},"content":{"rendered":"<h1><b>Vozol Gear Power 20000<\/b> Puffy - Truskawka Mango: Tropikalna g\u0142adko\u015b\u0107<\/h1>\n<h2>Kremowa, tropikalna rozkosz<\/h2>\n<p><b>Mango truskawkowe<\/b> to g\u0142adkie, zr\u00f3wnowa\u017cone po\u0142\u0105czenie, w kt\u00f3rym znajoma s\u0142odycz truskawki uzupe\u0142nia bogate, kremowe nuty tropikalnego mango. Ten nielodowaty smak jest bardzo popularny ze wzgl\u0119du na satysfakcjonuj\u0105c\u0105 konsystencj\u0119 i naturaln\u0105 s\u0142odycz.<\/p>\n<h2>Zalecenie dotycz\u0105ce trybu<\/h2>\n<p>Ten profil jest doskona\u0142y w <b>Tryb ECO<\/b>. Delikatne, sta\u0142e ciep\u0142o pochodz\u0105ce z naprzemiennych zwoj\u00f3w <b>sprz\u0119t vozol<\/b> zachowuje subtelny kremowy smak mango i zapewnia idealne proporcje mieszanki w ogromnym 20 ml e-liquidzie. Ciesz si\u0119 pe\u0142ni\u0105 <b>vozol 20k<\/b> liczba puff\u00f3w bez degradacji smaku.<\/p>\n<h2>Kluczowe specyfikacje<\/h2>\n<ul>\n<li data-path-to-node=\"4,5,1,0\"><b>Puffy:<\/b> Do 20000<\/li>\n<li data-path-to-node=\"4,5,1,2\"><b>Pojemno\u015b\u0107:<\/b> 20ML<\/li>\n<li data-path-to-node=\"4,5,1,4\"><b>Nikotyna:<\/b> 5%<\/li>\n<li data-path-to-node=\"4,5,1,6\"><b>Tryb:<\/b> Podw\u00f3jny tryb ECO\/POWER<\/li>\n<\/ul>\n<h3>Dlaczego warto wybra\u0107 ten smak?<\/h3>\n<p><b>Kremowy tropikalny duet:<\/b> Je\u015bli wolisz g\u0142adki, bogaty i nieostry tropikalny smak, ta mieszanka s\u0142odkich truskawek i g\u0119stego, kremowego mango jest idealna. <b>Tryb ECO<\/b> pozwala w pe\u0142ni delektowa\u0107 si\u0119 subteln\u0105 z\u0142o\u017cono\u015bci\u0105 na ca\u0142ej powierzchni. <b>vozol 20k<\/b> d\u0142ugo\u015b\u0107 \u017cycia.<\/p>\n<h3 dir=\"auto\">Oto dalsze zalecenia dla Ciebie:<\/h3>\n<p dir=\"auto\">Odkryj jeszcze wi\u0119cej niesamowitych smak\u00f3w dzi\u0119ki Vozol Gear Power 20000 Puff Vape!<\/p>\n<p dir=\"auto\"><a href=\"https:\/\/vozolvapen.de\/pl\/product-category\/vozol-vape\/vozol-gear-power-20000-puffs-vape\/\" target=\"_blank\" rel=\"noopener noreferrer nofollow\">Zobacz wszystkie odmiany tutaj \u2192<\/a><\/p>\n<p dir=\"auto\">Zapoznaj si\u0119 z nasz\u0105 pe\u0142n\u0105 kolekcj\u0105 i kupuj produkty najlepszych marek vape, kt\u00f3re pokochasz.<\/p>\n<p dir=\"auto\"><a href=\"https:\/\/vozolvapen.de\/pl\/\" target=\"_blank\" rel=\"noopener noreferrer nofollow\">Przegl\u0105daj teraz wszystkie marki \u2192<\/a><\/p>\n<p dir=\"auto\">Sprawd\u017a ca\u0142\u0105 seri\u0119 VOZOL Vape - ka\u017cdy smak, ka\u017cdy styl!<\/p>\n<p dir=\"auto\"><a href=\"https:\/\/vozolvapen.de\/pl\/product-category\/vozol-vape\/\" target=\"_blank\" rel=\"noopener noreferrer nofollow\">Zobacz pe\u0142n\u0105 kolekcj\u0119 VOZOL Vape \u2192<\/a><\/p>","protected":false},"excerpt":{"rendered":"<p>Kremowe, g\u0142adkie tropikalne po\u0142\u0105czenie s\u0142odkiej truskawki i bogatego mango. Doskona\u0142a ochrona smaku w <b>Tryb ECO<\/b>.<\/p>","protected":false},"featured_media":31370,"comment_status":"open","ping_status":"closed","template":"","meta":{"_acf_changed":false},"product_brand":[],"product_cat":[134,80],"product_tag":[],"class_list":{"0":"post-31115","1":"product","2":"type-product","3":"status-publish","4":"has-post-thumbnail","6":"product_cat-eu-warehouse-in-stock","7":"product_cat-vozol-gear-power-20000-puffs-vape","9":"first","10":"instock","11":"shipping-taxable","12":"purchasable","13":"product-type-variable"},"acf":[],"yoast_head":"<!-- This site is optimized with the Yoast SEO Premium plugin v26.1 (Yoast SEO v27.5) - https:\/\/yoast.com\/product\/yoast-seo-premium-wordpress\/ -->\n<title>Vozol Gear 20000 - Strawberry Mango Flavor - vozolvapen<\/title>\n<meta name=\"description\" content=\"Shop Vozol Gear 20000 Strawberry Mango. Sweet and exotic fruit blend. Use ECO Mode for consistent 20000 Puffs longevity.\" \/>\n<meta name=\"robots\" content=\"index, follow, max-snippet:-1, max-image-preview:large, max-video-preview:-1\" \/>\n<link rel=\"canonical\" href=\"https:\/\/vozolvapen.de\/pl\/product\/vozol-gear-power-20000-strawberry-mango\/\" \/>\n<meta property=\"og:locale\" content=\"pl_PL\" \/>\n<meta property=\"og:type\" content=\"article\" \/>\n<meta property=\"og:title\" content=\"Vozol Gear Power 20000 - Strawberry Mango\" \/>\n<meta property=\"og:description\" content=\"Shop Vozol Gear 20000 Strawberry Mango. Sweet and exotic fruit blend. Use ECO Mode for consistent 20000 Puffs longevity.\" \/>\n<meta property=\"og:url\" content=\"https:\/\/vozolvapen.de\/pl\/product\/vozol-gear-power-20000-strawberry-mango\/\" \/>\n<meta property=\"og:site_name\" content=\"vozolvapen\" \/>\n<meta property=\"article:modified_time\" content=\"2026-02-10T11:15:01+00:00\" \/>\n<meta property=\"og:image\" content=\"https:\/\/vozolvapen.de\/wp-content\/uploads\/2025\/12\/Vozol-Gear-Power-20000-Strawberry-Mango-2.webp\" \/>\n\t<meta property=\"og:image:width\" content=\"1200\" \/>\n\t<meta property=\"og:image:height\" content=\"1200\" \/>\n\t<meta property=\"og:image:type\" content=\"image\/webp\" \/>\n<meta name=\"twitter:card\" content=\"summary_large_image\" \/>\n<meta name=\"twitter:label1\" content=\"Szacowany czas czytania\" \/>\n\t<meta name=\"twitter:data1\" content=\"2 minuty\" \/>\n<script type=\"application\/ld+json\" class=\"yoast-schema-graph\">{\"@context\":\"https:\\\/\\\/schema.org\",\"@graph\":[{\"@type\":\"WebPage\",\"@id\":\"https:\\\/\\\/vozolvapen.de\\\/product\\\/vozol-gear-power-20000-strawberry-mango\\\/\",\"url\":\"https:\\\/\\\/vozolvapen.de\\\/product\\\/vozol-gear-power-20000-strawberry-mango\\\/\",\"name\":\"Vozol Gear 20000 - Strawberry Mango Flavor - vozolvapen\",\"isPartOf\":{\"@id\":\"https:\\\/\\\/vozolvapen.de\\\/#website\"},\"primaryImageOfPage\":{\"@id\":\"https:\\\/\\\/vozolvapen.de\\\/product\\\/vozol-gear-power-20000-strawberry-mango\\\/#primaryimage\"},\"image\":{\"@id\":\"https:\\\/\\\/vozolvapen.de\\\/product\\\/vozol-gear-power-20000-strawberry-mango\\\/#primaryimage\"},\"thumbnailUrl\":\"https:\\\/\\\/vozolvapen.de\\\/wp-content\\\/uploads\\\/2025\\\/12\\\/Vozol-Gear-Power-20000-Strawberry-Mango-2.webp\",\"datePublished\":\"2025-12-16T06:36:05+00:00\",\"dateModified\":\"2026-02-10T11:15:01+00:00\",\"description\":\"Shop Vozol Gear 20000 Strawberry Mango. Sweet and exotic fruit blend. Use ECO Mode for consistent 20000 Puffs longevity.\",\"breadcrumb\":{\"@id\":\"https:\\\/\\\/vozolvapen.de\\\/product\\\/vozol-gear-power-20000-strawberry-mango\\\/#breadcrumb\"},\"inLanguage\":\"pl-PL\",\"potentialAction\":[{\"@type\":\"ReadAction\",\"target\":[\"https:\\\/\\\/vozolvapen.de\\\/product\\\/vozol-gear-power-20000-strawberry-mango\\\/\"]}]},{\"@type\":\"ImageObject\",\"inLanguage\":\"pl-PL\",\"@id\":\"https:\\\/\\\/vozolvapen.de\\\/product\\\/vozol-gear-power-20000-strawberry-mango\\\/#primaryimage\",\"url\":\"https:\\\/\\\/vozolvapen.de\\\/wp-content\\\/uploads\\\/2025\\\/12\\\/Vozol-Gear-Power-20000-Strawberry-Mango-2.webp\",\"contentUrl\":\"https:\\\/\\\/vozolvapen.de\\\/wp-content\\\/uploads\\\/2025\\\/12\\\/Vozol-Gear-Power-20000-Strawberry-Mango-2.webp\",\"width\":1200,\"height\":1200,\"caption\":\"Vozol Gear Power 20000 - Strawberry Mango\"},{\"@type\":\"BreadcrumbList\",\"@id\":\"https:\\\/\\\/vozolvapen.de\\\/product\\\/vozol-gear-power-20000-strawberry-mango\\\/#breadcrumb\",\"itemListElement\":[{\"@type\":\"ListItem\",\"position\":1,\"name\":\"Home\",\"item\":\"https:\\\/\\\/vozolvapen.de\\\/de\\\/\"},{\"@type\":\"ListItem\",\"position\":2,\"name\":\"Shop\",\"item\":\"https:\\\/\\\/vozolvapen.de\\\/shop\\\/\"},{\"@type\":\"ListItem\",\"position\":3,\"name\":\"Vozol Gear Power 20000 &#8211; Strawberry Mango\"}]},{\"@type\":\"WebSite\",\"@id\":\"https:\\\/\\\/vozolvapen.de\\\/#website\",\"url\":\"https:\\\/\\\/vozolvapen.de\\\/\",\"name\":\"vozolvapen\",\"description\":\"vozolvapen\",\"publisher\":{\"@id\":\"https:\\\/\\\/vozolvapen.de\\\/#organization\"},\"potentialAction\":[{\"@type\":\"SearchAction\",\"target\":{\"@type\":\"EntryPoint\",\"urlTemplate\":\"https:\\\/\\\/vozolvapen.de\\\/?s={search_term_string}\"},\"query-input\":{\"@type\":\"PropertyValueSpecification\",\"valueRequired\":true,\"valueName\":\"search_term_string\"}}],\"inLanguage\":\"pl-PL\"},{\"@type\":\"Organization\",\"@id\":\"https:\\\/\\\/vozolvapen.de\\\/#organization\",\"name\":\"vozolvapen\",\"url\":\"https:\\\/\\\/vozolvapen.de\\\/\",\"logo\":{\"@type\":\"ImageObject\",\"inLanguage\":\"pl-PL\",\"@id\":\"https:\\\/\\\/vozolvapen.de\\\/#\\\/schema\\\/logo\\\/image\\\/\",\"url\":\"https:\\\/\\\/vozolvapen.de\\\/wp-content\\\/uploads\\\/2025\\\/12\\\/cropped-vozovapen-logo.webp\",\"contentUrl\":\"https:\\\/\\\/vozolvapen.de\\\/wp-content\\\/uploads\\\/2025\\\/12\\\/cropped-vozovapen-logo.webp\",\"width\":470,\"height\":110,\"caption\":\"vozolvapen\"},\"image\":{\"@id\":\"https:\\\/\\\/vozolvapen.de\\\/#\\\/schema\\\/logo\\\/image\\\/\"}}]}<\/script>\n<!-- \/ Yoast SEO Premium plugin. -->","yoast_head_json":{"title":"Vozol Gear 20000 - smak truskawkowego mango - vozolvapen","description":"Sklep Vozol Gear 20000 Strawberry Mango. S\u0142odka i egzotyczna mieszanka owoc\u00f3w. Tryb ECO zapewnia sta\u0142\u0105 trwa\u0142o\u015b\u0107 20000 puff\u00f3w.","robots":{"index":"index","follow":"follow","max-snippet":"max-snippet:-1","max-image-preview":"max-image-preview:large","max-video-preview":"max-video-preview:-1"},"canonical":"https:\/\/vozolvapen.de\/pl\/product\/vozol-gear-power-20000-strawberry-mango\/","og_locale":"pl_PL","og_type":"article","og_title":"Vozol Gear Power 20000 - Strawberry Mango","og_description":"Shop Vozol Gear 20000 Strawberry Mango. Sweet and exotic fruit blend. Use ECO Mode for consistent 20000 Puffs longevity.","og_url":"https:\/\/vozolvapen.de\/pl\/product\/vozol-gear-power-20000-strawberry-mango\/","og_site_name":"vozolvapen","article_modified_time":"2026-02-10T11:15:01+00:00","og_image":[{"width":1200,"height":1200,"url":"https:\/\/vozolvapen.de\/wp-content\/uploads\/2025\/12\/Vozol-Gear-Power-20000-Strawberry-Mango-2.webp","type":"image\/webp"}],"twitter_card":"summary_large_image","twitter_misc":{"Szacowany czas czytania":"2 minuty"},"schema":{"@context":"https:\/\/schema.org","@graph":[{"@type":"WebPage","@id":"https:\/\/vozolvapen.de\/product\/vozol-gear-power-20000-strawberry-mango\/","url":"https:\/\/vozolvapen.de\/product\/vozol-gear-power-20000-strawberry-mango\/","name":"Vozol Gear 20000 - smak truskawkowego mango - vozolvapen","isPartOf":{"@id":"https:\/\/vozolvapen.de\/#website"},"primaryImageOfPage":{"@id":"https:\/\/vozolvapen.de\/product\/vozol-gear-power-20000-strawberry-mango\/#primaryimage"},"image":{"@id":"https:\/\/vozolvapen.de\/product\/vozol-gear-power-20000-strawberry-mango\/#primaryimage"},"thumbnailUrl":"https:\/\/vozolvapen.de\/wp-content\/uploads\/2025\/12\/Vozol-Gear-Power-20000-Strawberry-Mango-2.webp","datePublished":"2025-12-16T06:36:05+00:00","dateModified":"2026-02-10T11:15:01+00:00","description":"Sklep Vozol Gear 20000 Strawberry Mango. S\u0142odka i egzotyczna mieszanka owoc\u00f3w. Tryb ECO zapewnia sta\u0142\u0105 trwa\u0142o\u015b\u0107 20000 puff\u00f3w.","breadcrumb":{"@id":"https:\/\/vozolvapen.de\/product\/vozol-gear-power-20000-strawberry-mango\/#breadcrumb"},"inLanguage":"pl-PL","potentialAction":[{"@type":"ReadAction","target":["https:\/\/vozolvapen.de\/product\/vozol-gear-power-20000-strawberry-mango\/"]}]},{"@type":"ImageObject","inLanguage":"pl-PL","@id":"https:\/\/vozolvapen.de\/product\/vozol-gear-power-20000-strawberry-mango\/#primaryimage","url":"https:\/\/vozolvapen.de\/wp-content\/uploads\/2025\/12\/Vozol-Gear-Power-20000-Strawberry-Mango-2.webp","contentUrl":"https:\/\/vozolvapen.de\/wp-content\/uploads\/2025\/12\/Vozol-Gear-Power-20000-Strawberry-Mango-2.webp","width":1200,"height":1200,"caption":"Vozol Gear Power 20000 - Strawberry Mango"},{"@type":"BreadcrumbList","@id":"https:\/\/vozolvapen.de\/product\/vozol-gear-power-20000-strawberry-mango\/#breadcrumb","itemListElement":[{"@type":"ListItem","position":1,"name":"Home","item":"https:\/\/vozolvapen.de\/de\/"},{"@type":"ListItem","position":2,"name":"Shop","item":"https:\/\/vozolvapen.de\/shop\/"},{"@type":"ListItem","position":3,"name":"Vozol Gear Power 20000 &#8211; Strawberry Mango"}]},{"@type":"WebSite","@id":"https:\/\/vozolvapen.de\/#website","url":"https:\/\/vozolvapen.de\/","name":"vozolvapen","description":"vozolvapen","publisher":{"@id":"https:\/\/vozolvapen.de\/#organization"},"potentialAction":[{"@type":"SearchAction","target":{"@type":"EntryPoint","urlTemplate":"https:\/\/vozolvapen.de\/?s={search_term_string}"},"query-input":{"@type":"PropertyValueSpecification","valueRequired":true,"valueName":"search_term_string"}}],"inLanguage":"pl-PL"},{"@type":"Organization","@id":"https:\/\/vozolvapen.de\/#organization","name":"vozolvapen","url":"https:\/\/vozolvapen.de\/","logo":{"@type":"ImageObject","inLanguage":"pl-PL","@id":"https:\/\/vozolvapen.de\/#\/schema\/logo\/image\/","url":"https:\/\/vozolvapen.de\/wp-content\/uploads\/2025\/12\/cropped-vozovapen-logo.webp","contentUrl":"https:\/\/vozolvapen.de\/wp-content\/uploads\/2025\/12\/cropped-vozovapen-logo.webp","width":470,"height":110,"caption":"vozolvapen"},"image":{"@id":"https:\/\/vozolvapen.de\/#\/schema\/logo\/image\/"}}]}},"tiered_pricing_type":"fixed","tiered_pricing_fixed_rules":{"30":"13.04","50":"11.02","100":"10.52","200":"9.52"},"tiered_pricing_product_settings":{"layout":"default","base_unit_name":{"singular":null,"plural":null},"default_variation":{}},"tiered_pricing_minimum_quantity":10,"tiered_pricing_roles_data":[],"tiered_pricing_percentage_rules":[],"tiered_pricing_maximum_quantity":null,"tiered_pricing_quantity_step":"10","_links":{"self":[{"href":"http:\/\/vozolvapen.de\/pl\/wp-json\/wp\/v2\/product\/31115","targetHints":{"allow":["GET"]}}],"collection":[{"href":"http:\/\/vozolvapen.de\/pl\/wp-json\/wp\/v2\/product"}],"about":[{"href":"http:\/\/vozolvapen.de\/pl\/wp-json\/wp\/v2\/types\/product"}],"replies":[{"embeddable":true,"href":"http:\/\/vozolvapen.de\/pl\/wp-json\/wp\/v2\/comments?post=31115"}],"wp:featuredmedia":[{"embeddable":true,"href":"http:\/\/vozolvapen.de\/pl\/wp-json\/wp\/v2\/media\/31370"}],"wp:attachment":[{"href":"http:\/\/vozolvapen.de\/pl\/wp-json\/wp\/v2\/media?parent=31115"}],"wp:term":[{"taxonomy":"product_brand","embeddable":true,"href":"http:\/\/vozolvapen.de\/pl\/wp-json\/wp\/v2\/product_brand?post=31115"},{"taxonomy":"product_cat","embeddable":true,"href":"http:\/\/vozolvapen.de\/pl\/wp-json\/wp\/v2\/product_cat?post=31115"},{"taxonomy":"product_tag","embeddable":true,"href":"http:\/\/vozolvapen.de\/pl\/wp-json\/wp\/v2\/product_tag?post=31115"}],"curies":[{"name":"wp","href":"https:\/\/api.w.org\/{rel}","templated":true}]}}