{"id":31159,"date":"2025-12-16T06:36:08","date_gmt":"2025-12-16T06:36:08","guid":{"rendered":"https:\/\/vozolvapen.de\/?post_type=product&#038;p=31159"},"modified":"2026-02-10T11:14:56","modified_gmt":"2026-02-10T11:14:56","slug":"vozol-gear-power-20000-cherry-lemonade","status":"publish","type":"product","link":"http:\/\/vozolvapen.de\/pl\/product\/vozol-gear-power-20000-cherry-lemonade\/","title":{"rendered":"Vozol Gear Power 20000 - Cherry Lemonade"},"content":{"rendered":"<h1><b>Vozol Gear Power 20000<\/b> Puffs - Cherry Lemonade: S\u0142odki nap\u00f3j gazowany<\/h1>\n<h2>Idealny letni \u0142yk<\/h2>\n<p><b>Lemoniada wi\u015bniowa<\/b> doskonale oddaje smak b\u0105belkowego, s\u0142odkiego letniego napoju. G\u0142\u0119boka, bogata s\u0142odycz wi\u015bni jest podkre\u015blona jasnym, lekko cierpkim musem lemoniady. Jest to z\u0142o\u017cony, wielowarstwowy smak.<\/p>\n<h2>Zalecenie dotycz\u0105ce trybu<\/h2>\n<p>Aby w pe\u0142ni doceni\u0107 z\u0142o\u017cono\u015b\u0107 \u201cgazowanej\u201d lemoniady i bogatej wi\u015bni, prze\u0142\u0105cz si\u0119 na <b>Tryb POWER<\/b>. Wy\u017csza wydajno\u015b\u0107 atomizacji <b>Vozol Gear Power 20000<\/b> pozwala subtelnym nutom napoju b\u0142yszcze\u0107 przez ca\u0142y czas. <b>vozol 20000<\/b> do\u015bwiadczenie.<\/p>\n<h2>Kluczowe specyfikacje<\/h2>\n<ul>\n<li data-path-to-node=\"4,5,1,0\"><b>Puffy:<\/b> Do 20000<\/li>\n<li data-path-to-node=\"4,5,1,2\"><b>Pojemno\u015b\u0107:<\/b> 20ML<\/li>\n<li data-path-to-node=\"4,5,1,4\"><b>Nikotyna:<\/b> 5%<\/li>\n<li data-path-to-node=\"4,5,1,6\"><b>Tryb:<\/b> Podw\u00f3jny tryb ECO\/POWER<\/li>\n<\/ul>\n<h3>Dlaczego warto wybra\u0107 ten smak?<\/h3>\n<p><b>S\u0142odki i musuj\u0105cy nap\u00f3j:<\/b> Wybierz ten smak, aby poczu\u0107 nostalgiczne doznania smakowe, \u0142\u0105cz\u0105c bogate, g\u0142\u0119bokie nuty wi\u015bni z lekkim, orze\u017awiaj\u0105cym musem klasycznej lemoniady. <b>Tryb POWER<\/b> pomaga wydoby\u0107 \u201cb\u0105belkowe\u201d nuty lemoniady.<\/p>\n<h3 dir=\"auto\">Oto dalsze zalecenia dla Ciebie:<\/h3>\n<p dir=\"auto\">Odkryj jeszcze wi\u0119cej niesamowitych smak\u00f3w dzi\u0119ki Vozol Gear Power 20000 Puff Vape!<\/p>\n<p dir=\"auto\"><a href=\"https:\/\/vozolvapen.de\/pl\/product-category\/vozol-vape\/vozol-gear-power-20000-puffs-vape\/\" target=\"_blank\" rel=\"noopener noreferrer nofollow\">Zobacz wszystkie odmiany tutaj \u2192<\/a><\/p>\n<p dir=\"auto\">Zapoznaj si\u0119 z nasz\u0105 pe\u0142n\u0105 kolekcj\u0105 i kupuj produkty najlepszych marek vape, kt\u00f3re pokochasz.<\/p>\n<p dir=\"auto\"><a href=\"https:\/\/vozolvapen.de\/pl\/\" target=\"_blank\" rel=\"noopener noreferrer nofollow\">Przegl\u0105daj teraz wszystkie marki \u2192<\/a><\/p>\n<p dir=\"auto\">Sprawd\u017a ca\u0142\u0105 seri\u0119 VOZOL Vape - ka\u017cdy smak, ka\u017cdy styl!<\/p>\n<p dir=\"auto\"><a href=\"https:\/\/vozolvapen.de\/pl\/product-category\/vozol-vape\/\" target=\"_blank\" rel=\"noopener noreferrer nofollow\">Zobacz pe\u0142n\u0105 kolekcj\u0119 VOZOL Vape \u2192<\/a><\/p>","protected":false},"excerpt":{"rendered":"<p>Idealne po\u0142\u0105czenie s\u0142odkiego i kwa\u015bnego napoju: bogate nuty wi\u015bniowe z cierpkim, b\u0105belkowym wyko\u0144czeniem lemoniady.<\/p>","protected":false},"featured_media":31380,"comment_status":"open","ping_status":"closed","template":"","meta":{"_acf_changed":false},"product_brand":[],"product_cat":[134,80],"product_tag":[],"class_list":{"0":"post-31159","1":"product","2":"type-product","3":"status-publish","4":"has-post-thumbnail","6":"product_cat-eu-warehouse-in-stock","7":"product_cat-vozol-gear-power-20000-puffs-vape","9":"first","10":"instock","11":"shipping-taxable","12":"purchasable","13":"product-type-variable"},"acf":[],"yoast_head":"<!-- This site is optimized with the Yoast SEO Premium plugin v26.1 (Yoast SEO v27.5) - https:\/\/yoast.com\/product\/yoast-seo-premium-wordpress\/ -->\n<title>Vozol Gear 20000 - Cherry Lemonade Flavor - vozolvapen<\/title>\n<meta name=\"description\" content=\"Get the Vozol Gear 20000 Cherry Lemonade. Sweet cherries mixed with bubbly lemonade. Dual-mode vozol 20k disposable with 20ml capacity.\" \/>\n<meta name=\"robots\" content=\"index, follow, max-snippet:-1, max-image-preview:large, max-video-preview:-1\" \/>\n<link rel=\"canonical\" href=\"https:\/\/vozolvapen.de\/pl\/product\/vozol-gear-power-20000-cherry-lemonade\/\" \/>\n<meta property=\"og:locale\" content=\"pl_PL\" \/>\n<meta property=\"og:type\" content=\"article\" \/>\n<meta property=\"og:title\" content=\"Vozol Gear Power 20000 - Cherry Lemonade\" \/>\n<meta property=\"og:description\" content=\"Get the Vozol Gear 20000 Cherry Lemonade. Sweet cherries mixed with bubbly lemonade. Dual-mode vozol 20k disposable with 20ml capacity.\" \/>\n<meta property=\"og:url\" content=\"https:\/\/vozolvapen.de\/pl\/product\/vozol-gear-power-20000-cherry-lemonade\/\" \/>\n<meta property=\"og:site_name\" content=\"vozolvapen\" \/>\n<meta property=\"article:modified_time\" content=\"2026-02-10T11:14:56+00:00\" \/>\n<meta property=\"og:image\" content=\"https:\/\/vozolvapen.de\/wp-content\/uploads\/2025\/12\/Vozol-Gear-Power-20000-Cherry-Lemonade-2.webp\" \/>\n\t<meta property=\"og:image:width\" content=\"1200\" \/>\n\t<meta property=\"og:image:height\" content=\"1200\" \/>\n\t<meta property=\"og:image:type\" content=\"image\/webp\" \/>\n<meta name=\"twitter:card\" content=\"summary_large_image\" \/>\n<meta name=\"twitter:label1\" content=\"Szacowany czas czytania\" \/>\n\t<meta name=\"twitter:data1\" content=\"2 minuty\" \/>\n<script type=\"application\/ld+json\" class=\"yoast-schema-graph\">{\"@context\":\"https:\\\/\\\/schema.org\",\"@graph\":[{\"@type\":\"WebPage\",\"@id\":\"https:\\\/\\\/vozolvapen.de\\\/product\\\/vozol-gear-power-20000-cherry-lemonade\\\/\",\"url\":\"https:\\\/\\\/vozolvapen.de\\\/product\\\/vozol-gear-power-20000-cherry-lemonade\\\/\",\"name\":\"Vozol Gear 20000 - Cherry Lemonade Flavor - vozolvapen\",\"isPartOf\":{\"@id\":\"https:\\\/\\\/vozolvapen.de\\\/#website\"},\"primaryImageOfPage\":{\"@id\":\"https:\\\/\\\/vozolvapen.de\\\/product\\\/vozol-gear-power-20000-cherry-lemonade\\\/#primaryimage\"},\"image\":{\"@id\":\"https:\\\/\\\/vozolvapen.de\\\/product\\\/vozol-gear-power-20000-cherry-lemonade\\\/#primaryimage\"},\"thumbnailUrl\":\"https:\\\/\\\/vozolvapen.de\\\/wp-content\\\/uploads\\\/2025\\\/12\\\/Vozol-Gear-Power-20000-Cherry-Lemonade-2.webp\",\"datePublished\":\"2025-12-16T06:36:08+00:00\",\"dateModified\":\"2026-02-10T11:14:56+00:00\",\"description\":\"Get the Vozol Gear 20000 Cherry Lemonade. Sweet cherries mixed with bubbly lemonade. Dual-mode vozol 20k disposable with 20ml capacity.\",\"breadcrumb\":{\"@id\":\"https:\\\/\\\/vozolvapen.de\\\/product\\\/vozol-gear-power-20000-cherry-lemonade\\\/#breadcrumb\"},\"inLanguage\":\"pl-PL\",\"potentialAction\":[{\"@type\":\"ReadAction\",\"target\":[\"https:\\\/\\\/vozolvapen.de\\\/product\\\/vozol-gear-power-20000-cherry-lemonade\\\/\"]}]},{\"@type\":\"ImageObject\",\"inLanguage\":\"pl-PL\",\"@id\":\"https:\\\/\\\/vozolvapen.de\\\/product\\\/vozol-gear-power-20000-cherry-lemonade\\\/#primaryimage\",\"url\":\"https:\\\/\\\/vozolvapen.de\\\/wp-content\\\/uploads\\\/2025\\\/12\\\/Vozol-Gear-Power-20000-Cherry-Lemonade-2.webp\",\"contentUrl\":\"https:\\\/\\\/vozolvapen.de\\\/wp-content\\\/uploads\\\/2025\\\/12\\\/Vozol-Gear-Power-20000-Cherry-Lemonade-2.webp\",\"width\":1200,\"height\":1200,\"caption\":\"Vozol Gear Power 20000 - Cherry Lemonade\"},{\"@type\":\"BreadcrumbList\",\"@id\":\"https:\\\/\\\/vozolvapen.de\\\/product\\\/vozol-gear-power-20000-cherry-lemonade\\\/#breadcrumb\",\"itemListElement\":[{\"@type\":\"ListItem\",\"position\":1,\"name\":\"Home\",\"item\":\"https:\\\/\\\/vozolvapen.de\\\/de\\\/\"},{\"@type\":\"ListItem\",\"position\":2,\"name\":\"Shop\",\"item\":\"https:\\\/\\\/vozolvapen.de\\\/shop\\\/\"},{\"@type\":\"ListItem\",\"position\":3,\"name\":\"Vozol Gear Power 20000 &#8211; Cherry Lemonade\"}]},{\"@type\":\"WebSite\",\"@id\":\"https:\\\/\\\/vozolvapen.de\\\/#website\",\"url\":\"https:\\\/\\\/vozolvapen.de\\\/\",\"name\":\"vozolvapen\",\"description\":\"vozolvapen\",\"publisher\":{\"@id\":\"https:\\\/\\\/vozolvapen.de\\\/#organization\"},\"potentialAction\":[{\"@type\":\"SearchAction\",\"target\":{\"@type\":\"EntryPoint\",\"urlTemplate\":\"https:\\\/\\\/vozolvapen.de\\\/?s={search_term_string}\"},\"query-input\":{\"@type\":\"PropertyValueSpecification\",\"valueRequired\":true,\"valueName\":\"search_term_string\"}}],\"inLanguage\":\"pl-PL\"},{\"@type\":\"Organization\",\"@id\":\"https:\\\/\\\/vozolvapen.de\\\/#organization\",\"name\":\"vozolvapen\",\"url\":\"https:\\\/\\\/vozolvapen.de\\\/\",\"logo\":{\"@type\":\"ImageObject\",\"inLanguage\":\"pl-PL\",\"@id\":\"https:\\\/\\\/vozolvapen.de\\\/#\\\/schema\\\/logo\\\/image\\\/\",\"url\":\"https:\\\/\\\/vozolvapen.de\\\/wp-content\\\/uploads\\\/2025\\\/12\\\/cropped-vozovapen-logo.webp\",\"contentUrl\":\"https:\\\/\\\/vozolvapen.de\\\/wp-content\\\/uploads\\\/2025\\\/12\\\/cropped-vozovapen-logo.webp\",\"width\":470,\"height\":110,\"caption\":\"vozolvapen\"},\"image\":{\"@id\":\"https:\\\/\\\/vozolvapen.de\\\/#\\\/schema\\\/logo\\\/image\\\/\"}}]}<\/script>\n<!-- \/ Yoast SEO Premium plugin. -->","yoast_head_json":{"title":"Vozol Gear 20000 - Smak wi\u015bniowej lemoniady - vozolvapen","description":"Zdob\u0105d\u017a Vozol Gear 20000 Cherry Lemonade. S\u0142odkie wi\u015bnie zmieszane z musuj\u0105c\u0105 lemoniad\u0105. Jednorazowy bidon vozol 20k o pojemno\u015bci 20 ml.","robots":{"index":"index","follow":"follow","max-snippet":"max-snippet:-1","max-image-preview":"max-image-preview:large","max-video-preview":"max-video-preview:-1"},"canonical":"https:\/\/vozolvapen.de\/pl\/product\/vozol-gear-power-20000-cherry-lemonade\/","og_locale":"pl_PL","og_type":"article","og_title":"Vozol Gear Power 20000 - Cherry Lemonade","og_description":"Get the Vozol Gear 20000 Cherry Lemonade. Sweet cherries mixed with bubbly lemonade. Dual-mode vozol 20k disposable with 20ml capacity.","og_url":"https:\/\/vozolvapen.de\/pl\/product\/vozol-gear-power-20000-cherry-lemonade\/","og_site_name":"vozolvapen","article_modified_time":"2026-02-10T11:14:56+00:00","og_image":[{"width":1200,"height":1200,"url":"https:\/\/vozolvapen.de\/wp-content\/uploads\/2025\/12\/Vozol-Gear-Power-20000-Cherry-Lemonade-2.webp","type":"image\/webp"}],"twitter_card":"summary_large_image","twitter_misc":{"Szacowany czas czytania":"2 minuty"},"schema":{"@context":"https:\/\/schema.org","@graph":[{"@type":"WebPage","@id":"https:\/\/vozolvapen.de\/product\/vozol-gear-power-20000-cherry-lemonade\/","url":"https:\/\/vozolvapen.de\/product\/vozol-gear-power-20000-cherry-lemonade\/","name":"Vozol Gear 20000 - Smak wi\u015bniowej lemoniady - vozolvapen","isPartOf":{"@id":"https:\/\/vozolvapen.de\/#website"},"primaryImageOfPage":{"@id":"https:\/\/vozolvapen.de\/product\/vozol-gear-power-20000-cherry-lemonade\/#primaryimage"},"image":{"@id":"https:\/\/vozolvapen.de\/product\/vozol-gear-power-20000-cherry-lemonade\/#primaryimage"},"thumbnailUrl":"https:\/\/vozolvapen.de\/wp-content\/uploads\/2025\/12\/Vozol-Gear-Power-20000-Cherry-Lemonade-2.webp","datePublished":"2025-12-16T06:36:08+00:00","dateModified":"2026-02-10T11:14:56+00:00","description":"Zdob\u0105d\u017a Vozol Gear 20000 Cherry Lemonade. S\u0142odkie wi\u015bnie zmieszane z musuj\u0105c\u0105 lemoniad\u0105. Jednorazowy bidon vozol 20k o pojemno\u015bci 20 ml.","breadcrumb":{"@id":"https:\/\/vozolvapen.de\/product\/vozol-gear-power-20000-cherry-lemonade\/#breadcrumb"},"inLanguage":"pl-PL","potentialAction":[{"@type":"ReadAction","target":["https:\/\/vozolvapen.de\/product\/vozol-gear-power-20000-cherry-lemonade\/"]}]},{"@type":"ImageObject","inLanguage":"pl-PL","@id":"https:\/\/vozolvapen.de\/product\/vozol-gear-power-20000-cherry-lemonade\/#primaryimage","url":"https:\/\/vozolvapen.de\/wp-content\/uploads\/2025\/12\/Vozol-Gear-Power-20000-Cherry-Lemonade-2.webp","contentUrl":"https:\/\/vozolvapen.de\/wp-content\/uploads\/2025\/12\/Vozol-Gear-Power-20000-Cherry-Lemonade-2.webp","width":1200,"height":1200,"caption":"Vozol Gear Power 20000 - Cherry Lemonade"},{"@type":"BreadcrumbList","@id":"https:\/\/vozolvapen.de\/product\/vozol-gear-power-20000-cherry-lemonade\/#breadcrumb","itemListElement":[{"@type":"ListItem","position":1,"name":"Home","item":"https:\/\/vozolvapen.de\/de\/"},{"@type":"ListItem","position":2,"name":"Shop","item":"https:\/\/vozolvapen.de\/shop\/"},{"@type":"ListItem","position":3,"name":"Vozol Gear Power 20000 &#8211; Cherry Lemonade"}]},{"@type":"WebSite","@id":"https:\/\/vozolvapen.de\/#website","url":"https:\/\/vozolvapen.de\/","name":"vozolvapen","description":"vozolvapen","publisher":{"@id":"https:\/\/vozolvapen.de\/#organization"},"potentialAction":[{"@type":"SearchAction","target":{"@type":"EntryPoint","urlTemplate":"https:\/\/vozolvapen.de\/?s={search_term_string}"},"query-input":{"@type":"PropertyValueSpecification","valueRequired":true,"valueName":"search_term_string"}}],"inLanguage":"pl-PL"},{"@type":"Organization","@id":"https:\/\/vozolvapen.de\/#organization","name":"vozolvapen","url":"https:\/\/vozolvapen.de\/","logo":{"@type":"ImageObject","inLanguage":"pl-PL","@id":"https:\/\/vozolvapen.de\/#\/schema\/logo\/image\/","url":"https:\/\/vozolvapen.de\/wp-content\/uploads\/2025\/12\/cropped-vozovapen-logo.webp","contentUrl":"https:\/\/vozolvapen.de\/wp-content\/uploads\/2025\/12\/cropped-vozovapen-logo.webp","width":470,"height":110,"caption":"vozolvapen"},"image":{"@id":"https:\/\/vozolvapen.de\/#\/schema\/logo\/image\/"}}]}},"tiered_pricing_type":"fixed","tiered_pricing_fixed_rules":{"30":"13.04","50":"11.02","100":"10.52","200":"9.52"},"tiered_pricing_product_settings":{"layout":"default","base_unit_name":{"singular":null,"plural":null},"default_variation":{}},"tiered_pricing_minimum_quantity":10,"tiered_pricing_roles_data":[],"tiered_pricing_percentage_rules":[],"tiered_pricing_maximum_quantity":null,"tiered_pricing_quantity_step":"10","_links":{"self":[{"href":"http:\/\/vozolvapen.de\/pl\/wp-json\/wp\/v2\/product\/31159","targetHints":{"allow":["GET"]}}],"collection":[{"href":"http:\/\/vozolvapen.de\/pl\/wp-json\/wp\/v2\/product"}],"about":[{"href":"http:\/\/vozolvapen.de\/pl\/wp-json\/wp\/v2\/types\/product"}],"replies":[{"embeddable":true,"href":"http:\/\/vozolvapen.de\/pl\/wp-json\/wp\/v2\/comments?post=31159"}],"wp:featuredmedia":[{"embeddable":true,"href":"http:\/\/vozolvapen.de\/pl\/wp-json\/wp\/v2\/media\/31380"}],"wp:attachment":[{"href":"http:\/\/vozolvapen.de\/pl\/wp-json\/wp\/v2\/media?parent=31159"}],"wp:term":[{"taxonomy":"product_brand","embeddable":true,"href":"http:\/\/vozolvapen.de\/pl\/wp-json\/wp\/v2\/product_brand?post=31159"},{"taxonomy":"product_cat","embeddable":true,"href":"http:\/\/vozolvapen.de\/pl\/wp-json\/wp\/v2\/product_cat?post=31159"},{"taxonomy":"product_tag","embeddable":true,"href":"http:\/\/vozolvapen.de\/pl\/wp-json\/wp\/v2\/product_tag?post=31159"}],"curies":[{"name":"wp","href":"https:\/\/api.w.org\/{rel}","templated":true}]}}