{"id":31247,"date":"2025-12-16T06:36:14","date_gmt":"2025-12-16T06:36:14","guid":{"rendered":"https:\/\/vozolvapen.de\/?post_type=product&#038;p=31247"},"modified":"2026-02-10T11:14:48","modified_gmt":"2026-02-10T11:14:48","slug":"vozol-gear-power-20000-blueberry-storm","status":"publish","type":"product","link":"http:\/\/vozolvapen.de\/pl\/product\/vozol-gear-power-20000-blueberry-storm\/","title":{"rendered":"Vozol Gear Power 20000 - Blueberry Storm"},"content":{"rendered":"<h1><b>Vozol Gear Power 20000<\/b> Puffs - Blueberry Storm: Jagoda o wysokiej intensywno\u015bci<\/h1>\n<h2>Skoncentrowany podmuch jag\u00f3d<\/h2>\n<p><b>Blueberry Storm<\/b> jest dla puryst\u00f3w, kt\u00f3rzy uwielbiaj\u0105 skoncentrowany, mocny smak bor\u00f3wek. Oferuje autentyczny smak s\u0142odkich, pulchnych bor\u00f3wek bez zak\u0142\u00f3ce\u0144, dostarczany z uderzaj\u0105c\u0105 intensywno\u015bci\u0105.<\/p>\n<h2>Zalecenie dotycz\u0105ce trybu<\/h2>\n<p>Ten wyj\u0105tkowy, intensywny smak jest idealny dla wydajno\u015bci <b>Tryb ECO<\/b>. The <b>Vozol Gear Power 20000<\/b>\u2018System naprzemiennych zwoj\u00f3w minimalizuje starzenie, zachowuj\u0105c czysty, s\u0142odki smak jag\u00f3d przez ca\u0142y czas. <b>vozol 20000<\/b> d\u0142ugo\u015b\u0107 \u017cycia. Monitorowanie u\u017cytkowania jest \u0142atwe dzi\u0119ki pe\u0142noekranowemu wy\u015bwietlaczowi Smart Display.<\/p>\n<h2>Kluczowe specyfikacje<\/h2>\n<ul>\n<li data-path-to-node=\"4,5,1,0\"><b>Puffy:<\/b> Do 20000<\/li>\n<li data-path-to-node=\"4,5,1,2\"><b>Pojemno\u015b\u0107:<\/b> 20ML<\/li>\n<li data-path-to-node=\"4,5,1,4\"><b>Nikotyna:<\/b> 5%<\/li>\n<li data-path-to-node=\"4,5,1,6\"><b>Tryb:<\/b> Podw\u00f3jny tryb ECO\/POWER<\/li>\n<\/ul>\n<h3>Dlaczego warto wybra\u0107 ten smak?<\/h3>\n<p><b>The Powerful Berry Focus:<\/b> Idealny dla waper\u00f3w, kt\u00f3rzy pragn\u0105 bezpo\u015bredniej, silnej dawki s\u0142odkiego, skoncentrowanego smaku jag\u00f3d. Smak <b>Vozol Gear 20000<\/b> Zapewnia t\u0119 pojedyncz\u0105, satysfakcjonuj\u0105c\u0105 nut\u0119 konsekwentnie, szczeg\u00f3lnie przy maksymalizacji d\u0142ugowieczno\u015bci w <b>Tryb ECO<\/b>.<\/p>\n<h3 dir=\"auto\">Oto dalsze zalecenia dla Ciebie:<\/h3>\n<p dir=\"auto\">Odkryj jeszcze wi\u0119cej niesamowitych smak\u00f3w dzi\u0119ki Vozol Gear Power 20000 Puff Vape!<\/p>\n<p dir=\"auto\"><a href=\"https:\/\/vozolvapen.de\/pl\/product-category\/vozol-vape\/vozol-gear-power-20000-puffs-vape\/\" target=\"_blank\" rel=\"noopener noreferrer nofollow\">Zobacz wszystkie odmiany tutaj \u2192<\/a><\/p>\n<p dir=\"auto\">Zapoznaj si\u0119 z nasz\u0105 pe\u0142n\u0105 kolekcj\u0105 i kupuj produkty najlepszych marek vape, kt\u00f3re pokochasz.<\/p>\n<p dir=\"auto\"><a href=\"https:\/\/vozolvapen.de\/pl\/\" target=\"_blank\" rel=\"noopener noreferrer nofollow\">Przegl\u0105daj teraz wszystkie marki \u2192<\/a><\/p>\n<p dir=\"auto\">Sprawd\u017a ca\u0142\u0105 seri\u0119 VOZOL Vape - ka\u017cdy smak, ka\u017cdy styl!<\/p>\n<p dir=\"auto\"><a href=\"https:\/\/vozolvapen.de\/pl\/product-category\/vozol-vape\/\" target=\"_blank\" rel=\"noopener noreferrer nofollow\">Zobacz pe\u0142n\u0105 kolekcj\u0119 VOZOL Vape \u2192<\/a><\/p>","protected":false},"excerpt":{"rendered":"<p>Skoncentrowany, jednolity smak jag\u00f3d zapewniaj\u0105cy maksymaln\u0105 intensywno\u015b\u0107 jag\u00f3d. Sta\u0142y smak przez okres do <b>20,000 Puffs<\/b>.<\/p>","protected":false},"featured_media":31400,"comment_status":"open","ping_status":"closed","template":"","meta":{"_acf_changed":false},"product_brand":[],"product_cat":[134,80],"product_tag":[],"class_list":{"0":"post-31247","1":"product","2":"type-product","3":"status-publish","4":"has-post-thumbnail","6":"product_cat-eu-warehouse-in-stock","7":"product_cat-vozol-gear-power-20000-puffs-vape","9":"first","10":"instock","11":"shipping-taxable","12":"purchasable","13":"product-type-variable"},"acf":[],"yoast_head":"<!-- This site is optimized with the Yoast SEO Premium plugin v26.1 (Yoast SEO v27.5) - https:\/\/yoast.com\/product\/yoast-seo-premium-wordpress\/ -->\n<title>Vozol Gear 20000 - Blueberry Storm Flavor - vozolvapen<\/title>\n<meta name=\"description\" content=\"Shop Vozol Gear 20000 Blueberry Storm. A powerful blast of sweet blueberry flavor. Vozol 20k disposable vape with 5% nicotine.\" \/>\n<meta name=\"robots\" content=\"index, follow, max-snippet:-1, max-image-preview:large, max-video-preview:-1\" \/>\n<link rel=\"canonical\" href=\"https:\/\/vozolvapen.de\/pl\/product\/vozol-gear-power-20000-blueberry-storm\/\" \/>\n<meta property=\"og:locale\" content=\"pl_PL\" \/>\n<meta property=\"og:type\" content=\"article\" \/>\n<meta property=\"og:title\" content=\"Vozol Gear Power 20000 - Blueberry Storm\" \/>\n<meta property=\"og:description\" content=\"Shop Vozol Gear 20000 Blueberry Storm. A powerful blast of sweet blueberry flavor. Vozol 20k disposable vape with 5% nicotine.\" \/>\n<meta property=\"og:url\" content=\"https:\/\/vozolvapen.de\/pl\/product\/vozol-gear-power-20000-blueberry-storm\/\" \/>\n<meta property=\"og:site_name\" content=\"vozolvapen\" \/>\n<meta property=\"article:modified_time\" content=\"2026-02-10T11:14:48+00:00\" \/>\n<meta property=\"og:image\" content=\"https:\/\/vozolvapen.de\/wp-content\/uploads\/2025\/12\/Vozol-Gear-Power-20000-Blueberry-Storm-2.webp\" \/>\n\t<meta property=\"og:image:width\" content=\"1200\" \/>\n\t<meta property=\"og:image:height\" content=\"1200\" \/>\n\t<meta property=\"og:image:type\" content=\"image\/webp\" \/>\n<meta name=\"twitter:card\" content=\"summary_large_image\" \/>\n<meta name=\"twitter:label1\" content=\"Szacowany czas czytania\" \/>\n\t<meta name=\"twitter:data1\" content=\"2 minuty\" \/>\n<script type=\"application\/ld+json\" class=\"yoast-schema-graph\">{\"@context\":\"https:\\\/\\\/schema.org\",\"@graph\":[{\"@type\":\"WebPage\",\"@id\":\"https:\\\/\\\/vozolvapen.de\\\/product\\\/vozol-gear-power-20000-blueberry-storm\\\/\",\"url\":\"https:\\\/\\\/vozolvapen.de\\\/product\\\/vozol-gear-power-20000-blueberry-storm\\\/\",\"name\":\"Vozol Gear 20000 - Blueberry Storm Flavor - vozolvapen\",\"isPartOf\":{\"@id\":\"https:\\\/\\\/vozolvapen.de\\\/#website\"},\"primaryImageOfPage\":{\"@id\":\"https:\\\/\\\/vozolvapen.de\\\/product\\\/vozol-gear-power-20000-blueberry-storm\\\/#primaryimage\"},\"image\":{\"@id\":\"https:\\\/\\\/vozolvapen.de\\\/product\\\/vozol-gear-power-20000-blueberry-storm\\\/#primaryimage\"},\"thumbnailUrl\":\"https:\\\/\\\/vozolvapen.de\\\/wp-content\\\/uploads\\\/2025\\\/12\\\/Vozol-Gear-Power-20000-Blueberry-Storm-2.webp\",\"datePublished\":\"2025-12-16T06:36:14+00:00\",\"dateModified\":\"2026-02-10T11:14:48+00:00\",\"description\":\"Shop Vozol Gear 20000 Blueberry Storm. A powerful blast of sweet blueberry flavor. Vozol 20k disposable vape with 5% nicotine.\",\"breadcrumb\":{\"@id\":\"https:\\\/\\\/vozolvapen.de\\\/product\\\/vozol-gear-power-20000-blueberry-storm\\\/#breadcrumb\"},\"inLanguage\":\"pl-PL\",\"potentialAction\":[{\"@type\":\"ReadAction\",\"target\":[\"https:\\\/\\\/vozolvapen.de\\\/product\\\/vozol-gear-power-20000-blueberry-storm\\\/\"]}]},{\"@type\":\"ImageObject\",\"inLanguage\":\"pl-PL\",\"@id\":\"https:\\\/\\\/vozolvapen.de\\\/product\\\/vozol-gear-power-20000-blueberry-storm\\\/#primaryimage\",\"url\":\"https:\\\/\\\/vozolvapen.de\\\/wp-content\\\/uploads\\\/2025\\\/12\\\/Vozol-Gear-Power-20000-Blueberry-Storm-2.webp\",\"contentUrl\":\"https:\\\/\\\/vozolvapen.de\\\/wp-content\\\/uploads\\\/2025\\\/12\\\/Vozol-Gear-Power-20000-Blueberry-Storm-2.webp\",\"width\":1200,\"height\":1200,\"caption\":\"Vozol Gear Power 20000 - Blueberry Storm\"},{\"@type\":\"BreadcrumbList\",\"@id\":\"https:\\\/\\\/vozolvapen.de\\\/product\\\/vozol-gear-power-20000-blueberry-storm\\\/#breadcrumb\",\"itemListElement\":[{\"@type\":\"ListItem\",\"position\":1,\"name\":\"Home\",\"item\":\"https:\\\/\\\/vozolvapen.de\\\/de\\\/\"},{\"@type\":\"ListItem\",\"position\":2,\"name\":\"Shop\",\"item\":\"https:\\\/\\\/vozolvapen.de\\\/shop\\\/\"},{\"@type\":\"ListItem\",\"position\":3,\"name\":\"Vozol Gear Power 20000 &#8211; Blueberry Storm\"}]},{\"@type\":\"WebSite\",\"@id\":\"https:\\\/\\\/vozolvapen.de\\\/#website\",\"url\":\"https:\\\/\\\/vozolvapen.de\\\/\",\"name\":\"vozolvapen\",\"description\":\"vozolvapen\",\"publisher\":{\"@id\":\"https:\\\/\\\/vozolvapen.de\\\/#organization\"},\"potentialAction\":[{\"@type\":\"SearchAction\",\"target\":{\"@type\":\"EntryPoint\",\"urlTemplate\":\"https:\\\/\\\/vozolvapen.de\\\/?s={search_term_string}\"},\"query-input\":{\"@type\":\"PropertyValueSpecification\",\"valueRequired\":true,\"valueName\":\"search_term_string\"}}],\"inLanguage\":\"pl-PL\"},{\"@type\":\"Organization\",\"@id\":\"https:\\\/\\\/vozolvapen.de\\\/#organization\",\"name\":\"vozolvapen\",\"url\":\"https:\\\/\\\/vozolvapen.de\\\/\",\"logo\":{\"@type\":\"ImageObject\",\"inLanguage\":\"pl-PL\",\"@id\":\"https:\\\/\\\/vozolvapen.de\\\/#\\\/schema\\\/logo\\\/image\\\/\",\"url\":\"https:\\\/\\\/vozolvapen.de\\\/wp-content\\\/uploads\\\/2025\\\/12\\\/cropped-vozovapen-logo.webp\",\"contentUrl\":\"https:\\\/\\\/vozolvapen.de\\\/wp-content\\\/uploads\\\/2025\\\/12\\\/cropped-vozovapen-logo.webp\",\"width\":470,\"height\":110,\"caption\":\"vozolvapen\"},\"image\":{\"@id\":\"https:\\\/\\\/vozolvapen.de\\\/#\\\/schema\\\/logo\\\/image\\\/\"}}]}<\/script>\n<!-- \/ Yoast SEO Premium plugin. -->","yoast_head_json":{"title":"Vozol Gear 20000 - Blueberry Storm Flavor - vozolvapen","description":"Sklep Vozol Gear 20000 Blueberry Storm. Pot\u0119\u017cny podmuch s\u0142odkiego jagodowego smaku. Jednorazowy vape Vozol 20k z nikotyn\u0105 5%.","robots":{"index":"index","follow":"follow","max-snippet":"max-snippet:-1","max-image-preview":"max-image-preview:large","max-video-preview":"max-video-preview:-1"},"canonical":"https:\/\/vozolvapen.de\/pl\/product\/vozol-gear-power-20000-blueberry-storm\/","og_locale":"pl_PL","og_type":"article","og_title":"Vozol Gear Power 20000 - Blueberry Storm","og_description":"Shop Vozol Gear 20000 Blueberry Storm. A powerful blast of sweet blueberry flavor. Vozol 20k disposable vape with 5% nicotine.","og_url":"https:\/\/vozolvapen.de\/pl\/product\/vozol-gear-power-20000-blueberry-storm\/","og_site_name":"vozolvapen","article_modified_time":"2026-02-10T11:14:48+00:00","og_image":[{"width":1200,"height":1200,"url":"https:\/\/vozolvapen.de\/wp-content\/uploads\/2025\/12\/Vozol-Gear-Power-20000-Blueberry-Storm-2.webp","type":"image\/webp"}],"twitter_card":"summary_large_image","twitter_misc":{"Szacowany czas czytania":"2 minuty"},"schema":{"@context":"https:\/\/schema.org","@graph":[{"@type":"WebPage","@id":"https:\/\/vozolvapen.de\/product\/vozol-gear-power-20000-blueberry-storm\/","url":"https:\/\/vozolvapen.de\/product\/vozol-gear-power-20000-blueberry-storm\/","name":"Vozol Gear 20000 - Blueberry Storm Flavor - vozolvapen","isPartOf":{"@id":"https:\/\/vozolvapen.de\/#website"},"primaryImageOfPage":{"@id":"https:\/\/vozolvapen.de\/product\/vozol-gear-power-20000-blueberry-storm\/#primaryimage"},"image":{"@id":"https:\/\/vozolvapen.de\/product\/vozol-gear-power-20000-blueberry-storm\/#primaryimage"},"thumbnailUrl":"https:\/\/vozolvapen.de\/wp-content\/uploads\/2025\/12\/Vozol-Gear-Power-20000-Blueberry-Storm-2.webp","datePublished":"2025-12-16T06:36:14+00:00","dateModified":"2026-02-10T11:14:48+00:00","description":"Sklep Vozol Gear 20000 Blueberry Storm. Pot\u0119\u017cny podmuch s\u0142odkiego jagodowego smaku. Jednorazowy vape Vozol 20k z nikotyn\u0105 5%.","breadcrumb":{"@id":"https:\/\/vozolvapen.de\/product\/vozol-gear-power-20000-blueberry-storm\/#breadcrumb"},"inLanguage":"pl-PL","potentialAction":[{"@type":"ReadAction","target":["https:\/\/vozolvapen.de\/product\/vozol-gear-power-20000-blueberry-storm\/"]}]},{"@type":"ImageObject","inLanguage":"pl-PL","@id":"https:\/\/vozolvapen.de\/product\/vozol-gear-power-20000-blueberry-storm\/#primaryimage","url":"https:\/\/vozolvapen.de\/wp-content\/uploads\/2025\/12\/Vozol-Gear-Power-20000-Blueberry-Storm-2.webp","contentUrl":"https:\/\/vozolvapen.de\/wp-content\/uploads\/2025\/12\/Vozol-Gear-Power-20000-Blueberry-Storm-2.webp","width":1200,"height":1200,"caption":"Vozol Gear Power 20000 - Blueberry Storm"},{"@type":"BreadcrumbList","@id":"https:\/\/vozolvapen.de\/product\/vozol-gear-power-20000-blueberry-storm\/#breadcrumb","itemListElement":[{"@type":"ListItem","position":1,"name":"Home","item":"https:\/\/vozolvapen.de\/de\/"},{"@type":"ListItem","position":2,"name":"Shop","item":"https:\/\/vozolvapen.de\/shop\/"},{"@type":"ListItem","position":3,"name":"Vozol Gear Power 20000 &#8211; Blueberry Storm"}]},{"@type":"WebSite","@id":"https:\/\/vozolvapen.de\/#website","url":"https:\/\/vozolvapen.de\/","name":"vozolvapen","description":"vozolvapen","publisher":{"@id":"https:\/\/vozolvapen.de\/#organization"},"potentialAction":[{"@type":"SearchAction","target":{"@type":"EntryPoint","urlTemplate":"https:\/\/vozolvapen.de\/?s={search_term_string}"},"query-input":{"@type":"PropertyValueSpecification","valueRequired":true,"valueName":"search_term_string"}}],"inLanguage":"pl-PL"},{"@type":"Organization","@id":"https:\/\/vozolvapen.de\/#organization","name":"vozolvapen","url":"https:\/\/vozolvapen.de\/","logo":{"@type":"ImageObject","inLanguage":"pl-PL","@id":"https:\/\/vozolvapen.de\/#\/schema\/logo\/image\/","url":"https:\/\/vozolvapen.de\/wp-content\/uploads\/2025\/12\/cropped-vozovapen-logo.webp","contentUrl":"https:\/\/vozolvapen.de\/wp-content\/uploads\/2025\/12\/cropped-vozovapen-logo.webp","width":470,"height":110,"caption":"vozolvapen"},"image":{"@id":"https:\/\/vozolvapen.de\/#\/schema\/logo\/image\/"}}]}},"tiered_pricing_type":"fixed","tiered_pricing_fixed_rules":{"30":"13.04","50":"11.02","100":"10.52","200":"9.52"},"tiered_pricing_product_settings":{"layout":"default","base_unit_name":{"singular":null,"plural":null},"default_variation":{}},"tiered_pricing_minimum_quantity":10,"tiered_pricing_roles_data":[],"tiered_pricing_percentage_rules":[],"tiered_pricing_maximum_quantity":null,"tiered_pricing_quantity_step":"10","_links":{"self":[{"href":"http:\/\/vozolvapen.de\/pl\/wp-json\/wp\/v2\/product\/31247","targetHints":{"allow":["GET"]}}],"collection":[{"href":"http:\/\/vozolvapen.de\/pl\/wp-json\/wp\/v2\/product"}],"about":[{"href":"http:\/\/vozolvapen.de\/pl\/wp-json\/wp\/v2\/types\/product"}],"replies":[{"embeddable":true,"href":"http:\/\/vozolvapen.de\/pl\/wp-json\/wp\/v2\/comments?post=31247"}],"wp:featuredmedia":[{"embeddable":true,"href":"http:\/\/vozolvapen.de\/pl\/wp-json\/wp\/v2\/media\/31400"}],"wp:attachment":[{"href":"http:\/\/vozolvapen.de\/pl\/wp-json\/wp\/v2\/media?parent=31247"}],"wp:term":[{"taxonomy":"product_brand","embeddable":true,"href":"http:\/\/vozolvapen.de\/pl\/wp-json\/wp\/v2\/product_brand?post=31247"},{"taxonomy":"product_cat","embeddable":true,"href":"http:\/\/vozolvapen.de\/pl\/wp-json\/wp\/v2\/product_cat?post=31247"},{"taxonomy":"product_tag","embeddable":true,"href":"http:\/\/vozolvapen.de\/pl\/wp-json\/wp\/v2\/product_tag?post=31247"}],"curies":[{"name":"wp","href":"https:\/\/api.w.org\/{rel}","templated":true}]}}