{"id":31574,"date":"2025-12-16T08:26:22","date_gmt":"2025-12-16T08:26:22","guid":{"rendered":"https:\/\/vozolvapen.de\/?post_type=product&#038;p=31574"},"modified":"2026-02-10T11:14:36","modified_gmt":"2026-02-10T11:14:36","slug":"puff-120k-bang-legend-120000-summer-berry-cola-fusion","status":"publish","type":"product","link":"http:\/\/vozolvapen.de\/pl\/product\/puff-120k-bang-legend-120000-summer-berry-cola-fusion\/","title":{"rendered":"Puff 120k Bang Legend 120000 - Summer Berry &amp; Cola Fusion"},"content":{"rendered":"<h1 data-path-to-node=\"26\">Smak 3: <b>Puff 120k Bang Legend 120k<\/b> | Legendarna mieszanka 5 w 1 (jagoda-malina, brzoskwinia-mango-arbuz, wi\u015bnia-koksa, winogrono-je\u017cyna-l\u00f3d, mango-brzoskwinia-morela)<\/h1>\n<p data-path-to-node=\"27\">The <b>Puff 120k Bang Legend 120k<\/b> in Flavor 3 to idealne po\u0142\u0105czenie klasycznych owocowych duet\u00f3w i nowatorskich koncepcji napoj\u00f3w, w tym nostalgicznej Cherry Coke i z\u0142o\u017conej mieszanki Peach Mango Watermelon. To urz\u0105dzenie 5 w 1 prezentuje wszechstronno\u015b\u0107 modelu <b>Bang 120k<\/b> platforma. Jego \u017cywotno\u015b\u0107 si\u0119ga <b>120,000 Puffs<\/b>-W po\u0142\u0105czeniu z dostarczaniem wysokiej jako\u015bci smaku z cewki 5*Mesh, model ten jest niezb\u0119dny dla wymagaj\u0105cych klient\u00f3w poszukuj\u0105cych ci\u0105g\u0142ych i r\u00f3\u017cnorodnych opcji smakowych.<\/p>\n<h2 data-path-to-node=\"28\">Podzia\u0142 profilu smakowego 5 w 1<\/h2>\n<table data-path-to-node=\"29\">\n<thead>\n<tr>\n<td><strong>Zbiornik<\/strong><\/td>\n<td><strong>Smak<\/strong><\/td>\n<td><strong>Opis<\/strong><\/td>\n<td><strong>Do\u015bwiadczenie<\/strong><\/td>\n<\/tr>\n<\/thead>\n<tbody>\n<tr>\n<td><span data-path-to-node=\"29,1,0,0\"><b>1<\/b><\/span><\/td>\n<td><span data-path-to-node=\"29,1,1,0\">Bor\u00f3wka Malina<\/span><\/td>\n<td><span data-path-to-node=\"29,1,2,0\">S\u0142odkie i cierpkie zderzenie \u017cywych niebieskich i czerwonych jag\u00f3d.<\/span><\/td>\n<td><span data-path-to-node=\"29,1,3,0\">Popularny, klasyczny profil mieszanych jag\u00f3d.<\/span><\/td>\n<\/tr>\n<tr>\n<td><span data-path-to-node=\"29,2,0,0\"><b>2<\/b><\/span><\/td>\n<td><span data-path-to-node=\"29,2,1,0\">Brzoskwinia Mango Arbuz<\/span><\/td>\n<td><span data-path-to-node=\"29,2,2,0\">Potr\u00f3jna owocowa sensacja: s\u0142odka brzoskwinia, tropikalne mango i orze\u017awiaj\u0105cy arbuz.<\/span><\/td>\n<td><span data-path-to-node=\"29,2,3,0\">Najlepszy letni koktajl owocowy.<\/span><\/td>\n<\/tr>\n<tr>\n<td><span data-path-to-node=\"29,3,0,0\"><b>3<\/b><\/span><\/td>\n<td><span data-path-to-node=\"29,3,1,0\">Wi\u015bniowa cola<\/span><\/td>\n<td><span data-path-to-node=\"29,3,2,0\">Klasyczny smak napoju gazowanego z jasnym, cukierkowym naparem wi\u015bniowym.<\/span><\/td>\n<td><span data-path-to-node=\"29,3,3,0\">Gazowany, s\u0142odki i nostalgiczny.<\/span><\/td>\n<\/tr>\n<tr>\n<td><span data-path-to-node=\"29,4,0,0\"><b>4<\/b><\/span><\/td>\n<td><span data-path-to-node=\"29,4,1,0\">L\u00f3d winogronowo-je\u017cynowy<\/span><\/td>\n<td><span data-path-to-node=\"29,4,2,0\">Ciemne, s\u0142odkie winogrona i cierpkie je\u017cyny zako\u0144czone wyra\u017anym akcentem mentolu.<\/span><\/td>\n<td><span data-path-to-node=\"29,4,3,0\">G\u0142\u0119bokie nuty jagodowe z ch\u0142odz\u0105cym podmuchem.<\/span><\/td>\n<\/tr>\n<tr>\n<td><span data-path-to-node=\"29,5,0,0\"><b>5<\/b><\/span><\/td>\n<td><span data-path-to-node=\"29,5,1,0\">Mango Brzoskwinia Morela<\/span><\/td>\n<td><span data-path-to-node=\"29,5,2,0\">S\u0142odkie mango i brzoskwinia uzupe\u0142nione lekko pikantn\u0105, kwiatow\u0105 nut\u0105 moreli.<\/span><\/td>\n<td><span data-path-to-node=\"29,5,3,0\">Z\u0142o\u017cona, g\u0142adka i aksamitna mieszanka owoc\u00f3w.<\/span><\/td>\n<\/tr>\n<\/tbody>\n<\/table>\n<h2 data-path-to-node=\"30\"><b>Bang Legend 120k<\/b> Podstawowe specyfikacje<\/h2>\n<table data-path-to-node=\"31\">\n<thead>\n<tr>\n<td><strong>Parametr<\/strong><\/td>\n<td><strong>Szczeg\u00f3\u0142y<\/strong><\/td>\n<\/tr>\n<\/thead>\n<tbody>\n<tr>\n<td><span data-path-to-node=\"31,1,0,0\"><b>Model<\/b><\/span><\/td>\n<td><span data-path-to-node=\"31,1,1,0\">Puff 120k Bang Legend 120k<\/span><\/td>\n<\/tr>\n<tr>\n<td><span data-path-to-node=\"31,2,0,0\"><b>Max Puffs<\/b><\/span><\/td>\n<td><span data-path-to-node=\"31,2,1,0\">Do 120000 zaci\u0105gni\u0119\u0107<\/span><\/td>\n<\/tr>\n<tr>\n<td><span data-path-to-node=\"31,3,0,0\"><b>System aromat\u00f3w<\/b><\/span><\/td>\n<td><span data-path-to-node=\"31,3,1,0\">Prze\u0142\u0105czane zbiorniki 5 w 1<\/span><\/td>\n<\/tr>\n<tr>\n<td><span data-path-to-node=\"31,4,0,0\"><b>Bateria<\/b><\/span><\/td>\n<td><span data-path-to-node=\"31,4,1,0\">Akumulator 850 mAh<\/span><\/td>\n<\/tr>\n<tr>\n<td><span data-path-to-node=\"31,5,0,0\"><b>Mocne strony nikotyny<\/b><\/span><\/td>\n<td><span data-path-to-node=\"31,5,1,0\">0%, 2%, 3%, 5% S\u00f3l nikotynowa<\/span><\/td>\n<\/tr>\n<tr>\n<td><span data-path-to-node=\"31,6,0,0\"><b>Cewka<\/b><\/span><\/td>\n<td><span data-path-to-node=\"31,6,1,0\">Cewka 5*Mesh zapewniaj\u0105ca optymalny smak<\/span><\/td>\n<\/tr>\n<tr>\n<td><span data-path-to-node=\"31,7,0,0\"><b>\u0141adowanie<\/b><\/span><\/td>\n<td><span data-path-to-node=\"31,7,1,0\">Port typu C<\/span><\/td>\n<\/tr>\n<tr>\n<td><span data-path-to-node=\"31,8,0,0\"><b>Wy\u015bwietlacz<\/b><\/span><\/td>\n<td><span data-path-to-node=\"31,8,1,0\">Ekran LED (liczba zaci\u0105gni\u0119\u0107, bateria, tryb smaku)<\/span><\/td>\n<\/tr>\n<\/tbody>\n<\/table>\n<h3 data-path-to-node=\"12\">Sprzeda\u017c hurtowa <b>Bang Vape<\/b> <b>Puff 120k<\/b> Z szybk\u0105 wysy\u0142k\u0105 do Europy<\/h3>\n<p>Wsp\u00f3\u0142pracuj z nami, aby oferowa\u0107 prze\u0142omowe <b>Puff 120k Bang Legend 120k<\/b> w smaku 3. Nasze zapasy znajduj\u0105 si\u0119 w europejskim magazynie, gwarantuj\u0105c dostaw\u0119 w ci\u0105gu 1-3 dni. Zam\u00f3w hurtowo 10 sztuk w opakowaniu ju\u017c dzi\u015b i zmaksymalizuj swoje przychody dzi\u0119ki temu legendarnemu urz\u0105dzeniu.<\/p>\n<h2><strong>Puff 120k Bang Legend 120000 Vape <\/strong><strong>Wideo\uff1a<\/strong><\/h2>\n<p><iframe src=\"https:\/\/player.vimeo.com\/video\/1150263248?badge=0&amp;autopause=0&amp;player_id=0&amp;app_id=58479\" width=\"400\" height=\"711\" frameborder=\"0\" allow=\"autoplay; fullscreen; picture-in-picture; clipboard-write; encrypted-media; web-share\" referrerpolicy=\"strict-origin-when-cross-origin\" title=\"Bang Legend 120k Puffs: Rewolucyjny system smak\u00f3w 5 w 1 | Hurtownia Bang Vape\"><\/iframe><\/p>\n<h3 dir=\"auto\">Oto dalsze zalecenia dla Ciebie:<\/h3>\n<p dir=\"auto\">Odkryj jeszcze wi\u0119cej niesamowitych smak\u00f3w dzi\u0119ki Puff 120k Bang Legend 120000 Vape!<\/p>\n<p dir=\"auto\"><a href=\"https:\/\/vozolvapen.de\/pl\/product-category\/bang-vape\/puff-120k-bang-legend-120000-vape\/\" target=\"_blank\" rel=\"noopener noreferrer nofollow\">Zobacz wszystkie odmiany tutaj \u2192<\/a><\/p>\n<p dir=\"auto\">Zapoznaj si\u0119 z nasz\u0105 pe\u0142n\u0105 kolekcj\u0105 i kupuj produkty najlepszych marek vape, kt\u00f3re pokochasz.<\/p>\n<p dir=\"auto\"><a href=\"https:\/\/vozolvapen.de\/pl\/\" target=\"_blank\" rel=\"noopener noreferrer nofollow\">Przegl\u0105daj teraz wszystkie marki \u2192<\/a><\/p>\n<p dir=\"auto\">Sprawd\u017a ca\u0142\u0105 seri\u0119 Bang Vape - ka\u017cdy smak, ka\u017cdy styl!<\/p>\n<p dir=\"auto\"><a href=\"https:\/\/vozolvapen.de\/pl\/product-category\/bang-vape\/\" target=\"_blank\" rel=\"noopener noreferrer nofollow\">Zobacz pe\u0142n\u0105 kolekcj\u0119 Bang Vape \u2192<\/a><\/p>","protected":false},"excerpt":{"rendered":"<p><b>Klasyczna nostalgia \u0142\u0105czy si\u0119 z owocow\u0105 harmoni\u0105:<\/b> Doskona\u0142e po\u0142\u0105czenie klasycznych koncepcji, takich jak Cherry Coke i z\u0142o\u017conych mieszanek, takich jak Peach Mango Watermelon, zapewnia wielowarstwow\u0105 s\u0142odk\u0105 i satysfakcjonuj\u0105c\u0105 waporyzacj\u0119.<\/p>","protected":false},"featured_media":32106,"comment_status":"open","ping_status":"closed","template":"","meta":{"_acf_changed":false},"product_brand":[],"product_cat":[134,81],"product_tag":[],"class_list":{"0":"post-31574","1":"product","2":"type-product","3":"status-publish","4":"has-post-thumbnail","6":"product_cat-eu-warehouse-in-stock","7":"product_cat-puff-120k-bang-legend-120000-vape","9":"first","10":"instock","11":"shipping-taxable","12":"purchasable","13":"product-type-variable"},"acf":[],"yoast_head":"<!-- This site is optimized with the Yoast SEO Premium plugin v26.1 (Yoast SEO v27.5) - https:\/\/yoast.com\/product\/yoast-seo-premium-wordpress\/ -->\n<title>Bang Legend 120k Flavor 3: Blueberry Raspberry, Cherry Coke, 5-in-1 Vape | Puff 120k Wholesale - vozolvapen<\/title>\n<meta name=\"description\" content=\"Buy Bang Legend 120k Flavor 3 wholesale! A 120k Puff blend: Blueberry Raspberry, Peach Mango Watermelon, Cherry Coke, Grape Blackberry Ice, and Mango Peach Apricot. 0-5% Nicotine. European stock for 1-3 day delivery.\" \/>\n<meta name=\"robots\" content=\"index, follow, max-snippet:-1, max-image-preview:large, max-video-preview:-1\" \/>\n<link rel=\"canonical\" href=\"https:\/\/vozolvapen.de\/pl\/product\/puff-120k-bang-legend-120000-summer-berry-cola-fusion\/\" \/>\n<meta property=\"og:locale\" content=\"pl_PL\" \/>\n<meta property=\"og:type\" content=\"article\" \/>\n<meta property=\"og:title\" content=\"Puff 120k Bang Legend 120000 - Summer Berry &amp; Cola Fusion\" \/>\n<meta property=\"og:description\" content=\"Buy Bang Legend 120k Flavor 3 wholesale! A 120k Puff blend: Blueberry Raspberry, Peach Mango Watermelon, Cherry Coke, Grape Blackberry Ice, and Mango Peach Apricot. 0-5% Nicotine. European stock for 1-3 day delivery.\" \/>\n<meta property=\"og:url\" content=\"https:\/\/vozolvapen.de\/pl\/product\/puff-120k-bang-legend-120000-summer-berry-cola-fusion\/\" \/>\n<meta property=\"og:site_name\" content=\"vozolvapen\" \/>\n<meta property=\"article:modified_time\" content=\"2026-02-10T11:14:36+00:00\" \/>\n<meta property=\"og:image\" content=\"https:\/\/vozolvapen.de\/wp-content\/uploads\/2025\/12\/Puff-120k-Bang-Legend-120k-blueberry-raspberry-peach-mango-watermelon-cherry-coke-grape-blackberry-ice-mango-peach-apricot.jpg.webp\" \/>\n\t<meta property=\"og:image:width\" content=\"1200\" \/>\n\t<meta property=\"og:image:height\" content=\"1200\" \/>\n\t<meta property=\"og:image:type\" content=\"image\/webp\" \/>\n<meta name=\"twitter:card\" content=\"summary_large_image\" \/>\n<meta name=\"twitter:label1\" content=\"Szacowany czas czytania\" \/>\n\t<meta name=\"twitter:data1\" content=\"2 minuty\" \/>\n<script type=\"application\/ld+json\" class=\"yoast-schema-graph\">{\"@context\":\"https:\\\/\\\/schema.org\",\"@graph\":[{\"@type\":\"WebPage\",\"@id\":\"https:\\\/\\\/vozolvapen.de\\\/product\\\/puff-120k-bang-legend-120000-summer-berry-cola-fusion\\\/\",\"url\":\"https:\\\/\\\/vozolvapen.de\\\/product\\\/puff-120k-bang-legend-120000-summer-berry-cola-fusion\\\/\",\"name\":\"Bang Legend 120k Flavor 3: Blueberry Raspberry, Cherry Coke, 5-in-1 Vape | Puff 120k Wholesale - vozolvapen\",\"isPartOf\":{\"@id\":\"https:\\\/\\\/vozolvapen.de\\\/#website\"},\"primaryImageOfPage\":{\"@id\":\"https:\\\/\\\/vozolvapen.de\\\/product\\\/puff-120k-bang-legend-120000-summer-berry-cola-fusion\\\/#primaryimage\"},\"image\":{\"@id\":\"https:\\\/\\\/vozolvapen.de\\\/product\\\/puff-120k-bang-legend-120000-summer-berry-cola-fusion\\\/#primaryimage\"},\"thumbnailUrl\":\"https:\\\/\\\/vozolvapen.de\\\/wp-content\\\/uploads\\\/2025\\\/12\\\/Puff-120k-Bang-Legend-120k-blueberry-raspberry-peach-mango-watermelon-cherry-coke-grape-blackberry-ice-mango-peach-apricot.jpg.webp\",\"datePublished\":\"2025-12-16T08:26:22+00:00\",\"dateModified\":\"2026-02-10T11:14:36+00:00\",\"description\":\"Buy Bang Legend 120k Flavor 3 wholesale! A 120k Puff blend: Blueberry Raspberry, Peach Mango Watermelon, Cherry Coke, Grape Blackberry Ice, and Mango Peach Apricot. 0-5% Nicotine. European stock for 1-3 day delivery.\",\"breadcrumb\":{\"@id\":\"https:\\\/\\\/vozolvapen.de\\\/product\\\/puff-120k-bang-legend-120000-summer-berry-cola-fusion\\\/#breadcrumb\"},\"inLanguage\":\"pl-PL\",\"potentialAction\":[{\"@type\":\"ReadAction\",\"target\":[\"https:\\\/\\\/vozolvapen.de\\\/product\\\/puff-120k-bang-legend-120000-summer-berry-cola-fusion\\\/\"]}]},{\"@type\":\"ImageObject\",\"inLanguage\":\"pl-PL\",\"@id\":\"https:\\\/\\\/vozolvapen.de\\\/product\\\/puff-120k-bang-legend-120000-summer-berry-cola-fusion\\\/#primaryimage\",\"url\":\"https:\\\/\\\/vozolvapen.de\\\/wp-content\\\/uploads\\\/2025\\\/12\\\/Puff-120k-Bang-Legend-120k-blueberry-raspberry-peach-mango-watermelon-cherry-coke-grape-blackberry-ice-mango-peach-apricot.jpg.webp\",\"contentUrl\":\"https:\\\/\\\/vozolvapen.de\\\/wp-content\\\/uploads\\\/2025\\\/12\\\/Puff-120k-Bang-Legend-120k-blueberry-raspberry-peach-mango-watermelon-cherry-coke-grape-blackberry-ice-mango-peach-apricot.jpg.webp\",\"width\":1200,\"height\":1200,\"caption\":\"Puff 120k Bang Legend 120k - blueberry-raspberry-peach-mango-watermelon-cherry-coke-grape-blackberry-ice-mango-peach-apricot.jpg\"},{\"@type\":\"BreadcrumbList\",\"@id\":\"https:\\\/\\\/vozolvapen.de\\\/product\\\/puff-120k-bang-legend-120000-summer-berry-cola-fusion\\\/#breadcrumb\",\"itemListElement\":[{\"@type\":\"ListItem\",\"position\":1,\"name\":\"Home\",\"item\":\"https:\\\/\\\/vozolvapen.de\\\/de\\\/\"},{\"@type\":\"ListItem\",\"position\":2,\"name\":\"Shop\",\"item\":\"https:\\\/\\\/vozolvapen.de\\\/shop\\\/\"},{\"@type\":\"ListItem\",\"position\":3,\"name\":\"Puff 120k Bang Legend 120000 &#8211; Summer Berry &#038; Cola Fusion\"}]},{\"@type\":\"WebSite\",\"@id\":\"https:\\\/\\\/vozolvapen.de\\\/#website\",\"url\":\"https:\\\/\\\/vozolvapen.de\\\/\",\"name\":\"vozolvapen\",\"description\":\"vozolvapen\",\"publisher\":{\"@id\":\"https:\\\/\\\/vozolvapen.de\\\/#organization\"},\"potentialAction\":[{\"@type\":\"SearchAction\",\"target\":{\"@type\":\"EntryPoint\",\"urlTemplate\":\"https:\\\/\\\/vozolvapen.de\\\/?s={search_term_string}\"},\"query-input\":{\"@type\":\"PropertyValueSpecification\",\"valueRequired\":true,\"valueName\":\"search_term_string\"}}],\"inLanguage\":\"pl-PL\"},{\"@type\":\"Organization\",\"@id\":\"https:\\\/\\\/vozolvapen.de\\\/#organization\",\"name\":\"vozolvapen\",\"url\":\"https:\\\/\\\/vozolvapen.de\\\/\",\"logo\":{\"@type\":\"ImageObject\",\"inLanguage\":\"pl-PL\",\"@id\":\"https:\\\/\\\/vozolvapen.de\\\/#\\\/schema\\\/logo\\\/image\\\/\",\"url\":\"https:\\\/\\\/vozolvapen.de\\\/wp-content\\\/uploads\\\/2025\\\/12\\\/cropped-vozovapen-logo.webp\",\"contentUrl\":\"https:\\\/\\\/vozolvapen.de\\\/wp-content\\\/uploads\\\/2025\\\/12\\\/cropped-vozovapen-logo.webp\",\"width\":470,\"height\":110,\"caption\":\"vozolvapen\"},\"image\":{\"@id\":\"https:\\\/\\\/vozolvapen.de\\\/#\\\/schema\\\/logo\\\/image\\\/\"}}]}<\/script>\n<!-- \/ Yoast SEO Premium plugin. -->","yoast_head_json":{"title":"Bang Legend 120k Flavor 3: Blueberry Raspberry, Cherry Coke, 5-in-1 Vape | Puff 120k Wholesale - vozolvapen","description":"Kup Bang Legend 120k Flavor 3 hurtowo! Mieszanka 120k Puff: Blueberry Raspberry, Peach Mango Watermelon, Cherry Coke, Grape Blackberry Ice i Mango Peach Apricot. Nikotyna 0-5%. Europejski magazyn z dostaw\u0105 w ci\u0105gu 1-3 dni.","robots":{"index":"index","follow":"follow","max-snippet":"max-snippet:-1","max-image-preview":"max-image-preview:large","max-video-preview":"max-video-preview:-1"},"canonical":"https:\/\/vozolvapen.de\/pl\/product\/puff-120k-bang-legend-120000-summer-berry-cola-fusion\/","og_locale":"pl_PL","og_type":"article","og_title":"Puff 120k Bang Legend 120000 - Summer Berry & Cola Fusion","og_description":"Buy Bang Legend 120k Flavor 3 wholesale! A 120k Puff blend: Blueberry Raspberry, Peach Mango Watermelon, Cherry Coke, Grape Blackberry Ice, and Mango Peach Apricot. 0-5% Nicotine. European stock for 1-3 day delivery.","og_url":"https:\/\/vozolvapen.de\/pl\/product\/puff-120k-bang-legend-120000-summer-berry-cola-fusion\/","og_site_name":"vozolvapen","article_modified_time":"2026-02-10T11:14:36+00:00","og_image":[{"width":1200,"height":1200,"url":"https:\/\/vozolvapen.de\/wp-content\/uploads\/2025\/12\/Puff-120k-Bang-Legend-120k-blueberry-raspberry-peach-mango-watermelon-cherry-coke-grape-blackberry-ice-mango-peach-apricot.jpg.webp","type":"image\/webp"}],"twitter_card":"summary_large_image","twitter_misc":{"Szacowany czas czytania":"2 minuty"},"schema":{"@context":"https:\/\/schema.org","@graph":[{"@type":"WebPage","@id":"https:\/\/vozolvapen.de\/product\/puff-120k-bang-legend-120000-summer-berry-cola-fusion\/","url":"https:\/\/vozolvapen.de\/product\/puff-120k-bang-legend-120000-summer-berry-cola-fusion\/","name":"Bang Legend 120k Flavor 3: Blueberry Raspberry, Cherry Coke, 5-in-1 Vape | Puff 120k Wholesale - vozolvapen","isPartOf":{"@id":"https:\/\/vozolvapen.de\/#website"},"primaryImageOfPage":{"@id":"https:\/\/vozolvapen.de\/product\/puff-120k-bang-legend-120000-summer-berry-cola-fusion\/#primaryimage"},"image":{"@id":"https:\/\/vozolvapen.de\/product\/puff-120k-bang-legend-120000-summer-berry-cola-fusion\/#primaryimage"},"thumbnailUrl":"https:\/\/vozolvapen.de\/wp-content\/uploads\/2025\/12\/Puff-120k-Bang-Legend-120k-blueberry-raspberry-peach-mango-watermelon-cherry-coke-grape-blackberry-ice-mango-peach-apricot.jpg.webp","datePublished":"2025-12-16T08:26:22+00:00","dateModified":"2026-02-10T11:14:36+00:00","description":"Kup Bang Legend 120k Flavor 3 hurtowo! Mieszanka 120k Puff: Blueberry Raspberry, Peach Mango Watermelon, Cherry Coke, Grape Blackberry Ice i Mango Peach Apricot. Nikotyna 0-5%. Europejski magazyn z dostaw\u0105 w ci\u0105gu 1-3 dni.","breadcrumb":{"@id":"https:\/\/vozolvapen.de\/product\/puff-120k-bang-legend-120000-summer-berry-cola-fusion\/#breadcrumb"},"inLanguage":"pl-PL","potentialAction":[{"@type":"ReadAction","target":["https:\/\/vozolvapen.de\/product\/puff-120k-bang-legend-120000-summer-berry-cola-fusion\/"]}]},{"@type":"ImageObject","inLanguage":"pl-PL","@id":"https:\/\/vozolvapen.de\/product\/puff-120k-bang-legend-120000-summer-berry-cola-fusion\/#primaryimage","url":"https:\/\/vozolvapen.de\/wp-content\/uploads\/2025\/12\/Puff-120k-Bang-Legend-120k-blueberry-raspberry-peach-mango-watermelon-cherry-coke-grape-blackberry-ice-mango-peach-apricot.jpg.webp","contentUrl":"https:\/\/vozolvapen.de\/wp-content\/uploads\/2025\/12\/Puff-120k-Bang-Legend-120k-blueberry-raspberry-peach-mango-watermelon-cherry-coke-grape-blackberry-ice-mango-peach-apricot.jpg.webp","width":1200,"height":1200,"caption":"Puff 120k Bang Legend 120k - blueberry-raspberry-peach-mango-watermelon-cherry-coke-grape-blackberry-ice-mango-peach-apricot.jpg"},{"@type":"BreadcrumbList","@id":"https:\/\/vozolvapen.de\/product\/puff-120k-bang-legend-120000-summer-berry-cola-fusion\/#breadcrumb","itemListElement":[{"@type":"ListItem","position":1,"name":"Home","item":"https:\/\/vozolvapen.de\/de\/"},{"@type":"ListItem","position":2,"name":"Shop","item":"https:\/\/vozolvapen.de\/shop\/"},{"@type":"ListItem","position":3,"name":"Puff 120k Bang Legend 120000 &#8211; Summer Berry &#038; Cola Fusion"}]},{"@type":"WebSite","@id":"https:\/\/vozolvapen.de\/#website","url":"https:\/\/vozolvapen.de\/","name":"vozolvapen","description":"vozolvapen","publisher":{"@id":"https:\/\/vozolvapen.de\/#organization"},"potentialAction":[{"@type":"SearchAction","target":{"@type":"EntryPoint","urlTemplate":"https:\/\/vozolvapen.de\/?s={search_term_string}"},"query-input":{"@type":"PropertyValueSpecification","valueRequired":true,"valueName":"search_term_string"}}],"inLanguage":"pl-PL"},{"@type":"Organization","@id":"https:\/\/vozolvapen.de\/#organization","name":"vozolvapen","url":"https:\/\/vozolvapen.de\/","logo":{"@type":"ImageObject","inLanguage":"pl-PL","@id":"https:\/\/vozolvapen.de\/#\/schema\/logo\/image\/","url":"https:\/\/vozolvapen.de\/wp-content\/uploads\/2025\/12\/cropped-vozovapen-logo.webp","contentUrl":"https:\/\/vozolvapen.de\/wp-content\/uploads\/2025\/12\/cropped-vozovapen-logo.webp","width":470,"height":110,"caption":"vozolvapen"},"image":{"@id":"https:\/\/vozolvapen.de\/#\/schema\/logo\/image\/"}}]}},"tiered_pricing_type":"fixed","tiered_pricing_fixed_rules":{"30":"14.14","50":"12.14","100":"11.14","200":"9.64"},"tiered_pricing_product_settings":{"layout":"default","base_unit_name":{"singular":null,"plural":null},"default_variation":null},"tiered_pricing_minimum_quantity":10,"tiered_pricing_roles_data":[],"tiered_pricing_percentage_rules":[],"tiered_pricing_maximum_quantity":null,"tiered_pricing_quantity_step":"10","_links":{"self":[{"href":"http:\/\/vozolvapen.de\/pl\/wp-json\/wp\/v2\/product\/31574","targetHints":{"allow":["GET"]}}],"collection":[{"href":"http:\/\/vozolvapen.de\/pl\/wp-json\/wp\/v2\/product"}],"about":[{"href":"http:\/\/vozolvapen.de\/pl\/wp-json\/wp\/v2\/types\/product"}],"replies":[{"embeddable":true,"href":"http:\/\/vozolvapen.de\/pl\/wp-json\/wp\/v2\/comments?post=31574"}],"wp:featuredmedia":[{"embeddable":true,"href":"http:\/\/vozolvapen.de\/pl\/wp-json\/wp\/v2\/media\/32106"}],"wp:attachment":[{"href":"http:\/\/vozolvapen.de\/pl\/wp-json\/wp\/v2\/media?parent=31574"}],"wp:term":[{"taxonomy":"product_brand","embeddable":true,"href":"http:\/\/vozolvapen.de\/pl\/wp-json\/wp\/v2\/product_brand?post=31574"},{"taxonomy":"product_cat","embeddable":true,"href":"http:\/\/vozolvapen.de\/pl\/wp-json\/wp\/v2\/product_cat?post=31574"},{"taxonomy":"product_tag","embeddable":true,"href":"http:\/\/vozolvapen.de\/pl\/wp-json\/wp\/v2\/product_tag?post=31574"}],"curies":[{"name":"wp","href":"https:\/\/api.w.org\/{rel}","templated":true}]}}