{"id":31627,"date":"2025-12-16T08:26:25","date_gmt":"2025-12-16T08:26:25","guid":{"rendered":"https:\/\/vozolvapen.de\/?post_type=product&#038;p=31627"},"modified":"2026-02-10T11:14:34","modified_gmt":"2026-02-10T11:14:34","slug":"puff-120k-bang-legend-120000-dragon-fruit-icy-fruit-punch","status":"publish","type":"product","link":"http:\/\/vozolvapen.de\/pl\/product\/puff-120k-bang-legend-120000-dragon-fruit-icy-fruit-punch\/","title":{"rendered":"Puff 120k Bang Legend 120000 - Dragon Fruit &amp; Icy Fruit Punch"},"content":{"rendered":"<h1 data-path-to-node=\"36\">Smak 4: <b>Puff 120k Bang Legend 120k<\/b> | Legendarna mieszanka 5 w 1 (jagoda-malina, czarny smok lodowy, t\u0119czowy cukierek, l\u00f3d Fuji, arbuz-kwa\u015bna brzoskwinia)<\/h1>\n<p data-path-to-node=\"37\">Zaapeluj do \u017c\u0105dnych przyg\u00f3d klient\u00f3w dzi\u0119ki <b>Bang Legend 120k Flavor 4<\/b>, to starannie wyselekcjonowany wyb\u00f3r \u017cywych, egzotycznych i inspirowanych cukiernictwem smak\u00f3w. Od s\u0142odkiej nostalgii Rainbow Candy po mro\u017an\u0105 mistyk\u0119 Black Dragon Ice, ten system 5 w 1 zapewnia ekstremaln\u0105 intensywno\u015b\u0107 smaku. Zintegrowany ekran LED urz\u0105dzenia i masywny <b>120,000 Puff<\/b> Pojemno\u015b\u0107 zapewnia zar\u00f3wno najwy\u017csz\u0105 wygod\u0119, jak i wiod\u0105c\u0105 na rynku trwa\u0142o\u015b\u0107, zapewniaj\u0105c doskona\u0142e wra\u017cenia u\u017cytkownika od pierwszego do ostatniego zaci\u0105gni\u0119cia.<\/p>\n<h2 data-path-to-node=\"38\">Podzia\u0142 profilu smakowego 5 w 1<\/h2>\n<table data-path-to-node=\"39\">\n<thead>\n<tr>\n<td><strong>Zbiornik<\/strong><\/td>\n<td><strong>Smak<\/strong><\/td>\n<td><strong>Opis<\/strong><\/td>\n<td><strong>Do\u015bwiadczenie<\/strong><\/td>\n<\/tr>\n<\/thead>\n<tbody>\n<tr>\n<td><span data-path-to-node=\"39,1,0,0\"><b>1<\/b><\/span><\/td>\n<td><span data-path-to-node=\"39,1,1,0\">Bor\u00f3wka Malina<\/span><\/td>\n<td><span data-path-to-node=\"39,1,2,0\">Zr\u00f3wnowa\u017cona mieszanka s\u0142odkich jag\u00f3d i lekko cierpkich malin.<\/span><\/td>\n<td><span data-path-to-node=\"39,1,3,0\">Znana i orze\u017awiaj\u0105ca jagodowa podstawa.<\/span><\/td>\n<\/tr>\n<tr>\n<td><span data-path-to-node=\"39,2,0,0\"><b>2<\/b><\/span><\/td>\n<td><span data-path-to-node=\"39,2,1,0\">Black Dragon Ice<\/span><\/td>\n<td><span data-path-to-node=\"39,2,2,0\">Egzotyczna mieszanka ciemnych owoc\u00f3w (takich jak czarna porzeczka i smoczy owoc) z ch\u0142odz\u0105cym mentolowym wyko\u0144czeniem.<\/span><\/td>\n<td><span data-path-to-node=\"39,2,3,0\">Tajemniczy, s\u0142odki i bardzo fajny.<\/span><\/td>\n<\/tr>\n<tr>\n<td><span data-path-to-node=\"39,3,0,0\"><b>3<\/b><\/span><\/td>\n<td><span data-path-to-node=\"39,3,1,0\">T\u0119czowe cukierki<\/span><\/td>\n<td><span data-path-to-node=\"39,3,2,0\">S\u0142odka i pikantna mieszanka symuluj\u0105ca smak twardych, owocowych cukierk\u00f3w.<\/span><\/td>\n<td><span data-path-to-node=\"39,3,3,0\">\u017bywy, s\u0142odki i zabawny aromat.<\/span><\/td>\n<\/tr>\n<tr>\n<td><span data-path-to-node=\"39,4,0,0\"><b>4<\/b><\/span><\/td>\n<td><span data-path-to-node=\"39,4,1,0\">Fuji Ice<\/span><\/td>\n<td><span data-path-to-node=\"39,4,2,0\">Chrupi\u0105cy, subtelnie s\u0142odki smak jab\u0142ek Fuji po\u0142\u0105czony z ch\u0142odn\u0105 bryz\u0105.<\/span><\/td>\n<td><span data-path-to-node=\"39,4,3,0\">Czysty, rze\u015bki i niesamowicie orze\u017awiaj\u0105cy.<\/span><\/td>\n<\/tr>\n<tr>\n<td><span data-path-to-node=\"39,5,0,0\"><b>5<\/b><\/span><\/td>\n<td><span data-path-to-node=\"39,5,1,0\">Arbuz Kwa\u015bna Brzoskwinia<\/span><\/td>\n<td><span data-path-to-node=\"39,5,2,0\">Soczysty arbuz w po\u0142\u0105czeniu z jasnym, pikantnym smakiem brzoskwini dla kwa\u015bnego kopa.<\/span><\/td>\n<td><span data-path-to-node=\"39,5,3,0\">S\u0142odkie owoce z satysfakcjonuj\u0105cym posmakiem.<\/span><\/td>\n<\/tr>\n<\/tbody>\n<\/table>\n<h2 data-path-to-node=\"40\"><b>Bang Legend 120k<\/b> Podstawowe specyfikacje<\/h2>\n<table data-path-to-node=\"41\">\n<thead>\n<tr>\n<td><strong>Parametr<\/strong><\/td>\n<td><strong>Szczeg\u00f3\u0142y<\/strong><\/td>\n<\/tr>\n<\/thead>\n<tbody>\n<tr>\n<td><span data-path-to-node=\"41,1,0,0\"><b>Model<\/b><\/span><\/td>\n<td><span data-path-to-node=\"41,1,1,0\">Puff 120k Bang Legend 120k<\/span><\/td>\n<\/tr>\n<tr>\n<td><span data-path-to-node=\"41,2,0,0\"><b>Max Puffs<\/b><\/span><\/td>\n<td><span data-path-to-node=\"41,2,1,0\">Do 120000 zaci\u0105gni\u0119\u0107<\/span><\/td>\n<\/tr>\n<tr>\n<td><span data-path-to-node=\"41,3,0,0\"><b>System aromat\u00f3w<\/b><\/span><\/td>\n<td><span data-path-to-node=\"41,3,1,0\">Prze\u0142\u0105czane zbiorniki 5 w 1<\/span><\/td>\n<\/tr>\n<tr>\n<td><span data-path-to-node=\"41,4,0,0\"><b>Bateria<\/b><\/span><\/td>\n<td><span data-path-to-node=\"41,4,1,0\">Akumulator 850 mAh<\/span><\/td>\n<\/tr>\n<tr>\n<td><span data-path-to-node=\"41,5,0,0\"><b>Mocne strony nikotyny<\/b><\/span><\/td>\n<td><span data-path-to-node=\"41,5,1,0\">0%, 2%, 3%, 5% S\u00f3l nikotynowa<\/span><\/td>\n<\/tr>\n<tr>\n<td><span data-path-to-node=\"41,6,0,0\"><b>Cewka<\/b><\/span><\/td>\n<td><span data-path-to-node=\"41,6,1,0\">Cewka 5*Mesh zapewniaj\u0105ca optymalny smak<\/span><\/td>\n<\/tr>\n<tr>\n<td><span data-path-to-node=\"41,7,0,0\"><b>\u0141adowanie<\/b><\/span><\/td>\n<td><span data-path-to-node=\"41,7,1,0\">Port typu C<\/span><\/td>\n<\/tr>\n<tr>\n<td><span data-path-to-node=\"41,8,0,0\"><b>Wy\u015bwietlacz<\/b><\/span><\/td>\n<td><span data-path-to-node=\"41,8,1,0\">Ekran LED (liczba zaci\u0105gni\u0119\u0107, bateria, tryb smaku)<\/span><\/td>\n<\/tr>\n<\/tbody>\n<\/table>\n<h3 data-path-to-node=\"12\">Sprzeda\u017c hurtowa <b>Bang Vape<\/b> <b>Puff 120k<\/b> Z szybk\u0105 wysy\u0142k\u0105 do Europy<\/h3>\n<p>Wsp\u00f3\u0142pracuj z nami, aby oferowa\u0107 prze\u0142omowe <b>Puff 120k Bang Legend 120k<\/b> w smaku 4. Nasze zapasy znajduj\u0105 si\u0119 w europejskim magazynie, gwarantuj\u0105c dostaw\u0119 w ci\u0105gu 1-3 dni. Zam\u00f3w hurtowo 10 sztuk w opakowaniu ju\u017c dzi\u015b i zmaksymalizuj swoje przychody dzi\u0119ki temu legendarnemu urz\u0105dzeniu.<\/p>\n<h2><strong>Puff 120k Bang Legend 120000 Vape <\/strong><strong>Wideo\uff1a<\/strong><\/h2>\n<p><iframe src=\"https:\/\/player.vimeo.com\/video\/1150263248?badge=0&amp;autopause=0&amp;player_id=0&amp;app_id=58479\" width=\"400\" height=\"711\" frameborder=\"0\" allow=\"autoplay; fullscreen; picture-in-picture; clipboard-write; encrypted-media; web-share\" referrerpolicy=\"strict-origin-when-cross-origin\" title=\"Bang Legend 120k Puffs: Rewolucyjny system smak\u00f3w 5 w 1 | Hurtownia Bang Vape\"><\/iframe><\/p>\n<h3 dir=\"auto\">Oto dalsze zalecenia dla Ciebie:<\/h3>\n<p dir=\"auto\">Odkryj jeszcze wi\u0119cej niesamowitych smak\u00f3w dzi\u0119ki Puff 120k Bang Legend 120000 Vape!<\/p>\n<p dir=\"auto\"><a href=\"https:\/\/vozolvapen.de\/pl\/product-category\/bang-vape\/puff-120k-bang-legend-120000-vape\/\" target=\"_blank\" rel=\"noopener noreferrer nofollow\">Zobacz wszystkie odmiany tutaj \u2192<\/a><\/p>\n<p dir=\"auto\">Zapoznaj si\u0119 z nasz\u0105 pe\u0142n\u0105 kolekcj\u0105 i kupuj produkty najlepszych marek vape, kt\u00f3re pokochasz.<\/p>\n<p dir=\"auto\"><a href=\"https:\/\/vozolvapen.de\/pl\/\" target=\"_blank\" rel=\"noopener noreferrer nofollow\">Przegl\u0105daj teraz wszystkie marki \u2192<\/a><\/p>\n<p dir=\"auto\">Sprawd\u017a ca\u0142\u0105 seri\u0119 Bang Vape - ka\u017cdy smak, ka\u017cdy styl!<\/p>\n<p dir=\"auto\"><a href=\"https:\/\/vozolvapen.de\/pl\/product-category\/bang-vape\/\" target=\"_blank\" rel=\"noopener noreferrer nofollow\">Zobacz pe\u0142n\u0105 kolekcj\u0119 Bang Vape \u2192<\/a><\/p>","protected":false},"excerpt":{"rendered":"<p><b>Cukierkowa przygoda i tajemniczy ch\u0142\u00f3d:<\/b> Zabawna kolekcja zawieraj\u0105ca s\u0142odki dreszczyk Rainbow Candy i mro\u017c\u0105c\u0105 tajemnic\u0119 Black Dragon Ice, zaspokajaj\u0105ca \u017c\u0105dne przyg\u00f3d podniebienia.<\/p>","protected":false},"featured_media":32107,"comment_status":"open","ping_status":"closed","template":"","meta":{"_acf_changed":false},"product_brand":[],"product_cat":[134,81],"product_tag":[],"class_list":{"0":"post-31627","1":"product","2":"type-product","3":"status-publish","4":"has-post-thumbnail","6":"product_cat-eu-warehouse-in-stock","7":"product_cat-puff-120k-bang-legend-120000-vape","9":"first","10":"instock","11":"shipping-taxable","12":"purchasable","13":"product-type-variable"},"acf":[],"yoast_head":"<!-- This site is optimized with the Yoast SEO Premium plugin v26.1 (Yoast SEO v27.5) - https:\/\/yoast.com\/product\/yoast-seo-premium-wordpress\/ -->\n<title>Bang Legend 120k Flavor 4: Black Dragon Ice, Rainbow Candy, 5-in-1 Vape | Bang Legend 120k Wholesale - vozolvapen<\/title>\n<meta name=\"description\" content=\"Stock the Bang Legend 120k Flavor 4 wholesale! Features a 120k Puff blend: Blueberry Raspberry, Black Dragon Ice, Rainbow Candy, Fuji Ice, and Watermelon Sour Peach. Available 0-5% Nicotine. Fast 1-3 day EU delivery.\" \/>\n<meta name=\"robots\" content=\"index, follow, max-snippet:-1, max-image-preview:large, max-video-preview:-1\" \/>\n<link rel=\"canonical\" href=\"https:\/\/vozolvapen.de\/pl\/product\/puff-120k-bang-legend-120000-dragon-fruit-icy-fruit-punch\/\" \/>\n<meta property=\"og:locale\" content=\"pl_PL\" \/>\n<meta property=\"og:type\" content=\"article\" \/>\n<meta property=\"og:title\" content=\"Puff 120k Bang Legend 120000 - Dragon Fruit &amp; Icy Fruit Punch\" \/>\n<meta property=\"og:description\" content=\"Stock the Bang Legend 120k Flavor 4 wholesale! Features a 120k Puff blend: Blueberry Raspberry, Black Dragon Ice, Rainbow Candy, Fuji Ice, and Watermelon Sour Peach. Available 0-5% Nicotine. Fast 1-3 day EU delivery.\" \/>\n<meta property=\"og:url\" content=\"https:\/\/vozolvapen.de\/pl\/product\/puff-120k-bang-legend-120000-dragon-fruit-icy-fruit-punch\/\" \/>\n<meta property=\"og:site_name\" content=\"vozolvapen\" \/>\n<meta property=\"article:modified_time\" content=\"2026-02-10T11:14:34+00:00\" \/>\n<meta property=\"og:image\" content=\"https:\/\/vozolvapen.de\/wp-content\/uploads\/2025\/12\/Puff-120k-Bang-Legend-120k-blueberry-raspberry-black-dragon-ice-rainbow-candy-fuji-ice-watermelon-sour-peach.jpg.webp\" \/>\n\t<meta property=\"og:image:width\" content=\"1200\" \/>\n\t<meta property=\"og:image:height\" content=\"1200\" \/>\n\t<meta property=\"og:image:type\" content=\"image\/webp\" \/>\n<meta name=\"twitter:card\" content=\"summary_large_image\" \/>\n<meta name=\"twitter:label1\" content=\"Szacowany czas czytania\" \/>\n\t<meta name=\"twitter:data1\" content=\"2 minuty\" \/>\n<script type=\"application\/ld+json\" class=\"yoast-schema-graph\">{\"@context\":\"https:\\\/\\\/schema.org\",\"@graph\":[{\"@type\":\"WebPage\",\"@id\":\"https:\\\/\\\/vozolvapen.de\\\/product\\\/puff-120k-bang-legend-120000-dragon-fruit-icy-fruit-punch\\\/\",\"url\":\"https:\\\/\\\/vozolvapen.de\\\/product\\\/puff-120k-bang-legend-120000-dragon-fruit-icy-fruit-punch\\\/\",\"name\":\"Bang Legend 120k Flavor 4: Black Dragon Ice, Rainbow Candy, 5-in-1 Vape | Bang Legend 120k Wholesale - vozolvapen\",\"isPartOf\":{\"@id\":\"https:\\\/\\\/vozolvapen.de\\\/#website\"},\"primaryImageOfPage\":{\"@id\":\"https:\\\/\\\/vozolvapen.de\\\/product\\\/puff-120k-bang-legend-120000-dragon-fruit-icy-fruit-punch\\\/#primaryimage\"},\"image\":{\"@id\":\"https:\\\/\\\/vozolvapen.de\\\/product\\\/puff-120k-bang-legend-120000-dragon-fruit-icy-fruit-punch\\\/#primaryimage\"},\"thumbnailUrl\":\"https:\\\/\\\/vozolvapen.de\\\/wp-content\\\/uploads\\\/2025\\\/12\\\/Puff-120k-Bang-Legend-120k-blueberry-raspberry-black-dragon-ice-rainbow-candy-fuji-ice-watermelon-sour-peach.jpg.webp\",\"datePublished\":\"2025-12-16T08:26:25+00:00\",\"dateModified\":\"2026-02-10T11:14:34+00:00\",\"description\":\"Stock the Bang Legend 120k Flavor 4 wholesale! Features a 120k Puff blend: Blueberry Raspberry, Black Dragon Ice, Rainbow Candy, Fuji Ice, and Watermelon Sour Peach. Available 0-5% Nicotine. Fast 1-3 day EU delivery.\",\"breadcrumb\":{\"@id\":\"https:\\\/\\\/vozolvapen.de\\\/product\\\/puff-120k-bang-legend-120000-dragon-fruit-icy-fruit-punch\\\/#breadcrumb\"},\"inLanguage\":\"pl-PL\",\"potentialAction\":[{\"@type\":\"ReadAction\",\"target\":[\"https:\\\/\\\/vozolvapen.de\\\/product\\\/puff-120k-bang-legend-120000-dragon-fruit-icy-fruit-punch\\\/\"]}]},{\"@type\":\"ImageObject\",\"inLanguage\":\"pl-PL\",\"@id\":\"https:\\\/\\\/vozolvapen.de\\\/product\\\/puff-120k-bang-legend-120000-dragon-fruit-icy-fruit-punch\\\/#primaryimage\",\"url\":\"https:\\\/\\\/vozolvapen.de\\\/wp-content\\\/uploads\\\/2025\\\/12\\\/Puff-120k-Bang-Legend-120k-blueberry-raspberry-black-dragon-ice-rainbow-candy-fuji-ice-watermelon-sour-peach.jpg.webp\",\"contentUrl\":\"https:\\\/\\\/vozolvapen.de\\\/wp-content\\\/uploads\\\/2025\\\/12\\\/Puff-120k-Bang-Legend-120k-blueberry-raspberry-black-dragon-ice-rainbow-candy-fuji-ice-watermelon-sour-peach.jpg.webp\",\"width\":1200,\"height\":1200,\"caption\":\"Puff 120k Bang Legend 120k - blueberry-raspberry-black-dragon-ice-rainbow-candy-fuji-ice-watermelon-sour-peach.jpg\"},{\"@type\":\"BreadcrumbList\",\"@id\":\"https:\\\/\\\/vozolvapen.de\\\/product\\\/puff-120k-bang-legend-120000-dragon-fruit-icy-fruit-punch\\\/#breadcrumb\",\"itemListElement\":[{\"@type\":\"ListItem\",\"position\":1,\"name\":\"Home\",\"item\":\"https:\\\/\\\/vozolvapen.de\\\/de\\\/\"},{\"@type\":\"ListItem\",\"position\":2,\"name\":\"Shop\",\"item\":\"https:\\\/\\\/vozolvapen.de\\\/shop\\\/\"},{\"@type\":\"ListItem\",\"position\":3,\"name\":\"Puff 120k Bang Legend 120000 &#8211; Dragon Fruit &#038; Icy Fruit Punch\"}]},{\"@type\":\"WebSite\",\"@id\":\"https:\\\/\\\/vozolvapen.de\\\/#website\",\"url\":\"https:\\\/\\\/vozolvapen.de\\\/\",\"name\":\"vozolvapen\",\"description\":\"vozolvapen\",\"publisher\":{\"@id\":\"https:\\\/\\\/vozolvapen.de\\\/#organization\"},\"potentialAction\":[{\"@type\":\"SearchAction\",\"target\":{\"@type\":\"EntryPoint\",\"urlTemplate\":\"https:\\\/\\\/vozolvapen.de\\\/?s={search_term_string}\"},\"query-input\":{\"@type\":\"PropertyValueSpecification\",\"valueRequired\":true,\"valueName\":\"search_term_string\"}}],\"inLanguage\":\"pl-PL\"},{\"@type\":\"Organization\",\"@id\":\"https:\\\/\\\/vozolvapen.de\\\/#organization\",\"name\":\"vozolvapen\",\"url\":\"https:\\\/\\\/vozolvapen.de\\\/\",\"logo\":{\"@type\":\"ImageObject\",\"inLanguage\":\"pl-PL\",\"@id\":\"https:\\\/\\\/vozolvapen.de\\\/#\\\/schema\\\/logo\\\/image\\\/\",\"url\":\"https:\\\/\\\/vozolvapen.de\\\/wp-content\\\/uploads\\\/2025\\\/12\\\/cropped-vozovapen-logo.webp\",\"contentUrl\":\"https:\\\/\\\/vozolvapen.de\\\/wp-content\\\/uploads\\\/2025\\\/12\\\/cropped-vozovapen-logo.webp\",\"width\":470,\"height\":110,\"caption\":\"vozolvapen\"},\"image\":{\"@id\":\"https:\\\/\\\/vozolvapen.de\\\/#\\\/schema\\\/logo\\\/image\\\/\"}}]}<\/script>\n<!-- \/ Yoast SEO Premium plugin. -->","yoast_head_json":{"title":"Bang Legend 120k Flavor 4: Black Dragon Ice, Rainbow Candy, 5-in-1 Vape | Bang Legend 120k Wholesale - vozolvapen","description":"Zaopatrz si\u0119 w Bang Legend 120k Flavor 4 hurtowo! Zawiera mieszank\u0119 120k Puff: Blueberry Raspberry, Black Dragon Ice, Rainbow Candy, Fuji Ice i Watermelon Sour Peach. Dost\u0119pna nikotyna 0-5%. Szybka dostawa na terenie UE w ci\u0105gu 1-3 dni.","robots":{"index":"index","follow":"follow","max-snippet":"max-snippet:-1","max-image-preview":"max-image-preview:large","max-video-preview":"max-video-preview:-1"},"canonical":"https:\/\/vozolvapen.de\/pl\/product\/puff-120k-bang-legend-120000-dragon-fruit-icy-fruit-punch\/","og_locale":"pl_PL","og_type":"article","og_title":"Puff 120k Bang Legend 120000 - Dragon Fruit & Icy Fruit Punch","og_description":"Stock the Bang Legend 120k Flavor 4 wholesale! Features a 120k Puff blend: Blueberry Raspberry, Black Dragon Ice, Rainbow Candy, Fuji Ice, and Watermelon Sour Peach. Available 0-5% Nicotine. Fast 1-3 day EU delivery.","og_url":"https:\/\/vozolvapen.de\/pl\/product\/puff-120k-bang-legend-120000-dragon-fruit-icy-fruit-punch\/","og_site_name":"vozolvapen","article_modified_time":"2026-02-10T11:14:34+00:00","og_image":[{"width":1200,"height":1200,"url":"https:\/\/vozolvapen.de\/wp-content\/uploads\/2025\/12\/Puff-120k-Bang-Legend-120k-blueberry-raspberry-black-dragon-ice-rainbow-candy-fuji-ice-watermelon-sour-peach.jpg.webp","type":"image\/webp"}],"twitter_card":"summary_large_image","twitter_misc":{"Szacowany czas czytania":"2 minuty"},"schema":{"@context":"https:\/\/schema.org","@graph":[{"@type":"WebPage","@id":"https:\/\/vozolvapen.de\/product\/puff-120k-bang-legend-120000-dragon-fruit-icy-fruit-punch\/","url":"https:\/\/vozolvapen.de\/product\/puff-120k-bang-legend-120000-dragon-fruit-icy-fruit-punch\/","name":"Bang Legend 120k Flavor 4: Black Dragon Ice, Rainbow Candy, 5-in-1 Vape | Bang Legend 120k Wholesale - vozolvapen","isPartOf":{"@id":"https:\/\/vozolvapen.de\/#website"},"primaryImageOfPage":{"@id":"https:\/\/vozolvapen.de\/product\/puff-120k-bang-legend-120000-dragon-fruit-icy-fruit-punch\/#primaryimage"},"image":{"@id":"https:\/\/vozolvapen.de\/product\/puff-120k-bang-legend-120000-dragon-fruit-icy-fruit-punch\/#primaryimage"},"thumbnailUrl":"https:\/\/vozolvapen.de\/wp-content\/uploads\/2025\/12\/Puff-120k-Bang-Legend-120k-blueberry-raspberry-black-dragon-ice-rainbow-candy-fuji-ice-watermelon-sour-peach.jpg.webp","datePublished":"2025-12-16T08:26:25+00:00","dateModified":"2026-02-10T11:14:34+00:00","description":"Zaopatrz si\u0119 w Bang Legend 120k Flavor 4 hurtowo! Zawiera mieszank\u0119 120k Puff: Blueberry Raspberry, Black Dragon Ice, Rainbow Candy, Fuji Ice i Watermelon Sour Peach. Dost\u0119pna nikotyna 0-5%. Szybka dostawa na terenie UE w ci\u0105gu 1-3 dni.","breadcrumb":{"@id":"https:\/\/vozolvapen.de\/product\/puff-120k-bang-legend-120000-dragon-fruit-icy-fruit-punch\/#breadcrumb"},"inLanguage":"pl-PL","potentialAction":[{"@type":"ReadAction","target":["https:\/\/vozolvapen.de\/product\/puff-120k-bang-legend-120000-dragon-fruit-icy-fruit-punch\/"]}]},{"@type":"ImageObject","inLanguage":"pl-PL","@id":"https:\/\/vozolvapen.de\/product\/puff-120k-bang-legend-120000-dragon-fruit-icy-fruit-punch\/#primaryimage","url":"https:\/\/vozolvapen.de\/wp-content\/uploads\/2025\/12\/Puff-120k-Bang-Legend-120k-blueberry-raspberry-black-dragon-ice-rainbow-candy-fuji-ice-watermelon-sour-peach.jpg.webp","contentUrl":"https:\/\/vozolvapen.de\/wp-content\/uploads\/2025\/12\/Puff-120k-Bang-Legend-120k-blueberry-raspberry-black-dragon-ice-rainbow-candy-fuji-ice-watermelon-sour-peach.jpg.webp","width":1200,"height":1200,"caption":"Puff 120k Bang Legend 120k - blueberry-raspberry-black-dragon-ice-rainbow-candy-fuji-ice-watermelon-sour-peach.jpg"},{"@type":"BreadcrumbList","@id":"https:\/\/vozolvapen.de\/product\/puff-120k-bang-legend-120000-dragon-fruit-icy-fruit-punch\/#breadcrumb","itemListElement":[{"@type":"ListItem","position":1,"name":"Home","item":"https:\/\/vozolvapen.de\/de\/"},{"@type":"ListItem","position":2,"name":"Shop","item":"https:\/\/vozolvapen.de\/shop\/"},{"@type":"ListItem","position":3,"name":"Puff 120k Bang Legend 120000 &#8211; Dragon Fruit &#038; Icy Fruit Punch"}]},{"@type":"WebSite","@id":"https:\/\/vozolvapen.de\/#website","url":"https:\/\/vozolvapen.de\/","name":"vozolvapen","description":"vozolvapen","publisher":{"@id":"https:\/\/vozolvapen.de\/#organization"},"potentialAction":[{"@type":"SearchAction","target":{"@type":"EntryPoint","urlTemplate":"https:\/\/vozolvapen.de\/?s={search_term_string}"},"query-input":{"@type":"PropertyValueSpecification","valueRequired":true,"valueName":"search_term_string"}}],"inLanguage":"pl-PL"},{"@type":"Organization","@id":"https:\/\/vozolvapen.de\/#organization","name":"vozolvapen","url":"https:\/\/vozolvapen.de\/","logo":{"@type":"ImageObject","inLanguage":"pl-PL","@id":"https:\/\/vozolvapen.de\/#\/schema\/logo\/image\/","url":"https:\/\/vozolvapen.de\/wp-content\/uploads\/2025\/12\/cropped-vozovapen-logo.webp","contentUrl":"https:\/\/vozolvapen.de\/wp-content\/uploads\/2025\/12\/cropped-vozovapen-logo.webp","width":470,"height":110,"caption":"vozolvapen"},"image":{"@id":"https:\/\/vozolvapen.de\/#\/schema\/logo\/image\/"}}]}},"tiered_pricing_type":"fixed","tiered_pricing_fixed_rules":{"30":"14.14","50":"12.14","100":"11.14","200":"9.64"},"tiered_pricing_product_settings":{"layout":"default","base_unit_name":{"singular":null,"plural":null},"default_variation":null},"tiered_pricing_minimum_quantity":10,"tiered_pricing_roles_data":[],"tiered_pricing_percentage_rules":[],"tiered_pricing_maximum_quantity":null,"tiered_pricing_quantity_step":"10","_links":{"self":[{"href":"http:\/\/vozolvapen.de\/pl\/wp-json\/wp\/v2\/product\/31627","targetHints":{"allow":["GET"]}}],"collection":[{"href":"http:\/\/vozolvapen.de\/pl\/wp-json\/wp\/v2\/product"}],"about":[{"href":"http:\/\/vozolvapen.de\/pl\/wp-json\/wp\/v2\/types\/product"}],"replies":[{"embeddable":true,"href":"http:\/\/vozolvapen.de\/pl\/wp-json\/wp\/v2\/comments?post=31627"}],"wp:featuredmedia":[{"embeddable":true,"href":"http:\/\/vozolvapen.de\/pl\/wp-json\/wp\/v2\/media\/32107"}],"wp:attachment":[{"href":"http:\/\/vozolvapen.de\/pl\/wp-json\/wp\/v2\/media?parent=31627"}],"wp:term":[{"taxonomy":"product_brand","embeddable":true,"href":"http:\/\/vozolvapen.de\/pl\/wp-json\/wp\/v2\/product_brand?post=31627"},{"taxonomy":"product_cat","embeddable":true,"href":"http:\/\/vozolvapen.de\/pl\/wp-json\/wp\/v2\/product_cat?post=31627"},{"taxonomy":"product_tag","embeddable":true,"href":"http:\/\/vozolvapen.de\/pl\/wp-json\/wp\/v2\/product_tag?post=31627"}],"curies":[{"name":"wp","href":"https:\/\/api.w.org\/{rel}","templated":true}]}}