{"id":31786,"date":"2025-12-16T08:26:33","date_gmt":"2025-12-16T08:26:33","guid":{"rendered":"https:\/\/vozolvapen.de\/?post_type=product&#038;p=31786"},"modified":"2026-02-10T11:14:27","modified_gmt":"2026-02-10T11:14:27","slug":"puff-120k-bang-legend-120000-refreshing-summer-time","status":"publish","type":"product","link":"http:\/\/vozolvapen.de\/pl\/product\/puff-120k-bang-legend-120000-refreshing-summer-time\/","title":{"rendered":"Puff 120k Bang Legend 120000 - Orze\u017awiaj\u0105cy letni czas"},"content":{"rendered":"<h1 data-path-to-node=\"66\">Smak 7: <b>Puff 120k Bang Legend 120k<\/b> | Legendarna mieszanka 5 w 1 (arbuzowy l\u00f3d, mieszane jagody, jab\u0142ko-gruszka, jagodowa mi\u0119ta, letni czas)<\/h1>\n<p data-path-to-node=\"67\">Dla klient\u00f3w poszukuj\u0105cych orze\u017awienia przez ca\u0142y rok <b>Bang Legend 120k Flavor 7<\/b> zapewnia zestaw rze\u015bkich i ch\u0142odnych profili, w\u015br\u00f3d kt\u00f3rych wyr\u00f3\u017cniaj\u0105 si\u0119 Watermelon Ice i czysta, orze\u017awiaj\u0105ca Blueberry Mint. W przeciwie\u0144stwie do standardowych produkt\u00f3w jednorazowych <b>Puff 120k<\/b> utrzymuje sta\u0142\u0105 moc dostarczan\u0105 przez ca\u0142y czas <b>120,000 Puff<\/b> dzi\u0119ki akumulatorowi o du\u017cej pojemno\u015bci i inteligentnemu ekranowi LED, kt\u00f3ry monitoruje zar\u00f3wno \u017cywotno\u015b\u0107 baterii, jak i tryb smaku. To niezawodna wydajno\u015b\u0107 w po\u0142\u0105czeniu z wyj\u0105tkow\u0105 sezonow\u0105 r\u00f3\u017cnorodno\u015bci\u0105 smak\u00f3w.<\/p>\n<h2 data-path-to-node=\"68\">Podzia\u0142 profilu smakowego 5 w 1<\/h2>\n<table data-path-to-node=\"69\">\n<thead>\n<tr>\n<td><strong>Zbiornik<\/strong><\/td>\n<td><strong>Smak<\/strong><\/td>\n<td><strong>Opis<\/strong><\/td>\n<td><strong>Do\u015bwiadczenie<\/strong><\/td>\n<\/tr>\n<\/thead>\n<tbody>\n<tr>\n<td><span data-path-to-node=\"69,1,0,0\"><b>1<\/b><\/span><\/td>\n<td><span data-path-to-node=\"69,1,1,0\">Arbuzowy l\u00f3d<\/span><\/td>\n<td><span data-path-to-node=\"69,1,2,0\">Chrupi\u0105cy, s\u0142odki arbuz z mocnym, lodowatym mentolowym finiszem.<\/span><\/td>\n<td><span data-path-to-node=\"69,1,3,0\">Najlepsze orze\u017awienie na upalne dni.<\/span><\/td>\n<\/tr>\n<tr>\n<td><span data-path-to-node=\"69,2,0,0\"><b>2<\/b><\/span><\/td>\n<td><span data-path-to-node=\"69,2,1,0\">Jagody mieszane<\/span><\/td>\n<td><span data-path-to-node=\"69,2,2,0\">Mieszanka ciemnych, soczystych, s\u0142odkich i cierpkich sezonowych jag\u00f3d.<\/span><\/td>\n<td><span data-path-to-node=\"69,2,3,0\">Bogaty i pe\u0142ny profil owocowy.<\/span><\/td>\n<\/tr>\n<tr>\n<td><span data-path-to-node=\"69,3,0,0\"><b>3<\/b><\/span><\/td>\n<td><span data-path-to-node=\"69,3,1,0\">Jab\u0142ko Gruszka<\/span><\/td>\n<td><span data-path-to-node=\"69,3,2,0\">Subtelna s\u0142odycz dojrza\u0142ej gruszki zr\u00f3wnowa\u017cona rze\u015bk\u0105 kwasowo\u015bci\u0105 \u015bwie\u017cego jab\u0142ka.<\/span><\/td>\n<td><span data-path-to-node=\"69,3,3,0\">G\u0142adka, czysta i klasyczna mieszanka owoc\u00f3w.<\/span><\/td>\n<\/tr>\n<tr>\n<td><span data-path-to-node=\"69,4,0,0\"><b>4<\/b><\/span><\/td>\n<td><span data-path-to-node=\"69,4,1,0\">Mi\u0119ta jagodowa<\/span><\/td>\n<td><span data-path-to-node=\"69,4,2,0\">S\u0142odkie, g\u0142\u0119bokie nuty jag\u00f3d uzupe\u0142nione ch\u0142odn\u0105, czyst\u0105 nut\u0105 mi\u0119ty.<\/span><\/td>\n<td><span data-path-to-node=\"69,4,3,0\">Owocowa s\u0142odycz z o\u017cywcz\u0105 nut\u0105.<\/span><\/td>\n<\/tr>\n<tr>\n<td><span data-path-to-node=\"69,5,0,0\"><b>5<\/b><\/span><\/td>\n<td><span data-path-to-node=\"69,5,1,0\">Czas letni<\/span><\/td>\n<td><span data-path-to-node=\"69,5,2,0\">Jasna, nieujawniona tropikalna mieszanka ponczu, zaprojektowana z my\u015bl\u0105 o nieko\u0144cz\u0105cych si\u0119 letnich wibracjach.<\/span><\/td>\n<td><span data-path-to-node=\"69,5,3,0\">S\u0142odki, z\u0142o\u017cony i bardzo aromatyczny.<\/span><\/td>\n<\/tr>\n<\/tbody>\n<\/table>\n<h2 data-path-to-node=\"70\"><b>Bang Legend 120k<\/b> Podstawowe specyfikacje<\/h2>\n<table data-path-to-node=\"71\">\n<thead>\n<tr>\n<td><strong>Parametr<\/strong><\/td>\n<td><strong>Szczeg\u00f3\u0142y<\/strong><\/td>\n<\/tr>\n<\/thead>\n<tbody>\n<tr>\n<td><span data-path-to-node=\"71,1,0,0\"><b>Model<\/b><\/span><\/td>\n<td><span data-path-to-node=\"71,1,1,0\">Puff 120k Bang Legend 120k<\/span><\/td>\n<\/tr>\n<tr>\n<td><span data-path-to-node=\"71,2,0,0\"><b>Max Puffs<\/b><\/span><\/td>\n<td><span data-path-to-node=\"71,2,1,0\">Do 120000 zaci\u0105gni\u0119\u0107<\/span><\/td>\n<\/tr>\n<tr>\n<td><span data-path-to-node=\"71,3,0,0\"><b>System aromat\u00f3w<\/b><\/span><\/td>\n<td><span data-path-to-node=\"71,3,1,0\">Prze\u0142\u0105czane zbiorniki 5 w 1<\/span><\/td>\n<\/tr>\n<tr>\n<td><span data-path-to-node=\"71,4,0,0\"><b>Bateria<\/b><\/span><\/td>\n<td><span data-path-to-node=\"71,4,1,0\">Akumulator 850 mAh<\/span><\/td>\n<\/tr>\n<tr>\n<td><span data-path-to-node=\"71,5,0,0\"><b>Mocne strony nikotyny<\/b><\/span><\/td>\n<td><span data-path-to-node=\"71,5,1,0\">0%, 2%, 3%, 5% S\u00f3l nikotynowa<\/span><\/td>\n<\/tr>\n<tr>\n<td><span data-path-to-node=\"71,6,0,0\"><b>Cewka<\/b><\/span><\/td>\n<td><span data-path-to-node=\"71,6,1,0\">Cewka 5*Mesh zapewniaj\u0105ca optymalny smak<\/span><\/td>\n<\/tr>\n<tr>\n<td><span data-path-to-node=\"71,7,0,0\"><b>\u0141adowanie<\/b><\/span><\/td>\n<td><span data-path-to-node=\"71,7,1,0\">Port typu C<\/span><\/td>\n<\/tr>\n<tr>\n<td><span data-path-to-node=\"71,8,0,0\"><b>Wy\u015bwietlacz<\/b><\/span><\/td>\n<td><span data-path-to-node=\"71,8,1,0\">Ekran LED (liczba zaci\u0105gni\u0119\u0107, bateria, tryb smaku)<\/span><\/td>\n<\/tr>\n<\/tbody>\n<\/table>\n<h3 data-path-to-node=\"12\">Sprzeda\u017c hurtowa <b>Bang Vape<\/b> <b>Puff 120k<\/b> Z szybk\u0105 wysy\u0142k\u0105 do Europy<\/h3>\n<p>Wsp\u00f3\u0142pracuj z nami, aby oferowa\u0107 prze\u0142omowe <b>Puff 120k Bang Legend 120k<\/b> w smaku 7. Nasze zapasy znajduj\u0105 si\u0119 w europejskim magazynie, gwarantuj\u0105c dostaw\u0119 w ci\u0105gu 1-3 dni. Zam\u00f3w hurtowo 10 sztuk w opakowaniu ju\u017c dzi\u015b i zmaksymalizuj swoje przychody dzi\u0119ki temu legendarnemu urz\u0105dzeniu.<\/p>\n<h2><strong>Puff 120k Bang Legend 120000 Vape <\/strong><strong>Wideo\uff1a<\/strong><\/h2>\n<p><iframe src=\"https:\/\/player.vimeo.com\/video\/1150263248?badge=0&amp;autopause=0&amp;player_id=0&amp;app_id=58479\" width=\"400\" height=\"711\" frameborder=\"0\" allow=\"autoplay; fullscreen; picture-in-picture; clipboard-write; encrypted-media; web-share\" referrerpolicy=\"strict-origin-when-cross-origin\" title=\"Bang Legend 120k Puffs: Rewolucyjny system smak\u00f3w 5 w 1 | Hurtownia Bang Vape\"><\/iframe><\/p>\n<h3 dir=\"auto\">Oto dalsze zalecenia dla Ciebie:<\/h3>\n<p dir=\"auto\">Odkryj jeszcze wi\u0119cej niesamowitych smak\u00f3w dzi\u0119ki Puff 120k Bang Legend 120000 Vape!<\/p>\n<p dir=\"auto\"><a href=\"https:\/\/vozolvapen.de\/pl\/product-category\/bang-vape\/puff-120k-bang-legend-120000-vape\/\" target=\"_blank\" rel=\"noopener noreferrer nofollow\">Zobacz wszystkie odmiany tutaj \u2192<\/a><\/p>\n<p dir=\"auto\">Zapoznaj si\u0119 z nasz\u0105 pe\u0142n\u0105 kolekcj\u0105 i kupuj produkty najlepszych marek vape, kt\u00f3re pokochasz.<\/p>\n<p dir=\"auto\"><a href=\"https:\/\/vozolvapen.de\/pl\/\" target=\"_blank\" rel=\"noopener noreferrer nofollow\">Przegl\u0105daj teraz wszystkie marki \u2192<\/a><\/p>\n<p dir=\"auto\">Sprawd\u017a ca\u0142\u0105 seri\u0119 Bang Vape - ka\u017cdy smak, ka\u017cdy styl!<\/p>\n<p dir=\"auto\"><a href=\"https:\/\/vozolvapen.de\/pl\/product-category\/bang-vape\/\" target=\"_blank\" rel=\"noopener noreferrer nofollow\">Zobacz pe\u0142n\u0105 kolekcj\u0119 Bang Vape \u2192<\/a><\/p>","protected":false},"excerpt":{"rendered":"<p><b>Czysta \u015bwie\u017co\u015b\u0107 i sezonowe orze\u017awienie:<\/b> Zestaw zr\u00f3wnowa\u017conych, ch\u0142odz\u0105cych profili, podkre\u015blaj\u0105cy gasz\u0105cy pragnienie Watermelon Ice i czysty, orze\u017awiaj\u0105cy dotyk Blueberry Mint.<\/p>","protected":false},"featured_media":32110,"comment_status":"open","ping_status":"closed","template":"","meta":{"_acf_changed":false},"product_brand":[],"product_cat":[134,81],"product_tag":[],"class_list":{"0":"post-31786","1":"product","2":"type-product","3":"status-publish","4":"has-post-thumbnail","6":"product_cat-eu-warehouse-in-stock","7":"product_cat-puff-120k-bang-legend-120000-vape","9":"first","10":"instock","11":"shipping-taxable","12":"purchasable","13":"product-type-variable"},"acf":[],"yoast_head":"<!-- This site is optimized with the Yoast SEO Premium plugin v26.1 (Yoast SEO v27.5) - https:\/\/yoast.com\/product\/yoast-seo-premium-wordpress\/ -->\n<title>Bang Legend 120k Flavor 7: Watermelon Ice, Blueberry Mint, 5-in-1 Vape | Bang Legend 120k Wholesale - vozolvapen<\/title>\n<meta name=\"description\" content=\"Get the Bang Legend 120k Flavor 7 wholesale! A 120k Puff blend: Watermelon Ice, Mixed Berries, Apple Pear, Blueberry Mint, and Summer Time. Available 0-5% Nicotine. Fast 1-3 day EU delivery.\" \/>\n<meta name=\"robots\" content=\"index, follow, max-snippet:-1, max-image-preview:large, max-video-preview:-1\" \/>\n<link rel=\"canonical\" href=\"https:\/\/vozolvapen.de\/pl\/product\/puff-120k-bang-legend-120000-refreshing-summer-time\/\" \/>\n<meta property=\"og:locale\" content=\"pl_PL\" \/>\n<meta property=\"og:type\" content=\"article\" \/>\n<meta property=\"og:title\" content=\"Puff 120k Bang Legend 120000 - Refreshing Summer Time\" \/>\n<meta property=\"og:description\" content=\"Get the Bang Legend 120k Flavor 7 wholesale! A 120k Puff blend: Watermelon Ice, Mixed Berries, Apple Pear, Blueberry Mint, and Summer Time. Available 0-5% Nicotine. Fast 1-3 day EU delivery.\" \/>\n<meta property=\"og:url\" content=\"https:\/\/vozolvapen.de\/pl\/product\/puff-120k-bang-legend-120000-refreshing-summer-time\/\" \/>\n<meta property=\"og:site_name\" content=\"vozolvapen\" \/>\n<meta property=\"article:modified_time\" content=\"2026-02-10T11:14:27+00:00\" \/>\n<meta property=\"og:image\" content=\"https:\/\/vozolvapen.de\/wp-content\/uploads\/2025\/12\/Puff-120k-Bang-Legend-120k-watermelon-ice-mixed-berries-apple-pear-blueberry-mint-summer-time.jpg.webp\" \/>\n\t<meta property=\"og:image:width\" content=\"1200\" \/>\n\t<meta property=\"og:image:height\" content=\"1200\" \/>\n\t<meta property=\"og:image:type\" content=\"image\/webp\" \/>\n<meta name=\"twitter:card\" content=\"summary_large_image\" \/>\n<meta name=\"twitter:label1\" content=\"Szacowany czas czytania\" \/>\n\t<meta name=\"twitter:data1\" content=\"2 minuty\" \/>\n<script type=\"application\/ld+json\" class=\"yoast-schema-graph\">{\"@context\":\"https:\\\/\\\/schema.org\",\"@graph\":[{\"@type\":\"WebPage\",\"@id\":\"https:\\\/\\\/vozolvapen.de\\\/product\\\/puff-120k-bang-legend-120000-refreshing-summer-time\\\/\",\"url\":\"https:\\\/\\\/vozolvapen.de\\\/product\\\/puff-120k-bang-legend-120000-refreshing-summer-time\\\/\",\"name\":\"Bang Legend 120k Flavor 7: Watermelon Ice, Blueberry Mint, 5-in-1 Vape | Bang Legend 120k Wholesale - vozolvapen\",\"isPartOf\":{\"@id\":\"https:\\\/\\\/vozolvapen.de\\\/#website\"},\"primaryImageOfPage\":{\"@id\":\"https:\\\/\\\/vozolvapen.de\\\/product\\\/puff-120k-bang-legend-120000-refreshing-summer-time\\\/#primaryimage\"},\"image\":{\"@id\":\"https:\\\/\\\/vozolvapen.de\\\/product\\\/puff-120k-bang-legend-120000-refreshing-summer-time\\\/#primaryimage\"},\"thumbnailUrl\":\"https:\\\/\\\/vozolvapen.de\\\/wp-content\\\/uploads\\\/2025\\\/12\\\/Puff-120k-Bang-Legend-120k-watermelon-ice-mixed-berries-apple-pear-blueberry-mint-summer-time.jpg.webp\",\"datePublished\":\"2025-12-16T08:26:33+00:00\",\"dateModified\":\"2026-02-10T11:14:27+00:00\",\"description\":\"Get the Bang Legend 120k Flavor 7 wholesale! A 120k Puff blend: Watermelon Ice, Mixed Berries, Apple Pear, Blueberry Mint, and Summer Time. Available 0-5% Nicotine. Fast 1-3 day EU delivery.\",\"breadcrumb\":{\"@id\":\"https:\\\/\\\/vozolvapen.de\\\/product\\\/puff-120k-bang-legend-120000-refreshing-summer-time\\\/#breadcrumb\"},\"inLanguage\":\"pl-PL\",\"potentialAction\":[{\"@type\":\"ReadAction\",\"target\":[\"https:\\\/\\\/vozolvapen.de\\\/product\\\/puff-120k-bang-legend-120000-refreshing-summer-time\\\/\"]}]},{\"@type\":\"ImageObject\",\"inLanguage\":\"pl-PL\",\"@id\":\"https:\\\/\\\/vozolvapen.de\\\/product\\\/puff-120k-bang-legend-120000-refreshing-summer-time\\\/#primaryimage\",\"url\":\"https:\\\/\\\/vozolvapen.de\\\/wp-content\\\/uploads\\\/2025\\\/12\\\/Puff-120k-Bang-Legend-120k-watermelon-ice-mixed-berries-apple-pear-blueberry-mint-summer-time.jpg.webp\",\"contentUrl\":\"https:\\\/\\\/vozolvapen.de\\\/wp-content\\\/uploads\\\/2025\\\/12\\\/Puff-120k-Bang-Legend-120k-watermelon-ice-mixed-berries-apple-pear-blueberry-mint-summer-time.jpg.webp\",\"width\":1200,\"height\":1200,\"caption\":\"Puff 120k Bang Legend 120k - watermelon-ice-mixed-berries-apple-pear-blueberry-mint-summer-time.jpg\"},{\"@type\":\"BreadcrumbList\",\"@id\":\"https:\\\/\\\/vozolvapen.de\\\/product\\\/puff-120k-bang-legend-120000-refreshing-summer-time\\\/#breadcrumb\",\"itemListElement\":[{\"@type\":\"ListItem\",\"position\":1,\"name\":\"Home\",\"item\":\"https:\\\/\\\/vozolvapen.de\\\/de\\\/\"},{\"@type\":\"ListItem\",\"position\":2,\"name\":\"Shop\",\"item\":\"https:\\\/\\\/vozolvapen.de\\\/shop\\\/\"},{\"@type\":\"ListItem\",\"position\":3,\"name\":\"Puff 120k Bang Legend 120000 &#8211; Refreshing Summer Time\"}]},{\"@type\":\"WebSite\",\"@id\":\"https:\\\/\\\/vozolvapen.de\\\/#website\",\"url\":\"https:\\\/\\\/vozolvapen.de\\\/\",\"name\":\"vozolvapen\",\"description\":\"vozolvapen\",\"publisher\":{\"@id\":\"https:\\\/\\\/vozolvapen.de\\\/#organization\"},\"potentialAction\":[{\"@type\":\"SearchAction\",\"target\":{\"@type\":\"EntryPoint\",\"urlTemplate\":\"https:\\\/\\\/vozolvapen.de\\\/?s={search_term_string}\"},\"query-input\":{\"@type\":\"PropertyValueSpecification\",\"valueRequired\":true,\"valueName\":\"search_term_string\"}}],\"inLanguage\":\"pl-PL\"},{\"@type\":\"Organization\",\"@id\":\"https:\\\/\\\/vozolvapen.de\\\/#organization\",\"name\":\"vozolvapen\",\"url\":\"https:\\\/\\\/vozolvapen.de\\\/\",\"logo\":{\"@type\":\"ImageObject\",\"inLanguage\":\"pl-PL\",\"@id\":\"https:\\\/\\\/vozolvapen.de\\\/#\\\/schema\\\/logo\\\/image\\\/\",\"url\":\"https:\\\/\\\/vozolvapen.de\\\/wp-content\\\/uploads\\\/2025\\\/12\\\/cropped-vozovapen-logo.webp\",\"contentUrl\":\"https:\\\/\\\/vozolvapen.de\\\/wp-content\\\/uploads\\\/2025\\\/12\\\/cropped-vozovapen-logo.webp\",\"width\":470,\"height\":110,\"caption\":\"vozolvapen\"},\"image\":{\"@id\":\"https:\\\/\\\/vozolvapen.de\\\/#\\\/schema\\\/logo\\\/image\\\/\"}}]}<\/script>\n<!-- \/ Yoast SEO Premium plugin. -->","yoast_head_json":{"title":"Bang Legend 120k Flavor 7: Watermelon Ice, Blueberry Mint, 5-in-1 Vape | Bang Legend 120k Wholesale - vozolvapen","description":"Kup Bang Legend 120k Flavor 7 hurtowo! Mieszanka 120k Puff: Watermelon Ice, Mixed Berries, Apple Pear, Blueberry Mint i Summer Time. Dost\u0119pna zawarto\u015b\u0107 nikotyny 0-5%. Szybka dostawa na terenie UE w ci\u0105gu 1-3 dni.","robots":{"index":"index","follow":"follow","max-snippet":"max-snippet:-1","max-image-preview":"max-image-preview:large","max-video-preview":"max-video-preview:-1"},"canonical":"https:\/\/vozolvapen.de\/pl\/product\/puff-120k-bang-legend-120000-refreshing-summer-time\/","og_locale":"pl_PL","og_type":"article","og_title":"Puff 120k Bang Legend 120000 - Refreshing Summer Time","og_description":"Get the Bang Legend 120k Flavor 7 wholesale! A 120k Puff blend: Watermelon Ice, Mixed Berries, Apple Pear, Blueberry Mint, and Summer Time. Available 0-5% Nicotine. Fast 1-3 day EU delivery.","og_url":"https:\/\/vozolvapen.de\/pl\/product\/puff-120k-bang-legend-120000-refreshing-summer-time\/","og_site_name":"vozolvapen","article_modified_time":"2026-02-10T11:14:27+00:00","og_image":[{"width":1200,"height":1200,"url":"https:\/\/vozolvapen.de\/wp-content\/uploads\/2025\/12\/Puff-120k-Bang-Legend-120k-watermelon-ice-mixed-berries-apple-pear-blueberry-mint-summer-time.jpg.webp","type":"image\/webp"}],"twitter_card":"summary_large_image","twitter_misc":{"Szacowany czas czytania":"2 minuty"},"schema":{"@context":"https:\/\/schema.org","@graph":[{"@type":"WebPage","@id":"https:\/\/vozolvapen.de\/product\/puff-120k-bang-legend-120000-refreshing-summer-time\/","url":"https:\/\/vozolvapen.de\/product\/puff-120k-bang-legend-120000-refreshing-summer-time\/","name":"Bang Legend 120k Flavor 7: Watermelon Ice, Blueberry Mint, 5-in-1 Vape | Bang Legend 120k Wholesale - vozolvapen","isPartOf":{"@id":"https:\/\/vozolvapen.de\/#website"},"primaryImageOfPage":{"@id":"https:\/\/vozolvapen.de\/product\/puff-120k-bang-legend-120000-refreshing-summer-time\/#primaryimage"},"image":{"@id":"https:\/\/vozolvapen.de\/product\/puff-120k-bang-legend-120000-refreshing-summer-time\/#primaryimage"},"thumbnailUrl":"https:\/\/vozolvapen.de\/wp-content\/uploads\/2025\/12\/Puff-120k-Bang-Legend-120k-watermelon-ice-mixed-berries-apple-pear-blueberry-mint-summer-time.jpg.webp","datePublished":"2025-12-16T08:26:33+00:00","dateModified":"2026-02-10T11:14:27+00:00","description":"Kup Bang Legend 120k Flavor 7 hurtowo! Mieszanka 120k Puff: Watermelon Ice, Mixed Berries, Apple Pear, Blueberry Mint i Summer Time. Dost\u0119pna zawarto\u015b\u0107 nikotyny 0-5%. Szybka dostawa na terenie UE w ci\u0105gu 1-3 dni.","breadcrumb":{"@id":"https:\/\/vozolvapen.de\/product\/puff-120k-bang-legend-120000-refreshing-summer-time\/#breadcrumb"},"inLanguage":"pl-PL","potentialAction":[{"@type":"ReadAction","target":["https:\/\/vozolvapen.de\/product\/puff-120k-bang-legend-120000-refreshing-summer-time\/"]}]},{"@type":"ImageObject","inLanguage":"pl-PL","@id":"https:\/\/vozolvapen.de\/product\/puff-120k-bang-legend-120000-refreshing-summer-time\/#primaryimage","url":"https:\/\/vozolvapen.de\/wp-content\/uploads\/2025\/12\/Puff-120k-Bang-Legend-120k-watermelon-ice-mixed-berries-apple-pear-blueberry-mint-summer-time.jpg.webp","contentUrl":"https:\/\/vozolvapen.de\/wp-content\/uploads\/2025\/12\/Puff-120k-Bang-Legend-120k-watermelon-ice-mixed-berries-apple-pear-blueberry-mint-summer-time.jpg.webp","width":1200,"height":1200,"caption":"Puff 120k Bang Legend 120k - watermelon-ice-mixed-berries-apple-pear-blueberry-mint-summer-time.jpg"},{"@type":"BreadcrumbList","@id":"https:\/\/vozolvapen.de\/product\/puff-120k-bang-legend-120000-refreshing-summer-time\/#breadcrumb","itemListElement":[{"@type":"ListItem","position":1,"name":"Home","item":"https:\/\/vozolvapen.de\/de\/"},{"@type":"ListItem","position":2,"name":"Shop","item":"https:\/\/vozolvapen.de\/shop\/"},{"@type":"ListItem","position":3,"name":"Puff 120k Bang Legend 120000 &#8211; Refreshing Summer Time"}]},{"@type":"WebSite","@id":"https:\/\/vozolvapen.de\/#website","url":"https:\/\/vozolvapen.de\/","name":"vozolvapen","description":"vozolvapen","publisher":{"@id":"https:\/\/vozolvapen.de\/#organization"},"potentialAction":[{"@type":"SearchAction","target":{"@type":"EntryPoint","urlTemplate":"https:\/\/vozolvapen.de\/?s={search_term_string}"},"query-input":{"@type":"PropertyValueSpecification","valueRequired":true,"valueName":"search_term_string"}}],"inLanguage":"pl-PL"},{"@type":"Organization","@id":"https:\/\/vozolvapen.de\/#organization","name":"vozolvapen","url":"https:\/\/vozolvapen.de\/","logo":{"@type":"ImageObject","inLanguage":"pl-PL","@id":"https:\/\/vozolvapen.de\/#\/schema\/logo\/image\/","url":"https:\/\/vozolvapen.de\/wp-content\/uploads\/2025\/12\/cropped-vozovapen-logo.webp","contentUrl":"https:\/\/vozolvapen.de\/wp-content\/uploads\/2025\/12\/cropped-vozovapen-logo.webp","width":470,"height":110,"caption":"vozolvapen"},"image":{"@id":"https:\/\/vozolvapen.de\/#\/schema\/logo\/image\/"}}]}},"tiered_pricing_type":"fixed","tiered_pricing_fixed_rules":{"30":"14.14","50":"12.14","100":"11.14","200":"9.64"},"tiered_pricing_product_settings":{"layout":"default","base_unit_name":{"singular":null,"plural":null},"default_variation":null},"tiered_pricing_minimum_quantity":10,"tiered_pricing_roles_data":[],"tiered_pricing_percentage_rules":[],"tiered_pricing_maximum_quantity":null,"tiered_pricing_quantity_step":"10","_links":{"self":[{"href":"http:\/\/vozolvapen.de\/pl\/wp-json\/wp\/v2\/product\/31786","targetHints":{"allow":["GET"]}}],"collection":[{"href":"http:\/\/vozolvapen.de\/pl\/wp-json\/wp\/v2\/product"}],"about":[{"href":"http:\/\/vozolvapen.de\/pl\/wp-json\/wp\/v2\/types\/product"}],"replies":[{"embeddable":true,"href":"http:\/\/vozolvapen.de\/pl\/wp-json\/wp\/v2\/comments?post=31786"}],"wp:featuredmedia":[{"embeddable":true,"href":"http:\/\/vozolvapen.de\/pl\/wp-json\/wp\/v2\/media\/32110"}],"wp:attachment":[{"href":"http:\/\/vozolvapen.de\/pl\/wp-json\/wp\/v2\/media?parent=31786"}],"wp:term":[{"taxonomy":"product_brand","embeddable":true,"href":"http:\/\/vozolvapen.de\/pl\/wp-json\/wp\/v2\/product_brand?post=31786"},{"taxonomy":"product_cat","embeddable":true,"href":"http:\/\/vozolvapen.de\/pl\/wp-json\/wp\/v2\/product_cat?post=31786"},{"taxonomy":"product_tag","embeddable":true,"href":"http:\/\/vozolvapen.de\/pl\/wp-json\/wp\/v2\/product_tag?post=31786"}],"curies":[{"name":"wp","href":"https:\/\/api.w.org\/{rel}","templated":true}]}}