{"id":31839,"date":"2025-12-16T08:26:35","date_gmt":"2025-12-16T08:26:35","guid":{"rendered":"https:\/\/vozolvapen.de\/?post_type=product&#038;p=31839"},"modified":"2026-02-10T11:14:25","modified_gmt":"2026-02-10T11:14:25","slug":"puff-120k-bang-legend-120000-icy-berry-medley","status":"publish","type":"product","link":"http:\/\/vozolvapen.de\/pl\/product\/puff-120k-bang-legend-120000-icy-berry-medley\/","title":{"rendered":"Puff 120k Bang Legend 120000 - Icy Berry Medley"},"content":{"rendered":"<h1 data-path-to-node=\"76\">Smak 8: <b>Puff 120k Bang Legend 120k<\/b> | Legendarna mieszanka 5 w 1 (Watermelon Ice, Strawberry Mango, California Cherry, Blueberry Peach Ice, Berry Cool)<\/h1>\n<p data-path-to-node=\"77\">The <b>Bang Legend 120k Flavor 8<\/b> to ostateczny wyb\u00f3r dla waper\u00f3w, kt\u00f3rzy pragn\u0105 autentycznych, dojrzewaj\u0105cych w s\u0142o\u0144cu profili owocowych, zakotwiczonych w bogatym, g\u0142\u0119bokim smaku California Cherry i tropikalnej harmonii Strawberry Mango. To urz\u0105dzenie 5 w 1 pozwala u\u017cytkownikom natychmiast prze\u0142\u0105cza\u0107 si\u0119 mi\u0119dzy czystymi owocami, lodowymi owocami i z\u0142o\u017conymi mieszankami jag\u00f3d. Dla sprzedawc\u00f3w detalicznych <b>120,000 Puff<\/b> Dyspozycyjno\u015b\u0107 oznacza wi\u0119ksz\u0105 szybko\u015b\u0107 sprzeda\u017cy i znacznie mniejsz\u0105 rotacj\u0119 zapas\u00f3w, dzi\u0119ki wyj\u0105tkowej popularno\u015bci i d\u0142ugowieczno\u015bci.<\/p>\n<h2 data-path-to-node=\"78\">Podzia\u0142 profilu smakowego 5 w 1<\/h2>\n<table data-path-to-node=\"79\">\n<thead>\n<tr>\n<td><strong>Zbiornik<\/strong><\/td>\n<td><strong>Smak<\/strong><\/td>\n<td><strong>Opis<\/strong><\/td>\n<td><strong>Do\u015bwiadczenie<\/strong><\/td>\n<\/tr>\n<\/thead>\n<tbody>\n<tr>\n<td><span data-path-to-node=\"79,1,0,0\"><b>1<\/b><\/span><\/td>\n<td><span data-path-to-node=\"79,1,1,0\">Arbuzowy l\u00f3d<\/span><\/td>\n<td><span data-path-to-node=\"79,1,2,0\">S\u0142odki, soczysty smak arbuza, po kt\u00f3rym nast\u0119puje znaczny przyp\u0142yw mentolu.<\/span><\/td>\n<td><span data-path-to-node=\"79,1,3,0\">Pysznie s\u0142odki i orze\u017awiaj\u0105co zimny.<\/span><\/td>\n<\/tr>\n<tr>\n<td><span data-path-to-node=\"79,2,0,0\"><b>2<\/b><\/span><\/td>\n<td><span data-path-to-node=\"79,2,1,0\">Mango truskawkowe<\/span><\/td>\n<td><span data-path-to-node=\"79,2,2,0\">Najlepsze tropikalne po\u0142\u0105czenie: s\u0142odkie truskawki ogrodowe i bogate, mi\u0119kkie mango.<\/span><\/td>\n<td><span data-path-to-node=\"79,2,3,0\">G\u0142adka, dojrza\u0142a i satysfakcjonuj\u0105ca mieszanka.<\/span><\/td>\n<\/tr>\n<tr>\n<td><span data-path-to-node=\"79,3,0,0\"><b>3<\/b><\/span><\/td>\n<td><span data-path-to-node=\"79,3,1,0\">Wi\u015bnia kalifornijska<\/span><\/td>\n<td><span data-path-to-node=\"79,3,2,0\">Mocny, dojrzewaj\u0105cy w s\u0142o\u0144cu smak wi\u015bni, kt\u00f3ry jest g\u0142\u0119boko s\u0142odki z nut\u0105 cierpko\u015bci.<\/span><\/td>\n<td><span data-path-to-node=\"79,3,3,0\">Autentyczna wi\u015bnia bez s\u0142odyczy.<\/span><\/td>\n<\/tr>\n<tr>\n<td><span data-path-to-node=\"79,4,0,0\"><b>4<\/b><\/span><\/td>\n<td><span data-path-to-node=\"79,4,1,0\">L\u00f3d jagodowo-brzoskwiniowy<\/span><\/td>\n<td><span data-path-to-node=\"79,4,2,0\">S\u0142odkie jagody i g\u0142adkie brzoskwinie zako\u0144czone delikatnym, ch\u0142odz\u0105cym mentolem.<\/span><\/td>\n<td><span data-path-to-node=\"79,4,3,0\">Owocowe, \u0142agodne i lekko sch\u0142odzone.<\/span><\/td>\n<\/tr>\n<tr>\n<td><span data-path-to-node=\"79,5,0,0\"><b>5<\/b><\/span><\/td>\n<td><span data-path-to-node=\"79,5,1,0\">Berry Cool<\/span><\/td>\n<td><span data-path-to-node=\"79,5,2,0\">Skoncentrowana mieszanka r\u00f3\u017cnych jag\u00f3d z siln\u0105, czyst\u0105 warstw\u0105 mentolu.<\/span><\/td>\n<td><span data-path-to-node=\"79,5,3,0\">Intensywny smak jag\u00f3d z maksymalnym ch\u0142odzeniem.<\/span><\/td>\n<\/tr>\n<\/tbody>\n<\/table>\n<h2 data-path-to-node=\"80\"><b>Bang Legend 120k<\/b> Podstawowe specyfikacje<\/h2>\n<table data-path-to-node=\"81\">\n<thead>\n<tr>\n<td><strong>Parametr<\/strong><\/td>\n<td><strong>Szczeg\u00f3\u0142y<\/strong><\/td>\n<\/tr>\n<\/thead>\n<tbody>\n<tr>\n<td><span data-path-to-node=\"81,1,0,0\"><b>Model<\/b><\/span><\/td>\n<td><span data-path-to-node=\"81,1,1,0\">Puff 120k Bang Legend 120k<\/span><\/td>\n<\/tr>\n<tr>\n<td><span data-path-to-node=\"81,2,0,0\"><b>Max Puffs<\/b><\/span><\/td>\n<td><span data-path-to-node=\"81,2,1,0\">Do 120000 zaci\u0105gni\u0119\u0107<\/span><\/td>\n<\/tr>\n<tr>\n<td><span data-path-to-node=\"81,3,0,0\"><b>System aromat\u00f3w<\/b><\/span><\/td>\n<td><span data-path-to-node=\"81,3,1,0\">Prze\u0142\u0105czane zbiorniki 5 w 1<\/span><\/td>\n<\/tr>\n<tr>\n<td><span data-path-to-node=\"81,4,0,0\"><b>Bateria<\/b><\/span><\/td>\n<td><span data-path-to-node=\"81,4,1,0\">Akumulator 850 mAh<\/span><\/td>\n<\/tr>\n<tr>\n<td><span data-path-to-node=\"81,5,0,0\"><b>Mocne strony nikotyny<\/b><\/span><\/td>\n<td><span data-path-to-node=\"81,5,1,0\">0%, 2%, 3%, 5% S\u00f3l nikotynowa<\/span><\/td>\n<\/tr>\n<tr>\n<td><span data-path-to-node=\"81,6,0,0\"><b>Cewka<\/b><\/span><\/td>\n<td><span data-path-to-node=\"81,6,1,0\">Cewka 5*Mesh zapewniaj\u0105ca optymalny smak<\/span><\/td>\n<\/tr>\n<tr>\n<td><span data-path-to-node=\"81,7,0,0\"><b>\u0141adowanie<\/b><\/span><\/td>\n<td><span data-path-to-node=\"81,7,1,0\">Port typu C<\/span><\/td>\n<\/tr>\n<tr>\n<td><span data-path-to-node=\"81,8,0,0\"><b>Wy\u015bwietlacz<\/b><\/span><\/td>\n<td><span data-path-to-node=\"81,8,1,0\">Ekran LED (liczba zaci\u0105gni\u0119\u0107, bateria, tryb smaku)<\/span><\/td>\n<\/tr>\n<\/tbody>\n<\/table>\n<h3 data-path-to-node=\"12\">Sprzeda\u017c hurtowa <b>Bang Vape<\/b> <b>Puff 120k<\/b> Z szybk\u0105 wysy\u0142k\u0105 do Europy<\/h3>\n<p>Wsp\u00f3\u0142pracuj z nami, aby oferowa\u0107 prze\u0142omowe <b>Puff 120k Bang Legend 120k<\/b> w smaku 8. Nasze zapasy znajduj\u0105 si\u0119 w europejskim magazynie, gwarantuj\u0105c dostaw\u0119 w ci\u0105gu 1-3 dni. Zam\u00f3w hurtowo 10 sztuk w opakowaniu ju\u017c dzi\u015b i zmaksymalizuj swoje przychody dzi\u0119ki temu legendarnemu urz\u0105dzeniu.<\/p>\n<h2><strong>Puff 120k Bang Legend 120000 Vape <\/strong><strong>Wideo\uff1a<\/strong><\/h2>\n<p><iframe src=\"https:\/\/player.vimeo.com\/video\/1150263248?badge=0&amp;autopause=0&amp;player_id=0&amp;app_id=58479\" width=\"400\" height=\"711\" frameborder=\"0\" allow=\"autoplay; fullscreen; picture-in-picture; clipboard-write; encrypted-media; web-share\" referrerpolicy=\"strict-origin-when-cross-origin\" title=\"Bang Legend 120k Puffs: Rewolucyjny system smak\u00f3w 5 w 1 | Hurtownia Bang Vape\"><\/iframe><\/p>\n<h3 dir=\"auto\">Oto dalsze zalecenia dla Ciebie:<\/h3>\n<p dir=\"auto\">Odkryj jeszcze wi\u0119cej niesamowitych smak\u00f3w dzi\u0119ki Puff 120k Bang Legend 120000 Vape!<\/p>\n<p dir=\"auto\"><a href=\"https:\/\/vozolvapen.de\/pl\/product-category\/bang-vape\/puff-120k-bang-legend-120000-vape\/\" target=\"_blank\" rel=\"noopener noreferrer nofollow\">Zobacz wszystkie odmiany tutaj \u2192<\/a><\/p>\n<p dir=\"auto\">Zapoznaj si\u0119 z nasz\u0105 pe\u0142n\u0105 kolekcj\u0105 i kupuj produkty najlepszych marek vape, kt\u00f3re pokochasz.<\/p>\n<p dir=\"auto\"><a href=\"https:\/\/vozolvapen.de\/pl\/\" target=\"_blank\" rel=\"noopener noreferrer nofollow\">Przegl\u0105daj teraz wszystkie marki \u2192<\/a><\/p>\n<p dir=\"auto\">Sprawd\u017a ca\u0142\u0105 seri\u0119 Bang Vape - ka\u017cdy smak, ka\u017cdy styl!<\/p>\n<p dir=\"auto\"><a href=\"https:\/\/vozolvapen.de\/pl\/product-category\/bang-vape\/\" target=\"_blank\" rel=\"noopener noreferrer nofollow\">Zobacz pe\u0142n\u0105 kolekcj\u0119 Bang Vape \u2192<\/a><\/p>","protected":false},"excerpt":{"rendered":"<p><b>Kolekcja autentycznych dojrza\u0142ych owoc\u00f3w:<\/b> Uchwycenie smaku sk\u0105panych w s\u0142o\u0144cu owoc\u00f3w, zakotwiczonych w g\u0142\u0119bokim, mocnym smaku California Cherry i \u0142agodnym tropikalnym po\u0142\u0105czeniu Strawberry Mango.<\/p>","protected":false},"featured_media":32111,"comment_status":"open","ping_status":"closed","template":"","meta":{"_acf_changed":false},"product_brand":[],"product_cat":[134,81],"product_tag":[],"class_list":{"0":"post-31839","1":"product","2":"type-product","3":"status-publish","4":"has-post-thumbnail","6":"product_cat-eu-warehouse-in-stock","7":"product_cat-puff-120k-bang-legend-120000-vape","9":"first","10":"instock","11":"shipping-taxable","12":"purchasable","13":"product-type-variable"},"acf":[],"yoast_head":"<!-- This site is optimized with the Yoast SEO Premium plugin v26.1 (Yoast SEO v27.5) - https:\/\/yoast.com\/product\/yoast-seo-premium-wordpress\/ -->\n<title>Bang Legend 120k Flavor 8: California Cherry, Strawberry Mango, 5-in-1 Vape | Puff 120k Wholesale - vozolvapen<\/title>\n<meta name=\"description\" content=\"Buy Bang Legend 120k Flavor 8 wholesale! A fruity 120k Puff blend: Watermelon Ice, Strawberry Mango, California Cherry, Blueberry Peach Ice, and Berry Cool. 0-5% Nicotine. European stock for 1-3 day delivery.\" \/>\n<meta name=\"robots\" content=\"index, follow, max-snippet:-1, max-image-preview:large, max-video-preview:-1\" \/>\n<link rel=\"canonical\" href=\"https:\/\/vozolvapen.de\/pl\/product\/puff-120k-bang-legend-120000-icy-berry-medley\/\" \/>\n<meta property=\"og:locale\" content=\"pl_PL\" \/>\n<meta property=\"og:type\" content=\"article\" \/>\n<meta property=\"og:title\" content=\"Puff 120k Bang Legend 120000 - Icy Berry Medley\" \/>\n<meta property=\"og:description\" content=\"Buy Bang Legend 120k Flavor 8 wholesale! A fruity 120k Puff blend: Watermelon Ice, Strawberry Mango, California Cherry, Blueberry Peach Ice, and Berry Cool. 0-5% Nicotine. European stock for 1-3 day delivery.\" \/>\n<meta property=\"og:url\" content=\"https:\/\/vozolvapen.de\/pl\/product\/puff-120k-bang-legend-120000-icy-berry-medley\/\" \/>\n<meta property=\"og:site_name\" content=\"vozolvapen\" \/>\n<meta property=\"article:modified_time\" content=\"2026-02-10T11:14:25+00:00\" \/>\n<meta property=\"og:image\" content=\"https:\/\/vozolvapen.de\/wp-content\/uploads\/2025\/12\/watermelon-ice-strawberry-mango-california-cherry-blueberry-peach-ice-berry-cool.jpg.webp\" \/>\n\t<meta property=\"og:image:width\" content=\"1200\" \/>\n\t<meta property=\"og:image:height\" content=\"1200\" \/>\n\t<meta property=\"og:image:type\" content=\"image\/webp\" \/>\n<meta name=\"twitter:card\" content=\"summary_large_image\" \/>\n<meta name=\"twitter:label1\" content=\"Szacowany czas czytania\" \/>\n\t<meta name=\"twitter:data1\" content=\"2 minuty\" \/>\n<script type=\"application\/ld+json\" class=\"yoast-schema-graph\">{\"@context\":\"https:\\\/\\\/schema.org\",\"@graph\":[{\"@type\":\"WebPage\",\"@id\":\"https:\\\/\\\/vozolvapen.de\\\/product\\\/puff-120k-bang-legend-120000-icy-berry-medley\\\/\",\"url\":\"https:\\\/\\\/vozolvapen.de\\\/product\\\/puff-120k-bang-legend-120000-icy-berry-medley\\\/\",\"name\":\"Bang Legend 120k Flavor 8: California Cherry, Strawberry Mango, 5-in-1 Vape | Puff 120k Wholesale - vozolvapen\",\"isPartOf\":{\"@id\":\"https:\\\/\\\/vozolvapen.de\\\/#website\"},\"primaryImageOfPage\":{\"@id\":\"https:\\\/\\\/vozolvapen.de\\\/product\\\/puff-120k-bang-legend-120000-icy-berry-medley\\\/#primaryimage\"},\"image\":{\"@id\":\"https:\\\/\\\/vozolvapen.de\\\/product\\\/puff-120k-bang-legend-120000-icy-berry-medley\\\/#primaryimage\"},\"thumbnailUrl\":\"https:\\\/\\\/vozolvapen.de\\\/wp-content\\\/uploads\\\/2025\\\/12\\\/watermelon-ice-strawberry-mango-california-cherry-blueberry-peach-ice-berry-cool.jpg.webp\",\"datePublished\":\"2025-12-16T08:26:35+00:00\",\"dateModified\":\"2026-02-10T11:14:25+00:00\",\"description\":\"Buy Bang Legend 120k Flavor 8 wholesale! A fruity 120k Puff blend: Watermelon Ice, Strawberry Mango, California Cherry, Blueberry Peach Ice, and Berry Cool. 0-5% Nicotine. European stock for 1-3 day delivery.\",\"breadcrumb\":{\"@id\":\"https:\\\/\\\/vozolvapen.de\\\/product\\\/puff-120k-bang-legend-120000-icy-berry-medley\\\/#breadcrumb\"},\"inLanguage\":\"pl-PL\",\"potentialAction\":[{\"@type\":\"ReadAction\",\"target\":[\"https:\\\/\\\/vozolvapen.de\\\/product\\\/puff-120k-bang-legend-120000-icy-berry-medley\\\/\"]}]},{\"@type\":\"ImageObject\",\"inLanguage\":\"pl-PL\",\"@id\":\"https:\\\/\\\/vozolvapen.de\\\/product\\\/puff-120k-bang-legend-120000-icy-berry-medley\\\/#primaryimage\",\"url\":\"https:\\\/\\\/vozolvapen.de\\\/wp-content\\\/uploads\\\/2025\\\/12\\\/watermelon-ice-strawberry-mango-california-cherry-blueberry-peach-ice-berry-cool.jpg.webp\",\"contentUrl\":\"https:\\\/\\\/vozolvapen.de\\\/wp-content\\\/uploads\\\/2025\\\/12\\\/watermelon-ice-strawberry-mango-california-cherry-blueberry-peach-ice-berry-cool.jpg.webp\",\"width\":1200,\"height\":1200,\"caption\":\"watermelon-ice-strawberry-mango-california-cherry-blueberry-peach-ice-berry-cool.jpg\"},{\"@type\":\"BreadcrumbList\",\"@id\":\"https:\\\/\\\/vozolvapen.de\\\/product\\\/puff-120k-bang-legend-120000-icy-berry-medley\\\/#breadcrumb\",\"itemListElement\":[{\"@type\":\"ListItem\",\"position\":1,\"name\":\"Home\",\"item\":\"https:\\\/\\\/vozolvapen.de\\\/de\\\/\"},{\"@type\":\"ListItem\",\"position\":2,\"name\":\"Shop\",\"item\":\"https:\\\/\\\/vozolvapen.de\\\/shop\\\/\"},{\"@type\":\"ListItem\",\"position\":3,\"name\":\"Puff 120k Bang Legend 120000 &#8211; Icy Berry Medley\"}]},{\"@type\":\"WebSite\",\"@id\":\"https:\\\/\\\/vozolvapen.de\\\/#website\",\"url\":\"https:\\\/\\\/vozolvapen.de\\\/\",\"name\":\"vozolvapen\",\"description\":\"vozolvapen\",\"publisher\":{\"@id\":\"https:\\\/\\\/vozolvapen.de\\\/#organization\"},\"potentialAction\":[{\"@type\":\"SearchAction\",\"target\":{\"@type\":\"EntryPoint\",\"urlTemplate\":\"https:\\\/\\\/vozolvapen.de\\\/?s={search_term_string}\"},\"query-input\":{\"@type\":\"PropertyValueSpecification\",\"valueRequired\":true,\"valueName\":\"search_term_string\"}}],\"inLanguage\":\"pl-PL\"},{\"@type\":\"Organization\",\"@id\":\"https:\\\/\\\/vozolvapen.de\\\/#organization\",\"name\":\"vozolvapen\",\"url\":\"https:\\\/\\\/vozolvapen.de\\\/\",\"logo\":{\"@type\":\"ImageObject\",\"inLanguage\":\"pl-PL\",\"@id\":\"https:\\\/\\\/vozolvapen.de\\\/#\\\/schema\\\/logo\\\/image\\\/\",\"url\":\"https:\\\/\\\/vozolvapen.de\\\/wp-content\\\/uploads\\\/2025\\\/12\\\/cropped-vozovapen-logo.webp\",\"contentUrl\":\"https:\\\/\\\/vozolvapen.de\\\/wp-content\\\/uploads\\\/2025\\\/12\\\/cropped-vozovapen-logo.webp\",\"width\":470,\"height\":110,\"caption\":\"vozolvapen\"},\"image\":{\"@id\":\"https:\\\/\\\/vozolvapen.de\\\/#\\\/schema\\\/logo\\\/image\\\/\"}}]}<\/script>\n<!-- \/ Yoast SEO Premium plugin. -->","yoast_head_json":{"title":"Bang Legend 120k Flavor 8: California Cherry, Strawberry Mango, 5-in-1 Vape | Puff 120k Wholesale - vozolvapen","description":"Kup Bang Legend 120k Flavor 8 hurtowo! Owocowa mieszanka 120k Puff: Watermelon Ice, Strawberry Mango, California Cherry, Blueberry Peach Ice i Berry Cool. Nikotyna 0-5%. Europejski magazyn z dostaw\u0105 w ci\u0105gu 1-3 dni.","robots":{"index":"index","follow":"follow","max-snippet":"max-snippet:-1","max-image-preview":"max-image-preview:large","max-video-preview":"max-video-preview:-1"},"canonical":"https:\/\/vozolvapen.de\/pl\/product\/puff-120k-bang-legend-120000-icy-berry-medley\/","og_locale":"pl_PL","og_type":"article","og_title":"Puff 120k Bang Legend 120000 - Icy Berry Medley","og_description":"Buy Bang Legend 120k Flavor 8 wholesale! A fruity 120k Puff blend: Watermelon Ice, Strawberry Mango, California Cherry, Blueberry Peach Ice, and Berry Cool. 0-5% Nicotine. European stock for 1-3 day delivery.","og_url":"https:\/\/vozolvapen.de\/pl\/product\/puff-120k-bang-legend-120000-icy-berry-medley\/","og_site_name":"vozolvapen","article_modified_time":"2026-02-10T11:14:25+00:00","og_image":[{"width":1200,"height":1200,"url":"https:\/\/vozolvapen.de\/wp-content\/uploads\/2025\/12\/watermelon-ice-strawberry-mango-california-cherry-blueberry-peach-ice-berry-cool.jpg.webp","type":"image\/webp"}],"twitter_card":"summary_large_image","twitter_misc":{"Szacowany czas czytania":"2 minuty"},"schema":{"@context":"https:\/\/schema.org","@graph":[{"@type":"WebPage","@id":"https:\/\/vozolvapen.de\/product\/puff-120k-bang-legend-120000-icy-berry-medley\/","url":"https:\/\/vozolvapen.de\/product\/puff-120k-bang-legend-120000-icy-berry-medley\/","name":"Bang Legend 120k Flavor 8: California Cherry, Strawberry Mango, 5-in-1 Vape | Puff 120k Wholesale - vozolvapen","isPartOf":{"@id":"https:\/\/vozolvapen.de\/#website"},"primaryImageOfPage":{"@id":"https:\/\/vozolvapen.de\/product\/puff-120k-bang-legend-120000-icy-berry-medley\/#primaryimage"},"image":{"@id":"https:\/\/vozolvapen.de\/product\/puff-120k-bang-legend-120000-icy-berry-medley\/#primaryimage"},"thumbnailUrl":"https:\/\/vozolvapen.de\/wp-content\/uploads\/2025\/12\/watermelon-ice-strawberry-mango-california-cherry-blueberry-peach-ice-berry-cool.jpg.webp","datePublished":"2025-12-16T08:26:35+00:00","dateModified":"2026-02-10T11:14:25+00:00","description":"Kup Bang Legend 120k Flavor 8 hurtowo! Owocowa mieszanka 120k Puff: Watermelon Ice, Strawberry Mango, California Cherry, Blueberry Peach Ice i Berry Cool. Nikotyna 0-5%. Europejski magazyn z dostaw\u0105 w ci\u0105gu 1-3 dni.","breadcrumb":{"@id":"https:\/\/vozolvapen.de\/product\/puff-120k-bang-legend-120000-icy-berry-medley\/#breadcrumb"},"inLanguage":"pl-PL","potentialAction":[{"@type":"ReadAction","target":["https:\/\/vozolvapen.de\/product\/puff-120k-bang-legend-120000-icy-berry-medley\/"]}]},{"@type":"ImageObject","inLanguage":"pl-PL","@id":"https:\/\/vozolvapen.de\/product\/puff-120k-bang-legend-120000-icy-berry-medley\/#primaryimage","url":"https:\/\/vozolvapen.de\/wp-content\/uploads\/2025\/12\/watermelon-ice-strawberry-mango-california-cherry-blueberry-peach-ice-berry-cool.jpg.webp","contentUrl":"https:\/\/vozolvapen.de\/wp-content\/uploads\/2025\/12\/watermelon-ice-strawberry-mango-california-cherry-blueberry-peach-ice-berry-cool.jpg.webp","width":1200,"height":1200,"caption":"watermelon-ice-strawberry-mango-california-cherry-blueberry-peach-ice-berry-cool.jpg"},{"@type":"BreadcrumbList","@id":"https:\/\/vozolvapen.de\/product\/puff-120k-bang-legend-120000-icy-berry-medley\/#breadcrumb","itemListElement":[{"@type":"ListItem","position":1,"name":"Home","item":"https:\/\/vozolvapen.de\/de\/"},{"@type":"ListItem","position":2,"name":"Shop","item":"https:\/\/vozolvapen.de\/shop\/"},{"@type":"ListItem","position":3,"name":"Puff 120k Bang Legend 120000 &#8211; Icy Berry Medley"}]},{"@type":"WebSite","@id":"https:\/\/vozolvapen.de\/#website","url":"https:\/\/vozolvapen.de\/","name":"vozolvapen","description":"vozolvapen","publisher":{"@id":"https:\/\/vozolvapen.de\/#organization"},"potentialAction":[{"@type":"SearchAction","target":{"@type":"EntryPoint","urlTemplate":"https:\/\/vozolvapen.de\/?s={search_term_string}"},"query-input":{"@type":"PropertyValueSpecification","valueRequired":true,"valueName":"search_term_string"}}],"inLanguage":"pl-PL"},{"@type":"Organization","@id":"https:\/\/vozolvapen.de\/#organization","name":"vozolvapen","url":"https:\/\/vozolvapen.de\/","logo":{"@type":"ImageObject","inLanguage":"pl-PL","@id":"https:\/\/vozolvapen.de\/#\/schema\/logo\/image\/","url":"https:\/\/vozolvapen.de\/wp-content\/uploads\/2025\/12\/cropped-vozovapen-logo.webp","contentUrl":"https:\/\/vozolvapen.de\/wp-content\/uploads\/2025\/12\/cropped-vozovapen-logo.webp","width":470,"height":110,"caption":"vozolvapen"},"image":{"@id":"https:\/\/vozolvapen.de\/#\/schema\/logo\/image\/"}}]}},"tiered_pricing_type":"fixed","tiered_pricing_fixed_rules":{"30":"14.14","50":"12.14","100":"11.14","200":"9.64"},"tiered_pricing_product_settings":{"layout":"default","base_unit_name":{"singular":null,"plural":null},"default_variation":null},"tiered_pricing_minimum_quantity":10,"tiered_pricing_roles_data":[],"tiered_pricing_percentage_rules":[],"tiered_pricing_maximum_quantity":null,"tiered_pricing_quantity_step":"10","_links":{"self":[{"href":"http:\/\/vozolvapen.de\/pl\/wp-json\/wp\/v2\/product\/31839","targetHints":{"allow":["GET"]}}],"collection":[{"href":"http:\/\/vozolvapen.de\/pl\/wp-json\/wp\/v2\/product"}],"about":[{"href":"http:\/\/vozolvapen.de\/pl\/wp-json\/wp\/v2\/types\/product"}],"replies":[{"embeddable":true,"href":"http:\/\/vozolvapen.de\/pl\/wp-json\/wp\/v2\/comments?post=31839"}],"wp:featuredmedia":[{"embeddable":true,"href":"http:\/\/vozolvapen.de\/pl\/wp-json\/wp\/v2\/media\/32111"}],"wp:attachment":[{"href":"http:\/\/vozolvapen.de\/pl\/wp-json\/wp\/v2\/media?parent=31839"}],"wp:term":[{"taxonomy":"product_brand","embeddable":true,"href":"http:\/\/vozolvapen.de\/pl\/wp-json\/wp\/v2\/product_brand?post=31839"},{"taxonomy":"product_cat","embeddable":true,"href":"http:\/\/vozolvapen.de\/pl\/wp-json\/wp\/v2\/product_cat?post=31839"},{"taxonomy":"product_tag","embeddable":true,"href":"http:\/\/vozolvapen.de\/pl\/wp-json\/wp\/v2\/product_tag?post=31839"}],"curies":[{"name":"wp","href":"https:\/\/api.w.org\/{rel}","templated":true}]}}