{"id":31892,"date":"2025-12-16T08:26:38","date_gmt":"2025-12-16T08:26:38","guid":{"rendered":"https:\/\/vozolvapen.de\/?post_type=product&#038;p=31892"},"modified":"2026-02-10T11:14:23","modified_gmt":"2026-02-10T11:14:23","slug":"puff-120k-bang-legend-120000-mojito-icy-dessert","status":"publish","type":"product","link":"http:\/\/vozolvapen.de\/pl\/product\/puff-120k-bang-legend-120000-mojito-icy-dessert\/","title":{"rendered":"Puff 120k Bang Legend 120000 - Mojito &amp; Icy Dessert"},"content":{"rendered":"<h1 data-path-to-node=\"86\">Smak 9: <b>Puff 120k Bang Legend 120k<\/b> | Legendarna mieszanka 5 w 1 (arbuz truskawkowy, l\u00f3d winogronowy, czerwone mojito, l\u00f3d bananowy, limonka cytrynowa)<\/h1>\n<p data-path-to-node=\"87\">The <b>Puff 120k Bang Legend 120k<\/b> Flavor 9 po mistrzowsku \u0142\u0105czy deserowo-s\u0142odkie, lodowe i inspirowane koktajlami smaki, z unikalnym dodatkiem Red Mojito i kremowego Banana Ice. Ten wysokowydajny, jednorazowy produkt 5 w 1 zaspokaja wyrafinowane podniebienia poszukuj\u0105ce czego\u015b wi\u0119cej ni\u017c standardowych smak\u00f3w owocowych. Kolosalny <b>120,000 Puff<\/b> pojemno\u015b\u0107, wspierana przez pot\u0119\u017cny akumulator, czyni go bezprecedensowym liderem w segmencie d\u0142ugowieczno\u015bci, gwarantuj\u0105c d\u0142ugotrwa\u0142\u0105 satysfakcj\u0119 klient\u00f3w i powtarzalno\u015b\u0107 transakcji.<\/p>\n<h2 data-path-to-node=\"88\">Podzia\u0142 profilu smakowego 5 w 1<\/h2>\n<table data-path-to-node=\"89\">\n<thead>\n<tr>\n<td><strong>Zbiornik<\/strong><\/td>\n<td><strong>Smak<\/strong><\/td>\n<td><strong>Opis<\/strong><\/td>\n<td><strong>Do\u015bwiadczenie<\/strong><\/td>\n<\/tr>\n<\/thead>\n<tbody>\n<tr>\n<td><span data-path-to-node=\"89,1,0,0\"><b>1<\/b><\/span><\/td>\n<td><span data-path-to-node=\"89,1,1,0\">Arbuz truskawkowy<\/span><\/td>\n<td><span data-path-to-node=\"89,1,2,0\">Kwintesencja s\u0142odkiej letniej mieszanki truskawek i \u015bwie\u017cego arbuza.<\/span><\/td>\n<td><span data-path-to-node=\"89,1,3,0\">Dojrza\u0142e, soczyste i powszechnie lubiane.<\/span><\/td>\n<\/tr>\n<tr>\n<td><span data-path-to-node=\"89,2,0,0\"><b>2<\/b><\/span><\/td>\n<td><span data-path-to-node=\"89,2,1,0\">L\u00f3d winogronowy<\/span><\/td>\n<td><span data-path-to-node=\"89,2,2,0\">S\u0142odki, ciemny smak winogron concord z silnie ch\u0142odz\u0105cym mentolem.<\/span><\/td>\n<td><span data-path-to-node=\"89,2,3,0\">S\u0142odki cukierek winogronowy z lodow\u0105 nut\u0105.<\/span><\/td>\n<\/tr>\n<tr>\n<td><span data-path-to-node=\"89,3,0,0\"><b>3<\/b><\/span><\/td>\n<td><span data-path-to-node=\"89,3,1,0\">Czerwone Mojito<\/span><\/td>\n<td><span data-path-to-node=\"89,3,2,0\">S\u0142odki, orze\u017awiaj\u0105cy koktajl o smaku truskawek, mi\u0119ty i limonki.<\/span><\/td>\n<td><span data-path-to-node=\"89,3,3,0\">Pikantny, mi\u0119towy i bardzo orze\u017awiaj\u0105cy.<\/span><\/td>\n<\/tr>\n<tr>\n<td><span data-path-to-node=\"89,4,0,0\"><b>4<\/b><\/span><\/td>\n<td><span data-path-to-node=\"89,4,1,0\">L\u00f3d bananowy<\/span><\/td>\n<td><span data-path-to-node=\"89,4,2,0\">Kremowy, s\u0142odki bananowy smak wzmocniony rze\u015bkim, orze\u017awiaj\u0105cym mentolowym finiszem.<\/span><\/td>\n<td><span data-path-to-node=\"89,4,3,0\">Tropikalna s\u0142odycz z ch\u0142odnym wydechem.<\/span><\/td>\n<\/tr>\n<tr>\n<td><span data-path-to-node=\"89,5,0,0\"><b>5<\/b><\/span><\/td>\n<td><span data-path-to-node=\"89,5,1,0\">Lemon Lime<\/span><\/td>\n<td><span data-path-to-node=\"89,5,2,0\">Klasyczna mieszanka cytrus\u00f3w, \u0142\u0105cz\u0105ca cierpk\u0105 cytryn\u0119 i soczyst\u0105 limonk\u0119.<\/span><\/td>\n<td><span data-path-to-node=\"89,5,3,0\">Czyste, kwa\u015bne i doskonale oczyszczaj\u0105ce podniebienie.<\/span><\/td>\n<\/tr>\n<\/tbody>\n<\/table>\n<h2 data-path-to-node=\"90\"><b>Bang Legend 120k<\/b> Podstawowe specyfikacje<\/h2>\n<table data-path-to-node=\"91\">\n<thead>\n<tr>\n<td><strong>Parametr<\/strong><\/td>\n<td><strong>Szczeg\u00f3\u0142y<\/strong><\/td>\n<\/tr>\n<\/thead>\n<tbody>\n<tr>\n<td><span data-path-to-node=\"91,1,0,0\"><b>Model<\/b><\/span><\/td>\n<td><span data-path-to-node=\"91,1,1,0\">Puff 120k Bang Legend 120k<\/span><\/td>\n<\/tr>\n<tr>\n<td><span data-path-to-node=\"91,2,0,0\"><b>Max Puffs<\/b><\/span><\/td>\n<td><span data-path-to-node=\"91,2,1,0\">Do 120000 zaci\u0105gni\u0119\u0107<\/span><\/td>\n<\/tr>\n<tr>\n<td><span data-path-to-node=\"91,3,0,0\"><b>System aromat\u00f3w<\/b><\/span><\/td>\n<td><span data-path-to-node=\"91,3,1,0\">Prze\u0142\u0105czane zbiorniki 5 w 1<\/span><\/td>\n<\/tr>\n<tr>\n<td><span data-path-to-node=\"91,4,0,0\"><b>Bateria<\/b><\/span><\/td>\n<td><span data-path-to-node=\"91,4,1,0\">Akumulator 850 mAh<\/span><\/td>\n<\/tr>\n<tr>\n<td><span data-path-to-node=\"91,5,0,0\"><b>Mocne strony nikotyny<\/b><\/span><\/td>\n<td><span data-path-to-node=\"91,5,1,0\">0%, 2%, 3%, 5% S\u00f3l nikotynowa<\/span><\/td>\n<\/tr>\n<tr>\n<td><span data-path-to-node=\"91,6,0,0\"><b>Cewka<\/b><\/span><\/td>\n<td><span data-path-to-node=\"91,6,1,0\">Cewka 5*Mesh zapewniaj\u0105ca optymalny smak<\/span><\/td>\n<\/tr>\n<tr>\n<td><span data-path-to-node=\"91,7,0,0\"><b>\u0141adowanie<\/b><\/span><\/td>\n<td><span data-path-to-node=\"91,7,1,0\">Port typu C<\/span><\/td>\n<\/tr>\n<tr>\n<td><span data-path-to-node=\"91,8,0,0\"><b>Wy\u015bwietlacz<\/b><\/span><\/td>\n<td><span data-path-to-node=\"91,8,1,0\">Ekran LED (liczba zaci\u0105gni\u0119\u0107, bateria, tryb smaku)<\/span><\/td>\n<\/tr>\n<\/tbody>\n<\/table>\n<h3 data-path-to-node=\"12\">Sprzeda\u017c hurtowa <b>Bang Vape<\/b> <b>Puff 120k<\/b> Z szybk\u0105 wysy\u0142k\u0105 do Europy<\/h3>\n<p>Wsp\u00f3\u0142pracuj z nami, aby oferowa\u0107 prze\u0142omowe <b>Puff 120k Bang Legend 120k<\/b> w Smak 9. Nasze zapasy znajduj\u0105 si\u0119 w europejskim magazynie, gwarantuj\u0105c dostaw\u0119 w ci\u0105gu 1-3 dni. Zam\u00f3w hurtowo 10 sztuk w opakowaniu ju\u017c dzi\u015b i zmaksymalizuj swoje przychody dzi\u0119ki temu legendarnemu urz\u0105dzeniu.<\/p>\n<h2><strong>Puff 120k Bang Legend 120000 Vape <\/strong><strong>Wideo\uff1a<\/strong><\/h2>\n<p><iframe src=\"https:\/\/player.vimeo.com\/video\/1150263248?badge=0&amp;autopause=0&amp;player_id=0&amp;app_id=58479\" width=\"400\" height=\"711\" frameborder=\"0\" allow=\"autoplay; fullscreen; picture-in-picture; clipboard-write; encrypted-media; web-share\" referrerpolicy=\"strict-origin-when-cross-origin\" title=\"Bang Legend 120k Puffs: Rewolucyjny system smak\u00f3w 5 w 1 | Hurtownia Bang Vape\"><\/iframe><\/p>\n<h3 dir=\"auto\">Oto dalsze zalecenia dla Ciebie:<\/h3>\n<p dir=\"auto\">Odkryj jeszcze wi\u0119cej niesamowitych smak\u00f3w dzi\u0119ki Puff 120k Bang Legend 120000 Vape!<\/p>\n<p dir=\"auto\"><a href=\"https:\/\/vozolvapen.de\/pl\/product-category\/bang-vape\/puff-120k-bang-legend-120000-vape\/\" target=\"_blank\" rel=\"noopener noreferrer nofollow\">Zobacz wszystkie odmiany tutaj \u2192<\/a><\/p>\n<p dir=\"auto\">Zapoznaj si\u0119 z nasz\u0105 pe\u0142n\u0105 kolekcj\u0105 i kupuj produkty najlepszych marek vape, kt\u00f3re pokochasz.<\/p>\n<p dir=\"auto\"><a href=\"https:\/\/vozolvapen.de\/pl\/\" target=\"_blank\" rel=\"noopener noreferrer nofollow\">Przegl\u0105daj teraz wszystkie marki \u2192<\/a><\/p>\n<p dir=\"auto\">Sprawd\u017a ca\u0142\u0105 seri\u0119 Bang Vape - ka\u017cdy smak, ka\u017cdy styl!<\/p>\n<p dir=\"auto\"><a href=\"https:\/\/vozolvapen.de\/pl\/product-category\/bang-vape\/\" target=\"_blank\" rel=\"noopener noreferrer nofollow\">Zobacz pe\u0142n\u0105 kolekcj\u0119 Bang Vape \u2192<\/a><\/p>","protected":false},"excerpt":{"rendered":"<p><b>Sk\u00f3rka z koktajlu i kremowa mieszanka deserowa:<\/b> Wyrafinowana mieszanka, kt\u00f3ra przechodzi od pikantnej \u015bwie\u017co\u015bci Red Mojito do g\u0142adkiej, kremowej s\u0142odyczy Banana Ice.<\/p>","protected":false},"featured_media":32112,"comment_status":"open","ping_status":"closed","template":"","meta":{"_acf_changed":false},"product_brand":[],"product_cat":[134,81],"product_tag":[],"class_list":{"0":"post-31892","1":"product","2":"type-product","3":"status-publish","4":"has-post-thumbnail","6":"product_cat-eu-warehouse-in-stock","7":"product_cat-puff-120k-bang-legend-120000-vape","9":"first","10":"instock","11":"shipping-taxable","12":"purchasable","13":"product-type-variable"},"acf":[],"yoast_head":"<!-- This site is optimized with the Yoast SEO Premium plugin v26.1 (Yoast SEO v27.5) - https:\/\/yoast.com\/product\/yoast-seo-premium-wordpress\/ -->\n<title>Bang Legend 120k Flavor 9: Red Mojito, Banana Ice, 5-in-1 Vape | Bang 120k Wholesale - vozolvapen<\/title>\n<meta name=\"description\" content=\"Stock the Bang Legend 120k Flavor 9 wholesale! A 120k Puff blend: Strawberry Watermelon, Grape Ice, Red Mojito, Banana Ice, and Lemon Lime. Available 0-5% Nicotine. Fast 1-3 day EU delivery.\" \/>\n<meta name=\"robots\" content=\"index, follow, max-snippet:-1, max-image-preview:large, max-video-preview:-1\" \/>\n<link rel=\"canonical\" href=\"https:\/\/vozolvapen.de\/pl\/product\/puff-120k-bang-legend-120000-mojito-icy-dessert\/\" \/>\n<meta property=\"og:locale\" content=\"pl_PL\" \/>\n<meta property=\"og:type\" content=\"article\" \/>\n<meta property=\"og:title\" content=\"Puff 120k Bang Legend 120000 - Mojito &amp; Icy Dessert\" \/>\n<meta property=\"og:description\" content=\"Stock the Bang Legend 120k Flavor 9 wholesale! A 120k Puff blend: Strawberry Watermelon, Grape Ice, Red Mojito, Banana Ice, and Lemon Lime. Available 0-5% Nicotine. Fast 1-3 day EU delivery.\" \/>\n<meta property=\"og:url\" content=\"https:\/\/vozolvapen.de\/pl\/product\/puff-120k-bang-legend-120000-mojito-icy-dessert\/\" \/>\n<meta property=\"og:site_name\" content=\"vozolvapen\" \/>\n<meta property=\"article:modified_time\" content=\"2026-02-10T11:14:23+00:00\" \/>\n<meta property=\"og:image\" content=\"https:\/\/vozolvapen.de\/wp-content\/uploads\/2025\/12\/Puff-120k-Bang-Legend-120k-strawberry-watermelon-grape-ice-red-mojito-banana-ice-lemon-lime.jpg.webp\" \/>\n\t<meta property=\"og:image:width\" content=\"1200\" \/>\n\t<meta property=\"og:image:height\" content=\"1200\" \/>\n\t<meta property=\"og:image:type\" content=\"image\/webp\" \/>\n<meta name=\"twitter:card\" content=\"summary_large_image\" \/>\n<meta name=\"twitter:label1\" content=\"Szacowany czas czytania\" \/>\n\t<meta name=\"twitter:data1\" content=\"2 minuty\" \/>\n<script type=\"application\/ld+json\" class=\"yoast-schema-graph\">{\"@context\":\"https:\\\/\\\/schema.org\",\"@graph\":[{\"@type\":\"WebPage\",\"@id\":\"https:\\\/\\\/vozolvapen.de\\\/product\\\/puff-120k-bang-legend-120000-mojito-icy-dessert\\\/\",\"url\":\"https:\\\/\\\/vozolvapen.de\\\/product\\\/puff-120k-bang-legend-120000-mojito-icy-dessert\\\/\",\"name\":\"Bang Legend 120k Flavor 9: Red Mojito, Banana Ice, 5-in-1 Vape | Bang 120k Wholesale - vozolvapen\",\"isPartOf\":{\"@id\":\"https:\\\/\\\/vozolvapen.de\\\/#website\"},\"primaryImageOfPage\":{\"@id\":\"https:\\\/\\\/vozolvapen.de\\\/product\\\/puff-120k-bang-legend-120000-mojito-icy-dessert\\\/#primaryimage\"},\"image\":{\"@id\":\"https:\\\/\\\/vozolvapen.de\\\/product\\\/puff-120k-bang-legend-120000-mojito-icy-dessert\\\/#primaryimage\"},\"thumbnailUrl\":\"https:\\\/\\\/vozolvapen.de\\\/wp-content\\\/uploads\\\/2025\\\/12\\\/Puff-120k-Bang-Legend-120k-strawberry-watermelon-grape-ice-red-mojito-banana-ice-lemon-lime.jpg.webp\",\"datePublished\":\"2025-12-16T08:26:38+00:00\",\"dateModified\":\"2026-02-10T11:14:23+00:00\",\"description\":\"Stock the Bang Legend 120k Flavor 9 wholesale! A 120k Puff blend: Strawberry Watermelon, Grape Ice, Red Mojito, Banana Ice, and Lemon Lime. Available 0-5% Nicotine. Fast 1-3 day EU delivery.\",\"breadcrumb\":{\"@id\":\"https:\\\/\\\/vozolvapen.de\\\/product\\\/puff-120k-bang-legend-120000-mojito-icy-dessert\\\/#breadcrumb\"},\"inLanguage\":\"pl-PL\",\"potentialAction\":[{\"@type\":\"ReadAction\",\"target\":[\"https:\\\/\\\/vozolvapen.de\\\/product\\\/puff-120k-bang-legend-120000-mojito-icy-dessert\\\/\"]}]},{\"@type\":\"ImageObject\",\"inLanguage\":\"pl-PL\",\"@id\":\"https:\\\/\\\/vozolvapen.de\\\/product\\\/puff-120k-bang-legend-120000-mojito-icy-dessert\\\/#primaryimage\",\"url\":\"https:\\\/\\\/vozolvapen.de\\\/wp-content\\\/uploads\\\/2025\\\/12\\\/Puff-120k-Bang-Legend-120k-strawberry-watermelon-grape-ice-red-mojito-banana-ice-lemon-lime.jpg.webp\",\"contentUrl\":\"https:\\\/\\\/vozolvapen.de\\\/wp-content\\\/uploads\\\/2025\\\/12\\\/Puff-120k-Bang-Legend-120k-strawberry-watermelon-grape-ice-red-mojito-banana-ice-lemon-lime.jpg.webp\",\"width\":1200,\"height\":1200,\"caption\":\"Puff 120k Bang Legend 120k - strawberry-watermelon-grape-ice-red-mojito-banana-ice-lemon-lime.jpg\"},{\"@type\":\"BreadcrumbList\",\"@id\":\"https:\\\/\\\/vozolvapen.de\\\/product\\\/puff-120k-bang-legend-120000-mojito-icy-dessert\\\/#breadcrumb\",\"itemListElement\":[{\"@type\":\"ListItem\",\"position\":1,\"name\":\"Home\",\"item\":\"https:\\\/\\\/vozolvapen.de\\\/de\\\/\"},{\"@type\":\"ListItem\",\"position\":2,\"name\":\"Shop\",\"item\":\"https:\\\/\\\/vozolvapen.de\\\/shop\\\/\"},{\"@type\":\"ListItem\",\"position\":3,\"name\":\"Puff 120k Bang Legend 120000 &#8211; Mojito &#038; Icy Dessert\"}]},{\"@type\":\"WebSite\",\"@id\":\"https:\\\/\\\/vozolvapen.de\\\/#website\",\"url\":\"https:\\\/\\\/vozolvapen.de\\\/\",\"name\":\"vozolvapen\",\"description\":\"vozolvapen\",\"publisher\":{\"@id\":\"https:\\\/\\\/vozolvapen.de\\\/#organization\"},\"potentialAction\":[{\"@type\":\"SearchAction\",\"target\":{\"@type\":\"EntryPoint\",\"urlTemplate\":\"https:\\\/\\\/vozolvapen.de\\\/?s={search_term_string}\"},\"query-input\":{\"@type\":\"PropertyValueSpecification\",\"valueRequired\":true,\"valueName\":\"search_term_string\"}}],\"inLanguage\":\"pl-PL\"},{\"@type\":\"Organization\",\"@id\":\"https:\\\/\\\/vozolvapen.de\\\/#organization\",\"name\":\"vozolvapen\",\"url\":\"https:\\\/\\\/vozolvapen.de\\\/\",\"logo\":{\"@type\":\"ImageObject\",\"inLanguage\":\"pl-PL\",\"@id\":\"https:\\\/\\\/vozolvapen.de\\\/#\\\/schema\\\/logo\\\/image\\\/\",\"url\":\"https:\\\/\\\/vozolvapen.de\\\/wp-content\\\/uploads\\\/2025\\\/12\\\/cropped-vozovapen-logo.webp\",\"contentUrl\":\"https:\\\/\\\/vozolvapen.de\\\/wp-content\\\/uploads\\\/2025\\\/12\\\/cropped-vozovapen-logo.webp\",\"width\":470,\"height\":110,\"caption\":\"vozolvapen\"},\"image\":{\"@id\":\"https:\\\/\\\/vozolvapen.de\\\/#\\\/schema\\\/logo\\\/image\\\/\"}}]}<\/script>\n<!-- \/ Yoast SEO Premium plugin. -->","yoast_head_json":{"title":"Bang Legend 120k Flavor 9: Red Mojito, Banana Ice, 5-in-1 Vape | Bang 120k Wholesale - vozolvapen","description":"Zaopatrz si\u0119 w Bang Legend 120k Flavor 9 hurtowo! Mieszanka 120k Puff: Strawberry Watermelon, Grape Ice, Red Mojito, Banana Ice i Lemon Lime. Dost\u0119pna zawarto\u015b\u0107 nikotyny 0-5%. Szybka dostawa na terenie UE w ci\u0105gu 1-3 dni.","robots":{"index":"index","follow":"follow","max-snippet":"max-snippet:-1","max-image-preview":"max-image-preview:large","max-video-preview":"max-video-preview:-1"},"canonical":"https:\/\/vozolvapen.de\/pl\/product\/puff-120k-bang-legend-120000-mojito-icy-dessert\/","og_locale":"pl_PL","og_type":"article","og_title":"Puff 120k Bang Legend 120000 - Mojito & Icy Dessert","og_description":"Stock the Bang Legend 120k Flavor 9 wholesale! A 120k Puff blend: Strawberry Watermelon, Grape Ice, Red Mojito, Banana Ice, and Lemon Lime. Available 0-5% Nicotine. Fast 1-3 day EU delivery.","og_url":"https:\/\/vozolvapen.de\/pl\/product\/puff-120k-bang-legend-120000-mojito-icy-dessert\/","og_site_name":"vozolvapen","article_modified_time":"2026-02-10T11:14:23+00:00","og_image":[{"width":1200,"height":1200,"url":"https:\/\/vozolvapen.de\/wp-content\/uploads\/2025\/12\/Puff-120k-Bang-Legend-120k-strawberry-watermelon-grape-ice-red-mojito-banana-ice-lemon-lime.jpg.webp","type":"image\/webp"}],"twitter_card":"summary_large_image","twitter_misc":{"Szacowany czas czytania":"2 minuty"},"schema":{"@context":"https:\/\/schema.org","@graph":[{"@type":"WebPage","@id":"https:\/\/vozolvapen.de\/product\/puff-120k-bang-legend-120000-mojito-icy-dessert\/","url":"https:\/\/vozolvapen.de\/product\/puff-120k-bang-legend-120000-mojito-icy-dessert\/","name":"Bang Legend 120k Flavor 9: Red Mojito, Banana Ice, 5-in-1 Vape | Bang 120k Wholesale - vozolvapen","isPartOf":{"@id":"https:\/\/vozolvapen.de\/#website"},"primaryImageOfPage":{"@id":"https:\/\/vozolvapen.de\/product\/puff-120k-bang-legend-120000-mojito-icy-dessert\/#primaryimage"},"image":{"@id":"https:\/\/vozolvapen.de\/product\/puff-120k-bang-legend-120000-mojito-icy-dessert\/#primaryimage"},"thumbnailUrl":"https:\/\/vozolvapen.de\/wp-content\/uploads\/2025\/12\/Puff-120k-Bang-Legend-120k-strawberry-watermelon-grape-ice-red-mojito-banana-ice-lemon-lime.jpg.webp","datePublished":"2025-12-16T08:26:38+00:00","dateModified":"2026-02-10T11:14:23+00:00","description":"Zaopatrz si\u0119 w Bang Legend 120k Flavor 9 hurtowo! Mieszanka 120k Puff: Strawberry Watermelon, Grape Ice, Red Mojito, Banana Ice i Lemon Lime. Dost\u0119pna zawarto\u015b\u0107 nikotyny 0-5%. Szybka dostawa na terenie UE w ci\u0105gu 1-3 dni.","breadcrumb":{"@id":"https:\/\/vozolvapen.de\/product\/puff-120k-bang-legend-120000-mojito-icy-dessert\/#breadcrumb"},"inLanguage":"pl-PL","potentialAction":[{"@type":"ReadAction","target":["https:\/\/vozolvapen.de\/product\/puff-120k-bang-legend-120000-mojito-icy-dessert\/"]}]},{"@type":"ImageObject","inLanguage":"pl-PL","@id":"https:\/\/vozolvapen.de\/product\/puff-120k-bang-legend-120000-mojito-icy-dessert\/#primaryimage","url":"https:\/\/vozolvapen.de\/wp-content\/uploads\/2025\/12\/Puff-120k-Bang-Legend-120k-strawberry-watermelon-grape-ice-red-mojito-banana-ice-lemon-lime.jpg.webp","contentUrl":"https:\/\/vozolvapen.de\/wp-content\/uploads\/2025\/12\/Puff-120k-Bang-Legend-120k-strawberry-watermelon-grape-ice-red-mojito-banana-ice-lemon-lime.jpg.webp","width":1200,"height":1200,"caption":"Puff 120k Bang Legend 120k - strawberry-watermelon-grape-ice-red-mojito-banana-ice-lemon-lime.jpg"},{"@type":"BreadcrumbList","@id":"https:\/\/vozolvapen.de\/product\/puff-120k-bang-legend-120000-mojito-icy-dessert\/#breadcrumb","itemListElement":[{"@type":"ListItem","position":1,"name":"Home","item":"https:\/\/vozolvapen.de\/de\/"},{"@type":"ListItem","position":2,"name":"Shop","item":"https:\/\/vozolvapen.de\/shop\/"},{"@type":"ListItem","position":3,"name":"Puff 120k Bang Legend 120000 &#8211; Mojito &#038; Icy Dessert"}]},{"@type":"WebSite","@id":"https:\/\/vozolvapen.de\/#website","url":"https:\/\/vozolvapen.de\/","name":"vozolvapen","description":"vozolvapen","publisher":{"@id":"https:\/\/vozolvapen.de\/#organization"},"potentialAction":[{"@type":"SearchAction","target":{"@type":"EntryPoint","urlTemplate":"https:\/\/vozolvapen.de\/?s={search_term_string}"},"query-input":{"@type":"PropertyValueSpecification","valueRequired":true,"valueName":"search_term_string"}}],"inLanguage":"pl-PL"},{"@type":"Organization","@id":"https:\/\/vozolvapen.de\/#organization","name":"vozolvapen","url":"https:\/\/vozolvapen.de\/","logo":{"@type":"ImageObject","inLanguage":"pl-PL","@id":"https:\/\/vozolvapen.de\/#\/schema\/logo\/image\/","url":"https:\/\/vozolvapen.de\/wp-content\/uploads\/2025\/12\/cropped-vozovapen-logo.webp","contentUrl":"https:\/\/vozolvapen.de\/wp-content\/uploads\/2025\/12\/cropped-vozovapen-logo.webp","width":470,"height":110,"caption":"vozolvapen"},"image":{"@id":"https:\/\/vozolvapen.de\/#\/schema\/logo\/image\/"}}]}},"tiered_pricing_type":"fixed","tiered_pricing_fixed_rules":{"30":"14.14","50":"12.14","100":"11.14","200":"9.64"},"tiered_pricing_product_settings":{"layout":"default","base_unit_name":{"singular":null,"plural":null},"default_variation":null},"tiered_pricing_minimum_quantity":10,"tiered_pricing_roles_data":[],"tiered_pricing_percentage_rules":[],"tiered_pricing_maximum_quantity":null,"tiered_pricing_quantity_step":"10","_links":{"self":[{"href":"http:\/\/vozolvapen.de\/pl\/wp-json\/wp\/v2\/product\/31892","targetHints":{"allow":["GET"]}}],"collection":[{"href":"http:\/\/vozolvapen.de\/pl\/wp-json\/wp\/v2\/product"}],"about":[{"href":"http:\/\/vozolvapen.de\/pl\/wp-json\/wp\/v2\/types\/product"}],"replies":[{"embeddable":true,"href":"http:\/\/vozolvapen.de\/pl\/wp-json\/wp\/v2\/comments?post=31892"}],"wp:featuredmedia":[{"embeddable":true,"href":"http:\/\/vozolvapen.de\/pl\/wp-json\/wp\/v2\/media\/32112"}],"wp:attachment":[{"href":"http:\/\/vozolvapen.de\/pl\/wp-json\/wp\/v2\/media?parent=31892"}],"wp:term":[{"taxonomy":"product_brand","embeddable":true,"href":"http:\/\/vozolvapen.de\/pl\/wp-json\/wp\/v2\/product_brand?post=31892"},{"taxonomy":"product_cat","embeddable":true,"href":"http:\/\/vozolvapen.de\/pl\/wp-json\/wp\/v2\/product_cat?post=31892"},{"taxonomy":"product_tag","embeddable":true,"href":"http:\/\/vozolvapen.de\/pl\/wp-json\/wp\/v2\/product_tag?post=31892"}],"curies":[{"name":"wp","href":"https:\/\/api.w.org\/{rel}","templated":true}]}}