{"id":32051,"date":"2025-12-16T08:26:46","date_gmt":"2025-12-16T08:26:46","guid":{"rendered":"https:\/\/vozolvapen.de\/?post_type=product&#038;p=32051"},"modified":"2026-02-10T11:14:16","modified_gmt":"2026-02-10T11:14:16","slug":"puff-120k-bang-legend-120000-blue-fusion-dessert","status":"publish","type":"product","link":"http:\/\/vozolvapen.de\/pl\/product\/puff-120k-bang-legend-120000-blue-fusion-dessert\/","title":{"rendered":"Puff 120k Bang Legend 120000 - Blue Fusion &amp; Dessert"},"content":{"rendered":"<h1 data-path-to-node=\"116\">Smak 12: <b>Puff 120k Bang Legend 120k<\/b> | Legendarna mieszanka 5 w 1 (truskawka kiwi, jagoda arbuz, nied\u017awied\u017a kr\u00f3wka, jagoda guma balonowa, kwa\u015bne mango ananas)<\/h1>\n<p data-path-to-node=\"117\">The <b>Puff 120k Bang Legend 120k<\/b> Flavor 12 to najbardziej wyj\u0105tkowy zestaw smak\u00f3w, zaprojektowany z my\u015bl\u0105 o klientach poszukuj\u0105cych odwa\u017cnych, nietypowych po\u0142\u0105cze\u0144 - od dekadenckiego profilu deserowego Bear Fudge po kapry\u015bn\u0105 gum\u0119 balonow\u0105 Blueberry Bubble Gum. Ten system 5 w 1 zapewnia, \u017ce monumentalny <b>120,000 Puff<\/b> \u017cywotno\u015bci towarzyszy r\u00f3wnie ekscytuj\u0105ca podr\u00f3\u017c smakowa. The <b>Bang 120k<\/b> \u0142\u0105czy w sobie rewolucyjn\u0105 technologi\u0119 prze\u0142\u0105cznika smaku z ogromn\u0105 trwa\u0142o\u015bci\u0105, dzi\u0119ki czemu jest to urz\u0105dzenie o najwy\u017cszej wytrzyma\u0142o\u015bci i r\u00f3\u017cnorodno\u015bci na rynku.<\/p>\n<h2 data-path-to-node=\"118\">Podzia\u0142 profilu smakowego 5 w 1<\/h2>\n<table data-path-to-node=\"119\">\n<thead>\n<tr>\n<td><strong>Zbiornik<\/strong><\/td>\n<td><strong>Smak<\/strong><\/td>\n<td><strong>Opis<\/strong><\/td>\n<td><strong>Do\u015bwiadczenie<\/strong><\/td>\n<\/tr>\n<\/thead>\n<tbody>\n<tr>\n<td><span data-path-to-node=\"119,1,0,0\"><b>1<\/b><\/span><\/td>\n<td><span data-path-to-node=\"119,1,1,0\">Truskawka Kiwi<\/span><\/td>\n<td><span data-path-to-node=\"119,1,2,0\">S\u0142odka, soczysta truskawka zr\u00f3wnowa\u017cona cierpk\u0105, jasn\u0105 nut\u0105 kiwi.<\/span><\/td>\n<td><span data-path-to-node=\"119,1,3,0\">Klasyczny i orze\u017awiaj\u0105cy owocowy vape.<\/span><\/td>\n<\/tr>\n<tr>\n<td><span data-path-to-node=\"119,2,0,0\"><b>2<\/b><\/span><\/td>\n<td><span data-path-to-node=\"119,2,1,0\">Arbuz jagodowy<\/span><\/td>\n<td><span data-path-to-node=\"119,2,2,0\">Soczysty, dojrza\u0142y arbuz nasycony s\u0142odk\u0105 g\u0142\u0119bi\u0105 bor\u00f3wki.<\/span><\/td>\n<td><span data-path-to-node=\"119,2,3,0\">Orze\u017awiaj\u0105ce i \u0142agodne po\u0142\u0105czenie jag\u00f3d i melona.<\/span><\/td>\n<\/tr>\n<tr>\n<td><span data-path-to-node=\"119,3,0,0\"><b>3<\/b><\/span><\/td>\n<td><span data-path-to-node=\"119,3,1,0\">Nied\u017awiedzia Kr\u00f3wka<\/span><\/td>\n<td><span data-path-to-node=\"119,3,2,0\">Bogaty, s\u0142odki i pocieszaj\u0105cy smak deseru przypominaj\u0105cy czekoladowe kr\u00f3wki lub \u017celki.<\/span><\/td>\n<td><span data-path-to-node=\"119,3,3,0\">S\u0142odki, dekadencki i intensywnie satysfakcjonuj\u0105cy.<\/span><\/td>\n<\/tr>\n<tr>\n<td><span data-path-to-node=\"119,4,0,0\"><b>4<\/b><\/span><\/td>\n<td><span data-path-to-node=\"119,4,1,0\">Jagodowa guma balonowa<\/span><\/td>\n<td><span data-path-to-node=\"119,4,2,0\">S\u0142odki smak jag\u00f3d po\u0142\u0105czony ze s\u0142odk\u0105, ci\u0105gn\u0105c\u0105 si\u0119 esencj\u0105 gumy balonowej.<\/span><\/td>\n<td><span data-path-to-node=\"119,4,3,0\">Zabawne, znajome i figlarnie s\u0142odkie.<\/span><\/td>\n<\/tr>\n<tr>\n<td><span data-path-to-node=\"119,5,0,0\"><b>5<\/b><\/span><\/td>\n<td><span data-path-to-node=\"119,5,1,0\">Kwa\u015bny ananas z mango<\/span><\/td>\n<td><span data-path-to-node=\"119,5,2,0\">Tropikalne mango i pikantny ananas z dodatkiem ostrej, kwa\u015bnej nuty.<\/span><\/td>\n<td><span data-path-to-node=\"119,5,3,0\">Pikantny, tropikalny poncz z ekscytuj\u0105cym posmakiem.<\/span><\/td>\n<\/tr>\n<\/tbody>\n<\/table>\n<h2 data-path-to-node=\"120\"><b>Bang Legend 120k<\/b> Podstawowe specyfikacje<\/h2>\n<table data-path-to-node=\"121\">\n<thead>\n<tr>\n<td><strong>Parametr<\/strong><\/td>\n<td><strong>Szczeg\u00f3\u0142y<\/strong><\/td>\n<\/tr>\n<\/thead>\n<tbody>\n<tr>\n<td><span data-path-to-node=\"121,1,0,0\"><b>Model<\/b><\/span><\/td>\n<td><span data-path-to-node=\"121,1,1,0\">Puff 120k Bang Legend 120k<\/span><\/td>\n<\/tr>\n<tr>\n<td><span data-path-to-node=\"121,2,0,0\"><b>Max Puffs<\/b><\/span><\/td>\n<td><span data-path-to-node=\"121,2,1,0\">Do 120000 zaci\u0105gni\u0119\u0107<\/span><\/td>\n<\/tr>\n<tr>\n<td><span data-path-to-node=\"121,3,0,0\"><b>System aromat\u00f3w<\/b><\/span><\/td>\n<td><span data-path-to-node=\"121,3,1,0\">Prze\u0142\u0105czane zbiorniki 5 w 1<\/span><\/td>\n<\/tr>\n<tr>\n<td><span data-path-to-node=\"121,4,0,0\"><b>Bateria<\/b><\/span><\/td>\n<td><span data-path-to-node=\"121,4,1,0\">Akumulator 850 mAh<\/span><\/td>\n<\/tr>\n<tr>\n<td><span data-path-to-node=\"121,5,0,0\"><b>Mocne strony nikotyny<\/b><\/span><\/td>\n<td><span data-path-to-node=\"121,5,1,0\">0%, 2%, 3%, 5% S\u00f3l nikotynowa<\/span><\/td>\n<\/tr>\n<tr>\n<td><span data-path-to-node=\"121,6,0,0\"><b>Cewka<\/b><\/span><\/td>\n<td><span data-path-to-node=\"121,6,1,0\">Cewka 5*Mesh zapewniaj\u0105ca optymalny smak<\/span><\/td>\n<\/tr>\n<tr>\n<td><span data-path-to-node=\"121,7,0,0\"><b>\u0141adowanie<\/b><\/span><\/td>\n<td><span data-path-to-node=\"121,7,1,0\">Port typu C<\/span><\/td>\n<\/tr>\n<tr>\n<td><span data-path-to-node=\"121,8,0,0\"><b>Wy\u015bwietlacz<\/b><\/span><\/td>\n<td><span data-path-to-node=\"121,8,1,0\">Ekran LED (liczba zaci\u0105gni\u0119\u0107, bateria, tryb smaku)<\/span><\/td>\n<\/tr>\n<\/tbody>\n<\/table>\n<h3 data-path-to-node=\"12\">Sprzeda\u017c hurtowa <b>Bang Vape<\/b> <b>Puff 120k<\/b> Z szybk\u0105 wysy\u0142k\u0105 do Europy<\/h3>\n<p>Wsp\u00f3\u0142pracuj z nami, aby oferowa\u0107 prze\u0142omowe <b>Puff 120k Bang Legend 120k<\/b> w Smak 12. Nasze zapasy znajduj\u0105 si\u0119 w europejskim magazynie, gwarantuj\u0105c dostaw\u0119 w ci\u0105gu 1-3 dni. Zam\u00f3w hurtowo 10 sztuk w opakowaniu ju\u017c dzi\u015b i zmaksymalizuj swoje przychody dzi\u0119ki temu legendarnemu urz\u0105dzeniu.<\/p>\n<h2><strong>Puff 120k Bang Legend 120000 Vape <\/strong><strong>Wideo\uff1a<\/strong><\/h2>\n<p><iframe title=\"Bang Legend 120k Puffs: Rewolucyjny system smak\u00f3w 5 w 1 | Hurtownia Bang Vape\" src=\"https:\/\/player.vimeo.com\/video\/1150263248?badge=0&amp;autopause=0&amp;player_id=0&amp;app_id=58479\" width=\"400\" height=\"711\" frameborder=\"0\"><\/iframe><\/p>\n<h3 dir=\"auto\">Oto dalsze zalecenia dla Ciebie:<\/h3>\n<p dir=\"auto\">Odkryj jeszcze wi\u0119cej niesamowitych smak\u00f3w dzi\u0119ki Puff 120k Bang Legend 120000 Vape!<\/p>\n<p dir=\"auto\"><a href=\"https:\/\/vozolvapen.de\/pl\/product-category\/bang-vape\/puff-120k-bang-legend-120000-vape\/\" target=\"_blank\" rel=\"noopener noreferrer nofollow\">Zobacz wszystkie odmiany tutaj \u2192<\/a><\/p>\n<p dir=\"auto\">Zapoznaj si\u0119 z nasz\u0105 pe\u0142n\u0105 kolekcj\u0105 i kupuj produkty najlepszych marek vape, kt\u00f3re pokochasz.<\/p>\n<p dir=\"auto\"><a href=\"https:\/\/vozolvapen.de\/pl\/\" target=\"_blank\" rel=\"noopener noreferrer nofollow\">Przegl\u0105daj teraz wszystkie marki \u2192<\/a><\/p>\n<p dir=\"auto\">Sprawd\u017a ca\u0142\u0105 seri\u0119 Bang Vape - ka\u017cdy smak, ka\u017cdy styl!<\/p>\n<p dir=\"auto\"><a href=\"https:\/\/vozolvapen.de\/pl\/product-category\/bang-vape\/\" target=\"_blank\" rel=\"noopener noreferrer nofollow\">Zobacz pe\u0142n\u0105 kolekcj\u0119 Bang Vape \u2192<\/a><\/p>","protected":false},"excerpt":{"rendered":"<p><b>Odwa\u017cny deser i kwa\u015bny cukierek:<\/b> Najbardziej wyj\u0105tkowa odmiana, zaprojektowana z my\u015bl\u0105 o eksploracji, o pob\u0142a\u017cliwym deserowym smaku Bear Fudge i ekscytuj\u0105cym smaku Sour Mango Pineapple.<\/p>","protected":false},"featured_media":32115,"comment_status":"open","ping_status":"closed","template":"","meta":{"_acf_changed":false},"product_brand":[],"product_cat":[134,81],"product_tag":[],"class_list":{"0":"post-32051","1":"product","2":"type-product","3":"status-publish","4":"has-post-thumbnail","6":"product_cat-eu-warehouse-in-stock","7":"product_cat-puff-120k-bang-legend-120000-vape","9":"first","10":"instock","11":"shipping-taxable","12":"purchasable","13":"product-type-variable"},"acf":[],"yoast_head":"<!-- This site is optimized with the Yoast SEO Premium plugin v26.1 (Yoast SEO v27.5) - https:\/\/yoast.com\/product\/yoast-seo-premium-wordpress\/ -->\n<title>Bang Legend 120k Flavor 12: Blueberry Watermelon, Bear Fudge, 5-in-1 Vape | Puff 120k Wholesale - vozolvapen<\/title>\n<meta name=\"description\" content=\"Get the Bang Legend 120k Flavor 12 wholesale! A 120k Puff blend: Strawberry Kiwi, Blueberry Watermelon, Bear Fudge, Blueberry Bubble Gum, and Sour Mango Pineapple. 0-5% Nicotine. Fast 1-3 day shipping from Europe.\" \/>\n<meta name=\"robots\" content=\"index, follow, max-snippet:-1, max-image-preview:large, max-video-preview:-1\" \/>\n<link rel=\"canonical\" href=\"https:\/\/vozolvapen.de\/pl\/product\/puff-120k-bang-legend-120000-blue-fusion-dessert\/\" \/>\n<meta property=\"og:locale\" content=\"pl_PL\" \/>\n<meta property=\"og:type\" content=\"article\" \/>\n<meta property=\"og:title\" content=\"Puff 120k Bang Legend 120000 - Blue Fusion &amp; Dessert\" \/>\n<meta property=\"og:description\" content=\"Get the Bang Legend 120k Flavor 12 wholesale! A 120k Puff blend: Strawberry Kiwi, Blueberry Watermelon, Bear Fudge, Blueberry Bubble Gum, and Sour Mango Pineapple. 0-5% Nicotine. Fast 1-3 day shipping from Europe.\" \/>\n<meta property=\"og:url\" content=\"https:\/\/vozolvapen.de\/pl\/product\/puff-120k-bang-legend-120000-blue-fusion-dessert\/\" \/>\n<meta property=\"og:site_name\" content=\"vozolvapen\" \/>\n<meta property=\"article:modified_time\" content=\"2026-02-10T11:14:16+00:00\" \/>\n<meta property=\"og:image\" content=\"https:\/\/vozolvapen.de\/wp-content\/uploads\/2025\/12\/Puff-120k-Bang-Legend-120k-strawberry-kiwi-blueberry-watermelon-bear-fudge-blueberry-bubble-gum-sour-mango-pineapple.jpg.webp\" \/>\n\t<meta property=\"og:image:width\" content=\"1200\" \/>\n\t<meta property=\"og:image:height\" content=\"1200\" \/>\n\t<meta property=\"og:image:type\" content=\"image\/webp\" \/>\n<meta name=\"twitter:card\" content=\"summary_large_image\" \/>\n<meta name=\"twitter:label1\" content=\"Szacowany czas czytania\" \/>\n\t<meta name=\"twitter:data1\" content=\"2 minuty\" \/>\n<script type=\"application\/ld+json\" class=\"yoast-schema-graph\">{\"@context\":\"https:\\\/\\\/schema.org\",\"@graph\":[{\"@type\":\"WebPage\",\"@id\":\"https:\\\/\\\/vozolvapen.de\\\/product\\\/puff-120k-bang-legend-120000-blue-fusion-dessert\\\/\",\"url\":\"https:\\\/\\\/vozolvapen.de\\\/product\\\/puff-120k-bang-legend-120000-blue-fusion-dessert\\\/\",\"name\":\"Bang Legend 120k Flavor 12: Blueberry Watermelon, Bear Fudge, 5-in-1 Vape | Puff 120k Wholesale - vozolvapen\",\"isPartOf\":{\"@id\":\"https:\\\/\\\/vozolvapen.de\\\/#website\"},\"primaryImageOfPage\":{\"@id\":\"https:\\\/\\\/vozolvapen.de\\\/product\\\/puff-120k-bang-legend-120000-blue-fusion-dessert\\\/#primaryimage\"},\"image\":{\"@id\":\"https:\\\/\\\/vozolvapen.de\\\/product\\\/puff-120k-bang-legend-120000-blue-fusion-dessert\\\/#primaryimage\"},\"thumbnailUrl\":\"https:\\\/\\\/vozolvapen.de\\\/wp-content\\\/uploads\\\/2025\\\/12\\\/Puff-120k-Bang-Legend-120k-strawberry-kiwi-blueberry-watermelon-bear-fudge-blueberry-bubble-gum-sour-mango-pineapple.jpg.webp\",\"datePublished\":\"2025-12-16T08:26:46+00:00\",\"dateModified\":\"2026-02-10T11:14:16+00:00\",\"description\":\"Get the Bang Legend 120k Flavor 12 wholesale! A 120k Puff blend: Strawberry Kiwi, Blueberry Watermelon, Bear Fudge, Blueberry Bubble Gum, and Sour Mango Pineapple. 0-5% Nicotine. Fast 1-3 day shipping from Europe.\",\"breadcrumb\":{\"@id\":\"https:\\\/\\\/vozolvapen.de\\\/product\\\/puff-120k-bang-legend-120000-blue-fusion-dessert\\\/#breadcrumb\"},\"inLanguage\":\"pl-PL\",\"potentialAction\":[{\"@type\":\"ReadAction\",\"target\":[\"https:\\\/\\\/vozolvapen.de\\\/product\\\/puff-120k-bang-legend-120000-blue-fusion-dessert\\\/\"]}]},{\"@type\":\"ImageObject\",\"inLanguage\":\"pl-PL\",\"@id\":\"https:\\\/\\\/vozolvapen.de\\\/product\\\/puff-120k-bang-legend-120000-blue-fusion-dessert\\\/#primaryimage\",\"url\":\"https:\\\/\\\/vozolvapen.de\\\/wp-content\\\/uploads\\\/2025\\\/12\\\/Puff-120k-Bang-Legend-120k-strawberry-kiwi-blueberry-watermelon-bear-fudge-blueberry-bubble-gum-sour-mango-pineapple.jpg.webp\",\"contentUrl\":\"https:\\\/\\\/vozolvapen.de\\\/wp-content\\\/uploads\\\/2025\\\/12\\\/Puff-120k-Bang-Legend-120k-strawberry-kiwi-blueberry-watermelon-bear-fudge-blueberry-bubble-gum-sour-mango-pineapple.jpg.webp\",\"width\":1200,\"height\":1200,\"caption\":\"Puff 120k Bang Legend 120k - strawberry-kiwi-blueberry-watermelon-bear-fudge-blueberry-bubble-gum-sour-mango-pineapple.jpg\"},{\"@type\":\"BreadcrumbList\",\"@id\":\"https:\\\/\\\/vozolvapen.de\\\/product\\\/puff-120k-bang-legend-120000-blue-fusion-dessert\\\/#breadcrumb\",\"itemListElement\":[{\"@type\":\"ListItem\",\"position\":1,\"name\":\"Home\",\"item\":\"https:\\\/\\\/vozolvapen.de\\\/de\\\/\"},{\"@type\":\"ListItem\",\"position\":2,\"name\":\"Shop\",\"item\":\"https:\\\/\\\/vozolvapen.de\\\/shop\\\/\"},{\"@type\":\"ListItem\",\"position\":3,\"name\":\"Puff 120k Bang Legend 120000 &#8211; Blue Fusion &#038; Dessert\"}]},{\"@type\":\"WebSite\",\"@id\":\"https:\\\/\\\/vozolvapen.de\\\/#website\",\"url\":\"https:\\\/\\\/vozolvapen.de\\\/\",\"name\":\"vozolvapen\",\"description\":\"vozolvapen\",\"publisher\":{\"@id\":\"https:\\\/\\\/vozolvapen.de\\\/#organization\"},\"potentialAction\":[{\"@type\":\"SearchAction\",\"target\":{\"@type\":\"EntryPoint\",\"urlTemplate\":\"https:\\\/\\\/vozolvapen.de\\\/?s={search_term_string}\"},\"query-input\":{\"@type\":\"PropertyValueSpecification\",\"valueRequired\":true,\"valueName\":\"search_term_string\"}}],\"inLanguage\":\"pl-PL\"},{\"@type\":\"Organization\",\"@id\":\"https:\\\/\\\/vozolvapen.de\\\/#organization\",\"name\":\"vozolvapen\",\"url\":\"https:\\\/\\\/vozolvapen.de\\\/\",\"logo\":{\"@type\":\"ImageObject\",\"inLanguage\":\"pl-PL\",\"@id\":\"https:\\\/\\\/vozolvapen.de\\\/#\\\/schema\\\/logo\\\/image\\\/\",\"url\":\"https:\\\/\\\/vozolvapen.de\\\/wp-content\\\/uploads\\\/2025\\\/12\\\/cropped-vozovapen-logo.webp\",\"contentUrl\":\"https:\\\/\\\/vozolvapen.de\\\/wp-content\\\/uploads\\\/2025\\\/12\\\/cropped-vozovapen-logo.webp\",\"width\":470,\"height\":110,\"caption\":\"vozolvapen\"},\"image\":{\"@id\":\"https:\\\/\\\/vozolvapen.de\\\/#\\\/schema\\\/logo\\\/image\\\/\"}}]}<\/script>\n<!-- \/ Yoast SEO Premium plugin. -->","yoast_head_json":{"title":"Bang Legend 120k Flavor 12: Blueberry Watermelon, Bear Fudge, 5-in-1 Vape | Puff 120k Wholesale - vozolvapen","description":"Kup Bang Legend 120k Flavor 12 hurtowo! Mieszanka 120k Puff: Strawberry Kiwi, Blueberry Watermelon, Bear Fudge, Blueberry Bubble Gum i Sour Mango Pineapple. Nikotyna 0-5%. Szybka wysy\u0142ka z Europy w ci\u0105gu 1-3 dni.","robots":{"index":"index","follow":"follow","max-snippet":"max-snippet:-1","max-image-preview":"max-image-preview:large","max-video-preview":"max-video-preview:-1"},"canonical":"https:\/\/vozolvapen.de\/pl\/product\/puff-120k-bang-legend-120000-blue-fusion-dessert\/","og_locale":"pl_PL","og_type":"article","og_title":"Puff 120k Bang Legend 120000 - Blue Fusion & Dessert","og_description":"Get the Bang Legend 120k Flavor 12 wholesale! A 120k Puff blend: Strawberry Kiwi, Blueberry Watermelon, Bear Fudge, Blueberry Bubble Gum, and Sour Mango Pineapple. 0-5% Nicotine. Fast 1-3 day shipping from Europe.","og_url":"https:\/\/vozolvapen.de\/pl\/product\/puff-120k-bang-legend-120000-blue-fusion-dessert\/","og_site_name":"vozolvapen","article_modified_time":"2026-02-10T11:14:16+00:00","og_image":[{"width":1200,"height":1200,"url":"https:\/\/vozolvapen.de\/wp-content\/uploads\/2025\/12\/Puff-120k-Bang-Legend-120k-strawberry-kiwi-blueberry-watermelon-bear-fudge-blueberry-bubble-gum-sour-mango-pineapple.jpg.webp","type":"image\/webp"}],"twitter_card":"summary_large_image","twitter_misc":{"Szacowany czas czytania":"2 minuty"},"schema":{"@context":"https:\/\/schema.org","@graph":[{"@type":"WebPage","@id":"https:\/\/vozolvapen.de\/product\/puff-120k-bang-legend-120000-blue-fusion-dessert\/","url":"https:\/\/vozolvapen.de\/product\/puff-120k-bang-legend-120000-blue-fusion-dessert\/","name":"Bang Legend 120k Flavor 12: Blueberry Watermelon, Bear Fudge, 5-in-1 Vape | Puff 120k Wholesale - vozolvapen","isPartOf":{"@id":"https:\/\/vozolvapen.de\/#website"},"primaryImageOfPage":{"@id":"https:\/\/vozolvapen.de\/product\/puff-120k-bang-legend-120000-blue-fusion-dessert\/#primaryimage"},"image":{"@id":"https:\/\/vozolvapen.de\/product\/puff-120k-bang-legend-120000-blue-fusion-dessert\/#primaryimage"},"thumbnailUrl":"https:\/\/vozolvapen.de\/wp-content\/uploads\/2025\/12\/Puff-120k-Bang-Legend-120k-strawberry-kiwi-blueberry-watermelon-bear-fudge-blueberry-bubble-gum-sour-mango-pineapple.jpg.webp","datePublished":"2025-12-16T08:26:46+00:00","dateModified":"2026-02-10T11:14:16+00:00","description":"Kup Bang Legend 120k Flavor 12 hurtowo! Mieszanka 120k Puff: Strawberry Kiwi, Blueberry Watermelon, Bear Fudge, Blueberry Bubble Gum i Sour Mango Pineapple. Nikotyna 0-5%. Szybka wysy\u0142ka z Europy w ci\u0105gu 1-3 dni.","breadcrumb":{"@id":"https:\/\/vozolvapen.de\/product\/puff-120k-bang-legend-120000-blue-fusion-dessert\/#breadcrumb"},"inLanguage":"pl-PL","potentialAction":[{"@type":"ReadAction","target":["https:\/\/vozolvapen.de\/product\/puff-120k-bang-legend-120000-blue-fusion-dessert\/"]}]},{"@type":"ImageObject","inLanguage":"pl-PL","@id":"https:\/\/vozolvapen.de\/product\/puff-120k-bang-legend-120000-blue-fusion-dessert\/#primaryimage","url":"https:\/\/vozolvapen.de\/wp-content\/uploads\/2025\/12\/Puff-120k-Bang-Legend-120k-strawberry-kiwi-blueberry-watermelon-bear-fudge-blueberry-bubble-gum-sour-mango-pineapple.jpg.webp","contentUrl":"https:\/\/vozolvapen.de\/wp-content\/uploads\/2025\/12\/Puff-120k-Bang-Legend-120k-strawberry-kiwi-blueberry-watermelon-bear-fudge-blueberry-bubble-gum-sour-mango-pineapple.jpg.webp","width":1200,"height":1200,"caption":"Puff 120k Bang Legend 120k - strawberry-kiwi-blueberry-watermelon-bear-fudge-blueberry-bubble-gum-sour-mango-pineapple.jpg"},{"@type":"BreadcrumbList","@id":"https:\/\/vozolvapen.de\/product\/puff-120k-bang-legend-120000-blue-fusion-dessert\/#breadcrumb","itemListElement":[{"@type":"ListItem","position":1,"name":"Home","item":"https:\/\/vozolvapen.de\/de\/"},{"@type":"ListItem","position":2,"name":"Shop","item":"https:\/\/vozolvapen.de\/shop\/"},{"@type":"ListItem","position":3,"name":"Puff 120k Bang Legend 120000 &#8211; Blue Fusion &#038; Dessert"}]},{"@type":"WebSite","@id":"https:\/\/vozolvapen.de\/#website","url":"https:\/\/vozolvapen.de\/","name":"vozolvapen","description":"vozolvapen","publisher":{"@id":"https:\/\/vozolvapen.de\/#organization"},"potentialAction":[{"@type":"SearchAction","target":{"@type":"EntryPoint","urlTemplate":"https:\/\/vozolvapen.de\/?s={search_term_string}"},"query-input":{"@type":"PropertyValueSpecification","valueRequired":true,"valueName":"search_term_string"}}],"inLanguage":"pl-PL"},{"@type":"Organization","@id":"https:\/\/vozolvapen.de\/#organization","name":"vozolvapen","url":"https:\/\/vozolvapen.de\/","logo":{"@type":"ImageObject","inLanguage":"pl-PL","@id":"https:\/\/vozolvapen.de\/#\/schema\/logo\/image\/","url":"https:\/\/vozolvapen.de\/wp-content\/uploads\/2025\/12\/cropped-vozovapen-logo.webp","contentUrl":"https:\/\/vozolvapen.de\/wp-content\/uploads\/2025\/12\/cropped-vozovapen-logo.webp","width":470,"height":110,"caption":"vozolvapen"},"image":{"@id":"https:\/\/vozolvapen.de\/#\/schema\/logo\/image\/"}}]}},"tiered_pricing_type":"fixed","tiered_pricing_fixed_rules":{"30":"14.14","50":"12.14","100":"11.14","200":"9.64"},"tiered_pricing_product_settings":{"layout":"default","base_unit_name":{"singular":null,"plural":null},"default_variation":null},"tiered_pricing_minimum_quantity":10,"tiered_pricing_roles_data":[],"tiered_pricing_percentage_rules":[],"tiered_pricing_maximum_quantity":null,"tiered_pricing_quantity_step":"10","_links":{"self":[{"href":"http:\/\/vozolvapen.de\/pl\/wp-json\/wp\/v2\/product\/32051","targetHints":{"allow":["GET"]}}],"collection":[{"href":"http:\/\/vozolvapen.de\/pl\/wp-json\/wp\/v2\/product"}],"about":[{"href":"http:\/\/vozolvapen.de\/pl\/wp-json\/wp\/v2\/types\/product"}],"replies":[{"embeddable":true,"href":"http:\/\/vozolvapen.de\/pl\/wp-json\/wp\/v2\/comments?post=32051"}],"wp:featuredmedia":[{"embeddable":true,"href":"http:\/\/vozolvapen.de\/pl\/wp-json\/wp\/v2\/media\/32115"}],"wp:attachment":[{"href":"http:\/\/vozolvapen.de\/pl\/wp-json\/wp\/v2\/media?parent=32051"}],"wp:term":[{"taxonomy":"product_brand","embeddable":true,"href":"http:\/\/vozolvapen.de\/pl\/wp-json\/wp\/v2\/product_brand?post=32051"},{"taxonomy":"product_cat","embeddable":true,"href":"http:\/\/vozolvapen.de\/pl\/wp-json\/wp\/v2\/product_cat?post=32051"},{"taxonomy":"product_tag","embeddable":true,"href":"http:\/\/vozolvapen.de\/pl\/wp-json\/wp\/v2\/product_tag?post=32051"}],"curies":[{"name":"wp","href":"https:\/\/api.w.org\/{rel}","templated":true}]}}