{"id":32145,"date":"2025-12-17T07:03:03","date_gmt":"2025-12-17T07:03:03","guid":{"rendered":"https:\/\/vozolvapen.de\/?post_type=product&#038;p=32145"},"modified":"2026-04-27T07:09:21","modified_gmt":"2026-04-27T07:09:21","slug":"vozol-star-20000-blue-razz-ice","status":"publish","type":"product","link":"http:\/\/vozolvapen.de\/pl\/product\/vozol-star-20000-blue-razz-ice\/","title":{"rendered":"Vozol Star 20000 - Blue Razz Ice"},"content":{"rendered":"<h1><strong style=\"font-size: 16px;\">Poznaj Blue Razz Ice z pierwszym na \u015bwiecie jednorazowym waporyzatorem HD Mirror Screen 2,2\u2033.<\/strong><span style=\"font-size: 16px;\"> VOZOL Star 20000 zapewnia do 20 000 zaci\u0105gni\u0119\u0107 o sta\u0142ym smaku, zasilany technologi\u0105 podw\u00f3jnej cewki siatkowej i akumulatorem 650 mAh.<\/span><\/h1>\n<div class=\"flavor-profile\" style=\"background-color: #f9f9f9; padding: 20px; margin: 20px 0; border-radius: 8px;\">\n<h3>Profil smakowy: Blue Razz Ice<\/h3>\n<p>Klasyczna atrakcja dla t\u0142um\u00f3w, <b>Blue Razz Ice<\/b> zapewnia pikantn\u0105 eksplozj\u0119 smaku niebieskich cukierk\u00f3w malinowych, doskonale zbalansowan\u0105 orze\u017awiaj\u0105cym podmuchem lodowatego mentolu. Doskonale \u0142\u0105czy w sobie s\u0142odycz i cierpko\u015b\u0107, dzi\u0119ki czemu jest to idealna propozycja na ca\u0142y dzie\u0144 dla mi\u0142o\u015bnik\u00f3w owoc\u00f3w.<\/p>\n<\/div>\n<div class=\"product-specs\">\n<h3>Specyfikacja i funkcje<\/h3>\n<table style=\"width: 100%; border-collapse: collapse; margin-top: 10px;\">\n<tbody>\n<tr style=\"border-bottom: 1px solid #ddd;\">\n<td style=\"padding: 10px;\"><strong>Puff Count<\/strong><\/td>\n<td style=\"padding: 10px;\">Do 20 000 zaci\u0105gni\u0119\u0107 (tryb ECO) \/ 15 000 (tryb POWER)<\/td>\n<\/tr>\n<tr style=\"border-bottom: 1px solid #ddd;\">\n<td style=\"padding: 10px;\"><strong>Ekran<\/strong><\/td>\n<td style=\"padding: 10px;\">2,2-calowy wy\u015bwietlacz lustrzany HD (poziom na\u0142adowania baterii i e-cieczy)<\/td>\n<\/tr>\n<tr style=\"border-bottom: 1px solid #ddd;\">\n<td style=\"padding: 10px;\"><strong>Cewka<\/strong><\/td>\n<td style=\"padding: 10px;\">Podw\u00f3jna cewka siatkowa 0,65\u03a9 (\u0142agodniejszy smak)<\/td>\n<\/tr>\n<tr style=\"border-bottom: 1px solid #ddd;\">\n<td style=\"padding: 10px;\"><strong>Bateria<\/strong><\/td>\n<td style=\"padding: 10px;\">Akumulator 650 mAh (typ C)<\/td>\n<\/tr>\n<tr style=\"border-bottom: 1px solid #ddd;\">\n<td style=\"padding: 10px;\"><strong>Nikotyna<\/strong><\/td>\n<td style=\"padding: 10px;\">5% (50mg) S\u00f3l nikotynowa<\/td>\n<\/tr>\n<tr style=\"border-bottom: 1px solid #ddd;\">\n<td style=\"padding: 10px;\"><strong>Pojemno\u015b\u0107<\/strong><\/td>\n<td style=\"padding: 10px;\">E-liquid wst\u0119pnie nape\u0142niony 20 ml<\/td>\n<\/tr>\n<tr>\n<td style=\"padding: 10px;\"><strong>Projekt<\/strong><\/td>\n<td style=\"padding: 10px;\">Futurystyczna estetyka z lustrzanym wyko\u0144czeniem<\/td>\n<\/tr>\n<\/tbody>\n<\/table>\n<\/div>\n<div class=\"product-seo-footer\" style=\"margin-top: 30px;\">\n<h3>Dlaczego warto wybra\u0107 VOZOL Star 20000?<\/h3>\n<p>The <strong>VOZOL Star 20k<\/strong> na nowo definiuje jednorazow\u0105 waporyzacj\u0119 dzi\u0119ki swoim <strong>Tryb podw\u00f3jnego zasilania<\/strong>. Prze\u0142\u0105cz na <strong>Tryb POWER<\/strong> dla intensywnych uderze\u0144 w gard\u0142o i ogromnych chmur lub trzymaj si\u0119 <strong>Tryb ECO<\/strong> aby zmaksymalizowa\u0107 trwa\u0142o\u015b\u0107 do 20 000 zaci\u0105gni\u0119\u0107. Niezale\u017cnie od tego, czy jeste\u015b w Niemczech, Holandii czy Hiszpanii, ciesz si\u0119 szybk\u0105 wysy\u0142k\u0105 z naszego europejskiego magazynu.<\/p>\n<p><strong>W pude\u0142ku:<\/strong> 1 x VOZOL Star 20000 Vape jednorazowego u\u017cytku (Blue Razz Ice)<\/p>\n<h3 dir=\"auto\">Oto dalsze zalecenia dla Ciebie:<\/h3>\n<p dir=\"auto\">Odkryj jeszcze wi\u0119cej niesamowitych smak\u00f3w dzi\u0119ki Vozol Star 20000 Puff Vape!<\/p>\n<p dir=\"auto\"><a href=\"https:\/\/vozolvapen.de\/pl\/product-category\/vozol-vape\/vozol-star-20000-puffs-vape\/\" target=\"_blank\" rel=\"noopener noreferrer nofollow\">Zobacz wszystkie odmiany tutaj \u2192<\/a><\/p>\n<p dir=\"auto\">Zapoznaj si\u0119 z nasz\u0105 pe\u0142n\u0105 kolekcj\u0105 i kupuj produkty najlepszych marek vape, kt\u00f3re pokochasz.<\/p>\n<p dir=\"auto\"><a href=\"https:\/\/vozolvapen.de\/pl\/\" target=\"_blank\" rel=\"noopener noreferrer nofollow\">Przegl\u0105daj teraz wszystkie marki \u2192<\/a><\/p>\n<p dir=\"auto\">Sprawd\u017a ca\u0142\u0105 seri\u0119 VOZOL Vape - ka\u017cdy smak, ka\u017cdy styl!<\/p>\n<p dir=\"auto\"><a href=\"https:\/\/vozolvapen.de\/pl\/product-category\/vozol-vape\/\" target=\"_blank\" rel=\"noopener noreferrer nofollow\">Zobacz pe\u0142n\u0105 kolekcj\u0119 VOZOL Vape \u2192<\/a><\/p>\n<\/div>","protected":false},"excerpt":{"rendered":"<p data-path-to-node=\"5,0\">Ciesz si\u0119 idealn\u0105 r\u00f3wnowag\u0105 s\u0142odyczy i cierpko\u015bci dzi\u0119ki <b>Blue Razz Ice<\/b>. Smak ten zapewnia mocny smak niebieskiej maliny podczas wdechu, zako\u0144czony orze\u017awiaj\u0105cym lodowatym wydechem. Zasilany przez podw\u00f3jn\u0105 cewk\u0119 siatkow\u0105 VOZOL Star 20000, jest to rze\u015bki, ca\u0142odzienny waporyzator dla mi\u0142o\u015bnik\u00f3w jag\u00f3d.<\/p>\n<p dir=\"auto\"><strong>MOQ tylko 3 sztuki<\/strong> - Ka\u017cda sztuka mo\u017ce by\u0107 mieszana z dowolnym smakiem (1 szt. = 1 smak). Idealne dla ma\u0142ych zam\u00f3wie\u0144 i sprzedawc\u00f3w detalicznych. Szybka wysy\u0142ka z europejskiego magazynu w ci\u0105gu 1-3 dni.<\/p>","protected":false},"featured_media":32505,"comment_status":"open","ping_status":"closed","template":"","meta":{"_acf_changed":false},"product_brand":[],"product_cat":[134,82],"product_tag":[],"class_list":{"0":"post-32145","1":"product","2":"type-product","3":"status-publish","4":"has-post-thumbnail","6":"product_cat-eu-warehouse-in-stock","7":"product_cat-vozol-star-20000-puffs-vape","9":"first","10":"instock","11":"shipping-taxable","12":"purchasable","13":"product-type-variable"},"acf":[],"yoast_head":"<!-- This site is optimized with the Yoast SEO Premium plugin v26.1 (Yoast SEO v27.5) - https:\/\/yoast.com\/product\/yoast-seo-premium-wordpress\/ -->\n<title>VOZOL Star 20000 Blue Razz Ice | 20k Puffs Disposable Vape - vozolvapen<\/title>\n<meta name=\"description\" content=\"Buy VOZOL Star 20000 Blue Razz Ice. A perfect blend of tart blue raspberries and icy menthol. 20,000 puffs, dual mesh coil, HD mirror screen. Fast EU shipping.\" \/>\n<meta name=\"robots\" content=\"index, follow, max-snippet:-1, max-image-preview:large, max-video-preview:-1\" \/>\n<link rel=\"canonical\" href=\"https:\/\/vozolvapen.de\/pl\/product\/vozol-star-20000-blue-razz-ice\/\" \/>\n<meta property=\"og:locale\" content=\"pl_PL\" \/>\n<meta property=\"og:type\" content=\"article\" \/>\n<meta property=\"og:title\" content=\"Vozol Star 20000 - Blue Razz Ice\" \/>\n<meta property=\"og:description\" content=\"Buy VOZOL Star 20000 Blue Razz Ice. A perfect blend of tart blue raspberries and icy menthol. 20,000 puffs, dual mesh coil, HD mirror screen. Fast EU shipping.\" \/>\n<meta property=\"og:url\" content=\"https:\/\/vozolvapen.de\/pl\/product\/vozol-star-20000-blue-razz-ice\/\" \/>\n<meta property=\"og:site_name\" content=\"vozolvapen\" \/>\n<meta property=\"article:modified_time\" content=\"2026-04-27T07:09:21+00:00\" \/>\n<meta property=\"og:image\" content=\"https:\/\/vozolvapen.de\/wp-content\/uploads\/2025\/12\/Vozol-Star-20000-Blue-Razz-Ice.webp\" \/>\n\t<meta property=\"og:image:width\" content=\"1080\" \/>\n\t<meta property=\"og:image:height\" content=\"1080\" \/>\n\t<meta property=\"og:image:type\" content=\"image\/webp\" \/>\n<meta name=\"twitter:card\" content=\"summary_large_image\" \/>\n<meta name=\"twitter:label1\" content=\"Szacowany czas czytania\" \/>\n\t<meta name=\"twitter:data1\" content=\"1 minuta\" \/>\n<script type=\"application\/ld+json\" class=\"yoast-schema-graph\">{\"@context\":\"https:\\\/\\\/schema.org\",\"@graph\":[{\"@type\":\"WebPage\",\"@id\":\"https:\\\/\\\/vozolvapen.de\\\/product\\\/vozol-star-20000-blue-razz-ice\\\/\",\"url\":\"https:\\\/\\\/vozolvapen.de\\\/product\\\/vozol-star-20000-blue-razz-ice\\\/\",\"name\":\"VOZOL Star 20000 Blue Razz Ice | 20k Puffs Disposable Vape - vozolvapen\",\"isPartOf\":{\"@id\":\"https:\\\/\\\/vozolvapen.de\\\/#website\"},\"primaryImageOfPage\":{\"@id\":\"https:\\\/\\\/vozolvapen.de\\\/product\\\/vozol-star-20000-blue-razz-ice\\\/#primaryimage\"},\"image\":{\"@id\":\"https:\\\/\\\/vozolvapen.de\\\/product\\\/vozol-star-20000-blue-razz-ice\\\/#primaryimage\"},\"thumbnailUrl\":\"https:\\\/\\\/vozolvapen.de\\\/wp-content\\\/uploads\\\/2025\\\/12\\\/Vozol-Star-20000-Blue-Razz-Ice.webp\",\"datePublished\":\"2025-12-17T07:03:03+00:00\",\"dateModified\":\"2026-04-27T07:09:21+00:00\",\"description\":\"Buy VOZOL Star 20000 Blue Razz Ice. A perfect blend of tart blue raspberries and icy menthol. 20,000 puffs, dual mesh coil, HD mirror screen. Fast EU shipping.\",\"breadcrumb\":{\"@id\":\"https:\\\/\\\/vozolvapen.de\\\/product\\\/vozol-star-20000-blue-razz-ice\\\/#breadcrumb\"},\"inLanguage\":\"pl-PL\",\"potentialAction\":[{\"@type\":\"ReadAction\",\"target\":[\"https:\\\/\\\/vozolvapen.de\\\/product\\\/vozol-star-20000-blue-razz-ice\\\/\"]}]},{\"@type\":\"ImageObject\",\"inLanguage\":\"pl-PL\",\"@id\":\"https:\\\/\\\/vozolvapen.de\\\/product\\\/vozol-star-20000-blue-razz-ice\\\/#primaryimage\",\"url\":\"https:\\\/\\\/vozolvapen.de\\\/wp-content\\\/uploads\\\/2025\\\/12\\\/Vozol-Star-20000-Blue-Razz-Ice.webp\",\"contentUrl\":\"https:\\\/\\\/vozolvapen.de\\\/wp-content\\\/uploads\\\/2025\\\/12\\\/Vozol-Star-20000-Blue-Razz-Ice.webp\",\"width\":1080,\"height\":1080,\"caption\":\"Vozol Star 20000 - Blue Razz Ice\"},{\"@type\":\"BreadcrumbList\",\"@id\":\"https:\\\/\\\/vozolvapen.de\\\/product\\\/vozol-star-20000-blue-razz-ice\\\/#breadcrumb\",\"itemListElement\":[{\"@type\":\"ListItem\",\"position\":1,\"name\":\"Home\",\"item\":\"https:\\\/\\\/vozolvapen.de\\\/de\\\/\"},{\"@type\":\"ListItem\",\"position\":2,\"name\":\"Shop\",\"item\":\"https:\\\/\\\/vozolvapen.de\\\/shop\\\/\"},{\"@type\":\"ListItem\",\"position\":3,\"name\":\"Vozol Star 20000 &#8211; Blue Razz Ice\"}]},{\"@type\":\"WebSite\",\"@id\":\"https:\\\/\\\/vozolvapen.de\\\/#website\",\"url\":\"https:\\\/\\\/vozolvapen.de\\\/\",\"name\":\"vozolvapen\",\"description\":\"vozolvapen\",\"publisher\":{\"@id\":\"https:\\\/\\\/vozolvapen.de\\\/#organization\"},\"potentialAction\":[{\"@type\":\"SearchAction\",\"target\":{\"@type\":\"EntryPoint\",\"urlTemplate\":\"https:\\\/\\\/vozolvapen.de\\\/?s={search_term_string}\"},\"query-input\":{\"@type\":\"PropertyValueSpecification\",\"valueRequired\":true,\"valueName\":\"search_term_string\"}}],\"inLanguage\":\"pl-PL\"},{\"@type\":\"Organization\",\"@id\":\"https:\\\/\\\/vozolvapen.de\\\/#organization\",\"name\":\"vozolvapen\",\"url\":\"https:\\\/\\\/vozolvapen.de\\\/\",\"logo\":{\"@type\":\"ImageObject\",\"inLanguage\":\"pl-PL\",\"@id\":\"https:\\\/\\\/vozolvapen.de\\\/#\\\/schema\\\/logo\\\/image\\\/\",\"url\":\"https:\\\/\\\/vozolvapen.de\\\/wp-content\\\/uploads\\\/2025\\\/12\\\/cropped-vozovapen-logo.webp\",\"contentUrl\":\"https:\\\/\\\/vozolvapen.de\\\/wp-content\\\/uploads\\\/2025\\\/12\\\/cropped-vozovapen-logo.webp\",\"width\":470,\"height\":110,\"caption\":\"vozolvapen\"},\"image\":{\"@id\":\"https:\\\/\\\/vozolvapen.de\\\/#\\\/schema\\\/logo\\\/image\\\/\"}}]}<\/script>\n<!-- \/ Yoast SEO Premium plugin. -->","yoast_head_json":{"title":"VOZOL Star 20000 Blue Razz Ice | 20k Puffs jednorazowy Vape - vozolvapen","description":"Kup VOZOL Star 20000 Blue Razz Ice. Doskona\u0142e po\u0142\u0105czenie cierpkich niebieskich malin i lodowatego mentolu. 20 000 zaci\u0105gni\u0119\u0107, podw\u00f3jna cewka siatkowa, lustrzany ekran HD. Szybka wysy\u0142ka na terenie UE.","robots":{"index":"index","follow":"follow","max-snippet":"max-snippet:-1","max-image-preview":"max-image-preview:large","max-video-preview":"max-video-preview:-1"},"canonical":"https:\/\/vozolvapen.de\/pl\/product\/vozol-star-20000-blue-razz-ice\/","og_locale":"pl_PL","og_type":"article","og_title":"Vozol Star 20000 - Blue Razz Ice","og_description":"Buy VOZOL Star 20000 Blue Razz Ice. A perfect blend of tart blue raspberries and icy menthol. 20,000 puffs, dual mesh coil, HD mirror screen. Fast EU shipping.","og_url":"https:\/\/vozolvapen.de\/pl\/product\/vozol-star-20000-blue-razz-ice\/","og_site_name":"vozolvapen","article_modified_time":"2026-04-27T07:09:21+00:00","og_image":[{"width":1080,"height":1080,"url":"https:\/\/vozolvapen.de\/wp-content\/uploads\/2025\/12\/Vozol-Star-20000-Blue-Razz-Ice.webp","type":"image\/webp"}],"twitter_card":"summary_large_image","twitter_misc":{"Szacowany czas czytania":"1 minuta"},"schema":{"@context":"https:\/\/schema.org","@graph":[{"@type":"WebPage","@id":"https:\/\/vozolvapen.de\/product\/vozol-star-20000-blue-razz-ice\/","url":"https:\/\/vozolvapen.de\/product\/vozol-star-20000-blue-razz-ice\/","name":"VOZOL Star 20000 Blue Razz Ice | 20k Puffs jednorazowy Vape - vozolvapen","isPartOf":{"@id":"https:\/\/vozolvapen.de\/#website"},"primaryImageOfPage":{"@id":"https:\/\/vozolvapen.de\/product\/vozol-star-20000-blue-razz-ice\/#primaryimage"},"image":{"@id":"https:\/\/vozolvapen.de\/product\/vozol-star-20000-blue-razz-ice\/#primaryimage"},"thumbnailUrl":"https:\/\/vozolvapen.de\/wp-content\/uploads\/2025\/12\/Vozol-Star-20000-Blue-Razz-Ice.webp","datePublished":"2025-12-17T07:03:03+00:00","dateModified":"2026-04-27T07:09:21+00:00","description":"Kup VOZOL Star 20000 Blue Razz Ice. Doskona\u0142e po\u0142\u0105czenie cierpkich niebieskich malin i lodowatego mentolu. 20 000 zaci\u0105gni\u0119\u0107, podw\u00f3jna cewka siatkowa, lustrzany ekran HD. Szybka wysy\u0142ka na terenie UE.","breadcrumb":{"@id":"https:\/\/vozolvapen.de\/product\/vozol-star-20000-blue-razz-ice\/#breadcrumb"},"inLanguage":"pl-PL","potentialAction":[{"@type":"ReadAction","target":["https:\/\/vozolvapen.de\/product\/vozol-star-20000-blue-razz-ice\/"]}]},{"@type":"ImageObject","inLanguage":"pl-PL","@id":"https:\/\/vozolvapen.de\/product\/vozol-star-20000-blue-razz-ice\/#primaryimage","url":"https:\/\/vozolvapen.de\/wp-content\/uploads\/2025\/12\/Vozol-Star-20000-Blue-Razz-Ice.webp","contentUrl":"https:\/\/vozolvapen.de\/wp-content\/uploads\/2025\/12\/Vozol-Star-20000-Blue-Razz-Ice.webp","width":1080,"height":1080,"caption":"Vozol Star 20000 - Blue Razz Ice"},{"@type":"BreadcrumbList","@id":"https:\/\/vozolvapen.de\/product\/vozol-star-20000-blue-razz-ice\/#breadcrumb","itemListElement":[{"@type":"ListItem","position":1,"name":"Home","item":"https:\/\/vozolvapen.de\/de\/"},{"@type":"ListItem","position":2,"name":"Shop","item":"https:\/\/vozolvapen.de\/shop\/"},{"@type":"ListItem","position":3,"name":"Vozol Star 20000 &#8211; Blue Razz Ice"}]},{"@type":"WebSite","@id":"https:\/\/vozolvapen.de\/#website","url":"https:\/\/vozolvapen.de\/","name":"vozolvapen","description":"vozolvapen","publisher":{"@id":"https:\/\/vozolvapen.de\/#organization"},"potentialAction":[{"@type":"SearchAction","target":{"@type":"EntryPoint","urlTemplate":"https:\/\/vozolvapen.de\/?s={search_term_string}"},"query-input":{"@type":"PropertyValueSpecification","valueRequired":true,"valueName":"search_term_string"}}],"inLanguage":"pl-PL"},{"@type":"Organization","@id":"https:\/\/vozolvapen.de\/#organization","name":"vozolvapen","url":"https:\/\/vozolvapen.de\/","logo":{"@type":"ImageObject","inLanguage":"pl-PL","@id":"https:\/\/vozolvapen.de\/#\/schema\/logo\/image\/","url":"https:\/\/vozolvapen.de\/wp-content\/uploads\/2025\/12\/cropped-vozovapen-logo.webp","contentUrl":"https:\/\/vozolvapen.de\/wp-content\/uploads\/2025\/12\/cropped-vozovapen-logo.webp","width":470,"height":110,"caption":"vozolvapen"},"image":{"@id":"https:\/\/vozolvapen.de\/#\/schema\/logo\/image\/"}}]}},"tiered_pricing_type":"fixed","tiered_pricing_fixed_rules":{"5":"17.06","10":"15.73","30":"13.73","50":"11.23"},"tiered_pricing_product_settings":{"layout":"default","base_unit_name":{"singular":null,"plural":null},"default_variation":null},"tiered_pricing_minimum_quantity":3,"tiered_pricing_roles_data":[],"tiered_pricing_percentage_rules":[],"tiered_pricing_maximum_quantity":null,"tiered_pricing_quantity_step":null,"_links":{"self":[{"href":"http:\/\/vozolvapen.de\/pl\/wp-json\/wp\/v2\/product\/32145","targetHints":{"allow":["GET"]}}],"collection":[{"href":"http:\/\/vozolvapen.de\/pl\/wp-json\/wp\/v2\/product"}],"about":[{"href":"http:\/\/vozolvapen.de\/pl\/wp-json\/wp\/v2\/types\/product"}],"replies":[{"embeddable":true,"href":"http:\/\/vozolvapen.de\/pl\/wp-json\/wp\/v2\/comments?post=32145"}],"wp:featuredmedia":[{"embeddable":true,"href":"http:\/\/vozolvapen.de\/pl\/wp-json\/wp\/v2\/media\/32505"}],"wp:attachment":[{"href":"http:\/\/vozolvapen.de\/pl\/wp-json\/wp\/v2\/media?parent=32145"}],"wp:term":[{"taxonomy":"product_brand","embeddable":true,"href":"http:\/\/vozolvapen.de\/pl\/wp-json\/wp\/v2\/product_brand?post=32145"},{"taxonomy":"product_cat","embeddable":true,"href":"http:\/\/vozolvapen.de\/pl\/wp-json\/wp\/v2\/product_cat?post=32145"},{"taxonomy":"product_tag","embeddable":true,"href":"http:\/\/vozolvapen.de\/pl\/wp-json\/wp\/v2\/product_tag?post=32145"}],"curies":[{"name":"wp","href":"https:\/\/api.w.org\/{rel}","templated":true}]}}