{"id":32961,"date":"2025-12-17T08:17:22","date_gmt":"2025-12-17T08:17:22","guid":{"rendered":"https:\/\/vozolvapen.de\/?post_type=product&#038;p=32961"},"modified":"2026-02-10T11:08:25","modified_gmt":"2026-02-10T11:08:25","slug":"puff-45k-bang-leader-45000-cola-ice-cherry-cranberry","status":"publish","type":"product","link":"http:\/\/vozolvapen.de\/pl\/product\/puff-45k-bang-leader-45000-cola-ice-cherry-cranberry\/","title":{"rendered":"Puff 45k Bang Leader 45000 - Cola Ice &amp; Cherry Cranberry"},"content":{"rendered":"<h1 data-path-to-node=\"15,3,0\"><b>H1:<\/b> Bang Leader 45000 - Cola Ice &amp; Cherry Cranberry (2 w 1)<\/h1>\n<p>The <b>Puff 45k Bang Leader 45000<\/b> przenosi sklep z napojami gazowanymi do Twojego waporyzatora. Prze\u0142\u0105czaj si\u0119 mi\u0119dzy rze\u015bk\u0105, gazowan\u0105 Cola Ice i wyrafinowan\u0105, cierpk\u0105 mieszank\u0105 Cherry Cranberry. Niezale\u017cnie od tego, czy masz ochot\u0119 na sch\u0142odzony nap\u00f3j, czy na z\u0142o\u017cony profil jagodowy, to <b>45k vape<\/b> zapewnia wydajn\u0105 moc i g\u0119st\u0105 par\u0119 dzi\u0119ki cewce siatkowej 0,8\u03a9.<\/p>\n<h2 data-path-to-node=\"15,4,0\"><b>Profil smakowy:<\/b><\/h2>\n<ul>\n<li data-path-to-node=\"15,4,1,0,0\"><b>Strona A - Cola Ice:<\/b> Klasyczny smak napoju gazowanego podawany z g\u00f3r\u0105 kruszonego lodu.<\/li>\n<li data-path-to-node=\"15,4,1,1,0\"><b>Strona B - Cherry Cranberry:<\/b> Wyrafinowana, cierpka i lekko s\u0142odka mieszanka czerwonych wi\u015bni i dzikiej \u017curawiny.<\/li>\n<\/ul>\n<h2 data-path-to-node=\"15,5,0\"><b>Dla kogo przeznaczony jest ten Bang Leader?<\/b><\/h2>\n<ul>\n<li data-path-to-node=\"15,5,1,0,0\"><b>Fani napoj\u00f3w gazowanych:<\/b> Strona A to doskona\u0142e odtworzenie sch\u0142odzonego napoju typu cola.<\/li>\n<li data-path-to-node=\"15,5,1,1,0\"><b>Wyrafinowane podniebienia:<\/b> Strona B oferuje mniej s\u0142odk\u0105, bardziej z\u0142o\u017con\u0105 cierpko\u015b\u0107.<\/li>\n<\/ul>\n<h2>Puff 45k Bang Leader 45000 Flavors Ratings<\/h2>\n<ul data-path-to-node=\"15\">\n<li>\n<p data-path-to-node=\"15,0,0\"><b>S\u0142odycz:<\/b> \u2605\u2605\u2605\u2606\u2606 (zr\u00f3wnowa\u017cony)<\/p>\n<\/li>\n<li>\n<p data-path-to-node=\"15,1,0\"><b>Poziom lodu:<\/b> \u2605\u2605\u2605\u2605\u2606<\/p>\n<\/li>\n<li>\n<p data-path-to-node=\"15,2,0\"><b>Aromat:<\/b> \u2605\u2605\u2605\u2605\u2605 (Soda i Tarta)<\/p>\n<\/li>\n<\/ul>\n<blockquote data-path-to-node=\"16\">\n<p data-path-to-node=\"16,0\"><b>Werdykt:<\/b> Wyj\u0105tkowy dla tych, kt\u00f3rzy lubi\u0105 smaki napoj\u00f3w lub ostry, cierpki smak \u017curawiny.<\/p>\n<\/blockquote>\n<h2 data-path-to-node=\"4,0\">Specyfikacja techniczna Bang Leader 45000<\/h2>\n<table data-path-to-node=\"11\">\n<thead>\n<tr>\n<td><strong>Cecha<\/strong><\/td>\n<td><strong>Szczeg\u00f3\u0142y<\/strong><\/td>\n<\/tr>\n<\/thead>\n<tbody>\n<tr>\n<td><span data-path-to-node=\"11,1,0,0\"><b>Marka<\/b><\/span><\/td>\n<td><span data-path-to-node=\"11,1,1,0\"><b>Bang Vape<\/b><\/span><\/td>\n<\/tr>\n<tr>\n<td><span data-path-to-node=\"11,2,0,0\"><b>Model<\/b><\/span><\/td>\n<td><span data-path-to-node=\"11,2,1,0\"><b>Bang Leader 45000<\/b><\/span><\/td>\n<\/tr>\n<tr>\n<td><span data-path-to-node=\"11,3,0,0\"><b>Pojemno\u015b\u0107 E-Liquid<\/b><\/span><\/td>\n<td><span data-path-to-node=\"11,3,1,0\">Wst\u0119pnie nape\u0142niony 40 ml<\/span><\/td>\n<\/tr>\n<tr>\n<td><span data-path-to-node=\"11,4,0,0\"><b>Puff Count<\/b><\/span><\/td>\n<td><span data-path-to-node=\"11,4,1,0\">Do <b>Puff 45000<\/b><\/span><\/td>\n<\/tr>\n<tr>\n<td><span data-path-to-node=\"11,5,0,0\"><b>Bateria<\/b><\/span><\/td>\n<td><span data-path-to-node=\"11,5,1,0\">Akumulator 750 mAh<\/span><\/td>\n<\/tr>\n<tr>\n<td><span data-path-to-node=\"11,6,0,0\"><b>Poziom nikotyny<\/b><\/span><\/td>\n<td><span data-path-to-node=\"11,6,1,0\">0% \/ 2% \/ 3% \/ 5%<\/span><\/td>\n<\/tr>\n<tr>\n<td><span data-path-to-node=\"11,7,0,0\"><b>Cewka<\/b><\/span><\/td>\n<td><span data-path-to-node=\"11,7,1,0\">Siatkowa cewka 0,8\u03a9<\/span><\/td>\n<\/tr>\n<\/tbody>\n<\/table>\n<h3 dir=\"auto\">Oto dalsze zalecenia dla Ciebie:<\/h3>\n<p dir=\"auto\">Odkryj jeszcze wi\u0119cej niesamowitych smak\u00f3w dzi\u0119ki Puff 45k Bang Leader 45000 Vape!<\/p>\n<p dir=\"auto\"><a href=\"https:\/\/vozolvapen.de\/pl\/product-category\/bang-vape\/puff-45k-bang-leader-45000-vape\/\" target=\"_blank\" rel=\"noopener noreferrer nofollow\">Zobacz wszystkie odmiany tutaj \u2192<\/a><\/p>\n<p dir=\"auto\">Zapoznaj si\u0119 z nasz\u0105 pe\u0142n\u0105 kolekcj\u0105 i kupuj produkty najlepszych marek vape, kt\u00f3re pokochasz.<\/p>\n<p dir=\"auto\"><a href=\"https:\/\/vozolvapen.de\/pl\/\" target=\"_blank\" rel=\"noopener noreferrer nofollow\">Przegl\u0105daj teraz wszystkie marki \u2192<\/a><\/p>\n<p dir=\"auto\">Sprawd\u017a ca\u0142\u0105 seri\u0119 Bang Vape - ka\u017cdy smak, ka\u017cdy styl!<\/p>\n<p dir=\"auto\"><a href=\"https:\/\/vozolvapen.de\/pl\/product-category\/bang-vape\/\" target=\"_blank\" rel=\"noopener noreferrer nofollow\">Zobacz pe\u0142n\u0105 kolekcj\u0119 Bang Vape \u2192<\/a><\/p>","protected":false},"excerpt":{"rendered":"<p>Zamie\u0144 musuj\u0105c\u0105, sch\u0142odzon\u0105 klasyczn\u0105 col\u0119 na wyrafinowan\u0105, cierpk\u0105 mieszank\u0119 wi\u015bni i \u017curawiny.<\/p>","protected":false},"featured_media":34043,"comment_status":"open","ping_status":"closed","template":"","meta":{"_acf_changed":false},"product_brand":[],"product_cat":[134,83],"product_tag":[],"class_list":{"0":"post-32961","1":"product","2":"type-product","3":"status-publish","4":"has-post-thumbnail","6":"product_cat-eu-warehouse-in-stock","7":"product_cat-puff-45k-bang-leader-45000-vape","9":"first","10":"instock","11":"shipping-taxable","12":"purchasable","13":"product-type-variable"},"acf":[],"yoast_head":"<!-- This site is optimized with the Yoast SEO Premium plugin v26.1 (Yoast SEO v27.5) - https:\/\/yoast.com\/product\/yoast-seo-premium-wordpress\/ -->\n<title>Cola Ice &amp; Cherry Cranberry | Bang Leader 45000 Vape - vozolvapen<\/title>\n<meta name=\"description\" content=\"Refresh with Cola Ice and Cherry Cranberry on one Bang Leader 45000 device. 45k puffs of beverage and berry goodness.\" \/>\n<meta name=\"robots\" content=\"index, follow, max-snippet:-1, max-image-preview:large, max-video-preview:-1\" \/>\n<link rel=\"canonical\" href=\"https:\/\/vozolvapen.de\/pl\/product\/puff-45k-bang-leader-45000-cola-ice-cherry-cranberry\/\" \/>\n<meta property=\"og:locale\" content=\"pl_PL\" \/>\n<meta property=\"og:type\" content=\"article\" \/>\n<meta property=\"og:title\" content=\"Puff 45k Bang Leader 45000 - Cola Ice &amp; Cherry Cranberry\" \/>\n<meta property=\"og:description\" content=\"Refresh with Cola Ice and Cherry Cranberry on one Bang Leader 45000 device. 45k puffs of beverage and berry goodness.\" \/>\n<meta property=\"og:url\" content=\"https:\/\/vozolvapen.de\/pl\/product\/puff-45k-bang-leader-45000-cola-ice-cherry-cranberry\/\" \/>\n<meta property=\"og:site_name\" content=\"vozolvapen\" \/>\n<meta property=\"article:modified_time\" content=\"2026-02-10T11:08:25+00:00\" \/>\n<meta property=\"og:image\" content=\"https:\/\/vozolvapen.de\/wp-content\/uploads\/2025\/12\/Puff-45k-Bang-Leader-45000-cola-ice-cherry-cranberry.jpg.webp\" \/>\n\t<meta property=\"og:image:width\" content=\"800\" \/>\n\t<meta property=\"og:image:height\" content=\"800\" \/>\n\t<meta property=\"og:image:type\" content=\"image\/webp\" \/>\n<meta name=\"twitter:card\" content=\"summary_large_image\" \/>\n<meta name=\"twitter:label1\" content=\"Szacowany czas czytania\" \/>\n\t<meta name=\"twitter:data1\" content=\"2 minuty\" \/>\n<script type=\"application\/ld+json\" class=\"yoast-schema-graph\">{\"@context\":\"https:\\\/\\\/schema.org\",\"@graph\":[{\"@type\":\"WebPage\",\"@id\":\"https:\\\/\\\/vozolvapen.de\\\/product\\\/puff-45k-bang-leader-45000-cola-ice-cherry-cranberry\\\/\",\"url\":\"https:\\\/\\\/vozolvapen.de\\\/product\\\/puff-45k-bang-leader-45000-cola-ice-cherry-cranberry\\\/\",\"name\":\"Cola Ice & Cherry Cranberry | Bang Leader 45000 Vape - vozolvapen\",\"isPartOf\":{\"@id\":\"https:\\\/\\\/vozolvapen.de\\\/#website\"},\"primaryImageOfPage\":{\"@id\":\"https:\\\/\\\/vozolvapen.de\\\/product\\\/puff-45k-bang-leader-45000-cola-ice-cherry-cranberry\\\/#primaryimage\"},\"image\":{\"@id\":\"https:\\\/\\\/vozolvapen.de\\\/product\\\/puff-45k-bang-leader-45000-cola-ice-cherry-cranberry\\\/#primaryimage\"},\"thumbnailUrl\":\"https:\\\/\\\/vozolvapen.de\\\/wp-content\\\/uploads\\\/2025\\\/12\\\/Puff-45k-Bang-Leader-45000-cola-ice-cherry-cranberry.jpg.webp\",\"datePublished\":\"2025-12-17T08:17:22+00:00\",\"dateModified\":\"2026-02-10T11:08:25+00:00\",\"description\":\"Refresh with Cola Ice and Cherry Cranberry on one Bang Leader 45000 device. 45k puffs of beverage and berry goodness.\",\"breadcrumb\":{\"@id\":\"https:\\\/\\\/vozolvapen.de\\\/product\\\/puff-45k-bang-leader-45000-cola-ice-cherry-cranberry\\\/#breadcrumb\"},\"inLanguage\":\"pl-PL\",\"potentialAction\":[{\"@type\":\"ReadAction\",\"target\":[\"https:\\\/\\\/vozolvapen.de\\\/product\\\/puff-45k-bang-leader-45000-cola-ice-cherry-cranberry\\\/\"]}]},{\"@type\":\"ImageObject\",\"inLanguage\":\"pl-PL\",\"@id\":\"https:\\\/\\\/vozolvapen.de\\\/product\\\/puff-45k-bang-leader-45000-cola-ice-cherry-cranberry\\\/#primaryimage\",\"url\":\"https:\\\/\\\/vozolvapen.de\\\/wp-content\\\/uploads\\\/2025\\\/12\\\/Puff-45k-Bang-Leader-45000-cola-ice-cherry-cranberry.jpg.webp\",\"contentUrl\":\"https:\\\/\\\/vozolvapen.de\\\/wp-content\\\/uploads\\\/2025\\\/12\\\/Puff-45k-Bang-Leader-45000-cola-ice-cherry-cranberry.jpg.webp\",\"width\":800,\"height\":800,\"caption\":\"Puff 45k Bang Leader 45000-cola-ice-cherry-cranberry.jpg\"},{\"@type\":\"BreadcrumbList\",\"@id\":\"https:\\\/\\\/vozolvapen.de\\\/product\\\/puff-45k-bang-leader-45000-cola-ice-cherry-cranberry\\\/#breadcrumb\",\"itemListElement\":[{\"@type\":\"ListItem\",\"position\":1,\"name\":\"Home\",\"item\":\"https:\\\/\\\/vozolvapen.de\\\/de\\\/\"},{\"@type\":\"ListItem\",\"position\":2,\"name\":\"Shop\",\"item\":\"https:\\\/\\\/vozolvapen.de\\\/shop\\\/\"},{\"@type\":\"ListItem\",\"position\":3,\"name\":\"Puff 45k Bang Leader 45000 &#8211; Cola Ice &#038; Cherry Cranberry\"}]},{\"@type\":\"WebSite\",\"@id\":\"https:\\\/\\\/vozolvapen.de\\\/#website\",\"url\":\"https:\\\/\\\/vozolvapen.de\\\/\",\"name\":\"vozolvapen\",\"description\":\"vozolvapen\",\"publisher\":{\"@id\":\"https:\\\/\\\/vozolvapen.de\\\/#organization\"},\"potentialAction\":[{\"@type\":\"SearchAction\",\"target\":{\"@type\":\"EntryPoint\",\"urlTemplate\":\"https:\\\/\\\/vozolvapen.de\\\/?s={search_term_string}\"},\"query-input\":{\"@type\":\"PropertyValueSpecification\",\"valueRequired\":true,\"valueName\":\"search_term_string\"}}],\"inLanguage\":\"pl-PL\"},{\"@type\":\"Organization\",\"@id\":\"https:\\\/\\\/vozolvapen.de\\\/#organization\",\"name\":\"vozolvapen\",\"url\":\"https:\\\/\\\/vozolvapen.de\\\/\",\"logo\":{\"@type\":\"ImageObject\",\"inLanguage\":\"pl-PL\",\"@id\":\"https:\\\/\\\/vozolvapen.de\\\/#\\\/schema\\\/logo\\\/image\\\/\",\"url\":\"https:\\\/\\\/vozolvapen.de\\\/wp-content\\\/uploads\\\/2025\\\/12\\\/cropped-vozovapen-logo.webp\",\"contentUrl\":\"https:\\\/\\\/vozolvapen.de\\\/wp-content\\\/uploads\\\/2025\\\/12\\\/cropped-vozovapen-logo.webp\",\"width\":470,\"height\":110,\"caption\":\"vozolvapen\"},\"image\":{\"@id\":\"https:\\\/\\\/vozolvapen.de\\\/#\\\/schema\\\/logo\\\/image\\\/\"}}]}<\/script>\n<!-- \/ Yoast SEO Premium plugin. -->","yoast_head_json":{"title":"Cola Ice &amp; Cherry Cranberry | Bang Leader 45000 Vape - vozolvapen","description":"Orze\u017awienie dzi\u0119ki Cola Ice i Cherry Cranberry na jednym urz\u0105dzeniu Bang Leader 45000. 45 tys. zaci\u0105gni\u0119\u0107 si\u0119 napojem i jagodami.","robots":{"index":"index","follow":"follow","max-snippet":"max-snippet:-1","max-image-preview":"max-image-preview:large","max-video-preview":"max-video-preview:-1"},"canonical":"https:\/\/vozolvapen.de\/pl\/product\/puff-45k-bang-leader-45000-cola-ice-cherry-cranberry\/","og_locale":"pl_PL","og_type":"article","og_title":"Puff 45k Bang Leader 45000 - Cola Ice & Cherry Cranberry","og_description":"Refresh with Cola Ice and Cherry Cranberry on one Bang Leader 45000 device. 45k puffs of beverage and berry goodness.","og_url":"https:\/\/vozolvapen.de\/pl\/product\/puff-45k-bang-leader-45000-cola-ice-cherry-cranberry\/","og_site_name":"vozolvapen","article_modified_time":"2026-02-10T11:08:25+00:00","og_image":[{"width":800,"height":800,"url":"https:\/\/vozolvapen.de\/wp-content\/uploads\/2025\/12\/Puff-45k-Bang-Leader-45000-cola-ice-cherry-cranberry.jpg.webp","type":"image\/webp"}],"twitter_card":"summary_large_image","twitter_misc":{"Szacowany czas czytania":"2 minuty"},"schema":{"@context":"https:\/\/schema.org","@graph":[{"@type":"WebPage","@id":"https:\/\/vozolvapen.de\/product\/puff-45k-bang-leader-45000-cola-ice-cherry-cranberry\/","url":"https:\/\/vozolvapen.de\/product\/puff-45k-bang-leader-45000-cola-ice-cherry-cranberry\/","name":"Cola Ice &amp; Cherry Cranberry | Bang Leader 45000 Vape - vozolvapen","isPartOf":{"@id":"https:\/\/vozolvapen.de\/#website"},"primaryImageOfPage":{"@id":"https:\/\/vozolvapen.de\/product\/puff-45k-bang-leader-45000-cola-ice-cherry-cranberry\/#primaryimage"},"image":{"@id":"https:\/\/vozolvapen.de\/product\/puff-45k-bang-leader-45000-cola-ice-cherry-cranberry\/#primaryimage"},"thumbnailUrl":"https:\/\/vozolvapen.de\/wp-content\/uploads\/2025\/12\/Puff-45k-Bang-Leader-45000-cola-ice-cherry-cranberry.jpg.webp","datePublished":"2025-12-17T08:17:22+00:00","dateModified":"2026-02-10T11:08:25+00:00","description":"Orze\u017awienie dzi\u0119ki Cola Ice i Cherry Cranberry na jednym urz\u0105dzeniu Bang Leader 45000. 45 tys. zaci\u0105gni\u0119\u0107 si\u0119 napojem i jagodami.","breadcrumb":{"@id":"https:\/\/vozolvapen.de\/product\/puff-45k-bang-leader-45000-cola-ice-cherry-cranberry\/#breadcrumb"},"inLanguage":"pl-PL","potentialAction":[{"@type":"ReadAction","target":["https:\/\/vozolvapen.de\/product\/puff-45k-bang-leader-45000-cola-ice-cherry-cranberry\/"]}]},{"@type":"ImageObject","inLanguage":"pl-PL","@id":"https:\/\/vozolvapen.de\/product\/puff-45k-bang-leader-45000-cola-ice-cherry-cranberry\/#primaryimage","url":"https:\/\/vozolvapen.de\/wp-content\/uploads\/2025\/12\/Puff-45k-Bang-Leader-45000-cola-ice-cherry-cranberry.jpg.webp","contentUrl":"https:\/\/vozolvapen.de\/wp-content\/uploads\/2025\/12\/Puff-45k-Bang-Leader-45000-cola-ice-cherry-cranberry.jpg.webp","width":800,"height":800,"caption":"Puff 45k Bang Leader 45000-cola-ice-cherry-cranberry.jpg"},{"@type":"BreadcrumbList","@id":"https:\/\/vozolvapen.de\/product\/puff-45k-bang-leader-45000-cola-ice-cherry-cranberry\/#breadcrumb","itemListElement":[{"@type":"ListItem","position":1,"name":"Home","item":"https:\/\/vozolvapen.de\/de\/"},{"@type":"ListItem","position":2,"name":"Shop","item":"https:\/\/vozolvapen.de\/shop\/"},{"@type":"ListItem","position":3,"name":"Puff 45k Bang Leader 45000 &#8211; Cola Ice &#038; Cherry Cranberry"}]},{"@type":"WebSite","@id":"https:\/\/vozolvapen.de\/#website","url":"https:\/\/vozolvapen.de\/","name":"vozolvapen","description":"vozolvapen","publisher":{"@id":"https:\/\/vozolvapen.de\/#organization"},"potentialAction":[{"@type":"SearchAction","target":{"@type":"EntryPoint","urlTemplate":"https:\/\/vozolvapen.de\/?s={search_term_string}"},"query-input":{"@type":"PropertyValueSpecification","valueRequired":true,"valueName":"search_term_string"}}],"inLanguage":"pl-PL"},{"@type":"Organization","@id":"https:\/\/vozolvapen.de\/#organization","name":"vozolvapen","url":"https:\/\/vozolvapen.de\/","logo":{"@type":"ImageObject","inLanguage":"pl-PL","@id":"https:\/\/vozolvapen.de\/#\/schema\/logo\/image\/","url":"https:\/\/vozolvapen.de\/wp-content\/uploads\/2025\/12\/cropped-vozovapen-logo.webp","contentUrl":"https:\/\/vozolvapen.de\/wp-content\/uploads\/2025\/12\/cropped-vozovapen-logo.webp","width":470,"height":110,"caption":"vozolvapen"},"image":{"@id":"https:\/\/vozolvapen.de\/#\/schema\/logo\/image\/"}}]}},"tiered_pricing_type":"fixed","tiered_pricing_fixed_rules":{"30":"11","50":"9","100":"8","200":"7.5"},"tiered_pricing_product_settings":{"layout":"default","base_unit_name":{"singular":null,"plural":null},"default_variation":{}},"tiered_pricing_minimum_quantity":10,"tiered_pricing_roles_data":[],"tiered_pricing_percentage_rules":[],"tiered_pricing_maximum_quantity":null,"tiered_pricing_quantity_step":"10","_links":{"self":[{"href":"http:\/\/vozolvapen.de\/pl\/wp-json\/wp\/v2\/product\/32961","targetHints":{"allow":["GET"]}}],"collection":[{"href":"http:\/\/vozolvapen.de\/pl\/wp-json\/wp\/v2\/product"}],"about":[{"href":"http:\/\/vozolvapen.de\/pl\/wp-json\/wp\/v2\/types\/product"}],"replies":[{"embeddable":true,"href":"http:\/\/vozolvapen.de\/pl\/wp-json\/wp\/v2\/comments?post=32961"}],"wp:featuredmedia":[{"embeddable":true,"href":"http:\/\/vozolvapen.de\/pl\/wp-json\/wp\/v2\/media\/34043"}],"wp:attachment":[{"href":"http:\/\/vozolvapen.de\/pl\/wp-json\/wp\/v2\/media?parent=32961"}],"wp:term":[{"taxonomy":"product_brand","embeddable":true,"href":"http:\/\/vozolvapen.de\/pl\/wp-json\/wp\/v2\/product_brand?post=32961"},{"taxonomy":"product_cat","embeddable":true,"href":"http:\/\/vozolvapen.de\/pl\/wp-json\/wp\/v2\/product_cat?post=32961"},{"taxonomy":"product_tag","embeddable":true,"href":"http:\/\/vozolvapen.de\/pl\/wp-json\/wp\/v2\/product_tag?post=32961"}],"curies":[{"name":"wp","href":"https:\/\/api.w.org\/{rel}","templated":true}]}}