{"id":33038,"date":"2025-12-17T08:17:25","date_gmt":"2025-12-17T08:17:25","guid":{"rendered":"https:\/\/vozolvapen.de\/?post_type=product&#038;p=33038"},"modified":"2026-02-10T11:08:23","modified_gmt":"2026-02-10T11:08:23","slug":"puff-45k-bang-leader-45000-pineapple-ice-triple-mango","status":"publish","type":"product","link":"http:\/\/vozolvapen.de\/pl\/product\/puff-45k-bang-leader-45000-pineapple-ice-triple-mango\/","title":{"rendered":"Puff 45k Bang Leader 45000 - Pineapple Ice &amp; Triple Mango"},"content":{"rendered":"<h1 data-path-to-node=\"18,3,0\"><b>H1:<\/b> Bang Leader 45000 - Pineapple Ice &amp; Triple Mango<\/h1>\n<p>Wywo\u0142aj burz\u0119 tropikaln\u0105 za pomoc\u0105 <b>Bang Leader 45000<\/b>. Dzi\u0119ki po\u0142\u0105czeniu ostrej, kwa\u015bnej sk\u00f3rki Pineapple Ice z g\u0142\u0119bok\u0105, wielowarstwow\u0105 s\u0142odycz\u0105 Triple Mango, to <b>Puff 45000<\/b> Urz\u0105dzenie zosta\u0142o zbudowane z my\u015bl\u0105 o maksymalnym efekcie. Ciesz si\u0119 najwy\u017cszej jako\u015bci smakiem i szybkim prze\u0142\u0105czaniem <b>Magazyn europejski<\/b> wysy\u0142ka dla najwy\u017cszej wygody.<\/p>\n<h2 data-path-to-node=\"18,4,0\"><b>Profil smakowy:<\/b><\/h2>\n<ul>\n<li data-path-to-node=\"18,4,1,0,0\"><b>Strona A - Pineapple Ice:<\/b> Ostry, pikantny i kwa\u015bny smak ananasa z mocnym lodowym kopni\u0119ciem.<\/li>\n<li data-path-to-node=\"18,4,1,1,0\"><b>Strona B - Triple Mango:<\/b> Intensywne, g\u0142\u0119bokie i wielowarstwowe do\u015bwiadczenie mango z wykorzystaniem trzech odmian tego owocu.<\/li>\n<\/ul>\n<h2 data-path-to-node=\"18,5,0\"><b>Dla kogo przeznaczony jest ten Bang Leader?<\/b><\/h2>\n<ul>\n<li data-path-to-node=\"18,5,1,0,0\"><b>Island Dreamers:<\/b> To najlepsze tropikalne wakacje w <b>Lider Bang<\/b> urz\u0105dzenie.<\/li>\n<li data-path-to-node=\"18,5,1,1,0\"><b>Fani mocnych smak\u00f3w:<\/b> Obie strony s\u0105 bardzo aromatyczne i zapewniaj\u0105 \u201cuderzenie\u201d smaku.<\/li>\n<\/ul>\n<h2>Puff 45k Bang Leader 45000 Flavors Ratings<\/h2>\n<ul data-path-to-node=\"18\">\n<li>\n<p data-path-to-node=\"18,0,0\"><b>S\u0142odycz:<\/b> \u2605\u2605\u2605\u2605\u2605 (Rich Sugar)<\/p>\n<\/li>\n<li>\n<p data-path-to-node=\"18,1,0\"><b>Poziom lodu:<\/b> \u2605\u2605\u2605\u2605\u2606<\/p>\n<\/li>\n<li>\n<p data-path-to-node=\"18,2,0\"><b>Aromat:<\/b> \u2605\u2605\u2605\u2605\u2605 (Tropical Punch)<\/p>\n<\/li>\n<\/ul>\n<blockquote data-path-to-node=\"19\">\n<p data-path-to-node=\"19,0\"><b>Werdykt:<\/b> Bardzo wysoki aromat i s\u0142odycz. Ananas dodaje przyjemnego kwaskowego kopa do ci\u0119\u017ckiego mango.<\/p>\n<\/blockquote>\n<h2 data-path-to-node=\"4,0\">Specyfikacja techniczna Bang Leader 45000<\/h2>\n<table data-path-to-node=\"11\">\n<thead>\n<tr>\n<td><strong>Cecha<\/strong><\/td>\n<td><strong>Szczeg\u00f3\u0142y<\/strong><\/td>\n<\/tr>\n<\/thead>\n<tbody>\n<tr>\n<td><span data-path-to-node=\"11,1,0,0\"><b>Marka<\/b><\/span><\/td>\n<td><span data-path-to-node=\"11,1,1,0\"><b>Bang Vape<\/b><\/span><\/td>\n<\/tr>\n<tr>\n<td><span data-path-to-node=\"11,2,0,0\"><b>Model<\/b><\/span><\/td>\n<td><span data-path-to-node=\"11,2,1,0\"><b>Bang Leader 45000<\/b><\/span><\/td>\n<\/tr>\n<tr>\n<td><span data-path-to-node=\"11,3,0,0\"><b>Pojemno\u015b\u0107 E-Liquid<\/b><\/span><\/td>\n<td><span data-path-to-node=\"11,3,1,0\">Wst\u0119pnie nape\u0142niony 40 ml<\/span><\/td>\n<\/tr>\n<tr>\n<td><span data-path-to-node=\"11,4,0,0\"><b>Puff Count<\/b><\/span><\/td>\n<td><span data-path-to-node=\"11,4,1,0\">Do <b>Puff 45000<\/b><\/span><\/td>\n<\/tr>\n<tr>\n<td><span data-path-to-node=\"11,5,0,0\"><b>Bateria<\/b><\/span><\/td>\n<td><span data-path-to-node=\"11,5,1,0\">Akumulator 750 mAh<\/span><\/td>\n<\/tr>\n<tr>\n<td><span data-path-to-node=\"11,6,0,0\"><b>Poziom nikotyny<\/b><\/span><\/td>\n<td><span data-path-to-node=\"11,6,1,0\">0% \/ 2% \/ 3% \/ 5%<\/span><\/td>\n<\/tr>\n<tr>\n<td><span data-path-to-node=\"11,7,0,0\"><b>Cewka<\/b><\/span><\/td>\n<td><span data-path-to-node=\"11,7,1,0\">Siatkowa cewka 0,8\u03a9<\/span><\/td>\n<\/tr>\n<\/tbody>\n<\/table>\n<h3 dir=\"auto\">Oto dalsze zalecenia dla Ciebie:<\/h3>\n<p dir=\"auto\">Odkryj jeszcze wi\u0119cej niesamowitych smak\u00f3w dzi\u0119ki Puff 45k Bang Leader 45000 Vape!<\/p>\n<p dir=\"auto\"><a href=\"https:\/\/vozolvapen.de\/pl\/product-category\/bang-vape\/puff-45k-bang-leader-45000-vape\/\" target=\"_blank\" rel=\"noopener noreferrer nofollow\">Zobacz wszystkie odmiany tutaj \u2192<\/a><\/p>\n<p dir=\"auto\">Zapoznaj si\u0119 z nasz\u0105 pe\u0142n\u0105 kolekcj\u0105 i kupuj produkty najlepszych marek vape, kt\u00f3re pokochasz.<\/p>\n<p dir=\"auto\"><a href=\"https:\/\/vozolvapen.de\/pl\/\" target=\"_blank\" rel=\"noopener noreferrer nofollow\">Przegl\u0105daj teraz wszystkie marki \u2192<\/a><\/p>\n<p dir=\"auto\">Sprawd\u017a ca\u0142\u0105 seri\u0119 Bang Vape - ka\u017cdy smak, ka\u017cdy styl!<\/p>\n<p dir=\"auto\"><a href=\"https:\/\/vozolvapen.de\/pl\/product-category\/bang-vape\/\" target=\"_blank\" rel=\"noopener noreferrer nofollow\">Zobacz pe\u0142n\u0105 kolekcj\u0119 Bang Vape \u2192<\/a><\/p>","protected":false},"excerpt":{"rendered":"<p>Tropikalna pot\u0119ga. Ostry, lodowaty ananas z jednej strony i eksplozja trzech odmian mango z drugiej.<\/p>","protected":false},"featured_media":34044,"comment_status":"open","ping_status":"closed","template":"","meta":{"_acf_changed":false},"product_brand":[],"product_cat":[134,83],"product_tag":[],"class_list":{"0":"post-33038","1":"product","2":"type-product","3":"status-publish","4":"has-post-thumbnail","6":"product_cat-eu-warehouse-in-stock","7":"product_cat-puff-45k-bang-leader-45000-vape","9":"first","10":"instock","11":"shipping-taxable","12":"purchasable","13":"product-type-variable"},"acf":[],"yoast_head":"<!-- This site is optimized with the Yoast SEO Premium plugin v26.1 (Yoast SEO v27.5) - https:\/\/yoast.com\/product\/yoast-seo-premium-wordpress\/ -->\n<title>Pineapple Ice &amp; Triple Mango | Puff 45000 Bang Leader - vozolvapen<\/title>\n<meta name=\"description\" content=\"Tropical power on the Bang Leader 45000. Switch between Pineapple Ice and Triple Mango. High-performance 45k vape.\" \/>\n<meta name=\"robots\" content=\"index, follow, max-snippet:-1, max-image-preview:large, max-video-preview:-1\" \/>\n<link rel=\"canonical\" href=\"https:\/\/vozolvapen.de\/pl\/product\/puff-45k-bang-leader-45000-pineapple-ice-triple-mango\/\" \/>\n<meta property=\"og:locale\" content=\"pl_PL\" \/>\n<meta property=\"og:type\" content=\"article\" \/>\n<meta property=\"og:title\" content=\"Puff 45k Bang Leader 45000 - Pineapple Ice &amp; Triple Mango\" \/>\n<meta property=\"og:description\" content=\"Tropical power on the Bang Leader 45000. Switch between Pineapple Ice and Triple Mango. High-performance 45k vape.\" \/>\n<meta property=\"og:url\" content=\"https:\/\/vozolvapen.de\/pl\/product\/puff-45k-bang-leader-45000-pineapple-ice-triple-mango\/\" \/>\n<meta property=\"og:site_name\" content=\"vozolvapen\" \/>\n<meta property=\"article:modified_time\" content=\"2026-02-10T11:08:23+00:00\" \/>\n<meta property=\"og:image\" content=\"https:\/\/vozolvapen.de\/wp-content\/uploads\/2025\/12\/Puff-45k-Bang-Leader-45000-pineapple-ice-triple-mango.jpg.webp\" \/>\n\t<meta property=\"og:image:width\" content=\"800\" \/>\n\t<meta property=\"og:image:height\" content=\"800\" \/>\n\t<meta property=\"og:image:type\" content=\"image\/webp\" \/>\n<meta name=\"twitter:card\" content=\"summary_large_image\" \/>\n<meta name=\"twitter:label1\" content=\"Szacowany czas czytania\" \/>\n\t<meta name=\"twitter:data1\" content=\"2 minuty\" \/>\n<script type=\"application\/ld+json\" class=\"yoast-schema-graph\">{\"@context\":\"https:\\\/\\\/schema.org\",\"@graph\":[{\"@type\":\"WebPage\",\"@id\":\"https:\\\/\\\/vozolvapen.de\\\/product\\\/puff-45k-bang-leader-45000-pineapple-ice-triple-mango\\\/\",\"url\":\"https:\\\/\\\/vozolvapen.de\\\/product\\\/puff-45k-bang-leader-45000-pineapple-ice-triple-mango\\\/\",\"name\":\"Pineapple Ice & Triple Mango | Puff 45000 Bang Leader - vozolvapen\",\"isPartOf\":{\"@id\":\"https:\\\/\\\/vozolvapen.de\\\/#website\"},\"primaryImageOfPage\":{\"@id\":\"https:\\\/\\\/vozolvapen.de\\\/product\\\/puff-45k-bang-leader-45000-pineapple-ice-triple-mango\\\/#primaryimage\"},\"image\":{\"@id\":\"https:\\\/\\\/vozolvapen.de\\\/product\\\/puff-45k-bang-leader-45000-pineapple-ice-triple-mango\\\/#primaryimage\"},\"thumbnailUrl\":\"https:\\\/\\\/vozolvapen.de\\\/wp-content\\\/uploads\\\/2025\\\/12\\\/Puff-45k-Bang-Leader-45000-pineapple-ice-triple-mango.jpg.webp\",\"datePublished\":\"2025-12-17T08:17:25+00:00\",\"dateModified\":\"2026-02-10T11:08:23+00:00\",\"description\":\"Tropical power on the Bang Leader 45000. Switch between Pineapple Ice and Triple Mango. High-performance 45k vape.\",\"breadcrumb\":{\"@id\":\"https:\\\/\\\/vozolvapen.de\\\/product\\\/puff-45k-bang-leader-45000-pineapple-ice-triple-mango\\\/#breadcrumb\"},\"inLanguage\":\"pl-PL\",\"potentialAction\":[{\"@type\":\"ReadAction\",\"target\":[\"https:\\\/\\\/vozolvapen.de\\\/product\\\/puff-45k-bang-leader-45000-pineapple-ice-triple-mango\\\/\"]}]},{\"@type\":\"ImageObject\",\"inLanguage\":\"pl-PL\",\"@id\":\"https:\\\/\\\/vozolvapen.de\\\/product\\\/puff-45k-bang-leader-45000-pineapple-ice-triple-mango\\\/#primaryimage\",\"url\":\"https:\\\/\\\/vozolvapen.de\\\/wp-content\\\/uploads\\\/2025\\\/12\\\/Puff-45k-Bang-Leader-45000-pineapple-ice-triple-mango.jpg.webp\",\"contentUrl\":\"https:\\\/\\\/vozolvapen.de\\\/wp-content\\\/uploads\\\/2025\\\/12\\\/Puff-45k-Bang-Leader-45000-pineapple-ice-triple-mango.jpg.webp\",\"width\":800,\"height\":800,\"caption\":\"Puff 45k Bang Leader 45000-pineapple-ice-triple-mango.jpg\"},{\"@type\":\"BreadcrumbList\",\"@id\":\"https:\\\/\\\/vozolvapen.de\\\/product\\\/puff-45k-bang-leader-45000-pineapple-ice-triple-mango\\\/#breadcrumb\",\"itemListElement\":[{\"@type\":\"ListItem\",\"position\":1,\"name\":\"Home\",\"item\":\"https:\\\/\\\/vozolvapen.de\\\/de\\\/\"},{\"@type\":\"ListItem\",\"position\":2,\"name\":\"Shop\",\"item\":\"https:\\\/\\\/vozolvapen.de\\\/shop\\\/\"},{\"@type\":\"ListItem\",\"position\":3,\"name\":\"Puff 45k Bang Leader 45000 &#8211; Pineapple Ice &#038; Triple Mango\"}]},{\"@type\":\"WebSite\",\"@id\":\"https:\\\/\\\/vozolvapen.de\\\/#website\",\"url\":\"https:\\\/\\\/vozolvapen.de\\\/\",\"name\":\"vozolvapen\",\"description\":\"vozolvapen\",\"publisher\":{\"@id\":\"https:\\\/\\\/vozolvapen.de\\\/#organization\"},\"potentialAction\":[{\"@type\":\"SearchAction\",\"target\":{\"@type\":\"EntryPoint\",\"urlTemplate\":\"https:\\\/\\\/vozolvapen.de\\\/?s={search_term_string}\"},\"query-input\":{\"@type\":\"PropertyValueSpecification\",\"valueRequired\":true,\"valueName\":\"search_term_string\"}}],\"inLanguage\":\"pl-PL\"},{\"@type\":\"Organization\",\"@id\":\"https:\\\/\\\/vozolvapen.de\\\/#organization\",\"name\":\"vozolvapen\",\"url\":\"https:\\\/\\\/vozolvapen.de\\\/\",\"logo\":{\"@type\":\"ImageObject\",\"inLanguage\":\"pl-PL\",\"@id\":\"https:\\\/\\\/vozolvapen.de\\\/#\\\/schema\\\/logo\\\/image\\\/\",\"url\":\"https:\\\/\\\/vozolvapen.de\\\/wp-content\\\/uploads\\\/2025\\\/12\\\/cropped-vozovapen-logo.webp\",\"contentUrl\":\"https:\\\/\\\/vozolvapen.de\\\/wp-content\\\/uploads\\\/2025\\\/12\\\/cropped-vozovapen-logo.webp\",\"width\":470,\"height\":110,\"caption\":\"vozolvapen\"},\"image\":{\"@id\":\"https:\\\/\\\/vozolvapen.de\\\/#\\\/schema\\\/logo\\\/image\\\/\"}}]}<\/script>\n<!-- \/ Yoast SEO Premium plugin. -->","yoast_head_json":{"title":"Pineapple Ice &amp; Triple Mango | Puff 45000 Bang Leader - vozolvapen","description":"Tropikalna moc na Bang Leader 45000. Prze\u0142\u0105czaj mi\u0119dzy Pineapple Ice i Triple Mango. Wysokowydajny waporyzator 45k.","robots":{"index":"index","follow":"follow","max-snippet":"max-snippet:-1","max-image-preview":"max-image-preview:large","max-video-preview":"max-video-preview:-1"},"canonical":"https:\/\/vozolvapen.de\/pl\/product\/puff-45k-bang-leader-45000-pineapple-ice-triple-mango\/","og_locale":"pl_PL","og_type":"article","og_title":"Puff 45k Bang Leader 45000 - Pineapple Ice & Triple Mango","og_description":"Tropical power on the Bang Leader 45000. Switch between Pineapple Ice and Triple Mango. High-performance 45k vape.","og_url":"https:\/\/vozolvapen.de\/pl\/product\/puff-45k-bang-leader-45000-pineapple-ice-triple-mango\/","og_site_name":"vozolvapen","article_modified_time":"2026-02-10T11:08:23+00:00","og_image":[{"width":800,"height":800,"url":"https:\/\/vozolvapen.de\/wp-content\/uploads\/2025\/12\/Puff-45k-Bang-Leader-45000-pineapple-ice-triple-mango.jpg.webp","type":"image\/webp"}],"twitter_card":"summary_large_image","twitter_misc":{"Szacowany czas czytania":"2 minuty"},"schema":{"@context":"https:\/\/schema.org","@graph":[{"@type":"WebPage","@id":"https:\/\/vozolvapen.de\/product\/puff-45k-bang-leader-45000-pineapple-ice-triple-mango\/","url":"https:\/\/vozolvapen.de\/product\/puff-45k-bang-leader-45000-pineapple-ice-triple-mango\/","name":"Pineapple Ice &amp; Triple Mango | Puff 45000 Bang Leader - vozolvapen","isPartOf":{"@id":"https:\/\/vozolvapen.de\/#website"},"primaryImageOfPage":{"@id":"https:\/\/vozolvapen.de\/product\/puff-45k-bang-leader-45000-pineapple-ice-triple-mango\/#primaryimage"},"image":{"@id":"https:\/\/vozolvapen.de\/product\/puff-45k-bang-leader-45000-pineapple-ice-triple-mango\/#primaryimage"},"thumbnailUrl":"https:\/\/vozolvapen.de\/wp-content\/uploads\/2025\/12\/Puff-45k-Bang-Leader-45000-pineapple-ice-triple-mango.jpg.webp","datePublished":"2025-12-17T08:17:25+00:00","dateModified":"2026-02-10T11:08:23+00:00","description":"Tropikalna moc na Bang Leader 45000. Prze\u0142\u0105czaj mi\u0119dzy Pineapple Ice i Triple Mango. Wysokowydajny waporyzator 45k.","breadcrumb":{"@id":"https:\/\/vozolvapen.de\/product\/puff-45k-bang-leader-45000-pineapple-ice-triple-mango\/#breadcrumb"},"inLanguage":"pl-PL","potentialAction":[{"@type":"ReadAction","target":["https:\/\/vozolvapen.de\/product\/puff-45k-bang-leader-45000-pineapple-ice-triple-mango\/"]}]},{"@type":"ImageObject","inLanguage":"pl-PL","@id":"https:\/\/vozolvapen.de\/product\/puff-45k-bang-leader-45000-pineapple-ice-triple-mango\/#primaryimage","url":"https:\/\/vozolvapen.de\/wp-content\/uploads\/2025\/12\/Puff-45k-Bang-Leader-45000-pineapple-ice-triple-mango.jpg.webp","contentUrl":"https:\/\/vozolvapen.de\/wp-content\/uploads\/2025\/12\/Puff-45k-Bang-Leader-45000-pineapple-ice-triple-mango.jpg.webp","width":800,"height":800,"caption":"Puff 45k Bang Leader 45000-pineapple-ice-triple-mango.jpg"},{"@type":"BreadcrumbList","@id":"https:\/\/vozolvapen.de\/product\/puff-45k-bang-leader-45000-pineapple-ice-triple-mango\/#breadcrumb","itemListElement":[{"@type":"ListItem","position":1,"name":"Home","item":"https:\/\/vozolvapen.de\/de\/"},{"@type":"ListItem","position":2,"name":"Shop","item":"https:\/\/vozolvapen.de\/shop\/"},{"@type":"ListItem","position":3,"name":"Puff 45k Bang Leader 45000 &#8211; Pineapple Ice &#038; Triple Mango"}]},{"@type":"WebSite","@id":"https:\/\/vozolvapen.de\/#website","url":"https:\/\/vozolvapen.de\/","name":"vozolvapen","description":"vozolvapen","publisher":{"@id":"https:\/\/vozolvapen.de\/#organization"},"potentialAction":[{"@type":"SearchAction","target":{"@type":"EntryPoint","urlTemplate":"https:\/\/vozolvapen.de\/?s={search_term_string}"},"query-input":{"@type":"PropertyValueSpecification","valueRequired":true,"valueName":"search_term_string"}}],"inLanguage":"pl-PL"},{"@type":"Organization","@id":"https:\/\/vozolvapen.de\/#organization","name":"vozolvapen","url":"https:\/\/vozolvapen.de\/","logo":{"@type":"ImageObject","inLanguage":"pl-PL","@id":"https:\/\/vozolvapen.de\/#\/schema\/logo\/image\/","url":"https:\/\/vozolvapen.de\/wp-content\/uploads\/2025\/12\/cropped-vozovapen-logo.webp","contentUrl":"https:\/\/vozolvapen.de\/wp-content\/uploads\/2025\/12\/cropped-vozovapen-logo.webp","width":470,"height":110,"caption":"vozolvapen"},"image":{"@id":"https:\/\/vozolvapen.de\/#\/schema\/logo\/image\/"}}]}},"tiered_pricing_type":"fixed","tiered_pricing_fixed_rules":{"30":"11","50":"9","100":"8","200":"7.5"},"tiered_pricing_product_settings":{"layout":"default","base_unit_name":{"singular":null,"plural":null},"default_variation":{}},"tiered_pricing_minimum_quantity":10,"tiered_pricing_roles_data":[],"tiered_pricing_percentage_rules":[],"tiered_pricing_maximum_quantity":null,"tiered_pricing_quantity_step":"10","_links":{"self":[{"href":"http:\/\/vozolvapen.de\/pl\/wp-json\/wp\/v2\/product\/33038","targetHints":{"allow":["GET"]}}],"collection":[{"href":"http:\/\/vozolvapen.de\/pl\/wp-json\/wp\/v2\/product"}],"about":[{"href":"http:\/\/vozolvapen.de\/pl\/wp-json\/wp\/v2\/types\/product"}],"replies":[{"embeddable":true,"href":"http:\/\/vozolvapen.de\/pl\/wp-json\/wp\/v2\/comments?post=33038"}],"wp:featuredmedia":[{"embeddable":true,"href":"http:\/\/vozolvapen.de\/pl\/wp-json\/wp\/v2\/media\/34044"}],"wp:attachment":[{"href":"http:\/\/vozolvapen.de\/pl\/wp-json\/wp\/v2\/media?parent=33038"}],"wp:term":[{"taxonomy":"product_brand","embeddable":true,"href":"http:\/\/vozolvapen.de\/pl\/wp-json\/wp\/v2\/product_brand?post=33038"},{"taxonomy":"product_cat","embeddable":true,"href":"http:\/\/vozolvapen.de\/pl\/wp-json\/wp\/v2\/product_cat?post=33038"},{"taxonomy":"product_tag","embeddable":true,"href":"http:\/\/vozolvapen.de\/pl\/wp-json\/wp\/v2\/product_tag?post=33038"}],"curies":[{"name":"wp","href":"https:\/\/api.w.org\/{rel}","templated":true}]}}