{"id":34491,"date":"2025-12-18T07:00:53","date_gmt":"2025-12-18T07:00:53","guid":{"rendered":"https:\/\/vozolvapen.de\/?post_type=product&#038;p=34491"},"modified":"2025-12-18T08:12:19","modified_gmt":"2025-12-18T08:12:19","slug":"jnr-falcon-pro-28000-cherry-berry","status":"publish","type":"product","link":"http:\/\/vozolvapen.de\/pl\/product\/jnr-falcon-pro-28000-cherry-berry\/","title":{"rendered":"JNR Falcon Pro 28000 - Cherry Berry"},"content":{"rendered":"<h1 data-path-to-node=\"34,3,0\">JNR Falcon Pro 28000 - Cherry Berry<\/h1>\n<p data-path-to-node=\"34,4,0\">The <b data-path-to-node=\"34,4,0\" data-index-in-node=\"17\">JNR Falcon pro 28000<\/b> Cherry Berry to mocny koktajl owocowy zaprojektowany z my\u015bl\u0105 o d\u0142ugowieczno\u015bci. Z <b data-path-to-node=\"34,4,0\" data-index-in-node=\"107\">Puff 45000<\/b> moc i <b data-path-to-node=\"34,4,0\" data-index-in-node=\"130\">Bateria 950 mAh<\/b>, to <b data-path-to-node=\"34,4,0\" data-index-in-node=\"151\">28k jnr<\/b> Urz\u0105dzenie oferuje g\u0142\u0119bokie, satysfakcjonuj\u0105ce uderzenie w gard\u0142o przy ka\u017cdym zaci\u0105gni\u0119ciu.<\/p>\n<h2 data-path-to-node=\"34,5,0\"><b data-path-to-node=\"34,5,0\" data-index-in-node=\"0\">Wi\u015bniowo-jagodowy profil smakowy:<\/b><\/h2>\n<ul>\n<li data-path-to-node=\"31,0,0\"><b data-path-to-node=\"31,0,0\" data-index-in-node=\"0\">S\u0142odycz:<\/b> \u2605\u2605\u2605\u2605\u2606<\/li>\n<li data-path-to-node=\"31,1,0\"><b data-path-to-node=\"31,1,0\" data-index-in-node=\"0\">Poziom lodu:<\/b> \u2605\u2605\u2606\u2606\u2606<\/li>\n<li data-path-to-node=\"31,2,0\"><b data-path-to-node=\"31,2,0\" data-index-in-node=\"0\">Aromat:<\/b> \u2605\u2605\u2605\u2605\u2606<\/li>\n<\/ul>\n<p data-path-to-node=\"31,3,0\"><b data-path-to-node=\"31,3,0\" data-index-in-node=\"0\">Szybki werdykt:<\/b> Mocny koktajl z czerwonych owoc\u00f3w. The <b data-path-to-node=\"31,3,0\" data-index-in-node=\"48\">JNR Falcon pro 28000<\/b> Sprz\u0119t zapewnia bogaty smak i sta\u0142\u0105 moc przez ca\u0142y okres u\u017cytkowania.<\/p>\n<h2 data-path-to-node=\"40\">\ud83c\udfaf <b data-path-to-node=\"40\" data-index-in-node=\"3\">Dla kogo to jest?<\/b><\/h2>\n<ul>\n<li data-path-to-node=\"41,0,0\"><b data-path-to-node=\"41,0,0\" data-index-in-node=\"0\">Fani czerwonych owoc\u00f3w:<\/b> Idealny dla mi\u0142o\u015bnik\u00f3w po\u0142\u0105czenia s\u0142odkich wi\u015bni i poziomek.<\/li>\n<li data-path-to-node=\"41,1,0\"><b data-path-to-node=\"41,1,0\" data-index-in-node=\"0\">Full-Bodied Seekers:<\/b> Dla vaper\u00f3w, kt\u00f3rzy chc\u0105 g\u0119stej, \u201cgrubej\u201d pary smakowej z ich <b data-path-to-node=\"41,1,0\" data-index-in-node=\"83\">puff jnr 28k<\/b>.<\/li>\n<li data-path-to-node=\"41,2,0\"><b data-path-to-node=\"41,2,0\" data-index-in-node=\"0\">Mi\u0142o\u015bnicy mocnych uderze\u0144 w gard\u0142o:<\/b> Cierpko\u015b\u0107 jag\u00f3d daje satysfakcjonuj\u0105cego kopa zar\u00f3wno przy 2%, jak i 5% nikotyny.<\/li>\n<\/ul>\n<h2 data-path-to-node=\"22\">\ud83c\udfaf <b data-path-to-node=\"22\" data-index-in-node=\"3\">Dla kogo przeznaczony jest JNR Falcon Pro 28000?<\/b><\/h2>\n<table data-path-to-node=\"23\">\n<thead>\n<tr>\n<td><strong>Preferencje<\/strong><\/td>\n<td><strong>Zalecenie<\/strong><\/td>\n<\/tr>\n<\/thead>\n<tbody>\n<tr>\n<td><span data-path-to-node=\"23,1,0,0\"><b data-path-to-node=\"23,1,0,0\" data-index-in-node=\"0\">D\u0142ugotrwali vaperzy<\/b><\/span><\/td>\n<td><span data-path-to-node=\"23,1,1,0\">Je\u015bli nie lubisz kupowa\u0107 nowych waporyzator\u00f3w co kilka dni, to <b data-path-to-node=\"23,1,1,0\" data-index-in-node=\"49\">28k jnr<\/b> pojemno\u015b\u0107 to idealne dopasowanie.<\/span><\/td>\n<\/tr>\n<tr>\n<td><span data-path-to-node=\"23,2,0,0\"><b data-path-to-node=\"23,2,0,0\" data-index-in-node=\"0\">Entuzja\u015bci technologii<\/b><\/span><\/td>\n<td><span data-path-to-node=\"23,2,1,0\">The <b data-path-to-node=\"23,2,1,0\" data-index-in-node=\"4\">Inteligentny ekran<\/b> jest idealny dla tych, kt\u00f3rzy chc\u0105 mie\u0107 precyzyjn\u0105 kontrol\u0119 nad poziomem e-liquidu i baterii.<\/span><\/td>\n<\/tr>\n<tr>\n<td><span data-path-to-node=\"23,3,0,0\"><b data-path-to-node=\"23,3,0,0\" data-index-in-node=\"0\">Odkrywcy smak\u00f3w<\/b><\/span><\/td>\n<td><span data-path-to-node=\"23,3,1,0\">Z 20 produktami premium <b data-path-to-node=\"23,3,1,0\" data-index-in-node=\"16\">e liquide jnr<\/b> Opcje, istnieje profil dla ka\u017cdego podniebienia, od lodowatych owoc\u00f3w po s\u0142odkie cukierki.<\/span><\/td>\n<\/tr>\n<tr>\n<td><span data-path-to-node=\"23,4,0,0\"><b data-path-to-node=\"23,4,0,0\" data-index-in-node=\"0\">Szybcy u\u017cytkownicy<\/b><\/span><\/td>\n<td><span data-path-to-node=\"23,4,1,0\">Dzi\u0119ki <b data-path-to-node=\"23,4,1,0\" data-index-in-node=\"14\">Szybkie \u0142adowanie typu C<\/b> i dostawa do UE w ci\u0105gu 1-3 dni, nigdy nie b\u0119dziesz bez <b data-path-to-node=\"23,4,1,0\" data-index-in-node=\"88\">puff jnr 28k<\/b>.<\/span><\/td>\n<\/tr>\n<\/tbody>\n<\/table>\n<h2 data-path-to-node=\"3\"><b data-path-to-node=\"3\" data-index-in-node=\"0\">Specyfikacja<\/b><\/h2>\n<ul>\n<li data-path-to-node=\"4,0,0\"><b data-path-to-node=\"4,0,0\" data-index-in-node=\"0\">Puffy:<\/b> Do 28 000<\/li>\n<li data-path-to-node=\"4,1,0\"><b data-path-to-node=\"4,1,0\" data-index-in-node=\"0\">Bateria:<\/b> 950 mAh (akumulator typu C)<\/li>\n<li data-path-to-node=\"4,2,0\"><b data-path-to-node=\"4,2,0\" data-index-in-node=\"0\">Wy\u015bwietlacz:<\/b> Zintegrowany inteligentny ekran (bateria i sok)<\/li>\n<li data-path-to-node=\"4,3,0\"><b data-path-to-node=\"4,3,0\" data-index-in-node=\"0\">E-liquid:<\/b> 30 ml <b data-path-to-node=\"4,3,0\" data-index-in-node=\"15\">e liquide jnr<\/b><\/li>\n<li data-path-to-node=\"4,4,0\"><b data-path-to-node=\"4,4,0\" data-index-in-node=\"0\">Nikotyna:<\/b> 2% \/ 5%<\/li>\n<li data-path-to-node=\"4,5,0\"><b data-path-to-node=\"4,5,0\" data-index-in-node=\"0\">Wysy\u0142ka:<\/b> Magazyn europejski (dostawa w ci\u0105gu 1-3 dni)<\/li>\n<\/ul>\n<h3 data-path-to-node=\"54\">Oto dalsze zalecenia dla Ciebie:<\/h3>\n<p dir=\"auto\">Odkryj jeszcze wi\u0119cej niesamowitych smak\u00f3w dzi\u0119ki JNR Falcon Pro 28000 Puff Vape!<\/p>\n<p dir=\"auto\"><a href=\"https:\/\/vozolvapen.de\/pl\/product-category\/jnr-vape\/jnr-falcon-pro-28000-puffs\/\" target=\"_blank\" rel=\"noopener noreferrer nofollow\">Zobacz wszystkie odmiany tutaj \u2192<\/a><\/p>\n<p dir=\"auto\">Zapoznaj si\u0119 z nasz\u0105 pe\u0142n\u0105 kolekcj\u0105 i kupuj produkty najlepszych marek vape, kt\u00f3re pokochasz.<\/p>\n<p dir=\"auto\"><a href=\"https:\/\/vozolvapen.de\/pl\/\" target=\"_blank\" rel=\"noopener noreferrer nofollow\">Przegl\u0105daj teraz wszystkie marki \u2192<\/a><\/p>\n<p dir=\"auto\">Sprawd\u017a ca\u0142\u0105 seri\u0119 JNR Vape - ka\u017cdy smak, ka\u017cdy styl!<\/p>\n<p dir=\"auto\"><a href=\"https:\/\/vozolvapen.de\/pl\/product-category\/jnr-vape\/\" target=\"_blank\" rel=\"noopener noreferrer nofollow\">Zobacz pe\u0142n\u0105 kolekcj\u0119 JNR Vape \u2192<\/a><\/p>\n<h2 data-path-to-node=\"3\"><b data-path-to-node=\"3\" data-index-in-node=\"0\">Cz\u0119sto zadawane pytania (FAQ) - JNR Falcon Pro 28000<\/b><\/h2>\n<h3 data-path-to-node=\"4\"><b data-path-to-node=\"4\" data-index-in-node=\"0\">P1: Ile zaci\u0105gni\u0119\u0107 zapewnia JNR Falcon Pro 28000?<\/b><\/h3>\n<p data-path-to-node=\"5\">The <b data-path-to-node=\"5\" data-index-in-node=\"4\">JNR Falcon pro 28000<\/b> jest przeznaczony do dostarczania do <b data-path-to-node=\"5\" data-index-in-node=\"54\">28 000 zaci\u0105gni\u0119\u0107<\/b>. Rzeczywista \u017cywotno\u015b\u0107 zale\u017cy od indywidualnych nawyk\u00f3w waporyzacyjnych, takich jak czas trwania ka\u017cdego zaci\u0105gni\u0119cia, ale jako <b data-path-to-node=\"5\" data-index-in-node=\"170\">28k jnr<\/b> Urz\u0105dzenie zosta\u0142o zaprojektowane tak, aby by\u0142o jednym z najd\u0142u\u017cej dzia\u0142aj\u0105cych materia\u0142\u00f3w jednorazowych na rynku.<\/p>\n<h3 data-path-to-node=\"6\"><b data-path-to-node=\"6\" data-index-in-node=\"0\">P2: Jakie informacje wy\u015bwietla inteligentny ekran?<\/b><\/h3>\n<p data-path-to-node=\"7\">Zintegrowany <b data-path-to-node=\"7\" data-index-in-node=\"15\">Inteligentny ekran<\/b> na <b data-path-to-node=\"7\" data-index-in-node=\"35\">jnr 28k<\/b> zapewnia monitorowanie w czasie rzeczywistym dw\u00f3ch krytycznych czynnik\u00f3w:<\/p>\n<ol start=\"1\" data-path-to-node=\"8\">\n<li>\n<p data-path-to-node=\"8,0,0\"><b data-path-to-node=\"8,0,0\" data-index-in-node=\"0\">Procentowy czas pracy baterii:<\/b> Wiedz dok\u0142adnie, kiedy musisz si\u0119 na\u0142adowa\u0107.<\/p>\n<\/li>\n<li>\n<p data-path-to-node=\"8,1,0\"><b data-path-to-node=\"8,1,0\" data-index-in-node=\"0\">Poziomy e-liquidu:<\/b> Wizualne \u015bledzenie <b data-path-to-node=\"8,1,0\" data-index-in-node=\"41\">e liquide jnr<\/b> dzi\u0119ki czemu nigdy nie b\u0119dziesz zaskoczony suchym uderzeniem.<\/p>\n<\/li>\n<\/ol>\n<h3 data-path-to-node=\"9\"><b data-path-to-node=\"9\" data-index-in-node=\"0\">P3: Jak mog\u0119 na\u0142adowa\u0107 JNR Falcon Pro 28000?<\/b><\/h3>\n<p data-path-to-node=\"10\">Urz\u0105dzenie jest wyposa\u017cone w <b data-path-to-node=\"10\" data-index-in-node=\"22\">Port \u0142adowania typu C<\/b> na dole. Wystarczy pod\u0142\u0105czy\u0107 go do dowolnego standardowego kabla typu C. Dzi\u0119ki wysokiej pojemno\u015bci <b data-path-to-node=\"10\" data-index-in-node=\"133\">Bateria 950 mAh<\/b>, w <b data-path-to-node=\"10\" data-index-in-node=\"153\">puff jnr 28k<\/b> szybko si\u0119 \u0142aduje i pozostaje zasilany przez d\u0142u\u017cszy czas mi\u0119dzy \u0142adowaniami.<\/p>\n<h3 data-path-to-node=\"11\"><b data-path-to-node=\"11\" data-index-in-node=\"0\">P4: Jak szybka jest wysy\u0142ka do mojego kraju?<\/b><\/h3>\n<p data-path-to-node=\"12\">Wysy\u0142amy bezpo\u015brednio z naszego <b data-path-to-node=\"12\" data-index-in-node=\"26\">Magazyn europejski<\/b>. W przypadku wi\u0119kszo\u015bci kraj\u00f3w UE czas dostawy jest niezwykle szybki i wynosi zazwyczaj od <b data-path-to-node=\"12\" data-index-in-node=\"132\">1 do 3 dni roboczych<\/b>. Po z\u0142o\u017ceniu zam\u00f3wienia <b data-path-to-node=\"12\" data-index-in-node=\"174\">JNR Falcon pro 28000<\/b>, Nie b\u0119dziesz musia\u0142 d\u0142ugo czeka\u0107, aby si\u0119 nim cieszy\u0107.<\/p>\n<h3 data-path-to-node=\"13\"><b data-path-to-node=\"13\" data-index-in-node=\"0\">P5: Jakie st\u0119\u017cenia nikotyny s\u0105 dost\u0119pne?<\/b><\/h3>\n<p data-path-to-node=\"14\">The <b data-path-to-node=\"14\" data-index-in-node=\"4\">e liquide jnr<\/b> Wewn\u0105trz Falcon Pro jest dost\u0119pny w dw\u00f3ch poziomach nikotyny, aby dopasowa\u0107 si\u0119 do r\u00f3\u017cnych preferencji: <b data-path-to-node=\"14\" data-index-in-node=\"100\">2% (20 mg\/ml)<\/b> dla zr\u00f3wnowa\u017conego uderzenia w gard\u0142o i <b data-path-to-node=\"14\" data-index-in-node=\"143\">5% (50 mg\/ml)<\/b> dla tych, kt\u00f3rzy wol\u0105 mocniejsze doznania nikotynowe.<\/p>\n<h3 data-path-to-node=\"15\"><b data-path-to-node=\"15\" data-index-in-node=\"0\">P6: Czy e-liquid u\u017cywany w 28k JNR jest bezpieczny i wysokiej jako\u015bci?<\/b><\/h3>\n<p data-path-to-node=\"16\">Tak. Ka\u017cdy <b data-path-to-node=\"16\" data-index-in-node=\"11\">puff jnr 28k<\/b> jest wst\u0119pnie wype\u0142niony <b data-path-to-node=\"16\" data-index-in-node=\"43\">30 ml e liquidu premium jnr<\/b>. Sok ten jest wykonany z wysokiej jako\u015bci sk\u0142adnik\u00f3w, aby zapewni\u0107 sp\u00f3jne dostarczanie smaku, p\u0142ynn\u0105 produkcj\u0119 pary i satysfakcjonuj\u0105ce wra\u017cenia od pierwszego do 28 000 zaci\u0105gni\u0119cia.<\/p>\n<h3 data-path-to-node=\"17\"><b data-path-to-node=\"17\" data-index-in-node=\"0\">P7: Czy mog\u0119 ponownie nape\u0142ni\u0107 JNR Falcon Pro 28000?<\/b><\/h3>\n<p data-path-to-node=\"18\">The <b data-path-to-node=\"18\" data-index-in-node=\"4\">JNR Falcon pro 28000<\/b> to jednorazowe urz\u0105dzenie zaprojektowane z my\u015bl\u0105 o wygodzie i \u0142atwo\u015bci u\u017cytkowania. Po <b data-path-to-node=\"18\" data-index-in-node=\"99\">30 ml e liquidu jnr<\/b> po zako\u0144czeniu, urz\u0105dzenie nale\u017cy zutylizowa\u0107 w odpowiedzialny spos\u00f3b i wymieni\u0107 na nowe.<\/p>","protected":false},"excerpt":{"rendered":"<p>Mocny koktajl z czerwonych owoc\u00f3w z soczystymi wi\u015bniami i dzikimi jagodami. Pe\u0142ny smak <b data-path-to-node=\"4,10,2,0\" data-index-in-node=\"89\">puff jnr 28k<\/b> do\u015bwiadczenie z satysfakcjonuj\u0105cym uderzeniem w gard\u0142o.<\/p>","protected":false},"featured_media":35000,"comment_status":"open","ping_status":"closed","template":"","meta":{"_acf_changed":false},"product_brand":[],"product_cat":[84],"product_tag":[],"class_list":{"0":"post-34491","1":"product","2":"type-product","3":"status-publish","4":"has-post-thumbnail","6":"product_cat-jnr-falcon-pro-28000-puffs","8":"first","9":"instock","10":"shipping-taxable","11":"purchasable","12":"product-type-variable"},"acf":[],"yoast_head":"<!-- This site is optimized with the Yoast SEO Premium plugin v26.1 (Yoast SEO v27.5) - https:\/\/yoast.com\/product\/yoast-seo-premium-wordpress\/ -->\n<title>Cherry Berry JNR Falcon Pro 28000 | Puff JNR 28k - vozolvapen<\/title>\n<meta name=\"description\" content=\"Shop Cherry Berry JNR Falcon pro 28000. 28,000 puffs and a Smart Screen. Premium fruit flavor from the best jnr 28k range.\" \/>\n<meta name=\"robots\" content=\"index, follow, max-snippet:-1, max-image-preview:large, max-video-preview:-1\" \/>\n<link rel=\"canonical\" href=\"https:\/\/vozolvapen.de\/pl\/product\/jnr-falcon-pro-28000-cherry-berry\/\" \/>\n<meta property=\"og:locale\" content=\"pl_PL\" \/>\n<meta property=\"og:type\" content=\"article\" \/>\n<meta property=\"og:title\" content=\"JNR Falcon Pro 28000 - Cherry Berry\" \/>\n<meta property=\"og:description\" content=\"Shop Cherry Berry JNR Falcon pro 28000. 28,000 puffs and a Smart Screen. Premium fruit flavor from the best jnr 28k range.\" \/>\n<meta property=\"og:url\" content=\"https:\/\/vozolvapen.de\/pl\/product\/jnr-falcon-pro-28000-cherry-berry\/\" \/>\n<meta property=\"og:site_name\" content=\"vozolvapen\" \/>\n<meta property=\"article:modified_time\" content=\"2025-12-18T08:12:19+00:00\" \/>\n<meta property=\"og:image\" content=\"https:\/\/vozolvapen.de\/wp-content\/uploads\/2025\/12\/JNR-Falcon-Pro-28000-Cherry-Berry.webp\" \/>\n\t<meta property=\"og:image:width\" content=\"800\" \/>\n\t<meta property=\"og:image:height\" content=\"800\" \/>\n\t<meta property=\"og:image:type\" content=\"image\/webp\" \/>\n<meta name=\"twitter:card\" content=\"summary_large_image\" \/>\n<meta name=\"twitter:label1\" content=\"Szacowany czas czytania\" \/>\n\t<meta name=\"twitter:data1\" content=\"4 minuty\" \/>\n<script type=\"application\/ld+json\" class=\"yoast-schema-graph\">{\"@context\":\"https:\\\/\\\/schema.org\",\"@graph\":[{\"@type\":\"WebPage\",\"@id\":\"https:\\\/\\\/vozolvapen.de\\\/product\\\/jnr-falcon-pro-28000-cherry-berry\\\/\",\"url\":\"https:\\\/\\\/vozolvapen.de\\\/product\\\/jnr-falcon-pro-28000-cherry-berry\\\/\",\"name\":\"Cherry Berry JNR Falcon Pro 28000 | Puff JNR 28k - vozolvapen\",\"isPartOf\":{\"@id\":\"https:\\\/\\\/vozolvapen.de\\\/#website\"},\"primaryImageOfPage\":{\"@id\":\"https:\\\/\\\/vozolvapen.de\\\/product\\\/jnr-falcon-pro-28000-cherry-berry\\\/#primaryimage\"},\"image\":{\"@id\":\"https:\\\/\\\/vozolvapen.de\\\/product\\\/jnr-falcon-pro-28000-cherry-berry\\\/#primaryimage\"},\"thumbnailUrl\":\"https:\\\/\\\/vozolvapen.de\\\/wp-content\\\/uploads\\\/2025\\\/12\\\/JNR-Falcon-Pro-28000-Cherry-Berry.webp\",\"datePublished\":\"2025-12-18T07:00:53+00:00\",\"dateModified\":\"2025-12-18T08:12:19+00:00\",\"description\":\"Shop Cherry Berry JNR Falcon pro 28000. 28,000 puffs and a Smart Screen. Premium fruit flavor from the best jnr 28k range.\",\"breadcrumb\":{\"@id\":\"https:\\\/\\\/vozolvapen.de\\\/product\\\/jnr-falcon-pro-28000-cherry-berry\\\/#breadcrumb\"},\"inLanguage\":\"pl-PL\",\"potentialAction\":[{\"@type\":\"ReadAction\",\"target\":[\"https:\\\/\\\/vozolvapen.de\\\/product\\\/jnr-falcon-pro-28000-cherry-berry\\\/\"]}]},{\"@type\":\"ImageObject\",\"inLanguage\":\"pl-PL\",\"@id\":\"https:\\\/\\\/vozolvapen.de\\\/product\\\/jnr-falcon-pro-28000-cherry-berry\\\/#primaryimage\",\"url\":\"https:\\\/\\\/vozolvapen.de\\\/wp-content\\\/uploads\\\/2025\\\/12\\\/JNR-Falcon-Pro-28000-Cherry-Berry.webp\",\"contentUrl\":\"https:\\\/\\\/vozolvapen.de\\\/wp-content\\\/uploads\\\/2025\\\/12\\\/JNR-Falcon-Pro-28000-Cherry-Berry.webp\",\"width\":800,\"height\":800,\"caption\":\"JNR Falcon Pro 28000 - Cherry Berry\"},{\"@type\":\"BreadcrumbList\",\"@id\":\"https:\\\/\\\/vozolvapen.de\\\/product\\\/jnr-falcon-pro-28000-cherry-berry\\\/#breadcrumb\",\"itemListElement\":[{\"@type\":\"ListItem\",\"position\":1,\"name\":\"Home\",\"item\":\"https:\\\/\\\/vozolvapen.de\\\/de\\\/\"},{\"@type\":\"ListItem\",\"position\":2,\"name\":\"Shop\",\"item\":\"https:\\\/\\\/vozolvapen.de\\\/shop\\\/\"},{\"@type\":\"ListItem\",\"position\":3,\"name\":\"JNR Falcon Pro 28000 &#8211; Cherry Berry\"}]},{\"@type\":\"WebSite\",\"@id\":\"https:\\\/\\\/vozolvapen.de\\\/#website\",\"url\":\"https:\\\/\\\/vozolvapen.de\\\/\",\"name\":\"vozolvapen\",\"description\":\"vozolvapen\",\"publisher\":{\"@id\":\"https:\\\/\\\/vozolvapen.de\\\/#organization\"},\"potentialAction\":[{\"@type\":\"SearchAction\",\"target\":{\"@type\":\"EntryPoint\",\"urlTemplate\":\"https:\\\/\\\/vozolvapen.de\\\/?s={search_term_string}\"},\"query-input\":{\"@type\":\"PropertyValueSpecification\",\"valueRequired\":true,\"valueName\":\"search_term_string\"}}],\"inLanguage\":\"pl-PL\"},{\"@type\":\"Organization\",\"@id\":\"https:\\\/\\\/vozolvapen.de\\\/#organization\",\"name\":\"vozolvapen\",\"url\":\"https:\\\/\\\/vozolvapen.de\\\/\",\"logo\":{\"@type\":\"ImageObject\",\"inLanguage\":\"pl-PL\",\"@id\":\"https:\\\/\\\/vozolvapen.de\\\/#\\\/schema\\\/logo\\\/image\\\/\",\"url\":\"https:\\\/\\\/vozolvapen.de\\\/wp-content\\\/uploads\\\/2025\\\/12\\\/cropped-vozovapen-logo.webp\",\"contentUrl\":\"https:\\\/\\\/vozolvapen.de\\\/wp-content\\\/uploads\\\/2025\\\/12\\\/cropped-vozovapen-logo.webp\",\"width\":470,\"height\":110,\"caption\":\"vozolvapen\"},\"image\":{\"@id\":\"https:\\\/\\\/vozolvapen.de\\\/#\\\/schema\\\/logo\\\/image\\\/\"}}]}<\/script>\n<!-- \/ Yoast SEO Premium plugin. -->","yoast_head_json":{"title":"Cherry Berry JNR Falcon Pro 28000 | Puff JNR 28k - vozolvapen","description":"Sklep Cherry Berry JNR Falcon pro 28000. 28 000 zaci\u0105gni\u0119\u0107 i inteligentny ekran. Owocowy smak premium z najlepszej gamy jnr 28k.","robots":{"index":"index","follow":"follow","max-snippet":"max-snippet:-1","max-image-preview":"max-image-preview:large","max-video-preview":"max-video-preview:-1"},"canonical":"https:\/\/vozolvapen.de\/pl\/product\/jnr-falcon-pro-28000-cherry-berry\/","og_locale":"pl_PL","og_type":"article","og_title":"JNR Falcon Pro 28000 - Cherry Berry","og_description":"Shop Cherry Berry JNR Falcon pro 28000. 28,000 puffs and a Smart Screen. Premium fruit flavor from the best jnr 28k range.","og_url":"https:\/\/vozolvapen.de\/pl\/product\/jnr-falcon-pro-28000-cherry-berry\/","og_site_name":"vozolvapen","article_modified_time":"2025-12-18T08:12:19+00:00","og_image":[{"width":800,"height":800,"url":"https:\/\/vozolvapen.de\/wp-content\/uploads\/2025\/12\/JNR-Falcon-Pro-28000-Cherry-Berry.webp","type":"image\/webp"}],"twitter_card":"summary_large_image","twitter_misc":{"Szacowany czas czytania":"4 minuty"},"schema":{"@context":"https:\/\/schema.org","@graph":[{"@type":"WebPage","@id":"https:\/\/vozolvapen.de\/product\/jnr-falcon-pro-28000-cherry-berry\/","url":"https:\/\/vozolvapen.de\/product\/jnr-falcon-pro-28000-cherry-berry\/","name":"Cherry Berry JNR Falcon Pro 28000 | Puff JNR 28k - vozolvapen","isPartOf":{"@id":"https:\/\/vozolvapen.de\/#website"},"primaryImageOfPage":{"@id":"https:\/\/vozolvapen.de\/product\/jnr-falcon-pro-28000-cherry-berry\/#primaryimage"},"image":{"@id":"https:\/\/vozolvapen.de\/product\/jnr-falcon-pro-28000-cherry-berry\/#primaryimage"},"thumbnailUrl":"https:\/\/vozolvapen.de\/wp-content\/uploads\/2025\/12\/JNR-Falcon-Pro-28000-Cherry-Berry.webp","datePublished":"2025-12-18T07:00:53+00:00","dateModified":"2025-12-18T08:12:19+00:00","description":"Sklep Cherry Berry JNR Falcon pro 28000. 28 000 zaci\u0105gni\u0119\u0107 i inteligentny ekran. Owocowy smak premium z najlepszej gamy jnr 28k.","breadcrumb":{"@id":"https:\/\/vozolvapen.de\/product\/jnr-falcon-pro-28000-cherry-berry\/#breadcrumb"},"inLanguage":"pl-PL","potentialAction":[{"@type":"ReadAction","target":["https:\/\/vozolvapen.de\/product\/jnr-falcon-pro-28000-cherry-berry\/"]}]},{"@type":"ImageObject","inLanguage":"pl-PL","@id":"https:\/\/vozolvapen.de\/product\/jnr-falcon-pro-28000-cherry-berry\/#primaryimage","url":"https:\/\/vozolvapen.de\/wp-content\/uploads\/2025\/12\/JNR-Falcon-Pro-28000-Cherry-Berry.webp","contentUrl":"https:\/\/vozolvapen.de\/wp-content\/uploads\/2025\/12\/JNR-Falcon-Pro-28000-Cherry-Berry.webp","width":800,"height":800,"caption":"JNR Falcon Pro 28000 - Cherry Berry"},{"@type":"BreadcrumbList","@id":"https:\/\/vozolvapen.de\/product\/jnr-falcon-pro-28000-cherry-berry\/#breadcrumb","itemListElement":[{"@type":"ListItem","position":1,"name":"Home","item":"https:\/\/vozolvapen.de\/de\/"},{"@type":"ListItem","position":2,"name":"Shop","item":"https:\/\/vozolvapen.de\/shop\/"},{"@type":"ListItem","position":3,"name":"JNR Falcon Pro 28000 &#8211; Cherry Berry"}]},{"@type":"WebSite","@id":"https:\/\/vozolvapen.de\/#website","url":"https:\/\/vozolvapen.de\/","name":"vozolvapen","description":"vozolvapen","publisher":{"@id":"https:\/\/vozolvapen.de\/#organization"},"potentialAction":[{"@type":"SearchAction","target":{"@type":"EntryPoint","urlTemplate":"https:\/\/vozolvapen.de\/?s={search_term_string}"},"query-input":{"@type":"PropertyValueSpecification","valueRequired":true,"valueName":"search_term_string"}}],"inLanguage":"pl-PL"},{"@type":"Organization","@id":"https:\/\/vozolvapen.de\/#organization","name":"vozolvapen","url":"https:\/\/vozolvapen.de\/","logo":{"@type":"ImageObject","inLanguage":"pl-PL","@id":"https:\/\/vozolvapen.de\/#\/schema\/logo\/image\/","url":"https:\/\/vozolvapen.de\/wp-content\/uploads\/2025\/12\/cropped-vozovapen-logo.webp","contentUrl":"https:\/\/vozolvapen.de\/wp-content\/uploads\/2025\/12\/cropped-vozovapen-logo.webp","width":470,"height":110,"caption":"vozolvapen"},"image":{"@id":"https:\/\/vozolvapen.de\/#\/schema\/logo\/image\/"}}]}},"tiered_pricing_type":"fixed","tiered_pricing_fixed_rules":{"30":"13.5","50":"11.5","100":"10.5","200":"10"},"tiered_pricing_product_settings":{"layout":"default","base_unit_name":{"singular":null,"plural":null},"default_variation":null},"tiered_pricing_minimum_quantity":10,"tiered_pricing_roles_data":[],"tiered_pricing_percentage_rules":[],"tiered_pricing_maximum_quantity":null,"tiered_pricing_quantity_step":"10","_links":{"self":[{"href":"http:\/\/vozolvapen.de\/pl\/wp-json\/wp\/v2\/product\/34491","targetHints":{"allow":["GET"]}}],"collection":[{"href":"http:\/\/vozolvapen.de\/pl\/wp-json\/wp\/v2\/product"}],"about":[{"href":"http:\/\/vozolvapen.de\/pl\/wp-json\/wp\/v2\/types\/product"}],"replies":[{"embeddable":true,"href":"http:\/\/vozolvapen.de\/pl\/wp-json\/wp\/v2\/comments?post=34491"}],"wp:featuredmedia":[{"embeddable":true,"href":"http:\/\/vozolvapen.de\/pl\/wp-json\/wp\/v2\/media\/35000"}],"wp:attachment":[{"href":"http:\/\/vozolvapen.de\/pl\/wp-json\/wp\/v2\/media?parent=34491"}],"wp:term":[{"taxonomy":"product_brand","embeddable":true,"href":"http:\/\/vozolvapen.de\/pl\/wp-json\/wp\/v2\/product_brand?post=34491"},{"taxonomy":"product_cat","embeddable":true,"href":"http:\/\/vozolvapen.de\/pl\/wp-json\/wp\/v2\/product_cat?post=34491"},{"taxonomy":"product_tag","embeddable":true,"href":"http:\/\/vozolvapen.de\/pl\/wp-json\/wp\/v2\/product_tag?post=34491"}],"curies":[{"name":"wp","href":"https:\/\/api.w.org\/{rel}","templated":true}]}}