{"id":37858,"date":"2025-12-19T10:51:26","date_gmt":"2025-12-19T10:51:26","guid":{"rendered":"https:\/\/vozolvapen.de\/?post_type=product&#038;p=37858"},"modified":"2026-02-10T11:06:38","modified_gmt":"2026-02-10T11:06:38","slug":"elfbar-ice-king-30000-cherry-pomegranate-cranberry","status":"publish","type":"product","link":"http:\/\/vozolvapen.de\/pl\/product\/elfbar-ice-king-30000-cherry-pomegranate-cranberry\/","title":{"rendered":"Elfbar Ice King 30000 - Wi\u015bnia Granat \u017burawina"},"content":{"rendered":"<h1 data-path-to-node=\"65\"><span class=\"citation-24 citation-end-24\">Elfbar Ice King 30000 - Wi\u015bnia Granat \u017burawina<\/span><\/h1>\n<p data-path-to-node=\"66\">Pot\u0119ga \u201cczerwonej mocy\u201d. The <b data-path-to-node=\"66\" data-index-in-node=\"30\">Elfbar Lodowy Kr\u00f3l 30000<\/b> Cherry Pomegranate Cranberry to g\u0119sta, aromatyczna mieszanka g\u0142\u0119boko czerwonych owoc\u00f3w. Dzi\u0119ki pojemno\u015bci 30 000 puff\u00f3w, ta <b data-path-to-node=\"66\" data-index-in-node=\"165\">Elfbar 30k<\/b> zapewnia bogaty w przeciwutleniacze smak, kt\u00f3ry nigdy nie zanika.<\/p>\n<h2 data-path-to-node=\"67\"><b data-path-to-node=\"67\" data-index-in-node=\"0\">Ocena smaku - Wi\u015bnia, granat, \u017curawina<\/b><\/h2>\n<ul data-path-to-node=\"68\">\n<li>\n<p data-path-to-node=\"68,0,0\"><b data-path-to-node=\"68,0,0\" data-index-in-node=\"0\">S\u0142odycz:<\/b> \u2605\u2605\u2605\u2606\u2606<\/p>\n<\/li>\n<li>\n<p data-path-to-node=\"68,1,0\"><b data-path-to-node=\"68,1,0\" data-index-in-node=\"0\">Poziom lodu:<\/b> \u2605\u2605\u2605\u2606\u2606 (regulowany)<\/p>\n<\/li>\n<li>\n<p data-path-to-node=\"68,2,0\"><b data-path-to-node=\"68,2,0\" data-index-in-node=\"0\">Aromat:<\/b> \u2605\u2605\u2605\u2605\u2605<\/p>\n<\/li>\n<li>\n<p data-path-to-node=\"68,3,0\"><b data-path-to-node=\"68,3,0\" data-index-in-node=\"0\">Werdykt smakowy:<\/b> Z\u0142o\u017cone, pikantne i g\u0142\u0119boko aromatyczne. The <b data-path-to-node=\"68,3,0\" data-index-in-node=\"57\">Elfbar Lodowy Kr\u00f3l<\/b> sprawia, \u017ce to trio jest wysokiej jako\u015bci i przypomina sok.<\/p>\n<\/li>\n<\/ul>\n<h2 data-path-to-node=\"69\"><b data-path-to-node=\"69\" data-index-in-node=\"0\">Dla kogo to jest?<\/b><\/h2>\n<ul data-path-to-node=\"70\">\n<li>\n<p data-path-to-node=\"70,0,0\"><b data-path-to-node=\"70,0,0\" data-index-in-node=\"0\">Fani wi\u015bni:<\/b> Dla tych, kt\u00f3rzy szukaj\u0105 wi\u015bniowego smaku, kt\u00f3ry nie jest jak \u201clekarstwo\u201d.\u201d<\/p>\n<\/li>\n<li>\n<p data-path-to-node=\"70,1,0\"><b data-path-to-node=\"70,1,0\" data-index-in-node=\"0\">Poszukiwacze z\u0142o\u017cono\u015bci:<\/b> U\u017cytkownicy, kt\u00f3rzy lubi\u0105 identyfikowa\u0107 r\u00f3\u017cne nuty owocowe w jednym zaci\u0105gni\u0119ciu.<\/p>\n<\/li>\n<li>\n<p data-path-to-node=\"70,2,0\"><b data-path-to-node=\"70,2,0\" data-index-in-node=\"0\">U\u017cytkownicy d\u0142ugoterminowi:<\/b> Wspania\u0142y smak, kt\u00f3ry pozostaje interesuj\u0105cy przez tysi\u0105ce zaci\u0105gni\u0119\u0107.<\/p>\n<\/li>\n<\/ul>\n<h3 data-path-to-node=\"107\"><b data-path-to-node=\"107\" data-index-in-node=\"0\">Specyfikacja<\/b><\/h3>\n<ul>\n<li data-path-to-node=\"108,0,0\"><b data-path-to-node=\"108,0,0\" data-index-in-node=\"0\"><span class=\"citation-17\">Pojemno\u015b\u0107:<\/span><\/b><span class=\"citation-17 citation-end-17\"> Wst\u0119pnie nape\u0142niony e-liquid 20 ml<\/span><\/li>\n<li data-path-to-node=\"108,1,0\"><b data-path-to-node=\"108,1,0\" data-index-in-node=\"0\">Puffy:<\/b> Turbo I (30 000) \/ Turbo III (15 000)<\/li>\n<li data-path-to-node=\"108,2,0\"><b data-path-to-node=\"108,2,0\" data-index-in-node=\"0\"><span class=\"citation-16\">Bateria:<\/span><\/b><span class=\"citation-16 citation-end-16\"> 850 mAh (akumulator typu C)<\/span><\/li>\n<li data-path-to-node=\"108,3,0\"><b data-path-to-node=\"108,3,0\" data-index-in-node=\"0\">Wy\u015bwietlacz:<\/b> Inteligentny ekran LED (poziom zasilania, oleju i ch\u0142odzenia)<\/li>\n<li data-path-to-node=\"108,4,0\"><b data-path-to-node=\"108,4,0\" data-index-in-node=\"0\">Fajnie:<\/b> 5-poziomowa spersonalizowana regulacja<\/li>\n<li data-path-to-node=\"108,5,0\"><b data-path-to-node=\"108,5,0\" data-index-in-node=\"0\"><span class=\"citation-15\">Cewka:<\/span><\/b><span class=\"citation-15 citation-end-15\"> Podw\u00f3jna cewka siatkowa i podw\u00f3jny rdze\u0144<\/span><\/li>\n<li data-path-to-node=\"108,6,0\"><b data-path-to-node=\"108,6,0\" data-index-in-node=\"0\">Wysy\u0142ka:<\/b> Magazyn europejski (1-3 dni)<\/li>\n<\/ul>\n<h3 data-path-to-node=\"109\"><b data-path-to-node=\"109\" data-index-in-node=\"0\">Dla kogo przeznaczony jest Elfbar Ice King 30000?<\/b><\/h3>\n<ul>\n<li data-path-to-node=\"110,0,0\"><b data-path-to-node=\"110,0,0\" data-index-in-node=\"0\">Customizer:<\/b> Je\u015bli nienawidzisz tego, \u017ce niekt\u00f3re waporyzatory s\u0105 \u201czbyt zimne\u201d lub \u201cniewystarczaj\u0105co zimne\u201d, to <b data-path-to-node=\"110,0,0\" data-index-in-node=\"85\">Elfbar Lodowy Kr\u00f3l<\/b> jest rozwi\u0105zaniem.<\/li>\n<li data-path-to-node=\"110,1,0\"><b data-path-to-node=\"110,1,0\" data-index-in-node=\"0\">Ekspert ds. wydajno\u015bci:<\/b> Ci, kt\u00f3rzy chc\u0105 masywnego urz\u0105dzenia z 30 000 puff\u00f3w, nie rezygnuj\u0105c z jako\u015bci smaku.<\/li>\n<li data-path-to-node=\"110,2,0\"><b data-path-to-node=\"110,2,0\" data-index-in-node=\"0\">Europejski Vaper:<\/b> Idealny dla tych, kt\u00f3rzy chc\u0105 <b data-path-to-node=\"110,2,0\" data-index-in-node=\"47\">Elfbar 30k<\/b> jako\u015b\u0107 dostarczana w ci\u0105gu 3 dni z lokalnego magazynu.<\/li>\n<\/ul>\n<h3 dir=\"auto\">Oto dalsze zalecenia dla Ciebie:<\/h3>\n<p dir=\"auto\">Odkryj jeszcze wi\u0119cej niesamowitych smak\u00f3w dzi\u0119ki Elfbar Ice King 30000 Puffs Vape!<\/p>\n<p dir=\"auto\"><a href=\"https:\/\/vozolvapen.de\/pl\/product-category\/elfbar-vape\/elfbar-ice-king-30000-puff-vape\/\" target=\"_blank\" rel=\"noopener noreferrer nofollow\">Zobacz wszystkie odmiany tutaj \u2192<\/a><\/p>\n<p dir=\"auto\">Zapoznaj si\u0119 z nasz\u0105 pe\u0142n\u0105 kolekcj\u0105 i kupuj produkty najlepszych marek vape, kt\u00f3re pokochasz.<\/p>\n<p dir=\"auto\"><a href=\"https:\/\/vozolvapen.de\/pl\/\" target=\"_blank\" rel=\"noopener noreferrer nofollow\">Przegl\u0105daj teraz wszystkie marki \u2192<\/a><\/p>\n<p dir=\"auto\">Sprawd\u017a ca\u0142\u0105 seri\u0119 Bang Vape - ka\u017cdy smak, ka\u017cdy styl!<\/p>\n<p dir=\"auto\"><a href=\"https:\/\/vozolvapen.de\/pl\/product-category\/bang-vape\/\" target=\"_blank\" rel=\"noopener noreferrer nofollow\">Zobacz pe\u0142n\u0105 kolekcj\u0119 Bang Vape \u2192<\/a><\/p>\n<h2 data-path-to-node=\"2\"><b data-path-to-node=\"2\" data-index-in-node=\"0\">Najcz\u0119\u015bciej zadawane pytania (FAQ) - Elfbar Ice King 30000<\/b><\/h2>\n<h3 data-path-to-node=\"3\"><b data-path-to-node=\"3\" data-index-in-node=\"0\">1. Na jak d\u0142ugo wystarczy mi Elfbar Ice King 30000?<\/b><\/h3>\n<p data-path-to-node=\"4\">The <b data-path-to-node=\"4\" data-index-in-node=\"4\">Elfbar Lodowy Kr\u00f3l 30000<\/b> zosta\u0142 zaprojektowany z my\u015bl\u0105 o ekstremalnej trwa\u0142o\u015bci. W zale\u017cno\u015bci od stylu waporyzacji:<\/p>\n<ul data-path-to-node=\"5\">\n<li>\n<p data-path-to-node=\"5,0,0\"><b data-path-to-node=\"5,0,0\" data-index-in-node=\"0\">Tryb Turbo I (30 000 zaci\u0105gni\u0119\u0107):<\/b> Idealny do sta\u0142ego, codziennego u\u017cytku, zapewniaj\u0105cy najd\u0142u\u017csz\u0105 \u017cywotno\u015b\u0107.<\/p>\n<\/li>\n<li>\n<p data-path-to-node=\"5,1,0\"><b data-path-to-node=\"5,1,0\" data-index-in-node=\"0\">Tryb Turbo III (15 000 zaci\u0105gni\u0119\u0107):<\/b> Idealny dla mi\u0142o\u015bnik\u00f3w chmur, kt\u00f3rzy chc\u0105 bardziej intensywnego, mocnego uderzenia. Dla przeci\u0119tnego wapera jedno urz\u0105dzenie mo\u017ce z \u0142atwo\u015bci\u0105 wytrzyma\u0107 <b data-path-to-node=\"5,1,0\" data-index-in-node=\"146\">3 do 5 tygodni<\/b>.<\/p>\n<\/li>\n<\/ul>\n<h3 data-path-to-node=\"6\"><b data-path-to-node=\"6\" data-index-in-node=\"0\">2. Jak dzia\u0142a 5-poziomowa spersonalizowana funkcja Coolness?<\/b><\/h3>\n<p data-path-to-node=\"7\">Jest to wyr\u00f3\u017cniaj\u0105ca si\u0119 cecha <b data-path-to-node=\"7\" data-index-in-node=\"36\">Elfbar Lodowy Kr\u00f3l<\/b>. Z boku urz\u0105dzenia znajduje si\u0119 dedykowany przycisk regulacji. Mo\u017cna prze\u0142\u0105cza\u0107 si\u0119 mi\u0119dzy nimi:<\/p>\n<ul data-path-to-node=\"8\">\n<li>\n<p data-path-to-node=\"8,0,0\"><b data-path-to-node=\"8,0,0\" data-index-in-node=\"0\">Poziom 0 (Bryza):<\/b> Czysty smak bez \u017cadnego ch\u0142odzenia.<\/p>\n<\/li>\n<li>\n<p data-path-to-node=\"8,1,0\"><b data-path-to-node=\"8,1,0\" data-index-in-node=\"0\">Poziom 4 (Arktyczny mr\u00f3z):<\/b> Najzimniejsze uczucie dost\u0119pne na rynku. Inteligentny wy\u015bwietlacz LED pokazuje aktualny poziom, dzi\u0119ki czemu zawsze dok\u0142adnie wiesz, czego si\u0119 spodziewa\u0107.<\/p>\n<\/li>\n<\/ul>\n<h3 data-path-to-node=\"9\"><b data-path-to-node=\"9\" data-index-in-node=\"0\">3. Czy ten produkt jest autentyczny?<\/b><\/h3>\n<p data-path-to-node=\"10\">Tak. Dostarczamy tylko oryginalne 100% <b data-path-to-node=\"10\" data-index-in-node=\"33\">Elfbar vape<\/b> bezpo\u015brednio od oficjalnego producenta. Ka\u017cdy <b data-path-to-node=\"10\" data-index-in-node=\"100\">Elfbar Lodowy Kr\u00f3l 30000<\/b> Jest dostarczany z weryfikowalnym kodem bezpiecze\u0144stwa, aby zapewni\u0107, \u017ce otrzymujesz wysokiej jako\u015bci, bezpieczne i autentyczne urz\u0105dzenie.<\/p>\n<h3 data-path-to-node=\"11\"><b data-path-to-node=\"11\" data-index-in-node=\"0\">4. Jak szybka jest wysy\u0142ka do Niemiec i reszty Europy?<\/b><\/h3>\n<p data-path-to-node=\"12\">Wysy\u0142amy bezpo\u015brednio z naszego <b data-path-to-node=\"12\" data-index-in-node=\"26\">Magazyn europejski<\/b>.<\/p>\n<ul data-path-to-node=\"13\">\n<li>\n<p data-path-to-node=\"13,0,0\"><b data-path-to-node=\"13,0,0\" data-index-in-node=\"0\">Niemcy:<\/b> 1-2 dni robocze.<\/p>\n<\/li>\n<li>\n<p data-path-to-node=\"13,1,0\"><b data-path-to-node=\"13,1,0\" data-index-in-node=\"0\">Reszta UE:<\/b> 2-3 dni robocze. Dost\u0119pne s\u0105 <b data-path-to-node=\"13,1,0\" data-index-in-node=\"41\">Brak op\u00f3\u017anie\u0144 celnych i ukrytych op\u0142at<\/b>, poniewa\u017c produkt znajduje si\u0119 ju\u017c w granicach UE.<\/p>\n<\/li>\n<\/ul>\n<h3 data-path-to-node=\"14\"><b data-path-to-node=\"14\" data-index-in-node=\"0\">5. Co pokazuje inteligentny wy\u015bwietlacz LED?<\/b><\/h3>\n<p data-path-to-node=\"15\">The <b data-path-to-node=\"15\" data-index-in-node=\"4\">Elfbar 30k<\/b> posiada ekran o wysokiej rozdzielczo\u015bci, kt\u00f3ry dostarcza dane w czasie rzeczywistym:<\/p>\n<ul data-path-to-node=\"16\">\n<li>\n<p data-path-to-node=\"16,0,0\"><b data-path-to-node=\"16,0,0\" data-index-in-node=\"0\">Poziom e-liquidu:<\/b> Koniec z \u201cprzypalonymi\u201d suchymi uderzeniami; b\u0119dziesz dok\u0142adnie wiedzia\u0142, kiedy sko\u0144czy si\u0119 20 ml.<\/p>\n<\/li>\n<li>\n<p data-path-to-node=\"16,1,0\"><b data-path-to-node=\"16,1,0\" data-index-in-node=\"0\">Procent baterii:<\/b> Zobacz dok\u0142adnie, ile pozosta\u0142o baterii o pojemno\u015bci 850 mAh.<\/p>\n<\/li>\n<li>\n<p data-path-to-node=\"16,2,0\"><b data-path-to-node=\"16,2,0\" data-index-in-node=\"0\">Coolness Level:<\/b> Pokazuje, kt\u00f3re z 5 ustawie\u0144 ch\u0142odzenia jest aktualnie aktywne.<\/p>\n<\/li>\n<\/ul>\n<h3 data-path-to-node=\"17\"><b data-path-to-node=\"17\" data-index-in-node=\"0\">6. Czy bateri\u0119 mo\u017cna \u0142adowa\u0107?<\/b><\/h3>\n<p data-path-to-node=\"18\">Absolutnie. Urz\u0105dzenie jest wyposa\u017cone w <b data-path-to-node=\"18\" data-index-in-node=\"34\">Port szybkiego \u0142adowania typu C<\/b>. Podczas gdy e-liquid jest zaprojektowany tak, aby wytrzyma\u0107 do 30 000 zaci\u0105gni\u0119\u0107, bateria mo\u017ce by\u0107 wielokrotnie \u0142adowana, aby zapewni\u0107 wykorzystanie ka\u017cdej kropli 20 ml soku premium.<\/p>\n<h3 data-path-to-node=\"19\"><b data-path-to-node=\"19\" data-index-in-node=\"0\">7. Dlaczego warto wybra\u0107 Ice King 30000 zamiast standardowego Elfbara?<\/b><\/h3>\n<p data-path-to-node=\"20\">The <b data-path-to-node=\"20\" data-index-in-node=\"4\">Elfbar Lodowy Kr\u00f3l<\/b> oferuje trzy g\u0142\u00f3wne zalety:<\/p>\n<ol start=\"1\" data-path-to-node=\"21\">\n<li>\n<p data-path-to-node=\"21,0,0\"><b data-path-to-node=\"21,0,0\" data-index-in-node=\"0\">Efektywno\u015b\u0107 kosztowa:<\/b> Jedno urz\u0105dzenie 30k zast\u0119puje do 15 standardowych urz\u0105dze\u0144 jednorazowych, co pozwala zaoszcz\u0119dzi\u0107 pieni\u0105dze.<\/p>\n<\/li>\n<li>\n<p data-path-to-node=\"21,1,0\"><b data-path-to-node=\"21,1,0\" data-index-in-node=\"0\">Personalizacja:<\/b> U\u017cytkownik kontroluje przep\u0142yw powietrza, moc (tryby Turbo) i intensywno\u015b\u0107 ch\u0142odzenia.<\/p>\n<\/li>\n<li>\n<p data-path-to-node=\"21,2,0\"><b data-path-to-node=\"21,2,0\" data-index-in-node=\"0\">Zaawansowany smak:<\/b> The <b data-path-to-node=\"21,2,0\" data-index-in-node=\"21\">Cewka z podw\u00f3jn\u0105 siatk\u0105<\/b> System zapobiega degradacji smaku, kt\u00f3ra jest powszechna w mniejszych, ta\u0144szych urz\u0105dzeniach.<\/p>\n<\/li>\n<\/ol>","protected":false},"excerpt":{"rendered":"<p>Trio \u201cczerwonej mocy\u201d. G\u0142\u0119boka wi\u015bnia, egzotyczny granat i cierpka \u017curawina tworz\u0105 z\u0142o\u017cony, inspirowany przeciwutleniaczami profil smakowy.<\/p>","protected":false},"featured_media":37984,"comment_status":"open","ping_status":"closed","template":"","meta":{"_acf_changed":false},"product_brand":[],"product_cat":[86,134],"product_tag":[],"class_list":{"0":"post-37858","1":"product","2":"type-product","3":"status-publish","4":"has-post-thumbnail","6":"product_cat-elfbar-ice-king-30000-puff-vape","7":"product_cat-eu-warehouse-in-stock","9":"first","10":"instock","11":"shipping-taxable","12":"purchasable","13":"product-type-variable"},"acf":[],"yoast_head":"<!-- This site is optimized with the Yoast SEO Premium plugin v26.1 (Yoast SEO v27.5) - https:\/\/yoast.com\/product\/yoast-seo-premium-wordpress\/ -->\n<title>Cherry Pomegranate Cranberry - Elfbar Ice King 30000 - vozolvapen<\/title>\n<meta name=\"description\" content=\"Complex Cherry Pomegranate Cranberry Elfbar Ice King 30000. Red fruit trio with adjustable cooling. 1-3 days EU shipping. Get yours today!\" \/>\n<meta name=\"robots\" content=\"index, follow, max-snippet:-1, max-image-preview:large, max-video-preview:-1\" \/>\n<link rel=\"canonical\" href=\"https:\/\/vozolvapen.de\/pl\/product\/elfbar-ice-king-30000-cherry-pomegranate-cranberry\/\" \/>\n<meta property=\"og:locale\" content=\"pl_PL\" \/>\n<meta property=\"og:type\" content=\"article\" \/>\n<meta property=\"og:title\" content=\"Elfbar Ice King 30000 - Cherry Pomegranate Cranberry\" \/>\n<meta property=\"og:description\" content=\"Complex Cherry Pomegranate Cranberry Elfbar Ice King 30000. Red fruit trio with adjustable cooling. 1-3 days EU shipping. Get yours today!\" \/>\n<meta property=\"og:url\" content=\"https:\/\/vozolvapen.de\/pl\/product\/elfbar-ice-king-30000-cherry-pomegranate-cranberry\/\" \/>\n<meta property=\"og:site_name\" content=\"vozolvapen\" \/>\n<meta property=\"article:modified_time\" content=\"2026-02-10T11:06:38+00:00\" \/>\n<meta property=\"og:image\" content=\"https:\/\/vozolvapen.de\/wp-content\/uploads\/2025\/12\/Elfbar-Ice-King-30000-Cherry_Pomegranate_Cranberry.webp\" \/>\n\t<meta property=\"og:image:width\" content=\"1080\" \/>\n\t<meta property=\"og:image:height\" content=\"1080\" \/>\n\t<meta property=\"og:image:type\" content=\"image\/webp\" \/>\n<meta name=\"twitter:card\" content=\"summary_large_image\" \/>\n<meta name=\"twitter:label1\" content=\"Szacowany czas czytania\" \/>\n\t<meta name=\"twitter:data1\" content=\"4 minuty\" \/>\n<script type=\"application\/ld+json\" class=\"yoast-schema-graph\">{\"@context\":\"https:\\\/\\\/schema.org\",\"@graph\":[{\"@type\":\"WebPage\",\"@id\":\"https:\\\/\\\/vozolvapen.de\\\/product\\\/elfbar-ice-king-30000-cherry-pomegranate-cranberry\\\/\",\"url\":\"https:\\\/\\\/vozolvapen.de\\\/product\\\/elfbar-ice-king-30000-cherry-pomegranate-cranberry\\\/\",\"name\":\"Cherry Pomegranate Cranberry - Elfbar Ice King 30000 - vozolvapen\",\"isPartOf\":{\"@id\":\"https:\\\/\\\/vozolvapen.de\\\/#website\"},\"primaryImageOfPage\":{\"@id\":\"https:\\\/\\\/vozolvapen.de\\\/product\\\/elfbar-ice-king-30000-cherry-pomegranate-cranberry\\\/#primaryimage\"},\"image\":{\"@id\":\"https:\\\/\\\/vozolvapen.de\\\/product\\\/elfbar-ice-king-30000-cherry-pomegranate-cranberry\\\/#primaryimage\"},\"thumbnailUrl\":\"https:\\\/\\\/vozolvapen.de\\\/wp-content\\\/uploads\\\/2025\\\/12\\\/Elfbar-Ice-King-30000-Cherry_Pomegranate_Cranberry.webp\",\"datePublished\":\"2025-12-19T10:51:26+00:00\",\"dateModified\":\"2026-02-10T11:06:38+00:00\",\"description\":\"Complex Cherry Pomegranate Cranberry Elfbar Ice King 30000. Red fruit trio with adjustable cooling. 1-3 days EU shipping. Get yours today!\",\"breadcrumb\":{\"@id\":\"https:\\\/\\\/vozolvapen.de\\\/product\\\/elfbar-ice-king-30000-cherry-pomegranate-cranberry\\\/#breadcrumb\"},\"inLanguage\":\"pl-PL\",\"potentialAction\":[{\"@type\":\"ReadAction\",\"target\":[\"https:\\\/\\\/vozolvapen.de\\\/product\\\/elfbar-ice-king-30000-cherry-pomegranate-cranberry\\\/\"]}]},{\"@type\":\"ImageObject\",\"inLanguage\":\"pl-PL\",\"@id\":\"https:\\\/\\\/vozolvapen.de\\\/product\\\/elfbar-ice-king-30000-cherry-pomegranate-cranberry\\\/#primaryimage\",\"url\":\"https:\\\/\\\/vozolvapen.de\\\/wp-content\\\/uploads\\\/2025\\\/12\\\/Elfbar-Ice-King-30000-Cherry_Pomegranate_Cranberry.webp\",\"contentUrl\":\"https:\\\/\\\/vozolvapen.de\\\/wp-content\\\/uploads\\\/2025\\\/12\\\/Elfbar-Ice-King-30000-Cherry_Pomegranate_Cranberry.webp\",\"width\":1080,\"height\":1080,\"caption\":\"Elfbar Ice King 30000 - Cherry_Pomegranate_Cranberry\"},{\"@type\":\"BreadcrumbList\",\"@id\":\"https:\\\/\\\/vozolvapen.de\\\/product\\\/elfbar-ice-king-30000-cherry-pomegranate-cranberry\\\/#breadcrumb\",\"itemListElement\":[{\"@type\":\"ListItem\",\"position\":1,\"name\":\"Home\",\"item\":\"https:\\\/\\\/vozolvapen.de\\\/de\\\/\"},{\"@type\":\"ListItem\",\"position\":2,\"name\":\"Shop\",\"item\":\"https:\\\/\\\/vozolvapen.de\\\/shop\\\/\"},{\"@type\":\"ListItem\",\"position\":3,\"name\":\"Elfbar Ice King 30000 &#8211; Cherry Pomegranate Cranberry\"}]},{\"@type\":\"WebSite\",\"@id\":\"https:\\\/\\\/vozolvapen.de\\\/#website\",\"url\":\"https:\\\/\\\/vozolvapen.de\\\/\",\"name\":\"vozolvapen\",\"description\":\"vozolvapen\",\"publisher\":{\"@id\":\"https:\\\/\\\/vozolvapen.de\\\/#organization\"},\"potentialAction\":[{\"@type\":\"SearchAction\",\"target\":{\"@type\":\"EntryPoint\",\"urlTemplate\":\"https:\\\/\\\/vozolvapen.de\\\/?s={search_term_string}\"},\"query-input\":{\"@type\":\"PropertyValueSpecification\",\"valueRequired\":true,\"valueName\":\"search_term_string\"}}],\"inLanguage\":\"pl-PL\"},{\"@type\":\"Organization\",\"@id\":\"https:\\\/\\\/vozolvapen.de\\\/#organization\",\"name\":\"vozolvapen\",\"url\":\"https:\\\/\\\/vozolvapen.de\\\/\",\"logo\":{\"@type\":\"ImageObject\",\"inLanguage\":\"pl-PL\",\"@id\":\"https:\\\/\\\/vozolvapen.de\\\/#\\\/schema\\\/logo\\\/image\\\/\",\"url\":\"https:\\\/\\\/vozolvapen.de\\\/wp-content\\\/uploads\\\/2025\\\/12\\\/cropped-vozovapen-logo.webp\",\"contentUrl\":\"https:\\\/\\\/vozolvapen.de\\\/wp-content\\\/uploads\\\/2025\\\/12\\\/cropped-vozovapen-logo.webp\",\"width\":470,\"height\":110,\"caption\":\"vozolvapen\"},\"image\":{\"@id\":\"https:\\\/\\\/vozolvapen.de\\\/#\\\/schema\\\/logo\\\/image\\\/\"}}]}<\/script>\n<!-- \/ Yoast SEO Premium plugin. -->","yoast_head_json":{"title":"Cherry Pomegranate Cranberry - Elfbar Ice King 30000 - vozolvapen","description":"Complex Cherry Pomegranate Cranberry Elfbar Ice King 30000. Trio czerwonych owoc\u00f3w z regulowanym ch\u0142odzeniem. Wysy\u0142ka na terenie UE w ci\u0105gu 1-3 dni. Kup ju\u017c dzi\u015b!","robots":{"index":"index","follow":"follow","max-snippet":"max-snippet:-1","max-image-preview":"max-image-preview:large","max-video-preview":"max-video-preview:-1"},"canonical":"https:\/\/vozolvapen.de\/pl\/product\/elfbar-ice-king-30000-cherry-pomegranate-cranberry\/","og_locale":"pl_PL","og_type":"article","og_title":"Elfbar Ice King 30000 - Cherry Pomegranate Cranberry","og_description":"Complex Cherry Pomegranate Cranberry Elfbar Ice King 30000. Red fruit trio with adjustable cooling. 1-3 days EU shipping. Get yours today!","og_url":"https:\/\/vozolvapen.de\/pl\/product\/elfbar-ice-king-30000-cherry-pomegranate-cranberry\/","og_site_name":"vozolvapen","article_modified_time":"2026-02-10T11:06:38+00:00","og_image":[{"width":1080,"height":1080,"url":"https:\/\/vozolvapen.de\/wp-content\/uploads\/2025\/12\/Elfbar-Ice-King-30000-Cherry_Pomegranate_Cranberry.webp","type":"image\/webp"}],"twitter_card":"summary_large_image","twitter_misc":{"Szacowany czas czytania":"4 minuty"},"schema":{"@context":"https:\/\/schema.org","@graph":[{"@type":"WebPage","@id":"https:\/\/vozolvapen.de\/product\/elfbar-ice-king-30000-cherry-pomegranate-cranberry\/","url":"https:\/\/vozolvapen.de\/product\/elfbar-ice-king-30000-cherry-pomegranate-cranberry\/","name":"Cherry Pomegranate Cranberry - Elfbar Ice King 30000 - vozolvapen","isPartOf":{"@id":"https:\/\/vozolvapen.de\/#website"},"primaryImageOfPage":{"@id":"https:\/\/vozolvapen.de\/product\/elfbar-ice-king-30000-cherry-pomegranate-cranberry\/#primaryimage"},"image":{"@id":"https:\/\/vozolvapen.de\/product\/elfbar-ice-king-30000-cherry-pomegranate-cranberry\/#primaryimage"},"thumbnailUrl":"https:\/\/vozolvapen.de\/wp-content\/uploads\/2025\/12\/Elfbar-Ice-King-30000-Cherry_Pomegranate_Cranberry.webp","datePublished":"2025-12-19T10:51:26+00:00","dateModified":"2026-02-10T11:06:38+00:00","description":"Complex Cherry Pomegranate Cranberry Elfbar Ice King 30000. Trio czerwonych owoc\u00f3w z regulowanym ch\u0142odzeniem. Wysy\u0142ka na terenie UE w ci\u0105gu 1-3 dni. Kup ju\u017c dzi\u015b!","breadcrumb":{"@id":"https:\/\/vozolvapen.de\/product\/elfbar-ice-king-30000-cherry-pomegranate-cranberry\/#breadcrumb"},"inLanguage":"pl-PL","potentialAction":[{"@type":"ReadAction","target":["https:\/\/vozolvapen.de\/product\/elfbar-ice-king-30000-cherry-pomegranate-cranberry\/"]}]},{"@type":"ImageObject","inLanguage":"pl-PL","@id":"https:\/\/vozolvapen.de\/product\/elfbar-ice-king-30000-cherry-pomegranate-cranberry\/#primaryimage","url":"https:\/\/vozolvapen.de\/wp-content\/uploads\/2025\/12\/Elfbar-Ice-King-30000-Cherry_Pomegranate_Cranberry.webp","contentUrl":"https:\/\/vozolvapen.de\/wp-content\/uploads\/2025\/12\/Elfbar-Ice-King-30000-Cherry_Pomegranate_Cranberry.webp","width":1080,"height":1080,"caption":"Elfbar Ice King 30000 - Cherry_Pomegranate_Cranberry"},{"@type":"BreadcrumbList","@id":"https:\/\/vozolvapen.de\/product\/elfbar-ice-king-30000-cherry-pomegranate-cranberry\/#breadcrumb","itemListElement":[{"@type":"ListItem","position":1,"name":"Home","item":"https:\/\/vozolvapen.de\/de\/"},{"@type":"ListItem","position":2,"name":"Shop","item":"https:\/\/vozolvapen.de\/shop\/"},{"@type":"ListItem","position":3,"name":"Elfbar Ice King 30000 &#8211; Cherry Pomegranate Cranberry"}]},{"@type":"WebSite","@id":"https:\/\/vozolvapen.de\/#website","url":"https:\/\/vozolvapen.de\/","name":"vozolvapen","description":"vozolvapen","publisher":{"@id":"https:\/\/vozolvapen.de\/#organization"},"potentialAction":[{"@type":"SearchAction","target":{"@type":"EntryPoint","urlTemplate":"https:\/\/vozolvapen.de\/?s={search_term_string}"},"query-input":{"@type":"PropertyValueSpecification","valueRequired":true,"valueName":"search_term_string"}}],"inLanguage":"pl-PL"},{"@type":"Organization","@id":"https:\/\/vozolvapen.de\/#organization","name":"vozolvapen","url":"https:\/\/vozolvapen.de\/","logo":{"@type":"ImageObject","inLanguage":"pl-PL","@id":"https:\/\/vozolvapen.de\/#\/schema\/logo\/image\/","url":"https:\/\/vozolvapen.de\/wp-content\/uploads\/2025\/12\/cropped-vozovapen-logo.webp","contentUrl":"https:\/\/vozolvapen.de\/wp-content\/uploads\/2025\/12\/cropped-vozovapen-logo.webp","width":470,"height":110,"caption":"vozolvapen"},"image":{"@id":"https:\/\/vozolvapen.de\/#\/schema\/logo\/image\/"}}]}},"tiered_pricing_type":"fixed","tiered_pricing_fixed_rules":{"30":"15.78","50":"12.78","100":"11.78","200":"10.78"},"tiered_pricing_product_settings":{"layout":"default","base_unit_name":{"singular":null,"plural":null},"default_variation":null},"tiered_pricing_minimum_quantity":10,"tiered_pricing_roles_data":[],"tiered_pricing_percentage_rules":[],"tiered_pricing_maximum_quantity":null,"tiered_pricing_quantity_step":"10","_links":{"self":[{"href":"http:\/\/vozolvapen.de\/pl\/wp-json\/wp\/v2\/product\/37858","targetHints":{"allow":["GET"]}}],"collection":[{"href":"http:\/\/vozolvapen.de\/pl\/wp-json\/wp\/v2\/product"}],"about":[{"href":"http:\/\/vozolvapen.de\/pl\/wp-json\/wp\/v2\/types\/product"}],"replies":[{"embeddable":true,"href":"http:\/\/vozolvapen.de\/pl\/wp-json\/wp\/v2\/comments?post=37858"}],"wp:featuredmedia":[{"embeddable":true,"href":"http:\/\/vozolvapen.de\/pl\/wp-json\/wp\/v2\/media\/37984"}],"wp:attachment":[{"href":"http:\/\/vozolvapen.de\/pl\/wp-json\/wp\/v2\/media?parent=37858"}],"wp:term":[{"taxonomy":"product_brand","embeddable":true,"href":"http:\/\/vozolvapen.de\/pl\/wp-json\/wp\/v2\/product_brand?post=37858"},{"taxonomy":"product_cat","embeddable":true,"href":"http:\/\/vozolvapen.de\/pl\/wp-json\/wp\/v2\/product_cat?post=37858"},{"taxonomy":"product_tag","embeddable":true,"href":"http:\/\/vozolvapen.de\/pl\/wp-json\/wp\/v2\/product_tag?post=37858"}],"curies":[{"name":"wp","href":"https:\/\/api.w.org\/{rel}","templated":true}]}}