{"id":38125,"date":"2025-12-20T06:35:56","date_gmt":"2025-12-20T06:35:56","guid":{"rendered":"https:\/\/vozolvapen.de\/?post_type=product&#038;p=38125"},"modified":"2026-02-10T11:06:08","modified_gmt":"2026-02-10T11:06:08","slug":"elfbar-moonnight-40000-blue-razz-ice","status":"publish","type":"product","link":"http:\/\/vozolvapen.de\/pl\/product\/elfbar-moonnight-40000-blue-razz-ice\/","title":{"rendered":"ELFBAR MoonNight 40000 - Blue Razz Ice"},"content":{"rendered":"<h1 data-path-to-node=\"69\">ELFBAR MoonNight 40000 - Blue Razz Ice<\/h1>\n<p data-path-to-node=\"70\"><b data-path-to-node=\"70\" data-index-in-node=\"0\">Elektryzuj\u0105ca niebieska malina.<\/b> The <b data-path-to-node=\"70\" data-index-in-node=\"33\">ELFBAR MoonNight 40000<\/b> Blue Razz Ice to s\u0142odko-kwa\u015bny klasyk cukierk\u00f3w. Jest ostry, \u017cywy i niewiarygodnie zimny - idealny dla <b data-path-to-node=\"70\" data-index-in-node=\"162\">Tryb BOOST<\/b> na tym urz\u0105dzeniu 40k.<\/p>\n<h2 data-path-to-node=\"71\"><b data-path-to-node=\"71\" data-index-in-node=\"0\">Ocena smaku - Blue Razz Ice<\/b><\/h2>\n<ul data-path-to-node=\"72\">\n<li>\n<p data-path-to-node=\"72,0,0\"><b data-path-to-node=\"72,0,0\" data-index-in-node=\"0\">S\u0142odycz:<\/b> \u2605\u2605\u2605\u2605\u2606<\/p>\n<\/li>\n<li>\n<p data-path-to-node=\"72,1,0\"><b data-path-to-node=\"72,1,0\" data-index-in-node=\"0\">Poziom lodu:<\/b> \u2605\u2605\u2605\u2605\u2605<\/p>\n<\/li>\n<li>\n<p data-path-to-node=\"72,2,0\"><b data-path-to-node=\"72,2,0\" data-index-in-node=\"0\">Aromat:<\/b> \u2605\u2605\u2605\u2605\u2606<\/p>\n<\/li>\n<li>\n<p data-path-to-node=\"72,3,0\"><b data-path-to-node=\"72,3,0\" data-index-in-node=\"0\">Werdykt smakowy:<\/b> S\u0142odki, pikantny i poni\u017cej zera. The <b data-path-to-node=\"72,3,0\" data-index-in-node=\"48\">elfbar vape<\/b> nadaje temu popularnemu profilowi konsystencj\u0119 \u201cblue slushie\u201d.<\/p>\n<\/li>\n<\/ul>\n<h2 data-path-to-node=\"73\"><b data-path-to-node=\"73\" data-index-in-node=\"0\">Dla kogo to jest?<\/b><\/h2>\n<ul data-path-to-node=\"74\">\n<li>\n<p data-path-to-node=\"74,0,0\"><b data-path-to-node=\"74,0,0\" data-index-in-node=\"0\">Fani s\u0142odyczy:<\/b> Idealny dla tych, kt\u00f3rzy uwielbiaj\u0105 smak cukierk\u00f3w \u201cblue raspberry\u201d.<\/p>\n<\/li>\n<li>\n<p data-path-to-node=\"74,1,0\"><b data-path-to-node=\"74,1,0\" data-index-in-node=\"0\">Ice Junkies:<\/b> Dla tych, kt\u00f3rzy potrzebuj\u0105 silnego ch\u0142odzenia.<\/p>\n<\/li>\n<\/ul>\n<h2 data-path-to-node=\"97\"><b data-path-to-node=\"97\" data-index-in-node=\"0\">Specyfikacja\u00a0<\/b><\/h2>\n<ul data-path-to-node=\"98\">\n<li>\n<p data-path-to-node=\"98,0,0\"><b data-path-to-node=\"98,0,0\" data-index-in-node=\"0\">Pojemno\u015b\u0107:<\/b> <b data-path-to-node=\"98,0,0\" data-index-in-node=\"10\">50ML wst\u0119pnie nape\u0142niony<\/b> e-liquid premium<\/p>\n<\/li>\n<li>\n<p data-path-to-node=\"98,1,0\"><b data-path-to-node=\"98,1,0\" data-index-in-node=\"0\">Puffy:<\/b> Do <b data-path-to-node=\"98,1,0\" data-index-in-node=\"13\">40,000 Puffs<\/b> (Tryb ECO)<\/p>\n<\/li>\n<li>\n<p data-path-to-node=\"98,2,0\"><b data-path-to-node=\"98,2,0\" data-index-in-node=\"0\">Bateria:<\/b> 850 mAh (akumulator typu C)<\/p>\n<\/li>\n<li>\n<p data-path-to-node=\"98,3,0\"><b data-path-to-node=\"98,3,0\" data-index-in-node=\"0\">Wy\u015bwietlacz:<\/b> Inteligentny ekran LED (zasilanie, akumulator i poziom oleju)<\/p>\n<\/li>\n<li>\n<p data-path-to-node=\"98,4,0\"><b data-path-to-node=\"98,4,0\" data-index-in-node=\"0\">Tryby:<\/b> 3-stopniowa regulacja (ECO \/ NORMAL \/ BOOST)<\/p>\n<\/li>\n<li>\n<p data-path-to-node=\"98,5,0\"><b data-path-to-node=\"98,5,0\" data-index-in-node=\"0\">Cewka:<\/b> Podw\u00f3jna cewka siatkowa i podw\u00f3jny rdze\u0144<\/p>\n<\/li>\n<li>\n<p data-path-to-node=\"98,6,0\"><b data-path-to-node=\"98,6,0\" data-index-in-node=\"0\">Wysy\u0142ka:<\/b> <b data-path-to-node=\"98,6,0\" data-index-in-node=\"10\">Magazyn europejski (dostawa w ci\u0105gu 1-3 dni)<\/b><\/p>\n<\/li>\n<\/ul>\n<h3 data-path-to-node=\"99\"><b data-path-to-node=\"99\" data-index-in-node=\"0\">Dla kogo przeznaczony jest ELFBAR MoonNight 40000?<\/b><\/h3>\n<ul data-path-to-node=\"100\">\n<li>\n<p data-path-to-node=\"100,0,0\"><b data-path-to-node=\"100,0,0\" data-index-in-node=\"0\">Vaper \u201cd\u0142ugodystansowy\u201d:<\/b> Z <b data-path-to-node=\"100,0,0\" data-index-in-node=\"28\">50 ml p\u0142ynu<\/b>, To urz\u0105dzenie jest przeznaczone dla tych, kt\u00f3rzy nigdy nie chc\u0105 si\u0119 martwi\u0107, \u017ce ich vape sko\u0144czy si\u0119 w po\u0142owie tygodnia.<\/p>\n<\/li>\n<li>\n<p data-path-to-node=\"100,1,0\"><b data-path-to-node=\"100,1,0\" data-index-in-node=\"0\">The Tech Enthusiast:<\/b> Ci, kt\u00f3rzy chc\u0105 prze\u0142\u0105cza\u0107 si\u0119 mi\u0119dzy <b data-path-to-node=\"100,1,0\" data-index-in-node=\"54\">Tryb BOOST<\/b> dla smaku i <b data-path-to-node=\"100,1,0\" data-index-in-node=\"80\">Tryb ECO<\/b> dla d\u0142ugowieczno\u015bci.<\/p>\n<\/li>\n<li>\n<p data-path-to-node=\"100,2,0\"><b data-path-to-node=\"100,2,0\" data-index-in-node=\"0\">Kupuj\u0105cy z szybk\u0105 dostaw\u0105:<\/b> Idealny dla europejskich klient\u00f3w, kt\u00f3rzy potrzebuj\u0105 <b data-path-to-node=\"100,2,0\" data-index-in-node=\"73\">Elfbar 40k<\/b> dostarczane w ci\u0105gu 3 dni z lokalnego magazynu.<\/p>\n<\/li>\n<\/ul>\n<h3 data-path-to-node=\"4,0\"><b data-path-to-node=\"4,0\" data-index-in-node=\"0\">Jak opanowa\u0107 ustawienia ELFBAR MoonNight 40000<\/b><\/h3>\n<p data-path-to-node=\"4,1\">The <b data-path-to-node=\"4,1\" data-index-in-node=\"4\">ELFBAR MoonNight 40000<\/b> posiada inteligentny 3-stopniowy system regulacji mocy. Oto jak wybra\u0107 odpowiedni tryb dla swojego stylu waporyzacji:<\/p>\n<ul data-path-to-node=\"4,2\">\n<li>\n<p data-path-to-node=\"4,2,0,0\"><b data-path-to-node=\"4,2,0,0\" data-index-in-node=\"0\">Tryb ECO (najd\u0142u\u017csza \u017cywotno\u015b\u0107):<\/b> Zoptymalizowany pod k\u0105tem d\u0142ugowieczno\u015bci. Ten tryb zu\u017cywa najmniej baterii i p\u0142ynu, pozwalaj\u0105c na osi\u0105gni\u0119cie pe\u0142nej wydajno\u015bci. <b data-path-to-node=\"4,2,0,0\" data-index-in-node=\"126\">40 000 zaci\u0105gni\u0119\u0107<\/b>. Idealny do ci\u0105g\u0142ego waporyzowania przez ca\u0142y dzie\u0144.<\/p>\n<\/li>\n<li>\n<p data-path-to-node=\"4,2,1,0\"><b data-path-to-node=\"4,2,1,0\" data-index-in-node=\"0\">Tryb NORMALNY (Idealny balans):<\/b> Ustawienie standardowe. Zapewnia sta\u0142e, satysfakcjonuj\u0105ce uderzenie w gard\u0142o i zr\u00f3wnowa\u017con\u0105 intensywno\u015b\u0107 smaku - idealne do codziennego u\u017cytku.<\/p>\n<\/li>\n<li>\n<p data-path-to-node=\"4,2,2,0\"><b data-path-to-node=\"4,2,2,0\" data-index-in-node=\"0\">Tryb BOOST (maksymalny smak):<\/b> Uwolnij <b data-path-to-node=\"4,2,2,0\" data-index-in-node=\"41\">Dwurdzeniowy<\/b> moc! Tryb Boost zwi\u0119ksza produkcj\u0119 pary i nasycenie smaku, zapewniaj\u0105c naprawd\u0119 intensywne doznania (w tym trybie liczba zaci\u0105gni\u0119\u0107 zostanie zmniejszona).<\/p>\n<\/li>\n<\/ul>\n<h3 dir=\"auto\">Oto dalsze zalecenia dla Ciebie:<\/h3>\n<p dir=\"auto\">Odkryj jeszcze wi\u0119cej niesamowitych smak\u00f3w dzi\u0119ki ELFBAR MoonNight 40000 Puffs Vape!<\/p>\n<p dir=\"auto\"><a href=\"https:\/\/vozolvapen.de\/pl\/product-category\/elfbar-vape\/elfbar-moonnight-40000-vape\/\" target=\"_blank\" rel=\"noopener noreferrer nofollow\">Zobacz wszystkie odmiany tutaj \u2192<\/a><\/p>\n<p dir=\"auto\">Zapoznaj si\u0119 z nasz\u0105 pe\u0142n\u0105 kolekcj\u0105 i kupuj produkty najlepszych marek vape, kt\u00f3re pokochasz.<\/p>\n<p dir=\"auto\"><a href=\"https:\/\/vozolvapen.de\/pl\/\" target=\"_blank\" rel=\"noopener noreferrer nofollow\">Przegl\u0105daj teraz wszystkie marki \u2192<\/a><\/p>\n<p dir=\"auto\">Sprawd\u017a ca\u0142\u0105 seri\u0119 Bang Vape - ka\u017cdy smak, ka\u017cdy styl!<\/p>\n<p dir=\"auto\"><a href=\"https:\/\/vozolvapen.de\/pl\/product-category\/bang-vape\/\" target=\"_blank\" rel=\"noopener noreferrer nofollow\">Zobacz pe\u0142n\u0105 kolekcj\u0119 Bang Vape \u2192<\/a><\/p>\n<p dir=\"auto\"><b data-path-to-node=\"10,0\" data-index-in-node=\"0\">Przewaga lokalnego magazynu:<\/b> Tw\u00f3j <b data-path-to-node=\"10,0\" data-index-in-node=\"32\">ELFBAR MoonNight 40000<\/b> zam\u00f3wienie jest wysy\u0142ane bezpo\u015brednio z naszego <b data-path-to-node=\"10,0\" data-index-in-node=\"90\">Magazyn europejski<\/b>. Ciesz si\u0119 b\u0142yskawiczn\u0105 dostaw\u0105 (1-3 dni) do Niemiec, Francji, W\u0142och i Hiszpanii bez k\u0142opot\u00f3w celnych.<\/p>","protected":false},"excerpt":{"rendered":"<p><b data-path-to-node=\"15\" data-index-in-node=\"0\">Blue Razz Ice<\/b> Elektryczny i zimny. <b data-path-to-node=\"15\" data-index-in-node=\"40\">Blue Razz Ice<\/b> to s\u0142odko-kwa\u015bny klasyk cukierk\u00f3w, kt\u00f3ry mrowi w j\u0119zyk. Wci\u015bnij <b data-path-to-node=\"15\" data-index-in-node=\"123\">ELFBAR MoonNight 40000<\/b> do <b data-path-to-node=\"15\" data-index-in-node=\"149\">Tryb BOOST<\/b> dla intensywnego uczucia niebieskiego malinowego slushie.<\/p>","protected":false},"featured_media":38196,"comment_status":"open","ping_status":"closed","template":"","meta":{"_acf_changed":false},"product_brand":[],"product_cat":[87,134],"product_tag":[],"class_list":{"0":"post-38125","1":"product","2":"type-product","3":"status-publish","4":"has-post-thumbnail","6":"product_cat-elfbar-moonnight-40000-vape","7":"product_cat-eu-warehouse-in-stock","9":"first","10":"instock","11":"shipping-taxable","12":"purchasable","13":"product-type-variable"},"acf":[],"yoast_head":"<!-- This site is optimized with the Yoast SEO Premium plugin v26.1 (Yoast SEO v27.5) - https:\/\/yoast.com\/product\/yoast-seo-premium-wordpress\/ -->\n<title>Blue Razz Ice - ELFBAR MoonNight 40000 | Elfbar 40k - vozolvapen<\/title>\n<meta name=\"description\" content=\"Electric Blue Razz Ice ELFBAR MoonNight 40000. Huge 40k puff count &amp; 50mL e-liquid capacity. Delivered in 1-3 days from our local EU warehouse.\" \/>\n<meta name=\"robots\" content=\"index, follow, max-snippet:-1, max-image-preview:large, max-video-preview:-1\" \/>\n<link rel=\"canonical\" href=\"https:\/\/vozolvapen.de\/pl\/product\/elfbar-moonnight-40000-blue-razz-ice\/\" \/>\n<meta property=\"og:locale\" content=\"pl_PL\" \/>\n<meta property=\"og:type\" content=\"article\" \/>\n<meta property=\"og:title\" content=\"ELFBAR MoonNight 40000 - Blue Razz Ice\" \/>\n<meta property=\"og:description\" content=\"Electric Blue Razz Ice ELFBAR MoonNight 40000. Huge 40k puff count &amp; 50mL e-liquid capacity. Delivered in 1-3 days from our local EU warehouse.\" \/>\n<meta property=\"og:url\" content=\"https:\/\/vozolvapen.de\/pl\/product\/elfbar-moonnight-40000-blue-razz-ice\/\" \/>\n<meta property=\"og:site_name\" content=\"vozolvapen\" \/>\n<meta property=\"article:modified_time\" content=\"2026-02-10T11:06:08+00:00\" \/>\n<meta property=\"og:image\" content=\"https:\/\/vozolvapen.de\/wp-content\/uploads\/2025\/12\/ELFBAR-MoonNight-40000-Blue-Razz-Ice-1.webp\" \/>\n\t<meta property=\"og:image:width\" content=\"1080\" \/>\n\t<meta property=\"og:image:height\" content=\"1080\" \/>\n\t<meta property=\"og:image:type\" content=\"image\/webp\" \/>\n<meta name=\"twitter:card\" content=\"summary_large_image\" \/>\n<meta name=\"twitter:label1\" content=\"Szacowany czas czytania\" \/>\n\t<meta name=\"twitter:data1\" content=\"2 minuty\" \/>\n<script type=\"application\/ld+json\" class=\"yoast-schema-graph\">{\"@context\":\"https:\\\/\\\/schema.org\",\"@graph\":[{\"@type\":\"WebPage\",\"@id\":\"https:\\\/\\\/vozolvapen.de\\\/product\\\/elfbar-moonnight-40000-blue-razz-ice\\\/\",\"url\":\"https:\\\/\\\/vozolvapen.de\\\/product\\\/elfbar-moonnight-40000-blue-razz-ice\\\/\",\"name\":\"Blue Razz Ice - ELFBAR MoonNight 40000 | Elfbar 40k - vozolvapen\",\"isPartOf\":{\"@id\":\"https:\\\/\\\/vozolvapen.de\\\/#website\"},\"primaryImageOfPage\":{\"@id\":\"https:\\\/\\\/vozolvapen.de\\\/product\\\/elfbar-moonnight-40000-blue-razz-ice\\\/#primaryimage\"},\"image\":{\"@id\":\"https:\\\/\\\/vozolvapen.de\\\/product\\\/elfbar-moonnight-40000-blue-razz-ice\\\/#primaryimage\"},\"thumbnailUrl\":\"https:\\\/\\\/vozolvapen.de\\\/wp-content\\\/uploads\\\/2025\\\/12\\\/ELFBAR-MoonNight-40000-Blue-Razz-Ice-1.webp\",\"datePublished\":\"2025-12-20T06:35:56+00:00\",\"dateModified\":\"2026-02-10T11:06:08+00:00\",\"description\":\"Electric Blue Razz Ice ELFBAR MoonNight 40000. Huge 40k puff count & 50mL e-liquid capacity. Delivered in 1-3 days from our local EU warehouse.\",\"breadcrumb\":{\"@id\":\"https:\\\/\\\/vozolvapen.de\\\/product\\\/elfbar-moonnight-40000-blue-razz-ice\\\/#breadcrumb\"},\"inLanguage\":\"pl-PL\",\"potentialAction\":[{\"@type\":\"ReadAction\",\"target\":[\"https:\\\/\\\/vozolvapen.de\\\/product\\\/elfbar-moonnight-40000-blue-razz-ice\\\/\"]}]},{\"@type\":\"ImageObject\",\"inLanguage\":\"pl-PL\",\"@id\":\"https:\\\/\\\/vozolvapen.de\\\/product\\\/elfbar-moonnight-40000-blue-razz-ice\\\/#primaryimage\",\"url\":\"https:\\\/\\\/vozolvapen.de\\\/wp-content\\\/uploads\\\/2025\\\/12\\\/ELFBAR-MoonNight-40000-Blue-Razz-Ice-1.webp\",\"contentUrl\":\"https:\\\/\\\/vozolvapen.de\\\/wp-content\\\/uploads\\\/2025\\\/12\\\/ELFBAR-MoonNight-40000-Blue-Razz-Ice-1.webp\",\"width\":1080,\"height\":1080,\"caption\":\"ELFBAR MoonNight 40000 - Blue Razz Ice\"},{\"@type\":\"BreadcrumbList\",\"@id\":\"https:\\\/\\\/vozolvapen.de\\\/product\\\/elfbar-moonnight-40000-blue-razz-ice\\\/#breadcrumb\",\"itemListElement\":[{\"@type\":\"ListItem\",\"position\":1,\"name\":\"Home\",\"item\":\"https:\\\/\\\/vozolvapen.de\\\/de\\\/\"},{\"@type\":\"ListItem\",\"position\":2,\"name\":\"Shop\",\"item\":\"https:\\\/\\\/vozolvapen.de\\\/shop\\\/\"},{\"@type\":\"ListItem\",\"position\":3,\"name\":\"ELFBAR MoonNight 40000 &#8211; Blue Razz Ice\"}]},{\"@type\":\"WebSite\",\"@id\":\"https:\\\/\\\/vozolvapen.de\\\/#website\",\"url\":\"https:\\\/\\\/vozolvapen.de\\\/\",\"name\":\"vozolvapen\",\"description\":\"vozolvapen\",\"publisher\":{\"@id\":\"https:\\\/\\\/vozolvapen.de\\\/#organization\"},\"potentialAction\":[{\"@type\":\"SearchAction\",\"target\":{\"@type\":\"EntryPoint\",\"urlTemplate\":\"https:\\\/\\\/vozolvapen.de\\\/?s={search_term_string}\"},\"query-input\":{\"@type\":\"PropertyValueSpecification\",\"valueRequired\":true,\"valueName\":\"search_term_string\"}}],\"inLanguage\":\"pl-PL\"},{\"@type\":\"Organization\",\"@id\":\"https:\\\/\\\/vozolvapen.de\\\/#organization\",\"name\":\"vozolvapen\",\"url\":\"https:\\\/\\\/vozolvapen.de\\\/\",\"logo\":{\"@type\":\"ImageObject\",\"inLanguage\":\"pl-PL\",\"@id\":\"https:\\\/\\\/vozolvapen.de\\\/#\\\/schema\\\/logo\\\/image\\\/\",\"url\":\"https:\\\/\\\/vozolvapen.de\\\/wp-content\\\/uploads\\\/2025\\\/12\\\/cropped-vozovapen-logo.webp\",\"contentUrl\":\"https:\\\/\\\/vozolvapen.de\\\/wp-content\\\/uploads\\\/2025\\\/12\\\/cropped-vozovapen-logo.webp\",\"width\":470,\"height\":110,\"caption\":\"vozolvapen\"},\"image\":{\"@id\":\"https:\\\/\\\/vozolvapen.de\\\/#\\\/schema\\\/logo\\\/image\\\/\"}}]}<\/script>\n<!-- \/ Yoast SEO Premium plugin. -->","yoast_head_json":{"title":"Blue Razz Ice - ELFBAR MoonNight 40000 | Elfbar 40k - vozolvapen","description":"Electric Blue Razz Ice ELFBAR MoonNight 40000. Ogromna liczba 40 tys. zaci\u0105gni\u0119\u0107 i pojemno\u015b\u0107 50 ml e-liquidu. Dostawa w ci\u0105gu 1-3 dni z naszego lokalnego magazynu w UE.","robots":{"index":"index","follow":"follow","max-snippet":"max-snippet:-1","max-image-preview":"max-image-preview:large","max-video-preview":"max-video-preview:-1"},"canonical":"https:\/\/vozolvapen.de\/pl\/product\/elfbar-moonnight-40000-blue-razz-ice\/","og_locale":"pl_PL","og_type":"article","og_title":"ELFBAR MoonNight 40000 - Blue Razz Ice","og_description":"Electric Blue Razz Ice ELFBAR MoonNight 40000. Huge 40k puff count & 50mL e-liquid capacity. Delivered in 1-3 days from our local EU warehouse.","og_url":"https:\/\/vozolvapen.de\/pl\/product\/elfbar-moonnight-40000-blue-razz-ice\/","og_site_name":"vozolvapen","article_modified_time":"2026-02-10T11:06:08+00:00","og_image":[{"width":1080,"height":1080,"url":"https:\/\/vozolvapen.de\/wp-content\/uploads\/2025\/12\/ELFBAR-MoonNight-40000-Blue-Razz-Ice-1.webp","type":"image\/webp"}],"twitter_card":"summary_large_image","twitter_misc":{"Szacowany czas czytania":"2 minuty"},"schema":{"@context":"https:\/\/schema.org","@graph":[{"@type":"WebPage","@id":"https:\/\/vozolvapen.de\/product\/elfbar-moonnight-40000-blue-razz-ice\/","url":"https:\/\/vozolvapen.de\/product\/elfbar-moonnight-40000-blue-razz-ice\/","name":"Blue Razz Ice - ELFBAR MoonNight 40000 | Elfbar 40k - vozolvapen","isPartOf":{"@id":"https:\/\/vozolvapen.de\/#website"},"primaryImageOfPage":{"@id":"https:\/\/vozolvapen.de\/product\/elfbar-moonnight-40000-blue-razz-ice\/#primaryimage"},"image":{"@id":"https:\/\/vozolvapen.de\/product\/elfbar-moonnight-40000-blue-razz-ice\/#primaryimage"},"thumbnailUrl":"https:\/\/vozolvapen.de\/wp-content\/uploads\/2025\/12\/ELFBAR-MoonNight-40000-Blue-Razz-Ice-1.webp","datePublished":"2025-12-20T06:35:56+00:00","dateModified":"2026-02-10T11:06:08+00:00","description":"Electric Blue Razz Ice ELFBAR MoonNight 40000. Ogromna liczba 40 tys. zaci\u0105gni\u0119\u0107 i pojemno\u015b\u0107 50 ml e-liquidu. Dostawa w ci\u0105gu 1-3 dni z naszego lokalnego magazynu w UE.","breadcrumb":{"@id":"https:\/\/vozolvapen.de\/product\/elfbar-moonnight-40000-blue-razz-ice\/#breadcrumb"},"inLanguage":"pl-PL","potentialAction":[{"@type":"ReadAction","target":["https:\/\/vozolvapen.de\/product\/elfbar-moonnight-40000-blue-razz-ice\/"]}]},{"@type":"ImageObject","inLanguage":"pl-PL","@id":"https:\/\/vozolvapen.de\/product\/elfbar-moonnight-40000-blue-razz-ice\/#primaryimage","url":"https:\/\/vozolvapen.de\/wp-content\/uploads\/2025\/12\/ELFBAR-MoonNight-40000-Blue-Razz-Ice-1.webp","contentUrl":"https:\/\/vozolvapen.de\/wp-content\/uploads\/2025\/12\/ELFBAR-MoonNight-40000-Blue-Razz-Ice-1.webp","width":1080,"height":1080,"caption":"ELFBAR MoonNight 40000 - Blue Razz Ice"},{"@type":"BreadcrumbList","@id":"https:\/\/vozolvapen.de\/product\/elfbar-moonnight-40000-blue-razz-ice\/#breadcrumb","itemListElement":[{"@type":"ListItem","position":1,"name":"Home","item":"https:\/\/vozolvapen.de\/de\/"},{"@type":"ListItem","position":2,"name":"Shop","item":"https:\/\/vozolvapen.de\/shop\/"},{"@type":"ListItem","position":3,"name":"ELFBAR MoonNight 40000 &#8211; Blue Razz Ice"}]},{"@type":"WebSite","@id":"https:\/\/vozolvapen.de\/#website","url":"https:\/\/vozolvapen.de\/","name":"vozolvapen","description":"vozolvapen","publisher":{"@id":"https:\/\/vozolvapen.de\/#organization"},"potentialAction":[{"@type":"SearchAction","target":{"@type":"EntryPoint","urlTemplate":"https:\/\/vozolvapen.de\/?s={search_term_string}"},"query-input":{"@type":"PropertyValueSpecification","valueRequired":true,"valueName":"search_term_string"}}],"inLanguage":"pl-PL"},{"@type":"Organization","@id":"https:\/\/vozolvapen.de\/#organization","name":"vozolvapen","url":"https:\/\/vozolvapen.de\/","logo":{"@type":"ImageObject","inLanguage":"pl-PL","@id":"https:\/\/vozolvapen.de\/#\/schema\/logo\/image\/","url":"https:\/\/vozolvapen.de\/wp-content\/uploads\/2025\/12\/cropped-vozovapen-logo.webp","contentUrl":"https:\/\/vozolvapen.de\/wp-content\/uploads\/2025\/12\/cropped-vozovapen-logo.webp","width":470,"height":110,"caption":"vozolvapen"},"image":{"@id":"https:\/\/vozolvapen.de\/#\/schema\/logo\/image\/"}}]}},"tiered_pricing_type":"fixed","tiered_pricing_fixed_rules":{"30":"14.43","50":"11.93","100":"11.43","200":"10.43"},"tiered_pricing_product_settings":{"layout":"default","base_unit_name":{"singular":null,"plural":null},"default_variation":null},"tiered_pricing_minimum_quantity":10,"tiered_pricing_roles_data":[],"tiered_pricing_percentage_rules":[],"tiered_pricing_maximum_quantity":null,"tiered_pricing_quantity_step":"5","_links":{"self":[{"href":"http:\/\/vozolvapen.de\/pl\/wp-json\/wp\/v2\/product\/38125","targetHints":{"allow":["GET"]}}],"collection":[{"href":"http:\/\/vozolvapen.de\/pl\/wp-json\/wp\/v2\/product"}],"about":[{"href":"http:\/\/vozolvapen.de\/pl\/wp-json\/wp\/v2\/types\/product"}],"replies":[{"embeddable":true,"href":"http:\/\/vozolvapen.de\/pl\/wp-json\/wp\/v2\/comments?post=38125"}],"wp:featuredmedia":[{"embeddable":true,"href":"http:\/\/vozolvapen.de\/pl\/wp-json\/wp\/v2\/media\/38196"}],"wp:attachment":[{"href":"http:\/\/vozolvapen.de\/pl\/wp-json\/wp\/v2\/media?parent=38125"}],"wp:term":[{"taxonomy":"product_brand","embeddable":true,"href":"http:\/\/vozolvapen.de\/pl\/wp-json\/wp\/v2\/product_brand?post=38125"},{"taxonomy":"product_cat","embeddable":true,"href":"http:\/\/vozolvapen.de\/pl\/wp-json\/wp\/v2\/product_cat?post=38125"},{"taxonomy":"product_tag","embeddable":true,"href":"http:\/\/vozolvapen.de\/pl\/wp-json\/wp\/v2\/product_tag?post=38125"}],"curies":[{"name":"wp","href":"https:\/\/api.w.org\/{rel}","templated":true}]}}