{"id":38223,"date":"2025-12-20T07:37:28","date_gmt":"2025-12-20T07:37:28","guid":{"rendered":"https:\/\/vozolvapen.de\/?post_type=product&#038;p=38223"},"modified":"2026-02-10T11:05:55","modified_gmt":"2026-02-10T11:05:55","slug":"elfbar-sweet-king-30000-grape-ice","status":"publish","type":"product","link":"http:\/\/vozolvapen.de\/pl\/product\/elfbar-sweet-king-30000-grape-ice\/","title":{"rendered":"ELFBAR Sweet King 30000 - Grape Ice"},"content":{"rendered":"<h1>ELFBAR Sweet King 30000 - Grape Ice<\/h1>\n<p data-path-to-node=\"5\"><b data-path-to-node=\"5\" data-index-in-node=\"0\">G\u0142\u0119boki smak winoro\u015bli \u0142\u0105czy si\u0119 z ch\u0142odem poni\u017cej zera<\/b> <b data-path-to-node=\"5\" data-index-in-node=\"38\">L\u00f3d winogronowy<\/b> otrzymuje kr\u00f3lewsk\u0105 aktualizacj\u0119 w <b data-path-to-node=\"5\" data-index-in-node=\"76\">Elfbar 30k<\/b> Seria Sweet King. Ciesz si\u0119 bogat\u0105, d\u017cemow\u0105 esencj\u0105 fioletowych winogron zako\u0144czon\u0105 pot\u0119\u017cnym lodowym podmuchem. Dzi\u0119ki <b data-path-to-node=\"5\" data-index-in-node=\"203\">Cewka z potr\u00f3jn\u0105 siatk\u0105<\/b>, G\u0119sto\u015b\u0107 smaku jest niezr\u00f3wnana. Chcesz poczu\u0107 klimat \u201cGrape Soda\u201d? Ustaw <b data-path-to-node=\"5\" data-index-in-node=\"292\">elfbar pod<\/b> do najwy\u017cszego poziomu s\u0142odyczy, aby uzyska\u0107 prawdziwie pob\u0142a\u017cliwy mro\u017cony przysmak.<\/p>\n<h2 data-path-to-node=\"15,2,0\"><b data-path-to-node=\"15,2,0\" data-index-in-node=\"0\">Werdykt smakowy<\/b><\/h2>\n<ul>\n<li>\n<p data-path-to-node=\"17,2,0\">Intensywny i d\u017cemowy z mro\u017anym wydechem. Cewka Triple Mesh wydobywa ka\u017cdy niuans winogron.<\/p>\n<\/li>\n<li>\n<p data-path-to-node=\"17,3,0\"><b data-path-to-node=\"17,3,0\" data-index-in-node=\"0\">Ocena:<\/b> S\u0142odycz: \u2605\u2605\u2605\u2605\u2605 | Ch\u0142odzenie: \u2605\u2605\u2605\u2605\u2606 | Aromat: \u2605\u2605\u2605\u2605\u2606<\/p>\n<\/li>\n<\/ul>\n<h2 data-path-to-node=\"3\"><b data-path-to-node=\"3\" data-index-in-node=\"0\">Dane techniczne: ELFBAR Sweet King 30000<\/b><\/h2>\n<table data-path-to-node=\"4\">\n<thead>\n<tr>\n<td><strong>Cecha<\/strong><\/td>\n<td><strong>Szczeg\u00f3\u0142y specyfikacji<\/strong><\/td>\n<\/tr>\n<\/thead>\n<tbody>\n<tr>\n<td><span data-path-to-node=\"4,1,0,0\"><b data-path-to-node=\"4,1,0,0\" data-index-in-node=\"0\">Model<\/b><\/span><\/td>\n<td><span data-path-to-node=\"4,1,1,0\"><b data-path-to-node=\"4,1,1,0\" data-index-in-node=\"0\">ELFBAR Sweet King 30000<\/b><\/span><\/td>\n<\/tr>\n<tr>\n<td><span data-path-to-node=\"4,2,0,0\"><b data-path-to-node=\"4,2,0,0\" data-index-in-node=\"0\">Puff Count<\/b><\/span><\/td>\n<td><span data-path-to-node=\"4,2,1,0\">Do <b data-path-to-node=\"4,2,1,0\" data-index-in-node=\"6\">30,000 Puffs<\/b><\/span><\/td>\n<\/tr>\n<tr>\n<td><span data-path-to-node=\"4,3,0,0\"><b data-path-to-node=\"4,3,0,0\" data-index-in-node=\"0\">Pojemno\u015b\u0107 E-Liquid<\/b><\/span><\/td>\n<td><span data-path-to-node=\"4,3,1,0\"><b data-path-to-node=\"4,3,1,0\" data-index-in-node=\"0\">30 ml<\/b> Premium <b data-path-to-node=\"4,3,1,0\" data-index-in-node=\"13\">Elfbar Liquid<\/b><\/span><\/td>\n<\/tr>\n<tr>\n<td><span data-path-to-node=\"4,4,0,0\"><b data-path-to-node=\"4,4,0,0\" data-index-in-node=\"0\">Kontrola s\u0142odyczy<\/b><\/span><\/td>\n<td><span data-path-to-node=\"4,4,1,0\"><b data-path-to-node=\"4,4,1,0\" data-index-in-node=\"0\">4-poziomowy spersonalizowany suwak<\/b> (Poziom 0 - 3)<\/span><\/td>\n<\/tr>\n<tr>\n<td><span data-path-to-node=\"4,5,0,0\"><b data-path-to-node=\"4,5,0,0\" data-index-in-node=\"0\">Technologia cewek<\/b><\/span><\/td>\n<td><span data-path-to-node=\"4,5,1,0\"><b data-path-to-node=\"4,5,1,0\" data-index-in-node=\"0\">Cewka z potr\u00f3jn\u0105 siatk\u0105<\/b> (Ulepszony smak i para)<\/span><\/td>\n<\/tr>\n<tr>\n<td><span data-path-to-node=\"4,6,0,0\"><b data-path-to-node=\"4,6,0,0\" data-index-in-node=\"0\">System podstawowy<\/b><\/span><\/td>\n<td><span data-path-to-node=\"4,6,1,0\">Wydajno\u015b\u0107 dwurdzeniowa<\/span><\/td>\n<\/tr>\n<tr>\n<td><span data-path-to-node=\"4,7,0,0\"><b data-path-to-node=\"4,7,0,0\" data-index-in-node=\"0\">Pojemno\u015b\u0107 akumulatora<\/b><\/span><\/td>\n<td><span data-path-to-node=\"4,7,1,0\">850 mAh (akumulator)<\/span><\/td>\n<\/tr>\n<tr>\n<td><span data-path-to-node=\"4,8,0,0\"><b data-path-to-node=\"4,8,0,0\" data-index-in-node=\"0\">Port \u0142adowania<\/b><\/span><\/td>\n<td><span data-path-to-node=\"4,8,1,0\">Szybkie \u0142adowanie typu C<\/span><\/td>\n<\/tr>\n<tr>\n<td><span data-path-to-node=\"4,9,0,0\"><b data-path-to-node=\"4,9,0,0\" data-index-in-node=\"0\">Wy\u015bwietlacz<\/b><\/span><\/td>\n<td><span data-path-to-node=\"4,9,1,0\">Inteligentne zasilanie i wy\u015bwietlacz poziomu cieczy<\/span><\/td>\n<\/tr>\n<tr>\n<td><span data-path-to-node=\"4,10,0,0\"><b data-path-to-node=\"4,10,0,0\" data-index-in-node=\"0\">Si\u0142a nikotyny<\/b><\/span><\/td>\n<td><span data-path-to-node=\"4,10,1,0\">5% (50mg\/mL) S\u00f3l nikotynowa<\/span><\/td>\n<\/tr>\n<tr>\n<td><span data-path-to-node=\"4,11,0,0\"><b data-path-to-node=\"4,11,0,0\" data-index-in-node=\"0\">Wysy\u0142ka<\/b><\/span><\/td>\n<td><span data-path-to-node=\"4,11,1,0\"><b data-path-to-node=\"4,11,1,0\" data-index-in-node=\"0\">Niemiecki magazyn<\/b> (Dostawa w ci\u0105gu 1-3 dni)<\/span><\/td>\n<\/tr>\n<\/tbody>\n<\/table>\n<h2 data-path-to-node=\"6\"><b data-path-to-node=\"6\" data-index-in-node=\"0\">Mastering the Sweet King: Spersonalizowane ustawienia<\/b><\/h2>\n<p data-path-to-node=\"7\">Aby w pe\u0142ni wykorzysta\u0107 <b data-path-to-node=\"7\" data-index-in-node=\"28\">Elfbar 30k<\/b>, Zalecamy eksperymentowanie ze zintegrowanymi elementami steruj\u0105cymi, aby znale\u017a\u0107 sw\u00f3j \u201cSweet Spot\u201d:<\/p>\n<ul data-path-to-node=\"8\">\n<li>\n<p data-path-to-node=\"8,0,0\"><b data-path-to-node=\"8,0,0\" data-index-in-node=\"0\">Dla przyrodnika (poziom 0 - 1):<\/b> Najlepsze dla smak\u00f3w takich jak <i data-path-to-node=\"8,0,0\" data-index-in-node=\"56\">Jasmine Raspberry<\/i> lub <i data-path-to-node=\"8,0,0\" data-index-in-node=\"77\">Mi\u0119ta sosnowa<\/i>. To ustawienie zmniejsza intensywno\u015b\u0107 cukru, pozwalaj\u0105c wyr\u00f3\u017cni\u0107 si\u0119 delikatnym nutom kwiatowym i zio\u0142owym.<\/p>\n<\/li>\n<li>\n<p data-path-to-node=\"8,1,0\"><b data-path-to-node=\"8,1,0\" data-index-in-node=\"0\">Dla mi\u0142o\u015bnik\u00f3w s\u0142odyczy (poziom 2-3):<\/b> Idealny dla <i data-path-to-node=\"8,1,0\" data-index-in-node=\"45\">L\u00f3d winogronowy<\/i> lub <i data-path-to-node=\"8,1,0\" data-index-in-node=\"58\">Jab\u0142ko Arbuz<\/i>. Na\u015bladuje to bogaty, nasycony smak \u017celk\u00f3w owocowych lub sch\u0142odzonych napoj\u00f3w gazowanych.<\/p>\n<\/li>\n<li>\n<p data-path-to-node=\"8,2,0\"><b data-path-to-node=\"8,2,0\" data-index-in-node=\"0\">Przep\u0142yw powietrza i moc:<\/b> Otw\u00f3rz przep\u0142yw powietrza, aby uzyska\u0107 wi\u0119ksze chmury i ch\u0142odniejsze uderzenie, lub ogranicz go, aby uzyska\u0107 mocniejsze, bardziej intensywne dostarczanie nikotyny.<\/p>\n<\/li>\n<\/ul>\n<h3 data-path-to-node=\"32\"><b data-path-to-node=\"32\" data-index-in-node=\"0\">Dlaczego warto kupi\u0107 ELFBAR Sweet King 30000 w\u0142a\u015bnie u nas?<\/b><\/h3>\n<ul data-path-to-node=\"33\">\n<li>\n<p data-path-to-node=\"33,0,0\"><b data-path-to-node=\"33,0,0\" data-index-in-node=\"0\">Autentyczno\u015b\u0107:<\/b> 100% Oryginalny <b data-path-to-node=\"33,0,0\" data-index-in-node=\"27\">Elfbar pod<\/b> produkty z kodami zabezpieczaj\u0105cymi.<\/p>\n<\/li>\n<li>\n<p data-path-to-node=\"33,1,0\"><b data-path-to-node=\"33,1,0\" data-index-in-node=\"0\">Niemcy Magazyn:<\/b> Szybka i niezawodna wysy\u0142ka za po\u015brednictwem <b data-path-to-node=\"33,1,0\" data-index-in-node=\"54\">elfbar niemcy<\/b> sie\u0107.<\/p>\n<\/li>\n<li>\n<p data-path-to-node=\"33,2,0\"><b data-path-to-node=\"33,2,0\" data-index-in-node=\"0\">Ogromne oszcz\u0119dno\u015bci:<\/b> 30 000 zaci\u0105gni\u0119\u0107 oznacza, \u017ce jedno urz\u0105dzenie wystarcza na d\u0142u\u017cej ni\u017c 15 standardowych urz\u0105dze\u0144 jednorazowych.<\/p>\n<\/li>\n<\/ul>\n<h3 data-path-to-node=\"34\"><b data-path-to-node=\"34\" data-index-in-node=\"0\">FAQ:<\/b><\/h3>\n<ul data-path-to-node=\"35\">\n<li>\n<p data-path-to-node=\"35,0,0\"><b data-path-to-node=\"35,0,0\" data-index-in-node=\"0\">P: Co to jest poziom s\u0142odyczy 0?<\/b><\/p>\n<ul data-path-to-node=\"35,0,1\">\n<li>\n<p data-path-to-node=\"35,0,1,0,0\">O: Jest to tryb \u201cNaturalny\u201d, w kt\u00f3rym mo\u017cna skosztowa\u0107 czystej esencji owocowej bez dodatku cukru.<\/p>\n<\/li>\n<\/ul>\n<\/li>\n<li>\n<p data-path-to-node=\"35,1,0\"><b data-path-to-node=\"35,1,0\" data-index-in-node=\"0\">P: Jak szybka jest dostawa do Niemiec?<\/b><\/p>\n<ul data-path-to-node=\"35,1,1\">\n<li>\n<p data-path-to-node=\"35,1,1,0,0\">Oferujemy wysy\u0142k\u0119 w ci\u0105gu 1-3 dni z naszego lokalnego magazynu w Europie.<\/p>\n<\/li>\n<\/ul>\n<\/li>\n<li>\n<p data-path-to-node=\"35,2,0\"><b data-path-to-node=\"35,2,0\" data-index-in-node=\"0\">P: Czy poziom nikotyny mo\u017cna regulowa\u0107?<\/b><\/p>\n<ul data-path-to-node=\"35,2,1\">\n<li>\n<p data-path-to-node=\"35,2,1,0,0\">O: Urz\u0105dzenie jest wyposa\u017cone w wysokiej jako\u015bci 5% (50 mg) <b data-path-to-node=\"35,2,1,0,0\" data-index-in-node=\"45\">p\u0142yn elfbar<\/b> dla sp\u00f3jnego uderzenia w gard\u0142o.<\/p>\n<\/li>\n<\/ul>\n<\/li>\n<\/ul>\n<h3 dir=\"auto\">Oto dalsze zalecenia dla Ciebie:<\/h3>\n<p dir=\"auto\">Odkryj jeszcze wi\u0119cej niesamowitych smak\u00f3w dzi\u0119ki ELFBAR Sweet King 30000 Puffs Vape!<\/p>\n<p dir=\"auto\"><a href=\"https:\/\/vozolvapen.de\/pl\/product-category\/elfbar-vape\/elfbar-sweet-king-30000-vape\/\" target=\"_blank\" rel=\"noopener noreferrer nofollow\">Zobacz wszystkie odmiany tutaj \u2192<\/a><\/p>\n<p dir=\"auto\">Zapoznaj si\u0119 z nasz\u0105 pe\u0142n\u0105 kolekcj\u0105 i kupuj produkty najlepszych marek vape, kt\u00f3re pokochasz.<\/p>\n<p dir=\"auto\"><a href=\"https:\/\/vozolvapen.de\/pl\/\" target=\"_blank\" rel=\"noopener noreferrer nofollow\">Przegl\u0105daj teraz wszystkie marki \u2192<\/a><\/p>\n<p dir=\"auto\">Sprawd\u017a ca\u0142\u0105 seri\u0119 Bang Vape - ka\u017cdy smak, ka\u017cdy styl!<\/p>\n<p dir=\"auto\"><a href=\"https:\/\/vozolvapen.de\/pl\/product-category\/elfbar-vape\/\" target=\"_blank\" rel=\"noopener noreferrer nofollow\">Zobacz pe\u0142n\u0105 kolekcj\u0119 Elfbar Vape \u2192<\/a><\/p>","protected":false},"excerpt":{"rendered":"<p><b data-path-to-node=\"3,1,0\" data-index-in-node=\"0\">Grape Ice:<\/b> Odwa\u017cne fioletowe winogrona z mro\u017anym wyko\u0144czeniem. U\u017cyj cewki Triple Mesh Coil, aby podkr\u0119ci\u0107 s\u0142odycz do poziomu 3, aby uzyska\u0107 autentyczne doznania sody winogronowej.<\/p>","protected":false},"featured_media":38298,"comment_status":"open","ping_status":"closed","template":"","meta":{"_acf_changed":false},"product_brand":[],"product_cat":[88,134],"product_tag":[],"class_list":{"0":"post-38223","1":"product","2":"type-product","3":"status-publish","4":"has-post-thumbnail","6":"product_cat-elfbar-sweet-king-30000-vape","7":"product_cat-eu-warehouse-in-stock","9":"first","10":"instock","11":"shipping-taxable","12":"purchasable","13":"product-type-variable"},"acf":[],"yoast_head":"<!-- This site is optimized with the Yoast SEO Premium plugin v26.1 (Yoast SEO v27.5) - https:\/\/yoast.com\/product\/yoast-seo-premium-wordpress\/ -->\n<title>Grape Ice - ELFBAR Sweet King 30000 | Elfbar Germany - vozolvapen<\/title>\n<meta name=\"description\" content=\"Experience bold Grape Ice with the ELFBAR Sweet King 30000. Triple Mesh Coil for intense flavor. 1-3 days shipping via Elfbar Germany. Buy now!\" \/>\n<meta name=\"robots\" content=\"index, follow, max-snippet:-1, max-image-preview:large, max-video-preview:-1\" \/>\n<link rel=\"canonical\" href=\"https:\/\/vozolvapen.de\/pl\/product\/elfbar-sweet-king-30000-grape-ice\/\" \/>\n<meta property=\"og:locale\" content=\"pl_PL\" \/>\n<meta property=\"og:type\" content=\"article\" \/>\n<meta property=\"og:title\" content=\"ELFBAR Sweet King 30000 - Grape Ice\" \/>\n<meta property=\"og:description\" content=\"Experience bold Grape Ice with the ELFBAR Sweet King 30000. Triple Mesh Coil for intense flavor. 1-3 days shipping via Elfbar Germany. Buy now!\" \/>\n<meta property=\"og:url\" content=\"https:\/\/vozolvapen.de\/pl\/product\/elfbar-sweet-king-30000-grape-ice\/\" \/>\n<meta property=\"og:site_name\" content=\"vozolvapen\" \/>\n<meta property=\"article:modified_time\" content=\"2026-02-10T11:05:55+00:00\" \/>\n<meta property=\"og:image\" content=\"https:\/\/vozolvapen.de\/wp-content\/uploads\/2025\/12\/ELFBAR-Sweet-King-30000-Grape-Ice-2.webp\" \/>\n\t<meta property=\"og:image:width\" content=\"1080\" \/>\n\t<meta property=\"og:image:height\" content=\"1080\" \/>\n\t<meta property=\"og:image:type\" content=\"image\/webp\" \/>\n<meta name=\"twitter:card\" content=\"summary_large_image\" \/>\n<meta name=\"twitter:label1\" content=\"Szacowany czas czytania\" \/>\n\t<meta name=\"twitter:data1\" content=\"3 minuty\" \/>\n<script type=\"application\/ld+json\" class=\"yoast-schema-graph\">{\"@context\":\"https:\\\/\\\/schema.org\",\"@graph\":[{\"@type\":\"WebPage\",\"@id\":\"https:\\\/\\\/vozolvapen.de\\\/product\\\/elfbar-sweet-king-30000-grape-ice\\\/\",\"url\":\"https:\\\/\\\/vozolvapen.de\\\/product\\\/elfbar-sweet-king-30000-grape-ice\\\/\",\"name\":\"Grape Ice - ELFBAR Sweet King 30000 | Elfbar Germany - vozolvapen\",\"isPartOf\":{\"@id\":\"https:\\\/\\\/vozolvapen.de\\\/#website\"},\"primaryImageOfPage\":{\"@id\":\"https:\\\/\\\/vozolvapen.de\\\/product\\\/elfbar-sweet-king-30000-grape-ice\\\/#primaryimage\"},\"image\":{\"@id\":\"https:\\\/\\\/vozolvapen.de\\\/product\\\/elfbar-sweet-king-30000-grape-ice\\\/#primaryimage\"},\"thumbnailUrl\":\"https:\\\/\\\/vozolvapen.de\\\/wp-content\\\/uploads\\\/2025\\\/12\\\/ELFBAR-Sweet-King-30000-Grape-Ice-2.webp\",\"datePublished\":\"2025-12-20T07:37:28+00:00\",\"dateModified\":\"2026-02-10T11:05:55+00:00\",\"description\":\"Experience bold Grape Ice with the ELFBAR Sweet King 30000. Triple Mesh Coil for intense flavor. 1-3 days shipping via Elfbar Germany. Buy now!\",\"breadcrumb\":{\"@id\":\"https:\\\/\\\/vozolvapen.de\\\/product\\\/elfbar-sweet-king-30000-grape-ice\\\/#breadcrumb\"},\"inLanguage\":\"pl-PL\",\"potentialAction\":[{\"@type\":\"ReadAction\",\"target\":[\"https:\\\/\\\/vozolvapen.de\\\/product\\\/elfbar-sweet-king-30000-grape-ice\\\/\"]}]},{\"@type\":\"ImageObject\",\"inLanguage\":\"pl-PL\",\"@id\":\"https:\\\/\\\/vozolvapen.de\\\/product\\\/elfbar-sweet-king-30000-grape-ice\\\/#primaryimage\",\"url\":\"https:\\\/\\\/vozolvapen.de\\\/wp-content\\\/uploads\\\/2025\\\/12\\\/ELFBAR-Sweet-King-30000-Grape-Ice-2.webp\",\"contentUrl\":\"https:\\\/\\\/vozolvapen.de\\\/wp-content\\\/uploads\\\/2025\\\/12\\\/ELFBAR-Sweet-King-30000-Grape-Ice-2.webp\",\"width\":1080,\"height\":1080,\"caption\":\"ELFBAR Sweet King 30000 - Grape Ice (2)\"},{\"@type\":\"BreadcrumbList\",\"@id\":\"https:\\\/\\\/vozolvapen.de\\\/product\\\/elfbar-sweet-king-30000-grape-ice\\\/#breadcrumb\",\"itemListElement\":[{\"@type\":\"ListItem\",\"position\":1,\"name\":\"Home\",\"item\":\"https:\\\/\\\/vozolvapen.de\\\/de\\\/\"},{\"@type\":\"ListItem\",\"position\":2,\"name\":\"Shop\",\"item\":\"https:\\\/\\\/vozolvapen.de\\\/shop\\\/\"},{\"@type\":\"ListItem\",\"position\":3,\"name\":\"ELFBAR Sweet King 30000 &#8211; Grape Ice\"}]},{\"@type\":\"WebSite\",\"@id\":\"https:\\\/\\\/vozolvapen.de\\\/#website\",\"url\":\"https:\\\/\\\/vozolvapen.de\\\/\",\"name\":\"vozolvapen\",\"description\":\"vozolvapen\",\"publisher\":{\"@id\":\"https:\\\/\\\/vozolvapen.de\\\/#organization\"},\"potentialAction\":[{\"@type\":\"SearchAction\",\"target\":{\"@type\":\"EntryPoint\",\"urlTemplate\":\"https:\\\/\\\/vozolvapen.de\\\/?s={search_term_string}\"},\"query-input\":{\"@type\":\"PropertyValueSpecification\",\"valueRequired\":true,\"valueName\":\"search_term_string\"}}],\"inLanguage\":\"pl-PL\"},{\"@type\":\"Organization\",\"@id\":\"https:\\\/\\\/vozolvapen.de\\\/#organization\",\"name\":\"vozolvapen\",\"url\":\"https:\\\/\\\/vozolvapen.de\\\/\",\"logo\":{\"@type\":\"ImageObject\",\"inLanguage\":\"pl-PL\",\"@id\":\"https:\\\/\\\/vozolvapen.de\\\/#\\\/schema\\\/logo\\\/image\\\/\",\"url\":\"https:\\\/\\\/vozolvapen.de\\\/wp-content\\\/uploads\\\/2025\\\/12\\\/cropped-vozovapen-logo.webp\",\"contentUrl\":\"https:\\\/\\\/vozolvapen.de\\\/wp-content\\\/uploads\\\/2025\\\/12\\\/cropped-vozovapen-logo.webp\",\"width\":470,\"height\":110,\"caption\":\"vozolvapen\"},\"image\":{\"@id\":\"https:\\\/\\\/vozolvapen.de\\\/#\\\/schema\\\/logo\\\/image\\\/\"}}]}<\/script>\n<!-- \/ Yoast SEO Premium plugin. -->","yoast_head_json":{"title":"Grape Ice - ELFBAR Sweet King 30000 | Elfbar Germany - vozolvapen","description":"Do\u015bwiadcz odwa\u017cnego Grape Ice dzi\u0119ki ELFBAR Sweet King 30000. Potr\u00f3jna cewka siatkowa zapewnia intensywny smak. Wysy\u0142ka w ci\u0105gu 1-3 dni za po\u015brednictwem Elfbar Niemcy. Kup teraz!","robots":{"index":"index","follow":"follow","max-snippet":"max-snippet:-1","max-image-preview":"max-image-preview:large","max-video-preview":"max-video-preview:-1"},"canonical":"https:\/\/vozolvapen.de\/pl\/product\/elfbar-sweet-king-30000-grape-ice\/","og_locale":"pl_PL","og_type":"article","og_title":"ELFBAR Sweet King 30000 - Grape Ice","og_description":"Experience bold Grape Ice with the ELFBAR Sweet King 30000. Triple Mesh Coil for intense flavor. 1-3 days shipping via Elfbar Germany. Buy now!","og_url":"https:\/\/vozolvapen.de\/pl\/product\/elfbar-sweet-king-30000-grape-ice\/","og_site_name":"vozolvapen","article_modified_time":"2026-02-10T11:05:55+00:00","og_image":[{"width":1080,"height":1080,"url":"https:\/\/vozolvapen.de\/wp-content\/uploads\/2025\/12\/ELFBAR-Sweet-King-30000-Grape-Ice-2.webp","type":"image\/webp"}],"twitter_card":"summary_large_image","twitter_misc":{"Szacowany czas czytania":"3 minuty"},"schema":{"@context":"https:\/\/schema.org","@graph":[{"@type":"WebPage","@id":"https:\/\/vozolvapen.de\/product\/elfbar-sweet-king-30000-grape-ice\/","url":"https:\/\/vozolvapen.de\/product\/elfbar-sweet-king-30000-grape-ice\/","name":"Grape Ice - ELFBAR Sweet King 30000 | Elfbar Germany - vozolvapen","isPartOf":{"@id":"https:\/\/vozolvapen.de\/#website"},"primaryImageOfPage":{"@id":"https:\/\/vozolvapen.de\/product\/elfbar-sweet-king-30000-grape-ice\/#primaryimage"},"image":{"@id":"https:\/\/vozolvapen.de\/product\/elfbar-sweet-king-30000-grape-ice\/#primaryimage"},"thumbnailUrl":"https:\/\/vozolvapen.de\/wp-content\/uploads\/2025\/12\/ELFBAR-Sweet-King-30000-Grape-Ice-2.webp","datePublished":"2025-12-20T07:37:28+00:00","dateModified":"2026-02-10T11:05:55+00:00","description":"Do\u015bwiadcz odwa\u017cnego Grape Ice dzi\u0119ki ELFBAR Sweet King 30000. Potr\u00f3jna cewka siatkowa zapewnia intensywny smak. Wysy\u0142ka w ci\u0105gu 1-3 dni za po\u015brednictwem Elfbar Niemcy. Kup teraz!","breadcrumb":{"@id":"https:\/\/vozolvapen.de\/product\/elfbar-sweet-king-30000-grape-ice\/#breadcrumb"},"inLanguage":"pl-PL","potentialAction":[{"@type":"ReadAction","target":["https:\/\/vozolvapen.de\/product\/elfbar-sweet-king-30000-grape-ice\/"]}]},{"@type":"ImageObject","inLanguage":"pl-PL","@id":"https:\/\/vozolvapen.de\/product\/elfbar-sweet-king-30000-grape-ice\/#primaryimage","url":"https:\/\/vozolvapen.de\/wp-content\/uploads\/2025\/12\/ELFBAR-Sweet-King-30000-Grape-Ice-2.webp","contentUrl":"https:\/\/vozolvapen.de\/wp-content\/uploads\/2025\/12\/ELFBAR-Sweet-King-30000-Grape-Ice-2.webp","width":1080,"height":1080,"caption":"ELFBAR Sweet King 30000 - Grape Ice (2)"},{"@type":"BreadcrumbList","@id":"https:\/\/vozolvapen.de\/product\/elfbar-sweet-king-30000-grape-ice\/#breadcrumb","itemListElement":[{"@type":"ListItem","position":1,"name":"Home","item":"https:\/\/vozolvapen.de\/de\/"},{"@type":"ListItem","position":2,"name":"Shop","item":"https:\/\/vozolvapen.de\/shop\/"},{"@type":"ListItem","position":3,"name":"ELFBAR Sweet King 30000 &#8211; Grape Ice"}]},{"@type":"WebSite","@id":"https:\/\/vozolvapen.de\/#website","url":"https:\/\/vozolvapen.de\/","name":"vozolvapen","description":"vozolvapen","publisher":{"@id":"https:\/\/vozolvapen.de\/#organization"},"potentialAction":[{"@type":"SearchAction","target":{"@type":"EntryPoint","urlTemplate":"https:\/\/vozolvapen.de\/?s={search_term_string}"},"query-input":{"@type":"PropertyValueSpecification","valueRequired":true,"valueName":"search_term_string"}}],"inLanguage":"pl-PL"},{"@type":"Organization","@id":"https:\/\/vozolvapen.de\/#organization","name":"vozolvapen","url":"https:\/\/vozolvapen.de\/","logo":{"@type":"ImageObject","inLanguage":"pl-PL","@id":"https:\/\/vozolvapen.de\/#\/schema\/logo\/image\/","url":"https:\/\/vozolvapen.de\/wp-content\/uploads\/2025\/12\/cropped-vozovapen-logo.webp","contentUrl":"https:\/\/vozolvapen.de\/wp-content\/uploads\/2025\/12\/cropped-vozovapen-logo.webp","width":470,"height":110,"caption":"vozolvapen"},"image":{"@id":"https:\/\/vozolvapen.de\/#\/schema\/logo\/image\/"}}]}},"tiered_pricing_type":"fixed","tiered_pricing_fixed_rules":{"30":"14.78","50":"12.28","100":"11.78","200":"10.78"},"tiered_pricing_product_settings":{"layout":"default","base_unit_name":{"singular":null,"plural":null},"default_variation":{}},"tiered_pricing_minimum_quantity":10,"tiered_pricing_roles_data":[],"tiered_pricing_percentage_rules":[],"tiered_pricing_maximum_quantity":null,"tiered_pricing_quantity_step":"5","_links":{"self":[{"href":"http:\/\/vozolvapen.de\/pl\/wp-json\/wp\/v2\/product\/38223","targetHints":{"allow":["GET"]}}],"collection":[{"href":"http:\/\/vozolvapen.de\/pl\/wp-json\/wp\/v2\/product"}],"about":[{"href":"http:\/\/vozolvapen.de\/pl\/wp-json\/wp\/v2\/types\/product"}],"replies":[{"embeddable":true,"href":"http:\/\/vozolvapen.de\/pl\/wp-json\/wp\/v2\/comments?post=38223"}],"wp:featuredmedia":[{"embeddable":true,"href":"http:\/\/vozolvapen.de\/pl\/wp-json\/wp\/v2\/media\/38298"}],"wp:attachment":[{"href":"http:\/\/vozolvapen.de\/pl\/wp-json\/wp\/v2\/media?parent=38223"}],"wp:term":[{"taxonomy":"product_brand","embeddable":true,"href":"http:\/\/vozolvapen.de\/pl\/wp-json\/wp\/v2\/product_brand?post=38223"},{"taxonomy":"product_cat","embeddable":true,"href":"http:\/\/vozolvapen.de\/pl\/wp-json\/wp\/v2\/product_cat?post=38223"},{"taxonomy":"product_tag","embeddable":true,"href":"http:\/\/vozolvapen.de\/pl\/wp-json\/wp\/v2\/product_tag?post=38223"}],"curies":[{"name":"wp","href":"https:\/\/api.w.org\/{rel}","templated":true}]}}