{"id":38791,"date":"2025-12-22T07:06:14","date_gmt":"2025-12-22T07:06:14","guid":{"rendered":"https:\/\/vozolvapen.de\/?post_type=product&#038;p=38791"},"modified":"2026-02-10T11:03:14","modified_gmt":"2026-02-10T11:03:14","slug":"puff-150k-bang-legend-150000-cherry-red-cola-mix","status":"publish","type":"product","link":"http:\/\/vozolvapen.de\/pl\/product\/puff-150k-bang-legend-150000-cherry-red-cola-mix\/","title":{"rendered":"Puff 150k Bang Legend 150000 - Cherry &amp; Red Cola Mix"},"content":{"rendered":"<h1 data-path-to-node=\"58\">Bang Legend 150k \u2013 Cherry Ice &amp; Red Cola<\/h1>\n<p data-path-to-node=\"59\"><b data-path-to-node=\"59\" data-index-in-node=\"0\">The ultimate beverage and berry mix.<\/b> <span class=\"citation-9\">The <\/span><b data-path-to-node=\"59\" data-index-in-node=\"41\"><span class=\"citation-9\">Bang Legend 150k<\/span><\/b><span class=\"citation-9 citation-end-9\"> beverage edition includes Cherry Ice, Mixed Berries, and Red Cola.<\/span> It\u2019s like having a soda fountain and a fruit bowl in one <b data-path-to-node=\"59\" data-index-in-node=\"182\">Vape 150k<\/b> urz\u0105dzenie.<\/p>\n<h2 data-path-to-node=\"60\"><b data-path-to-node=\"60\" data-index-in-node=\"0\">Flavor Ratings \u2013 Cherry &amp; Cola Mix<\/b><\/h2>\n<ul data-path-to-node=\"61\">\n<li>\n<p data-path-to-node=\"61,0,0\"><b data-path-to-node=\"61,0,0\" data-index-in-node=\"0\">S\u0142odycz:<\/b> \u2605\u2605\u2605\u2605\u2606<\/p>\n<\/li>\n<li>\n<p data-path-to-node=\"61,1,0\"><b data-path-to-node=\"61,1,0\" data-index-in-node=\"0\">Poziom lodu:<\/b> \u2605\u2605\u2605\u2605\u2606 (Mode Dependent)<\/p>\n<\/li>\n<li>\n<p data-path-to-node=\"61,2,0\"><b data-path-to-node=\"61,2,0\" data-index-in-node=\"0\">Aromat:<\/b> \u2605\u2605\u2605\u2605\u2605<\/p>\n<\/li>\n<li>\n<p data-path-to-node=\"61,3,0\"><b data-path-to-node=\"61,3,0\" data-index-in-node=\"0\">Werdykt smakowy:<\/b> Fizzy and bold. The Red Cola mode combined with Cherry Ice creates a &#8220;Cherry Cola&#8221; hybrid that is arguably the best in the <b data-path-to-node=\"61,3,0\" data-index-in-node=\"139\">Bang Legend<\/b> sk\u0142ad.<\/p>\n<\/li>\n<\/ul>\n<h2 data-path-to-node=\"62\"><b data-path-to-node=\"62\" data-index-in-node=\"0\">Dla kogo to jest?<\/b><\/h2>\n<ul data-path-to-node=\"63\">\n<li>\n<p data-path-to-node=\"63,0,0\"><b data-path-to-node=\"63,0,0\" data-index-in-node=\"0\">Fani napoj\u00f3w gazowanych:<\/b> For those who love beverage-inspired vapes with a &#8220;fizzy&#8221; feel.<\/p>\n<\/li>\n<li>\n<p data-path-to-node=\"63,1,0\"><b data-path-to-node=\"63,1,0\" data-index-in-node=\"0\">Cherry Lovers:<\/b> For vapers who enjoy the sharp, tart profile of dark cherries.<\/p>\n<\/li>\n<li>\n<p data-path-to-node=\"63,2,0\"><b data-path-to-node=\"63,2,0\" data-index-in-node=\"0\">Refreshing Vapers:<\/b> Perfect for those who want an icy beverage-style hit.<\/p>\n<\/li>\n<\/ul>\n<h2 data-path-to-node=\"86\"><b data-path-to-node=\"86\" data-index-in-node=\"0\">Specifications (All Bang Legend 150k Models)<\/b><\/h2>\n<ul data-path-to-node=\"87\">\n<li>\n<p data-path-to-node=\"87,0,0\"><b data-path-to-node=\"87,0,0\" data-index-in-node=\"0\">Pojemno\u015b\u0107:<\/b> Multiple High-Capacity Independent Tanks<\/p>\n<\/li>\n<li>\n<p data-path-to-node=\"87,1,0\"><b data-path-to-node=\"87,1,0\" data-index-in-node=\"0\">Puffy:<\/b> <b data-path-to-node=\"87,1,0\" data-index-in-node=\"7\">Do 150 000 zaci\u0105gni\u0119\u0107<\/b><\/p>\n<\/li>\n<li>\n<p data-path-to-node=\"87,2,0\"><b data-path-to-node=\"87,2,0\" data-index-in-node=\"0\">System:<\/b> 5-in-1 Switching (5 Independent Mesh Coils)<\/p>\n<\/li>\n<li>\n<p data-path-to-node=\"87,3,0\"><b data-path-to-node=\"87,3,0\" data-index-in-node=\"0\">Tryby:<\/b> A, B, C, A+B, A+C, B+C<\/p>\n<\/li>\n<li>\n<p data-path-to-node=\"87,4,0\"><b data-path-to-node=\"87,4,0\" data-index-in-node=\"0\">Bateria:<\/b> 850 mAh (akumulator typu C)<\/p>\n<\/li>\n<li>\n<p data-path-to-node=\"87,5,0\"><b data-path-to-node=\"87,5,0\" data-index-in-node=\"0\">Wy\u015bwietlacz:<\/b> Smart LED Screen (Battery, Puffs, and Flavor Mode)<\/p>\n<\/li>\n<li>\n<p data-path-to-node=\"87,6,0\"><b data-path-to-node=\"87,6,0\" data-index-in-node=\"0\">Opcje nikotyny:<\/b> 0% \/ 2% \/ 3% \/ 5%<\/p>\n<\/li>\n<li>\n<p data-path-to-node=\"87,7,0\"><b data-path-to-node=\"87,7,0\" data-index-in-node=\"0\">Wysy\u0142ka:<\/b> Magazyn europejski (1-3 dni)<\/p>\n<\/li>\n<\/ul>\n<h3 data-path-to-node=\"88\"><b data-path-to-node=\"88\" data-index-in-node=\"0\">Who is the Bang Legend 150k for?<\/b><\/h3>\n<ul data-path-to-node=\"89\">\n<li>\n<p data-path-to-node=\"89,0,0\"><b data-path-to-node=\"89,0,0\" data-index-in-node=\"0\">Poszukiwacz r\u00f3\u017cnorodno\u015bci:<\/b> If you get bored of a single flavor after a few days, the <b data-path-to-node=\"89,0,0\" data-index-in-node=\"78\">5-in-1 system<\/b> allows you to stay excited for the entire life of the device.<\/p>\n<\/li>\n<li>\n<p data-path-to-node=\"89,1,0\"><b data-path-to-node=\"89,1,0\" data-index-in-node=\"0\">Power User:<\/b> Z <b data-path-to-node=\"89,1,0\" data-index-in-node=\"21\">150 000 zaci\u0105gni\u0119\u0107<\/b>, this device is built for heavy users who hate frequent replacements.<\/p>\n<\/li>\n<li>\n<p data-path-to-node=\"89,2,0\"><b data-path-to-node=\"89,2,0\" data-index-in-node=\"0\">The Flavor Scientist:<\/b> Those who want to experiment with flavor mixing (A+B, etc.) to find their own signature cloud.<\/p>\n<\/li>\n<\/ul>\n<h3 dir=\"auto\">Oto dalsze zalecenia dla Ciebie:<\/h3>\n<p dir=\"auto\">Discover even more incredible flavors with the Puff 150K Bang Legend 150000 Vape!<\/p>\n<p dir=\"auto\"><a href=\"https:\/\/vozolvapen.de\/pl\/product-category\/bang-vape\/puff-150k-bang-legend-150k-vape\/\" target=\"_blank\" rel=\"noopener noreferrer nofollow\">Zobacz wszystkie odmiany tutaj \u2192<\/a><\/p>\n<p dir=\"auto\">Zapoznaj si\u0119 z nasz\u0105 pe\u0142n\u0105 kolekcj\u0105 i kupuj produkty najlepszych marek vape, kt\u00f3re pokochasz.<\/p>\n<p dir=\"auto\"><a href=\"https:\/\/vozolvapen.de\/pl\/\" target=\"_blank\" rel=\"noopener noreferrer nofollow\">Przegl\u0105daj teraz wszystkie marki \u2192<\/a><\/p>\n<p dir=\"auto\">Sprawd\u017a ca\u0142\u0105 seri\u0119 Bang Vape - ka\u017cdy smak, ka\u017cdy styl!<\/p>\n<p dir=\"auto\"><a href=\"https:\/\/vozolvapen.de\/pl\/product-category\/bang-vape\/\" target=\"_blank\" rel=\"noopener noreferrer nofollow\">Zobacz pe\u0142n\u0105 kolekcj\u0119 Bang Vape \u2192<\/a><\/p>\n<h2 data-path-to-node=\"99\"><b data-path-to-node=\"99\" data-index-in-node=\"0\">Frequently Asked Questions (FAQ) \u2013 Bang Legend 150k<\/b><\/h2>\n<h3 data-path-to-node=\"100\"><b data-path-to-node=\"100\" data-index-in-node=\"0\">1. How do I switch flavors on the Bang Legend 150k?<\/b><\/h3>\n<p data-path-to-node=\"100\">This is the most advanced feature of the <b data-path-to-node=\"100\" data-index-in-node=\"93\">Bang Legend<\/b>. There is a dedicated switch or dial on the device that allows you to select Tank A, B, or C. By moving to the hybrid modes (A+B, A+C, etc.), you activate two mesh coils simultaneously to mix the flavors!<\/p>\n<h3 data-path-to-node=\"101\"><b data-path-to-node=\"101\" data-index-in-node=\"0\">2. How long will 150,000 puffs actually last?<\/b><\/h3>\n<p data-path-to-node=\"101\">The <b data-path-to-node=\"101\" data-index-in-node=\"50\">Puff 150k<\/b> count is the highest in the industry. For a moderate vaper, this device can easily last <b data-path-to-node=\"101\" data-index-in-node=\"148\">2 do 3 miesi\u0119cy<\/b>. Even for very heavy users, you are looking at several weeks of consistent use.<\/p>\n<h3 data-path-to-node=\"102\"><b data-path-to-node=\"102\" data-index-in-node=\"0\">3. Does the LED screen show info for all tanks?<\/b><\/h3>\n<p data-path-to-node=\"102\">The LED screen provides a smart summary of your device&#8217;s health, including the current battery percentage and which specific flavor mode (A, B, C, or a Mixture) is currently active.<\/p>\n<h3 data-path-to-node=\"103\"><b data-path-to-node=\"103\" data-index-in-node=\"0\">4. Czy ten produkt jest autentyczny?<\/b><\/h3>\n<p data-path-to-node=\"103\">Yes. We provide only 100% genuine <b data-path-to-node=\"103\" data-index-in-node=\"64\">Bang Legend<\/b> products sourced directly from the manufacturer. Each device comes with a security scratch-code to verify authenticity on the official website.<\/p>\n<h3 data-path-to-node=\"104\"><b data-path-to-node=\"104\" data-index-in-node=\"0\">5. Jak szybka jest wysy\u0142ka do Europy?<\/b><\/h3>\n<p data-path-to-node=\"104\">Wysy\u0142amy bezpo\u015brednio z naszego <b data-path-to-node=\"104\" data-index-in-node=\"65\">Magazyn europejski<\/b>.<\/p>\n<ul data-path-to-node=\"105\">\n<li>\n<p data-path-to-node=\"105,0,0\"><b data-path-to-node=\"105,0,0\" data-index-in-node=\"0\">Niemcy:<\/b> 1-2 dni robocze.<\/p>\n<\/li>\n<li>\n<p data-path-to-node=\"105,1,0\"><b data-path-to-node=\"105,1,0\" data-index-in-node=\"0\">Inne kraje UE:<\/b> 2-3 business days. Enjoy tax-free, customs-free delivery directly to your door.<\/p>\n<\/li>\n<\/ul>\n<h3 data-path-to-node=\"106\"><b data-path-to-node=\"106\" data-index-in-node=\"0\">6. Is the battery large enough for 150,000 puffs?<\/b><\/h3>\n<p data-path-to-node=\"106\">The 850mAh battery is designed to be <b data-path-to-node=\"106\" data-index-in-node=\"87\">Akumulator typu C<\/b>. While you will need to charge the device every day or two (similar to a smartphone), the massive e-liquid supply ensures the device keeps going long after others have run dry.<\/p>\n<h3 data-path-to-node=\"107\"><b data-path-to-node=\"107\" data-index-in-node=\"0\">7. Why choose the Bang Legend 150k over standard vapes?<\/b><\/h3>\n<p data-path-to-node=\"107\">The <b data-path-to-node=\"107\" data-index-in-node=\"60\">Bang Legend<\/b> is the ultimate value proposition. One <b data-path-to-node=\"107\" data-index-in-node=\"111\">Vape 150k<\/b> device replaces dozens of smaller disposables, offers 5 flavors in 1, and features flavor-mixing technology that no other brand currently provides.<\/p>","protected":false},"excerpt":{"rendered":"<p><b data-path-to-node=\"3,8,0\" data-index-in-node=\"0\">Cherry Ice &amp; Red Cola:<\/b> A personal soda shop. Mix fizzy cola and tart cherry across 150,000 puffs. <b data-path-to-node=\"3,8,0\" data-index-in-node=\"98\">Bang Legend<\/b> 5-tank innovation, EU stock.<\/p>","protected":false},"featured_media":39011,"comment_status":"open","ping_status":"closed","template":"","meta":{"_acf_changed":false},"product_brand":[],"product_cat":[134,89],"product_tag":[],"class_list":{"0":"post-38791","1":"product","2":"type-product","3":"status-publish","4":"has-post-thumbnail","6":"product_cat-eu-warehouse-in-stock","7":"product_cat-puff-150k-bang-legend-150k-vape","9":"first","10":"instock","11":"shipping-taxable","12":"purchasable","13":"product-type-variable"},"acf":[],"yoast_head":"<!-- This site is optimized with the Yoast SEO Premium plugin v26.1 (Yoast SEO v27.5) - https:\/\/yoast.com\/product\/yoast-seo-premium-wordpress\/ -->\n<title>Cherry Ice \/ Red Cola Mix - Bang Legend 150k | Puff 150k - vozolvapen<\/title>\n<meta name=\"description\" content=\"Bubbly Red Cola, Cherry Ice, and Mixed Berries. The ultimate beverage vape in the Bang Legend 150k. Fast 1-3 day EU delivery.\" \/>\n<meta name=\"robots\" content=\"index, follow, max-snippet:-1, max-image-preview:large, max-video-preview:-1\" \/>\n<link rel=\"canonical\" href=\"https:\/\/vozolvapen.de\/pl\/product\/puff-150k-bang-legend-150000-cherry-red-cola-mix\/\" \/>\n<meta property=\"og:locale\" content=\"pl_PL\" \/>\n<meta property=\"og:type\" content=\"article\" \/>\n<meta property=\"og:title\" content=\"Puff 150k Bang Legend 150000 - Cherry &amp; Red Cola Mix\" \/>\n<meta property=\"og:description\" content=\"Bubbly Red Cola, Cherry Ice, and Mixed Berries. The ultimate beverage vape in the Bang Legend 150k. Fast 1-3 day EU delivery.\" \/>\n<meta property=\"og:url\" content=\"https:\/\/vozolvapen.de\/pl\/product\/puff-150k-bang-legend-150000-cherry-red-cola-mix\/\" \/>\n<meta property=\"og:site_name\" content=\"vozolvapen\" \/>\n<meta property=\"article:modified_time\" content=\"2026-02-10T11:03:14+00:00\" \/>\n<meta property=\"og:image\" content=\"https:\/\/vozolvapen.de\/wp-content\/uploads\/2025\/12\/Bang-Legend-150000-Cherry-Ice-Mixed-Berries-Red-Cola-Cherry-Ice-Mixed-Berries-Red-Cola-Red-Cola.webp\" \/>\n\t<meta property=\"og:image:width\" content=\"1200\" \/>\n\t<meta property=\"og:image:height\" content=\"704\" \/>\n\t<meta property=\"og:image:type\" content=\"image\/webp\" \/>\n<meta name=\"twitter:card\" content=\"summary_large_image\" \/>\n<meta name=\"twitter:label1\" content=\"Szacowany czas czytania\" \/>\n\t<meta name=\"twitter:data1\" content=\"3 minuty\" \/>\n<script type=\"application\/ld+json\" class=\"yoast-schema-graph\">{\"@context\":\"https:\\\/\\\/schema.org\",\"@graph\":[{\"@type\":\"WebPage\",\"@id\":\"https:\\\/\\\/vozolvapen.de\\\/product\\\/puff-150k-bang-legend-150000-cherry-red-cola-mix\\\/\",\"url\":\"https:\\\/\\\/vozolvapen.de\\\/product\\\/puff-150k-bang-legend-150000-cherry-red-cola-mix\\\/\",\"name\":\"Cherry Ice \\\/ Red Cola Mix - Bang Legend 150k | Puff 150k - vozolvapen\",\"isPartOf\":{\"@id\":\"https:\\\/\\\/vozolvapen.de\\\/#website\"},\"primaryImageOfPage\":{\"@id\":\"https:\\\/\\\/vozolvapen.de\\\/product\\\/puff-150k-bang-legend-150000-cherry-red-cola-mix\\\/#primaryimage\"},\"image\":{\"@id\":\"https:\\\/\\\/vozolvapen.de\\\/product\\\/puff-150k-bang-legend-150000-cherry-red-cola-mix\\\/#primaryimage\"},\"thumbnailUrl\":\"https:\\\/\\\/vozolvapen.de\\\/wp-content\\\/uploads\\\/2025\\\/12\\\/Bang-Legend-150000-Cherry-Ice-Mixed-Berries-Red-Cola-Cherry-Ice-Mixed-Berries-Red-Cola-Red-Cola.webp\",\"datePublished\":\"2025-12-22T07:06:14+00:00\",\"dateModified\":\"2026-02-10T11:03:14+00:00\",\"description\":\"Bubbly Red Cola, Cherry Ice, and Mixed Berries. The ultimate beverage vape in the Bang Legend 150k. Fast 1-3 day EU delivery.\",\"breadcrumb\":{\"@id\":\"https:\\\/\\\/vozolvapen.de\\\/product\\\/puff-150k-bang-legend-150000-cherry-red-cola-mix\\\/#breadcrumb\"},\"inLanguage\":\"pl-PL\",\"potentialAction\":[{\"@type\":\"ReadAction\",\"target\":[\"https:\\\/\\\/vozolvapen.de\\\/product\\\/puff-150k-bang-legend-150000-cherry-red-cola-mix\\\/\"]}]},{\"@type\":\"ImageObject\",\"inLanguage\":\"pl-PL\",\"@id\":\"https:\\\/\\\/vozolvapen.de\\\/product\\\/puff-150k-bang-legend-150000-cherry-red-cola-mix\\\/#primaryimage\",\"url\":\"https:\\\/\\\/vozolvapen.de\\\/wp-content\\\/uploads\\\/2025\\\/12\\\/Bang-Legend-150000-Cherry-Ice-Mixed-Berries-Red-Cola-Cherry-Ice-Mixed-Berries-Red-Cola-Red-Cola.webp\",\"contentUrl\":\"https:\\\/\\\/vozolvapen.de\\\/wp-content\\\/uploads\\\/2025\\\/12\\\/Bang-Legend-150000-Cherry-Ice-Mixed-Berries-Red-Cola-Cherry-Ice-Mixed-Berries-Red-Cola-Red-Cola.webp\",\"width\":1200,\"height\":704,\"caption\":\"Bang Legend 150000 - Cherry Ice Mixed Berries Red Cola Cherry Ice Mixed Berries Red Cola Red Cola\"},{\"@type\":\"BreadcrumbList\",\"@id\":\"https:\\\/\\\/vozolvapen.de\\\/product\\\/puff-150k-bang-legend-150000-cherry-red-cola-mix\\\/#breadcrumb\",\"itemListElement\":[{\"@type\":\"ListItem\",\"position\":1,\"name\":\"Home\",\"item\":\"https:\\\/\\\/vozolvapen.de\\\/de\\\/\"},{\"@type\":\"ListItem\",\"position\":2,\"name\":\"Shop\",\"item\":\"https:\\\/\\\/vozolvapen.de\\\/shop\\\/\"},{\"@type\":\"ListItem\",\"position\":3,\"name\":\"Puff 150k Bang Legend 150000 &#8211; Cherry &#038; Red Cola Mix\"}]},{\"@type\":\"WebSite\",\"@id\":\"https:\\\/\\\/vozolvapen.de\\\/#website\",\"url\":\"https:\\\/\\\/vozolvapen.de\\\/\",\"name\":\"vozolvapen\",\"description\":\"vozolvapen\",\"publisher\":{\"@id\":\"https:\\\/\\\/vozolvapen.de\\\/#organization\"},\"potentialAction\":[{\"@type\":\"SearchAction\",\"target\":{\"@type\":\"EntryPoint\",\"urlTemplate\":\"https:\\\/\\\/vozolvapen.de\\\/?s={search_term_string}\"},\"query-input\":{\"@type\":\"PropertyValueSpecification\",\"valueRequired\":true,\"valueName\":\"search_term_string\"}}],\"inLanguage\":\"pl-PL\"},{\"@type\":\"Organization\",\"@id\":\"https:\\\/\\\/vozolvapen.de\\\/#organization\",\"name\":\"vozolvapen\",\"url\":\"https:\\\/\\\/vozolvapen.de\\\/\",\"logo\":{\"@type\":\"ImageObject\",\"inLanguage\":\"pl-PL\",\"@id\":\"https:\\\/\\\/vozolvapen.de\\\/#\\\/schema\\\/logo\\\/image\\\/\",\"url\":\"https:\\\/\\\/vozolvapen.de\\\/wp-content\\\/uploads\\\/2025\\\/12\\\/cropped-vozovapen-logo.webp\",\"contentUrl\":\"https:\\\/\\\/vozolvapen.de\\\/wp-content\\\/uploads\\\/2025\\\/12\\\/cropped-vozovapen-logo.webp\",\"width\":470,\"height\":110,\"caption\":\"vozolvapen\"},\"image\":{\"@id\":\"https:\\\/\\\/vozolvapen.de\\\/#\\\/schema\\\/logo\\\/image\\\/\"}}]}<\/script>\n<!-- \/ Yoast SEO Premium plugin. -->","yoast_head_json":{"title":"Cherry Ice \/ Red Cola Mix - Bang Legend 150k | Puff 150k - vozolvapen","description":"Bubbly Red Cola, Cherry Ice, and Mixed Berries. The ultimate beverage vape in the Bang Legend 150k. Fast 1-3 day EU delivery.","robots":{"index":"index","follow":"follow","max-snippet":"max-snippet:-1","max-image-preview":"max-image-preview:large","max-video-preview":"max-video-preview:-1"},"canonical":"https:\/\/vozolvapen.de\/pl\/product\/puff-150k-bang-legend-150000-cherry-red-cola-mix\/","og_locale":"pl_PL","og_type":"article","og_title":"Puff 150k Bang Legend 150000 - Cherry & Red Cola Mix","og_description":"Bubbly Red Cola, Cherry Ice, and Mixed Berries. The ultimate beverage vape in the Bang Legend 150k. Fast 1-3 day EU delivery.","og_url":"https:\/\/vozolvapen.de\/pl\/product\/puff-150k-bang-legend-150000-cherry-red-cola-mix\/","og_site_name":"vozolvapen","article_modified_time":"2026-02-10T11:03:14+00:00","og_image":[{"width":1200,"height":704,"url":"https:\/\/vozolvapen.de\/wp-content\/uploads\/2025\/12\/Bang-Legend-150000-Cherry-Ice-Mixed-Berries-Red-Cola-Cherry-Ice-Mixed-Berries-Red-Cola-Red-Cola.webp","type":"image\/webp"}],"twitter_card":"summary_large_image","twitter_misc":{"Szacowany czas czytania":"3 minuty"},"schema":{"@context":"https:\/\/schema.org","@graph":[{"@type":"WebPage","@id":"https:\/\/vozolvapen.de\/product\/puff-150k-bang-legend-150000-cherry-red-cola-mix\/","url":"https:\/\/vozolvapen.de\/product\/puff-150k-bang-legend-150000-cherry-red-cola-mix\/","name":"Cherry Ice \/ Red Cola Mix - Bang Legend 150k | Puff 150k - vozolvapen","isPartOf":{"@id":"https:\/\/vozolvapen.de\/#website"},"primaryImageOfPage":{"@id":"https:\/\/vozolvapen.de\/product\/puff-150k-bang-legend-150000-cherry-red-cola-mix\/#primaryimage"},"image":{"@id":"https:\/\/vozolvapen.de\/product\/puff-150k-bang-legend-150000-cherry-red-cola-mix\/#primaryimage"},"thumbnailUrl":"https:\/\/vozolvapen.de\/wp-content\/uploads\/2025\/12\/Bang-Legend-150000-Cherry-Ice-Mixed-Berries-Red-Cola-Cherry-Ice-Mixed-Berries-Red-Cola-Red-Cola.webp","datePublished":"2025-12-22T07:06:14+00:00","dateModified":"2026-02-10T11:03:14+00:00","description":"Bubbly Red Cola, Cherry Ice, and Mixed Berries. The ultimate beverage vape in the Bang Legend 150k. Fast 1-3 day EU delivery.","breadcrumb":{"@id":"https:\/\/vozolvapen.de\/product\/puff-150k-bang-legend-150000-cherry-red-cola-mix\/#breadcrumb"},"inLanguage":"pl-PL","potentialAction":[{"@type":"ReadAction","target":["https:\/\/vozolvapen.de\/product\/puff-150k-bang-legend-150000-cherry-red-cola-mix\/"]}]},{"@type":"ImageObject","inLanguage":"pl-PL","@id":"https:\/\/vozolvapen.de\/product\/puff-150k-bang-legend-150000-cherry-red-cola-mix\/#primaryimage","url":"https:\/\/vozolvapen.de\/wp-content\/uploads\/2025\/12\/Bang-Legend-150000-Cherry-Ice-Mixed-Berries-Red-Cola-Cherry-Ice-Mixed-Berries-Red-Cola-Red-Cola.webp","contentUrl":"https:\/\/vozolvapen.de\/wp-content\/uploads\/2025\/12\/Bang-Legend-150000-Cherry-Ice-Mixed-Berries-Red-Cola-Cherry-Ice-Mixed-Berries-Red-Cola-Red-Cola.webp","width":1200,"height":704,"caption":"Bang Legend 150000 - Cherry Ice Mixed Berries Red Cola Cherry Ice Mixed Berries Red Cola Red Cola"},{"@type":"BreadcrumbList","@id":"https:\/\/vozolvapen.de\/product\/puff-150k-bang-legend-150000-cherry-red-cola-mix\/#breadcrumb","itemListElement":[{"@type":"ListItem","position":1,"name":"Home","item":"https:\/\/vozolvapen.de\/de\/"},{"@type":"ListItem","position":2,"name":"Shop","item":"https:\/\/vozolvapen.de\/shop\/"},{"@type":"ListItem","position":3,"name":"Puff 150k Bang Legend 150000 &#8211; Cherry &#038; Red Cola Mix"}]},{"@type":"WebSite","@id":"https:\/\/vozolvapen.de\/#website","url":"https:\/\/vozolvapen.de\/","name":"vozolvapen","description":"vozolvapen","publisher":{"@id":"https:\/\/vozolvapen.de\/#organization"},"potentialAction":[{"@type":"SearchAction","target":{"@type":"EntryPoint","urlTemplate":"https:\/\/vozolvapen.de\/?s={search_term_string}"},"query-input":{"@type":"PropertyValueSpecification","valueRequired":true,"valueName":"search_term_string"}}],"inLanguage":"pl-PL"},{"@type":"Organization","@id":"https:\/\/vozolvapen.de\/#organization","name":"vozolvapen","url":"https:\/\/vozolvapen.de\/","logo":{"@type":"ImageObject","inLanguage":"pl-PL","@id":"https:\/\/vozolvapen.de\/#\/schema\/logo\/image\/","url":"https:\/\/vozolvapen.de\/wp-content\/uploads\/2025\/12\/cropped-vozovapen-logo.webp","contentUrl":"https:\/\/vozolvapen.de\/wp-content\/uploads\/2025\/12\/cropped-vozovapen-logo.webp","width":470,"height":110,"caption":"vozolvapen"},"image":{"@id":"https:\/\/vozolvapen.de\/#\/schema\/logo\/image\/"}}]}},"tiered_pricing_type":"fixed","tiered_pricing_fixed_rules":{"30":"12.7","50":"10.7","100":"9.7","200":"9.2"},"tiered_pricing_product_settings":{"layout":"default","base_unit_name":{"singular":null,"plural":null},"default_variation":null},"tiered_pricing_minimum_quantity":10,"tiered_pricing_roles_data":[],"tiered_pricing_percentage_rules":[],"tiered_pricing_maximum_quantity":null,"tiered_pricing_quantity_step":"10","_links":{"self":[{"href":"http:\/\/vozolvapen.de\/pl\/wp-json\/wp\/v2\/product\/38791","targetHints":{"allow":["GET"]}}],"collection":[{"href":"http:\/\/vozolvapen.de\/pl\/wp-json\/wp\/v2\/product"}],"about":[{"href":"http:\/\/vozolvapen.de\/pl\/wp-json\/wp\/v2\/types\/product"}],"replies":[{"embeddable":true,"href":"http:\/\/vozolvapen.de\/pl\/wp-json\/wp\/v2\/comments?post=38791"}],"wp:featuredmedia":[{"embeddable":true,"href":"http:\/\/vozolvapen.de\/pl\/wp-json\/wp\/v2\/media\/39011"}],"wp:attachment":[{"href":"http:\/\/vozolvapen.de\/pl\/wp-json\/wp\/v2\/media?parent=38791"}],"wp:term":[{"taxonomy":"product_brand","embeddable":true,"href":"http:\/\/vozolvapen.de\/pl\/wp-json\/wp\/v2\/product_brand?post=38791"},{"taxonomy":"product_cat","embeddable":true,"href":"http:\/\/vozolvapen.de\/pl\/wp-json\/wp\/v2\/product_cat?post=38791"},{"taxonomy":"product_tag","embeddable":true,"href":"http:\/\/vozolvapen.de\/pl\/wp-json\/wp\/v2\/product_tag?post=38791"}],"curies":[{"name":"wp","href":"https:\/\/api.w.org\/{rel}","templated":true}]}}