{"id":39536,"date":"2025-12-22T08:13:19","date_gmt":"2025-12-22T08:13:19","guid":{"rendered":"https:\/\/vozolvapen.de\/?post_type=product&#038;p=39536"},"modified":"2026-02-10T11:02:40","modified_gmt":"2026-02-10T11:02:40","slug":"al-fakher-8000-crystal-blueberry-raspberry","status":"publish","type":"product","link":"http:\/\/vozolvapen.de\/pl\/product\/al-fakher-8000-crystal-blueberry-raspberry\/","title":{"rendered":"AL Fakher 8000 Crystal - Blueberry Raspberry"},"content":{"rendered":"<h1 data-path-to-node=\"72\">AL Fakher 8000 Crystal - Blueberry Raspberry<\/h1>\n<p data-path-to-node=\"73\">Soczysta jagodowa symfonia. <b data-path-to-node=\"73\" data-index-in-node=\"28\">Bor\u00f3wka Malina<\/b> \u0142\u0105czy s\u0142odycz jag\u00f3d z ostrym, pikantnym smakiem dojrza\u0142ych malin, tworz\u0105c wielowymiarowy jagodowy hit.<\/p>\n<h2 data-path-to-node=\"74\"><b data-path-to-node=\"74\" data-index-in-node=\"0\">Ocena smaku - jagoda z malin\u0105<\/b><\/h2>\n<ul data-path-to-node=\"75\">\n<li>\n<p data-path-to-node=\"75,0,0\"><b data-path-to-node=\"75,0,0\" data-index-in-node=\"0\">S\u0142odycz:<\/b> \u2605\u2605\u2605\u2605\u2606<\/p>\n<\/li>\n<li>\n<p data-path-to-node=\"75,1,0\"><b data-path-to-node=\"75,1,0\" data-index-in-node=\"0\">Poziom lodu:<\/b> \u2605\u2605\u2606\u2606\u2606<\/p>\n<\/li>\n<li>\n<p data-path-to-node=\"75,2,0\"><b data-path-to-node=\"75,2,0\" data-index-in-node=\"0\">Aromat:<\/b> \u2605\u2605\u2605\u2605\u2606<\/p>\n<\/li>\n<li>\n<p data-path-to-node=\"75,3,0\"><b data-path-to-node=\"75,3,0\" data-index-in-node=\"0\">Werdykt smakowy:<\/b> Odwa\u017cny i d\u017cemowy. Te dwie jagody \u0142\u0105cz\u0105 si\u0119 w \u201cle\u015bne owoce\u201d, kt\u00f3re s\u0105 bogate i satysfakcjonuj\u0105ce.<\/p>\n<\/li>\n<\/ul>\n<h2 data-path-to-node=\"76\"><b data-path-to-node=\"76\" data-index-in-node=\"0\">Dla kogo to jest?<\/b><\/h2>\n<ul data-path-to-node=\"77\">\n<li>\n<p data-path-to-node=\"77,0,0\"><b data-path-to-node=\"77,0,0\" data-index-in-node=\"0\">Berry Addicts:<\/b> Dla tych, kt\u00f3rzy chc\u0105 czego\u015b wi\u0119cej ni\u017c tylko jednego owocowego smaku.<\/p>\n<\/li>\n<li>\n<p data-path-to-node=\"77,1,0\"><b data-path-to-node=\"77,1,0\" data-index-in-node=\"0\">Smoothie Lovers:<\/b> Smakuje jak \u015bwie\u017co zmiksowana miska jag\u00f3d.<\/p>\n<\/li>\n<li>\n<p data-path-to-node=\"77,2,0\"><b data-path-to-node=\"77,2,0\" data-index-in-node=\"0\">D\u0142ugoterminowy Vaper:<\/b> Smak, kt\u00f3ry pozostaje niezmienny przez wszystkie 8000 zaci\u0105gni\u0119\u0107.<\/p>\n<\/li>\n<\/ul>\n<h2 data-path-to-node=\"142\"><b data-path-to-node=\"142\" data-index-in-node=\"0\">Specyfikacja - AL Fakher 8000 Crystal<\/b><\/h2>\n<ul>\n<li data-path-to-node=\"143,0,0\"><b data-path-to-node=\"143,0,0\" data-index-in-node=\"0\">Pojemno\u015b\u0107:<\/b> 18 ml wst\u0119pnie nape\u0142nionego e-liquidu<\/li>\n<li data-path-to-node=\"143,1,0\"><b data-path-to-node=\"143,1,0\" data-index-in-node=\"0\">Puffy:<\/b> Do 8000 zaci\u0105gni\u0119\u0107<\/li>\n<li data-path-to-node=\"143,2,0\"><b data-path-to-node=\"143,2,0\" data-index-in-node=\"0\">Bateria:<\/b> 1200 mAh (akumulator typu C)<\/li>\n<li data-path-to-node=\"143,3,0\"><b data-path-to-node=\"143,3,0\" data-index-in-node=\"0\">Wy\u015bwietlacz:<\/b> Cyfrowy inteligentny ekran (wska\u017aniki akumulatora i oleju)<\/li>\n<li data-path-to-node=\"143,4,0\"><b data-path-to-node=\"143,4,0\" data-index-in-node=\"0\">Nikotyna:<\/b> 0,5% (5 mg\/ml) Styl shishy o niskiej zawarto\u015bci nikotyny<\/li>\n<li data-path-to-node=\"143,5,0\"><b data-path-to-node=\"143,5,0\" data-index-in-node=\"0\">Cewka:<\/b> Cewka Dual Mesh 0,65ohm<\/li>\n<li data-path-to-node=\"143,6,0\"><b data-path-to-node=\"143,6,0\" data-index-in-node=\"0\">Przep\u0142yw powietrza:<\/b> DTL (bezpo\u015brednio do p\u0142uc)<\/li>\n<li data-path-to-node=\"143,7,0\"><b data-path-to-node=\"143,7,0\" data-index-in-node=\"0\">Wysy\u0142ka:<\/b> Magazyn europejski (1-3 dni)<\/li>\n<\/ul>\n<h2><strong>AL Fakher 8000 Crystal <\/strong><strong>Wideo\uff1a<\/strong><\/h2>\n<p><iframe width=\"560\" height=\"315\" src=\"https:\/\/www.youtube.com\/embed\/Bnrs-3qE7Vg?si=Jah6mr7Ii_8Nxgdp\" title=\"Odtwarzacz wideo YouTube\" frameborder=\"0\" allow=\"accelerometer; autoplay; clipboard-write; encrypted-media; gyroscope; picture-in-picture; web-share\" referrerpolicy=\"strict-origin-when-cross-origin\" allowfullscreen><\/iframe><\/p>\n<h2 data-path-to-node=\"144\"><b data-path-to-node=\"144\" data-index-in-node=\"0\">Dla kogo przeznaczony jest AL Fakher 8000 Crystal?<\/b><\/h2>\n<ul>\n<li data-path-to-node=\"145,0,0\"><b data-path-to-node=\"145,0,0\" data-index-in-node=\"0\">The Tech Enthusiast:<\/b> Ci, kt\u00f3rzy chc\u0105 <b data-path-to-node=\"145,0,0\" data-index-in-node=\"38\">Ekran cyfrowy<\/b> aby dok\u0142adnie monitorowa\u0107 bateri\u0119 i e-ciecz.<\/li>\n<li data-path-to-node=\"145,1,0\"><b data-path-to-node=\"145,1,0\" data-index-in-node=\"0\">The Shisha Lover:<\/b> Vaperzy, kt\u00f3rzy chc\u0105 <b data-path-to-node=\"145,1,0\" data-index-in-node=\"38\">Al Fakher Crown Bar<\/b> smak w nowoczesnym, krystalicznie czystym designie.<\/li>\n<li data-path-to-node=\"145,2,0\"><b data-path-to-node=\"145,2,0\" data-index-in-node=\"0\">Europejski Vaper:<\/b> Idealny dla tych, kt\u00f3rzy oczekuj\u0105 najwy\u017cszej jako\u015bci dostarczanej w ci\u0105gu 3 dni z lokalnego magazynu.<\/li>\n<\/ul>\n<h3 data-path-to-node=\"147\"><b data-path-to-node=\"147\" data-index-in-node=\"0\">Oto dalsze zalecenia dla Ciebie:<\/b><\/h3>\n<p data-path-to-node=\"148\">Odkryj jeszcze wi\u0119cej niesamowitych smak\u00f3w dzi\u0119ki <b data-path-to-node=\"148\" data-index-in-node=\"47\">AL Fakher 8000 Crystal Puffs Vape<\/b>!<\/p>\n<p data-path-to-node=\"149\"><a class=\"ng-star-inserted\" href=\"https:\/\/vozolvapen.de\/pl\/product-category\/al-fakher\/al-fakher-8000-crystal\/\" target=\"_blank\" rel=\"noopener noreferrer nofollow\" data-hveid=\"0\" data-ved=\"0CAAQ_4QMahgKEwirptGFztCRAxUAAAAAHQAAAAAQqgI\">Zobacz wszystkie odmiany tutaj \u2192<\/a><\/p>\n<p data-path-to-node=\"150\">Zapoznaj si\u0119 z nasz\u0105 pe\u0142n\u0105 kolekcj\u0105 i kupuj produkty najlepszych marek vape, kt\u00f3re pokochasz.<\/p>\n<p data-path-to-node=\"151\"><a class=\"ng-star-inserted\" href=\"https:\/\/vozolvapen.de\/pl\/\" target=\"_blank\" rel=\"noopener noreferrer nofollow\" data-hveid=\"0\" data-ved=\"0CAAQ_4QMahgKEwirptGFztCRAxUAAAAAHQAAAAAQqwI\">Przegl\u0105daj teraz wszystkie marki \u2192<\/a><\/p>\n<p data-path-to-node=\"152\">Sprawd\u017a ca\u0142o\u015b\u0107 <strong>Seria AL Fakher<\/strong>\u00a0- ka\u017cdy smak, ka\u017cdy styl!<\/p>\n<p data-path-to-node=\"153\"><a class=\"ng-star-inserted\" href=\"https:\/\/vozolvapen.de\/pl\/product-category\/al-fakher\/\" target=\"_blank\" rel=\"noopener noreferrer nofollow\" data-hveid=\"0\" data-ved=\"0CAAQ_4QMahgKEwirptGFztCRAxUAAAAAHQAAAAAQrAI\">Zobacz pe\u0142n\u0105 kolekcj\u0119 Bang Vape \u2192<\/a><\/p>\n<hr data-path-to-node=\"154\" \/>\n<h3 data-path-to-node=\"155\"><b data-path-to-node=\"155\" data-index-in-node=\"0\">Cz\u0119sto zadawane pytania (FAQ) - AL Fakher 8000 Crystal<\/b><\/h3>\n<p data-path-to-node=\"156\"><b data-path-to-node=\"156\" data-index-in-node=\"0\">1. Na jak d\u0142ugo wystarczy mi AL Fakher 8000 Crystal?<\/b> Z <b data-path-to-node=\"156\" data-index-in-node=\"67\">18 ml<\/b> cieczy i <b data-path-to-node=\"156\" data-index-in-node=\"86\">8000 zaci\u0105gni\u0119\u0107<\/b>, przeci\u0119tny vaper otrzyma <b data-path-to-node=\"156\" data-index-in-node=\"125\">10 do 14 dni<\/b> u\u017cytkowania. Masywny <b data-path-to-node=\"156\" data-index-in-node=\"159\">Bateria 1200 mAh<\/b> Zapewnia, \u017ce nie musisz \u0142adowa\u0107 tak cz\u0119sto, jak inne vape 8k.<\/p>\n<p data-path-to-node=\"157\"><b data-path-to-node=\"157\" data-index-in-node=\"0\">2. Co pokazuje ekran cyfrowy?<\/b> The <b data-path-to-node=\"157\" data-index-in-node=\"42\">Al Fakher 8000<\/b> posiada inteligentny wy\u015bwietlacz, kt\u00f3ry pokazuje:<\/p>\n<ul data-path-to-node=\"158\">\n<li>\n<p data-path-to-node=\"158,0,0\"><b data-path-to-node=\"158,0,0\" data-index-in-node=\"0\">Wska\u017anik \u017cywotno\u015bci baterii:<\/b> Zobacz dok\u0142adny procent mocy.<\/p>\n<\/li>\n<li>\n<p data-path-to-node=\"158,1,0\"><b data-path-to-node=\"158,1,0\" data-index-in-node=\"0\">Wska\u017anik E-Liquid:<\/b> Wiedz dok\u0142adnie, ile soku pozosta\u0142o z 18 ml, aby unikn\u0105\u0107 suchych uderze\u0144.<\/p>\n<\/li>\n<\/ul>\n<p data-path-to-node=\"159\"><b data-path-to-node=\"159\" data-index-in-node=\"0\">3. Czy ten produkt jest autentyczny?<\/b> Tak. Dostarczamy tylko oryginalne 100% <b data-path-to-node=\"159\" data-index-in-node=\"63\">AL Fakher Vape<\/b> bezpo\u015brednio od oficjalnego producenta. Ka\u017cde urz\u0105dzenie jest dostarczane z weryfikowalnym kodem bezpiecze\u0144stwa.<\/p>\n<p data-path-to-node=\"160\"><b data-path-to-node=\"160\" data-index-in-node=\"0\">4. Jak szybka jest wysy\u0142ka do Europy?<\/b> Wysy\u0142amy bezpo\u015brednio z naszego <b data-path-to-node=\"160\" data-index-in-node=\"65\">Magazyn europejski<\/b>.<\/p>\n<ul data-path-to-node=\"161\">\n<li>\n<p data-path-to-node=\"161,0,0\"><b data-path-to-node=\"161,0,0\" data-index-in-node=\"0\">Niemcy:<\/b> 1-2 dni robocze.<\/p>\n<\/li>\n<li>\n<p data-path-to-node=\"161,1,0\"><b data-path-to-node=\"161,1,0\" data-index-in-node=\"0\">Reszta UE:<\/b> 2-3 dni robocze. Brak op\u00f3\u017anie\u0144 celnych.<\/p>\n<\/li>\n<\/ul>\n<p data-path-to-node=\"162\"><b data-path-to-node=\"162\" data-index-in-node=\"0\">5. Czy poziom nikotyny 0,5% jest dla mnie odpowiedni?<\/b> To urz\u0105dzenie jest przeznaczone do <b data-path-to-node=\"162\" data-index-in-node=\"72\">Waporyzacja w stylu sziszy<\/b>. Poziom 5 mg \/ ml (0,51 TPT3T) jest znacznie \u0142agodniejszy ni\u017c standardowe waporyzatory, koncentruj\u0105c si\u0119 na obj\u0119to\u015bci chmury i smaku, a nie na ostrym uderzeniu w gard\u0142o.<\/p>\n<p data-path-to-node=\"163\"><b data-path-to-node=\"163\" data-index-in-node=\"0\">6. Czy bateri\u0119 mo\u017cna \u0142adowa\u0107?<\/b> Absolutnie. Ogromny <b data-path-to-node=\"163\" data-index-in-node=\"53\">Bateria 1200 mAh<\/b> jest \u0142adowany przez <b data-path-to-node=\"163\" data-index-in-node=\"89\">Typ-C<\/b> szybkie \u0142adowanie, zapewniaj\u0105ce wykorzystanie ka\u017cdej kropli soku premium.<\/p>","protected":false},"excerpt":{"rendered":"<p>Doskona\u0142a jagodowa symfonia. S\u0142odkie jagody i pikantne maliny zderzaj\u0105 si\u0119 ze sob\u0105, zapewniaj\u0105c g\u0142adk\u0105, du\u017c\u0105 obj\u0119to\u015b\u0107 pary, kt\u00f3r\u0105 pokochasz.<\/p>","protected":false},"featured_media":39782,"comment_status":"open","ping_status":"closed","template":"","meta":{"_acf_changed":false},"product_brand":[],"product_cat":[91,134],"product_tag":[],"class_list":{"0":"post-39536","1":"product","2":"type-product","3":"status-publish","4":"has-post-thumbnail","6":"product_cat-al-fakher-8000-crystal","7":"product_cat-eu-warehouse-in-stock","9":"first","10":"instock","11":"shipping-taxable","12":"purchasable","13":"product-type-variable"},"acf":[],"yoast_head":"<!-- This site is optimized with the Yoast SEO Premium plugin v26.1 (Yoast SEO v27.5) - https:\/\/yoast.com\/product\/yoast-seo-premium-wordpress\/ -->\n<title>Blueberry Raspberry - AL Fakher 8000 - vozolvapen<\/title>\n<meta name=\"description\" content=\"Succulent Blueberry Raspberry AL Fakher 8000 Crystal. 18mL liquid, smart LED screen. Shipped fast from our local EU warehouse.\" \/>\n<meta name=\"robots\" content=\"index, follow, max-snippet:-1, max-image-preview:large, max-video-preview:-1\" \/>\n<link rel=\"canonical\" href=\"https:\/\/vozolvapen.de\/pl\/product\/al-fakher-8000-crystal-blueberry-raspberry\/\" \/>\n<meta property=\"og:locale\" content=\"pl_PL\" \/>\n<meta property=\"og:type\" content=\"article\" \/>\n<meta property=\"og:title\" content=\"AL Fakher 8000 Crystal - Blueberry Raspberry\" \/>\n<meta property=\"og:description\" content=\"Succulent Blueberry Raspberry AL Fakher 8000 Crystal. 18mL liquid, smart LED screen. Shipped fast from our local EU warehouse.\" \/>\n<meta property=\"og:url\" content=\"https:\/\/vozolvapen.de\/pl\/product\/al-fakher-8000-crystal-blueberry-raspberry\/\" \/>\n<meta property=\"og:site_name\" content=\"vozolvapen\" \/>\n<meta property=\"article:modified_time\" content=\"2026-02-10T11:02:40+00:00\" \/>\n<meta property=\"og:image\" content=\"https:\/\/vozolvapen.de\/wp-content\/uploads\/2025\/12\/AL-Fakher-8000-Crystal-BLUEBERRY-RASPBERRY.webp\" \/>\n\t<meta property=\"og:image:width\" content=\"679\" \/>\n\t<meta property=\"og:image:height\" content=\"1200\" \/>\n\t<meta property=\"og:image:type\" content=\"image\/webp\" \/>\n<meta name=\"twitter:card\" content=\"summary_large_image\" \/>\n<meta name=\"twitter:label1\" content=\"Szacowany czas czytania\" \/>\n\t<meta name=\"twitter:data1\" content=\"3 minuty\" \/>\n<script type=\"application\/ld+json\" class=\"yoast-schema-graph\">{\"@context\":\"https:\\\/\\\/schema.org\",\"@graph\":[{\"@type\":\"WebPage\",\"@id\":\"https:\\\/\\\/vozolvapen.de\\\/product\\\/al-fakher-8000-crystal-blueberry-raspberry\\\/\",\"url\":\"https:\\\/\\\/vozolvapen.de\\\/product\\\/al-fakher-8000-crystal-blueberry-raspberry\\\/\",\"name\":\"Blueberry Raspberry - AL Fakher 8000 - vozolvapen\",\"isPartOf\":{\"@id\":\"https:\\\/\\\/vozolvapen.de\\\/#website\"},\"primaryImageOfPage\":{\"@id\":\"https:\\\/\\\/vozolvapen.de\\\/product\\\/al-fakher-8000-crystal-blueberry-raspberry\\\/#primaryimage\"},\"image\":{\"@id\":\"https:\\\/\\\/vozolvapen.de\\\/product\\\/al-fakher-8000-crystal-blueberry-raspberry\\\/#primaryimage\"},\"thumbnailUrl\":\"https:\\\/\\\/vozolvapen.de\\\/wp-content\\\/uploads\\\/2025\\\/12\\\/AL-Fakher-8000-Crystal-BLUEBERRY-RASPBERRY.webp\",\"datePublished\":\"2025-12-22T08:13:19+00:00\",\"dateModified\":\"2026-02-10T11:02:40+00:00\",\"description\":\"Succulent Blueberry Raspberry AL Fakher 8000 Crystal. 18mL liquid, smart LED screen. Shipped fast from our local EU warehouse.\",\"breadcrumb\":{\"@id\":\"https:\\\/\\\/vozolvapen.de\\\/product\\\/al-fakher-8000-crystal-blueberry-raspberry\\\/#breadcrumb\"},\"inLanguage\":\"pl-PL\",\"potentialAction\":[{\"@type\":\"ReadAction\",\"target\":[\"https:\\\/\\\/vozolvapen.de\\\/product\\\/al-fakher-8000-crystal-blueberry-raspberry\\\/\"]}]},{\"@type\":\"ImageObject\",\"inLanguage\":\"pl-PL\",\"@id\":\"https:\\\/\\\/vozolvapen.de\\\/product\\\/al-fakher-8000-crystal-blueberry-raspberry\\\/#primaryimage\",\"url\":\"https:\\\/\\\/vozolvapen.de\\\/wp-content\\\/uploads\\\/2025\\\/12\\\/AL-Fakher-8000-Crystal-BLUEBERRY-RASPBERRY.webp\",\"contentUrl\":\"https:\\\/\\\/vozolvapen.de\\\/wp-content\\\/uploads\\\/2025\\\/12\\\/AL-Fakher-8000-Crystal-BLUEBERRY-RASPBERRY.webp\",\"width\":679,\"height\":1200,\"caption\":\"AL Fakher 8000 Crystal - BLUEBERRY RASPBERRY\"},{\"@type\":\"BreadcrumbList\",\"@id\":\"https:\\\/\\\/vozolvapen.de\\\/product\\\/al-fakher-8000-crystal-blueberry-raspberry\\\/#breadcrumb\",\"itemListElement\":[{\"@type\":\"ListItem\",\"position\":1,\"name\":\"Home\",\"item\":\"https:\\\/\\\/vozolvapen.de\\\/de\\\/\"},{\"@type\":\"ListItem\",\"position\":2,\"name\":\"Shop\",\"item\":\"https:\\\/\\\/vozolvapen.de\\\/shop\\\/\"},{\"@type\":\"ListItem\",\"position\":3,\"name\":\"AL Fakher 8000 Crystal &#8211; Blueberry Raspberry\"}]},{\"@type\":\"WebSite\",\"@id\":\"https:\\\/\\\/vozolvapen.de\\\/#website\",\"url\":\"https:\\\/\\\/vozolvapen.de\\\/\",\"name\":\"vozolvapen\",\"description\":\"vozolvapen\",\"publisher\":{\"@id\":\"https:\\\/\\\/vozolvapen.de\\\/#organization\"},\"potentialAction\":[{\"@type\":\"SearchAction\",\"target\":{\"@type\":\"EntryPoint\",\"urlTemplate\":\"https:\\\/\\\/vozolvapen.de\\\/?s={search_term_string}\"},\"query-input\":{\"@type\":\"PropertyValueSpecification\",\"valueRequired\":true,\"valueName\":\"search_term_string\"}}],\"inLanguage\":\"pl-PL\"},{\"@type\":\"Organization\",\"@id\":\"https:\\\/\\\/vozolvapen.de\\\/#organization\",\"name\":\"vozolvapen\",\"url\":\"https:\\\/\\\/vozolvapen.de\\\/\",\"logo\":{\"@type\":\"ImageObject\",\"inLanguage\":\"pl-PL\",\"@id\":\"https:\\\/\\\/vozolvapen.de\\\/#\\\/schema\\\/logo\\\/image\\\/\",\"url\":\"https:\\\/\\\/vozolvapen.de\\\/wp-content\\\/uploads\\\/2025\\\/12\\\/cropped-vozovapen-logo.webp\",\"contentUrl\":\"https:\\\/\\\/vozolvapen.de\\\/wp-content\\\/uploads\\\/2025\\\/12\\\/cropped-vozovapen-logo.webp\",\"width\":470,\"height\":110,\"caption\":\"vozolvapen\"},\"image\":{\"@id\":\"https:\\\/\\\/vozolvapen.de\\\/#\\\/schema\\\/logo\\\/image\\\/\"}}]}<\/script>\n<!-- \/ Yoast SEO Premium plugin. -->","yoast_head_json":{"title":"Blueberry Raspberry - AL Fakher 8000 - vozolvapen","description":"Succulent Blueberry Raspberry AL Fakher 8000 Crystal. P\u0142yn 18 ml, inteligentny ekran LED. Szybka wysy\u0142ka z naszego lokalnego magazynu w UE.","robots":{"index":"index","follow":"follow","max-snippet":"max-snippet:-1","max-image-preview":"max-image-preview:large","max-video-preview":"max-video-preview:-1"},"canonical":"https:\/\/vozolvapen.de\/pl\/product\/al-fakher-8000-crystal-blueberry-raspberry\/","og_locale":"pl_PL","og_type":"article","og_title":"AL Fakher 8000 Crystal - Blueberry Raspberry","og_description":"Succulent Blueberry Raspberry AL Fakher 8000 Crystal. 18mL liquid, smart LED screen. Shipped fast from our local EU warehouse.","og_url":"https:\/\/vozolvapen.de\/pl\/product\/al-fakher-8000-crystal-blueberry-raspberry\/","og_site_name":"vozolvapen","article_modified_time":"2026-02-10T11:02:40+00:00","og_image":[{"width":679,"height":1200,"url":"https:\/\/vozolvapen.de\/wp-content\/uploads\/2025\/12\/AL-Fakher-8000-Crystal-BLUEBERRY-RASPBERRY.webp","type":"image\/webp"}],"twitter_card":"summary_large_image","twitter_misc":{"Szacowany czas czytania":"3 minuty"},"schema":{"@context":"https:\/\/schema.org","@graph":[{"@type":"WebPage","@id":"https:\/\/vozolvapen.de\/product\/al-fakher-8000-crystal-blueberry-raspberry\/","url":"https:\/\/vozolvapen.de\/product\/al-fakher-8000-crystal-blueberry-raspberry\/","name":"Blueberry Raspberry - AL Fakher 8000 - vozolvapen","isPartOf":{"@id":"https:\/\/vozolvapen.de\/#website"},"primaryImageOfPage":{"@id":"https:\/\/vozolvapen.de\/product\/al-fakher-8000-crystal-blueberry-raspberry\/#primaryimage"},"image":{"@id":"https:\/\/vozolvapen.de\/product\/al-fakher-8000-crystal-blueberry-raspberry\/#primaryimage"},"thumbnailUrl":"https:\/\/vozolvapen.de\/wp-content\/uploads\/2025\/12\/AL-Fakher-8000-Crystal-BLUEBERRY-RASPBERRY.webp","datePublished":"2025-12-22T08:13:19+00:00","dateModified":"2026-02-10T11:02:40+00:00","description":"Succulent Blueberry Raspberry AL Fakher 8000 Crystal. P\u0142yn 18 ml, inteligentny ekran LED. Szybka wysy\u0142ka z naszego lokalnego magazynu w UE.","breadcrumb":{"@id":"https:\/\/vozolvapen.de\/product\/al-fakher-8000-crystal-blueberry-raspberry\/#breadcrumb"},"inLanguage":"pl-PL","potentialAction":[{"@type":"ReadAction","target":["https:\/\/vozolvapen.de\/product\/al-fakher-8000-crystal-blueberry-raspberry\/"]}]},{"@type":"ImageObject","inLanguage":"pl-PL","@id":"https:\/\/vozolvapen.de\/product\/al-fakher-8000-crystal-blueberry-raspberry\/#primaryimage","url":"https:\/\/vozolvapen.de\/wp-content\/uploads\/2025\/12\/AL-Fakher-8000-Crystal-BLUEBERRY-RASPBERRY.webp","contentUrl":"https:\/\/vozolvapen.de\/wp-content\/uploads\/2025\/12\/AL-Fakher-8000-Crystal-BLUEBERRY-RASPBERRY.webp","width":679,"height":1200,"caption":"AL Fakher 8000 Crystal - BLUEBERRY RASPBERRY"},{"@type":"BreadcrumbList","@id":"https:\/\/vozolvapen.de\/product\/al-fakher-8000-crystal-blueberry-raspberry\/#breadcrumb","itemListElement":[{"@type":"ListItem","position":1,"name":"Home","item":"https:\/\/vozolvapen.de\/de\/"},{"@type":"ListItem","position":2,"name":"Shop","item":"https:\/\/vozolvapen.de\/shop\/"},{"@type":"ListItem","position":3,"name":"AL Fakher 8000 Crystal &#8211; Blueberry Raspberry"}]},{"@type":"WebSite","@id":"https:\/\/vozolvapen.de\/#website","url":"https:\/\/vozolvapen.de\/","name":"vozolvapen","description":"vozolvapen","publisher":{"@id":"https:\/\/vozolvapen.de\/#organization"},"potentialAction":[{"@type":"SearchAction","target":{"@type":"EntryPoint","urlTemplate":"https:\/\/vozolvapen.de\/?s={search_term_string}"},"query-input":{"@type":"PropertyValueSpecification","valueRequired":true,"valueName":"search_term_string"}}],"inLanguage":"pl-PL"},{"@type":"Organization","@id":"https:\/\/vozolvapen.de\/#organization","name":"vozolvapen","url":"https:\/\/vozolvapen.de\/","logo":{"@type":"ImageObject","inLanguage":"pl-PL","@id":"https:\/\/vozolvapen.de\/#\/schema\/logo\/image\/","url":"https:\/\/vozolvapen.de\/wp-content\/uploads\/2025\/12\/cropped-vozovapen-logo.webp","contentUrl":"https:\/\/vozolvapen.de\/wp-content\/uploads\/2025\/12\/cropped-vozovapen-logo.webp","width":470,"height":110,"caption":"vozolvapen"},"image":{"@id":"https:\/\/vozolvapen.de\/#\/schema\/logo\/image\/"}}]}},"tiered_pricing_type":"fixed","tiered_pricing_fixed_rules":{"30":"12.1","50":"9.6","100":"9.1","200":"8.1"},"tiered_pricing_product_settings":{"layout":"default","base_unit_name":{"singular":null,"plural":null},"default_variation":{}},"tiered_pricing_minimum_quantity":10,"tiered_pricing_roles_data":[],"tiered_pricing_percentage_rules":[],"tiered_pricing_maximum_quantity":null,"tiered_pricing_quantity_step":"10","_links":{"self":[{"href":"http:\/\/vozolvapen.de\/pl\/wp-json\/wp\/v2\/product\/39536","targetHints":{"allow":["GET"]}}],"collection":[{"href":"http:\/\/vozolvapen.de\/pl\/wp-json\/wp\/v2\/product"}],"about":[{"href":"http:\/\/vozolvapen.de\/pl\/wp-json\/wp\/v2\/types\/product"}],"replies":[{"embeddable":true,"href":"http:\/\/vozolvapen.de\/pl\/wp-json\/wp\/v2\/comments?post=39536"}],"wp:featuredmedia":[{"embeddable":true,"href":"http:\/\/vozolvapen.de\/pl\/wp-json\/wp\/v2\/media\/39782"}],"wp:attachment":[{"href":"http:\/\/vozolvapen.de\/pl\/wp-json\/wp\/v2\/media?parent=39536"}],"wp:term":[{"taxonomy":"product_brand","embeddable":true,"href":"http:\/\/vozolvapen.de\/pl\/wp-json\/wp\/v2\/product_brand?post=39536"},{"taxonomy":"product_cat","embeddable":true,"href":"http:\/\/vozolvapen.de\/pl\/wp-json\/wp\/v2\/product_cat?post=39536"},{"taxonomy":"product_tag","embeddable":true,"href":"http:\/\/vozolvapen.de\/pl\/wp-json\/wp\/v2\/product_tag?post=39536"}],"curies":[{"name":"wp","href":"https:\/\/api.w.org\/{rel}","templated":true}]}}