{"id":42804,"date":"2025-12-23T06:41:44","date_gmt":"2025-12-23T06:41:44","guid":{"rendered":"https:\/\/vozolvapen.de\/?post_type=product&#038;p=42804"},"modified":"2025-12-23T08:18:52","modified_gmt":"2025-12-23T08:18:52","slug":"jnr-mega-box-25000-fizzy-cherry-cola","status":"publish","type":"product","link":"http:\/\/vozolvapen.de\/pl\/product\/jnr-mega-box-25000-fizzy-cherry-cola\/","title":{"rendered":"JNR Mega Box 25000 - FIZZY CHERRY COLA"},"content":{"rendered":"<h1 data-path-to-node=\"2\"><b data-path-to-node=\"2\" data-index-in-node=\"0\">NR Mega Box 25000 - smak musuj\u0105cej wi\u015bniowej coli<\/b><\/h1>\n<p data-path-to-node=\"3\">Fizzy Cherry Cola to najlepsze musuj\u0105ce doznanie w kategorii <b data-path-to-node=\"3\" data-index-in-node=\"61\">JNR Mega Box 25000<\/b> series! Ten smak doskonale odwzorowuje musuj\u0105cy \u201czing\u201d klasycznego napoju gazowanego, nasycony g\u0142\u0119bokim, s\u0142odkim wyko\u0144czeniem syropu wi\u015bniowego. Ka\u017cde zaci\u0105gni\u0119cie si\u0119 smakuje jak szklanka sch\u0142odzonej wi\u015bniowej coli, zapewniaj\u0105c b\u0105belkowe odczucie w ustach i intensywn\u0105 owocow\u0105 s\u0142odycz. Z wiod\u0105cym w bran\u017cy <b data-path-to-node=\"3\" data-index-in-node=\"350\">25 000 zaci\u0105gni\u0119\u0107<\/b> i masywny <b data-path-to-node=\"3\" data-index-in-node=\"377\">Zbiornik 30 ml<\/b>, To urz\u0105dzenie gwarantuje, \u017ce ulubiony smak napoju utrzyma si\u0119 przez wiele tygodni.<\/p>\n<h2 data-path-to-node=\"4\"><b data-path-to-node=\"4\" data-index-in-node=\"0\">Dlaczego warto wybra\u0107 JNR Mega Box 25000 Fizzy Cherry Cola?<\/b> To <b data-path-to-node=\"4\" data-index-in-node=\"54\">jnr 25k<\/b> vape oferuje nie tylko wyj\u0105tkowy smak sody, ale tak\u017ce niezr\u00f3wnan\u0105 wydajno\u015b\u0107:<\/h2>\n<ul data-path-to-node=\"5\">\n<li>\n<p data-path-to-node=\"5,0,0\"><b data-path-to-node=\"5,0,0\" data-index-in-node=\"0\">Pure Taste Essence:<\/b> Doskonale zbalansowana mieszanka coli i wi\u015bni, kt\u00f3ra zachowuje \u201cmusowanie\u201d od pierwszego do ostatniego zaci\u0105gni\u0119cia dzi\u0119ki <b data-path-to-node=\"5,0,0\" data-index-in-node=\"136\">Dwurdzeniowy<\/b> technologia.<\/p>\n<\/li>\n<li>\n<p data-path-to-node=\"5,1,0\"><b data-path-to-node=\"5,1,0\" data-index-in-node=\"0\">Uniwersalne \u0142adowanie:<\/b> Unikalna konstrukcja z dwoma portami obs\u0142uguje zar\u00f3wno <b data-path-to-node=\"5,1,0\" data-index-in-node=\"62\">Typ C i o\u015bwietlenie<\/b> dzi\u0119ki czemu nigdy nie zostaniesz z\u0142apany bez zasilania.<\/p>\n<\/li>\n<li>\n<p data-path-to-node=\"5,2,0\"><b data-path-to-node=\"5,2,0\" data-index-in-node=\"0\">Wysoka wydajno\u015b\u0107 i trwa\u0142o\u015b\u0107:<\/b> Oferuj\u0105c 25 000 zaci\u0105gni\u0119\u0107 i pojemno\u015b\u0107 30 ml e-liquidu, zapewnia \u201cnieograniczone doznania\u201d dla intensywnych u\u017cytkownik\u00f3w.<\/p>\n<\/li>\n<\/ul>\n<h2>JNR MEGA BOX 25000 Najwa\u017cniejsze dane techniczne w skr\u00f3cie<\/h2>\n<table data-path-to-node=\"78\">\n<thead>\n<tr>\n<td><strong>Parametr<\/strong><\/td>\n<td><strong>Szczeg\u00f3\u0142y<\/strong><\/td>\n<td><strong>Pod\u015bwietlenie<\/strong><\/td>\n<\/tr>\n<\/thead>\n<tbody>\n<tr>\n<td><span data-path-to-node=\"78,1,0,0\"><b data-path-to-node=\"78,1,0,0\" data-index-in-node=\"0\">Nazwa modelu<\/b><\/span><\/td>\n<td><span data-path-to-node=\"78,1,1,0\"><b data-path-to-node=\"78,1,1,0\" data-index-in-node=\"0\">JNR Mega Box 25000<\/b><\/span><\/td>\n<td><span data-path-to-node=\"78,1,2,0\">Wiod\u0105ca pozycja na rynku <b data-path-to-node=\"78,1,2,0\" data-index-in-node=\"15\">JNR 25k<\/b> Seria<\/span><\/td>\n<\/tr>\n<tr>\n<td><span data-path-to-node=\"78,2,0,0\"><b data-path-to-node=\"78,2,0,0\" data-index-in-node=\"0\">Max Puffs<\/b><\/span><\/td>\n<td><span data-path-to-node=\"78,2,1,0\">Do 25 000 zaci\u0105gni\u0119\u0107<\/span><\/td>\n<td><span data-path-to-node=\"78,2,2,0\">Nieograniczone do\u015bwiadczenia<\/span><\/td>\n<\/tr>\n<tr>\n<td><span data-path-to-node=\"78,3,0,0\"><b data-path-to-node=\"78,3,0,0\" data-index-in-node=\"0\">E-Liquid<\/b><\/span><\/td>\n<td><span data-path-to-node=\"78,3,1,0\"><b data-path-to-node=\"78,3,1,0\" data-index-in-node=\"0\">30ML<\/b> Wst\u0119pnie nape\u0142niony p\u0142yn<\/span><\/td>\n<td><span data-path-to-node=\"78,3,2,0\">Najwy\u017csza wydajno\u015b\u0107 w bran\u017cy<\/span><\/td>\n<\/tr>\n<tr>\n<td><span data-path-to-node=\"78,4,0,0\"><b data-path-to-node=\"78,4,0,0\" data-index-in-node=\"0\">Nikotyna<\/b><\/span><\/td>\n<td><span data-path-to-node=\"78,4,1,0\">2% \/ 5% Poziom nikotyny<\/span><\/td>\n<td><span data-path-to-node=\"78,4,2,0\">P\u0142ynne i satysfakcjonuj\u0105ce uderzenie<\/span><\/td>\n<\/tr>\n<tr>\n<td><span data-path-to-node=\"78,5,0,0\"><b data-path-to-node=\"78,5,0,0\" data-index-in-node=\"0\">System cewek<\/b><\/span><\/td>\n<td><span data-path-to-node=\"78,5,1,0\"><b data-path-to-node=\"78,5,1,0\" data-index-in-node=\"0\">Podw\u00f3jna siatka i podw\u00f3jny rdze\u0144<\/b><\/span><\/td>\n<td><span data-path-to-node=\"78,5,2,0\">Czysty smak do samego ko\u0144ca<\/span><\/td>\n<\/tr>\n<tr>\n<td><span data-path-to-node=\"78,6,0,0\"><b data-path-to-node=\"78,6,0,0\" data-index-in-node=\"0\">\u0141adowanie<\/b><\/span><\/td>\n<td><span data-path-to-node=\"78,6,1,0\"><b data-path-to-node=\"78,6,1,0\" data-index-in-node=\"0\">Typ C i o\u015bwietlenie<\/b><\/span><\/td>\n<td><span data-path-to-node=\"78,6,2,0\">Podw\u00f3jny port szybkiego \u0142adowania<\/span><\/td>\n<\/tr>\n<tr>\n<td><span data-path-to-node=\"78,7,0,0\"><b data-path-to-node=\"78,7,0,0\" data-index-in-node=\"0\">Wysy\u0142ka<\/b><\/span><\/td>\n<td><span data-path-to-node=\"78,7,1,0\"><b data-path-to-node=\"78,7,1,0\" data-index-in-node=\"0\">Magazyn europejski<\/b><\/span><\/td>\n<td><span data-path-to-node=\"78,7,2,0\">Szybka dostawa w ci\u0105gu 1-3 dni<\/span><\/td>\n<\/tr>\n<\/tbody>\n<\/table>\n<h3 data-path-to-node=\"54\">Oto dalsze zalecenia dla Ciebie:<\/h3>\n<p dir=\"auto\">Odkryj jeszcze wi\u0119cej niesamowitych smak\u00f3w dzi\u0119ki JNR Mega Box 25000 Puff Vape!<\/p>\n<p dir=\"auto\"><a href=\"https:\/\/vozolvapen.de\/pl\/product-category\/jnr-vape\/jnr-mega-box-25000-puff-vape\/28000-puffs\/\" target=\"_blank\" rel=\"noopener noreferrer nofollow\">Zobacz wszystkie odmiany tutaj \u2192<\/a><\/p>\n<p dir=\"auto\">Zapoznaj si\u0119 z nasz\u0105 pe\u0142n\u0105 kolekcj\u0105 i kupuj produkty najlepszych marek vape, kt\u00f3re pokochasz.<\/p>\n<p dir=\"auto\"><a href=\"https:\/\/vozolvapen.de\/pl\/\" target=\"_blank\" rel=\"noopener noreferrer nofollow\">Przegl\u0105daj teraz wszystkie marki \u2192<\/a><\/p>\n<p dir=\"auto\">Sprawd\u017a ca\u0142\u0105 seri\u0119 JNR Vape - ka\u017cdy smak, ka\u017cdy styl!<\/p>\n<p dir=\"auto\"><a href=\"https:\/\/vozolvapen.de\/pl\/product-category\/jnr-vape\/\" target=\"_blank\" rel=\"noopener noreferrer nofollow\">Zobacz pe\u0142n\u0105 kolekcj\u0119 JNR Vape \u2192<\/a><\/p>\n<h3 data-path-to-node=\"2\"><b data-path-to-node=\"2\" data-index-in-node=\"0\">Cz\u0119sto zadawane pytania (FAQ) - JNR Mega Box 25000<\/b><\/h3>\n<h4 data-path-to-node=\"3\"><b data-path-to-node=\"3\" data-index-in-node=\"0\">1. Jak na\u0142adowa\u0107 JNR Mega Box 25000?<\/b><\/h4>\n<p data-path-to-node=\"4\">The <b data-path-to-node=\"4\" data-index-in-node=\"4\">JNR Mega Box 25k<\/b> posiada unikalny <b data-path-to-node=\"4\" data-index-in-node=\"39\">Dwuportowy system \u0142adowania<\/b>. Mo\u017cna u\u017cy\u0107 standardowego <b data-path-to-node=\"4\" data-index-in-node=\"89\">Typ-C<\/b> kabel lub <b data-path-to-node=\"4\" data-index-in-node=\"108\">Apple Lighting<\/b> kabel. Gwarantuje to, \u017ce niezale\u017cnie od u\u017cywanego smartfona, zawsze mo\u017cesz szybko na\u0142adowa\u0107 swoje urz\u0105dzenie. <b data-path-to-node=\"4\" data-index-in-node=\"224\">Akumulator 850 mAh<\/b>.<\/p>\n<h4 data-path-to-node=\"5\"><b data-path-to-node=\"5\" data-index-in-node=\"0\">2. Na jak d\u0142ugo wystarczy 25 000 zaci\u0105gni\u0119\u0107?<\/b><\/h4>\n<p data-path-to-node=\"6\">Z ogromnym <b data-path-to-node=\"6\" data-index-in-node=\"15\">Pojemno\u015b\u0107 e-liquidu 30 ml<\/b>, w <b data-path-to-node=\"6\" data-index-in-node=\"43\">JNR Mega Box 25000<\/b> jest zbudowany z my\u015bl\u0105 o ekstremalnej trwa\u0142o\u015bci.<\/p>\n<ul data-path-to-node=\"7\">\n<li>\n<p data-path-to-node=\"7,0,0\"><b data-path-to-node=\"7,0,0\" data-index-in-node=\"0\">Heavy Users:<\/b> 3 do 5 tygodni.<\/p>\n<\/li>\n<li>\n<p data-path-to-node=\"7,1,0\"><b data-path-to-node=\"7,1,0\" data-index-in-node=\"0\">Umiarkowani u\u017cytkownicy:<\/b> 6 do 8 tygodni. Zapewnia naprawd\u0119 <b data-path-to-node=\"7,1,0\" data-index-in-node=\"50\">Nieograniczone do\u015bwiadczenie<\/b> w por\u00f3wnaniu do standardowych urz\u0105dze\u0144 5000-puff.<\/p>\n<\/li>\n<\/ul>\n<h4 data-path-to-node=\"8\"><b data-path-to-node=\"8\" data-index-in-node=\"0\">3. Czym jest technologia \u201cDual Core &amp; Dual Mesh\u201d?<\/b><\/h4>\n<p data-path-to-node=\"9\">W przeciwie\u0144stwie do standardowych waporyzator\u00f3w, kt\u00f3re wykorzystuj\u0105 pojedyncz\u0105 cewk\u0119 <b data-path-to-node=\"9\" data-index-in-node=\"50\">JNR Mega Box<\/b> wykorzystuje <b data-path-to-node=\"9\" data-index-in-node=\"74\">Dwurdzeniowy<\/b> system z <b data-path-to-node=\"9\" data-index-in-node=\"96\">Cewki z podw\u00f3jn\u0105 siatk\u0105<\/b>. Technologia ta polega na naprzemiennym ogrzewaniu dw\u00f3ch zwoj\u00f3w, co zapobiega przypalaniu bawe\u0142ny i zapewnia, \u017ce <b data-path-to-node=\"9\" data-index-in-node=\"236\">\u201cCzysty smak\u201d<\/b> utrzymuje si\u0119 na sta\u0142ym poziomie od pierwszego zaci\u0105gni\u0119cia do 25 000.<\/p>\n<h4 data-path-to-node=\"10\"><b data-path-to-node=\"10\" data-index-in-node=\"0\">4. Czy JNR Mega Box 25000 jest autentyczny?<\/b><\/h4>\n<p data-path-to-node=\"11\">Tak. Dostarczamy tylko <b data-path-to-node=\"11\" data-index-in-node=\"20\">100% oryginalny JNR Vape<\/b> pochodz\u0105 bezpo\u015brednio od producenta. Ka\u017cde 10-pak i pojedyncze urz\u0105dzenie jest dostarczane z zabezpieczaj\u0105cym kodem zdrapki, kt\u00f3ry mo\u017cna zweryfikowa\u0107 na oficjalnej stronie internetowej JNR, aby zagwarantowa\u0107 autentyczno\u015b\u0107.<\/p>\n<h4 data-path-to-node=\"12\"><b data-path-to-node=\"12\" data-index-in-node=\"0\">5. Jak szybka jest wysy\u0142ka do mojego kraju w Europie?<\/b><\/h4>\n<p data-path-to-node=\"13\">Wszystkie zam\u00f3wienia wysy\u0142amy bezpo\u015brednio z naszego <b data-path-to-node=\"13\" data-index-in-node=\"37\">Magazyn europejski<\/b>.<\/p>\n<ul data-path-to-node=\"14\">\n<li>\n<p data-path-to-node=\"14,0,0\"><b data-path-to-node=\"14,0,0\" data-index-in-node=\"0\">Niemcy i Holandia:<\/b> 1-2 dni robocze.<\/p>\n<\/li>\n<li>\n<p data-path-to-node=\"14,1,0\"><b data-path-to-node=\"14,1,0\" data-index-in-node=\"0\">Francja, W\u0142ochy, Hiszpania i reszta UE:<\/b> 2-3 dni robocze.<\/p>\n<\/li>\n<li>\n<p data-path-to-node=\"14,2,0\"><b data-path-to-node=\"14,2,0\" data-index-in-node=\"0\">C\u0142a:<\/b> Poniewa\u017c wysy\u0142amy w obr\u0119bie UE, istniej\u0105 <b data-path-to-node=\"14,2,0\" data-index-in-node=\"48\">brak op\u0142at celnych<\/b> lub podatki importowe dla mieszka\u0144c\u00f3w UE.<\/p>\n<\/li>\n<\/ul>\n<h4 data-path-to-node=\"15\"><b data-path-to-node=\"15\" data-index-in-node=\"0\">6. Czy JNR Mega Box 25k ma regulowany przep\u0142yw powietrza?<\/b><\/h4>\n<p data-path-to-node=\"16\">The <b data-path-to-node=\"16\" data-index-in-node=\"4\">JNR Mega Box 25000<\/b> jest precyzyjnie dostrojony do wysokiej wydajno\u015bci <b data-path-to-node=\"16\" data-index-in-node=\"60\">Restricted Direct-Lung (RDL)<\/b> do\u015bwiadczenie. Przep\u0142yw powietrza zosta\u0142 zaprojektowany tak, aby zmaksymalizowa\u0107 intensywno\u015b\u0107 smaku. <b data-path-to-node=\"16\" data-index-in-node=\"165\">Zbiornik 30 ml<\/b>, zapewniaj\u0105c g\u0119ste, satysfakcjonuj\u0105ce chmury przy ka\u017cdym zaci\u0105gni\u0119ciu.<\/p>\n<h4 data-path-to-node=\"17\"><b data-path-to-node=\"17\" data-index-in-node=\"0\">7. Jakie st\u0119\u017cenia nikotyny s\u0105 dost\u0119pne?<\/b><\/h4>\n<p data-path-to-node=\"18\">The <b data-path-to-node=\"18\" data-index-in-node=\"4\">JNR 25k<\/b> Seria jest dost\u0119pna zar\u00f3wno w wersji <b data-path-to-node=\"18\" data-index-in-node=\"40\">2% (20 mg)<\/b> oraz <b data-path-to-node=\"18\" data-index-in-node=\"54\">5% (50 mg)<\/b> Poziomy soli nikotyny pozwalaj\u0105 wybra\u0107 uderzenie w gard\u0142o, kt\u00f3re najlepiej odpowiada Twoim preferencjom.<\/p>\n<h4 data-path-to-node=\"19\"><b data-path-to-node=\"19\" data-index-in-node=\"0\">8. Dlaczego warto wybra\u0107 JNR Mega Box zamiast JNR Falcon 16000?<\/b><\/h4>\n<p data-path-to-node=\"20\">Cho\u0107 oba s\u0105 doskona\u0142e, to <b data-path-to-node=\"20\" data-index-in-node=\"30\">Mega Box 25000<\/b> jest kr\u00f3lem \u201cwysokiej wydajno\u015bci\u201d. Oferuje <b data-path-to-node=\"20\" data-index-in-node=\"84\">prawie dwukrotnie wi\u0119cej e-cieczy (30ML vs 22ML)<\/b> oraz <b data-path-to-node=\"20\" data-index-in-node=\"130\">9,000 wi\u0119cej zaci\u0105gni\u0119\u0107<\/b> ni\u017c Falcon 16000, co czyni go najlepsz\u0105 warto\u015bci\u0105 dla d\u0142ugoterminowych vaper\u00f3w.<\/p>\n<hr data-path-to-node=\"21\" \/>\n<h3 data-path-to-node=\"22\"><b data-path-to-node=\"22\" data-index-in-node=\"0\">Informacje hurtowe dla JNR Mega Box 25k<\/b><\/h3>\n<ul data-path-to-node=\"23\">\n<li>\n<p data-path-to-node=\"23,0,0\"><b data-path-to-node=\"23,0,0\" data-index-in-node=\"0\">Pakowanie:<\/b> Sprzedawane w pude\u0142kach po <b data-path-to-node=\"23,0,0\" data-index-in-node=\"26\">10 vapes<\/b>.<\/p>\n<\/li>\n<li>\n<p data-path-to-node=\"23,1,0\"><b data-path-to-node=\"23,1,0\" data-index-in-node=\"0\">Waga:<\/b> 157 g na jednostk\u0119 (solidna, wysokiej jako\u015bci konstrukcja).<\/p>\n<\/li>\n<li>\n<p data-path-to-node=\"23,2,0\"><b data-path-to-node=\"23,2,0\" data-index-in-node=\"0\">Zapytania zbiorcze:<\/b> W przypadku zam\u00f3wie\u0144 powy\u017cej 500 sztuk prosimy o kontakt z naszym dzia\u0142em sprzeda\u017cy hurtowej w celu uzyskania cen warstwowych.<\/p>\n<\/li>\n<\/ul>","protected":false},"excerpt":{"rendered":"<p>Soda gazowana z wi\u015bniow\u0105 nut\u0105. 25 000 zaci\u0105gni\u0119\u0107 czystego smaku i \u0142adowanie przez dwa porty.<\/p>","protected":false},"featured_media":43631,"comment_status":"open","ping_status":"closed","template":"","meta":{"_acf_changed":false},"product_brand":[],"product_cat":[94],"product_tag":[],"class_list":{"0":"post-42804","1":"product","2":"type-product","3":"status-publish","4":"has-post-thumbnail","6":"product_cat-jnr-mega-box-25000-puff-vape","8":"first","9":"instock","10":"shipping-taxable","11":"purchasable","12":"product-type-variable"},"acf":[],"yoast_head":"<!-- This site is optimized with the Yoast SEO Premium plugin v26.1 (Yoast SEO v27.5) - https:\/\/yoast.com\/product\/yoast-seo-premium-wordpress\/ -->\n<title>Fizzy Cherry Cola - JNR Mega Box 25k - vozolvapen<\/title>\n<meta name=\"description\" content=\"25k puffs of Fizzy Cherry Cola. 30ML tank &amp; dual core. Fast 1-3 day EU delivery.\" \/>\n<meta name=\"robots\" content=\"index, follow, max-snippet:-1, max-image-preview:large, max-video-preview:-1\" \/>\n<link rel=\"canonical\" href=\"https:\/\/vozolvapen.de\/pl\/product\/jnr-mega-box-25000-fizzy-cherry-cola\/\" \/>\n<meta property=\"og:locale\" content=\"pl_PL\" \/>\n<meta property=\"og:type\" content=\"article\" \/>\n<meta property=\"og:title\" content=\"JNR Mega Box 25000 - FIZZY CHERRY COLA\" \/>\n<meta property=\"og:description\" content=\"25k puffs of Fizzy Cherry Cola. 30ML tank &amp; dual core. Fast 1-3 day EU delivery.\" \/>\n<meta property=\"og:url\" content=\"https:\/\/vozolvapen.de\/pl\/product\/jnr-mega-box-25000-fizzy-cherry-cola\/\" \/>\n<meta property=\"og:site_name\" content=\"vozolvapen\" \/>\n<meta property=\"article:modified_time\" content=\"2025-12-23T08:18:52+00:00\" \/>\n<meta property=\"og:image\" content=\"https:\/\/vozolvapen.de\/wp-content\/uploads\/2025\/12\/JNR-Mega-box-25000-FIZZY-CHERRY-COLA-1.webp\" \/>\n\t<meta property=\"og:image:width\" content=\"800\" \/>\n\t<meta property=\"og:image:height\" content=\"800\" \/>\n\t<meta property=\"og:image:type\" content=\"image\/webp\" \/>\n<meta name=\"twitter:card\" content=\"summary_large_image\" \/>\n<meta name=\"twitter:label1\" content=\"Szacowany czas czytania\" \/>\n\t<meta name=\"twitter:data1\" content=\"4 minuty\" \/>\n<script type=\"application\/ld+json\" class=\"yoast-schema-graph\">{\"@context\":\"https:\\\/\\\/schema.org\",\"@graph\":[{\"@type\":\"WebPage\",\"@id\":\"https:\\\/\\\/vozolvapen.de\\\/product\\\/jnr-mega-box-25000-fizzy-cherry-cola\\\/\",\"url\":\"https:\\\/\\\/vozolvapen.de\\\/product\\\/jnr-mega-box-25000-fizzy-cherry-cola\\\/\",\"name\":\"Fizzy Cherry Cola - JNR Mega Box 25k - vozolvapen\",\"isPartOf\":{\"@id\":\"https:\\\/\\\/vozolvapen.de\\\/#website\"},\"primaryImageOfPage\":{\"@id\":\"https:\\\/\\\/vozolvapen.de\\\/product\\\/jnr-mega-box-25000-fizzy-cherry-cola\\\/#primaryimage\"},\"image\":{\"@id\":\"https:\\\/\\\/vozolvapen.de\\\/product\\\/jnr-mega-box-25000-fizzy-cherry-cola\\\/#primaryimage\"},\"thumbnailUrl\":\"https:\\\/\\\/vozolvapen.de\\\/wp-content\\\/uploads\\\/2025\\\/12\\\/JNR-Mega-box-25000-FIZZY-CHERRY-COLA-1.webp\",\"datePublished\":\"2025-12-23T06:41:44+00:00\",\"dateModified\":\"2025-12-23T08:18:52+00:00\",\"description\":\"25k puffs of Fizzy Cherry Cola. 30ML tank & dual core. Fast 1-3 day EU delivery.\",\"breadcrumb\":{\"@id\":\"https:\\\/\\\/vozolvapen.de\\\/product\\\/jnr-mega-box-25000-fizzy-cherry-cola\\\/#breadcrumb\"},\"inLanguage\":\"pl-PL\",\"potentialAction\":[{\"@type\":\"ReadAction\",\"target\":[\"https:\\\/\\\/vozolvapen.de\\\/product\\\/jnr-mega-box-25000-fizzy-cherry-cola\\\/\"]}]},{\"@type\":\"ImageObject\",\"inLanguage\":\"pl-PL\",\"@id\":\"https:\\\/\\\/vozolvapen.de\\\/product\\\/jnr-mega-box-25000-fizzy-cherry-cola\\\/#primaryimage\",\"url\":\"https:\\\/\\\/vozolvapen.de\\\/wp-content\\\/uploads\\\/2025\\\/12\\\/JNR-Mega-box-25000-FIZZY-CHERRY-COLA-1.webp\",\"contentUrl\":\"https:\\\/\\\/vozolvapen.de\\\/wp-content\\\/uploads\\\/2025\\\/12\\\/JNR-Mega-box-25000-FIZZY-CHERRY-COLA-1.webp\",\"width\":800,\"height\":800,\"caption\":\"JNR Mega box 25000 - FIZZY-CHERRY-COLA\"},{\"@type\":\"BreadcrumbList\",\"@id\":\"https:\\\/\\\/vozolvapen.de\\\/product\\\/jnr-mega-box-25000-fizzy-cherry-cola\\\/#breadcrumb\",\"itemListElement\":[{\"@type\":\"ListItem\",\"position\":1,\"name\":\"Home\",\"item\":\"https:\\\/\\\/vozolvapen.de\\\/de\\\/\"},{\"@type\":\"ListItem\",\"position\":2,\"name\":\"Shop\",\"item\":\"https:\\\/\\\/vozolvapen.de\\\/shop\\\/\"},{\"@type\":\"ListItem\",\"position\":3,\"name\":\"JNR Mega Box 25000 &#8211; FIZZY CHERRY COLA\"}]},{\"@type\":\"WebSite\",\"@id\":\"https:\\\/\\\/vozolvapen.de\\\/#website\",\"url\":\"https:\\\/\\\/vozolvapen.de\\\/\",\"name\":\"vozolvapen\",\"description\":\"vozolvapen\",\"publisher\":{\"@id\":\"https:\\\/\\\/vozolvapen.de\\\/#organization\"},\"potentialAction\":[{\"@type\":\"SearchAction\",\"target\":{\"@type\":\"EntryPoint\",\"urlTemplate\":\"https:\\\/\\\/vozolvapen.de\\\/?s={search_term_string}\"},\"query-input\":{\"@type\":\"PropertyValueSpecification\",\"valueRequired\":true,\"valueName\":\"search_term_string\"}}],\"inLanguage\":\"pl-PL\"},{\"@type\":\"Organization\",\"@id\":\"https:\\\/\\\/vozolvapen.de\\\/#organization\",\"name\":\"vozolvapen\",\"url\":\"https:\\\/\\\/vozolvapen.de\\\/\",\"logo\":{\"@type\":\"ImageObject\",\"inLanguage\":\"pl-PL\",\"@id\":\"https:\\\/\\\/vozolvapen.de\\\/#\\\/schema\\\/logo\\\/image\\\/\",\"url\":\"https:\\\/\\\/vozolvapen.de\\\/wp-content\\\/uploads\\\/2025\\\/12\\\/cropped-vozovapen-logo.webp\",\"contentUrl\":\"https:\\\/\\\/vozolvapen.de\\\/wp-content\\\/uploads\\\/2025\\\/12\\\/cropped-vozovapen-logo.webp\",\"width\":470,\"height\":110,\"caption\":\"vozolvapen\"},\"image\":{\"@id\":\"https:\\\/\\\/vozolvapen.de\\\/#\\\/schema\\\/logo\\\/image\\\/\"}}]}<\/script>\n<!-- \/ Yoast SEO Premium plugin. -->","yoast_head_json":{"title":"Fizzy Cherry Cola - JNR Mega Box 25k - vozolvapen","description":"25 tysi\u0119cy zaci\u0105gni\u0119\u0107 Fizzy Cherry Cola. Zbiornik 30 ml i podw\u00f3jny rdze\u0144. Szybka dostawa na terenie UE w ci\u0105gu 1-3 dni.","robots":{"index":"index","follow":"follow","max-snippet":"max-snippet:-1","max-image-preview":"max-image-preview:large","max-video-preview":"max-video-preview:-1"},"canonical":"https:\/\/vozolvapen.de\/pl\/product\/jnr-mega-box-25000-fizzy-cherry-cola\/","og_locale":"pl_PL","og_type":"article","og_title":"JNR Mega Box 25000 - FIZZY CHERRY COLA","og_description":"25k puffs of Fizzy Cherry Cola. 30ML tank & dual core. Fast 1-3 day EU delivery.","og_url":"https:\/\/vozolvapen.de\/pl\/product\/jnr-mega-box-25000-fizzy-cherry-cola\/","og_site_name":"vozolvapen","article_modified_time":"2025-12-23T08:18:52+00:00","og_image":[{"width":800,"height":800,"url":"https:\/\/vozolvapen.de\/wp-content\/uploads\/2025\/12\/JNR-Mega-box-25000-FIZZY-CHERRY-COLA-1.webp","type":"image\/webp"}],"twitter_card":"summary_large_image","twitter_misc":{"Szacowany czas czytania":"4 minuty"},"schema":{"@context":"https:\/\/schema.org","@graph":[{"@type":"WebPage","@id":"https:\/\/vozolvapen.de\/product\/jnr-mega-box-25000-fizzy-cherry-cola\/","url":"https:\/\/vozolvapen.de\/product\/jnr-mega-box-25000-fizzy-cherry-cola\/","name":"Fizzy Cherry Cola - JNR Mega Box 25k - vozolvapen","isPartOf":{"@id":"https:\/\/vozolvapen.de\/#website"},"primaryImageOfPage":{"@id":"https:\/\/vozolvapen.de\/product\/jnr-mega-box-25000-fizzy-cherry-cola\/#primaryimage"},"image":{"@id":"https:\/\/vozolvapen.de\/product\/jnr-mega-box-25000-fizzy-cherry-cola\/#primaryimage"},"thumbnailUrl":"https:\/\/vozolvapen.de\/wp-content\/uploads\/2025\/12\/JNR-Mega-box-25000-FIZZY-CHERRY-COLA-1.webp","datePublished":"2025-12-23T06:41:44+00:00","dateModified":"2025-12-23T08:18:52+00:00","description":"25 tysi\u0119cy zaci\u0105gni\u0119\u0107 Fizzy Cherry Cola. Zbiornik 30 ml i podw\u00f3jny rdze\u0144. Szybka dostawa na terenie UE w ci\u0105gu 1-3 dni.","breadcrumb":{"@id":"https:\/\/vozolvapen.de\/product\/jnr-mega-box-25000-fizzy-cherry-cola\/#breadcrumb"},"inLanguage":"pl-PL","potentialAction":[{"@type":"ReadAction","target":["https:\/\/vozolvapen.de\/product\/jnr-mega-box-25000-fizzy-cherry-cola\/"]}]},{"@type":"ImageObject","inLanguage":"pl-PL","@id":"https:\/\/vozolvapen.de\/product\/jnr-mega-box-25000-fizzy-cherry-cola\/#primaryimage","url":"https:\/\/vozolvapen.de\/wp-content\/uploads\/2025\/12\/JNR-Mega-box-25000-FIZZY-CHERRY-COLA-1.webp","contentUrl":"https:\/\/vozolvapen.de\/wp-content\/uploads\/2025\/12\/JNR-Mega-box-25000-FIZZY-CHERRY-COLA-1.webp","width":800,"height":800,"caption":"JNR Mega box 25000 - FIZZY-CHERRY-COLA"},{"@type":"BreadcrumbList","@id":"https:\/\/vozolvapen.de\/product\/jnr-mega-box-25000-fizzy-cherry-cola\/#breadcrumb","itemListElement":[{"@type":"ListItem","position":1,"name":"Home","item":"https:\/\/vozolvapen.de\/de\/"},{"@type":"ListItem","position":2,"name":"Shop","item":"https:\/\/vozolvapen.de\/shop\/"},{"@type":"ListItem","position":3,"name":"JNR Mega Box 25000 &#8211; FIZZY CHERRY COLA"}]},{"@type":"WebSite","@id":"https:\/\/vozolvapen.de\/#website","url":"https:\/\/vozolvapen.de\/","name":"vozolvapen","description":"vozolvapen","publisher":{"@id":"https:\/\/vozolvapen.de\/#organization"},"potentialAction":[{"@type":"SearchAction","target":{"@type":"EntryPoint","urlTemplate":"https:\/\/vozolvapen.de\/?s={search_term_string}"},"query-input":{"@type":"PropertyValueSpecification","valueRequired":true,"valueName":"search_term_string"}}],"inLanguage":"pl-PL"},{"@type":"Organization","@id":"https:\/\/vozolvapen.de\/#organization","name":"vozolvapen","url":"https:\/\/vozolvapen.de\/","logo":{"@type":"ImageObject","inLanguage":"pl-PL","@id":"https:\/\/vozolvapen.de\/#\/schema\/logo\/image\/","url":"https:\/\/vozolvapen.de\/wp-content\/uploads\/2025\/12\/cropped-vozovapen-logo.webp","contentUrl":"https:\/\/vozolvapen.de\/wp-content\/uploads\/2025\/12\/cropped-vozovapen-logo.webp","width":470,"height":110,"caption":"vozolvapen"},"image":{"@id":"https:\/\/vozolvapen.de\/#\/schema\/logo\/image\/"}}]}},"tiered_pricing_type":"fixed","tiered_pricing_fixed_rules":{"30":"12.6","50":"10.1","100":"9.6","200":"8.6"},"tiered_pricing_product_settings":{"layout":"default","base_unit_name":{"singular":null,"plural":null},"default_variation":null},"tiered_pricing_minimum_quantity":10,"tiered_pricing_roles_data":[],"tiered_pricing_percentage_rules":[],"tiered_pricing_maximum_quantity":null,"tiered_pricing_quantity_step":"10","_links":{"self":[{"href":"http:\/\/vozolvapen.de\/pl\/wp-json\/wp\/v2\/product\/42804","targetHints":{"allow":["GET"]}}],"collection":[{"href":"http:\/\/vozolvapen.de\/pl\/wp-json\/wp\/v2\/product"}],"about":[{"href":"http:\/\/vozolvapen.de\/pl\/wp-json\/wp\/v2\/types\/product"}],"replies":[{"embeddable":true,"href":"http:\/\/vozolvapen.de\/pl\/wp-json\/wp\/v2\/comments?post=42804"}],"wp:featuredmedia":[{"embeddable":true,"href":"http:\/\/vozolvapen.de\/pl\/wp-json\/wp\/v2\/media\/43631"}],"wp:attachment":[{"href":"http:\/\/vozolvapen.de\/pl\/wp-json\/wp\/v2\/media?parent=42804"}],"wp:term":[{"taxonomy":"product_brand","embeddable":true,"href":"http:\/\/vozolvapen.de\/pl\/wp-json\/wp\/v2\/product_brand?post=42804"},{"taxonomy":"product_cat","embeddable":true,"href":"http:\/\/vozolvapen.de\/pl\/wp-json\/wp\/v2\/product_cat?post=42804"},{"taxonomy":"product_tag","embeddable":true,"href":"http:\/\/vozolvapen.de\/pl\/wp-json\/wp\/v2\/product_tag?post=42804"}],"curies":[{"name":"wp","href":"https:\/\/api.w.org\/{rel}","templated":true}]}}