{"id":43854,"date":"2025-12-23T09:31:57","date_gmt":"2025-12-23T09:31:57","guid":{"rendered":"https:\/\/vozolvapen.de\/?post_type=product&#038;p=43854"},"modified":"2025-12-29T03:06:18","modified_gmt":"2025-12-29T03:06:18","slug":"puff-100k-bang-king-triple-100000-strawberry-kiwi-sour-mango-pineapple-red-bull","status":"publish","type":"product","link":"http:\/\/vozolvapen.de\/pl\/product\/puff-100k-bang-king-triple-100000-strawberry-kiwi-sour-mango-pineapple-red-bull\/","title":{"rendered":"Puff 100k Bang King Triple 100000 - Truskawka Kiwi + Kwa\u015bne Mango Ananas + Red Bull"},"content":{"rendered":"<h1 data-path-to-node=\"17\"><b data-path-to-node=\"17\" data-index-in-node=\"0\">Bang King Triple 100,000 Puffs - Strawberry Kiwi, Sour Mango Pineapple, Red Bull<\/b><\/h1>\n<p data-path-to-node=\"18\"><b data-path-to-node=\"18\" data-index-in-node=\"0\">Egzotyczny podmuch energii<\/b> Pobud\u017a swoje zmys\u0142y do granic mo\u017cliwo\u015bci dzi\u0119ki temu egzotycznemu trio. Zawiera tropikaln\u0105 s\u0142odycz <b data-path-to-node=\"18\" data-index-in-node=\"115\">Truskawka Kiwi<\/b>, intensywn\u0105, cierpk\u0105 cierpko\u015b\u0107 <b data-path-to-node=\"18\" data-index-in-node=\"167\">Kwa\u015bny ananas z mango<\/b>, i ko\u0144cz\u0105ce kopni\u0119cie <b data-path-to-node=\"18\" data-index-in-node=\"213\">Red Bull<\/b>.<\/p>\n<h2 data-path-to-node=\"19\"><b data-path-to-node=\"19\" data-index-in-node=\"0\">Egzotyczne po\u0142\u0105czenie energii: G\u0142\u0119bia smaku<\/b><\/h2>\n<ul data-path-to-node=\"20\">\n<li>\n<p data-path-to-node=\"20,0,0\"><b data-path-to-node=\"20,0,0\" data-index-in-node=\"0\">Strawberry Kiwi (str\u0105k 1):<\/b> Ulubiona przez fan\u00f3w r\u00f3wnowaga s\u0142odkich i pikantnych owoc\u00f3w tropikalnych.<\/p>\n<\/li>\n<li>\n<p data-path-to-node=\"20,1,0\"><b data-path-to-node=\"20,1,0\" data-index-in-node=\"0\">Sour Mango Pineapple (kapsu\u0142ka 2):<\/b> Odwa\u017cny, kwa\u015bny tropikalny cios, kt\u00f3ry podkre\u015bla ostre nuty niedojrza\u0142ego mango i z\u0142otego ananasa.<\/p>\n<\/li>\n<li>\n<p data-path-to-node=\"20,2,0\"><b data-path-to-node=\"20,2,0\" data-index-in-node=\"0\">Red Bull (Pod 3):<\/b> Zapewnia musuj\u0105ce wyko\u0144czenie napoju energetycznego, kt\u00f3re utrzymuje si\u0119 na wydechu.<\/p>\n<\/li>\n<\/ul>\n<h3 data-path-to-node=\"52\"><b data-path-to-node=\"52\" data-index-in-node=\"0\">Podstawowe parametry (modele Bang King Triple 100,000)<\/b><\/h3>\n<table data-path-to-node=\"53\">\n<thead>\n<tr>\n<td><strong>Parametry smaku<\/strong><\/td>\n<td><strong>Szczeg\u00f3\u0142y<\/strong><\/td>\n<\/tr>\n<\/thead>\n<tbody>\n<tr>\n<td><span data-path-to-node=\"53,1,0,0\"><b data-path-to-node=\"53,1,0,0\" data-index-in-node=\"0\">Typ urz\u0105dzenia<\/b><\/span><\/td>\n<td><span data-path-to-node=\"53,1,1,0\">Prze\u0142\u0105czanie smak\u00f3w 3 w 1 (3 niezale\u017cne zbiorniki)<\/span><\/td>\n<\/tr>\n<tr>\n<td><span data-path-to-node=\"53,2,0,0\"><b data-path-to-node=\"53,2,0,0\" data-index-in-node=\"0\">Puff Count<\/b><\/span><\/td>\n<td><span data-path-to-node=\"53,2,1,0\">Do 100 000 zaci\u0105gni\u0119\u0107 (<b data-path-to-node=\"53,2,1,0\" data-index-in-node=\"21\">Puff 100k<\/b>)<\/span><\/td>\n<\/tr>\n<tr>\n<td><span data-path-to-node=\"53,3,0,0\"><b data-path-to-node=\"53,3,0,0\" data-index-in-node=\"0\">Pojemno\u015b\u0107 E-Liquid<\/b><\/span><\/td>\n<td><span data-path-to-node=\"53,3,1,0\"><b data-path-to-node=\"53,3,1,0\" data-index-in-node=\"0\">54 ml<\/b> \u0141\u0105cznie (3 zbiorniki 18 ml)<\/span><\/td>\n<\/tr>\n<tr>\n<td><span data-path-to-node=\"53,4,0,0\"><b data-path-to-node=\"53,4,0,0\" data-index-in-node=\"0\">Mocne strony nikotyny<\/b><\/span><\/td>\n<td><span data-path-to-node=\"53,4,1,0\">0% \/ 2% \/ 3% \/ 5% Poziom nikotyny<\/span><\/td>\n<\/tr>\n<tr>\n<td><span data-path-to-node=\"53,5,0,0\"><b data-path-to-node=\"53,5,0,0\" data-index-in-node=\"0\">System cewek<\/b><\/span><\/td>\n<td><span data-path-to-node=\"53,5,1,0\">Potr\u00f3jne cewki siatkowe 1,0\u03a9 dla czystego smaku<\/span><\/td>\n<\/tr>\n<tr>\n<td><span data-path-to-node=\"53,6,0,0\"><b data-path-to-node=\"53,6,0,0\" data-index-in-node=\"0\">Bateria<\/b><\/span><\/td>\n<td><span data-path-to-node=\"53,6,1,0\">650 mAh (akumulator typu C)<\/span><\/td>\n<\/tr>\n<tr>\n<td><span data-path-to-node=\"53,7,0,0\"><b data-path-to-node=\"53,7,0,0\" data-index-in-node=\"0\">Wysy\u0142ka<\/b><\/span><\/td>\n<td><span data-path-to-node=\"53,7,1,0\">Magazyn europejski (<b data-path-to-node=\"53,7,1,0\" data-index-in-node=\"20\">Dostawa w ci\u0105gu 1-3 dni<\/b>)<\/span><\/td>\n<\/tr>\n<\/tbody>\n<\/table>\n<h2><strong>Puff 100k Bang King Triple 100000 <\/strong><strong>Wideo\uff1a<\/strong><\/h2>\n<p><iframe width=\"560\" height=\"315\" src=\"https:\/\/www.youtube.com\/embed\/3FVtsWAe25Q?si=vTUB3TMPbJSjOee9\" title=\"Odtwarzacz wideo YouTube\" frameborder=\"0\" allow=\"accelerometer; autoplay; clipboard-write; encrypted-media; gyroscope; picture-in-picture; web-share\" referrerpolicy=\"strict-origin-when-cross-origin\" allowfullscreen><\/iframe><\/p>\n<h3>Dla kogo przeznaczony jest ten smak?<\/h3>\n<ul>\n<li>\n<p data-path-to-node=\"10,0,0\"><b data-path-to-node=\"10,0,0\" data-index-in-node=\"0\">The Tangy Adventurer:<\/b> Zaprojektowany specjalnie dla tych, kt\u00f3rzy pragn\u0105 \u201ckwa\u015bnych\u201d profili. Sour Mango Pineapple zapewnia uczucie obci\u0105gania ust, kt\u00f3rego brakuje wi\u0119kszo\u015bci innych waporyzator\u00f3w.<\/p>\n<\/li>\n<li>\n<p data-path-to-node=\"10,1,0\"><b data-path-to-node=\"10,1,0\" data-index-in-node=\"0\">Tropikalny marzyciel:<\/b> Idealny dla fan\u00f3w agresywnych, jasnych i pe\u0142nych s\u0142o\u0144ca smak\u00f3w.<\/p>\n<\/li>\n<\/ul>\n<h3 dir=\"auto\">Oto dalsze zalecenia dla Ciebie:<\/h3>\n<p dir=\"auto\">Odkryj jeszcze wi\u0119cej niesamowitych smak\u00f3w dzi\u0119ki Puff 100k Bang King Triple 100000 Vape!<\/p>\n<p dir=\"auto\"><a href=\"https:\/\/vozolvapen.de\/pl\/product-category\/bang-vape\/puff-80k-bang-leader-80000-puffs-vape\/\" target=\"_blank\" rel=\"noopener noreferrer nofollow\">Zobacz wszystkie odmiany tutaj \u2192<\/a><\/p>\n<p dir=\"auto\">Zapoznaj si\u0119 z nasz\u0105 pe\u0142n\u0105 kolekcj\u0105 i kupuj produkty najlepszych marek vape, kt\u00f3re pokochasz.<\/p>\n<p dir=\"auto\"><a href=\"https:\/\/vozolvapen.de\/pl\/\" target=\"_blank\" rel=\"noopener noreferrer nofollow\">Przegl\u0105daj teraz wszystkie marki \u2192<\/a><\/p>\n<p dir=\"auto\">Sprawd\u017a ca\u0142\u0105 seri\u0119 Bang Vape - ka\u017cdy smak, ka\u017cdy styl!<\/p>\n<p dir=\"auto\"><a href=\"https:\/\/vozolvapen.de\/pl\/product-category\/bang-vape\/\" target=\"_blank\" rel=\"noopener noreferrer nofollow\">Zobacz pe\u0142n\u0105 kolekcj\u0119 Bang Vape \u2192<\/a><\/p>","protected":false},"excerpt":{"rendered":"<p><b data-path-to-node=\"9\" data-index-in-node=\"0\">Tropikalny kwa\u015bny poncz.<\/b> Dla tych, kt\u00f3rzy uwa\u017caj\u0105 standardowe waporyzatory za zbyt s\u0142odkie, ten <b data-path-to-node=\"9\" data-index-in-node=\"75\">Bang 100k<\/b> to rewelacja. Na pierwszy plan wysuwa si\u0119 kwa\u015bny ananas z mango, zr\u00f3wnowa\u017cony g\u0142adk\u0105 truskawk\u0105 kiwi i o\u017cywczym wydechem Red Bulla. Do\u015bwiadcz agresywnego tropikalnego profilu zasilanego przez potr\u00f3jne cewki siatkowe 1,0\u03a9 dla maksymalnej intensywno\u015bci.<\/p>","protected":false},"featured_media":44172,"comment_status":"open","ping_status":"closed","template":"","meta":{"_acf_changed":false},"product_brand":[],"product_cat":[95],"product_tag":[],"class_list":{"0":"post-43854","1":"product","2":"type-product","3":"status-publish","4":"has-post-thumbnail","6":"product_cat-puff-100k-bang-king-triple-100000","8":"first","9":"instock","10":"shipping-taxable","11":"purchasable","12":"product-type-variable"},"acf":[],"yoast_head":"<!-- This site is optimized with the Yoast SEO Premium plugin v26.1 (Yoast SEO v27.5) - https:\/\/yoast.com\/product\/yoast-seo-premium-wordpress\/ -->\n<title>Bang 100k Triple Tank | Sour Mango Pineapple &amp; Red Bull 100,000 Puff - vozolvapen<\/title>\n<meta name=\"description\" content=\"The best sour vape! Bang King 100,000 puffs features Sour Mango &amp; Energy flavors. Triple 1.0\u03a9 mesh coils, 0-5% nicotine salt. Order today for fast shipping in EU.\" \/>\n<meta name=\"robots\" content=\"index, follow, max-snippet:-1, max-image-preview:large, max-video-preview:-1\" \/>\n<link rel=\"canonical\" href=\"https:\/\/vozolvapen.de\/pl\/product\/puff-100k-bang-king-triple-100000-strawberry-kiwi-sour-mango-pineapple-red-bull\/\" \/>\n<meta property=\"og:locale\" content=\"pl_PL\" \/>\n<meta property=\"og:type\" content=\"article\" \/>\n<meta property=\"og:title\" content=\"Puff 100k Bang King Triple 100000 - Strawberry Kiwi + Sour Mango Pineapple + Red Bull\" \/>\n<meta property=\"og:description\" content=\"The best sour vape! Bang King 100,000 puffs features Sour Mango &amp; Energy flavors. Triple 1.0\u03a9 mesh coils, 0-5% nicotine salt. Order today for fast shipping in EU.\" \/>\n<meta property=\"og:url\" content=\"https:\/\/vozolvapen.de\/pl\/product\/puff-100k-bang-king-triple-100000-strawberry-kiwi-sour-mango-pineapple-red-bull\/\" \/>\n<meta property=\"og:site_name\" content=\"vozolvapen\" \/>\n<meta property=\"article:modified_time\" content=\"2025-12-29T03:06:18+00:00\" \/>\n<meta property=\"og:image\" content=\"https:\/\/vozolvapen.de\/wp-content\/uploads\/2025\/12\/Puff-100k-Bang-King-Triple-100000-strawberry-kiwi-sour-mango-pineapple-red-bull.jpg.webp\" \/>\n\t<meta property=\"og:image:width\" content=\"1200\" \/>\n\t<meta property=\"og:image:height\" content=\"1200\" \/>\n\t<meta property=\"og:image:type\" content=\"image\/webp\" \/>\n<meta name=\"twitter:card\" content=\"summary_large_image\" \/>\n<meta name=\"twitter:label1\" content=\"Szacowany czas czytania\" \/>\n\t<meta name=\"twitter:data1\" content=\"2 minuty\" \/>\n<script type=\"application\/ld+json\" class=\"yoast-schema-graph\">{\"@context\":\"https:\\\/\\\/schema.org\",\"@graph\":[{\"@type\":\"WebPage\",\"@id\":\"https:\\\/\\\/vozolvapen.de\\\/product\\\/puff-100k-bang-king-triple-100000-strawberry-kiwi-sour-mango-pineapple-red-bull\\\/\",\"url\":\"https:\\\/\\\/vozolvapen.de\\\/product\\\/puff-100k-bang-king-triple-100000-strawberry-kiwi-sour-mango-pineapple-red-bull\\\/\",\"name\":\"Bang 100k Triple Tank | Sour Mango Pineapple & Red Bull 100,000 Puff - vozolvapen\",\"isPartOf\":{\"@id\":\"https:\\\/\\\/vozolvapen.de\\\/#website\"},\"primaryImageOfPage\":{\"@id\":\"https:\\\/\\\/vozolvapen.de\\\/product\\\/puff-100k-bang-king-triple-100000-strawberry-kiwi-sour-mango-pineapple-red-bull\\\/#primaryimage\"},\"image\":{\"@id\":\"https:\\\/\\\/vozolvapen.de\\\/product\\\/puff-100k-bang-king-triple-100000-strawberry-kiwi-sour-mango-pineapple-red-bull\\\/#primaryimage\"},\"thumbnailUrl\":\"https:\\\/\\\/vozolvapen.de\\\/wp-content\\\/uploads\\\/2025\\\/12\\\/Puff-100k-Bang-King-Triple-100000-strawberry-kiwi-sour-mango-pineapple-red-bull.jpg.webp\",\"datePublished\":\"2025-12-23T09:31:57+00:00\",\"dateModified\":\"2025-12-29T03:06:18+00:00\",\"description\":\"The best sour vape! Bang King 100,000 puffs features Sour Mango & Energy flavors. Triple 1.0\u03a9 mesh coils, 0-5% nicotine salt. Order today for fast shipping in EU.\",\"breadcrumb\":{\"@id\":\"https:\\\/\\\/vozolvapen.de\\\/product\\\/puff-100k-bang-king-triple-100000-strawberry-kiwi-sour-mango-pineapple-red-bull\\\/#breadcrumb\"},\"inLanguage\":\"pl-PL\",\"potentialAction\":[{\"@type\":\"ReadAction\",\"target\":[\"https:\\\/\\\/vozolvapen.de\\\/product\\\/puff-100k-bang-king-triple-100000-strawberry-kiwi-sour-mango-pineapple-red-bull\\\/\"]}]},{\"@type\":\"ImageObject\",\"inLanguage\":\"pl-PL\",\"@id\":\"https:\\\/\\\/vozolvapen.de\\\/product\\\/puff-100k-bang-king-triple-100000-strawberry-kiwi-sour-mango-pineapple-red-bull\\\/#primaryimage\",\"url\":\"https:\\\/\\\/vozolvapen.de\\\/wp-content\\\/uploads\\\/2025\\\/12\\\/Puff-100k-Bang-King-Triple-100000-strawberry-kiwi-sour-mango-pineapple-red-bull.jpg.webp\",\"contentUrl\":\"https:\\\/\\\/vozolvapen.de\\\/wp-content\\\/uploads\\\/2025\\\/12\\\/Puff-100k-Bang-King-Triple-100000-strawberry-kiwi-sour-mango-pineapple-red-bull.jpg.webp\",\"width\":1200,\"height\":1200,\"caption\":\"Puff 100k Bang King Triple 100000-strawberry-kiwi-sour-mango-pineapple-red-bull.jpg\"},{\"@type\":\"BreadcrumbList\",\"@id\":\"https:\\\/\\\/vozolvapen.de\\\/product\\\/puff-100k-bang-king-triple-100000-strawberry-kiwi-sour-mango-pineapple-red-bull\\\/#breadcrumb\",\"itemListElement\":[{\"@type\":\"ListItem\",\"position\":1,\"name\":\"Home\",\"item\":\"https:\\\/\\\/vozolvapen.de\\\/de\\\/\"},{\"@type\":\"ListItem\",\"position\":2,\"name\":\"Shop\",\"item\":\"https:\\\/\\\/vozolvapen.de\\\/shop\\\/\"},{\"@type\":\"ListItem\",\"position\":3,\"name\":\"Puff 100k Bang King Triple 100000 &#8211; Strawberry Kiwi + Sour Mango Pineapple + Red Bull\"}]},{\"@type\":\"WebSite\",\"@id\":\"https:\\\/\\\/vozolvapen.de\\\/#website\",\"url\":\"https:\\\/\\\/vozolvapen.de\\\/\",\"name\":\"vozolvapen\",\"description\":\"vozolvapen\",\"publisher\":{\"@id\":\"https:\\\/\\\/vozolvapen.de\\\/#organization\"},\"potentialAction\":[{\"@type\":\"SearchAction\",\"target\":{\"@type\":\"EntryPoint\",\"urlTemplate\":\"https:\\\/\\\/vozolvapen.de\\\/?s={search_term_string}\"},\"query-input\":{\"@type\":\"PropertyValueSpecification\",\"valueRequired\":true,\"valueName\":\"search_term_string\"}}],\"inLanguage\":\"pl-PL\"},{\"@type\":\"Organization\",\"@id\":\"https:\\\/\\\/vozolvapen.de\\\/#organization\",\"name\":\"vozolvapen\",\"url\":\"https:\\\/\\\/vozolvapen.de\\\/\",\"logo\":{\"@type\":\"ImageObject\",\"inLanguage\":\"pl-PL\",\"@id\":\"https:\\\/\\\/vozolvapen.de\\\/#\\\/schema\\\/logo\\\/image\\\/\",\"url\":\"https:\\\/\\\/vozolvapen.de\\\/wp-content\\\/uploads\\\/2025\\\/12\\\/cropped-vozovapen-logo.webp\",\"contentUrl\":\"https:\\\/\\\/vozolvapen.de\\\/wp-content\\\/uploads\\\/2025\\\/12\\\/cropped-vozovapen-logo.webp\",\"width\":470,\"height\":110,\"caption\":\"vozolvapen\"},\"image\":{\"@id\":\"https:\\\/\\\/vozolvapen.de\\\/#\\\/schema\\\/logo\\\/image\\\/\"}}]}<\/script>\n<!-- \/ Yoast SEO Premium plugin. -->","yoast_head_json":{"title":"Bang 100k Triple Tank | Sour Mango Pineapple &amp; Red Bull 100,000 Puff - vozolvapen","description":"Najlepszy kwa\u015bny vape! Bang King 100,000 puffs oferuje smaki Sour Mango i Energy. Potr\u00f3jne cewki siatkowe 1,0\u03a9, s\u00f3l nikotynowa 0-5%. Zam\u00f3w ju\u017c dzi\u015b, aby uzyska\u0107 szybk\u0105 wysy\u0142k\u0119 w UE.","robots":{"index":"index","follow":"follow","max-snippet":"max-snippet:-1","max-image-preview":"max-image-preview:large","max-video-preview":"max-video-preview:-1"},"canonical":"https:\/\/vozolvapen.de\/pl\/product\/puff-100k-bang-king-triple-100000-strawberry-kiwi-sour-mango-pineapple-red-bull\/","og_locale":"pl_PL","og_type":"article","og_title":"Puff 100k Bang King Triple 100000 - Strawberry Kiwi + Sour Mango Pineapple + Red Bull","og_description":"The best sour vape! Bang King 100,000 puffs features Sour Mango & Energy flavors. Triple 1.0\u03a9 mesh coils, 0-5% nicotine salt. Order today for fast shipping in EU.","og_url":"https:\/\/vozolvapen.de\/pl\/product\/puff-100k-bang-king-triple-100000-strawberry-kiwi-sour-mango-pineapple-red-bull\/","og_site_name":"vozolvapen","article_modified_time":"2025-12-29T03:06:18+00:00","og_image":[{"width":1200,"height":1200,"url":"https:\/\/vozolvapen.de\/wp-content\/uploads\/2025\/12\/Puff-100k-Bang-King-Triple-100000-strawberry-kiwi-sour-mango-pineapple-red-bull.jpg.webp","type":"image\/webp"}],"twitter_card":"summary_large_image","twitter_misc":{"Szacowany czas czytania":"2 minuty"},"schema":{"@context":"https:\/\/schema.org","@graph":[{"@type":"WebPage","@id":"https:\/\/vozolvapen.de\/product\/puff-100k-bang-king-triple-100000-strawberry-kiwi-sour-mango-pineapple-red-bull\/","url":"https:\/\/vozolvapen.de\/product\/puff-100k-bang-king-triple-100000-strawberry-kiwi-sour-mango-pineapple-red-bull\/","name":"Bang 100k Triple Tank | Sour Mango Pineapple &amp; Red Bull 100,000 Puff - vozolvapen","isPartOf":{"@id":"https:\/\/vozolvapen.de\/#website"},"primaryImageOfPage":{"@id":"https:\/\/vozolvapen.de\/product\/puff-100k-bang-king-triple-100000-strawberry-kiwi-sour-mango-pineapple-red-bull\/#primaryimage"},"image":{"@id":"https:\/\/vozolvapen.de\/product\/puff-100k-bang-king-triple-100000-strawberry-kiwi-sour-mango-pineapple-red-bull\/#primaryimage"},"thumbnailUrl":"https:\/\/vozolvapen.de\/wp-content\/uploads\/2025\/12\/Puff-100k-Bang-King-Triple-100000-strawberry-kiwi-sour-mango-pineapple-red-bull.jpg.webp","datePublished":"2025-12-23T09:31:57+00:00","dateModified":"2025-12-29T03:06:18+00:00","description":"Najlepszy kwa\u015bny vape! Bang King 100,000 puffs oferuje smaki Sour Mango i Energy. Potr\u00f3jne cewki siatkowe 1,0\u03a9, s\u00f3l nikotynowa 0-5%. Zam\u00f3w ju\u017c dzi\u015b, aby uzyska\u0107 szybk\u0105 wysy\u0142k\u0119 w UE.","breadcrumb":{"@id":"https:\/\/vozolvapen.de\/product\/puff-100k-bang-king-triple-100000-strawberry-kiwi-sour-mango-pineapple-red-bull\/#breadcrumb"},"inLanguage":"pl-PL","potentialAction":[{"@type":"ReadAction","target":["https:\/\/vozolvapen.de\/product\/puff-100k-bang-king-triple-100000-strawberry-kiwi-sour-mango-pineapple-red-bull\/"]}]},{"@type":"ImageObject","inLanguage":"pl-PL","@id":"https:\/\/vozolvapen.de\/product\/puff-100k-bang-king-triple-100000-strawberry-kiwi-sour-mango-pineapple-red-bull\/#primaryimage","url":"https:\/\/vozolvapen.de\/wp-content\/uploads\/2025\/12\/Puff-100k-Bang-King-Triple-100000-strawberry-kiwi-sour-mango-pineapple-red-bull.jpg.webp","contentUrl":"https:\/\/vozolvapen.de\/wp-content\/uploads\/2025\/12\/Puff-100k-Bang-King-Triple-100000-strawberry-kiwi-sour-mango-pineapple-red-bull.jpg.webp","width":1200,"height":1200,"caption":"Puff 100k Bang King Triple 100000-strawberry-kiwi-sour-mango-pineapple-red-bull.jpg"},{"@type":"BreadcrumbList","@id":"https:\/\/vozolvapen.de\/product\/puff-100k-bang-king-triple-100000-strawberry-kiwi-sour-mango-pineapple-red-bull\/#breadcrumb","itemListElement":[{"@type":"ListItem","position":1,"name":"Home","item":"https:\/\/vozolvapen.de\/de\/"},{"@type":"ListItem","position":2,"name":"Shop","item":"https:\/\/vozolvapen.de\/shop\/"},{"@type":"ListItem","position":3,"name":"Puff 100k Bang King Triple 100000 &#8211; Strawberry Kiwi + Sour Mango Pineapple + Red Bull"}]},{"@type":"WebSite","@id":"https:\/\/vozolvapen.de\/#website","url":"https:\/\/vozolvapen.de\/","name":"vozolvapen","description":"vozolvapen","publisher":{"@id":"https:\/\/vozolvapen.de\/#organization"},"potentialAction":[{"@type":"SearchAction","target":{"@type":"EntryPoint","urlTemplate":"https:\/\/vozolvapen.de\/?s={search_term_string}"},"query-input":{"@type":"PropertyValueSpecification","valueRequired":true,"valueName":"search_term_string"}}],"inLanguage":"pl-PL"},{"@type":"Organization","@id":"https:\/\/vozolvapen.de\/#organization","name":"vozolvapen","url":"https:\/\/vozolvapen.de\/","logo":{"@type":"ImageObject","inLanguage":"pl-PL","@id":"https:\/\/vozolvapen.de\/#\/schema\/logo\/image\/","url":"https:\/\/vozolvapen.de\/wp-content\/uploads\/2025\/12\/cropped-vozovapen-logo.webp","contentUrl":"https:\/\/vozolvapen.de\/wp-content\/uploads\/2025\/12\/cropped-vozovapen-logo.webp","width":470,"height":110,"caption":"vozolvapen"},"image":{"@id":"https:\/\/vozolvapen.de\/#\/schema\/logo\/image\/"}}]}},"tiered_pricing_type":"fixed","tiered_pricing_fixed_rules":{"30":"12.3","50":"10.3","100":"9.3","200":"8.7"},"tiered_pricing_product_settings":{"layout":"default","base_unit_name":{"singular":null,"plural":null},"default_variation":{}},"tiered_pricing_minimum_quantity":10,"tiered_pricing_roles_data":[],"tiered_pricing_percentage_rules":[],"tiered_pricing_maximum_quantity":null,"tiered_pricing_quantity_step":"10","_links":{"self":[{"href":"http:\/\/vozolvapen.de\/pl\/wp-json\/wp\/v2\/product\/43854","targetHints":{"allow":["GET"]}}],"collection":[{"href":"http:\/\/vozolvapen.de\/pl\/wp-json\/wp\/v2\/product"}],"about":[{"href":"http:\/\/vozolvapen.de\/pl\/wp-json\/wp\/v2\/types\/product"}],"replies":[{"embeddable":true,"href":"http:\/\/vozolvapen.de\/pl\/wp-json\/wp\/v2\/comments?post=43854"}],"wp:featuredmedia":[{"embeddable":true,"href":"http:\/\/vozolvapen.de\/pl\/wp-json\/wp\/v2\/media\/44172"}],"wp:attachment":[{"href":"http:\/\/vozolvapen.de\/pl\/wp-json\/wp\/v2\/media?parent=43854"}],"wp:term":[{"taxonomy":"product_brand","embeddable":true,"href":"http:\/\/vozolvapen.de\/pl\/wp-json\/wp\/v2\/product_brand?post=43854"},{"taxonomy":"product_cat","embeddable":true,"href":"http:\/\/vozolvapen.de\/pl\/wp-json\/wp\/v2\/product_cat?post=43854"},{"taxonomy":"product_tag","embeddable":true,"href":"http:\/\/vozolvapen.de\/pl\/wp-json\/wp\/v2\/product_tag?post=43854"}],"curies":[{"name":"wp","href":"https:\/\/api.w.org\/{rel}","templated":true}]}}