{"id":44124,"date":"2025-12-23T09:32:11","date_gmt":"2025-12-23T09:32:11","guid":{"rendered":"https:\/\/vozolvapen.de\/?post_type=product&#038;p=44124"},"modified":"2025-12-29T03:05:42","modified_gmt":"2025-12-29T03:05:42","slug":"puff-100k-bang-king-triple-100000-watermelon-strawberry-ice-cream-triple-melon","status":"publish","type":"product","link":"http:\/\/vozolvapen.de\/pl\/product\/puff-100k-bang-king-triple-100000-watermelon-strawberry-ice-cream-triple-melon\/","title":{"rendered":"Puff 100k Bang King Triple 100000 - arbuz + lody truskawkowe + potr\u00f3jny melon"},"content":{"rendered":"<h1 data-path-to-node=\"47\"><b data-path-to-node=\"47\" data-index-in-node=\"0\">Bang King Triple 100,000 Puffs - arbuz, lody truskawkowe, potr\u00f3jny melon<\/b><\/h1>\n<p data-path-to-node=\"48\"><b data-path-to-node=\"48\" data-index-in-node=\"0\">Melon &amp; Cream Dream<\/b> Idealny dla mi\u0142o\u015bnik\u00f3w deser\u00f3w, ten zestaw oferuje czyste <b data-path-to-node=\"48\" data-index-in-node=\"71\">Arbuz<\/b>, bogaty <b data-path-to-node=\"48\" data-index-in-node=\"90\">Lody truskawkowe<\/b>, i obfite w cukier <b data-path-to-node=\"48\" data-index-in-node=\"132\">Potr\u00f3jny melon<\/b>.<\/p>\n<h2 data-path-to-node=\"49\"><b data-path-to-node=\"49\" data-index-in-node=\"0\">Po\u0142\u0105czenie melona i \u015bmietany: G\u0142\u0119bia smaku<\/b><\/h2>\n<ul data-path-to-node=\"50\">\n<li>\n<p data-path-to-node=\"50,0,0\"><b data-path-to-node=\"50,0,0\" data-index-in-node=\"0\">Arbuz (str\u0105k 1):<\/b> Chrupi\u0105cy, czysty i prosty melon.<\/p>\n<\/li>\n<li>\n<p data-path-to-node=\"50,1,0\"><b data-path-to-node=\"50,1,0\" data-index-in-node=\"0\">Lody truskawkowe (Pod 2):<\/b> Kremowy, mleczny smak deseru z nutami s\u0142odkiego d\u017cemu truskawkowego.<\/p>\n<\/li>\n<li>\n<p data-path-to-node=\"50,2,0\"><b data-path-to-node=\"50,2,0\" data-index-in-node=\"0\">Triple Melon (Pod 3):<\/b> G\u0119sta, syropowata mieszanka melon\u00f3w, kt\u00f3ra zapewnia maksymaln\u0105 s\u0142odycz.<\/p>\n<\/li>\n<\/ul>\n<h3 data-path-to-node=\"52\"><b data-path-to-node=\"52\" data-index-in-node=\"0\">Podstawowe parametry (modele Bang King Triple 100,000)<\/b><\/h3>\n<table data-path-to-node=\"53\">\n<thead>\n<tr>\n<td><strong>Parametry smaku<\/strong><\/td>\n<td><strong>Szczeg\u00f3\u0142y<\/strong><\/td>\n<\/tr>\n<\/thead>\n<tbody>\n<tr>\n<td><span data-path-to-node=\"53,1,0,0\"><b data-path-to-node=\"53,1,0,0\" data-index-in-node=\"0\">Typ urz\u0105dzenia<\/b><\/span><\/td>\n<td><span data-path-to-node=\"53,1,1,0\">Prze\u0142\u0105czanie smak\u00f3w 3 w 1 (3 niezale\u017cne zbiorniki)<\/span><\/td>\n<\/tr>\n<tr>\n<td><span data-path-to-node=\"53,2,0,0\"><b data-path-to-node=\"53,2,0,0\" data-index-in-node=\"0\">Puff Count<\/b><\/span><\/td>\n<td><span data-path-to-node=\"53,2,1,0\">Do 100 000 zaci\u0105gni\u0119\u0107 (<b data-path-to-node=\"53,2,1,0\" data-index-in-node=\"21\">Puff 100k<\/b>)<\/span><\/td>\n<\/tr>\n<tr>\n<td><span data-path-to-node=\"53,3,0,0\"><b data-path-to-node=\"53,3,0,0\" data-index-in-node=\"0\">Pojemno\u015b\u0107 E-Liquid<\/b><\/span><\/td>\n<td><span data-path-to-node=\"53,3,1,0\"><b data-path-to-node=\"53,3,1,0\" data-index-in-node=\"0\">54 ml<\/b> \u0141\u0105cznie (3 zbiorniki 18 ml)<\/span><\/td>\n<\/tr>\n<tr>\n<td><span data-path-to-node=\"53,4,0,0\"><b data-path-to-node=\"53,4,0,0\" data-index-in-node=\"0\">Mocne strony nikotyny<\/b><\/span><\/td>\n<td><span data-path-to-node=\"53,4,1,0\">0% \/ 2% \/ 3% \/ 5% Poziom nikotyny<\/span><\/td>\n<\/tr>\n<tr>\n<td><span data-path-to-node=\"53,5,0,0\"><b data-path-to-node=\"53,5,0,0\" data-index-in-node=\"0\">System cewek<\/b><\/span><\/td>\n<td><span data-path-to-node=\"53,5,1,0\">Potr\u00f3jne cewki siatkowe 1,0\u03a9 dla czystego smaku<\/span><\/td>\n<\/tr>\n<tr>\n<td><span data-path-to-node=\"53,6,0,0\"><b data-path-to-node=\"53,6,0,0\" data-index-in-node=\"0\">Bateria<\/b><\/span><\/td>\n<td><span data-path-to-node=\"53,6,1,0\">650 mAh (akumulator typu C)<\/span><\/td>\n<\/tr>\n<tr>\n<td><span data-path-to-node=\"53,7,0,0\"><b data-path-to-node=\"53,7,0,0\" data-index-in-node=\"0\">Wysy\u0142ka<\/b><\/span><\/td>\n<td><span data-path-to-node=\"53,7,1,0\">Magazyn europejski (<b data-path-to-node=\"53,7,1,0\" data-index-in-node=\"20\">Dostawa w ci\u0105gu 1-3 dni<\/b>)<\/span><\/td>\n<\/tr>\n<\/tbody>\n<\/table>\n<h2><strong>Puff 100k Bang King Triple 100000 <\/strong><strong>Wideo\uff1a<\/strong><\/h2>\n<p><iframe title=\"Odtwarzacz wideo YouTube\" src=\"https:\/\/www.youtube.com\/embed\/3FVtsWAe25Q?si=vTUB3TMPbJSjOee9\" width=\"560\" height=\"315\" frameborder=\"0\" allowfullscreen=\"allowfullscreen\"><\/iframe><\/p>\n<h3>Dla kogo przeznaczony jest ten smak?<\/h3>\n<ul>\n<li>\n<p data-path-to-node=\"22,0,0\"><b data-path-to-node=\"22,0,0\" data-index-in-node=\"0\">The Sweet Tooth:<\/b> Jest to najlepszy wyb\u00f3r \u201cCandy &amp; Cream\u201d. Je\u015bli uwielbiasz waporyzacj\u0119 w stylu deserowym (Ice Cream), ale nadal chcesz orze\u017awiaj\u0105cej bazy owocowej, nie szukaj dalej.<\/p>\n<\/li>\n<li>\n<p data-path-to-node=\"22,1,0\"><b data-path-to-node=\"22,1,0\" data-index-in-node=\"0\">Melonowa obsesja:<\/b> Dzi\u0119ki dw\u00f3m r\u00f3\u017cnym str\u0105kom melona jest to ostateczny wyb\u00f3r dla fan\u00f3w profilu spadzi\/ arbuza\/kantalupy.<\/p>\n<\/li>\n<\/ul>\n<h3 dir=\"auto\">Oto dalsze zalecenia dla Ciebie:<\/h3>\n<p dir=\"auto\">Odkryj jeszcze wi\u0119cej niesamowitych smak\u00f3w dzi\u0119ki Puff 100k Bang King Triple 100000 Vape!<\/p>\n<p dir=\"auto\"><a href=\"https:\/\/vozolvapen.de\/pl\/product-category\/bang-vape\/puff-80k-bang-leader-80000-puffs-vape\/\" target=\"_blank\" rel=\"noopener noreferrer nofollow\">Zobacz wszystkie odmiany tutaj \u2192<\/a><\/p>\n<p dir=\"auto\">Zapoznaj si\u0119 z nasz\u0105 pe\u0142n\u0105 kolekcj\u0105 i kupuj produkty najlepszych marek vape, kt\u00f3re pokochasz.<\/p>\n<p dir=\"auto\"><a href=\"https:\/\/vozolvapen.de\/pl\/\" target=\"_blank\" rel=\"noopener noreferrer nofollow\">Przegl\u0105daj teraz wszystkie marki \u2192<\/a><\/p>\n<p dir=\"auto\">Sprawd\u017a ca\u0142\u0105 seri\u0119 Bang Vape - ka\u017cdy smak, ka\u017cdy styl!<\/p>\n<p dir=\"auto\"><a href=\"https:\/\/vozolvapen.de\/pl\/product-category\/bang-vape\/\" target=\"_blank\" rel=\"noopener noreferrer nofollow\">Zobacz pe\u0142n\u0105 kolekcj\u0119 Bang Vape \u2192<\/a><\/p>","protected":false},"excerpt":{"rendered":"<p><b data-path-to-node=\"21\" data-index-in-node=\"0\">Deser &amp; Melon Dream.<\/b> Najlepszy przysmak dla mi\u0142o\u015bnik\u00f3w s\u0142odyczy. To <b data-path-to-node=\"21\" data-index-in-node=\"69\">Bang King Triple<\/b> \u0142\u0105czy orze\u017awiaj\u0105c\u0105 natur\u0119 arbuza i potr\u00f3jnego melona z dekadenckimi, mlecznymi chmurami lod\u00f3w truskawkowych. To bujna, inspirowana deserami podr\u00f3\u017c, kt\u00f3ra zamienia Twoje <b data-path-to-node=\"21\" data-index-in-node=\"259\">Do\u015bwiadczenie 100 000 dmuchni\u0119\u0107<\/b> w ci\u0105g\u0142\u0105 przek\u0105sk\u0119 dla smakoszy.<\/p>","protected":false},"featured_media":44178,"comment_status":"open","ping_status":"closed","template":"","meta":{"_acf_changed":false},"product_brand":[],"product_cat":[95],"product_tag":[],"class_list":{"0":"post-44124","1":"product","2":"type-product","3":"status-publish","4":"has-post-thumbnail","6":"product_cat-puff-100k-bang-king-triple-100000","8":"first","9":"instock","10":"shipping-taxable","11":"purchasable","12":"product-type-variable"},"acf":[],"yoast_head":"<!-- This site is optimized with the Yoast SEO Premium plugin v26.1 (Yoast SEO v27.5) - https:\/\/yoast.com\/product\/yoast-seo-premium-wordpress\/ -->\n<title>100,000 Puffs Bang King Triple | Strawberry Ice Cream &amp; Melon 100k - vozolvapen<\/title>\n<meta name=\"description\" content=\"Craving dessert? Bang King 100,000 features creamy Strawberry Ice Cream &amp; sweet Melons. 54mL beast capacity, rechargeable. Local EU warehouse for safe delivery.\" \/>\n<meta name=\"robots\" content=\"index, follow, max-snippet:-1, max-image-preview:large, max-video-preview:-1\" \/>\n<link rel=\"canonical\" href=\"https:\/\/vozolvapen.de\/pl\/product\/puff-100k-bang-king-triple-100000-watermelon-strawberry-ice-cream-triple-melon\/\" \/>\n<meta property=\"og:locale\" content=\"pl_PL\" \/>\n<meta property=\"og:type\" content=\"article\" \/>\n<meta property=\"og:title\" content=\"Puff 100k Bang King Triple 100000 - Watermelon + Strawberry Ice Cream + Triple Melon\" \/>\n<meta property=\"og:description\" content=\"Craving dessert? Bang King 100,000 features creamy Strawberry Ice Cream &amp; sweet Melons. 54mL beast capacity, rechargeable. Local EU warehouse for safe delivery.\" \/>\n<meta property=\"og:url\" content=\"https:\/\/vozolvapen.de\/pl\/product\/puff-100k-bang-king-triple-100000-watermelon-strawberry-ice-cream-triple-melon\/\" \/>\n<meta property=\"og:site_name\" content=\"vozolvapen\" \/>\n<meta property=\"article:modified_time\" content=\"2025-12-29T03:05:42+00:00\" \/>\n<meta property=\"og:image\" content=\"https:\/\/vozolvapen.de\/wp-content\/uploads\/2025\/12\/Puff-100k-Bang-King-Triple-100000-watermelon-strawberry-ice-cream-triple-melon.jpg.webp\" \/>\n\t<meta property=\"og:image:width\" content=\"1000\" \/>\n\t<meta property=\"og:image:height\" content=\"1000\" \/>\n\t<meta property=\"og:image:type\" content=\"image\/webp\" \/>\n<meta name=\"twitter:card\" content=\"summary_large_image\" \/>\n<meta name=\"twitter:label1\" content=\"Szacowany czas czytania\" \/>\n\t<meta name=\"twitter:data1\" content=\"2 minuty\" \/>\n<script type=\"application\/ld+json\" class=\"yoast-schema-graph\">{\"@context\":\"https:\\\/\\\/schema.org\",\"@graph\":[{\"@type\":\"WebPage\",\"@id\":\"https:\\\/\\\/vozolvapen.de\\\/product\\\/puff-100k-bang-king-triple-100000-watermelon-strawberry-ice-cream-triple-melon\\\/\",\"url\":\"https:\\\/\\\/vozolvapen.de\\\/product\\\/puff-100k-bang-king-triple-100000-watermelon-strawberry-ice-cream-triple-melon\\\/\",\"name\":\"100,000 Puffs Bang King Triple | Strawberry Ice Cream & Melon 100k - vozolvapen\",\"isPartOf\":{\"@id\":\"https:\\\/\\\/vozolvapen.de\\\/#website\"},\"primaryImageOfPage\":{\"@id\":\"https:\\\/\\\/vozolvapen.de\\\/product\\\/puff-100k-bang-king-triple-100000-watermelon-strawberry-ice-cream-triple-melon\\\/#primaryimage\"},\"image\":{\"@id\":\"https:\\\/\\\/vozolvapen.de\\\/product\\\/puff-100k-bang-king-triple-100000-watermelon-strawberry-ice-cream-triple-melon\\\/#primaryimage\"},\"thumbnailUrl\":\"https:\\\/\\\/vozolvapen.de\\\/wp-content\\\/uploads\\\/2025\\\/12\\\/Puff-100k-Bang-King-Triple-100000-watermelon-strawberry-ice-cream-triple-melon.jpg.webp\",\"datePublished\":\"2025-12-23T09:32:11+00:00\",\"dateModified\":\"2025-12-29T03:05:42+00:00\",\"description\":\"Craving dessert? Bang King 100,000 features creamy Strawberry Ice Cream & sweet Melons. 54mL beast capacity, rechargeable. Local EU warehouse for safe delivery.\",\"breadcrumb\":{\"@id\":\"https:\\\/\\\/vozolvapen.de\\\/product\\\/puff-100k-bang-king-triple-100000-watermelon-strawberry-ice-cream-triple-melon\\\/#breadcrumb\"},\"inLanguage\":\"pl-PL\",\"potentialAction\":[{\"@type\":\"ReadAction\",\"target\":[\"https:\\\/\\\/vozolvapen.de\\\/product\\\/puff-100k-bang-king-triple-100000-watermelon-strawberry-ice-cream-triple-melon\\\/\"]}]},{\"@type\":\"ImageObject\",\"inLanguage\":\"pl-PL\",\"@id\":\"https:\\\/\\\/vozolvapen.de\\\/product\\\/puff-100k-bang-king-triple-100000-watermelon-strawberry-ice-cream-triple-melon\\\/#primaryimage\",\"url\":\"https:\\\/\\\/vozolvapen.de\\\/wp-content\\\/uploads\\\/2025\\\/12\\\/Puff-100k-Bang-King-Triple-100000-watermelon-strawberry-ice-cream-triple-melon.jpg.webp\",\"contentUrl\":\"https:\\\/\\\/vozolvapen.de\\\/wp-content\\\/uploads\\\/2025\\\/12\\\/Puff-100k-Bang-King-Triple-100000-watermelon-strawberry-ice-cream-triple-melon.jpg.webp\",\"width\":1000,\"height\":1000,\"caption\":\"Puff 100k Bang King Triple 100000-watermelon-strawberry-ice-cream-triple-melon.jpg\"},{\"@type\":\"BreadcrumbList\",\"@id\":\"https:\\\/\\\/vozolvapen.de\\\/product\\\/puff-100k-bang-king-triple-100000-watermelon-strawberry-ice-cream-triple-melon\\\/#breadcrumb\",\"itemListElement\":[{\"@type\":\"ListItem\",\"position\":1,\"name\":\"Home\",\"item\":\"https:\\\/\\\/vozolvapen.de\\\/de\\\/\"},{\"@type\":\"ListItem\",\"position\":2,\"name\":\"Shop\",\"item\":\"https:\\\/\\\/vozolvapen.de\\\/shop\\\/\"},{\"@type\":\"ListItem\",\"position\":3,\"name\":\"Puff 100k Bang King Triple 100000 &#8211; Watermelon + Strawberry Ice Cream + Triple Melon\"}]},{\"@type\":\"WebSite\",\"@id\":\"https:\\\/\\\/vozolvapen.de\\\/#website\",\"url\":\"https:\\\/\\\/vozolvapen.de\\\/\",\"name\":\"vozolvapen\",\"description\":\"vozolvapen\",\"publisher\":{\"@id\":\"https:\\\/\\\/vozolvapen.de\\\/#organization\"},\"potentialAction\":[{\"@type\":\"SearchAction\",\"target\":{\"@type\":\"EntryPoint\",\"urlTemplate\":\"https:\\\/\\\/vozolvapen.de\\\/?s={search_term_string}\"},\"query-input\":{\"@type\":\"PropertyValueSpecification\",\"valueRequired\":true,\"valueName\":\"search_term_string\"}}],\"inLanguage\":\"pl-PL\"},{\"@type\":\"Organization\",\"@id\":\"https:\\\/\\\/vozolvapen.de\\\/#organization\",\"name\":\"vozolvapen\",\"url\":\"https:\\\/\\\/vozolvapen.de\\\/\",\"logo\":{\"@type\":\"ImageObject\",\"inLanguage\":\"pl-PL\",\"@id\":\"https:\\\/\\\/vozolvapen.de\\\/#\\\/schema\\\/logo\\\/image\\\/\",\"url\":\"https:\\\/\\\/vozolvapen.de\\\/wp-content\\\/uploads\\\/2025\\\/12\\\/cropped-vozovapen-logo.webp\",\"contentUrl\":\"https:\\\/\\\/vozolvapen.de\\\/wp-content\\\/uploads\\\/2025\\\/12\\\/cropped-vozovapen-logo.webp\",\"width\":470,\"height\":110,\"caption\":\"vozolvapen\"},\"image\":{\"@id\":\"https:\\\/\\\/vozolvapen.de\\\/#\\\/schema\\\/logo\\\/image\\\/\"}}]}<\/script>\n<!-- \/ Yoast SEO Premium plugin. -->","yoast_head_json":{"title":"100,000 Puffs Bang King Triple | Strawberry Ice Cream &amp; Melon 100k - vozolvapen","description":"Masz ochot\u0119 na deser? Bang King 100,000 oferuje kremowe lody truskawkowe i s\u0142odkie melony. Pojemno\u015b\u0107 54 ml, mo\u017cliwo\u015b\u0107 \u0142adowania. Lokalny magazyn w UE zapewnia bezpieczn\u0105 dostaw\u0119.","robots":{"index":"index","follow":"follow","max-snippet":"max-snippet:-1","max-image-preview":"max-image-preview:large","max-video-preview":"max-video-preview:-1"},"canonical":"https:\/\/vozolvapen.de\/pl\/product\/puff-100k-bang-king-triple-100000-watermelon-strawberry-ice-cream-triple-melon\/","og_locale":"pl_PL","og_type":"article","og_title":"Puff 100k Bang King Triple 100000 - Watermelon + Strawberry Ice Cream + Triple Melon","og_description":"Craving dessert? Bang King 100,000 features creamy Strawberry Ice Cream & sweet Melons. 54mL beast capacity, rechargeable. Local EU warehouse for safe delivery.","og_url":"https:\/\/vozolvapen.de\/pl\/product\/puff-100k-bang-king-triple-100000-watermelon-strawberry-ice-cream-triple-melon\/","og_site_name":"vozolvapen","article_modified_time":"2025-12-29T03:05:42+00:00","og_image":[{"width":1000,"height":1000,"url":"https:\/\/vozolvapen.de\/wp-content\/uploads\/2025\/12\/Puff-100k-Bang-King-Triple-100000-watermelon-strawberry-ice-cream-triple-melon.jpg.webp","type":"image\/webp"}],"twitter_card":"summary_large_image","twitter_misc":{"Szacowany czas czytania":"2 minuty"},"schema":{"@context":"https:\/\/schema.org","@graph":[{"@type":"WebPage","@id":"https:\/\/vozolvapen.de\/product\/puff-100k-bang-king-triple-100000-watermelon-strawberry-ice-cream-triple-melon\/","url":"https:\/\/vozolvapen.de\/product\/puff-100k-bang-king-triple-100000-watermelon-strawberry-ice-cream-triple-melon\/","name":"100,000 Puffs Bang King Triple | Strawberry Ice Cream &amp; Melon 100k - vozolvapen","isPartOf":{"@id":"https:\/\/vozolvapen.de\/#website"},"primaryImageOfPage":{"@id":"https:\/\/vozolvapen.de\/product\/puff-100k-bang-king-triple-100000-watermelon-strawberry-ice-cream-triple-melon\/#primaryimage"},"image":{"@id":"https:\/\/vozolvapen.de\/product\/puff-100k-bang-king-triple-100000-watermelon-strawberry-ice-cream-triple-melon\/#primaryimage"},"thumbnailUrl":"https:\/\/vozolvapen.de\/wp-content\/uploads\/2025\/12\/Puff-100k-Bang-King-Triple-100000-watermelon-strawberry-ice-cream-triple-melon.jpg.webp","datePublished":"2025-12-23T09:32:11+00:00","dateModified":"2025-12-29T03:05:42+00:00","description":"Masz ochot\u0119 na deser? Bang King 100,000 oferuje kremowe lody truskawkowe i s\u0142odkie melony. Pojemno\u015b\u0107 54 ml, mo\u017cliwo\u015b\u0107 \u0142adowania. Lokalny magazyn w UE zapewnia bezpieczn\u0105 dostaw\u0119.","breadcrumb":{"@id":"https:\/\/vozolvapen.de\/product\/puff-100k-bang-king-triple-100000-watermelon-strawberry-ice-cream-triple-melon\/#breadcrumb"},"inLanguage":"pl-PL","potentialAction":[{"@type":"ReadAction","target":["https:\/\/vozolvapen.de\/product\/puff-100k-bang-king-triple-100000-watermelon-strawberry-ice-cream-triple-melon\/"]}]},{"@type":"ImageObject","inLanguage":"pl-PL","@id":"https:\/\/vozolvapen.de\/product\/puff-100k-bang-king-triple-100000-watermelon-strawberry-ice-cream-triple-melon\/#primaryimage","url":"https:\/\/vozolvapen.de\/wp-content\/uploads\/2025\/12\/Puff-100k-Bang-King-Triple-100000-watermelon-strawberry-ice-cream-triple-melon.jpg.webp","contentUrl":"https:\/\/vozolvapen.de\/wp-content\/uploads\/2025\/12\/Puff-100k-Bang-King-Triple-100000-watermelon-strawberry-ice-cream-triple-melon.jpg.webp","width":1000,"height":1000,"caption":"Puff 100k Bang King Triple 100000-watermelon-strawberry-ice-cream-triple-melon.jpg"},{"@type":"BreadcrumbList","@id":"https:\/\/vozolvapen.de\/product\/puff-100k-bang-king-triple-100000-watermelon-strawberry-ice-cream-triple-melon\/#breadcrumb","itemListElement":[{"@type":"ListItem","position":1,"name":"Home","item":"https:\/\/vozolvapen.de\/de\/"},{"@type":"ListItem","position":2,"name":"Shop","item":"https:\/\/vozolvapen.de\/shop\/"},{"@type":"ListItem","position":3,"name":"Puff 100k Bang King Triple 100000 &#8211; Watermelon + Strawberry Ice Cream + Triple Melon"}]},{"@type":"WebSite","@id":"https:\/\/vozolvapen.de\/#website","url":"https:\/\/vozolvapen.de\/","name":"vozolvapen","description":"vozolvapen","publisher":{"@id":"https:\/\/vozolvapen.de\/#organization"},"potentialAction":[{"@type":"SearchAction","target":{"@type":"EntryPoint","urlTemplate":"https:\/\/vozolvapen.de\/?s={search_term_string}"},"query-input":{"@type":"PropertyValueSpecification","valueRequired":true,"valueName":"search_term_string"}}],"inLanguage":"pl-PL"},{"@type":"Organization","@id":"https:\/\/vozolvapen.de\/#organization","name":"vozolvapen","url":"https:\/\/vozolvapen.de\/","logo":{"@type":"ImageObject","inLanguage":"pl-PL","@id":"https:\/\/vozolvapen.de\/#\/schema\/logo\/image\/","url":"https:\/\/vozolvapen.de\/wp-content\/uploads\/2025\/12\/cropped-vozovapen-logo.webp","contentUrl":"https:\/\/vozolvapen.de\/wp-content\/uploads\/2025\/12\/cropped-vozovapen-logo.webp","width":470,"height":110,"caption":"vozolvapen"},"image":{"@id":"https:\/\/vozolvapen.de\/#\/schema\/logo\/image\/"}}]}},"tiered_pricing_type":"fixed","tiered_pricing_fixed_rules":{"30":"12.3","50":"10.3","100":"9.3","200":"8.7"},"tiered_pricing_product_settings":{"layout":"default","base_unit_name":{"singular":null,"plural":null},"default_variation":{}},"tiered_pricing_minimum_quantity":10,"tiered_pricing_roles_data":[],"tiered_pricing_percentage_rules":[],"tiered_pricing_maximum_quantity":null,"tiered_pricing_quantity_step":"10","_links":{"self":[{"href":"http:\/\/vozolvapen.de\/pl\/wp-json\/wp\/v2\/product\/44124","targetHints":{"allow":["GET"]}}],"collection":[{"href":"http:\/\/vozolvapen.de\/pl\/wp-json\/wp\/v2\/product"}],"about":[{"href":"http:\/\/vozolvapen.de\/pl\/wp-json\/wp\/v2\/types\/product"}],"replies":[{"embeddable":true,"href":"http:\/\/vozolvapen.de\/pl\/wp-json\/wp\/v2\/comments?post=44124"}],"wp:featuredmedia":[{"embeddable":true,"href":"http:\/\/vozolvapen.de\/pl\/wp-json\/wp\/v2\/media\/44178"}],"wp:attachment":[{"href":"http:\/\/vozolvapen.de\/pl\/wp-json\/wp\/v2\/media?parent=44124"}],"wp:term":[{"taxonomy":"product_brand","embeddable":true,"href":"http:\/\/vozolvapen.de\/pl\/wp-json\/wp\/v2\/product_brand?post=44124"},{"taxonomy":"product_cat","embeddable":true,"href":"http:\/\/vozolvapen.de\/pl\/wp-json\/wp\/v2\/product_cat?post=44124"},{"taxonomy":"product_tag","embeddable":true,"href":"http:\/\/vozolvapen.de\/pl\/wp-json\/wp\/v2\/product_tag?post=44124"}],"curies":[{"name":"wp","href":"https:\/\/api.w.org\/{rel}","templated":true}]}}